{"id":10000,"date":"2025-11-30T18:49:14","date_gmt":"2025-11-30T18:49:14","guid":{"rendered":"http:\/\/apartments-jahorina.com\/gdje-na-jahorinu\/"},"modified":"2025-12-10T01:40:40","modified_gmt":"2025-12-10T01:40:40","slug":"kde-na-jahorine","status":"publish","type":"page","link":"https:\/\/apartments-jahorina.com\/cs\/kde-na-jahorine\/","title":{"rendered":"Kde na Jahorin\u011b"},"content":{"rendered":"\t\t<div data-elementor-type=\"wp-page\" data-elementor-id=\"10000\" class=\"elementor elementor-10000 elementor-9905\">\n\t\t\t\t<div class=\"elementor-element elementor-element-12b6bd6 e-flex e-con-boxed e-con e-parent\" data-id=\"12b6bd6\" data-element_type=\"container\">\n\t\t\t\t\t<div class=\"e-con-inner\">\n\t\t<div class=\"elementor-element elementor-element-7b8b529 e-con-full e-flex e-con e-child\" data-id=\"7b8b529\" data-element_type=\"container\">\n\t\t<div class=\"elementor-element elementor-element-52f5450 e-con-full e-flex e-con e-child\" data-id=\"52f5450\" data-element_type=\"container\">\n\t\t\t\t<div class=\"elementor-element elementor-element-ef7ac5e elementor-absolute elementor-hidden-mobile elementor-view-default elementor-invisible elementor-widget elementor-widget-icon\" data-id=\"ef7ac5e\" data-element_type=\"widget\" data-settings=\"{&quot;_position&quot;:&quot;absolute&quot;,&quot;motion_fx_motion_fx_scrolling&quot;:&quot;yes&quot;,&quot;motion_fx_translateX_effect&quot;:&quot;yes&quot;,&quot;motion_fx_translateX_speed&quot;:{&quot;unit&quot;:&quot;px&quot;,&quot;size&quot;:1.5,&quot;sizes&quot;:[]},&quot;_animation&quot;:&quot;opal-move-right&quot;,&quot;motion_fx_translateX_affectedRange&quot;:{&quot;unit&quot;:&quot;%&quot;,&quot;size&quot;:&quot;&quot;,&quot;sizes&quot;:{&quot;start&quot;:0,&quot;end&quot;:100}},&quot;motion_fx_devices&quot;:[&quot;desktop&quot;,&quot;laptop&quot;,&quot;tablet_extra&quot;,&quot;tablet&quot;,&quot;mobile_extra&quot;,&quot;mobile&quot;]}\" data-widget_type=\"icon.default\">\n\t\t\t\t\t\t\t<div class=\"elementor-icon-wrapper\">\n\t\t\t<div class=\"elementor-icon\">\n\t\t\t\t\t\t<\/div>\n\t\t<\/div>\n\t\t\t\t\t\t<\/div>\n\t\t\t\t<div class=\"elementor-element elementor-element-7a3b481 elementor-widget__width-auto elementor-absolute elementor-hidden-mobile elementor-view-default elementor-invisible elementor-widget elementor-widget-icon\" data-id=\"7a3b481\" data-element_type=\"widget\" data-settings=\"{&quot;_position&quot;:&quot;absolute&quot;,&quot;motion_fx_motion_fx_scrolling&quot;:&quot;yes&quot;,&quot;motion_fx_translateY_effect&quot;:&quot;yes&quot;,&quot;motion_fx_translateY_direction&quot;:&quot;negative&quot;,&quot;motion_fx_translateY_speed&quot;:{&quot;unit&quot;:&quot;px&quot;,&quot;size&quot;:1.2,&quot;sizes&quot;:[]},&quot;_animation&quot;:&quot;opal-move-down&quot;,&quot;motion_fx_translateY_affectedRange&quot;:{&quot;unit&quot;:&quot;%&quot;,&quot;size&quot;:&quot;&quot;,&quot;sizes&quot;:{&quot;start&quot;:0,&quot;end&quot;:100}},&quot;motion_fx_devices&quot;:[&quot;desktop&quot;,&quot;laptop&quot;,&quot;tablet_extra&quot;,&quot;tablet&quot;,&quot;mobile_extra&quot;,&quot;mobile&quot;]}\" data-widget_type=\"icon.default\">\n\t\t\t\t\t\t\t<div class=\"elementor-icon-wrapper\">\n\t\t\t<div class=\"elementor-icon\">\n\t\t\t\t\t\t<\/div>\n\t\t<\/div>\n\t\t\t\t\t\t<\/div>\n\t\t\t\t<\/div>\n\t\t<div class=\"elementor-element elementor-element-4e0b3cc e-con-full e-flex e-con e-child\" data-id=\"4e0b3cc\" data-element_type=\"container\">\n\t\t\t\t<div class=\"elementor-element elementor-element-6bc46d3 elementor-widget__width-initial elementor-invisible elementor-widget elementor-widget-heading\" data-id=\"6bc46d3\" data-element_type=\"widget\" data-settings=\"{&quot;_animation&quot;:&quot;opal-move-left&quot;}\" data-widget_type=\"heading.default\">\n\t\t\t\t\t<h2 data-cursor=\"-opaque\" class=\"elementor-heading-title elementor-size-default\">Kam se vydat na Jahorinu\u2013  <span class=\"c-primary\">Nejlep\u0161\u00ed atrakce a aktivity<\/span><\/h2>\t\t\t\t<\/div>\n\t\t\t\t<div class=\"elementor-element elementor-element-4aa09f6 elementor-widget__width-initial elementor-invisible elementor-widget elementor-widget-text-editor\" data-id=\"4aa09f6\" data-element_type=\"widget\" data-settings=\"{&quot;_animation&quot;:&quot;opal-move-left&quot;}\" data-widget_type=\"text-editor.default\">\n\t\t\t\t\t\t\t\t\t<h3><span dir=\"auto\">1.\u00a0\u00a0<\/span><strong><span dir=\"auto\">Ly\u017ea\u0159sk\u00e9 st\u0159edisko Jahorina<\/span><\/strong><\/h3><p><span dir=\"auto\">Jahorina je jedno z nejzn\u00e1m\u011bj\u0161\u00edch ly\u017ea\u0159sk\u00fdch st\u0159edisek na Balk\u00e1n\u011b se sjezdovkami pro v\u0161echny \u00farovn\u011b ly\u017ea\u0159\u016f. Ly\u017ea\u0159sk\u00e9 st\u0159edisko m\u00e1 v\u00edce ne\u017e\u00a0\u00a0<\/span><strong><span dir=\"auto\">20 km upravovan\u00fdch sjezdovek<\/span><\/strong><span dir=\"auto\">\u00a0, kter\u00e9 jsou vybaveny modern\u00edmi lanovkami a vleky. Krom\u011b ly\u017eov\u00e1n\u00ed je k dispozici i ve\u010dern\u00ed ly\u017eov\u00e1n\u00ed, co\u017e je pro milovn\u00edky zimn\u00edch sport\u016f zvl\u00e1\u0161tn\u00ed z\u00e1\u017eitek.<\/span><\/p><h3><span dir=\"auto\">2.\u00a0\u00a0<\/span><strong><span dir=\"auto\">Horolezeck\u00e9 a cyklistick\u00e9 stezky<\/span><\/strong><\/h3><p><span dir=\"auto\">V l\u00e9t\u011b se Jahorina prom\u011bn\u00ed v r\u00e1j pro milovn\u00edky turistiky a cyklistiky. Horsk\u00e9 stezky vedou malebnou krajinou s n\u00e1dhern\u00fdmi v\u00fdhledy na okoln\u00ed hory a \u00fadol\u00ed. Mezi obl\u00edben\u00e9 trasy pat\u0159\u00ed\u00a0\u00a0<\/span><strong><span dir=\"auto\">stezka Poljice<\/span><\/strong><span dir=\"auto\">\u00a0\u00a0a\u00a0\u00a0<\/span><strong><span dir=\"auto\">stezka Ogorjelica<\/span><\/strong><span dir=\"auto\">\u00a0, kter\u00e9 nab\u00edzej\u00ed mo\u017enosti pro rekrea\u010dn\u00ed turistiku nebo n\u00e1ro\u010dn\u011bj\u0161\u00ed cyklistick\u00e9 v\u00fdlety.<\/span><\/p><h3><span dir=\"auto\">3.\u00a0\u00a0<\/span><strong><span dir=\"auto\">Dobrodru\u017en\u00fd park Ogorjelica<\/span><\/strong><\/h3><p><span dir=\"auto\">Tento dobrodru\u017en\u00fd park nab\u00edz\u00ed aktivity jako\u00a0\u00a0<\/span><strong><span dir=\"auto\">zipline<\/span><\/strong><span dir=\"auto\">\u00a0,\u00a0\u00a0<\/span><strong><span dir=\"auto\">lezen\u00ed<\/span><\/strong><span dir=\"auto\">\u00a0\u00a0a dal\u0161\u00ed adrenalinov\u00e9 v\u00fdzvy. Je vhodn\u00fd pro rodiny s d\u011btmi, skupiny p\u0159\u00e1tel nebo pro kohokoli, kdo chce za\u017e\u00edt trochu akce uprost\u0159ed p\u0159\u00edrody.<\/span><\/p><h3><span dir=\"auto\">4.\u00a0\u00a0<\/span><strong><span dir=\"auto\">Etno-vesnice \u201eLjubogo\u0161ta\u201c<\/span><\/strong><\/h3><p><span dir=\"auto\">Nedaleko Jahoriny se nach\u00e1z\u00ed\u00a0\u00a0<\/span><strong><span dir=\"auto\">etnovesnice &#8222;Ljubogo\u0161ta&#8220;<\/span><\/strong><span dir=\"auto\">\u00a0, autentick\u00e1 bosensk\u00e1 vesnice, kter\u00e1 p\u0159edstavuje tradi\u010dn\u00ed architekturu, \u0159emesla a \u017eivotn\u00ed styl. Toto m\u00edsto nab\u00edz\u00ed pohled na kulturn\u00ed d\u011bdictv\u00ed regionu a mo\u017enost vychutnat si m\u00edstn\u00ed speciality v restauraci s m\u00edstn\u00edmi pokrmy.<\/span><\/p><h3><span dir=\"auto\">5.\u00a0\u00a0<\/span><strong><span dir=\"auto\">Wellness a l\u00e1ze\u0148sk\u00e1 centra<\/span><\/strong><\/h3><p><span dir=\"auto\">Pro ty, kte\u0159\u00ed si cht\u011bj\u00ed odpo\u010dinout a relaxovat, Jahorina nab\u00edz\u00ed \u0159adu wellness a l\u00e1ze\u0148sk\u00fdch center. Mnoho hotel\u016f a\u00a0\u00a0<\/span><a href=\"https:\/\/translate.google.com\/website?sl=hr&amp;tl=cs&amp;hl=en&amp;client=webapp&amp;u=https:\/\/apartments-jahorina.com\/apartmani-jahorina\/\" target=\"_blank\" rel=\"noopener\"><span dir=\"auto\">apartm\u00e1nov\u00fdch<\/span><\/a><span dir=\"auto\">\u00a0\u00a0komplex\u016f nab\u00edz\u00ed slu\u017eby, jako jsou sauny, mas\u00e1\u017ee, hork\u00e9 baz\u00e9ny a parn\u00ed l\u00e1zn\u011b, ide\u00e1ln\u00ed pro relaxaci po dni str\u00e1ven\u00e9m na svahu nebo v p\u0159\u00edrod\u011b.<\/span><\/p><h3><span dir=\"auto\">6.\u00a0\u00a0<\/span><strong><span dir=\"auto\">Sarajevo \u2013 jednodenn\u00ed v\u00fdlet<\/span><\/strong><\/h3><p><span dir=\"auto\">Jahorina se nach\u00e1z\u00ed pouh\u00fdch\u00a0\u00a0<\/span><strong><span dir=\"auto\">30 km od Sarajeva<\/span><\/strong><span dir=\"auto\">\u00a0, hlavn\u00edho m\u011bsta Bosny a Hercegoviny, co\u017e z n\u00ed \u010din\u00ed ide\u00e1ln\u00ed z\u00e1kladnu pro jednodenn\u00ed v\u00fdlety. Sarajevo nab\u00edz\u00ed bohat\u00e9 kulturn\u00ed d\u011bdictv\u00ed, v\u010detn\u011b Ba\u0161\u010dar\u0161ije, historick\u00fdch muze\u00ed a \u010detn\u00fdch restaurac\u00ed s tradi\u010dn\u00edmi bosensk\u00fdmi specialitami.<\/span><\/p><hr \/><h3><span dir=\"auto\">Z\u00e1v\u011br<\/span><\/h3><p><span dir=\"auto\">A\u0165 u\u017e hled\u00e1te\u00a0\u00a0<\/span><strong><span dir=\"auto\">zimn\u00ed sporty<\/span><\/strong><span dir=\"auto\">\u00a0,\u00a0\u00a0<\/span><strong><span dir=\"auto\">turistiku a cyklistiku<\/span><\/strong><span dir=\"auto\">\u00a0,\u00a0\u00a0<\/span><strong><span dir=\"auto\">kulturn\u00ed atrakce<\/span><\/strong><span dir=\"auto\">\u00a0\u00a0nebo\u00a0\u00a0<\/span><strong><span dir=\"auto\">wellness relaxaci<\/span><\/strong><span dir=\"auto\">\u00a0, Jahorina si najde to sv\u00e9. D\u00edky bohat\u00e9 nab\u00eddce aktivit a snadn\u00e9 dostupnosti ze Sarajeva je Jahorina destinac\u00ed, kterou lze nav\u0161t\u00edvit v kteroukoli ro\u010dn\u00ed dobu a kter\u00e1 nab\u00edz\u00ed nezapomenuteln\u00e9 z\u00e1\u017eitky pro v\u0161echny n\u00e1v\u0161t\u011bvn\u00edky.<\/span><\/p>\t\t\t\t\t\t\t\t<\/div>\n\t\t\t\t<\/div>\n\t\t\t\t<\/div>\n\t\t\t\t\t<\/div>\n\t\t\t\t<\/div>\n\t\t\t\t<\/div>\n\t\t","protected":false},"excerpt":{"rendered":"<p>Kam se vydat na Jahorinu\u2013 Nejlep\u0161\u00ed atrakce a aktivity 1.\u00a0\u00a0Ly\u017ea\u0159sk\u00e9 st\u0159edisko Jahorina Jahorina je jedno z nejzn\u00e1m\u011bj\u0161\u00edch ly\u017ea\u0159sk\u00fdch st\u0159edisek na Balk\u00e1n\u011b se sjezdovkami pro v\u0161echny \u00farovn\u011b ly\u017ea\u0159\u016f. Ly\u017ea\u0159sk\u00e9 st\u0159edisko m\u00e1 v\u00edce ne\u017e\u00a0\u00a020 km upravovan\u00fdch sjezdovek\u00a0, kter\u00e9 jsou vybaveny modern\u00edmi lanovkami a vleky. Krom\u011b ly\u017eov\u00e1n\u00ed je k dispozici i ve\u010dern\u00ed ly\u017eov\u00e1n\u00ed, co\u017e je pro milovn\u00edky zimn\u00edch [&hellip;]<\/p>\n","protected":false},"author":1,"featured_media":0,"parent":0,"menu_order":0,"comment_status":"closed","ping_status":"closed","template":"","meta":{"footnotes":""},"class_list":["post-10000","page","type-page","status-publish","hentry"],"yoast_head":"<!-- This site is optimized with the Yoast SEO plugin v26.4 - https:\/\/yoast.com\/wordpress\/plugins\/seo\/ -->\n<title>Kde na Jahorin\u011b - BESTBLICK Apartments Jahorina<\/title>\n<meta name=\"robots\" content=\"index, follow, max-snippet:-1, max-image-preview:large, max-video-preview:-1\" \/>\n<link rel=\"canonical\" href=\"https:\/\/apartments-jahorina.com\/gdje-na-jahorinu\/\" \/>\n<meta property=\"og:locale\" content=\"cs_CZ\" \/>\n<meta property=\"og:type\" content=\"article\" \/>\n<meta property=\"og:title\" content=\"Kde na Jahorin\u011b - BESTBLICK Apartments Jahorina\" \/>\n<meta property=\"og:description\" content=\"Kam se vydat na Jahorinu\u2013 Nejlep\u0161\u00ed atrakce a aktivity 1.\u00a0\u00a0Ly\u017ea\u0159sk\u00e9 st\u0159edisko Jahorina Jahorina je jedno z nejzn\u00e1m\u011bj\u0161\u00edch ly\u017ea\u0159sk\u00fdch st\u0159edisek na Balk\u00e1n\u011b se sjezdovkami pro v\u0161echny \u00farovn\u011b ly\u017ea\u0159\u016f. Ly\u017ea\u0159sk\u00e9 st\u0159edisko m\u00e1 v\u00edce ne\u017e\u00a0\u00a020 km upravovan\u00fdch sjezdovek\u00a0, kter\u00e9 jsou vybaveny modern\u00edmi lanovkami a vleky. Krom\u011b ly\u017eov\u00e1n\u00ed je k dispozici i ve\u010dern\u00ed ly\u017eov\u00e1n\u00ed, co\u017e je pro milovn\u00edky zimn\u00edch [&hellip;]\" \/>\n<meta property=\"og:url\" content=\"https:\/\/apartments-jahorina.com\/gdje-na-jahorinu\/\" \/>\n<meta property=\"og:site_name\" content=\"BESTBLICK Apartments Jahorina\" \/>\n<meta property=\"article:modified_time\" content=\"2025-12-10T01:40:40+00:00\" \/>\n<meta name=\"twitter:card\" content=\"summary_large_image\" \/>\n<meta name=\"twitter:label1\" content=\"Odhadovan\u00e1 doba \u010dten\u00ed\" \/>\n\t<meta name=\"twitter:data1\" content=\"2 minuty\" \/>\n<script type=\"application\/ld+json\" class=\"yoast-schema-graph\">{\"@context\":\"https:\/\/schema.org\",\"@graph\":[{\"@type\":\"WebPage\",\"@id\":\"https:\/\/apartments-jahorina.com\/gdje-na-jahorinu\/\",\"url\":\"https:\/\/apartments-jahorina.com\/gdje-na-jahorinu\/\",\"name\":\"Kde na Jahorin\u011b - BESTBLICK Apartments Jahorina\",\"isPartOf\":{\"@id\":\"https:\/\/apartments-jahorina.com\/#website\"},\"datePublished\":\"2025-11-30T18:49:14+00:00\",\"dateModified\":\"2025-12-10T01:40:40+00:00\",\"breadcrumb\":{\"@id\":\"https:\/\/apartments-jahorina.com\/gdje-na-jahorinu\/#breadcrumb\"},\"inLanguage\":\"cs\",\"potentialAction\":[{\"@type\":\"ReadAction\",\"target\":[\"https:\/\/apartments-jahorina.com\/gdje-na-jahorinu\/\"]}]},{\"@type\":\"BreadcrumbList\",\"@id\":\"https:\/\/apartments-jahorina.com\/gdje-na-jahorinu\/#breadcrumb\",\"itemListElement\":[{\"@type\":\"ListItem\",\"position\":1,\"name\":\"Home\",\"item\":\"https:\/\/apartments-jahorina.com\/sl\/\"},{\"@type\":\"ListItem\",\"position\":2,\"name\":\"Kde na Jahorin\u011b\"}]},{\"@type\":\"WebSite\",\"@id\":\"https:\/\/apartments-jahorina.com\/#website\",\"url\":\"https:\/\/apartments-jahorina.com\/\",\"name\":\"BESTBLICK Apartments Jahorina\",\"description\":\"Moderni apartmani s pogledom na ski-stazu\",\"potentialAction\":[{\"@type\":\"SearchAction\",\"target\":{\"@type\":\"EntryPoint\",\"urlTemplate\":\"https:\/\/apartments-jahorina.com\/?s={search_term_string}\"},\"query-input\":{\"@type\":\"PropertyValueSpecification\",\"valueRequired\":true,\"valueName\":\"search_term_string\"}}],\"inLanguage\":\"cs\"}]}<\/script>\n<!-- \/ Yoast SEO plugin. -->","yoast_head_json":{"title":"Kde na Jahorin\u011b - BESTBLICK Apartments Jahorina","robots":{"index":"index","follow":"follow","max-snippet":"max-snippet:-1","max-image-preview":"max-image-preview:large","max-video-preview":"max-video-preview:-1"},"canonical":"https:\/\/apartments-jahorina.com\/gdje-na-jahorinu\/","og_locale":"cs_CZ","og_type":"article","og_title":"Kde na Jahorin\u011b - BESTBLICK Apartments Jahorina","og_description":"Kam se vydat na Jahorinu\u2013 Nejlep\u0161\u00ed atrakce a aktivity 1.\u00a0\u00a0Ly\u017ea\u0159sk\u00e9 st\u0159edisko Jahorina Jahorina je jedno z nejzn\u00e1m\u011bj\u0161\u00edch ly\u017ea\u0159sk\u00fdch st\u0159edisek na Balk\u00e1n\u011b se sjezdovkami pro v\u0161echny \u00farovn\u011b ly\u017ea\u0159\u016f. Ly\u017ea\u0159sk\u00e9 st\u0159edisko m\u00e1 v\u00edce ne\u017e\u00a0\u00a020 km upravovan\u00fdch sjezdovek\u00a0, kter\u00e9 jsou vybaveny modern\u00edmi lanovkami a vleky. Krom\u011b ly\u017eov\u00e1n\u00ed je k dispozici i ve\u010dern\u00ed ly\u017eov\u00e1n\u00ed, co\u017e je pro milovn\u00edky zimn\u00edch [&hellip;]","og_url":"https:\/\/apartments-jahorina.com\/gdje-na-jahorinu\/","og_site_name":"BESTBLICK Apartments Jahorina","article_modified_time":"2025-12-10T01:40:40+00:00","twitter_card":"summary_large_image","twitter_misc":{"Odhadovan\u00e1 doba \u010dten\u00ed":"2 minuty"},"schema":{"@context":"https:\/\/schema.org","@graph":[{"@type":"WebPage","@id":"https:\/\/apartments-jahorina.com\/gdje-na-jahorinu\/","url":"https:\/\/apartments-jahorina.com\/gdje-na-jahorinu\/","name":"Kde na Jahorin\u011b - BESTBLICK Apartments Jahorina","isPartOf":{"@id":"https:\/\/apartments-jahorina.com\/#website"},"datePublished":"2025-11-30T18:49:14+00:00","dateModified":"2025-12-10T01:40:40+00:00","breadcrumb":{"@id":"https:\/\/apartments-jahorina.com\/gdje-na-jahorinu\/#breadcrumb"},"inLanguage":"cs","potentialAction":[{"@type":"ReadAction","target":["https:\/\/apartments-jahorina.com\/gdje-na-jahorinu\/"]}]},{"@type":"BreadcrumbList","@id":"https:\/\/apartments-jahorina.com\/gdje-na-jahorinu\/#breadcrumb","itemListElement":[{"@type":"ListItem","position":1,"name":"Home","item":"https:\/\/apartments-jahorina.com\/sl\/"},{"@type":"ListItem","position":2,"name":"Kde na Jahorin\u011b"}]},{"@type":"WebSite","@id":"https:\/\/apartments-jahorina.com\/#website","url":"https:\/\/apartments-jahorina.com\/","name":"BESTBLICK Apartments Jahorina","description":"Moderni apartmani s pogledom na ski-stazu","potentialAction":[{"@type":"SearchAction","target":{"@type":"EntryPoint","urlTemplate":"https:\/\/apartments-jahorina.com\/?s={search_term_string}"},"query-input":{"@type":"PropertyValueSpecification","valueRequired":true,"valueName":"search_term_string"}}],"inLanguage":"cs"}]}},"_links":{"self":[{"href":"https:\/\/apartments-jahorina.com\/cs\/wp-json\/wp\/v2\/pages\/10000","targetHints":{"allow":["GET"]}}],"collection":[{"href":"https:\/\/apartments-jahorina.com\/cs\/wp-json\/wp\/v2\/pages"}],"about":[{"href":"https:\/\/apartments-jahorina.com\/cs\/wp-json\/wp\/v2\/types\/page"}],"author":[{"embeddable":true,"href":"https:\/\/apartments-jahorina.com\/cs\/wp-json\/wp\/v2\/users\/1"}],"replies":[{"embeddable":true,"href":"https:\/\/apartments-jahorina.com\/cs\/wp-json\/wp\/v2\/comments?post=10000"}],"version-history":[{"count":10,"href":"https:\/\/apartments-jahorina.com\/cs\/wp-json\/wp\/v2\/pages\/10000\/revisions"}],"predecessor-version":[{"id":12388,"href":"https:\/\/apartments-jahorina.com\/cs\/wp-json\/wp\/v2\/pages\/10000\/revisions\/12388"}],"wp:attachment":[{"href":"https:\/\/apartments-jahorina.com\/cs\/wp-json\/wp\/v2\/media?parent=10000"}],"curies":[{"name":"wp","href":"https:\/\/api.w.org\/{rel}","templated":true}]}}