{"id":10036,"date":"2025-11-30T18:27:49","date_gmt":"2025-11-30T18:27:49","guid":{"rendered":"http:\/\/apartments-jahorina.com\/privatni-smjestaj-jahorina\/"},"modified":"2025-12-10T01:38:33","modified_gmt":"2025-12-10T01:38:33","slug":"soukrome-ubytovani-na-jahorine","status":"publish","type":"page","link":"https:\/\/apartments-jahorina.com\/cs\/soukrome-ubytovani-na-jahorine\/","title":{"rendered":"Soukrom\u00e9 ubytov\u00e1n\u00ed na Jahorin\u011b"},"content":{"rendered":"\t\t<div data-elementor-type=\"wp-page\" data-elementor-id=\"10036\" class=\"elementor elementor-10036 elementor-9874\">\n\t\t\t\t<div class=\"elementor-element elementor-element-12b6bd6 e-flex e-con-boxed e-con e-parent\" data-id=\"12b6bd6\" data-element_type=\"container\">\n\t\t\t\t\t<div class=\"e-con-inner\">\n\t\t<div class=\"elementor-element elementor-element-7b8b529 e-con-full e-flex e-con e-child\" data-id=\"7b8b529\" data-element_type=\"container\">\n\t\t<div class=\"elementor-element elementor-element-52f5450 e-con-full e-flex e-con e-child\" data-id=\"52f5450\" data-element_type=\"container\">\n\t\t\t\t<div class=\"elementor-element elementor-element-ef7ac5e elementor-absolute elementor-hidden-mobile elementor-view-default elementor-invisible elementor-widget elementor-widget-icon\" data-id=\"ef7ac5e\" data-element_type=\"widget\" data-settings=\"{&quot;_position&quot;:&quot;absolute&quot;,&quot;motion_fx_motion_fx_scrolling&quot;:&quot;yes&quot;,&quot;motion_fx_translateX_effect&quot;:&quot;yes&quot;,&quot;motion_fx_translateX_speed&quot;:{&quot;unit&quot;:&quot;px&quot;,&quot;size&quot;:1.5,&quot;sizes&quot;:[]},&quot;_animation&quot;:&quot;opal-move-right&quot;,&quot;motion_fx_translateX_affectedRange&quot;:{&quot;unit&quot;:&quot;%&quot;,&quot;size&quot;:&quot;&quot;,&quot;sizes&quot;:{&quot;start&quot;:0,&quot;end&quot;:100}},&quot;motion_fx_devices&quot;:[&quot;desktop&quot;,&quot;laptop&quot;,&quot;tablet_extra&quot;,&quot;tablet&quot;,&quot;mobile_extra&quot;,&quot;mobile&quot;]}\" data-widget_type=\"icon.default\">\n\t\t\t\t\t\t\t<div class=\"elementor-icon-wrapper\">\n\t\t\t<div class=\"elementor-icon\">\n\t\t\t\t\t\t<\/div>\n\t\t<\/div>\n\t\t\t\t\t\t<\/div>\n\t\t\t\t<div class=\"elementor-element elementor-element-7a3b481 elementor-widget__width-auto elementor-absolute elementor-hidden-mobile elementor-view-default elementor-invisible elementor-widget elementor-widget-icon\" data-id=\"7a3b481\" data-element_type=\"widget\" data-settings=\"{&quot;_position&quot;:&quot;absolute&quot;,&quot;motion_fx_motion_fx_scrolling&quot;:&quot;yes&quot;,&quot;motion_fx_translateY_effect&quot;:&quot;yes&quot;,&quot;motion_fx_translateY_direction&quot;:&quot;negative&quot;,&quot;motion_fx_translateY_speed&quot;:{&quot;unit&quot;:&quot;px&quot;,&quot;size&quot;:1.2,&quot;sizes&quot;:[]},&quot;_animation&quot;:&quot;opal-move-down&quot;,&quot;motion_fx_translateY_affectedRange&quot;:{&quot;unit&quot;:&quot;%&quot;,&quot;size&quot;:&quot;&quot;,&quot;sizes&quot;:{&quot;start&quot;:0,&quot;end&quot;:100}},&quot;motion_fx_devices&quot;:[&quot;desktop&quot;,&quot;laptop&quot;,&quot;tablet_extra&quot;,&quot;tablet&quot;,&quot;mobile_extra&quot;,&quot;mobile&quot;]}\" data-widget_type=\"icon.default\">\n\t\t\t\t\t\t\t<div class=\"elementor-icon-wrapper\">\n\t\t\t<div class=\"elementor-icon\">\n\t\t\t\t\t\t<\/div>\n\t\t<\/div>\n\t\t\t\t\t\t<\/div>\n\t\t\t\t<\/div>\n\t\t<div class=\"elementor-element elementor-element-4e0b3cc e-con-full e-flex e-con e-child\" data-id=\"4e0b3cc\" data-element_type=\"container\">\n\t\t\t\t<div class=\"elementor-element elementor-element-6bc46d3 elementor-widget__width-initial elementor-invisible elementor-widget elementor-widget-heading\" data-id=\"6bc46d3\" data-element_type=\"widget\" data-settings=\"{&quot;_animation&quot;:&quot;opal-move-left&quot;}\" data-widget_type=\"heading.default\">\n\t\t\t\t\t<h2 data-cursor=\"-opaque\" class=\"elementor-heading-title elementor-size-default\">Soukrom\u00e9 ubytov\u00e1n\u00ed na Jahorin\u011b \u2013  <span class=\"c-primary\">Apartm\u00e1ny Bestblick<\/span><\/h2>\t\t\t\t<\/div>\n\t\t\t\t<div class=\"elementor-element elementor-element-4aa09f6 elementor-widget__width-initial elementor-invisible elementor-widget elementor-widget-text-editor\" data-id=\"4aa09f6\" data-element_type=\"widget\" data-settings=\"{&quot;_animation&quot;:&quot;opal-move-left&quot;}\" data-widget_type=\"text-editor.default\">\n\t\t\t\t\t\t\t\t\t<p><strong><span dir=\"auto\">Soukrom\u00e9 ubytov\u00e1n\u00ed na Jahorin\u011b \u2013 ide\u00e1ln\u00ed destinace pro zimn\u00ed dovolenou<\/span><\/strong><\/p><p><span dir=\"auto\">Soukrom\u00e9 ubytov\u00e1n\u00ed na Jahorin\u011b nab\u00edz\u00ed perfektn\u00ed kombinaci pohodl\u00ed, soukrom\u00ed a dostupn\u00fdch cen, ide\u00e1ln\u00ed pro milovn\u00edky zimn\u00edch sport\u016f a p\u0159\u00edrody. Toto ubytov\u00e1n\u00ed se pohybuje od luxusn\u00edch apartm\u00e1n\u016f a\u017e po ekonomi\u010dt\u011bj\u0161\u00ed pokoje, co\u017e n\u00e1v\u0161t\u011bvn\u00edk\u016fm nab\u00edz\u00ed \u0161irokou \u0161k\u00e1lu mo\u017enost\u00ed podle rozpo\u010dtu a po\u017eadovan\u00e9 \u00farovn\u011b pohodl\u00ed. Pro hosty, kte\u0159\u00ed tou\u017e\u00ed po luxusu, jsou k dispozici soukrom\u00e9 apartm\u00e1ny s modern\u00edm vybaven\u00edm, jako je sauna, krb a prostorn\u00e9 ob\u00fdvac\u00ed pokoje, v bl\u00edzkosti sjezdovek, s cenami od 80 do 100 eur za noc.<\/span><\/p><p><span dir=\"auto\">Obl\u00edben\u00e9 nemovitosti, jako jsou\u00a0\u00a0<\/span><strong><span dir=\"auto\">Bestblick Apartments Jahorina,<\/span><\/strong><span dir=\"auto\">\u00a0jsou zn\u00e1m\u00e9 sv\u00fdm vysok\u00fdm hodnocen\u00edm host\u016f, vynikaj\u00edc\u00edmi slu\u017ebami a bl\u00edzkost\u00ed k hlavn\u00edm atrakc\u00edm. M\u00e9n\u011b luxusn\u00ed mo\u017enosti, v cenov\u00e9m rozp\u011bt\u00ed od 60 do 80 eur za noc, nab\u00edzej\u00ed praktick\u00e9 vybaven\u00ed, jako je kuchy\u0148, Wi-Fi a bezplatn\u00e9 parkov\u00e1n\u00ed, co\u017e je ide\u00e1ln\u00ed pro rodiny a skupiny p\u0159\u00e1tel. Mnoho poskytovatel\u016f soukrom\u00e9ho ubytov\u00e1n\u00ed na Jahorin\u011b nab\u00edz\u00ed tak\u00e9 ly\u017ea\u0159sk\u00e9 z\u00e1jezdy, p\u016fj\u010dovnu vybaven\u00ed a dal\u0161\u00ed zimn\u00ed aktivity.<\/span><\/p>\t\t\t\t\t\t\t\t<\/div>\n\t\t\t\t<\/div>\n\t\t\t\t<\/div>\n\t\t<div class=\"elementor-element elementor-element-300ae1a e-con-full e-flex e-con e-child\" data-id=\"300ae1a\" data-element_type=\"container\">\n\t\t<div class=\"elementor-element elementor-element-70f5e3f e-con-full e-flex e-con e-child\" data-id=\"70f5e3f\" data-element_type=\"container\">\n\t\t\t\t<div class=\"elementor-element elementor-element-67151ae elementor-invisible elementor-widget elementor-widget-n-accordion\" data-id=\"67151ae\" data-element_type=\"widget\" data-settings=\"{&quot;_animation&quot;:&quot;opal-move-right&quot;,&quot;default_state&quot;:&quot;all_collapsed&quot;,&quot;max_items_expended&quot;:&quot;one&quot;,&quot;n_accordion_animation_duration&quot;:{&quot;unit&quot;:&quot;ms&quot;,&quot;size&quot;:400,&quot;sizes&quot;:[]}}\" data-widget_type=\"nested-accordion.default\">\n\t\t\t\t\t\t\t<div class=\"e-n-accordion\" aria-label=\"Accordion. Open links with Enter or Space, close with Escape, and navigate with Arrow Keys\">\n\t\t\t\t\t\t<details id=\"e-n-accordion-item-1080\" class=\"e-n-accordion-item\" >\n\t\t\t\t<summary class=\"e-n-accordion-item-title\" data-accordion-index=\"1\" tabindex=\"0\" aria-expanded=\"false\" aria-controls=\"e-n-accordion-item-1080\" >\n\t\t\t\t\t<span class='e-n-accordion-item-title-header'><div class=\"e-n-accordion-item-title-text\"> Rezervace a v\u00fdhody <\/div><\/span>\n\t\t\t\t\t\t\t<span class='e-n-accordion-item-title-icon'>\n\t\t\t<span class='e-opened' ><i aria-hidden=\"true\" class=\"antra-icon- antra-icon-minus\"><\/i><\/span>\n\t\t\t<span class='e-closed'><i aria-hidden=\"true\" class=\"antra-icon- antra-icon-plus\"><\/i><\/span>\n\t\t<\/span>\n\n\t\t\t\t\t\t<\/summary>\n\t\t\t\t<div role=\"region\" aria-labelledby=\"e-n-accordion-item-1080\" class=\"elementor-element elementor-element-efa299f e-con-full e-flex e-con e-child\" data-id=\"efa299f\" data-element_type=\"container\">\n\t\t\t\t<div class=\"elementor-element elementor-element-bf5b1c6 elementor-widget__width-initial elementor-widget elementor-widget-text-editor\" data-id=\"bf5b1c6\" data-element_type=\"widget\" data-widget_type=\"text-editor.default\">\n\t\t\t\t\t\t\t\t\t<p><span dir=\"auto\">Pro snadnou rezervaci poskytuj\u00ed platformy jako\u00a0\u00a0<\/span><a href=\"https:\/\/translate.google.com\/website?sl=hr&amp;tl=cs&amp;hl=en&amp;client=webapp&amp;u=https:\/\/www.booking.com\/hotel\/ba\/bestblick-apartments-jahorina-snjezna-dolina.en-gb.html\"><span dir=\"auto\">Booking.com<\/span><\/a><span dir=\"auto\">\u00a0\u00a0informace o dostupn\u00fdch term\u00ednech, recenze a podrobnosti o vybaven\u00ed. V hlavn\u00ed sez\u00f3n\u011b se doporu\u010duje v\u010dasn\u00e1 rezervace vzhledem k omezen\u00e9 dostupnosti soukrom\u00fdch apartm\u00e1n\u016f nach\u00e1zej\u00edc\u00edch se pod\u00e9l hlavn\u00edch sjezdovek.<\/span><\/p>\t\t\t\t\t\t\t\t<\/div>\n\t\t\t\t<\/div>\n\t\t\t\t\t<\/details>\n\t\t\t\t\t\t<details id=\"e-n-accordion-item-1081\" class=\"e-n-accordion-item\" >\n\t\t\t\t<summary class=\"e-n-accordion-item-title\" data-accordion-index=\"2\" tabindex=\"-1\" aria-expanded=\"false\" aria-controls=\"e-n-accordion-item-1081\" >\n\t\t\t\t\t<span class='e-n-accordion-item-title-header'><div class=\"e-n-accordion-item-title-text\"> Pro\u010d si vybrat ubytov\u00e1n\u00ed v soukrom\u00ed? <\/div><\/span>\n\t\t\t\t\t\t\t<span class='e-n-accordion-item-title-icon'>\n\t\t\t<span class='e-opened' ><i aria-hidden=\"true\" class=\"antra-icon- antra-icon-minus\"><\/i><\/span>\n\t\t\t<span class='e-closed'><i aria-hidden=\"true\" class=\"antra-icon- antra-icon-plus\"><\/i><\/span>\n\t\t<\/span>\n\n\t\t\t\t\t\t<\/summary>\n\t\t\t\t<div role=\"region\" aria-labelledby=\"e-n-accordion-item-1081\" class=\"elementor-element elementor-element-f0098d4 e-con-full e-flex e-con e-child\" data-id=\"f0098d4\" data-element_type=\"container\">\n\t\t\t\t<div class=\"elementor-element elementor-element-6580925 elementor-widget__width-initial elementor-widget elementor-widget-text-editor\" data-id=\"6580925\" data-element_type=\"widget\" data-widget_type=\"text-editor.default\">\n\t\t\t\t\t\t\t\t\t<p><span dir=\"auto\">Soukrom\u00e9\u00a0\u00a0<\/span><a href=\"https:\/\/translate.google.com\/website?sl=hr&amp;tl=cs&amp;hl=en&amp;client=webapp&amp;u=https:\/\/apartments-jahorina.com\/apartmani-jahorina\/\"><span dir=\"auto\">ubytov\u00e1n\u00ed<\/span><\/a><span dir=\"auto\">\u00a0\u00a0nab\u00edz\u00ed flexibilitu p\u0159i pl\u00e1nov\u00e1n\u00ed dovolen\u00e9 s dal\u0161\u00edmi v\u00fdhodami, jako jsou organizovan\u00e9 zimn\u00ed z\u00e1jezdy a soukrom\u00ed pr\u016fvodci po okoln\u00ed p\u0159\u00edrodn\u00ed kr\u00e1se Jahoriny.<\/span><\/p>\t\t\t\t\t\t\t\t<\/div>\n\t\t\t\t<\/div>\n\t\t\t\t\t<\/details>\n\t\t\t\t\t<\/div>\n\t\t\t\t\t\t<\/div>\n\t\t\t\t<\/div>\n\t\t<div class=\"elementor-element elementor-element-7c44126 e-con-full e-flex e-con e-child\" data-id=\"7c44126\" data-element_type=\"container\">\n\t\t\t\t<div class=\"elementor-element elementor-element-5b562f9 elementor-invisible elementor-widget elementor-widget-image\" data-id=\"5b562f9\" data-element_type=\"widget\" data-settings=\"{&quot;_animation&quot;:&quot;opal-move-left&quot;}\" data-widget_type=\"image.default\">\n\t\t\t\t\t<div class=\"antra-wrapper-image-widget\" data-cursor=\"-opaque\">\t\t\t\t\t\t\t\t\t\t<img loading=\"lazy\" decoding=\"async\" width=\"2560\" height=\"1440\" src=\"https:\/\/apartments-jahorina.com\/wp-content\/uploads\/2025\/11\/gal6-scaled.jpg\" class=\"attachment-full size-full wp-image-10703\" alt=\"\" srcset=\"https:\/\/apartments-jahorina.com\/wp-content\/uploads\/2025\/11\/gal6-scaled.jpg 2560w, https:\/\/apartments-jahorina.com\/wp-content\/uploads\/2025\/11\/gal6-300x169.jpg 300w, https:\/\/apartments-jahorina.com\/wp-content\/uploads\/2025\/11\/gal6-1024x576.jpg 1024w, https:\/\/apartments-jahorina.com\/wp-content\/uploads\/2025\/11\/gal6-768x432.jpg 768w, https:\/\/apartments-jahorina.com\/wp-content\/uploads\/2025\/11\/gal6-1536x864.jpg 1536w, https:\/\/apartments-jahorina.com\/wp-content\/uploads\/2025\/11\/gal6-2048x1152.jpg 2048w, https:\/\/apartments-jahorina.com\/wp-content\/uploads\/2025\/11\/gal6-860x484.jpg 860w, https:\/\/apartments-jahorina.com\/wp-content\/uploads\/2025\/11\/gal6-1000x563.jpg 1000w\" sizes=\"(max-width: 2560px) 100vw, 2560px\" \/>\t\t\t\t\t\t\t\t\t\t\t<\/div>\t\t\t\t<\/div>\n\t\t\t\t<\/div>\n\t\t\t\t<\/div>\n\t\t\t\t\t<\/div>\n\t\t\t\t<\/div>\n\t\t\t\t<\/div>\n\t\t","protected":false},"excerpt":{"rendered":"<p>Soukrom\u00e9 ubytov\u00e1n\u00ed na Jahorin\u011b \u2013 Apartm\u00e1ny Bestblick Soukrom\u00e9 ubytov\u00e1n\u00ed na Jahorin\u011b \u2013 ide\u00e1ln\u00ed destinace pro zimn\u00ed dovolenou Soukrom\u00e9 ubytov\u00e1n\u00ed na Jahorin\u011b nab\u00edz\u00ed perfektn\u00ed kombinaci pohodl\u00ed, soukrom\u00ed a dostupn\u00fdch cen, ide\u00e1ln\u00ed pro milovn\u00edky zimn\u00edch sport\u016f a p\u0159\u00edrody. Toto ubytov\u00e1n\u00ed se pohybuje od luxusn\u00edch apartm\u00e1n\u016f a\u017e po ekonomi\u010dt\u011bj\u0161\u00ed pokoje, co\u017e n\u00e1v\u0161t\u011bvn\u00edk\u016fm nab\u00edz\u00ed \u0161irokou \u0161k\u00e1lu mo\u017enost\u00ed podle rozpo\u010dtu [&hellip;]<\/p>\n","protected":false},"author":1,"featured_media":0,"parent":0,"menu_order":0,"comment_status":"closed","ping_status":"closed","template":"","meta":{"footnotes":""},"class_list":["post-10036","page","type-page","status-publish","hentry"],"yoast_head":"<!-- This site is optimized with the Yoast SEO plugin v26.4 - https:\/\/yoast.com\/wordpress\/plugins\/seo\/ -->\n<title>Soukrom\u00e9 ubytov\u00e1n\u00ed na Jahorin\u011b - BESTBLICK Apartments Jahorina<\/title>\n<meta name=\"robots\" content=\"index, follow, max-snippet:-1, max-image-preview:large, max-video-preview:-1\" \/>\n<link rel=\"canonical\" href=\"https:\/\/apartments-jahorina.com\/privatni-smjestaj-jahorina\/\" \/>\n<meta property=\"og:locale\" content=\"cs_CZ\" \/>\n<meta property=\"og:type\" content=\"article\" \/>\n<meta property=\"og:title\" content=\"Soukrom\u00e9 ubytov\u00e1n\u00ed na Jahorin\u011b - BESTBLICK Apartments Jahorina\" \/>\n<meta property=\"og:description\" content=\"Soukrom\u00e9 ubytov\u00e1n\u00ed na Jahorin\u011b \u2013 Apartm\u00e1ny Bestblick Soukrom\u00e9 ubytov\u00e1n\u00ed na Jahorin\u011b \u2013 ide\u00e1ln\u00ed destinace pro zimn\u00ed dovolenou Soukrom\u00e9 ubytov\u00e1n\u00ed na Jahorin\u011b nab\u00edz\u00ed perfektn\u00ed kombinaci pohodl\u00ed, soukrom\u00ed a dostupn\u00fdch cen, ide\u00e1ln\u00ed pro milovn\u00edky zimn\u00edch sport\u016f a p\u0159\u00edrody. Toto ubytov\u00e1n\u00ed se pohybuje od luxusn\u00edch apartm\u00e1n\u016f a\u017e po ekonomi\u010dt\u011bj\u0161\u00ed pokoje, co\u017e n\u00e1v\u0161t\u011bvn\u00edk\u016fm nab\u00edz\u00ed \u0161irokou \u0161k\u00e1lu mo\u017enost\u00ed podle rozpo\u010dtu [&hellip;]\" \/>\n<meta property=\"og:url\" content=\"https:\/\/apartments-jahorina.com\/privatni-smjestaj-jahorina\/\" \/>\n<meta property=\"og:site_name\" content=\"BESTBLICK Apartments Jahorina\" \/>\n<meta property=\"article:modified_time\" content=\"2025-12-10T01:38:33+00:00\" \/>\n<meta property=\"og:image\" content=\"http:\/\/apartments-jahorina.com\/wp-content\/uploads\/2025\/11\/gal6-scaled.jpg\" \/>\n<meta name=\"twitter:card\" content=\"summary_large_image\" \/>\n<meta name=\"twitter:label1\" content=\"Odhadovan\u00e1 doba \u010dten\u00ed\" \/>\n\t<meta name=\"twitter:data1\" content=\"2 minuty\" \/>\n<script type=\"application\/ld+json\" class=\"yoast-schema-graph\">{\"@context\":\"https:\/\/schema.org\",\"@graph\":[{\"@type\":\"WebPage\",\"@id\":\"https:\/\/apartments-jahorina.com\/privatni-smjestaj-jahorina\/\",\"url\":\"https:\/\/apartments-jahorina.com\/privatni-smjestaj-jahorina\/\",\"name\":\"Soukrom\u00e9 ubytov\u00e1n\u00ed na Jahorin\u011b - BESTBLICK Apartments Jahorina\",\"isPartOf\":{\"@id\":\"https:\/\/apartments-jahorina.com\/#website\"},\"primaryImageOfPage\":{\"@id\":\"https:\/\/apartments-jahorina.com\/privatni-smjestaj-jahorina\/#primaryimage\"},\"image\":{\"@id\":\"https:\/\/apartments-jahorina.com\/privatni-smjestaj-jahorina\/#primaryimage\"},\"thumbnailUrl\":\"http:\/\/apartments-jahorina.com\/wp-content\/uploads\/2025\/11\/gal6-scaled.jpg\",\"datePublished\":\"2025-11-30T18:27:49+00:00\",\"dateModified\":\"2025-12-10T01:38:33+00:00\",\"breadcrumb\":{\"@id\":\"https:\/\/apartments-jahorina.com\/privatni-smjestaj-jahorina\/#breadcrumb\"},\"inLanguage\":\"cs\",\"potentialAction\":[{\"@type\":\"ReadAction\",\"target\":[\"https:\/\/apartments-jahorina.com\/privatni-smjestaj-jahorina\/\"]}]},{\"@type\":\"ImageObject\",\"inLanguage\":\"cs\",\"@id\":\"https:\/\/apartments-jahorina.com\/privatni-smjestaj-jahorina\/#primaryimage\",\"url\":\"http:\/\/apartments-jahorina.com\/wp-content\/uploads\/2025\/11\/gal6-scaled.jpg\",\"contentUrl\":\"http:\/\/apartments-jahorina.com\/wp-content\/uploads\/2025\/11\/gal6-scaled.jpg\"},{\"@type\":\"BreadcrumbList\",\"@id\":\"https:\/\/apartments-jahorina.com\/privatni-smjestaj-jahorina\/#breadcrumb\",\"itemListElement\":[{\"@type\":\"ListItem\",\"position\":1,\"name\":\"Home\",\"item\":\"https:\/\/apartments-jahorina.com\/sl\/\"},{\"@type\":\"ListItem\",\"position\":2,\"name\":\"Soukrom\u00e9 ubytov\u00e1n\u00ed na Jahorin\u011b\"}]},{\"@type\":\"WebSite\",\"@id\":\"https:\/\/apartments-jahorina.com\/#website\",\"url\":\"https:\/\/apartments-jahorina.com\/\",\"name\":\"BESTBLICK Apartments Jahorina\",\"description\":\"Moderni apartmani s pogledom na ski-stazu\",\"potentialAction\":[{\"@type\":\"SearchAction\",\"target\":{\"@type\":\"EntryPoint\",\"urlTemplate\":\"https:\/\/apartments-jahorina.com\/?s={search_term_string}\"},\"query-input\":{\"@type\":\"PropertyValueSpecification\",\"valueRequired\":true,\"valueName\":\"search_term_string\"}}],\"inLanguage\":\"cs\"}]}<\/script>\n<!-- \/ Yoast SEO plugin. -->","yoast_head_json":{"title":"Soukrom\u00e9 ubytov\u00e1n\u00ed na Jahorin\u011b - BESTBLICK Apartments Jahorina","robots":{"index":"index","follow":"follow","max-snippet":"max-snippet:-1","max-image-preview":"max-image-preview:large","max-video-preview":"max-video-preview:-1"},"canonical":"https:\/\/apartments-jahorina.com\/privatni-smjestaj-jahorina\/","og_locale":"cs_CZ","og_type":"article","og_title":"Soukrom\u00e9 ubytov\u00e1n\u00ed na Jahorin\u011b - BESTBLICK Apartments Jahorina","og_description":"Soukrom\u00e9 ubytov\u00e1n\u00ed na Jahorin\u011b \u2013 Apartm\u00e1ny Bestblick Soukrom\u00e9 ubytov\u00e1n\u00ed na Jahorin\u011b \u2013 ide\u00e1ln\u00ed destinace pro zimn\u00ed dovolenou Soukrom\u00e9 ubytov\u00e1n\u00ed na Jahorin\u011b nab\u00edz\u00ed perfektn\u00ed kombinaci pohodl\u00ed, soukrom\u00ed a dostupn\u00fdch cen, ide\u00e1ln\u00ed pro milovn\u00edky zimn\u00edch sport\u016f a p\u0159\u00edrody. Toto ubytov\u00e1n\u00ed se pohybuje od luxusn\u00edch apartm\u00e1n\u016f a\u017e po ekonomi\u010dt\u011bj\u0161\u00ed pokoje, co\u017e n\u00e1v\u0161t\u011bvn\u00edk\u016fm nab\u00edz\u00ed \u0161irokou \u0161k\u00e1lu mo\u017enost\u00ed podle rozpo\u010dtu [&hellip;]","og_url":"https:\/\/apartments-jahorina.com\/privatni-smjestaj-jahorina\/","og_site_name":"BESTBLICK Apartments Jahorina","article_modified_time":"2025-12-10T01:38:33+00:00","og_image":[{"url":"http:\/\/apartments-jahorina.com\/wp-content\/uploads\/2025\/11\/gal6-scaled.jpg","type":"","width":"","height":""}],"twitter_card":"summary_large_image","twitter_misc":{"Odhadovan\u00e1 doba \u010dten\u00ed":"2 minuty"},"schema":{"@context":"https:\/\/schema.org","@graph":[{"@type":"WebPage","@id":"https:\/\/apartments-jahorina.com\/privatni-smjestaj-jahorina\/","url":"https:\/\/apartments-jahorina.com\/privatni-smjestaj-jahorina\/","name":"Soukrom\u00e9 ubytov\u00e1n\u00ed na Jahorin\u011b - BESTBLICK Apartments Jahorina","isPartOf":{"@id":"https:\/\/apartments-jahorina.com\/#website"},"primaryImageOfPage":{"@id":"https:\/\/apartments-jahorina.com\/privatni-smjestaj-jahorina\/#primaryimage"},"image":{"@id":"https:\/\/apartments-jahorina.com\/privatni-smjestaj-jahorina\/#primaryimage"},"thumbnailUrl":"http:\/\/apartments-jahorina.com\/wp-content\/uploads\/2025\/11\/gal6-scaled.jpg","datePublished":"2025-11-30T18:27:49+00:00","dateModified":"2025-12-10T01:38:33+00:00","breadcrumb":{"@id":"https:\/\/apartments-jahorina.com\/privatni-smjestaj-jahorina\/#breadcrumb"},"inLanguage":"cs","potentialAction":[{"@type":"ReadAction","target":["https:\/\/apartments-jahorina.com\/privatni-smjestaj-jahorina\/"]}]},{"@type":"ImageObject","inLanguage":"cs","@id":"https:\/\/apartments-jahorina.com\/privatni-smjestaj-jahorina\/#primaryimage","url":"http:\/\/apartments-jahorina.com\/wp-content\/uploads\/2025\/11\/gal6-scaled.jpg","contentUrl":"http:\/\/apartments-jahorina.com\/wp-content\/uploads\/2025\/11\/gal6-scaled.jpg"},{"@type":"BreadcrumbList","@id":"https:\/\/apartments-jahorina.com\/privatni-smjestaj-jahorina\/#breadcrumb","itemListElement":[{"@type":"ListItem","position":1,"name":"Home","item":"https:\/\/apartments-jahorina.com\/sl\/"},{"@type":"ListItem","position":2,"name":"Soukrom\u00e9 ubytov\u00e1n\u00ed na Jahorin\u011b"}]},{"@type":"WebSite","@id":"https:\/\/apartments-jahorina.com\/#website","url":"https:\/\/apartments-jahorina.com\/","name":"BESTBLICK Apartments Jahorina","description":"Moderni apartmani s pogledom na ski-stazu","potentialAction":[{"@type":"SearchAction","target":{"@type":"EntryPoint","urlTemplate":"https:\/\/apartments-jahorina.com\/?s={search_term_string}"},"query-input":{"@type":"PropertyValueSpecification","valueRequired":true,"valueName":"search_term_string"}}],"inLanguage":"cs"}]}},"_links":{"self":[{"href":"https:\/\/apartments-jahorina.com\/cs\/wp-json\/wp\/v2\/pages\/10036","targetHints":{"allow":["GET"]}}],"collection":[{"href":"https:\/\/apartments-jahorina.com\/cs\/wp-json\/wp\/v2\/pages"}],"about":[{"href":"https:\/\/apartments-jahorina.com\/cs\/wp-json\/wp\/v2\/types\/page"}],"author":[{"embeddable":true,"href":"https:\/\/apartments-jahorina.com\/cs\/wp-json\/wp\/v2\/users\/1"}],"replies":[{"embeddable":true,"href":"https:\/\/apartments-jahorina.com\/cs\/wp-json\/wp\/v2\/comments?post=10036"}],"version-history":[{"count":10,"href":"https:\/\/apartments-jahorina.com\/cs\/wp-json\/wp\/v2\/pages\/10036\/revisions"}],"predecessor-version":[{"id":12381,"href":"https:\/\/apartments-jahorina.com\/cs\/wp-json\/wp\/v2\/pages\/10036\/revisions\/12381"}],"wp:attachment":[{"href":"https:\/\/apartments-jahorina.com\/cs\/wp-json\/wp\/v2\/media?parent=10036"}],"curies":[{"name":"wp","href":"https:\/\/api.w.org\/{rel}","templated":true}]}}