{"id":10048,"date":"2025-11-30T18:18:56","date_gmt":"2025-11-30T18:18:56","guid":{"rendered":"http:\/\/apartments-jahorina.com\/nova-godina-na-jahorini\/"},"modified":"2025-12-10T01:38:25","modified_gmt":"2025-12-10T01:38:25","slug":"novy-rok-na-jahorine","status":"publish","type":"page","link":"https:\/\/apartments-jahorina.com\/cs\/novy-rok-na-jahorine\/","title":{"rendered":"Nov\u00fd rok na Jahorin\u011b"},"content":{"rendered":"\t\t<div data-elementor-type=\"wp-page\" data-elementor-id=\"10048\" class=\"elementor elementor-10048 elementor-9858\">\n\t\t\t\t<div class=\"elementor-element elementor-element-12b6bd6 e-flex e-con-boxed e-con e-parent\" data-id=\"12b6bd6\" data-element_type=\"container\">\n\t\t\t\t\t<div class=\"e-con-inner\">\n\t\t<div class=\"elementor-element elementor-element-7b8b529 e-con-full e-flex e-con e-child\" data-id=\"7b8b529\" data-element_type=\"container\">\n\t\t<div class=\"elementor-element elementor-element-52f5450 e-con-full e-flex e-con e-child\" data-id=\"52f5450\" data-element_type=\"container\">\n\t\t\t\t<div class=\"elementor-element elementor-element-ef7ac5e elementor-absolute elementor-hidden-mobile elementor-view-default elementor-invisible elementor-widget elementor-widget-icon\" data-id=\"ef7ac5e\" data-element_type=\"widget\" data-settings=\"{&quot;_position&quot;:&quot;absolute&quot;,&quot;motion_fx_motion_fx_scrolling&quot;:&quot;yes&quot;,&quot;motion_fx_translateX_effect&quot;:&quot;yes&quot;,&quot;motion_fx_translateX_speed&quot;:{&quot;unit&quot;:&quot;px&quot;,&quot;size&quot;:1.5,&quot;sizes&quot;:[]},&quot;_animation&quot;:&quot;opal-move-right&quot;,&quot;motion_fx_translateX_affectedRange&quot;:{&quot;unit&quot;:&quot;%&quot;,&quot;size&quot;:&quot;&quot;,&quot;sizes&quot;:{&quot;start&quot;:0,&quot;end&quot;:100}},&quot;motion_fx_devices&quot;:[&quot;desktop&quot;,&quot;laptop&quot;,&quot;tablet_extra&quot;,&quot;tablet&quot;,&quot;mobile_extra&quot;,&quot;mobile&quot;]}\" data-widget_type=\"icon.default\">\n\t\t\t\t\t\t\t<div class=\"elementor-icon-wrapper\">\n\t\t\t<div class=\"elementor-icon\">\n\t\t\t\t\t\t<\/div>\n\t\t<\/div>\n\t\t\t\t\t\t<\/div>\n\t\t\t\t<div class=\"elementor-element elementor-element-7a3b481 elementor-widget__width-auto elementor-absolute elementor-hidden-mobile elementor-view-default elementor-invisible elementor-widget elementor-widget-icon\" data-id=\"7a3b481\" data-element_type=\"widget\" data-settings=\"{&quot;_position&quot;:&quot;absolute&quot;,&quot;motion_fx_motion_fx_scrolling&quot;:&quot;yes&quot;,&quot;motion_fx_translateY_effect&quot;:&quot;yes&quot;,&quot;motion_fx_translateY_direction&quot;:&quot;negative&quot;,&quot;motion_fx_translateY_speed&quot;:{&quot;unit&quot;:&quot;px&quot;,&quot;size&quot;:1.2,&quot;sizes&quot;:[]},&quot;_animation&quot;:&quot;opal-move-down&quot;,&quot;motion_fx_translateY_affectedRange&quot;:{&quot;unit&quot;:&quot;%&quot;,&quot;size&quot;:&quot;&quot;,&quot;sizes&quot;:{&quot;start&quot;:0,&quot;end&quot;:100}},&quot;motion_fx_devices&quot;:[&quot;desktop&quot;,&quot;laptop&quot;,&quot;tablet_extra&quot;,&quot;tablet&quot;,&quot;mobile_extra&quot;,&quot;mobile&quot;]}\" data-widget_type=\"icon.default\">\n\t\t\t\t\t\t\t<div class=\"elementor-icon-wrapper\">\n\t\t\t<div class=\"elementor-icon\">\n\t\t\t\t\t\t<\/div>\n\t\t<\/div>\n\t\t\t\t\t\t<\/div>\n\t\t\t\t<\/div>\n\t\t<div class=\"elementor-element elementor-element-4e0b3cc e-con-full e-flex e-con e-child\" data-id=\"4e0b3cc\" data-element_type=\"container\">\n\t\t\t\t<div class=\"elementor-element elementor-element-6bc46d3 elementor-widget__width-initial elementor-invisible elementor-widget elementor-widget-heading\" data-id=\"6bc46d3\" data-element_type=\"widget\" data-settings=\"{&quot;_animation&quot;:&quot;opal-move-left&quot;}\" data-widget_type=\"heading.default\">\n\t\t\t\t\t<h2 data-cursor=\"-opaque\" class=\"elementor-heading-title elementor-size-default\">Nov\u00fd rok na Jahorin\u011b \u2013  <span class=\"c-primary\">Podrobn\u00fd pr\u016fvodce pro dokonalou zimn\u00ed dovolenou<\/span><\/h2>\t\t\t\t<\/div>\n\t\t\t\t<div class=\"elementor-element elementor-element-4aa09f6 elementor-widget__width-initial elementor-invisible elementor-widget elementor-widget-text-editor\" data-id=\"4aa09f6\" data-element_type=\"widget\" data-settings=\"{&quot;_animation&quot;:&quot;opal-move-left&quot;}\" data-widget_type=\"text-editor.default\">\n\t\t\t\t\t\t\t\t\t<p><strong><span dir=\"auto\">Silvestr na Jahorin\u011b &#8211; Ide\u00e1ln\u00ed destinace pro zimn\u00ed Silvestr.<\/span><\/strong><\/p><p><span dir=\"auto\">Jahorina je jedn\u00edm z nejobl\u00edben\u011bj\u0161\u00edch ly\u017ea\u0159sk\u00fdch st\u0159edisek v regionu a Silvestr v t\u00e9to olympijsk\u00e9 kr\u00e1sce poskytuje nezapomenuteln\u00fd z\u00e1\u017eitek pro v\u0161echny n\u00e1v\u0161t\u011bvn\u00edky. D\u00edky \u0161pi\u010dkov\u00e9 nab\u00eddk\u011b ubytov\u00e1n\u00ed, z\u00e1bavn\u00edch akc\u00ed a zimn\u00edch aktivit je Jahorina ide\u00e1ln\u00ed volbou pro ty, kte\u0159\u00ed cht\u011bj\u00ed spojit ly\u017eov\u00e1n\u00ed a sv\u00e1te\u010dn\u00ed atmosf\u00e9ru.<\/span><\/p>\t\t\t\t\t\t\t\t<\/div>\n\t\t\t\t<\/div>\n\t\t\t\t<\/div>\n\t\t<div class=\"elementor-element elementor-element-300ae1a e-con-full e-flex e-con e-child\" data-id=\"300ae1a\" data-element_type=\"container\">\n\t\t<div class=\"elementor-element elementor-element-70f5e3f e-con-full e-flex e-con e-child\" data-id=\"70f5e3f\" data-element_type=\"container\">\n\t\t\t\t<div class=\"elementor-element elementor-element-67151ae elementor-invisible elementor-widget elementor-widget-n-accordion\" data-id=\"67151ae\" data-element_type=\"widget\" data-settings=\"{&quot;_animation&quot;:&quot;opal-move-right&quot;,&quot;default_state&quot;:&quot;all_collapsed&quot;,&quot;max_items_expended&quot;:&quot;one&quot;,&quot;n_accordion_animation_duration&quot;:{&quot;unit&quot;:&quot;ms&quot;,&quot;size&quot;:400,&quot;sizes&quot;:[]}}\" data-widget_type=\"nested-accordion.default\">\n\t\t\t\t\t\t\t<div class=\"e-n-accordion\" aria-label=\"Accordion. Open links with Enter or Space, close with Escape, and navigate with Arrow Keys\">\n\t\t\t\t\t\t<details id=\"e-n-accordion-item-1080\" class=\"e-n-accordion-item\" >\n\t\t\t\t<summary class=\"e-n-accordion-item-title\" data-accordion-index=\"1\" tabindex=\"0\" aria-expanded=\"false\" aria-controls=\"e-n-accordion-item-1080\" >\n\t\t\t\t\t<span class='e-n-accordion-item-title-header'><div class=\"e-n-accordion-item-title-text\"> Ubytov\u00e1n\u00ed na Nov\u00fd rok <\/div><\/span>\n\t\t\t\t\t\t\t<span class='e-n-accordion-item-title-icon'>\n\t\t\t<span class='e-opened' ><i aria-hidden=\"true\" class=\"antra-icon- antra-icon-minus\"><\/i><\/span>\n\t\t\t<span class='e-closed'><i aria-hidden=\"true\" class=\"antra-icon- antra-icon-plus\"><\/i><\/span>\n\t\t<\/span>\n\n\t\t\t\t\t\t<\/summary>\n\t\t\t\t<div role=\"region\" aria-labelledby=\"e-n-accordion-item-1080\" class=\"elementor-element elementor-element-efa299f e-con-full e-flex e-con e-child\" data-id=\"efa299f\" data-element_type=\"container\">\n\t\t\t\t<div class=\"elementor-element elementor-element-bf5b1c6 elementor-widget__width-initial elementor-widget elementor-widget-text-editor\" data-id=\"bf5b1c6\" data-element_type=\"widget\" data-widget_type=\"text-editor.default\">\n\t\t\t\t\t\t\t\t\t<ol><li><ol><li><p><strong><span dir=\"auto\">Hotely<\/span><\/strong><span dir=\"auto\">\u00a0: Mnoho hotel\u016f na Jahorin\u011b nab\u00edz\u00ed speci\u00e1ln\u00ed silvestrovsk\u00e9 bal\u00ed\u010dky. Nab\u00eddky \u010dasto zahrnuj\u00ed:<\/span><\/p><ul><li><span dir=\"auto\">Nocleh se sn\u00eddan\u00ed.<\/span><\/li><li><span dir=\"auto\">Slavnostn\u00ed ve\u010de\u0159e se z\u00e1bavn\u00edm programem.<\/span><\/li><li><span dir=\"auto\">Vstup do wellness center.<\/span><\/li><li><span dir=\"auto\">Ceny za\u010d\u00ednaj\u00ed od 1450 KM za t\u0159i a\u017e \u010dty\u0159i noci pro dv\u011b osoby.<\/span><br \/><br \/><\/li><\/ul><\/li><li><p><strong><span dir=\"auto\">Apartm\u00e1ny<\/span><\/strong><span dir=\"auto\">\u00a0: Luxusn\u00ed apartm\u00e1ny jako\u00a0\u00a0<\/span><a href=\"https:\/\/translate.google.com\/website?sl=hr&amp;tl=cs&amp;hl=en&amp;client=webapp&amp;u=https:\/\/apartments-jahorina.com\/apartmani-jahorina\/\"><strong><span dir=\"auto\">Bestblick Apartments<\/span><\/strong><\/a><span dir=\"auto\">\u00a0\u00a0poskytuj\u00ed pohodln\u00e9 a modern\u00ed ubytov\u00e1n\u00ed, ide\u00e1ln\u00ed pro p\u00e1ry nebo mal\u00e9 skupiny. Jsou vybaveny v\u0161\u00edm pot\u0159ebn\u00fdm vybaven\u00edm pro relaxa\u010dn\u00ed pobyt.<\/span><\/p><\/li><li><p><strong><span dir=\"auto\">Chatky<\/span><\/strong><span dir=\"auto\">\u00a0: Pro milovn\u00edky soukrom\u00ed a p\u0159\u00edrody nab\u00edzej\u00ed chatky rustik\u00e1ln\u00ed kouzlo s modern\u00edm vybaven\u00edm a kapacitou a\u017e pro osm osob.<\/span><\/p><\/li><\/ol><\/li><\/ol>\t\t\t\t\t\t\t\t<\/div>\n\t\t\t\t<\/div>\n\t\t\t\t\t<\/details>\n\t\t\t\t\t\t<details id=\"e-n-accordion-item-1081\" class=\"e-n-accordion-item\" >\n\t\t\t\t<summary class=\"e-n-accordion-item-title\" data-accordion-index=\"2\" tabindex=\"-1\" aria-expanded=\"false\" aria-controls=\"e-n-accordion-item-1081\" >\n\t\t\t\t\t<span class='e-n-accordion-item-title-header'><div class=\"e-n-accordion-item-title-text\"> Z\u00e1bavn\u00ed program a aktivity <\/div><\/span>\n\t\t\t\t\t\t\t<span class='e-n-accordion-item-title-icon'>\n\t\t\t<span class='e-opened' ><i aria-hidden=\"true\" class=\"antra-icon- antra-icon-minus\"><\/i><\/span>\n\t\t\t<span class='e-closed'><i aria-hidden=\"true\" class=\"antra-icon- antra-icon-plus\"><\/i><\/span>\n\t\t<\/span>\n\n\t\t\t\t\t\t<\/summary>\n\t\t\t\t<div role=\"region\" aria-labelledby=\"e-n-accordion-item-1081\" class=\"elementor-element elementor-element-f0098d4 e-con-full e-flex e-con e-child\" data-id=\"f0098d4\" data-element_type=\"container\">\n\t\t\t\t<div class=\"elementor-element elementor-element-6580925 elementor-widget__width-initial elementor-widget elementor-widget-text-editor\" data-id=\"6580925\" data-element_type=\"widget\" data-widget_type=\"text-editor.default\">\n\t\t\t\t\t\t\t\t\t<ul><li><strong><span dir=\"auto\"><span dir=\"auto\">Oslava Silvestra<\/span><\/span><\/strong><span dir=\"auto\"><span dir=\"auto\">\u00a0: Hotely a restaurace po\u0159\u00e1daj\u00ed ve\u010d\u00edrky s \u017eivou hudbou, DJi a velkolep\u00fdm oh\u0148ostrojem.<\/span><\/span><\/li><li><strong><span dir=\"auto\"><span dir=\"auto\">Ly\u017eov\u00e1n\u00ed a snowboarding<\/span><\/span><\/strong><span dir=\"auto\"><span dir=\"auto\">\u00a0: Jahorina nab\u00edz\u00ed 47 kilometr\u016f upravovan\u00fdch sjezdovek, v\u010detn\u011b ve\u010dern\u00edho ly\u017eov\u00e1n\u00ed.<\/span><\/span><\/li><li><strong><span dir=\"auto\"><span dir=\"auto\">Z\u00e1bava po ly\u017eov\u00e1n\u00ed<\/span><\/span><\/strong><span dir=\"auto\"><span dir=\"auto\">\u00a0: Po ly\u017eov\u00e1n\u00ed si n\u00e1v\u0161t\u011bvn\u00edci mohou vychutnat tepl\u00e9 n\u00e1poje a m\u00edstn\u00ed speciality v horsk\u00fdch barech.<\/span><\/span><\/li><li>\u00a0<\/li><\/ul>\t\t\t\t\t\t\t\t<\/div>\n\t\t\t\t<\/div>\n\t\t\t\t\t<\/details>\n\t\t\t\t\t\t<details id=\"e-n-accordion-item-1082\" class=\"e-n-accordion-item\" >\n\t\t\t\t<summary class=\"e-n-accordion-item-title\" data-accordion-index=\"3\" tabindex=\"-1\" aria-expanded=\"false\" aria-controls=\"e-n-accordion-item-1082\" >\n\t\t\t\t\t<span class='e-n-accordion-item-title-header'><div class=\"e-n-accordion-item-title-text\"> Tipy pro n\u00e1v\u0161t\u011bvn\u00edky <\/div><\/span>\n\t\t\t\t\t\t\t<span class='e-n-accordion-item-title-icon'>\n\t\t\t<span class='e-opened' ><i aria-hidden=\"true\" class=\"antra-icon- antra-icon-minus\"><\/i><\/span>\n\t\t\t<span class='e-closed'><i aria-hidden=\"true\" class=\"antra-icon- antra-icon-plus\"><\/i><\/span>\n\t\t<\/span>\n\n\t\t\t\t\t\t<\/summary>\n\t\t\t\t<div role=\"region\" aria-labelledby=\"e-n-accordion-item-1082\" class=\"elementor-element elementor-element-5471b18 e-con-full e-flex e-con e-child\" data-id=\"5471b18\" data-element_type=\"container\">\n\t\t\t\t<div class=\"elementor-element elementor-element-9cf7c35 elementor-widget__width-initial elementor-widget elementor-widget-text-editor\" data-id=\"9cf7c35\" data-element_type=\"widget\" data-widget_type=\"text-editor.default\">\n\t\t\t\t\t\t\t\t\t<ul><li><strong><span dir=\"auto\"><span dir=\"auto\">Rezervujte si p\u0159edem<\/span><\/span><\/strong><span dir=\"auto\"><span dir=\"auto\">\u00a0: M\u00edsta se kv\u016fli vysok\u00e9 popt\u00e1vce rychle pln\u00ed.<\/span><\/span><\/li><li><strong><span dir=\"auto\"><span dir=\"auto\">Rodinn\u00e9 bal\u00ed\u010dky<\/span><\/span><\/strong><span dir=\"auto\"><span dir=\"auto\">\u00a0: Mnoho hotel\u016f nab\u00edz\u00ed slevy pro d\u011bti nebo ubytov\u00e1n\u00ed zdarma pro nejmen\u0161\u00ed.<\/span><\/span><\/li><li><strong><span dir=\"auto\"><span dir=\"auto\">P\u0159\u00edprava na zimn\u00ed podm\u00ednky<\/span><\/span><\/strong><span dir=\"auto\"><span dir=\"auto\">\u00a0: Vezm\u011bte si s sebou tepl\u00e9 oble\u010den\u00ed a vhodn\u00e9 vybaven\u00ed pro horsk\u00e9 aktivity.<\/span><\/span><\/li><\/ul>\t\t\t\t\t\t\t\t<\/div>\n\t\t\t\t<\/div>\n\t\t\t\t\t<\/details>\n\t\t\t\t\t\t<details id=\"e-n-accordion-item-1083\" class=\"e-n-accordion-item\" >\n\t\t\t\t<summary class=\"e-n-accordion-item-title\" data-accordion-index=\"4\" tabindex=\"-1\" aria-expanded=\"false\" aria-controls=\"e-n-accordion-item-1083\" >\n\t\t\t\t\t<span class='e-n-accordion-item-title-header'><div class=\"e-n-accordion-item-title-text\"> Z\u00e1v\u011br <\/div><\/span>\n\t\t\t\t\t\t\t<span class='e-n-accordion-item-title-icon'>\n\t\t\t<span class='e-opened' ><i aria-hidden=\"true\" class=\"antra-icon- antra-icon-minus\"><\/i><\/span>\n\t\t\t<span class='e-closed'><i aria-hidden=\"true\" class=\"antra-icon- antra-icon-plus\"><\/i><\/span>\n\t\t<\/span>\n\n\t\t\t\t\t\t<\/summary>\n\t\t\t\t<div role=\"region\" aria-labelledby=\"e-n-accordion-item-1083\" class=\"elementor-element elementor-element-0f421d8 e-con-full e-flex e-con e-child\" data-id=\"0f421d8\" data-element_type=\"container\">\n\t\t\t\t<div class=\"elementor-element elementor-element-f71324c elementor-widget__width-initial elementor-widget elementor-widget-text-editor\" data-id=\"f71324c\" data-element_type=\"widget\" data-widget_type=\"text-editor.default\">\n\t\t\t\t\t\t\t\t\t<p>Silvestr na Jahorin\u011b spojuje zimn\u00ed kouzlo, sportovn\u00ed aktivity a \u0161pi\u010dkovou z\u00e1bavu. A\u0165 u\u017e hled\u00e1te luxusn\u00ed ubytov\u00e1n\u00ed, dobrodru\u017en\u00e9 aktivity nebo relaxa\u010dn\u00ed pobyt v p\u0159\u00edrod\u011b, Jahorina m\u00e1 v\u0161e, co pot\u0159ebujete.<\/p>\t\t\t\t\t\t\t\t<\/div>\n\t\t\t\t<\/div>\n\t\t\t\t\t<\/details>\n\t\t\t\t\t<\/div>\n\t\t\t\t\t\t<\/div>\n\t\t\t\t<\/div>\n\t\t<div class=\"elementor-element elementor-element-7c44126 e-con-full e-flex e-con e-child\" data-id=\"7c44126\" data-element_type=\"container\">\n\t\t\t\t<div class=\"elementor-element elementor-element-5b562f9 elementor-invisible elementor-widget elementor-widget-image\" data-id=\"5b562f9\" data-element_type=\"widget\" data-settings=\"{&quot;_animation&quot;:&quot;opal-move-left&quot;}\" data-widget_type=\"image.default\">\n\t\t\t\t\t<div class=\"antra-wrapper-image-widget\" data-cursor=\"-opaque\">\t\t\t\t\t\t\t\t\t\t<img loading=\"lazy\" decoding=\"async\" width=\"1920\" height=\"2560\" src=\"https:\/\/apartments-jahorina.com\/wp-content\/uploads\/2025\/11\/IMG_6802-scaled.jpg\" class=\"attachment-full size-full wp-image-10674\" alt=\"\" srcset=\"https:\/\/apartments-jahorina.com\/wp-content\/uploads\/2025\/11\/IMG_6802-scaled.jpg 1920w, https:\/\/apartments-jahorina.com\/wp-content\/uploads\/2025\/11\/IMG_6802-225x300.jpg 225w, https:\/\/apartments-jahorina.com\/wp-content\/uploads\/2025\/11\/IMG_6802-768x1024.jpg 768w, https:\/\/apartments-jahorina.com\/wp-content\/uploads\/2025\/11\/IMG_6802-1152x1536.jpg 1152w, https:\/\/apartments-jahorina.com\/wp-content\/uploads\/2025\/11\/IMG_6802-1536x2048.jpg 1536w, https:\/\/apartments-jahorina.com\/wp-content\/uploads\/2025\/11\/IMG_6802-472x629.jpg 472w, https:\/\/apartments-jahorina.com\/wp-content\/uploads\/2025\/11\/IMG_6802-1000x1333.jpg 1000w\" sizes=\"(max-width: 1920px) 100vw, 1920px\" \/>\t\t\t\t\t\t\t\t\t\t\t<\/div>\t\t\t\t<\/div>\n\t\t\t\t<\/div>\n\t\t\t\t<\/div>\n\t\t\t\t\t<\/div>\n\t\t\t\t<\/div>\n\t\t\t\t<\/div>\n\t\t","protected":false},"excerpt":{"rendered":"<p>Nov\u00fd rok na Jahorin\u011b \u2013 Podrobn\u00fd pr\u016fvodce pro dokonalou zimn\u00ed dovolenou Silvestr na Jahorin\u011b &#8211; Ide\u00e1ln\u00ed destinace pro zimn\u00ed Silvestr. Jahorina je jedn\u00edm z nejobl\u00edben\u011bj\u0161\u00edch ly\u017ea\u0159sk\u00fdch st\u0159edisek v regionu a Silvestr v t\u00e9to olympijsk\u00e9 kr\u00e1sce poskytuje nezapomenuteln\u00fd z\u00e1\u017eitek pro v\u0161echny n\u00e1v\u0161t\u011bvn\u00edky. D\u00edky \u0161pi\u010dkov\u00e9 nab\u00eddk\u011b ubytov\u00e1n\u00ed, z\u00e1bavn\u00edch akc\u00ed a zimn\u00edch aktivit je Jahorina ide\u00e1ln\u00ed volbou pro [&hellip;]<\/p>\n","protected":false},"author":1,"featured_media":0,"parent":0,"menu_order":0,"comment_status":"closed","ping_status":"closed","template":"","meta":{"footnotes":""},"class_list":["post-10048","page","type-page","status-publish","hentry"],"yoast_head":"<!-- This site is optimized with the Yoast SEO plugin v26.4 - https:\/\/yoast.com\/wordpress\/plugins\/seo\/ -->\n<title>Nov\u00fd rok na Jahorin\u011b - BESTBLICK Apartments Jahorina<\/title>\n<meta name=\"robots\" content=\"index, follow, max-snippet:-1, max-image-preview:large, max-video-preview:-1\" \/>\n<link rel=\"canonical\" href=\"https:\/\/apartments-jahorina.com\/cs\/novy-rok-na-jahorine\/\" \/>\n<meta property=\"og:locale\" content=\"cs_CZ\" \/>\n<meta property=\"og:type\" content=\"article\" \/>\n<meta property=\"og:title\" content=\"Nov\u00fd rok na Jahorin\u011b - BESTBLICK Apartments Jahorina\" \/>\n<meta property=\"og:description\" content=\"Nov\u00fd rok na Jahorin\u011b \u2013 Podrobn\u00fd pr\u016fvodce pro dokonalou zimn\u00ed dovolenou Silvestr na Jahorin\u011b &#8211; Ide\u00e1ln\u00ed destinace pro zimn\u00ed Silvestr. Jahorina je jedn\u00edm z nejobl\u00edben\u011bj\u0161\u00edch ly\u017ea\u0159sk\u00fdch st\u0159edisek v regionu a Silvestr v t\u00e9to olympijsk\u00e9 kr\u00e1sce poskytuje nezapomenuteln\u00fd z\u00e1\u017eitek pro v\u0161echny n\u00e1v\u0161t\u011bvn\u00edky. D\u00edky \u0161pi\u010dkov\u00e9 nab\u00eddk\u011b ubytov\u00e1n\u00ed, z\u00e1bavn\u00edch akc\u00ed a zimn\u00edch aktivit je Jahorina ide\u00e1ln\u00ed volbou pro [&hellip;]\" \/>\n<meta property=\"og:url\" content=\"https:\/\/apartments-jahorina.com\/cs\/novy-rok-na-jahorine\/\" \/>\n<meta property=\"og:site_name\" content=\"BESTBLICK Apartments Jahorina\" \/>\n<meta property=\"article:modified_time\" content=\"2025-12-10T01:38:25+00:00\" \/>\n<meta property=\"og:image\" content=\"http:\/\/apartments-jahorina.com\/wp-content\/uploads\/2025\/11\/IMG_6802-scaled.jpg\" \/>\n<meta name=\"twitter:card\" content=\"summary_large_image\" \/>\n<meta name=\"twitter:label1\" content=\"Odhadovan\u00e1 doba \u010dten\u00ed\" \/>\n\t<meta name=\"twitter:data1\" content=\"3 minuty\" \/>\n<script type=\"application\/ld+json\" class=\"yoast-schema-graph\">{\"@context\":\"https:\/\/schema.org\",\"@graph\":[{\"@type\":\"WebPage\",\"@id\":\"https:\/\/apartments-jahorina.com\/cs\/novy-rok-na-jahorine\/\",\"url\":\"https:\/\/apartments-jahorina.com\/cs\/novy-rok-na-jahorine\/\",\"name\":\"Nov\u00fd rok na Jahorin\u011b - BESTBLICK Apartments Jahorina\",\"isPartOf\":{\"@id\":\"https:\/\/apartments-jahorina.com\/#website\"},\"primaryImageOfPage\":{\"@id\":\"https:\/\/apartments-jahorina.com\/cs\/novy-rok-na-jahorine\/#primaryimage\"},\"image\":{\"@id\":\"https:\/\/apartments-jahorina.com\/cs\/novy-rok-na-jahorine\/#primaryimage\"},\"thumbnailUrl\":\"http:\/\/apartments-jahorina.com\/wp-content\/uploads\/2025\/11\/IMG_6802-scaled.jpg\",\"datePublished\":\"2025-11-30T18:18:56+00:00\",\"dateModified\":\"2025-12-10T01:38:25+00:00\",\"breadcrumb\":{\"@id\":\"https:\/\/apartments-jahorina.com\/cs\/novy-rok-na-jahorine\/#breadcrumb\"},\"inLanguage\":\"cs\",\"potentialAction\":[{\"@type\":\"ReadAction\",\"target\":[\"https:\/\/apartments-jahorina.com\/cs\/novy-rok-na-jahorine\/\"]}]},{\"@type\":\"ImageObject\",\"inLanguage\":\"cs\",\"@id\":\"https:\/\/apartments-jahorina.com\/cs\/novy-rok-na-jahorine\/#primaryimage\",\"url\":\"http:\/\/apartments-jahorina.com\/wp-content\/uploads\/2025\/11\/IMG_6802-scaled.jpg\",\"contentUrl\":\"http:\/\/apartments-jahorina.com\/wp-content\/uploads\/2025\/11\/IMG_6802-scaled.jpg\"},{\"@type\":\"BreadcrumbList\",\"@id\":\"https:\/\/apartments-jahorina.com\/cs\/novy-rok-na-jahorine\/#breadcrumb\",\"itemListElement\":[{\"@type\":\"ListItem\",\"position\":1,\"name\":\"Home\",\"item\":\"https:\/\/apartments-jahorina.com\/sl\/\"},{\"@type\":\"ListItem\",\"position\":2,\"name\":\"Nov\u00fd rok na Jahorin\u011b\"}]},{\"@type\":\"WebSite\",\"@id\":\"https:\/\/apartments-jahorina.com\/#website\",\"url\":\"https:\/\/apartments-jahorina.com\/\",\"name\":\"BESTBLICK Apartments Jahorina\",\"description\":\"Moderni apartmani s pogledom na ski-stazu\",\"potentialAction\":[{\"@type\":\"SearchAction\",\"target\":{\"@type\":\"EntryPoint\",\"urlTemplate\":\"https:\/\/apartments-jahorina.com\/?s={search_term_string}\"},\"query-input\":{\"@type\":\"PropertyValueSpecification\",\"valueRequired\":true,\"valueName\":\"search_term_string\"}}],\"inLanguage\":\"cs\"}]}<\/script>\n<!-- \/ Yoast SEO plugin. -->","yoast_head_json":{"title":"Nov\u00fd rok na Jahorin\u011b - BESTBLICK Apartments Jahorina","robots":{"index":"index","follow":"follow","max-snippet":"max-snippet:-1","max-image-preview":"max-image-preview:large","max-video-preview":"max-video-preview:-1"},"canonical":"https:\/\/apartments-jahorina.com\/cs\/novy-rok-na-jahorine\/","og_locale":"cs_CZ","og_type":"article","og_title":"Nov\u00fd rok na Jahorin\u011b - BESTBLICK Apartments Jahorina","og_description":"Nov\u00fd rok na Jahorin\u011b \u2013 Podrobn\u00fd pr\u016fvodce pro dokonalou zimn\u00ed dovolenou Silvestr na Jahorin\u011b &#8211; Ide\u00e1ln\u00ed destinace pro zimn\u00ed Silvestr. Jahorina je jedn\u00edm z nejobl\u00edben\u011bj\u0161\u00edch ly\u017ea\u0159sk\u00fdch st\u0159edisek v regionu a Silvestr v t\u00e9to olympijsk\u00e9 kr\u00e1sce poskytuje nezapomenuteln\u00fd z\u00e1\u017eitek pro v\u0161echny n\u00e1v\u0161t\u011bvn\u00edky. D\u00edky \u0161pi\u010dkov\u00e9 nab\u00eddk\u011b ubytov\u00e1n\u00ed, z\u00e1bavn\u00edch akc\u00ed a zimn\u00edch aktivit je Jahorina ide\u00e1ln\u00ed volbou pro [&hellip;]","og_url":"https:\/\/apartments-jahorina.com\/cs\/novy-rok-na-jahorine\/","og_site_name":"BESTBLICK Apartments Jahorina","article_modified_time":"2025-12-10T01:38:25+00:00","og_image":[{"url":"http:\/\/apartments-jahorina.com\/wp-content\/uploads\/2025\/11\/IMG_6802-scaled.jpg","type":"","width":"","height":""}],"twitter_card":"summary_large_image","twitter_misc":{"Odhadovan\u00e1 doba \u010dten\u00ed":"3 minuty"},"schema":{"@context":"https:\/\/schema.org","@graph":[{"@type":"WebPage","@id":"https:\/\/apartments-jahorina.com\/cs\/novy-rok-na-jahorine\/","url":"https:\/\/apartments-jahorina.com\/cs\/novy-rok-na-jahorine\/","name":"Nov\u00fd rok na Jahorin\u011b - BESTBLICK Apartments Jahorina","isPartOf":{"@id":"https:\/\/apartments-jahorina.com\/#website"},"primaryImageOfPage":{"@id":"https:\/\/apartments-jahorina.com\/cs\/novy-rok-na-jahorine\/#primaryimage"},"image":{"@id":"https:\/\/apartments-jahorina.com\/cs\/novy-rok-na-jahorine\/#primaryimage"},"thumbnailUrl":"http:\/\/apartments-jahorina.com\/wp-content\/uploads\/2025\/11\/IMG_6802-scaled.jpg","datePublished":"2025-11-30T18:18:56+00:00","dateModified":"2025-12-10T01:38:25+00:00","breadcrumb":{"@id":"https:\/\/apartments-jahorina.com\/cs\/novy-rok-na-jahorine\/#breadcrumb"},"inLanguage":"cs","potentialAction":[{"@type":"ReadAction","target":["https:\/\/apartments-jahorina.com\/cs\/novy-rok-na-jahorine\/"]}]},{"@type":"ImageObject","inLanguage":"cs","@id":"https:\/\/apartments-jahorina.com\/cs\/novy-rok-na-jahorine\/#primaryimage","url":"http:\/\/apartments-jahorina.com\/wp-content\/uploads\/2025\/11\/IMG_6802-scaled.jpg","contentUrl":"http:\/\/apartments-jahorina.com\/wp-content\/uploads\/2025\/11\/IMG_6802-scaled.jpg"},{"@type":"BreadcrumbList","@id":"https:\/\/apartments-jahorina.com\/cs\/novy-rok-na-jahorine\/#breadcrumb","itemListElement":[{"@type":"ListItem","position":1,"name":"Home","item":"https:\/\/apartments-jahorina.com\/sl\/"},{"@type":"ListItem","position":2,"name":"Nov\u00fd rok na Jahorin\u011b"}]},{"@type":"WebSite","@id":"https:\/\/apartments-jahorina.com\/#website","url":"https:\/\/apartments-jahorina.com\/","name":"BESTBLICK Apartments Jahorina","description":"Moderni apartmani s pogledom na ski-stazu","potentialAction":[{"@type":"SearchAction","target":{"@type":"EntryPoint","urlTemplate":"https:\/\/apartments-jahorina.com\/?s={search_term_string}"},"query-input":{"@type":"PropertyValueSpecification","valueRequired":true,"valueName":"search_term_string"}}],"inLanguage":"cs"}]}},"_links":{"self":[{"href":"https:\/\/apartments-jahorina.com\/cs\/wp-json\/wp\/v2\/pages\/10048","targetHints":{"allow":["GET"]}}],"collection":[{"href":"https:\/\/apartments-jahorina.com\/cs\/wp-json\/wp\/v2\/pages"}],"about":[{"href":"https:\/\/apartments-jahorina.com\/cs\/wp-json\/wp\/v2\/types\/page"}],"author":[{"embeddable":true,"href":"https:\/\/apartments-jahorina.com\/cs\/wp-json\/wp\/v2\/users\/1"}],"replies":[{"embeddable":true,"href":"https:\/\/apartments-jahorina.com\/cs\/wp-json\/wp\/v2\/comments?post=10048"}],"version-history":[{"count":10,"href":"https:\/\/apartments-jahorina.com\/cs\/wp-json\/wp\/v2\/pages\/10048\/revisions"}],"predecessor-version":[{"id":12375,"href":"https:\/\/apartments-jahorina.com\/cs\/wp-json\/wp\/v2\/pages\/10048\/revisions\/12375"}],"wp:attachment":[{"href":"https:\/\/apartments-jahorina.com\/cs\/wp-json\/wp\/v2\/media?parent=10048"}],"curies":[{"name":"wp","href":"https:\/\/api.w.org\/{rel}","templated":true}]}}