{"id":10090,"date":"2025-11-14T12:00:39","date_gmt":"2025-11-14T12:00:39","guid":{"rendered":"http:\/\/apartments-jahorina.com\/pravila-privatnosti\/"},"modified":"2025-12-17T16:21:37","modified_gmt":"2025-12-17T16:21:37","slug":"privacy","status":"publish","type":"page","link":"https:\/\/apartments-jahorina.com\/cs\/privacy\/","title":{"rendered":"Z\u00e1sady ochrany osobn\u00edch \u00fadaj\u016f"},"content":{"rendered":"\r\n<p><span dir=\"auto\">Apartm\u00e1ny Jahorina, Obu\u0107ina Bare 85e, 71423 Jahorina, Bosna a Hercegovina.<\/span><\/p>\r\n<p><span dir=\"auto\">V r\u00e1mci na\u0161\u00ed \u010dinnosti shroma\u017e\u010fujeme a zpracov\u00e1v\u00e1me osobn\u00ed \u00fadaje poskytnut\u00e9 klienty. Vzhledem k tomu, \u017ee ochrana va\u0161eho soukrom\u00ed je pro n\u00e1s prioritou, p\u0159ijali jsme n\u00e1sleduj\u00edc\u00ed Z\u00e1sady ochrany osobn\u00edch \u00fadaj\u016f.<\/span><\/p>\r\n<p><span dir=\"auto\">Apartm\u00e1ny Jahorina dodr\u017euj\u00ed n\u00e1sleduj\u00edc\u00ed z\u00e1sady pro ochranu va\u0161eho soukrom\u00ed:<\/span><br \/><span dir=\"auto\">\u2022 Neshroma\u017e\u010fujeme v\u00edce informac\u00ed, ne\u017e je nezbytn\u00e9;<\/span><br \/><span dir=\"auto\">\u2022 Va\u0161e \u00fadaje nepou\u017e\u00edv\u00e1me k \u00fa\u010del\u016fm, kter\u00e9 nejsou uvedeny v p\u0159\u00edloze;<\/span><br \/><span dir=\"auto\">\u2022 Va\u0161e \u00fadaje neuchov\u00e1v\u00e1me, pokud ji\u017e nejsou nezbytn\u00e9;<\/span><br \/><span dir=\"auto\">\u2022 Va\u0161e osobn\u00ed \u00fadaje nikdy neprod\u00e1v\u00e1me, nep\u016fj\u010dujeme, nedistribuujeme ani ve\u0159ejn\u011b nezve\u0159ej\u0148ujeme.<\/span><br \/><span dir=\"auto\">\u2022 Va\u0161e \u00fadaje neposkytujeme t\u0159et\u00edm stran\u00e1m,<\/span><br \/><span dir=\"auto\">\u2022 Nepou\u017e\u00edv\u00e1me \u017e\u00e1dn\u00e9 automatizovan\u00e9 zpracov\u00e1n\u00ed a rozhodov\u00e1n\u00ed ani profilov\u00e1n\u00ed,<\/span><br \/><span dir=\"auto\">\u2022 Va\u0161e osobn\u00ed \u00fadaje nep\u0159ed\u00e1v\u00e1me do t\u0159et\u00ed zem\u011b ani mezin\u00e1rodn\u00ed organizaci,<\/span><br \/><span dir=\"auto\">\u2022 Va\u0161e \u00fadaje nepou\u017e\u00edv\u00e1me k \u00fa\u010del\u016fm, kter\u00e9 nejsou uvedeny v p\u0159\u00edloze,<\/span><br \/><span dir=\"auto\">\u2022 Kontrolujeme tak\u00e9, zda jsou va\u0161e \u00fadaje bezpe\u010dn\u011b ulo\u017eeny.<\/span><\/p>\r\n<p><span dir=\"auto\">Apartm\u00e1ny Jahorina shroma\u017e\u010fuj\u00ed pouze omezen\u00e9 mno\u017estv\u00ed informac\u00ed o v\u00e1s, kter\u00e9 jsou nezbytn\u00e9 k vy\u0159\u00edzen\u00ed va\u0161\u00ed \u017e\u00e1dosti a v nad\u011bji, \u017ee s v\u00e1mi nav\u00e1\u017ee dlouhodob\u00fd a d\u016fv\u011bryhodn\u00fd obchodn\u00ed vztah.<\/span><\/p>\r\n<p><span dir=\"auto\">V Apartm\u00e1nech Jahorina jsme vytvo\u0159ili Z\u00e1sady ochrany osobn\u00edch \u00fadaj\u016f, jejich\u017e c\u00edlem je pomoci v\u00e1m pochopit, jak\u00e9 \u00fadaje shroma\u017e\u010fujeme, k jak\u00e9mu \u00fa\u010delu je pou\u017e\u00edv\u00e1me a jak m\u016f\u017eete uplatnit sv\u00e1 pr\u00e1va.<\/span><\/p>\r\n<p><span dir=\"auto\">Je d\u016fle\u017eit\u00e9 si p\u0159e\u010d\u00edst na\u0161e Z\u00e1sady ochrany osobn\u00edch \u00fadaj\u016f a douf\u00e1me, \u017ee si ud\u011bl\u00e1te \u010das a v\u011bnujete jim pozornost.<\/span><\/p>\r\n<p><span dir=\"auto\">Jak a jak\u00e9 informace o v\u00e1s shroma\u017e\u010fujeme?<\/span><br \/><span dir=\"auto\">Kdy\u017e n\u00e1s kontaktujete prost\u0159ednictv\u00edm na\u0161eho webov\u00e9ho kontaktn\u00edho formul\u00e1\u0159e nebo p\u0159\u00edmo prost\u0159ednictv\u00edm na\u0161\u00ed e-mailov\u00e9 adresy. Informace, kter\u00e9 vypln\u00edte (osobn\u00ed \u00fadaje, jako je va\u0161e jm\u00e9no, e-mailov\u00e1 adresa atd.) nebo za\u0161lete p\u0159\u00edm\u00fdm e-mailem, budou zpracov\u00e1ny a ulo\u017eeny, abychom v\u00e1s mohli kontaktovat a reagovat na va\u0161i \u017e\u00e1dost. Pokud je v\u00e1m m\u00e9n\u011b ne\u017e 16 let, mus\u00edte p\u0159ed poskytnut\u00edm osobn\u00edch \u00fadaj\u016f poskytnout souhlas sv\u00e9ho rodi\u010de nebo z\u00e1konn\u00e9ho z\u00e1stupce. Vypln\u011bn\u00edm kontaktn\u00edch formul\u00e1\u0159\u016f na na\u0161ich webov\u00fdch str\u00e1nk\u00e1ch nebo p\u0159\u00edm\u00fdm kontaktov\u00e1n\u00edm n\u00e1s e-mailem zaru\u010dujete, \u017ee v\u00e1mi poskytnut\u00e9 informace jsou p\u0159esn\u00e9 a \u017ee pln\u011b souhlas\u00edte s ustanoven\u00edmi na\u0161ich Z\u00e1sad ochrany osobn\u00edch \u00fadaj\u016f a podm\u00ednkami v nich uveden\u00fdmi.<\/span><\/p>\r\n<p><span dir=\"auto\">Informace o spr\u00e1vci va\u0161ich \u00fadaj\u016f<\/span><br \/><span dir=\"auto\">Spr\u00e1vcem t\u011bchto webov\u00fdch str\u00e1nek a va\u0161ich osobn\u00edch \u00fadaj\u016f je spole\u010dnost Apartments Jahorina, Obu\u0107ina Bare 85e, 71423 Jahorina, Bosna a Hercegovina. Jak\u00fd je \u00fa\u010del a pr\u00e1vn\u00ed z\u00e1klad pro shroma\u017e\u010fov\u00e1n\u00ed va\u0161ich \u00fadaj\u016f? Proveden\u00ed nejvhodn\u011bj\u0161\u00edch opat\u0159en\u00ed na va\u0161i \u017e\u00e1dost p\u0159ed uzav\u0159en\u00edm jak\u00e9hokoli obchodn\u00edho vztahu, na z\u00e1klad\u011b obchodn\u00ed \u010dinnosti spole\u010dnosti a jej\u00edho opr\u00e1vn\u011bn\u00e9ho z\u00e1jmu.<\/span><\/p>\r\n<p><span dir=\"auto\">Jak dlouho budou va\u0161e osobn\u00ed \u00fadaje ulo\u017eeny?<\/span><br \/><span dir=\"auto\">Po dobu, kdy budeme m\u00edt otev\u0159enou komunikaci za \u00fa\u010delem nav\u00e1z\u00e1n\u00ed spole\u010dn\u00e9 obchodn\u00ed spolupr\u00e1ce a po dobu trv\u00e1n\u00ed na\u0161eho smluvn\u00edho vztahu.<\/span><\/p>\r\n<p><span dir=\"auto\">Jak budeme pou\u017e\u00edvat informace o v\u00e1s?<\/span><br \/><span dir=\"auto\">Informace o v\u00e1s shroma\u017e\u010fujeme, abychom v\u00e1s mohli kontaktovat a reagovat na va\u0161i \u017e\u00e1dost. Va\u0161e osobn\u00ed \u00fadaje shroma\u017e\u010fujeme a pou\u017e\u00edv\u00e1me v nezbytn\u00fdch mez\u00edch za \u00fa\u010delem nav\u00e1z\u00e1n\u00ed na\u0161eho obchodn\u00edho vztahu a tak\u00e9 po dobu trv\u00e1n\u00ed na\u0161eho smluvn\u00edho vztahu. B\u011bhem trv\u00e1n\u00ed smluvn\u00edho vztahu v\u00e1m budou Apartm\u00e1ny Jahorina zas\u00edlat ozn\u00e1men\u00ed o nov\u00fdch produktech a slu\u017eb\u00e1ch, o kter\u00fdch se domn\u00edv\u00e1me, \u017ee by v\u00e1s mohly zaj\u00edmat, pokud jste k tomu ud\u011blili souhlas p\u0159i kontaktov\u00e1n\u00ed na\u0161\u00ed spole\u010dnosti prost\u0159ednictv\u00edm webov\u00e9ho formul\u00e1\u0159e. Souhlas, kter\u00fd n\u00e1m k tomuto \u00fa\u010delu ud\u011blujete, m\u016f\u017eete kdykoli odvolat, v takov\u00e9m p\u0159\u00edpad\u011b toto zpracov\u00e1n\u00ed ukon\u010d\u00edme.<\/span><\/p>\r\n<p><span dir=\"auto\">Google Analytics<\/span><br \/><span dir=\"auto\">P\u0159i shroma\u017e\u010fov\u00e1n\u00ed osobn\u00edch \u00fadaj\u016f m\u016f\u017ee platforma Google Analytics ukl\u00e1dat ur\u010dit\u00e9 \u00fadaje, o kter\u00fdch se m\u016f\u017eete dozv\u011bd\u011bt v\u00edce v Z\u00e1sad\u00e1ch pou\u017e\u00edv\u00e1n\u00ed soubor\u016f cookie. Dal\u0161\u00ed informace o z\u00e1sad\u00e1ch ochrany osobn\u00edch \u00fadaj\u016f platformy Google Analytics naleznete na n\u00e1sleduj\u00edc\u00edm odkazu: https:\/\/policies.google.com\/privacy?hl=hr<\/span><\/p>\r\n<p><span dir=\"auto\">Zabezpe\u010den\u00ed informac\u00ed<\/span><br \/><span dir=\"auto\">Zavedli jsme bezpe\u010dnostn\u00ed opat\u0159en\u00ed k ochran\u011b osobn\u00edch \u00fadaj\u016f, kter\u00e9 s n\u00e1mi sd\u00edl\u00edte. Va\u0161e osobn\u00ed \u00fadaje jsou chr\u00e1n\u011bny p\u0159ed n\u00e1hodn\u00fdm nebo nez\u00e1konn\u00fdm zni\u010den\u00edm, ztr\u00e1tou, zm\u011bnou, neopr\u00e1vn\u011bn\u00fdm zve\u0159ejn\u011bn\u00edm nebo p\u0159\u00edstupem k osobn\u00edm \u00fadaj\u016fm b\u011bhem jejich p\u0159enosu, ukl\u00e1d\u00e1n\u00ed nebo jin\u00e9ho zpracov\u00e1n\u00ed.<\/span><\/p>\r\n<p><span dir=\"auto\">O na\u0161em webov\u00e9m serveru<\/span><br \/><span dir=\"auto\">Tyto webov\u00e9 str\u00e1nky hostuje celosv\u011btov\u011b uzn\u00e1van\u00fd poskytovatel slu\u017eeb v EU. Tyto webov\u00e9 str\u00e1nky hostuje celosv\u011btov\u011b uzn\u00e1van\u00fd poskytovatel slu\u017eeb v N\u011bmecku a EU, kter\u00e9ho Evropsk\u00e1 komise pova\u017euje za poskytovatele poskytuj\u00edc\u00edho odpov\u00eddaj\u00edc\u00ed \u00farove\u0148 ochrany osobn\u00edch \u00fadaj\u016f ob\u010dan\u016f EU.<\/span><\/p>\r\n<p><span dir=\"auto\">Soubory cookie<\/span><br \/><span dir=\"auto\">Pro usnadn\u011bn\u00ed prohl\u00ed\u017een\u00ed na\u0161ich webov\u00fdch str\u00e1nek pou\u017e\u00edv\u00e1 n\u00e1\u0161 glob\u00e1ln\u00ed s\u00ed\u0165ov\u00fd server soubory cookie. Soubory cookie nelze pou\u017e\u00edt ke spou\u0161t\u011bn\u00ed program\u016f ani k ukl\u00e1d\u00e1n\u00ed vir\u016f do va\u0161eho po\u010d\u00edta\u010de. Na\u0161e webov\u00e9 str\u00e1nky m\u016f\u017eete prohl\u00ed\u017eet bez soubor\u016f cookie, pokud je v\u00e1\u0161 prohl\u00ed\u017ee\u010d nastaven tak, aby je pou\u017e\u00edval. \u00dapln\u00e9 informace o souborech cookie naleznete v Prohl\u00e1\u0161en\u00ed o souborech cookie.<\/span><\/p>\r\n<p><span dir=\"auto\">Va\u0161e pr\u00e1va<\/span><br \/><span dir=\"auto\">M\u00e1te pr\u00e1vo na informace o zpracov\u00e1n\u00ed Va\u0161ich osobn\u00edch \u00fadaj\u016f, kdykoli odvolat sv\u016fj souhlas, opravit nebo doplnit Va\u0161e osobn\u00ed \u00fadaje tak, aby byly v\u017edy p\u0159esn\u00e9, vymazat Va\u0161e osobn\u00ed \u00fadaje, pokud ji\u017e nejsou pot\u0159ebn\u00e9 pro v\u00fd\u0161e uveden\u00e9 \u00fa\u010dely, p\u0159ev\u00e9st Va\u0161e osobn\u00ed \u00fadaje ve strukturovan\u00e9m form\u00e1tu a podat st\u00ed\u017enost spole\u010dnosti Apartments Jahorina p\u00edsemn\u011b na adresu Apartments Jahorina, Obu\u0107ina Bare 85e, 71423 Jahorina, Bosna a Hercegovina nebo elektronicky na adrese info@apartments-jahorina.com nebo u p\u0159\u00edslu\u0161n\u00e9ho st\u00e1tn\u00edho org\u00e1nu.<\/span><\/p>\r\n<p><span dir=\"auto\">V\u00e1\u0161 souhlas<\/span><br \/><span dir=\"auto\">Pou\u017e\u00edv\u00e1n\u00edm t\u011bchto webov\u00fdch str\u00e1nek souhlas\u00edte s t\u011bmito z\u00e1sadami ochrany osobn\u00edch \u00fadaj\u016f, tj. d\u00e1v\u00e1te v\u00fdslovn\u00fd souhlas spole\u010dnosti Apartm\u00e1ny Jahorina se shroma\u017e\u010fov\u00e1n\u00edm a dal\u0161\u00edm zpracov\u00e1n\u00edm va\u0161ich osobn\u00edch \u00fadaj\u016f, jako\u017e i ve\u0161ker\u00fdch dal\u0161\u00edch \u00fadaj\u016f, kter\u00e9 zjist\u00ed p\u0159i poskytov\u00e1n\u00ed sv\u00fdch slu\u017eeb v souladu s pr\u00e1vn\u00edmi p\u0159edpisy, a to v\u0161e v souladu s \u00fa\u010delem definovan\u00fdm v t\u011bchto pravidlech. D\u00e1le potvrzujete, \u017ee jste sezn\u00e1meni se v\u0161emi relevantn\u00edmi informacemi o Apartm\u00e1nech Jahorina a slu\u017eb\u00e1ch, kter\u00e9 poskytuje.<\/span><\/p>\r\n<p><span dir=\"auto\">Pr\u00e1vo podat st\u00ed\u017enost u p\u0159\u00edslu\u0161n\u00e9ho org\u00e1nu<\/span><br \/><span dir=\"auto\">St\u00ed\u017enost m\u016f\u017eete kdykoli podat p\u0159\u00edmo u p\u0159\u00edslu\u0161n\u00e9ho dozorov\u00e9ho org\u00e1nu: \u00da\u0159ad pro ochranu osobn\u00edch \u00fadaj\u016f (AZOP), Marti\u0107eva 14, Z\u00e1h\u0159eb, kontakt: +385 (0)1 4609 999, azop@azop.hr, www.azop.hr.<\/span><\/p>\r\n<p><span dir=\"auto\">Poru\u0161en\u00ed ochrany osobn\u00edch \u00fadaj\u016f<\/span><br \/><span dir=\"auto\">Jak\u00e9koli protipr\u00e1vn\u00ed poru\u0161en\u00ed ochrany osobn\u00edch \u00fadaj\u016f nahl\u00e1s\u00edme AZOP jako\u017eto p\u0159\u00edslu\u0161n\u00e9mu org\u00e1nu pro ochranu osobn\u00edch \u00fadaj\u016f.<\/span><\/p>\r\n<p><span dir=\"auto\">Zm\u011bny na\u0161ich Z\u00e1sad ochrany osobn\u00edch \u00fadaj\u016f<\/span><br \/><span dir=\"auto\">V p\u0159\u00edpad\u011b zm\u011bn na\u0161ich Z\u00e1sad ochrany osobn\u00edch \u00fadaj\u016f v\u00e1s o tom budeme informovat na t\u00e9to str\u00e1nce a n\u00ed\u017ee uvedeme datum zm\u011bny Z\u00e1sad ochrany osobn\u00edch \u00fadaj\u016f, a to n\u00e1sledovn\u011b.<\/span><\/p>\r\n<p><span dir=\"auto\"><span class=\"VIpgJd-yAWNEb-VIpgJd-fmcmS-sn54Q\" dir=\"auto\">Tyto Z\u00e1sady ochrany osobn\u00edch \u00fadaj\u016f byly aktualizov\u00e1ny dne 20. 5. 2018.<\/span><\/span><\/p>","protected":false},"excerpt":{"rendered":"<p>Apartm\u00e1ny Jahorina, Obu\u0107ina Bare 85e, 71423 Jahorina, Bosna a Hercegovina. V r\u00e1mci na\u0161\u00ed \u010dinnosti shroma\u017e\u010fujeme a zpracov\u00e1v\u00e1me osobn\u00ed \u00fadaje poskytnut\u00e9 klienty. Vzhledem k tomu, \u017ee ochrana va\u0161eho soukrom\u00ed je pro n\u00e1s prioritou, p\u0159ijali jsme n\u00e1sleduj\u00edc\u00ed Z\u00e1sady ochrany osobn\u00edch \u00fadaj\u016f. Apartm\u00e1ny Jahorina dodr\u017euj\u00ed n\u00e1sleduj\u00edc\u00ed z\u00e1sady pro ochranu va\u0161eho soukrom\u00ed:\u2022 Neshroma\u017e\u010fujeme v\u00edce informac\u00ed, ne\u017e je nezbytn\u00e9;\u2022 Va\u0161e [&hellip;]<\/p>\n","protected":false},"author":1,"featured_media":0,"parent":0,"menu_order":0,"comment_status":"closed","ping_status":"open","template":"","meta":{"footnotes":""},"class_list":["post-10090","page","type-page","status-publish","hentry"],"yoast_head":"<!-- This site is optimized with the Yoast SEO plugin v26.4 - https:\/\/yoast.com\/wordpress\/plugins\/seo\/ -->\n<title>Z\u00e1sady ochrany osobn\u00edch \u00fadaj\u016f - BESTBLICK Apartments Jahorina<\/title>\n<meta name=\"robots\" content=\"index, follow, max-snippet:-1, max-image-preview:large, max-video-preview:-1\" \/>\n<link rel=\"canonical\" href=\"https:\/\/apartments-jahorina.com\/pravila-privatnosti\/\" \/>\n<meta property=\"og:locale\" content=\"cs_CZ\" \/>\n<meta property=\"og:type\" content=\"article\" \/>\n<meta property=\"og:title\" content=\"Z\u00e1sady ochrany osobn\u00edch \u00fadaj\u016f - BESTBLICK Apartments Jahorina\" \/>\n<meta property=\"og:description\" content=\"Apartm\u00e1ny Jahorina, Obu\u0107ina Bare 85e, 71423 Jahorina, Bosna a Hercegovina. V r\u00e1mci na\u0161\u00ed \u010dinnosti shroma\u017e\u010fujeme a zpracov\u00e1v\u00e1me osobn\u00ed \u00fadaje poskytnut\u00e9 klienty. Vzhledem k tomu, \u017ee ochrana va\u0161eho soukrom\u00ed je pro n\u00e1s prioritou, p\u0159ijali jsme n\u00e1sleduj\u00edc\u00ed Z\u00e1sady ochrany osobn\u00edch \u00fadaj\u016f. Apartm\u00e1ny Jahorina dodr\u017euj\u00ed n\u00e1sleduj\u00edc\u00ed z\u00e1sady pro ochranu va\u0161eho soukrom\u00ed:\u2022 Neshroma\u017e\u010fujeme v\u00edce informac\u00ed, ne\u017e je nezbytn\u00e9;\u2022 Va\u0161e [&hellip;]\" \/>\n<meta property=\"og:url\" content=\"https:\/\/apartments-jahorina.com\/pravila-privatnosti\/\" \/>\n<meta property=\"og:site_name\" content=\"BESTBLICK Apartments Jahorina\" \/>\n<meta property=\"article:modified_time\" content=\"2025-12-17T16:21:37+00:00\" \/>\n<meta name=\"twitter:card\" content=\"summary_large_image\" \/>\n<meta name=\"twitter:label1\" content=\"Odhadovan\u00e1 doba \u010dten\u00ed\" \/>\n\t<meta name=\"twitter:data1\" content=\"7 minut\" \/>\n<script type=\"application\/ld+json\" class=\"yoast-schema-graph\">{\"@context\":\"https:\/\/schema.org\",\"@graph\":[{\"@type\":\"WebPage\",\"@id\":\"https:\/\/apartments-jahorina.com\/pravila-privatnosti\/\",\"url\":\"https:\/\/apartments-jahorina.com\/pravila-privatnosti\/\",\"name\":\"Z\u00e1sady ochrany osobn\u00edch \u00fadaj\u016f - BESTBLICK Apartments Jahorina\",\"isPartOf\":{\"@id\":\"https:\/\/apartments-jahorina.com\/#website\"},\"datePublished\":\"2025-11-14T12:00:39+00:00\",\"dateModified\":\"2025-12-17T16:21:37+00:00\",\"breadcrumb\":{\"@id\":\"https:\/\/apartments-jahorina.com\/pravila-privatnosti\/#breadcrumb\"},\"inLanguage\":\"cs\",\"potentialAction\":[{\"@type\":\"ReadAction\",\"target\":[\"https:\/\/apartments-jahorina.com\/pravila-privatnosti\/\"]}]},{\"@type\":\"BreadcrumbList\",\"@id\":\"https:\/\/apartments-jahorina.com\/pravila-privatnosti\/#breadcrumb\",\"itemListElement\":[{\"@type\":\"ListItem\",\"position\":1,\"name\":\"Home\",\"item\":\"https:\/\/apartments-jahorina.com\/sl\/\"},{\"@type\":\"ListItem\",\"position\":2,\"name\":\"Z\u00e1sady ochrany osobn\u00edch \u00fadaj\u016f\"}]},{\"@type\":\"WebSite\",\"@id\":\"https:\/\/apartments-jahorina.com\/#website\",\"url\":\"https:\/\/apartments-jahorina.com\/\",\"name\":\"BESTBLICK Apartments Jahorina\",\"description\":\"Moderni apartmani s pogledom na ski-stazu\",\"potentialAction\":[{\"@type\":\"SearchAction\",\"target\":{\"@type\":\"EntryPoint\",\"urlTemplate\":\"https:\/\/apartments-jahorina.com\/?s={search_term_string}\"},\"query-input\":{\"@type\":\"PropertyValueSpecification\",\"valueRequired\":true,\"valueName\":\"search_term_string\"}}],\"inLanguage\":\"cs\"}]}<\/script>\n<!-- \/ Yoast SEO plugin. -->","yoast_head_json":{"title":"Z\u00e1sady ochrany osobn\u00edch \u00fadaj\u016f - BESTBLICK Apartments Jahorina","robots":{"index":"index","follow":"follow","max-snippet":"max-snippet:-1","max-image-preview":"max-image-preview:large","max-video-preview":"max-video-preview:-1"},"canonical":"https:\/\/apartments-jahorina.com\/pravila-privatnosti\/","og_locale":"cs_CZ","og_type":"article","og_title":"Z\u00e1sady ochrany osobn\u00edch \u00fadaj\u016f - BESTBLICK Apartments Jahorina","og_description":"Apartm\u00e1ny Jahorina, Obu\u0107ina Bare 85e, 71423 Jahorina, Bosna a Hercegovina. V r\u00e1mci na\u0161\u00ed \u010dinnosti shroma\u017e\u010fujeme a zpracov\u00e1v\u00e1me osobn\u00ed \u00fadaje poskytnut\u00e9 klienty. Vzhledem k tomu, \u017ee ochrana va\u0161eho soukrom\u00ed je pro n\u00e1s prioritou, p\u0159ijali jsme n\u00e1sleduj\u00edc\u00ed Z\u00e1sady ochrany osobn\u00edch \u00fadaj\u016f. Apartm\u00e1ny Jahorina dodr\u017euj\u00ed n\u00e1sleduj\u00edc\u00ed z\u00e1sady pro ochranu va\u0161eho soukrom\u00ed:\u2022 Neshroma\u017e\u010fujeme v\u00edce informac\u00ed, ne\u017e je nezbytn\u00e9;\u2022 Va\u0161e [&hellip;]","og_url":"https:\/\/apartments-jahorina.com\/pravila-privatnosti\/","og_site_name":"BESTBLICK Apartments Jahorina","article_modified_time":"2025-12-17T16:21:37+00:00","twitter_card":"summary_large_image","twitter_misc":{"Odhadovan\u00e1 doba \u010dten\u00ed":"7 minut"},"schema":{"@context":"https:\/\/schema.org","@graph":[{"@type":"WebPage","@id":"https:\/\/apartments-jahorina.com\/pravila-privatnosti\/","url":"https:\/\/apartments-jahorina.com\/pravila-privatnosti\/","name":"Z\u00e1sady ochrany osobn\u00edch \u00fadaj\u016f - BESTBLICK Apartments Jahorina","isPartOf":{"@id":"https:\/\/apartments-jahorina.com\/#website"},"datePublished":"2025-11-14T12:00:39+00:00","dateModified":"2025-12-17T16:21:37+00:00","breadcrumb":{"@id":"https:\/\/apartments-jahorina.com\/pravila-privatnosti\/#breadcrumb"},"inLanguage":"cs","potentialAction":[{"@type":"ReadAction","target":["https:\/\/apartments-jahorina.com\/pravila-privatnosti\/"]}]},{"@type":"BreadcrumbList","@id":"https:\/\/apartments-jahorina.com\/pravila-privatnosti\/#breadcrumb","itemListElement":[{"@type":"ListItem","position":1,"name":"Home","item":"https:\/\/apartments-jahorina.com\/sl\/"},{"@type":"ListItem","position":2,"name":"Z\u00e1sady ochrany osobn\u00edch \u00fadaj\u016f"}]},{"@type":"WebSite","@id":"https:\/\/apartments-jahorina.com\/#website","url":"https:\/\/apartments-jahorina.com\/","name":"BESTBLICK Apartments Jahorina","description":"Moderni apartmani s pogledom na ski-stazu","potentialAction":[{"@type":"SearchAction","target":{"@type":"EntryPoint","urlTemplate":"https:\/\/apartments-jahorina.com\/?s={search_term_string}"},"query-input":{"@type":"PropertyValueSpecification","valueRequired":true,"valueName":"search_term_string"}}],"inLanguage":"cs"}]}},"_links":{"self":[{"href":"https:\/\/apartments-jahorina.com\/cs\/wp-json\/wp\/v2\/pages\/10090","targetHints":{"allow":["GET"]}}],"collection":[{"href":"https:\/\/apartments-jahorina.com\/cs\/wp-json\/wp\/v2\/pages"}],"about":[{"href":"https:\/\/apartments-jahorina.com\/cs\/wp-json\/wp\/v2\/types\/page"}],"author":[{"embeddable":true,"href":"https:\/\/apartments-jahorina.com\/cs\/wp-json\/wp\/v2\/users\/1"}],"replies":[{"embeddable":true,"href":"https:\/\/apartments-jahorina.com\/cs\/wp-json\/wp\/v2\/comments?post=10090"}],"version-history":[{"count":4,"href":"https:\/\/apartments-jahorina.com\/cs\/wp-json\/wp\/v2\/pages\/10090\/revisions"}],"predecessor-version":[{"id":13001,"href":"https:\/\/apartments-jahorina.com\/cs\/wp-json\/wp\/v2\/pages\/10090\/revisions\/13001"}],"wp:attachment":[{"href":"https:\/\/apartments-jahorina.com\/cs\/wp-json\/wp\/v2\/media?parent=10090"}],"curies":[{"name":"wp","href":"https:\/\/api.w.org\/{rel}","templated":true}]}}