{"id":10120,"date":"2025-06-02T03:15:27","date_gmt":"2025-06-02T03:15:27","guid":{"rendered":"http:\/\/apartments-jahorina.com\/kontakt\/"},"modified":"2025-12-10T01:36:56","modified_gmt":"2025-12-10T01:36:56","slug":"kontakt","status":"publish","type":"page","link":"https:\/\/apartments-jahorina.com\/cs\/kontakt\/","title":{"rendered":"Kontakt"},"content":{"rendered":"\t\t<div data-elementor-type=\"wp-page\" data-elementor-id=\"10120\" class=\"elementor elementor-10120 elementor-35\">\n\t\t\t\t<div class=\"elementor-element elementor-element-f969415 e-flex e-con-boxed e-con e-parent\" data-id=\"f969415\" data-element_type=\"container\" data-settings=\"{&quot;background_background&quot;:&quot;classic&quot;}\">\n\t\t\t\t\t<div class=\"e-con-inner\">\n\t\t<div class=\"elementor-element elementor-element-9533cbe e-con-full e-flex e-con e-child\" data-id=\"9533cbe\" data-element_type=\"container\" data-settings=\"{&quot;background_background&quot;:&quot;classic&quot;}\">\n\t\t<div class=\"elementor-element elementor-element-17bb9b4 e-con-full e-flex e-con e-child\" data-id=\"17bb9b4\" data-element_type=\"container\">\n\t\t\t\t<div class=\"elementor-element elementor-element-f50016e elementor-absolute elementor-view-default elementor-widget elementor-widget-icon\" data-id=\"f50016e\" data-element_type=\"widget\" data-settings=\"{&quot;_position&quot;:&quot;absolute&quot;,&quot;motion_fx_motion_fx_scrolling&quot;:&quot;yes&quot;,&quot;motion_fx_translateX_effect&quot;:&quot;yes&quot;,&quot;motion_fx_translateX_speed&quot;:{&quot;unit&quot;:&quot;px&quot;,&quot;size&quot;:1.5,&quot;sizes&quot;:[]},&quot;motion_fx_translateX_affectedRange&quot;:{&quot;unit&quot;:&quot;%&quot;,&quot;size&quot;:&quot;&quot;,&quot;sizes&quot;:{&quot;start&quot;:0,&quot;end&quot;:100}},&quot;motion_fx_devices&quot;:[&quot;desktop&quot;,&quot;laptop&quot;,&quot;tablet_extra&quot;,&quot;tablet&quot;,&quot;mobile_extra&quot;,&quot;mobile&quot;]}\" data-widget_type=\"icon.default\">\n\t\t\t\t\t\t\t<div class=\"elementor-icon-wrapper\">\n\t\t\t<div class=\"elementor-icon\">\n\t\t\t\t\t\t<\/div>\n\t\t<\/div>\n\t\t\t\t\t\t<\/div>\n\t\t\t\t<div class=\"elementor-element elementor-element-5a52a97 elementor-widget__width-auto elementor-absolute elementor-view-default elementor-widget elementor-widget-icon\" data-id=\"5a52a97\" data-element_type=\"widget\" data-settings=\"{&quot;_position&quot;:&quot;absolute&quot;,&quot;motion_fx_motion_fx_scrolling&quot;:&quot;yes&quot;,&quot;motion_fx_translateY_effect&quot;:&quot;yes&quot;,&quot;motion_fx_translateY_direction&quot;:&quot;negative&quot;,&quot;motion_fx_translateY_speed&quot;:{&quot;unit&quot;:&quot;px&quot;,&quot;size&quot;:1.2,&quot;sizes&quot;:[]},&quot;motion_fx_translateY_affectedRange&quot;:{&quot;unit&quot;:&quot;%&quot;,&quot;size&quot;:&quot;&quot;,&quot;sizes&quot;:{&quot;start&quot;:0,&quot;end&quot;:100}},&quot;motion_fx_devices&quot;:[&quot;desktop&quot;,&quot;laptop&quot;,&quot;tablet_extra&quot;,&quot;tablet&quot;,&quot;mobile_extra&quot;,&quot;mobile&quot;]}\" data-widget_type=\"icon.default\">\n\t\t\t\t\t\t\t<div class=\"elementor-icon-wrapper\">\n\t\t\t<div class=\"elementor-icon\">\n\t\t\t\t\t\t<\/div>\n\t\t<\/div>\n\t\t\t\t\t\t<\/div>\n\t\t\t\t<div class=\"elementor-element elementor-element-54aba7f subtitle-position-above elementor-mobile_extra-align-center elementor-widget elementor-widget-antra-heading\" data-id=\"54aba7f\" data-element_type=\"widget\" data-widget_type=\"antra-heading.default\">\n\t\t\t\t<div class=\"elementor-widget-container\">\n\t\t\t\t\t<div class=\"elementor-heading-wrapper-inner\"><div class=\"elementor-sub-title\"><span class=\"elementor-title-span\">                <span class=\"elementor-button-icon antra-subtitle-icon-left\">\n                    <i aria-hidden=\"true\" class=\"antra-icon- antra-icon-dot\"><\/i>                <\/span>\n                KONTAKTN\u00cd INFORMACE<\/span><\/div><\/div>\t\t\t\t<\/div>\n\t\t\t\t<\/div>\n\t\t\t\t<\/div>\n\t\t<div class=\"elementor-element elementor-element-4516dc9 e-con-full e-flex e-con e-child\" data-id=\"4516dc9\" data-element_type=\"container\">\n\t\t\t\t<div class=\"elementor-element elementor-element-a242196 elementor-widget__width-initial elementor-widget elementor-widget-heading\" data-id=\"a242196\" data-element_type=\"widget\" data-widget_type=\"heading.default\">\n\t\t\t\t\t<h2 data-cursor=\"-opaque\" class=\"elementor-heading-title elementor-size-default\">Kontaktujte  <span class=\"c-primary\">n\u00e1s<\/span> <\/h2>\t\t\t\t<\/div>\n\t\t\t\t<\/div>\n\t\t\t\t<\/div>\n\t\t<div class=\"elementor-element elementor-element-254771e e-con-full e-flex e-con e-child\" data-id=\"254771e\" data-element_type=\"container\">\n\t\t<div class=\"elementor-element elementor-element-54720d3 e-con-full e-flex e-con e-child\" data-id=\"54720d3\" data-element_type=\"container\">\n\t\t<div class=\"elementor-element elementor-element-729b66f e-con-full e-flex e-con e-child\" data-id=\"729b66f\" data-element_type=\"container\">\n\t\t<div class=\"elementor-element elementor-element-5d85aeb e-con-full e-flex e-con e-child\" data-id=\"5d85aeb\" data-element_type=\"container\">\n\t\t\t\t<div class=\"elementor-element elementor-element-9e850c8 elementor-widget elementor-widget-heading\" data-id=\"9e850c8\" data-element_type=\"widget\" data-widget_type=\"heading.default\">\n\t\t\t\t\t<h2 class=\"elementor-heading-title elementor-size-default\">Telefon<\/h2>\t\t\t\t<\/div>\n\t\t\t\t<div class=\"elementor-element elementor-element-74878eb elementor-widget__width-initial elementor-widget-mobile__width-inherit elementor-widget elementor-widget-text-editor\" data-id=\"74878eb\" data-element_type=\"widget\" data-widget_type=\"text-editor.default\">\n\t\t\t\t\t\t\t\t\t<p>+387 65 514 026 office<\/p><p>+387 65 547 579<\/p><p>+49 174 990 17 94<\/p>\t\t\t\t\t\t\t\t<\/div>\n\t\t\t\t<\/div>\n\t\t<div class=\"elementor-element elementor-element-e48596f e-con-full e-flex e-con e-child\" data-id=\"e48596f\" data-element_type=\"container\">\n\t\t\t\t<div class=\"elementor-element elementor-element-6f43a96 elementor-widget elementor-widget-heading\" data-id=\"6f43a96\" data-element_type=\"widget\" data-widget_type=\"heading.default\">\n\t\t\t\t\t<h2 class=\"elementor-heading-title elementor-size-default\">Adresa<\/h2>\t\t\t\t<\/div>\n\t\t\t\t<div class=\"elementor-element elementor-element-a7db48f elementor-widget__width-initial elementor-widget-mobile__width-inherit elementor-widget elementor-widget-text-editor\" data-id=\"a7db48f\" data-element_type=\"widget\" data-widget_type=\"text-editor.default\">\n\t\t\t\t\t\t\t\t\tObu\u0107ina Bare 85e, <br>\n71423 Jahorina,<br>\nBosna i Hercegovina\t\t\t\t\t\t\t\t<\/div>\n\t\t\t\t<\/div>\n\t\t\t\t<\/div>\n\t\t<div class=\"elementor-element elementor-element-57ff4e8 e-con-full e-flex e-con e-child\" data-id=\"57ff4e8\" data-element_type=\"container\">\n\t\t<div class=\"elementor-element elementor-element-7957ffc e-con-full e-flex e-con e-child\" data-id=\"7957ffc\" data-element_type=\"container\">\n\t\t\t\t<div class=\"elementor-element elementor-element-6eb79e8 elementor-widget elementor-widget-heading\" data-id=\"6eb79e8\" data-element_type=\"widget\" data-widget_type=\"heading.default\">\n\t\t\t\t\t<h2 class=\"elementor-heading-title elementor-size-default\">Email<\/h2>\t\t\t\t<\/div>\n\t\t\t\t<div class=\"elementor-element elementor-element-1da52a1 elementor-widget__width-initial elementor-widget-mobile__width-inherit elementor-widget elementor-widget-text-editor\" data-id=\"1da52a1\" data-element_type=\"widget\" data-widget_type=\"text-editor.default\">\n\t\t\t\t\t\t\t\t\t<p>bestblick@apartments-jahorina.com<\/p>\t\t\t\t\t\t\t\t<\/div>\n\t\t\t\t<\/div>\n\t\t<div class=\"elementor-element elementor-element-131156c e-con-full e-flex e-con e-child\" data-id=\"131156c\" data-element_type=\"container\">\n\t\t\t\t<\/div>\n\t\t\t\t<\/div>\n\t\t\t\t<div class=\"elementor-element elementor-element-22337f3 elementor-widget-mobile_extra__width-inherit elementor-widget elementor-widget-image\" data-id=\"22337f3\" data-element_type=\"widget\" data-widget_type=\"image.default\">\n\t\t\t\t\t<div class=\"antra-wrapper-image-widget\" data-cursor=\"-opaque\">\t\t\t\t\t\t\t\t\t\t<img loading=\"lazy\" decoding=\"async\" width=\"640\" height=\"480\" src=\"https:\/\/apartments-jahorina.com\/wp-content\/uploads\/2025\/11\/kontakt.jpg\" class=\"attachment-full size-full wp-image-10121\" alt=\"\" srcset=\"https:\/\/apartments-jahorina.com\/wp-content\/uploads\/2025\/11\/kontakt.jpg 640w, https:\/\/apartments-jahorina.com\/wp-content\/uploads\/2025\/11\/kontakt-300x225.jpg 300w\" sizes=\"(max-width: 640px) 100vw, 640px\" \/>\t\t\t\t\t\t\t\t\t\t\t<\/div>\t\t\t\t<\/div>\n\t\t\t\t<\/div>\n\t\t<div class=\"elementor-element elementor-element-baf4453 e-con-full e-flex e-con e-child\" data-id=\"baf4453\" data-element_type=\"container\">\n\t\t\t\t<div class=\"elementor-element elementor-element-3544da2 elementor-widget elementor-widget-antra-contactform\" data-id=\"3544da2\" data-element_type=\"widget\" data-widget_type=\"antra-contactform.default\">\n\t\t\t\t<div class=\"elementor-widget-container\">\n\t\t\t\t\t\n<div class=\"wpcf7 no-js\" id=\"wpcf7-f10138-o1\" lang=\"cs-CZ\" dir=\"ltr\" data-wpcf7-id=\"10138\">\n<div class=\"screen-reader-response\"><p role=\"status\" aria-live=\"polite\" aria-atomic=\"true\"><\/p> <ul><\/ul><\/div>\n<form action=\"\/cs\/wp-json\/wp\/v2\/pages\/10120#wpcf7-f10138-o1\" method=\"post\" class=\"wpcf7-form init\" aria-label=\"Kontaktn\u00ed formul\u00e1\u0159\" novalidate=\"novalidate\" data-status=\"init\">\n<fieldset class=\"hidden-fields-container\"><input type=\"hidden\" name=\"_wpcf7\" value=\"10138\" \/><input type=\"hidden\" name=\"_wpcf7_version\" value=\"6.1.4\" \/><input type=\"hidden\" name=\"_wpcf7_locale\" value=\"cs_CZ\" \/><input type=\"hidden\" name=\"_wpcf7_unit_tag\" value=\"wpcf7-f10138-o1\" \/><input type=\"hidden\" name=\"_wpcf7_container_post\" value=\"0\" \/><input type=\"hidden\" name=\"_wpcf7_posted_data_hash\" value=\"\" \/>\n<\/fieldset>\n<div class=\"form-1\">\n\t<div class=\"row row-form-1\">\n\t\t<div class=\"column-tablet-6 column-12\">\n\t\t\t<div class=\"label-form\">\n\t\t\t\t<p><label>Va\u0161e jm\u00e9no *<\/label>\n\t\t\t\t<\/p>\n\t\t\t<\/div>\n\t\t\t<p><span class=\"wpcf7-form-control-wrap\" data-name=\"your-name\"><input size=\"40\" maxlength=\"400\" class=\"wpcf7-form-control wpcf7-text wpcf7-validates-as-required\" id=\"your-name\" aria-required=\"true\" aria-invalid=\"false\" placeholder=\"Va\u0161e jm\u00e9no *\" value=\"\" type=\"text\" name=\"your-name\" \/><\/span>\n\t\t\t<\/p>\n\t\t<\/div>\n\t\t<div class=\"column-tablet-6 column-12\">\n\t\t\t<div class=\"label-form\">\n\t\t\t\t<p><label>Telefon *<\/label>\n\t\t\t\t<\/p>\n\t\t\t<\/div>\n\t\t\t<p><span class=\"wpcf7-form-control-wrap\" data-name=\"tel\"><input size=\"40\" maxlength=\"400\" class=\"wpcf7-form-control wpcf7-tel wpcf7-validates-as-required wpcf7-text wpcf7-validates-as-tel\" aria-required=\"true\" aria-invalid=\"false\" placeholder=\"Telefon\" value=\"\" type=\"tel\" name=\"tel\" \/><\/span>\n\t\t\t<\/p>\n\t\t<\/div>\n\t<\/div>\n\t<div class=\"row row-form-1\">\n\t\t<div class=\"column-tablet-12 column-12\">\n\t\t\t<div class=\"label-form\">\n\t\t\t\t<p><label>Email *<\/label>\n\t\t\t\t<\/p>\n\t\t\t<\/div>\n\t\t\t<p><span class=\"wpcf7-form-control-wrap\" data-name=\"your-email\"><input size=\"40\" maxlength=\"400\" class=\"wpcf7-form-control wpcf7-email wpcf7-validates-as-required wpcf7-text wpcf7-validates-as-email\" id=\"your-email\" aria-required=\"true\" aria-invalid=\"false\" placeholder=\"Email *\" value=\"\" type=\"email\" name=\"your-email\" \/><\/span>\n\t\t\t<\/p>\n\t\t<\/div>\n\t<\/div>\n\t<div class=\"row row-form-1\">\n\t\t<div class=\"column-12\">\n\t\t\t<div class=\"label-form\">\n\t\t\t\t<p><label>Zpr\u00e1va *<\/label>\n\t\t\t\t<\/p>\n\t\t\t<\/div>\n\t\t\t<p><span class=\"wpcf7-form-control-wrap\" data-name=\"your-message\"><textarea cols=\"40\" rows=\"4\" maxlength=\"2000\" class=\"wpcf7-form-control wpcf7-textarea wpcf7-validates-as-required\" aria-required=\"true\" aria-invalid=\"false\" placeholder=\"Zpr\u00e1va..\" name=\"your-message\"><\/textarea><\/span>\n\t\t\t<\/p>\n\t\t<\/div>\n\t<\/div>\n\t<div class=\"wpcf7-button has-spinner\">\n\t\t<p><button class=\"submit\" type=\"submit\" value=\"Odeslat zpr\u00e1vu\"><span>Odeslat zpr\u00e1vu<\/span><i aria-hidden=\"true\" class=\"fas fa-arrow-right\"><\/i><\/button>\n\t\t<\/p>\n\t<\/div>\n<\/div><div class=\"wpcf7-response-output\" aria-hidden=\"true\"><\/div>\n<\/form>\n<\/div>\n\t\t\t\t<\/div>\n\t\t\t\t<\/div>\n\t\t\t\t<\/div>\n\t\t\t\t<\/div>\n\t\t\t\t\t<\/div>\n\t\t\t\t<\/div>\n\t\t<div class=\"elementor-element elementor-element-bb2b92c e-con-full e-flex e-con e-parent\" data-id=\"bb2b92c\" data-element_type=\"container\">\n\t\t\t\t<div class=\"elementor-element elementor-element-7039472 elementor-widget elementor-widget-google_maps\" data-id=\"7039472\" data-element_type=\"widget\" data-widget_type=\"google_maps.default\">\n\t\t\t\t\t\t\t<div class=\"elementor-custom-embed\">\n\t\t\t<iframe loading=\"lazy\"\n\t\t\t\t\tsrc=\"https:\/\/maps.google.com\/maps?q=Obu%C4%87ina%20Bare%2085e%2C%2071423%20Jahorina%2C%20Bosna%20i%20Hercegovina&#038;t=m&#038;z=11&#038;output=embed&#038;iwloc=near\"\n\t\t\t\t\ttitle=\"Obu\u0107ina Bare 85e, 71423 Jahorina, Bosna i Hercegovina\"\n\t\t\t\t\taria-label=\"Obu\u0107ina Bare 85e, 71423 Jahorina, Bosna i Hercegovina\"\n\t\t\t><\/iframe>\n\t\t<\/div>\n\t\t\t\t\t\t<\/div>\n\t\t\t\t<\/div>\n\t\t\t\t<\/div>\n\t\t","protected":false},"excerpt":{"rendered":"<p>KONTAKTN\u00cd INFORMACE Kontaktujte n\u00e1s Telefon +387 65 514 026 office +387 65 547 579 +49 174 990 17 94 Adresa Obu\u0107ina Bare 85e, 71423 Jahorina, Bosna i Hercegovina Email bestblick@apartments-jahorina.com Va\u0161e ime * Telefon * Email * Poruka * Po\u0161aljite<\/p>\n","protected":false},"author":1,"featured_media":10122,"parent":0,"menu_order":0,"comment_status":"closed","ping_status":"closed","template":"","meta":{"footnotes":""},"class_list":["post-10120","page","type-page","status-publish","has-post-thumbnail","hentry"],"yoast_head":"<!-- This site is optimized with the Yoast SEO plugin v26.4 - https:\/\/yoast.com\/wordpress\/plugins\/seo\/ -->\n<title>Kontakt - BESTBLICK Apartments Jahorina<\/title>\n<meta name=\"robots\" content=\"index, follow, max-snippet:-1, max-image-preview:large, max-video-preview:-1\" \/>\n<link rel=\"canonical\" href=\"https:\/\/apartments-jahorina.com\/kontakt\/\" \/>\n<meta property=\"og:locale\" content=\"cs_CZ\" \/>\n<meta property=\"og:type\" content=\"article\" \/>\n<meta property=\"og:title\" content=\"Kontakt - BESTBLICK Apartments Jahorina\" \/>\n<meta property=\"og:description\" content=\"KONTAKTN\u00cd INFORMACE Kontaktujte n\u00e1s Telefon +387 65 514 026 office +387 65 547 579 +49 174 990 17 94 Adresa Obu\u0107ina Bare 85e, 71423 Jahorina, Bosna i Hercegovina Email bestblick@apartments-jahorina.com Va\u0161e ime * Telefon * Email * Poruka * Po\u0161aljite\" \/>\n<meta property=\"og:url\" content=\"https:\/\/apartments-jahorina.com\/kontakt\/\" \/>\n<meta property=\"og:site_name\" content=\"BESTBLICK Apartments Jahorina\" \/>\n<meta property=\"article:modified_time\" content=\"2025-12-10T01:36:56+00:00\" \/>\n<meta property=\"og:image\" content=\"https:\/\/apartments-jahorina.com\/wp-content\/uploads\/2025\/11\/DSC00924-scaled.jpg\" \/>\n\t<meta property=\"og:image:width\" content=\"2560\" \/>\n\t<meta property=\"og:image:height\" content=\"1440\" \/>\n\t<meta property=\"og:image:type\" content=\"image\/jpeg\" \/>\n<meta name=\"twitter:card\" content=\"summary_large_image\" \/>\n<script type=\"application\/ld+json\" class=\"yoast-schema-graph\">{\"@context\":\"https:\/\/schema.org\",\"@graph\":[{\"@type\":\"WebPage\",\"@id\":\"https:\/\/apartments-jahorina.com\/kontakt\/\",\"url\":\"https:\/\/apartments-jahorina.com\/kontakt\/\",\"name\":\"Kontakt - BESTBLICK Apartments Jahorina\",\"isPartOf\":{\"@id\":\"https:\/\/apartments-jahorina.com\/#website\"},\"primaryImageOfPage\":{\"@id\":\"https:\/\/apartments-jahorina.com\/kontakt\/#primaryimage\"},\"image\":{\"@id\":\"https:\/\/apartments-jahorina.com\/kontakt\/#primaryimage\"},\"thumbnailUrl\":\"https:\/\/apartments-jahorina.com\/wp-content\/uploads\/2025\/11\/DSC00924-scaled.jpg\",\"datePublished\":\"2025-06-02T03:15:27+00:00\",\"dateModified\":\"2025-12-10T01:36:56+00:00\",\"breadcrumb\":{\"@id\":\"https:\/\/apartments-jahorina.com\/kontakt\/#breadcrumb\"},\"inLanguage\":\"cs\",\"potentialAction\":[{\"@type\":\"ReadAction\",\"target\":[\"https:\/\/apartments-jahorina.com\/kontakt\/\"]}]},{\"@type\":\"ImageObject\",\"inLanguage\":\"cs\",\"@id\":\"https:\/\/apartments-jahorina.com\/kontakt\/#primaryimage\",\"url\":\"https:\/\/apartments-jahorina.com\/wp-content\/uploads\/2025\/11\/DSC00924-scaled.jpg\",\"contentUrl\":\"https:\/\/apartments-jahorina.com\/wp-content\/uploads\/2025\/11\/DSC00924-scaled.jpg\",\"width\":2560,\"height\":1440},{\"@type\":\"BreadcrumbList\",\"@id\":\"https:\/\/apartments-jahorina.com\/kontakt\/#breadcrumb\",\"itemListElement\":[{\"@type\":\"ListItem\",\"position\":1,\"name\":\"Home\",\"item\":\"https:\/\/apartments-jahorina.com\/sl\/\"},{\"@type\":\"ListItem\",\"position\":2,\"name\":\"Kontakt\"}]},{\"@type\":\"WebSite\",\"@id\":\"https:\/\/apartments-jahorina.com\/#website\",\"url\":\"https:\/\/apartments-jahorina.com\/\",\"name\":\"BESTBLICK Apartments Jahorina\",\"description\":\"Moderni apartmani s pogledom na ski-stazu\",\"potentialAction\":[{\"@type\":\"SearchAction\",\"target\":{\"@type\":\"EntryPoint\",\"urlTemplate\":\"https:\/\/apartments-jahorina.com\/?s={search_term_string}\"},\"query-input\":{\"@type\":\"PropertyValueSpecification\",\"valueRequired\":true,\"valueName\":\"search_term_string\"}}],\"inLanguage\":\"cs\"}]}<\/script>\n<!-- \/ Yoast SEO plugin. -->","yoast_head_json":{"title":"Kontakt - BESTBLICK Apartments Jahorina","robots":{"index":"index","follow":"follow","max-snippet":"max-snippet:-1","max-image-preview":"max-image-preview:large","max-video-preview":"max-video-preview:-1"},"canonical":"https:\/\/apartments-jahorina.com\/kontakt\/","og_locale":"cs_CZ","og_type":"article","og_title":"Kontakt - BESTBLICK Apartments Jahorina","og_description":"KONTAKTN\u00cd INFORMACE Kontaktujte n\u00e1s Telefon +387 65 514 026 office +387 65 547 579 +49 174 990 17 94 Adresa Obu\u0107ina Bare 85e, 71423 Jahorina, Bosna i Hercegovina Email bestblick@apartments-jahorina.com Va\u0161e ime * Telefon * Email * Poruka * Po\u0161aljite","og_url":"https:\/\/apartments-jahorina.com\/kontakt\/","og_site_name":"BESTBLICK Apartments Jahorina","article_modified_time":"2025-12-10T01:36:56+00:00","og_image":[{"width":2560,"height":1440,"url":"https:\/\/apartments-jahorina.com\/wp-content\/uploads\/2025\/11\/DSC00924-scaled.jpg","type":"image\/jpeg"}],"twitter_card":"summary_large_image","schema":{"@context":"https:\/\/schema.org","@graph":[{"@type":"WebPage","@id":"https:\/\/apartments-jahorina.com\/kontakt\/","url":"https:\/\/apartments-jahorina.com\/kontakt\/","name":"Kontakt - BESTBLICK Apartments Jahorina","isPartOf":{"@id":"https:\/\/apartments-jahorina.com\/#website"},"primaryImageOfPage":{"@id":"https:\/\/apartments-jahorina.com\/kontakt\/#primaryimage"},"image":{"@id":"https:\/\/apartments-jahorina.com\/kontakt\/#primaryimage"},"thumbnailUrl":"https:\/\/apartments-jahorina.com\/wp-content\/uploads\/2025\/11\/DSC00924-scaled.jpg","datePublished":"2025-06-02T03:15:27+00:00","dateModified":"2025-12-10T01:36:56+00:00","breadcrumb":{"@id":"https:\/\/apartments-jahorina.com\/kontakt\/#breadcrumb"},"inLanguage":"cs","potentialAction":[{"@type":"ReadAction","target":["https:\/\/apartments-jahorina.com\/kontakt\/"]}]},{"@type":"ImageObject","inLanguage":"cs","@id":"https:\/\/apartments-jahorina.com\/kontakt\/#primaryimage","url":"https:\/\/apartments-jahorina.com\/wp-content\/uploads\/2025\/11\/DSC00924-scaled.jpg","contentUrl":"https:\/\/apartments-jahorina.com\/wp-content\/uploads\/2025\/11\/DSC00924-scaled.jpg","width":2560,"height":1440},{"@type":"BreadcrumbList","@id":"https:\/\/apartments-jahorina.com\/kontakt\/#breadcrumb","itemListElement":[{"@type":"ListItem","position":1,"name":"Home","item":"https:\/\/apartments-jahorina.com\/sl\/"},{"@type":"ListItem","position":2,"name":"Kontakt"}]},{"@type":"WebSite","@id":"https:\/\/apartments-jahorina.com\/#website","url":"https:\/\/apartments-jahorina.com\/","name":"BESTBLICK Apartments Jahorina","description":"Moderni apartmani s pogledom na ski-stazu","potentialAction":[{"@type":"SearchAction","target":{"@type":"EntryPoint","urlTemplate":"https:\/\/apartments-jahorina.com\/?s={search_term_string}"},"query-input":{"@type":"PropertyValueSpecification","valueRequired":true,"valueName":"search_term_string"}}],"inLanguage":"cs"}]}},"_links":{"self":[{"href":"https:\/\/apartments-jahorina.com\/cs\/wp-json\/wp\/v2\/pages\/10120","targetHints":{"allow":["GET"]}}],"collection":[{"href":"https:\/\/apartments-jahorina.com\/cs\/wp-json\/wp\/v2\/pages"}],"about":[{"href":"https:\/\/apartments-jahorina.com\/cs\/wp-json\/wp\/v2\/types\/page"}],"author":[{"embeddable":true,"href":"https:\/\/apartments-jahorina.com\/cs\/wp-json\/wp\/v2\/users\/1"}],"replies":[{"embeddable":true,"href":"https:\/\/apartments-jahorina.com\/cs\/wp-json\/wp\/v2\/comments?post=10120"}],"version-history":[{"count":12,"href":"https:\/\/apartments-jahorina.com\/cs\/wp-json\/wp\/v2\/pages\/10120\/revisions"}],"predecessor-version":[{"id":12363,"href":"https:\/\/apartments-jahorina.com\/cs\/wp-json\/wp\/v2\/pages\/10120\/revisions\/12363"}],"wp:featuredmedia":[{"embeddable":true,"href":"https:\/\/apartments-jahorina.com\/cs\/wp-json\/wp\/v2\/media\/10122"}],"wp:attachment":[{"href":"https:\/\/apartments-jahorina.com\/cs\/wp-json\/wp\/v2\/media?parent=10120"}],"curies":[{"name":"wp","href":"https:\/\/api.w.org\/{rel}","templated":true}]}}