{"id":13288,"date":"2026-01-26T20:00:06","date_gmt":"2026-01-26T20:00:06","guid":{"rendered":"https:\/\/apartments-jahorina.com\/?page_id=13288"},"modified":"2026-02-02T02:31:08","modified_gmt":"2026-02-02T02:31:08","slug":"ceny-ubytovani-na-jahorine","status":"publish","type":"page","link":"https:\/\/apartments-jahorina.com\/cs\/ceny-ubytovani-na-jahorine\/","title":{"rendered":"Ceny ubytov\u00e1n\u00ed na Jahorin\u011b"},"content":{"rendered":"\t\t<div data-elementor-type=\"wp-page\" data-elementor-id=\"13288\" class=\"elementor elementor-13288 elementor-13287\">\n\t\t\t\t<div class=\"elementor-element elementor-element-12b6bd6 e-flex e-con-boxed e-con e-parent\" data-id=\"12b6bd6\" data-element_type=\"container\">\n\t\t\t\t\t<div class=\"e-con-inner\">\n\t\t<div class=\"elementor-element elementor-element-7b8b529 e-con-full e-flex e-con e-child\" data-id=\"7b8b529\" data-element_type=\"container\">\n\t\t<div class=\"elementor-element elementor-element-52f5450 e-con-full e-flex e-con e-child\" data-id=\"52f5450\" data-element_type=\"container\">\n\t\t\t\t<div class=\"elementor-element elementor-element-ef7ac5e elementor-absolute elementor-hidden-mobile elementor-view-default elementor-invisible elementor-widget elementor-widget-icon\" data-id=\"ef7ac5e\" data-element_type=\"widget\" data-settings=\"{&quot;_position&quot;:&quot;absolute&quot;,&quot;motion_fx_motion_fx_scrolling&quot;:&quot;yes&quot;,&quot;motion_fx_translateX_effect&quot;:&quot;yes&quot;,&quot;motion_fx_translateX_speed&quot;:{&quot;unit&quot;:&quot;px&quot;,&quot;size&quot;:1.5,&quot;sizes&quot;:[]},&quot;_animation&quot;:&quot;opal-move-right&quot;,&quot;motion_fx_translateX_affectedRange&quot;:{&quot;unit&quot;:&quot;%&quot;,&quot;size&quot;:&quot;&quot;,&quot;sizes&quot;:{&quot;start&quot;:0,&quot;end&quot;:100}},&quot;motion_fx_devices&quot;:[&quot;desktop&quot;,&quot;laptop&quot;,&quot;tablet_extra&quot;,&quot;tablet&quot;,&quot;mobile_extra&quot;,&quot;mobile&quot;]}\" data-widget_type=\"icon.default\">\n\t\t\t\t\t\t\t<div class=\"elementor-icon-wrapper\">\n\t\t\t<div class=\"elementor-icon\">\n\t\t\t\t\t\t<\/div>\n\t\t<\/div>\n\t\t\t\t\t\t<\/div>\n\t\t\t\t<div class=\"elementor-element elementor-element-7a3b481 elementor-widget__width-auto elementor-absolute elementor-hidden-mobile elementor-view-default elementor-invisible elementor-widget elementor-widget-icon\" data-id=\"7a3b481\" data-element_type=\"widget\" data-settings=\"{&quot;_position&quot;:&quot;absolute&quot;,&quot;motion_fx_motion_fx_scrolling&quot;:&quot;yes&quot;,&quot;motion_fx_translateY_effect&quot;:&quot;yes&quot;,&quot;motion_fx_translateY_direction&quot;:&quot;negative&quot;,&quot;motion_fx_translateY_speed&quot;:{&quot;unit&quot;:&quot;px&quot;,&quot;size&quot;:1.2,&quot;sizes&quot;:[]},&quot;_animation&quot;:&quot;opal-move-down&quot;,&quot;motion_fx_translateY_affectedRange&quot;:{&quot;unit&quot;:&quot;%&quot;,&quot;size&quot;:&quot;&quot;,&quot;sizes&quot;:{&quot;start&quot;:0,&quot;end&quot;:100}},&quot;motion_fx_devices&quot;:[&quot;desktop&quot;,&quot;laptop&quot;,&quot;tablet_extra&quot;,&quot;tablet&quot;,&quot;mobile_extra&quot;,&quot;mobile&quot;]}\" data-widget_type=\"icon.default\">\n\t\t\t\t\t\t\t<div class=\"elementor-icon-wrapper\">\n\t\t\t<div class=\"elementor-icon\">\n\t\t\t\t\t\t<\/div>\n\t\t<\/div>\n\t\t\t\t\t\t<\/div>\n\t\t\t\t<\/div>\n\t\t<div class=\"elementor-element elementor-element-4e0b3cc e-con-full e-flex e-con e-child\" data-id=\"4e0b3cc\" data-element_type=\"container\">\n\t\t\t\t<div class=\"elementor-element elementor-element-6bc46d3 elementor-widget__width-initial elementor-invisible elementor-widget elementor-widget-heading\" data-id=\"6bc46d3\" data-element_type=\"widget\" data-settings=\"{&quot;_animation&quot;:&quot;opal-move-left&quot;}\" data-widget_type=\"heading.default\">\n\t\t\t\t\t<h2 data-cursor=\"-opaque\" class=\"elementor-heading-title elementor-size-default\">Ceny ubytov\u00e1n\u00ed na Jahorin\u011b  \u2013  <span class=\"c-primary\">Apartm\u00e1ny Bestblick<\/span><\/h2>\t\t\t\t<\/div>\n\t\t\t\t<div class=\"elementor-element elementor-element-4aa09f6 elementor-widget__width-initial elementor-invisible elementor-widget elementor-widget-text-editor\" data-id=\"4aa09f6\" data-element_type=\"widget\" data-settings=\"{&quot;_animation&quot;:&quot;opal-move-left&quot;}\" data-widget_type=\"text-editor.default\">\n\t\t\t\t\t\t\t\t\t<p>Jahorina nab\u00edz\u00ed \u0161irokou \u0161k\u00e1lu mo\u017enost\u00ed ubytov\u00e1n\u00ed, od luxusn\u00edch apartm\u00e1n\u016f a\u017e po cenov\u011b dostupn\u00e9 chaty a penziony. Ceny ubytov\u00e1n\u00ed se li\u0161\u00ed v z\u00e1vislosti na typu nemovitosti, lokalit\u011b a dal\u0161\u00edm vybaven\u00ed.<\/p><p>Ceny luxusn\u00edch apartm\u00e1n\u016f v bl\u00edzkosti sjezdovek obvykle za\u010d\u00ednaj\u00ed na 80\u2013100 eurech za noc pro dva dosp\u011bl\u00e9 v hlavn\u00ed sez\u00f3n\u011b. Tyto apartm\u00e1ny \u010dasto zahrnuj\u00ed modern\u00ed vybaven\u00ed, jako je Wi-Fi, dob\u0159e vybaven\u00e9 kuchyn\u011b a bl\u00edzkost vlek\u016f. N\u011bkter\u00e1 ubytov\u00e1n\u00ed nab\u00edzej\u00ed i dal\u0161\u00ed vybaven\u00ed, jako je p\u0159\u00edstup do ly\u017ea\u0159sk\u00e9 \u0161koly nebo p\u016fj\u010dovna ly\u017ea\u0159sk\u00e9ho vybaven\u00ed, co\u017e je ide\u00e1ln\u00ed pro milovn\u00edky ly\u017eov\u00e1n\u00ed.<\/p><p>Chaty a penziony jsou obl\u00edbenou volbou pro rodiny a skupiny p\u0159\u00e1tel a ceny mohou b\u00fdt ve srovn\u00e1n\u00ed s luxusn\u00edmi apartm\u00e1ny ni\u017e\u0161\u00ed, \u010dasto se pohybuj\u00ed v rozmez\u00ed 60\u201380 eur za noc. Penziony obvykle nab\u00edzej\u00ed stravov\u00e1n\u00ed a dal\u0161\u00ed vybaven\u00ed, jako jsou d\u011btsk\u00e1 h\u0159i\u0161t\u011b, l\u00e1ze\u0148sk\u00e1 centra a sportovn\u00ed h\u0159i\u0161t\u011b, co\u017e p\u0159isp\u00edv\u00e1 k p\u0159\u00edjemn\u00e9 dovolen\u00e9 pro rodinu.<\/p><p>Soukrom\u00e9 ubytov\u00e1n\u00ed na Jahorin\u011b je tak\u00e9 obl\u00edben\u00e9 mezi n\u00e1v\u0161t\u011bvn\u00edky, kte\u0159\u00ed hledaj\u00ed dostupn\u011bj\u0161\u00ed cenu, p\u0159i\u010dem\u017e n\u011bkter\u00e9 vysoce hodnocen\u00e9 nemovitosti jsou k dispozici ji\u017e od 60 eur za noc. Takov\u00e9 nemovitosti nab\u00edzej\u00ed \u00fatulnou atmosf\u00e9ru s dom\u00e1c\u00edmi slu\u017ebami a mohou zahrnovat spole\u010dn\u00e9 prostory, jako jsou ob\u00fdvac\u00ed pokoje a zahrady.<\/p><p>Pro rezervace a dal\u0161\u00ed informace o dostupnosti ubytov\u00e1n\u00ed se doporu\u010duje nav\u0161t\u00edvit specializovan\u00e9 str\u00e1nky, jako je Booking.com a podobn\u00e9, kde jsou k dispozici podrobnosti o nab\u00eddk\u00e1ch, fotografie nemovitost\u00ed a recenze host\u016f.<\/p>\t\t\t\t\t\t\t\t<\/div>\n\t\t\t\t<\/div>\n\t\t\t\t<\/div>\n\t\t\t\t\t<\/div>\n\t\t\t\t<\/div>\n\t\t\t\t<\/div>\n\t\t","protected":false},"excerpt":{"rendered":"<p>Ceny ubytov\u00e1n\u00ed na Jahorin\u011b \u2013 Apartm\u00e1ny Bestblick Jahorina nab\u00edz\u00ed \u0161irokou \u0161k\u00e1lu mo\u017enost\u00ed ubytov\u00e1n\u00ed, od luxusn\u00edch apartm\u00e1n\u016f a\u017e po cenov\u011b dostupn\u00e9 chaty a penziony. Ceny ubytov\u00e1n\u00ed se li\u0161\u00ed v z\u00e1vislosti na typu nemovitosti, lokalit\u011b a dal\u0161\u00edm vybaven\u00ed. Ceny luxusn\u00edch apartm\u00e1n\u016f v bl\u00edzkosti sjezdovek obvykle za\u010d\u00ednaj\u00ed na 80\u2013100 eurech za noc pro dva dosp\u011bl\u00e9 v hlavn\u00ed sez\u00f3n\u011b. [&hellip;]<\/p>\n","protected":false},"author":1,"featured_media":0,"parent":0,"menu_order":0,"comment_status":"closed","ping_status":"closed","template":"","meta":{"footnotes":""},"class_list":["post-13288","page","type-page","status-publish","hentry"],"yoast_head":"<!-- This site is optimized with the Yoast SEO plugin v26.4 - https:\/\/yoast.com\/wordpress\/plugins\/seo\/ -->\n<title>Ceny ubytov\u00e1n\u00ed na Jahorin\u011b - BESTBLICK Apartments Jahorina<\/title>\n<meta name=\"robots\" content=\"index, follow, max-snippet:-1, max-image-preview:large, max-video-preview:-1\" \/>\n<link rel=\"canonical\" href=\"https:\/\/apartments-jahorina.com\/cs\/ceny-ubytovani-na-jahorine\/\" \/>\n<meta property=\"og:locale\" content=\"cs_CZ\" \/>\n<meta property=\"og:type\" content=\"article\" \/>\n<meta property=\"og:title\" content=\"Ceny ubytov\u00e1n\u00ed na Jahorin\u011b - BESTBLICK Apartments Jahorina\" \/>\n<meta property=\"og:description\" content=\"Ceny ubytov\u00e1n\u00ed na Jahorin\u011b \u2013 Apartm\u00e1ny Bestblick Jahorina nab\u00edz\u00ed \u0161irokou \u0161k\u00e1lu mo\u017enost\u00ed ubytov\u00e1n\u00ed, od luxusn\u00edch apartm\u00e1n\u016f a\u017e po cenov\u011b dostupn\u00e9 chaty a penziony. Ceny ubytov\u00e1n\u00ed se li\u0161\u00ed v z\u00e1vislosti na typu nemovitosti, lokalit\u011b a dal\u0161\u00edm vybaven\u00ed. Ceny luxusn\u00edch apartm\u00e1n\u016f v bl\u00edzkosti sjezdovek obvykle za\u010d\u00ednaj\u00ed na 80\u2013100 eurech za noc pro dva dosp\u011bl\u00e9 v hlavn\u00ed sez\u00f3n\u011b. [&hellip;]\" \/>\n<meta property=\"og:url\" content=\"https:\/\/apartments-jahorina.com\/cs\/ceny-ubytovani-na-jahorine\/\" \/>\n<meta property=\"og:site_name\" content=\"BESTBLICK Apartments Jahorina\" \/>\n<meta property=\"article:modified_time\" content=\"2026-02-02T02:31:08+00:00\" \/>\n<meta name=\"twitter:card\" content=\"summary_large_image\" \/>\n<script type=\"application\/ld+json\" class=\"yoast-schema-graph\">{\"@context\":\"https:\/\/schema.org\",\"@graph\":[{\"@type\":\"WebPage\",\"@id\":\"https:\/\/apartments-jahorina.com\/cs\/ceny-ubytovani-na-jahorine\/\",\"url\":\"https:\/\/apartments-jahorina.com\/cs\/ceny-ubytovani-na-jahorine\/\",\"name\":\"Ceny ubytov\u00e1n\u00ed na Jahorin\u011b - BESTBLICK Apartments Jahorina\",\"isPartOf\":{\"@id\":\"https:\/\/apartments-jahorina.com\/#website\"},\"datePublished\":\"2026-01-26T20:00:06+00:00\",\"dateModified\":\"2026-02-02T02:31:08+00:00\",\"breadcrumb\":{\"@id\":\"https:\/\/apartments-jahorina.com\/cs\/ceny-ubytovani-na-jahorine\/#breadcrumb\"},\"inLanguage\":\"cs\",\"potentialAction\":[{\"@type\":\"ReadAction\",\"target\":[\"https:\/\/apartments-jahorina.com\/cs\/ceny-ubytovani-na-jahorine\/\"]}]},{\"@type\":\"BreadcrumbList\",\"@id\":\"https:\/\/apartments-jahorina.com\/cs\/ceny-ubytovani-na-jahorine\/#breadcrumb\",\"itemListElement\":[{\"@type\":\"ListItem\",\"position\":1,\"name\":\"Home\",\"item\":\"https:\/\/apartments-jahorina.com\/sl\/\"},{\"@type\":\"ListItem\",\"position\":2,\"name\":\"Ceny ubytov\u00e1n\u00ed na Jahorin\u011b\"}]},{\"@type\":\"WebSite\",\"@id\":\"https:\/\/apartments-jahorina.com\/#website\",\"url\":\"https:\/\/apartments-jahorina.com\/\",\"name\":\"BESTBLICK Apartments Jahorina\",\"description\":\"Moderni apartmani s pogledom na ski-stazu\",\"potentialAction\":[{\"@type\":\"SearchAction\",\"target\":{\"@type\":\"EntryPoint\",\"urlTemplate\":\"https:\/\/apartments-jahorina.com\/?s={search_term_string}\"},\"query-input\":{\"@type\":\"PropertyValueSpecification\",\"valueRequired\":true,\"valueName\":\"search_term_string\"}}],\"inLanguage\":\"cs\"}]}<\/script>\n<!-- \/ Yoast SEO plugin. -->","yoast_head_json":{"title":"Ceny ubytov\u00e1n\u00ed na Jahorin\u011b - BESTBLICK Apartments Jahorina","robots":{"index":"index","follow":"follow","max-snippet":"max-snippet:-1","max-image-preview":"max-image-preview:large","max-video-preview":"max-video-preview:-1"},"canonical":"https:\/\/apartments-jahorina.com\/cs\/ceny-ubytovani-na-jahorine\/","og_locale":"cs_CZ","og_type":"article","og_title":"Ceny ubytov\u00e1n\u00ed na Jahorin\u011b - BESTBLICK Apartments Jahorina","og_description":"Ceny ubytov\u00e1n\u00ed na Jahorin\u011b \u2013 Apartm\u00e1ny Bestblick Jahorina nab\u00edz\u00ed \u0161irokou \u0161k\u00e1lu mo\u017enost\u00ed ubytov\u00e1n\u00ed, od luxusn\u00edch apartm\u00e1n\u016f a\u017e po cenov\u011b dostupn\u00e9 chaty a penziony. Ceny ubytov\u00e1n\u00ed se li\u0161\u00ed v z\u00e1vislosti na typu nemovitosti, lokalit\u011b a dal\u0161\u00edm vybaven\u00ed. Ceny luxusn\u00edch apartm\u00e1n\u016f v bl\u00edzkosti sjezdovek obvykle za\u010d\u00ednaj\u00ed na 80\u2013100 eurech za noc pro dva dosp\u011bl\u00e9 v hlavn\u00ed sez\u00f3n\u011b. [&hellip;]","og_url":"https:\/\/apartments-jahorina.com\/cs\/ceny-ubytovani-na-jahorine\/","og_site_name":"BESTBLICK Apartments Jahorina","article_modified_time":"2026-02-02T02:31:08+00:00","twitter_card":"summary_large_image","schema":{"@context":"https:\/\/schema.org","@graph":[{"@type":"WebPage","@id":"https:\/\/apartments-jahorina.com\/cs\/ceny-ubytovani-na-jahorine\/","url":"https:\/\/apartments-jahorina.com\/cs\/ceny-ubytovani-na-jahorine\/","name":"Ceny ubytov\u00e1n\u00ed na Jahorin\u011b - BESTBLICK Apartments Jahorina","isPartOf":{"@id":"https:\/\/apartments-jahorina.com\/#website"},"datePublished":"2026-01-26T20:00:06+00:00","dateModified":"2026-02-02T02:31:08+00:00","breadcrumb":{"@id":"https:\/\/apartments-jahorina.com\/cs\/ceny-ubytovani-na-jahorine\/#breadcrumb"},"inLanguage":"cs","potentialAction":[{"@type":"ReadAction","target":["https:\/\/apartments-jahorina.com\/cs\/ceny-ubytovani-na-jahorine\/"]}]},{"@type":"BreadcrumbList","@id":"https:\/\/apartments-jahorina.com\/cs\/ceny-ubytovani-na-jahorine\/#breadcrumb","itemListElement":[{"@type":"ListItem","position":1,"name":"Home","item":"https:\/\/apartments-jahorina.com\/sl\/"},{"@type":"ListItem","position":2,"name":"Ceny ubytov\u00e1n\u00ed na Jahorin\u011b"}]},{"@type":"WebSite","@id":"https:\/\/apartments-jahorina.com\/#website","url":"https:\/\/apartments-jahorina.com\/","name":"BESTBLICK Apartments Jahorina","description":"Moderni apartmani s pogledom na ski-stazu","potentialAction":[{"@type":"SearchAction","target":{"@type":"EntryPoint","urlTemplate":"https:\/\/apartments-jahorina.com\/?s={search_term_string}"},"query-input":{"@type":"PropertyValueSpecification","valueRequired":true,"valueName":"search_term_string"}}],"inLanguage":"cs"}]}},"_links":{"self":[{"href":"https:\/\/apartments-jahorina.com\/cs\/wp-json\/wp\/v2\/pages\/13288","targetHints":{"allow":["GET"]}}],"collection":[{"href":"https:\/\/apartments-jahorina.com\/cs\/wp-json\/wp\/v2\/pages"}],"about":[{"href":"https:\/\/apartments-jahorina.com\/cs\/wp-json\/wp\/v2\/types\/page"}],"author":[{"embeddable":true,"href":"https:\/\/apartments-jahorina.com\/cs\/wp-json\/wp\/v2\/users\/1"}],"replies":[{"embeddable":true,"href":"https:\/\/apartments-jahorina.com\/cs\/wp-json\/wp\/v2\/comments?post=13288"}],"version-history":[{"count":5,"href":"https:\/\/apartments-jahorina.com\/cs\/wp-json\/wp\/v2\/pages\/13288\/revisions"}],"predecessor-version":[{"id":13324,"href":"https:\/\/apartments-jahorina.com\/cs\/wp-json\/wp\/v2\/pages\/13288\/revisions\/13324"}],"wp:attachment":[{"href":"https:\/\/apartments-jahorina.com\/cs\/wp-json\/wp\/v2\/media?parent=13288"}],"curies":[{"name":"wp","href":"https:\/\/api.w.org\/{rel}","templated":true}]}}