{"id":13436,"date":"2026-02-04T02:20:19","date_gmt":"2026-02-04T02:20:19","guid":{"rendered":"https:\/\/apartments-jahorina.com\/?page_id=13436"},"modified":"2026-02-04T02:30:08","modified_gmt":"2026-02-04T02:30:08","slug":"kam-lyzovat","status":"publish","type":"page","link":"https:\/\/apartments-jahorina.com\/cs\/kam-lyzovat\/","title":{"rendered":"Kam ly\u017eovat?"},"content":{"rendered":"\t\t<div data-elementor-type=\"wp-page\" data-elementor-id=\"13436\" class=\"elementor elementor-13436 elementor-13435\">\n\t\t\t\t<div class=\"elementor-element elementor-element-12b6bd6 e-flex e-con-boxed e-con e-parent\" data-id=\"12b6bd6\" data-element_type=\"container\">\n\t\t\t\t\t<div class=\"e-con-inner\">\n\t\t<div class=\"elementor-element elementor-element-7b8b529 e-con-full e-flex e-con e-child\" data-id=\"7b8b529\" data-element_type=\"container\">\n\t\t<div class=\"elementor-element elementor-element-52f5450 e-con-full e-flex e-con e-child\" data-id=\"52f5450\" data-element_type=\"container\">\n\t\t\t\t<div class=\"elementor-element elementor-element-ef7ac5e elementor-absolute elementor-hidden-mobile elementor-view-default elementor-invisible elementor-widget elementor-widget-icon\" data-id=\"ef7ac5e\" data-element_type=\"widget\" data-settings=\"{&quot;_position&quot;:&quot;absolute&quot;,&quot;motion_fx_motion_fx_scrolling&quot;:&quot;yes&quot;,&quot;motion_fx_translateX_effect&quot;:&quot;yes&quot;,&quot;motion_fx_translateX_speed&quot;:{&quot;unit&quot;:&quot;px&quot;,&quot;size&quot;:1.5,&quot;sizes&quot;:[]},&quot;_animation&quot;:&quot;opal-move-right&quot;,&quot;motion_fx_translateX_affectedRange&quot;:{&quot;unit&quot;:&quot;%&quot;,&quot;size&quot;:&quot;&quot;,&quot;sizes&quot;:{&quot;start&quot;:0,&quot;end&quot;:100}},&quot;motion_fx_devices&quot;:[&quot;desktop&quot;,&quot;laptop&quot;,&quot;tablet_extra&quot;,&quot;tablet&quot;,&quot;mobile_extra&quot;,&quot;mobile&quot;]}\" data-widget_type=\"icon.default\">\n\t\t\t\t\t\t\t<div class=\"elementor-icon-wrapper\">\n\t\t\t<div class=\"elementor-icon\">\n\t\t\t\t\t\t<\/div>\n\t\t<\/div>\n\t\t\t\t\t\t<\/div>\n\t\t\t\t<div class=\"elementor-element elementor-element-7a3b481 elementor-widget__width-auto elementor-absolute elementor-hidden-mobile elementor-view-default elementor-invisible elementor-widget elementor-widget-icon\" data-id=\"7a3b481\" data-element_type=\"widget\" data-settings=\"{&quot;_position&quot;:&quot;absolute&quot;,&quot;motion_fx_motion_fx_scrolling&quot;:&quot;yes&quot;,&quot;motion_fx_translateY_effect&quot;:&quot;yes&quot;,&quot;motion_fx_translateY_direction&quot;:&quot;negative&quot;,&quot;motion_fx_translateY_speed&quot;:{&quot;unit&quot;:&quot;px&quot;,&quot;size&quot;:1.2,&quot;sizes&quot;:[]},&quot;_animation&quot;:&quot;opal-move-down&quot;,&quot;motion_fx_translateY_affectedRange&quot;:{&quot;unit&quot;:&quot;%&quot;,&quot;size&quot;:&quot;&quot;,&quot;sizes&quot;:{&quot;start&quot;:0,&quot;end&quot;:100}},&quot;motion_fx_devices&quot;:[&quot;desktop&quot;,&quot;laptop&quot;,&quot;tablet_extra&quot;,&quot;tablet&quot;,&quot;mobile_extra&quot;,&quot;mobile&quot;]}\" data-widget_type=\"icon.default\">\n\t\t\t\t\t\t\t<div class=\"elementor-icon-wrapper\">\n\t\t\t<div class=\"elementor-icon\">\n\t\t\t\t\t\t<\/div>\n\t\t<\/div>\n\t\t\t\t\t\t<\/div>\n\t\t\t\t<\/div>\n\t\t<div class=\"elementor-element elementor-element-4e0b3cc e-con-full e-flex e-con e-child\" data-id=\"4e0b3cc\" data-element_type=\"container\">\n\t\t\t\t<div class=\"elementor-element elementor-element-6bc46d3 elementor-widget__width-initial elementor-invisible elementor-widget elementor-widget-heading\" data-id=\"6bc46d3\" data-element_type=\"widget\" data-settings=\"{&quot;_animation&quot;:&quot;opal-move-left&quot;}\" data-widget_type=\"heading.default\">\n\t\t\t\t\t<h2 data-cursor=\"-opaque\" class=\"elementor-heading-title elementor-size-default\">Kam ly\u017eovat? Jahorina  \u2013  <span class=\"c-primary\">Kompletn\u00ed pr\u016fvodce zimn\u00edm dobrodru\u017estv\u00edm<\/span><\/h2>\t\t\t\t<\/div>\n\t\t\t\t<div class=\"elementor-element elementor-element-4aa09f6 elementor-widget__width-initial elementor-invisible elementor-widget elementor-widget-text-editor\" data-id=\"4aa09f6\" data-element_type=\"widget\" data-settings=\"{&quot;_animation&quot;:&quot;opal-move-left&quot;}\" data-widget_type=\"text-editor.default\">\n\t\t\t\t\t\t\t\t\t<p>Jahorina je jednou z nejzn\u00e1m\u011bj\u0161\u00edch ly\u017ea\u0159sk\u00fdch destinac\u00ed na Balk\u00e1n\u011b a nab\u00edz\u00ed v\u00fdjime\u010dn\u00fd z\u00e1\u017eitek ze zimn\u00edch sport\u016f v srdci Bosny a Hercegoviny. S p\u016fsobiv\u00fdmi 45 km upravovan\u00fdch sjezdovek nab\u00edz\u00ed Jahorina \u0159adu mo\u017enost\u00ed pro v\u0161echny typy ly\u017ea\u0159\u016f &#8211; od za\u010d\u00e1te\u010dn\u00edk\u016f a\u017e po profesion\u00e1ly. Krom\u011b ly\u017eov\u00e1n\u00ed nab\u00edz\u00ed Jahorina snowboarding, ve\u010dern\u00ed ly\u017eov\u00e1n\u00ed, s\u00e1\u0148kov\u00e1n\u00ed a mnoho dal\u0161\u00edch aktivit.<\/p>\t\t\t\t\t\t\t\t<\/div>\n\t\t\t\t<\/div>\n\t\t\t\t<\/div>\n\t\t<div class=\"elementor-element elementor-element-300ae1a e-con-full e-flex e-con e-child\" data-id=\"300ae1a\" data-element_type=\"container\">\n\t\t<div class=\"elementor-element elementor-element-70f5e3f e-con-full e-flex e-con e-child\" data-id=\"70f5e3f\" data-element_type=\"container\">\n\t\t\t\t<div class=\"elementor-element elementor-element-67151ae elementor-invisible elementor-widget elementor-widget-n-accordion\" data-id=\"67151ae\" data-element_type=\"widget\" data-settings=\"{&quot;_animation&quot;:&quot;opal-move-right&quot;,&quot;default_state&quot;:&quot;all_collapsed&quot;,&quot;max_items_expended&quot;:&quot;one&quot;,&quot;n_accordion_animation_duration&quot;:{&quot;unit&quot;:&quot;ms&quot;,&quot;size&quot;:400,&quot;sizes&quot;:[]}}\" data-widget_type=\"nested-accordion.default\">\n\t\t\t\t\t\t\t<div class=\"e-n-accordion\" aria-label=\"Accordion. Open links with Enter or Space, close with Escape, and navigate with Arrow Keys\">\n\t\t\t\t\t\t<details id=\"e-n-accordion-item-1080\" class=\"e-n-accordion-item\" >\n\t\t\t\t<summary class=\"e-n-accordion-item-title\" data-accordion-index=\"1\" tabindex=\"0\" aria-expanded=\"false\" aria-controls=\"e-n-accordion-item-1080\" >\n\t\t\t\t\t<span class='e-n-accordion-item-title-header'><div class=\"e-n-accordion-item-title-text\"> Nejobl\u00edben\u011bj\u0161\u00ed sjezdovky na Jaho\u0159in\u011b <\/div><\/span>\n\t\t\t\t\t\t\t<span class='e-n-accordion-item-title-icon'>\n\t\t\t<span class='e-opened' ><i aria-hidden=\"true\" class=\"antra-icon- antra-icon-minus\"><\/i><\/span>\n\t\t\t<span class='e-closed'><i aria-hidden=\"true\" class=\"antra-icon- antra-icon-plus\"><\/i><\/span>\n\t\t<\/span>\n\n\t\t\t\t\t\t<\/summary>\n\t\t\t\t<div role=\"region\" aria-labelledby=\"e-n-accordion-item-1080\" class=\"elementor-element elementor-element-efa299f e-con-full e-flex e-con e-child\" data-id=\"efa299f\" data-element_type=\"container\">\n\t\t\t\t<div class=\"elementor-element elementor-element-bf5b1c6 elementor-widget__width-initial elementor-widget elementor-widget-text-editor\" data-id=\"bf5b1c6\" data-element_type=\"widget\" data-widget_type=\"text-editor.default\">\n\t\t\t\t\t\t\t\t\t<ol><li><p><strong><span dir=\"auto\">Olympijsk\u00e1 stezka<\/span><\/strong><br \/><span dir=\"auto\">Olympijsk\u00e1 stezka je nejdel\u0161\u00ed a nejn\u00e1ro\u010dn\u011bj\u0161\u00ed sjezdovka ur\u010den\u00e1 pro zku\u0161en\u00e9 ly\u017ea\u0159e, kte\u0159\u00ed hledaj\u00ed rychlost a v\u00fdzvu. Tato stezka nab\u00edz\u00ed 900 metr\u016f p\u0159ev\u00fd\u0161en\u00ed a t\u00e1hne se od vrcholu hory a\u017e k podh\u016f\u0159\u00ed, co\u017e zku\u0161en\u00fdm ly\u017ea\u0159\u016fm nab\u00edz\u00ed vzru\u0161uj\u00edc\u00ed z\u00e1\u017eitek.<\/span><\/p><\/li><li><p><strong><span dir=\"auto\">Poljice a Rajsk\u00e1 dolina<\/span><\/strong><br \/><span dir=\"auto\">Pro za\u010d\u00e1te\u010dn\u00edky a rekreanty jsou ide\u00e1ln\u00ed Poljice a Rajsk\u00e1 dolina. \u0160irok\u00e9 a m\u00edrn\u00e9 trat\u011b s men\u0161\u00edm v\u00fd\u0161kov\u00fdm rozd\u00edlem umo\u017e\u0148uj\u00ed bezpe\u010dnou j\u00edzdu a postupn\u00e9 u\u010den\u00ed. Poljice jsou tak\u00e9 obl\u00edben\u00e9 pro ve\u010dern\u00ed ly\u017eov\u00e1n\u00ed d\u00edky modern\u00edmu syst\u00e9mu odrazek.<\/span><\/p><\/li><li><p><strong><span dir=\"auto\">Snow Park<\/span><\/strong><br \/><span dir=\"auto\">Jahorina m\u00e1 tak\u00e9 speci\u00e1ln\u00ed snowpark se skoky a p\u0159ek\u00e1\u017ekami pro fanou\u0161ky snowboardingu, kter\u00fd poskytuje prostor pro freestyle nad\u0161ence a dobrodruhy.<\/span><\/p><\/li><\/ol>\t\t\t\t\t\t\t\t<\/div>\n\t\t\t\t<\/div>\n\t\t\t\t\t<\/details>\n\t\t\t\t\t\t<details id=\"e-n-accordion-item-1081\" class=\"e-n-accordion-item\" >\n\t\t\t\t<summary class=\"e-n-accordion-item-title\" data-accordion-index=\"2\" tabindex=\"-1\" aria-expanded=\"false\" aria-controls=\"e-n-accordion-item-1081\" >\n\t\t\t\t\t<span class='e-n-accordion-item-title-header'><div class=\"e-n-accordion-item-title-text\"> Dal\u0161\u00ed aktivity <\/div><\/span>\n\t\t\t\t\t\t\t<span class='e-n-accordion-item-title-icon'>\n\t\t\t<span class='e-opened' ><i aria-hidden=\"true\" class=\"antra-icon- antra-icon-minus\"><\/i><\/span>\n\t\t\t<span class='e-closed'><i aria-hidden=\"true\" class=\"antra-icon- antra-icon-plus\"><\/i><\/span>\n\t\t<\/span>\n\n\t\t\t\t\t\t<\/summary>\n\t\t\t\t<div role=\"region\" aria-labelledby=\"e-n-accordion-item-1081\" class=\"elementor-element elementor-element-f0098d4 e-con-full e-flex e-con e-child\" data-id=\"f0098d4\" data-element_type=\"container\">\n\t\t\t\t<div class=\"elementor-element elementor-element-6580925 elementor-widget__width-initial elementor-widget elementor-widget-text-editor\" data-id=\"6580925\" data-element_type=\"widget\" data-widget_type=\"text-editor.default\">\n\t\t\t\t\t\t\t\t\t<p><span dir=\"auto\">Krom\u011b ly\u017eov\u00e1n\u00ed si n\u00e1v\u0161t\u011bvn\u00edci Jahoriny mohou vyzkou\u0161et\u00a0<\/span><strong><span dir=\"auto\">snowtubing<\/span><\/strong><span dir=\"auto\">\u00a0, s\u00e1\u0148kov\u00e1n\u00ed nebo si u\u017e\u00edt adrenalinov\u00e9 aktivity, jako jsou\u00a0<\/span><strong><span dir=\"auto\">zipliney<\/span><\/strong><span dir=\"auto\">\u00a0. K dispozici jsou tak\u00e9 trat\u011b pro\u00a0<\/span><strong><span dir=\"auto\">nordic skiing<\/span><\/strong><span dir=\"auto\">\u00a0a milovn\u00edci horsk\u00fdch t\u00far mohou prozkoumat upraven\u00e9 horsk\u00e9 stezky. D\u011bti a za\u010d\u00e1te\u010dn\u00edci mohou vyu\u017e\u00edt ly\u017ea\u0159sk\u00e9 \u0161koly a are\u00e1ly p\u0159izp\u016fsoben\u00e9 jejich pot\u0159eb\u00e1m, kde si pod dohledem instruktor\u016f osvoj\u00ed z\u00e1kladn\u00ed ly\u017ea\u0159sk\u00e9 dovednosti.<\/span><\/p>\t\t\t\t\t\t\t\t<\/div>\n\t\t\t\t<\/div>\n\t\t\t\t\t<\/details>\n\t\t\t\t\t\t<details id=\"e-n-accordion-item-1082\" class=\"e-n-accordion-item\" >\n\t\t\t\t<summary class=\"e-n-accordion-item-title\" data-accordion-index=\"3\" tabindex=\"-1\" aria-expanded=\"false\" aria-controls=\"e-n-accordion-item-1082\" >\n\t\t\t\t\t<span class='e-n-accordion-item-title-header'><div class=\"e-n-accordion-item-title-text\"> Ly\u017ea\u0159sk\u00e9 vleky a lanovky <\/div><\/span>\n\t\t\t\t\t\t\t<span class='e-n-accordion-item-title-icon'>\n\t\t\t<span class='e-opened' ><i aria-hidden=\"true\" class=\"antra-icon- antra-icon-minus\"><\/i><\/span>\n\t\t\t<span class='e-closed'><i aria-hidden=\"true\" class=\"antra-icon- antra-icon-plus\"><\/i><\/span>\n\t\t<\/span>\n\n\t\t\t\t\t\t<\/summary>\n\t\t\t\t<div role=\"region\" aria-labelledby=\"e-n-accordion-item-1082\" class=\"elementor-element elementor-element-5471b18 e-con-full e-flex e-con e-child\" data-id=\"5471b18\" data-element_type=\"container\">\n\t\t\t\t<div class=\"elementor-element elementor-element-9cf7c35 elementor-widget__width-initial elementor-widget elementor-widget-text-editor\" data-id=\"9cf7c35\" data-element_type=\"widget\" data-widget_type=\"text-editor.default\">\n\t\t\t\t\t\t\t\t\t<p><span dir=\"auto\">Jahorina je vybavena sedmi ly\u017ea\u0159sk\u00fdmi vleky a t\u0159emi lanovkami, kter\u00e9 umo\u017e\u0148uj\u00ed rychl\u00fd a snadn\u00fd p\u0159\u00edstup k hlavn\u00edm sjezdovk\u00e1m, s celkovou kapacitou 17 000 ly\u017ea\u0159\u016f za hodinu.\u00a0<\/span><strong><span dir=\"auto\">Syst\u00e9m um\u011bl\u00e9ho zasn\u011b\u017eov\u00e1n\u00ed<\/span><\/strong><span dir=\"auto\">\u00a0zaji\u0161\u0165uje dostate\u010dnou sn\u011bhovou pokr\u00fdvku, a to i v p\u0159\u00edpad\u011b, \u017ee p\u0159\u00edrodn\u00ed podm\u00ednky nejsou ide\u00e1ln\u00ed, a umo\u017e\u0148uje tak del\u0161\u00ed ly\u017ea\u0159skou sez\u00f3nu. Vleky funguj\u00ed od 9 do 16 hodin a ve\u010dern\u00ed ly\u017eov\u00e1n\u00ed je mo\u017en\u00e9 od 18 do 21 hodin, co\u017e v\u00e1m umo\u017en\u00ed vyu\u017e\u00edt den naplno.<\/span><\/p>\t\t\t\t\t\t\t\t<\/div>\n\t\t\t\t<\/div>\n\t\t\t\t\t<\/details>\n\t\t\t\t\t\t<details id=\"e-n-accordion-item-1083\" class=\"e-n-accordion-item\" >\n\t\t\t\t<summary class=\"e-n-accordion-item-title\" data-accordion-index=\"4\" tabindex=\"-1\" aria-expanded=\"false\" aria-controls=\"e-n-accordion-item-1083\" >\n\t\t\t\t\t<span class='e-n-accordion-item-title-header'><div class=\"e-n-accordion-item-title-text\"> Ubytov\u00e1n\u00ed a Apres-Ski <\/div><\/span>\n\t\t\t\t\t\t\t<span class='e-n-accordion-item-title-icon'>\n\t\t\t<span class='e-opened' ><i aria-hidden=\"true\" class=\"antra-icon- antra-icon-minus\"><\/i><\/span>\n\t\t\t<span class='e-closed'><i aria-hidden=\"true\" class=\"antra-icon- antra-icon-plus\"><\/i><\/span>\n\t\t<\/span>\n\n\t\t\t\t\t\t<\/summary>\n\t\t\t\t<div role=\"region\" aria-labelledby=\"e-n-accordion-item-1083\" class=\"elementor-element elementor-element-f6211a5 e-con-full e-flex e-con e-child\" data-id=\"f6211a5\" data-element_type=\"container\">\n\t\t\t\t<div class=\"elementor-element elementor-element-57d17d2 elementor-widget__width-initial elementor-widget elementor-widget-text-editor\" data-id=\"57d17d2\" data-element_type=\"widget\" data-widget_type=\"text-editor.default\">\n\t\t\t\t\t\t\t\t\t<p><span dir=\"auto\">Na Jahorin\u011b najdete velk\u00fd v\u00fdb\u011br\u00a0<\/span><a href=\"https:\/\/apartments--jahorina-com.translate.goog\/OLD\/smjestaj-jahorina\/?_x_tr_sl=hr&amp;_x_tr_tl=en&amp;_x_tr_hl=en&amp;_x_tr_pto=wapp\"><span dir=\"auto\">ubytov\u00e1n\u00ed<\/span><\/a><span dir=\"auto\">\u00a0&#8211; od luxusn\u00edch hotel\u016f, soukrom\u00fdch apartm\u00e1n\u016f, a\u017e po cenov\u011b dostupn\u011bj\u0161\u00ed horsk\u00e9 domy. Nab\u00eddka apres-ski je bohat\u00e1 na restaurace, bary a spa centra, kde si m\u016f\u017eete po ly\u017eov\u00e1n\u00ed vychutnat m\u00edstn\u00ed speciality, relaxovat v saun\u011b nebo si dop\u0159\u00e1t mas\u00e1\u017ee. Jahorina se nach\u00e1z\u00ed nedaleko Sarajeva, co\u017e umo\u017e\u0148uje kulturn\u00ed v\u00fdlet do hlavn\u00edho m\u011bsta Bosny a Hercegoviny.<\/span><\/p><p><span dir=\"auto\">Jahorina je ide\u00e1ln\u00ed destinac\u00ed pro ty, kte\u0159\u00ed hledaj\u00ed kvalitn\u00ed ly\u017eov\u00e1n\u00ed, ale tak\u00e9 celkov\u00fd zimn\u00ed z\u00e1\u017eitek pln\u00fd dobrodru\u017estv\u00ed, relaxace a u\u017e\u00edv\u00e1n\u00ed si p\u0159\u00edrody.<\/span><\/p>\t\t\t\t\t\t\t\t<\/div>\n\t\t\t\t<\/div>\n\t\t\t\t\t<\/details>\n\t\t\t\t\t<\/div>\n\t\t\t\t\t\t<\/div>\n\t\t\t\t<\/div>\n\t\t<div class=\"elementor-element elementor-element-7c44126 e-con-full e-flex e-con e-child\" data-id=\"7c44126\" data-element_type=\"container\">\n\t\t\t\t<div class=\"elementor-element elementor-element-5b562f9 elementor-invisible elementor-widget elementor-widget-image\" data-id=\"5b562f9\" data-element_type=\"widget\" data-settings=\"{&quot;_animation&quot;:&quot;opal-move-left&quot;}\" data-widget_type=\"image.default\">\n\t\t\t\t\t<div class=\"antra-wrapper-image-widget\" data-cursor=\"-opaque\">\t\t\t\t\t\t\t\t\t\t<img loading=\"lazy\" decoding=\"async\" width=\"2560\" height=\"1920\" src=\"https:\/\/apartments-jahorina.com\/wp-content\/uploads\/2025\/11\/luka-scaled.jpeg\" class=\"attachment-full size-full wp-image-11230\" alt=\"\" srcset=\"https:\/\/apartments-jahorina.com\/wp-content\/uploads\/2025\/11\/luka-scaled.jpeg 2560w, https:\/\/apartments-jahorina.com\/wp-content\/uploads\/2025\/11\/luka-300x225.jpeg 300w, https:\/\/apartments-jahorina.com\/wp-content\/uploads\/2025\/11\/luka-1024x768.jpeg 1024w, https:\/\/apartments-jahorina.com\/wp-content\/uploads\/2025\/11\/luka-768x576.jpeg 768w, https:\/\/apartments-jahorina.com\/wp-content\/uploads\/2025\/11\/luka-1536x1152.jpeg 1536w, https:\/\/apartments-jahorina.com\/wp-content\/uploads\/2025\/11\/luka-2048x1536.jpeg 2048w, https:\/\/apartments-jahorina.com\/wp-content\/uploads\/2025\/11\/luka-839x629.jpeg 839w, https:\/\/apartments-jahorina.com\/wp-content\/uploads\/2025\/11\/luka-1000x750.jpeg 1000w\" sizes=\"(max-width: 2560px) 100vw, 2560px\" \/>\t\t\t\t\t\t\t\t\t\t\t<\/div>\t\t\t\t<\/div>\n\t\t\t\t<\/div>\n\t\t\t\t<\/div>\n\t\t\t\t\t<\/div>\n\t\t\t\t<\/div>\n\t\t\t\t<\/div>\n\t\t","protected":false},"excerpt":{"rendered":"<p>Kam ly\u017eovat? Jahorina \u2013 Kompletn\u00ed pr\u016fvodce zimn\u00edm dobrodru\u017estv\u00edm Jahorina je jednou z nejzn\u00e1m\u011bj\u0161\u00edch ly\u017ea\u0159sk\u00fdch destinac\u00ed na Balk\u00e1n\u011b a nab\u00edz\u00ed v\u00fdjime\u010dn\u00fd z\u00e1\u017eitek ze zimn\u00edch sport\u016f v srdci Bosny a Hercegoviny. S p\u016fsobiv\u00fdmi 45 km upravovan\u00fdch sjezdovek nab\u00edz\u00ed Jahorina \u0159adu mo\u017enost\u00ed pro v\u0161echny typy ly\u017ea\u0159\u016f &#8211; od za\u010d\u00e1te\u010dn\u00edk\u016f a\u017e po profesion\u00e1ly. Krom\u011b ly\u017eov\u00e1n\u00ed nab\u00edz\u00ed Jahorina snowboarding, ve\u010dern\u00ed [&hellip;]<\/p>\n","protected":false},"author":1,"featured_media":0,"parent":0,"menu_order":0,"comment_status":"closed","ping_status":"closed","template":"","meta":{"footnotes":""},"class_list":["post-13436","page","type-page","status-publish","hentry"],"yoast_head":"<!-- This site is optimized with the Yoast SEO plugin v26.4 - https:\/\/yoast.com\/wordpress\/plugins\/seo\/ -->\n<title>Kam ly\u017eovat? - BESTBLICK Apartments Jahorina<\/title>\n<meta name=\"robots\" content=\"index, follow, max-snippet:-1, max-image-preview:large, max-video-preview:-1\" \/>\n<link rel=\"canonical\" href=\"https:\/\/apartments-jahorina.com\/cs\/kam-lyzovat\/\" \/>\n<meta property=\"og:locale\" content=\"cs_CZ\" \/>\n<meta property=\"og:type\" content=\"article\" \/>\n<meta property=\"og:title\" content=\"Kam ly\u017eovat? - BESTBLICK Apartments Jahorina\" \/>\n<meta property=\"og:description\" content=\"Kam ly\u017eovat? Jahorina \u2013 Kompletn\u00ed pr\u016fvodce zimn\u00edm dobrodru\u017estv\u00edm Jahorina je jednou z nejzn\u00e1m\u011bj\u0161\u00edch ly\u017ea\u0159sk\u00fdch destinac\u00ed na Balk\u00e1n\u011b a nab\u00edz\u00ed v\u00fdjime\u010dn\u00fd z\u00e1\u017eitek ze zimn\u00edch sport\u016f v srdci Bosny a Hercegoviny. S p\u016fsobiv\u00fdmi 45 km upravovan\u00fdch sjezdovek nab\u00edz\u00ed Jahorina \u0159adu mo\u017enost\u00ed pro v\u0161echny typy ly\u017ea\u0159\u016f &#8211; od za\u010d\u00e1te\u010dn\u00edk\u016f a\u017e po profesion\u00e1ly. Krom\u011b ly\u017eov\u00e1n\u00ed nab\u00edz\u00ed Jahorina snowboarding, ve\u010dern\u00ed [&hellip;]\" \/>\n<meta property=\"og:url\" content=\"https:\/\/apartments-jahorina.com\/cs\/kam-lyzovat\/\" \/>\n<meta property=\"og:site_name\" content=\"BESTBLICK Apartments Jahorina\" \/>\n<meta property=\"article:modified_time\" content=\"2026-02-04T02:30:08+00:00\" \/>\n<meta property=\"og:image\" content=\"https:\/\/apartments-jahorina.com\/wp-content\/uploads\/2025\/11\/luka-scaled.jpeg\" \/>\n\t<meta property=\"og:image:width\" content=\"2560\" \/>\n\t<meta property=\"og:image:height\" content=\"1920\" \/>\n\t<meta property=\"og:image:type\" content=\"image\/jpeg\" \/>\n<meta name=\"twitter:card\" content=\"summary_large_image\" \/>\n<script type=\"application\/ld+json\" class=\"yoast-schema-graph\">{\"@context\":\"https:\/\/schema.org\",\"@graph\":[{\"@type\":\"WebPage\",\"@id\":\"https:\/\/apartments-jahorina.com\/cs\/kam-lyzovat\/\",\"url\":\"https:\/\/apartments-jahorina.com\/cs\/kam-lyzovat\/\",\"name\":\"Kam ly\u017eovat? - BESTBLICK Apartments Jahorina\",\"isPartOf\":{\"@id\":\"https:\/\/apartments-jahorina.com\/#website\"},\"primaryImageOfPage\":{\"@id\":\"https:\/\/apartments-jahorina.com\/cs\/kam-lyzovat\/#primaryimage\"},\"image\":{\"@id\":\"https:\/\/apartments-jahorina.com\/cs\/kam-lyzovat\/#primaryimage\"},\"thumbnailUrl\":\"https:\/\/apartments-jahorina.com\/wp-content\/uploads\/2025\/11\/luka-scaled.jpeg\",\"datePublished\":\"2026-02-04T02:20:19+00:00\",\"dateModified\":\"2026-02-04T02:30:08+00:00\",\"breadcrumb\":{\"@id\":\"https:\/\/apartments-jahorina.com\/cs\/kam-lyzovat\/#breadcrumb\"},\"inLanguage\":\"cs\",\"potentialAction\":[{\"@type\":\"ReadAction\",\"target\":[\"https:\/\/apartments-jahorina.com\/cs\/kam-lyzovat\/\"]}]},{\"@type\":\"ImageObject\",\"inLanguage\":\"cs\",\"@id\":\"https:\/\/apartments-jahorina.com\/cs\/kam-lyzovat\/#primaryimage\",\"url\":\"https:\/\/apartments-jahorina.com\/wp-content\/uploads\/2025\/11\/luka-scaled.jpeg\",\"contentUrl\":\"https:\/\/apartments-jahorina.com\/wp-content\/uploads\/2025\/11\/luka-scaled.jpeg\"},{\"@type\":\"BreadcrumbList\",\"@id\":\"https:\/\/apartments-jahorina.com\/cs\/kam-lyzovat\/#breadcrumb\",\"itemListElement\":[{\"@type\":\"ListItem\",\"position\":1,\"name\":\"Home\",\"item\":\"https:\/\/apartments-jahorina.com\/sl\/\"},{\"@type\":\"ListItem\",\"position\":2,\"name\":\"Kam ly\u017eovat?\"}]},{\"@type\":\"WebSite\",\"@id\":\"https:\/\/apartments-jahorina.com\/#website\",\"url\":\"https:\/\/apartments-jahorina.com\/\",\"name\":\"BESTBLICK Apartments Jahorina\",\"description\":\"Moderni apartmani s pogledom na ski-stazu\",\"potentialAction\":[{\"@type\":\"SearchAction\",\"target\":{\"@type\":\"EntryPoint\",\"urlTemplate\":\"https:\/\/apartments-jahorina.com\/?s={search_term_string}\"},\"query-input\":{\"@type\":\"PropertyValueSpecification\",\"valueRequired\":true,\"valueName\":\"search_term_string\"}}],\"inLanguage\":\"cs\"}]}<\/script>\n<!-- \/ Yoast SEO plugin. -->","yoast_head_json":{"title":"Kam ly\u017eovat? - BESTBLICK Apartments Jahorina","robots":{"index":"index","follow":"follow","max-snippet":"max-snippet:-1","max-image-preview":"max-image-preview:large","max-video-preview":"max-video-preview:-1"},"canonical":"https:\/\/apartments-jahorina.com\/cs\/kam-lyzovat\/","og_locale":"cs_CZ","og_type":"article","og_title":"Kam ly\u017eovat? - BESTBLICK Apartments Jahorina","og_description":"Kam ly\u017eovat? Jahorina \u2013 Kompletn\u00ed pr\u016fvodce zimn\u00edm dobrodru\u017estv\u00edm Jahorina je jednou z nejzn\u00e1m\u011bj\u0161\u00edch ly\u017ea\u0159sk\u00fdch destinac\u00ed na Balk\u00e1n\u011b a nab\u00edz\u00ed v\u00fdjime\u010dn\u00fd z\u00e1\u017eitek ze zimn\u00edch sport\u016f v srdci Bosny a Hercegoviny. S p\u016fsobiv\u00fdmi 45 km upravovan\u00fdch sjezdovek nab\u00edz\u00ed Jahorina \u0159adu mo\u017enost\u00ed pro v\u0161echny typy ly\u017ea\u0159\u016f &#8211; od za\u010d\u00e1te\u010dn\u00edk\u016f a\u017e po profesion\u00e1ly. Krom\u011b ly\u017eov\u00e1n\u00ed nab\u00edz\u00ed Jahorina snowboarding, ve\u010dern\u00ed [&hellip;]","og_url":"https:\/\/apartments-jahorina.com\/cs\/kam-lyzovat\/","og_site_name":"BESTBLICK Apartments Jahorina","article_modified_time":"2026-02-04T02:30:08+00:00","og_image":[{"width":2560,"height":1920,"url":"https:\/\/apartments-jahorina.com\/wp-content\/uploads\/2025\/11\/luka-scaled.jpeg","type":"image\/jpeg"}],"twitter_card":"summary_large_image","schema":{"@context":"https:\/\/schema.org","@graph":[{"@type":"WebPage","@id":"https:\/\/apartments-jahorina.com\/cs\/kam-lyzovat\/","url":"https:\/\/apartments-jahorina.com\/cs\/kam-lyzovat\/","name":"Kam ly\u017eovat? - BESTBLICK Apartments Jahorina","isPartOf":{"@id":"https:\/\/apartments-jahorina.com\/#website"},"primaryImageOfPage":{"@id":"https:\/\/apartments-jahorina.com\/cs\/kam-lyzovat\/#primaryimage"},"image":{"@id":"https:\/\/apartments-jahorina.com\/cs\/kam-lyzovat\/#primaryimage"},"thumbnailUrl":"https:\/\/apartments-jahorina.com\/wp-content\/uploads\/2025\/11\/luka-scaled.jpeg","datePublished":"2026-02-04T02:20:19+00:00","dateModified":"2026-02-04T02:30:08+00:00","breadcrumb":{"@id":"https:\/\/apartments-jahorina.com\/cs\/kam-lyzovat\/#breadcrumb"},"inLanguage":"cs","potentialAction":[{"@type":"ReadAction","target":["https:\/\/apartments-jahorina.com\/cs\/kam-lyzovat\/"]}]},{"@type":"ImageObject","inLanguage":"cs","@id":"https:\/\/apartments-jahorina.com\/cs\/kam-lyzovat\/#primaryimage","url":"https:\/\/apartments-jahorina.com\/wp-content\/uploads\/2025\/11\/luka-scaled.jpeg","contentUrl":"https:\/\/apartments-jahorina.com\/wp-content\/uploads\/2025\/11\/luka-scaled.jpeg"},{"@type":"BreadcrumbList","@id":"https:\/\/apartments-jahorina.com\/cs\/kam-lyzovat\/#breadcrumb","itemListElement":[{"@type":"ListItem","position":1,"name":"Home","item":"https:\/\/apartments-jahorina.com\/sl\/"},{"@type":"ListItem","position":2,"name":"Kam ly\u017eovat?"}]},{"@type":"WebSite","@id":"https:\/\/apartments-jahorina.com\/#website","url":"https:\/\/apartments-jahorina.com\/","name":"BESTBLICK Apartments Jahorina","description":"Moderni apartmani s pogledom na ski-stazu","potentialAction":[{"@type":"SearchAction","target":{"@type":"EntryPoint","urlTemplate":"https:\/\/apartments-jahorina.com\/?s={search_term_string}"},"query-input":{"@type":"PropertyValueSpecification","valueRequired":true,"valueName":"search_term_string"}}],"inLanguage":"cs"}]}},"_links":{"self":[{"href":"https:\/\/apartments-jahorina.com\/cs\/wp-json\/wp\/v2\/pages\/13436","targetHints":{"allow":["GET"]}}],"collection":[{"href":"https:\/\/apartments-jahorina.com\/cs\/wp-json\/wp\/v2\/pages"}],"about":[{"href":"https:\/\/apartments-jahorina.com\/cs\/wp-json\/wp\/v2\/types\/page"}],"author":[{"embeddable":true,"href":"https:\/\/apartments-jahorina.com\/cs\/wp-json\/wp\/v2\/users\/1"}],"replies":[{"embeddable":true,"href":"https:\/\/apartments-jahorina.com\/cs\/wp-json\/wp\/v2\/comments?post=13436"}],"version-history":[{"count":5,"href":"https:\/\/apartments-jahorina.com\/cs\/wp-json\/wp\/v2\/pages\/13436\/revisions"}],"predecessor-version":[{"id":13471,"href":"https:\/\/apartments-jahorina.com\/cs\/wp-json\/wp\/v2\/pages\/13436\/revisions\/13471"}],"wp:attachment":[{"href":"https:\/\/apartments-jahorina.com\/cs\/wp-json\/wp\/v2\/media?parent=13436"}],"curies":[{"name":"wp","href":"https:\/\/api.w.org\/{rel}","templated":true}]}}