{"id":10008,"date":"2025-11-30T18:44:38","date_gmt":"2025-11-30T18:44:38","guid":{"rendered":"http:\/\/apartments-jahorina.com\/sestosjed-trnovo-jahorina\/"},"modified":"2025-12-10T01:30:06","modified_gmt":"2025-12-10T01:30:06","slug":"sechssitzer-trnovo-jahorina","status":"publish","type":"page","link":"https:\/\/apartments-jahorina.com\/de\/sechssitzer-trnovo-jahorina\/","title":{"rendered":"Sechssitzer Trnovo Jahorina"},"content":{"rendered":"\t\t<div data-elementor-type=\"wp-page\" data-elementor-id=\"10008\" class=\"elementor elementor-10008 elementor-9899\">\n\t\t\t\t<div class=\"elementor-element elementor-element-12b6bd6 e-flex e-con-boxed e-con e-parent\" data-id=\"12b6bd6\" data-element_type=\"container\">\n\t\t\t\t\t<div class=\"e-con-inner\">\n\t\t<div class=\"elementor-element elementor-element-7b8b529 e-con-full e-flex e-con e-child\" data-id=\"7b8b529\" data-element_type=\"container\">\n\t\t<div class=\"elementor-element elementor-element-52f5450 e-con-full e-flex e-con e-child\" data-id=\"52f5450\" data-element_type=\"container\">\n\t\t\t\t<div class=\"elementor-element elementor-element-ef7ac5e elementor-absolute elementor-hidden-mobile elementor-view-default elementor-invisible elementor-widget elementor-widget-icon\" data-id=\"ef7ac5e\" data-element_type=\"widget\" data-settings=\"{&quot;_position&quot;:&quot;absolute&quot;,&quot;motion_fx_motion_fx_scrolling&quot;:&quot;yes&quot;,&quot;motion_fx_translateX_effect&quot;:&quot;yes&quot;,&quot;motion_fx_translateX_speed&quot;:{&quot;unit&quot;:&quot;px&quot;,&quot;size&quot;:1.5,&quot;sizes&quot;:[]},&quot;_animation&quot;:&quot;opal-move-right&quot;,&quot;motion_fx_translateX_affectedRange&quot;:{&quot;unit&quot;:&quot;%&quot;,&quot;size&quot;:&quot;&quot;,&quot;sizes&quot;:{&quot;start&quot;:0,&quot;end&quot;:100}},&quot;motion_fx_devices&quot;:[&quot;desktop&quot;,&quot;laptop&quot;,&quot;tablet_extra&quot;,&quot;tablet&quot;,&quot;mobile_extra&quot;,&quot;mobile&quot;]}\" data-widget_type=\"icon.default\">\n\t\t\t\t\t\t\t<div class=\"elementor-icon-wrapper\">\n\t\t\t<div class=\"elementor-icon\">\n\t\t\t\t\t\t<\/div>\n\t\t<\/div>\n\t\t\t\t\t\t<\/div>\n\t\t\t\t<div class=\"elementor-element elementor-element-7a3b481 elementor-widget__width-auto elementor-absolute elementor-hidden-mobile elementor-view-default elementor-invisible elementor-widget elementor-widget-icon\" data-id=\"7a3b481\" data-element_type=\"widget\" data-settings=\"{&quot;_position&quot;:&quot;absolute&quot;,&quot;motion_fx_motion_fx_scrolling&quot;:&quot;yes&quot;,&quot;motion_fx_translateY_effect&quot;:&quot;yes&quot;,&quot;motion_fx_translateY_direction&quot;:&quot;negative&quot;,&quot;motion_fx_translateY_speed&quot;:{&quot;unit&quot;:&quot;px&quot;,&quot;size&quot;:1.2,&quot;sizes&quot;:[]},&quot;_animation&quot;:&quot;opal-move-down&quot;,&quot;motion_fx_translateY_affectedRange&quot;:{&quot;unit&quot;:&quot;%&quot;,&quot;size&quot;:&quot;&quot;,&quot;sizes&quot;:{&quot;start&quot;:0,&quot;end&quot;:100}},&quot;motion_fx_devices&quot;:[&quot;desktop&quot;,&quot;laptop&quot;,&quot;tablet_extra&quot;,&quot;tablet&quot;,&quot;mobile_extra&quot;,&quot;mobile&quot;]}\" data-widget_type=\"icon.default\">\n\t\t\t\t\t\t\t<div class=\"elementor-icon-wrapper\">\n\t\t\t<div class=\"elementor-icon\">\n\t\t\t\t\t\t<\/div>\n\t\t<\/div>\n\t\t\t\t\t\t<\/div>\n\t\t\t\t<\/div>\n\t\t<div class=\"elementor-element elementor-element-4e0b3cc e-con-full e-flex e-con e-child\" data-id=\"4e0b3cc\" data-element_type=\"container\">\n\t\t\t\t<div class=\"elementor-element elementor-element-6bc46d3 elementor-widget__width-initial elementor-invisible elementor-widget elementor-widget-heading\" data-id=\"6bc46d3\" data-element_type=\"widget\" data-settings=\"{&quot;_animation&quot;:&quot;opal-move-left&quot;}\" data-widget_type=\"heading.default\">\n\t\t\t\t\t<h2 data-cursor=\"-opaque\" class=\"elementor-heading-title elementor-size-default\">Sechssitzer Trnovo Jahorina \u2013  <span class=\"c-primary\">Neuer Lift F\u00fcr Ein Besseres Skierlebnis<\/span><\/h2>\t\t\t\t<\/div>\n\t\t\t\t<div class=\"elementor-element elementor-element-4aa09f6 elementor-widget__width-initial elementor-invisible elementor-widget elementor-widget-text-editor\" data-id=\"4aa09f6\" data-element_type=\"widget\" data-settings=\"{&quot;_animation&quot;:&quot;opal-move-left&quot;}\" data-widget_type=\"text-editor.default\">\n\t\t\t\t\t\t\t\t\t<p><strong><span dir=\"auto\">Die 6er-Sesselbahn Trnovo<\/span><\/strong><span dir=\"auto\">\u00a0\u00a0wurde im Rahmen der Modernisierung des Skigebiets und des Infrastrukturausbaus am Berg Jahorina installiert. Sie tr\u00e4gt ma\u00dfgeblich zur besseren Vernetzung der verschiedenen Pisten bei und erm\u00f6glicht allen Skifahrern, insbesondere Besuchern aus Obu\u0107ina Bare und den umliegenden Wochenendd\u00f6rfern, einen einfacheren und schnelleren Zugang.<\/span><\/p>\t\t\t\t\t\t\t\t<\/div>\n\t\t\t\t<\/div>\n\t\t\t\t<\/div>\n\t\t<div class=\"elementor-element elementor-element-300ae1a e-con-full e-flex e-con e-child\" data-id=\"300ae1a\" data-element_type=\"container\">\n\t\t<div class=\"elementor-element elementor-element-70f5e3f e-con-full e-flex e-con e-child\" data-id=\"70f5e3f\" data-element_type=\"container\">\n\t\t\t\t<div class=\"elementor-element elementor-element-67151ae elementor-invisible elementor-widget elementor-widget-n-accordion\" data-id=\"67151ae\" data-element_type=\"widget\" data-settings=\"{&quot;_animation&quot;:&quot;opal-move-right&quot;,&quot;default_state&quot;:&quot;all_collapsed&quot;,&quot;max_items_expended&quot;:&quot;one&quot;,&quot;n_accordion_animation_duration&quot;:{&quot;unit&quot;:&quot;ms&quot;,&quot;size&quot;:400,&quot;sizes&quot;:[]}}\" data-widget_type=\"nested-accordion.default\">\n\t\t\t\t\t\t\t<div class=\"e-n-accordion\" aria-label=\"Accordion. Open links with Enter or Space, close with Escape, and navigate with Arrow Keys\">\n\t\t\t\t\t\t<details id=\"e-n-accordion-item-1080\" class=\"e-n-accordion-item\" >\n\t\t\t\t<summary class=\"e-n-accordion-item-title\" data-accordion-index=\"1\" tabindex=\"0\" aria-expanded=\"false\" aria-controls=\"e-n-accordion-item-1080\" >\n\t\t\t\t\t<span class='e-n-accordion-item-title-header'><div class=\"e-n-accordion-item-title-text\"> Technische Merkmale des sechssitzigen Trnovo <\/div><\/span>\n\t\t\t\t\t\t\t<span class='e-n-accordion-item-title-icon'>\n\t\t\t<span class='e-opened' ><i aria-hidden=\"true\" class=\"antra-icon- antra-icon-minus\"><\/i><\/span>\n\t\t\t<span class='e-closed'><i aria-hidden=\"true\" class=\"antra-icon- antra-icon-plus\"><\/i><\/span>\n\t\t<\/span>\n\n\t\t\t\t\t\t<\/summary>\n\t\t\t\t<div role=\"region\" aria-labelledby=\"e-n-accordion-item-1080\" class=\"elementor-element elementor-element-efa299f e-con-full e-flex e-con e-child\" data-id=\"efa299f\" data-element_type=\"container\">\n\t\t\t\t<div class=\"elementor-element elementor-element-bf5b1c6 elementor-widget__width-initial elementor-widget elementor-widget-text-editor\" data-id=\"bf5b1c6\" data-element_type=\"widget\" data-widget_type=\"text-editor.default\">\n\t\t\t\t\t\t\t\t\t<ul><li><strong><span dir=\"auto\"><span dir=\"auto\">Kapazit\u00e4t:<\/span><\/span><\/strong><span dir=\"auto\"><span dir=\"auto\">\u00a0\u00a02400 Skifahrer pro Stunde.<\/span><\/span><\/li><li><strong><span dir=\"auto\"><span dir=\"auto\">Seilbahnl\u00e4nge:<\/span><\/span><\/strong><span dir=\"auto\"><span dir=\"auto\">\u00a0\u00a0600 Meter.<\/span><\/span><\/li><li><strong><span dir=\"auto\"><span dir=\"auto\">Verbindung:<\/span><\/span><\/strong><span dir=\"auto\"><span dir=\"auto\">\u00a0\u00a0Dieser Lift verbindet Skipisten, die sowohl bei Anf\u00e4ngern als auch bei fortgeschrittenen Skifahrern beliebt sind. Die N\u00e4he eines Kinderskigebiets mit F\u00f6rderband macht dieses Gebiet zus\u00e4tzlich attraktiv f\u00fcr Familien mit kleinen Kindern.<\/span><\/span><\/li><li><strong><span dir=\"auto\"><span dir=\"auto\">Anbindung an weitere Einrichtungen:<\/span><\/span><\/strong><span dir=\"auto\"><span dir=\"auto\">\u00a0\u00a0Der Lift befindet sich in der N\u00e4he des Kiosks und der Verkaufsstelle, sodass Skifahrer alle notwendigen Serviceleistungen an der Piste leichter erreichen k\u00f6nnen.<\/span><\/span><\/li><li>\u00a0<\/li><\/ul>\t\t\t\t\t\t\t\t<\/div>\n\t\t\t\t<\/div>\n\t\t\t\t\t<\/details>\n\t\t\t\t\t\t<details id=\"e-n-accordion-item-1081\" class=\"e-n-accordion-item\" >\n\t\t\t\t<summary class=\"e-n-accordion-item-title\" data-accordion-index=\"2\" tabindex=\"-1\" aria-expanded=\"false\" aria-controls=\"e-n-accordion-item-1081\" >\n\t\t\t\t\t<span class='e-n-accordion-item-title-header'><div class=\"e-n-accordion-item-title-text\"> Bedeutung f\u00fcr Jahorina <\/div><\/span>\n\t\t\t\t\t\t\t<span class='e-n-accordion-item-title-icon'>\n\t\t\t<span class='e-opened' ><i aria-hidden=\"true\" class=\"antra-icon- antra-icon-minus\"><\/i><\/span>\n\t\t\t<span class='e-closed'><i aria-hidden=\"true\" class=\"antra-icon- antra-icon-plus\"><\/i><\/span>\n\t\t<\/span>\n\n\t\t\t\t\t\t<\/summary>\n\t\t\t\t<div role=\"region\" aria-labelledby=\"e-n-accordion-item-1081\" class=\"elementor-element elementor-element-f0098d4 e-con-full e-flex e-con e-child\" data-id=\"f0098d4\" data-element_type=\"container\">\n\t\t\t\t<div class=\"elementor-element elementor-element-6580925 elementor-widget__width-initial elementor-widget elementor-widget-text-editor\" data-id=\"6580925\" data-element_type=\"widget\" data-widget_type=\"text-editor.default\">\n\t\t\t\t\t\t\t\t\t<p><span dir=\"auto\"><span class=\"\" dir=\"auto\">Der Sechssitzer-Sessellift Trnovo ist das Ergebnis einer Investition von 30 Millionen KM. Ziel dieser Investition ist es, die Kapazit\u00e4t von Jahorina zu erh\u00f6hen und die Bedingungen f\u00fcr alle Besucher zu verbessern. Die Modernisierung der Infrastruktur am Berg tr\u00e4gt zu einem besseren Service bei, verk\u00fcrzt die Wartezeiten an den Liften und erm\u00f6glicht es mehr Skifahrern, das Skigebiet jederzeit zu nutzen.<\/span><\/span><\/p><p><span dir=\"auto\">Dieser Lift tr\u00e4gt nicht nur zu einer besseren Verbindung der Skifahrer mit den Skipisten bei, sondern verbessert auch das Gesamterlebnis auf Jahorina und macht es damit wettbewerbsf\u00e4higer auf dem regionalen Wintersportmarkt.<\/span><\/p>\t\t\t\t\t\t\t\t<\/div>\n\t\t\t\t<\/div>\n\t\t\t\t\t<\/details>\n\t\t\t\t\t\t<details id=\"e-n-accordion-item-1082\" class=\"e-n-accordion-item\" >\n\t\t\t\t<summary class=\"e-n-accordion-item-title\" data-accordion-index=\"3\" tabindex=\"-1\" aria-expanded=\"false\" aria-controls=\"e-n-accordion-item-1082\" >\n\t\t\t\t\t<span class='e-n-accordion-item-title-header'><div class=\"e-n-accordion-item-title-text\"> Vorteile des sechssitzigen Trnovo <\/div><\/span>\n\t\t\t\t\t\t\t<span class='e-n-accordion-item-title-icon'>\n\t\t\t<span class='e-opened' ><i aria-hidden=\"true\" class=\"antra-icon- antra-icon-minus\"><\/i><\/span>\n\t\t\t<span class='e-closed'><i aria-hidden=\"true\" class=\"antra-icon- antra-icon-plus\"><\/i><\/span>\n\t\t<\/span>\n\n\t\t\t\t\t\t<\/summary>\n\t\t\t\t<div role=\"region\" aria-labelledby=\"e-n-accordion-item-1082\" class=\"elementor-element elementor-element-5471b18 e-con-full e-flex e-con e-child\" data-id=\"5471b18\" data-element_type=\"container\">\n\t\t\t\t<div class=\"elementor-element elementor-element-9cf7c35 elementor-widget__width-initial elementor-widget elementor-widget-text-editor\" data-id=\"9cf7c35\" data-element_type=\"widget\" data-widget_type=\"text-editor.default\">\n\t\t\t\t\t\t\t\t\t<ul><li><strong><span dir=\"auto\"><span dir=\"auto\">Schnellerer Zugang zu den Skipisten:<\/span><\/span><\/strong><span dir=\"auto\"><span dir=\"auto\">\u00a0\u00a0Dank einer Kapazit\u00e4t von 2.400 Skifahrern pro Stunde werden die Wartezeiten an den Liften verk\u00fcrzt, sodass die Skifahrer mehr Zeit auf der Piste verbringen k\u00f6nnen.<\/span><\/span><\/li><li><strong><span dir=\"auto\"><span dir=\"auto\">Verbesserte Erreichbarkeit:<\/span><\/span><\/strong><span dir=\"auto\"><span dir=\"auto\">\u00a0\u00a0Der Aufzug erm\u00f6glicht einen schnelleren und einfacheren Zugang f\u00fcr Besucher aus der Siedlung Obu\u0107ina Bare und anderen umliegenden Gebieten.<\/span><\/span><\/li><li><strong><span dir=\"auto\"><span dir=\"auto\">F\u00fcr alle Skifahrer geeignet:<\/span><\/span><\/strong><span dir=\"auto\"><span dir=\"auto\">\u00a0\u00a0Mit Pisten, die sowohl f\u00fcr Anf\u00e4nger als auch f\u00fcr fortgeschrittene Skifahrer geeignet sind, ist Trnovo ideal f\u00fcr alle Altersgruppen und K\u00f6nnensstufen.<\/span><\/span><\/li><li>\u00a0<\/li><\/ul>\t\t\t\t\t\t\t\t<\/div>\n\t\t\t\t<\/div>\n\t\t\t\t\t<\/details>\n\t\t\t\t\t\t<details id=\"e-n-accordion-item-1083\" class=\"e-n-accordion-item\" >\n\t\t\t\t<summary class=\"e-n-accordion-item-title\" data-accordion-index=\"4\" tabindex=\"-1\" aria-expanded=\"false\" aria-controls=\"e-n-accordion-item-1083\" >\n\t\t\t\t\t<span class='e-n-accordion-item-title-header'><div class=\"e-n-accordion-item-title-text\"> Abschluss <\/div><\/span>\n\t\t\t\t\t\t\t<span class='e-n-accordion-item-title-icon'>\n\t\t\t<span class='e-opened' ><i aria-hidden=\"true\" class=\"antra-icon- antra-icon-minus\"><\/i><\/span>\n\t\t\t<span class='e-closed'><i aria-hidden=\"true\" class=\"antra-icon- antra-icon-plus\"><\/i><\/span>\n\t\t<\/span>\n\n\t\t\t\t\t\t<\/summary>\n\t\t\t\t<div role=\"region\" aria-labelledby=\"e-n-accordion-item-1083\" class=\"elementor-element elementor-element-f6211a5 e-con-full e-flex e-con e-child\" data-id=\"f6211a5\" data-element_type=\"container\">\n\t\t\t\t<div class=\"elementor-element elementor-element-57d17d2 elementor-widget__width-initial elementor-widget elementor-widget-text-editor\" data-id=\"57d17d2\" data-element_type=\"widget\" data-widget_type=\"text-editor.default\">\n\t\t\t\t\t\t\t\t\t<p><span dir=\"auto\">Die Sechssitzer-Skibahn Trnovo stellt eine bedeutende Investition in die Infrastruktur von Jahorina dar und wird die Qualit\u00e4t des Skiurlaubs f\u00fcr alle Besucher verbessern. Durch diese Modernisierung wird Jahorina zu einem noch attraktiveren Reiseziel f\u00fcr Wintersportbegeisterte und macht Skifahren zug\u00e4nglicher, angenehmer und schneller.\u00a0<\/span><\/p><p><span dir=\"auto\">Es sei darauf hingewiesen, dass die Apartments (\u00a0<\/span><a href=\"https:\/\/translate.google.com\/website?sl=hr&amp;tl=de&amp;hl=en&amp;client=webapp&amp;u=https:\/\/apartments-jahorina.com\/smjestaj-jahorina\/\"><span dir=\"auto\">Bestblick Apartments Jahorina<\/span><\/a><span dir=\"auto\">\u00a0) nur 30 Meter von diesem Sechssitzer entfernt liegen und \u00fcber einen direkten Zugang verf\u00fcgen.\u00a0<\/span><\/p>\t\t\t\t\t\t\t\t<\/div>\n\t\t\t\t<\/div>\n\t\t\t\t\t<\/details>\n\t\t\t\t\t<\/div>\n\t\t\t\t\t\t<\/div>\n\t\t\t\t<\/div>\n\t\t<div class=\"elementor-element elementor-element-7c44126 e-con-full e-flex e-con e-child\" data-id=\"7c44126\" data-element_type=\"container\">\n\t\t\t\t<div class=\"elementor-element elementor-element-5b562f9 elementor-invisible elementor-widget elementor-widget-image\" data-id=\"5b562f9\" data-element_type=\"widget\" data-settings=\"{&quot;_animation&quot;:&quot;opal-move-left&quot;}\" data-widget_type=\"image.default\">\n\t\t\t\t\t<div class=\"antra-wrapper-image-widget\" data-cursor=\"-opaque\">\t\t\t\t\t\t\t\t\t\t<img loading=\"lazy\" decoding=\"async\" width=\"1920\" height=\"2560\" src=\"https:\/\/apartments-jahorina.com\/wp-content\/uploads\/2025\/11\/IMG_6818-scaled.jpg\" class=\"attachment-full size-full wp-image-10017\" alt=\"\" srcset=\"https:\/\/apartments-jahorina.com\/wp-content\/uploads\/2025\/11\/IMG_6818-scaled.jpg 1920w, https:\/\/apartments-jahorina.com\/wp-content\/uploads\/2025\/11\/IMG_6818-225x300.jpg 225w, https:\/\/apartments-jahorina.com\/wp-content\/uploads\/2025\/11\/IMG_6818-768x1024.jpg 768w, https:\/\/apartments-jahorina.com\/wp-content\/uploads\/2025\/11\/IMG_6818-1152x1536.jpg 1152w, https:\/\/apartments-jahorina.com\/wp-content\/uploads\/2025\/11\/IMG_6818-1536x2048.jpg 1536w, https:\/\/apartments-jahorina.com\/wp-content\/uploads\/2025\/11\/IMG_6818-472x629.jpg 472w, https:\/\/apartments-jahorina.com\/wp-content\/uploads\/2025\/11\/IMG_6818-1000x1333.jpg 1000w\" sizes=\"(max-width: 1920px) 100vw, 1920px\" \/>\t\t\t\t\t\t\t\t\t\t\t<\/div>\t\t\t\t<\/div>\n\t\t\t\t<\/div>\n\t\t\t\t<\/div>\n\t\t\t\t\t<\/div>\n\t\t\t\t<\/div>\n\t\t\t\t<\/div>\n\t\t","protected":false},"excerpt":{"rendered":"<p>Sechssitzer Trnovo Jahorina \u2013 Neuer Lift F\u00fcr Ein Besseres Skierlebnis Die 6er-Sesselbahn Trnovo\u00a0\u00a0wurde im Rahmen der Modernisierung des Skigebiets und des Infrastrukturausbaus am Berg Jahorina installiert. Sie tr\u00e4gt ma\u00dfgeblich zur besseren Vernetzung der verschiedenen Pisten bei und erm\u00f6glicht allen Skifahrern, insbesondere Besuchern aus Obu\u0107ina Bare und den umliegenden Wochenendd\u00f6rfern, einen einfacheren und schnelleren Zugang. Technische [&hellip;]<\/p>\n","protected":false},"author":1,"featured_media":0,"parent":0,"menu_order":0,"comment_status":"closed","ping_status":"closed","template":"","meta":{"footnotes":""},"class_list":["post-10008","page","type-page","status-publish","hentry"],"yoast_head":"<!-- This site is optimized with the Yoast SEO plugin v26.4 - https:\/\/yoast.com\/wordpress\/plugins\/seo\/ -->\n<title>Sechssitzer Trnovo Jahorina - BESTBLICK Apartments Jahorina<\/title>\n<meta name=\"robots\" content=\"index, follow, max-snippet:-1, max-image-preview:large, max-video-preview:-1\" \/>\n<link rel=\"canonical\" href=\"https:\/\/apartments-jahorina.com\/sestosjed-trnovo-jahorina\/\" \/>\n<meta property=\"og:locale\" content=\"de_DE\" \/>\n<meta property=\"og:type\" content=\"article\" \/>\n<meta property=\"og:title\" content=\"Sechssitzer Trnovo Jahorina - BESTBLICK Apartments Jahorina\" \/>\n<meta property=\"og:description\" content=\"Sechssitzer Trnovo Jahorina \u2013 Neuer Lift F\u00fcr Ein Besseres Skierlebnis Die 6er-Sesselbahn Trnovo\u00a0\u00a0wurde im Rahmen der Modernisierung des Skigebiets und des Infrastrukturausbaus am Berg Jahorina installiert. Sie tr\u00e4gt ma\u00dfgeblich zur besseren Vernetzung der verschiedenen Pisten bei und erm\u00f6glicht allen Skifahrern, insbesondere Besuchern aus Obu\u0107ina Bare und den umliegenden Wochenendd\u00f6rfern, einen einfacheren und schnelleren Zugang. Technische [&hellip;]\" \/>\n<meta property=\"og:url\" content=\"https:\/\/apartments-jahorina.com\/sestosjed-trnovo-jahorina\/\" \/>\n<meta property=\"og:site_name\" content=\"BESTBLICK Apartments Jahorina\" \/>\n<meta property=\"article:modified_time\" content=\"2025-12-10T01:30:06+00:00\" \/>\n<meta property=\"og:image\" content=\"http:\/\/apartments-jahorina.com\/wp-content\/uploads\/2025\/11\/IMG_6818-scaled.jpg\" \/>\n<meta name=\"twitter:card\" content=\"summary_large_image\" \/>\n<meta name=\"twitter:label1\" content=\"Gesch\u00e4tzte Lesezeit\" \/>\n\t<meta name=\"twitter:data1\" content=\"4\u00a0Minuten\" \/>\n<script type=\"application\/ld+json\" class=\"yoast-schema-graph\">{\"@context\":\"https:\/\/schema.org\",\"@graph\":[{\"@type\":\"WebPage\",\"@id\":\"https:\/\/apartments-jahorina.com\/sestosjed-trnovo-jahorina\/\",\"url\":\"https:\/\/apartments-jahorina.com\/sestosjed-trnovo-jahorina\/\",\"name\":\"Sechssitzer Trnovo Jahorina - BESTBLICK Apartments Jahorina\",\"isPartOf\":{\"@id\":\"https:\/\/apartments-jahorina.com\/#website\"},\"primaryImageOfPage\":{\"@id\":\"https:\/\/apartments-jahorina.com\/sestosjed-trnovo-jahorina\/#primaryimage\"},\"image\":{\"@id\":\"https:\/\/apartments-jahorina.com\/sestosjed-trnovo-jahorina\/#primaryimage\"},\"thumbnailUrl\":\"http:\/\/apartments-jahorina.com\/wp-content\/uploads\/2025\/11\/IMG_6818-scaled.jpg\",\"datePublished\":\"2025-11-30T18:44:38+00:00\",\"dateModified\":\"2025-12-10T01:30:06+00:00\",\"breadcrumb\":{\"@id\":\"https:\/\/apartments-jahorina.com\/sestosjed-trnovo-jahorina\/#breadcrumb\"},\"inLanguage\":\"de\",\"potentialAction\":[{\"@type\":\"ReadAction\",\"target\":[\"https:\/\/apartments-jahorina.com\/sestosjed-trnovo-jahorina\/\"]}]},{\"@type\":\"ImageObject\",\"inLanguage\":\"de\",\"@id\":\"https:\/\/apartments-jahorina.com\/sestosjed-trnovo-jahorina\/#primaryimage\",\"url\":\"http:\/\/apartments-jahorina.com\/wp-content\/uploads\/2025\/11\/IMG_6818-scaled.jpg\",\"contentUrl\":\"http:\/\/apartments-jahorina.com\/wp-content\/uploads\/2025\/11\/IMG_6818-scaled.jpg\"},{\"@type\":\"BreadcrumbList\",\"@id\":\"https:\/\/apartments-jahorina.com\/sestosjed-trnovo-jahorina\/#breadcrumb\",\"itemListElement\":[{\"@type\":\"ListItem\",\"position\":1,\"name\":\"Home\",\"item\":\"https:\/\/apartments-jahorina.com\/de\/\"},{\"@type\":\"ListItem\",\"position\":2,\"name\":\"Sechssitzer Trnovo Jahorina\"}]},{\"@type\":\"WebSite\",\"@id\":\"https:\/\/apartments-jahorina.com\/#website\",\"url\":\"https:\/\/apartments-jahorina.com\/\",\"name\":\"BESTBLICK Apartments Jahorina\",\"description\":\"Moderni apartmani s pogledom na ski-stazu\",\"potentialAction\":[{\"@type\":\"SearchAction\",\"target\":{\"@type\":\"EntryPoint\",\"urlTemplate\":\"https:\/\/apartments-jahorina.com\/?s={search_term_string}\"},\"query-input\":{\"@type\":\"PropertyValueSpecification\",\"valueRequired\":true,\"valueName\":\"search_term_string\"}}],\"inLanguage\":\"de\"}]}<\/script>\n<!-- \/ Yoast SEO plugin. -->","yoast_head_json":{"title":"Sechssitzer Trnovo Jahorina - BESTBLICK Apartments Jahorina","robots":{"index":"index","follow":"follow","max-snippet":"max-snippet:-1","max-image-preview":"max-image-preview:large","max-video-preview":"max-video-preview:-1"},"canonical":"https:\/\/apartments-jahorina.com\/sestosjed-trnovo-jahorina\/","og_locale":"de_DE","og_type":"article","og_title":"Sechssitzer Trnovo Jahorina - BESTBLICK Apartments Jahorina","og_description":"Sechssitzer Trnovo Jahorina \u2013 Neuer Lift F\u00fcr Ein Besseres Skierlebnis Die 6er-Sesselbahn Trnovo\u00a0\u00a0wurde im Rahmen der Modernisierung des Skigebiets und des Infrastrukturausbaus am Berg Jahorina installiert. Sie tr\u00e4gt ma\u00dfgeblich zur besseren Vernetzung der verschiedenen Pisten bei und erm\u00f6glicht allen Skifahrern, insbesondere Besuchern aus Obu\u0107ina Bare und den umliegenden Wochenendd\u00f6rfern, einen einfacheren und schnelleren Zugang. Technische [&hellip;]","og_url":"https:\/\/apartments-jahorina.com\/sestosjed-trnovo-jahorina\/","og_site_name":"BESTBLICK Apartments Jahorina","article_modified_time":"2025-12-10T01:30:06+00:00","og_image":[{"url":"http:\/\/apartments-jahorina.com\/wp-content\/uploads\/2025\/11\/IMG_6818-scaled.jpg","type":"","width":"","height":""}],"twitter_card":"summary_large_image","twitter_misc":{"Gesch\u00e4tzte Lesezeit":"4\u00a0Minuten"},"schema":{"@context":"https:\/\/schema.org","@graph":[{"@type":"WebPage","@id":"https:\/\/apartments-jahorina.com\/sestosjed-trnovo-jahorina\/","url":"https:\/\/apartments-jahorina.com\/sestosjed-trnovo-jahorina\/","name":"Sechssitzer Trnovo Jahorina - BESTBLICK Apartments Jahorina","isPartOf":{"@id":"https:\/\/apartments-jahorina.com\/#website"},"primaryImageOfPage":{"@id":"https:\/\/apartments-jahorina.com\/sestosjed-trnovo-jahorina\/#primaryimage"},"image":{"@id":"https:\/\/apartments-jahorina.com\/sestosjed-trnovo-jahorina\/#primaryimage"},"thumbnailUrl":"http:\/\/apartments-jahorina.com\/wp-content\/uploads\/2025\/11\/IMG_6818-scaled.jpg","datePublished":"2025-11-30T18:44:38+00:00","dateModified":"2025-12-10T01:30:06+00:00","breadcrumb":{"@id":"https:\/\/apartments-jahorina.com\/sestosjed-trnovo-jahorina\/#breadcrumb"},"inLanguage":"de","potentialAction":[{"@type":"ReadAction","target":["https:\/\/apartments-jahorina.com\/sestosjed-trnovo-jahorina\/"]}]},{"@type":"ImageObject","inLanguage":"de","@id":"https:\/\/apartments-jahorina.com\/sestosjed-trnovo-jahorina\/#primaryimage","url":"http:\/\/apartments-jahorina.com\/wp-content\/uploads\/2025\/11\/IMG_6818-scaled.jpg","contentUrl":"http:\/\/apartments-jahorina.com\/wp-content\/uploads\/2025\/11\/IMG_6818-scaled.jpg"},{"@type":"BreadcrumbList","@id":"https:\/\/apartments-jahorina.com\/sestosjed-trnovo-jahorina\/#breadcrumb","itemListElement":[{"@type":"ListItem","position":1,"name":"Home","item":"https:\/\/apartments-jahorina.com\/de\/"},{"@type":"ListItem","position":2,"name":"Sechssitzer Trnovo Jahorina"}]},{"@type":"WebSite","@id":"https:\/\/apartments-jahorina.com\/#website","url":"https:\/\/apartments-jahorina.com\/","name":"BESTBLICK Apartments Jahorina","description":"Moderni apartmani s pogledom na ski-stazu","potentialAction":[{"@type":"SearchAction","target":{"@type":"EntryPoint","urlTemplate":"https:\/\/apartments-jahorina.com\/?s={search_term_string}"},"query-input":{"@type":"PropertyValueSpecification","valueRequired":true,"valueName":"search_term_string"}}],"inLanguage":"de"}]}},"_links":{"self":[{"href":"https:\/\/apartments-jahorina.com\/de\/wp-json\/wp\/v2\/pages\/10008","targetHints":{"allow":["GET"]}}],"collection":[{"href":"https:\/\/apartments-jahorina.com\/de\/wp-json\/wp\/v2\/pages"}],"about":[{"href":"https:\/\/apartments-jahorina.com\/de\/wp-json\/wp\/v2\/types\/page"}],"author":[{"embeddable":true,"href":"https:\/\/apartments-jahorina.com\/de\/wp-json\/wp\/v2\/users\/1"}],"replies":[{"embeddable":true,"href":"https:\/\/apartments-jahorina.com\/de\/wp-json\/wp\/v2\/comments?post=10008"}],"version-history":[{"count":14,"href":"https:\/\/apartments-jahorina.com\/de\/wp-json\/wp\/v2\/pages\/10008\/revisions"}],"predecessor-version":[{"id":12294,"href":"https:\/\/apartments-jahorina.com\/de\/wp-json\/wp\/v2\/pages\/10008\/revisions\/12294"}],"wp:attachment":[{"href":"https:\/\/apartments-jahorina.com\/de\/wp-json\/wp\/v2\/media?parent=10008"}],"curies":[{"name":"wp","href":"https:\/\/api.w.org\/{rel}","templated":true}]}}