{"id":10016,"date":"2025-11-30T18:38:32","date_gmt":"2025-11-30T18:38:32","guid":{"rendered":"http:\/\/apartments-jahorina.com\/nocno-skijanje-na-jahorini\/"},"modified":"2025-12-16T00:37:52","modified_gmt":"2025-12-16T00:37:52","slug":"nachtskifahren-auf-jahorina","status":"publish","type":"page","link":"https:\/\/apartments-jahorina.com\/de\/nachtskifahren-auf-jahorina\/","title":{"rendered":"Nachtskifahren auf Jahorina"},"content":{"rendered":"\t\t<div data-elementor-type=\"wp-page\" data-elementor-id=\"10016\" class=\"elementor elementor-10016 elementor-9892\">\n\t\t\t\t<div class=\"elementor-element elementor-element-12b6bd6 e-flex e-con-boxed e-con e-parent\" data-id=\"12b6bd6\" data-element_type=\"container\">\n\t\t\t\t\t<div class=\"e-con-inner\">\n\t\t<div class=\"elementor-element elementor-element-7b8b529 e-con-full e-flex e-con e-child\" data-id=\"7b8b529\" data-element_type=\"container\">\n\t\t<div class=\"elementor-element elementor-element-52f5450 e-con-full e-flex e-con e-child\" data-id=\"52f5450\" data-element_type=\"container\">\n\t\t\t\t<div class=\"elementor-element elementor-element-ef7ac5e elementor-absolute elementor-hidden-mobile elementor-view-default elementor-invisible elementor-widget elementor-widget-icon\" data-id=\"ef7ac5e\" data-element_type=\"widget\" data-settings=\"{&quot;_position&quot;:&quot;absolute&quot;,&quot;motion_fx_motion_fx_scrolling&quot;:&quot;yes&quot;,&quot;motion_fx_translateX_effect&quot;:&quot;yes&quot;,&quot;motion_fx_translateX_speed&quot;:{&quot;unit&quot;:&quot;px&quot;,&quot;size&quot;:1.5,&quot;sizes&quot;:[]},&quot;_animation&quot;:&quot;opal-move-right&quot;,&quot;motion_fx_translateX_affectedRange&quot;:{&quot;unit&quot;:&quot;%&quot;,&quot;size&quot;:&quot;&quot;,&quot;sizes&quot;:{&quot;start&quot;:0,&quot;end&quot;:100}},&quot;motion_fx_devices&quot;:[&quot;desktop&quot;,&quot;laptop&quot;,&quot;tablet_extra&quot;,&quot;tablet&quot;,&quot;mobile_extra&quot;,&quot;mobile&quot;]}\" data-widget_type=\"icon.default\">\n\t\t\t\t\t\t\t<div class=\"elementor-icon-wrapper\">\n\t\t\t<div class=\"elementor-icon\">\n\t\t\t\t\t\t<\/div>\n\t\t<\/div>\n\t\t\t\t\t\t<\/div>\n\t\t\t\t<div class=\"elementor-element elementor-element-7a3b481 elementor-widget__width-auto elementor-absolute elementor-hidden-mobile elementor-view-default elementor-invisible elementor-widget elementor-widget-icon\" data-id=\"7a3b481\" data-element_type=\"widget\" data-settings=\"{&quot;_position&quot;:&quot;absolute&quot;,&quot;motion_fx_motion_fx_scrolling&quot;:&quot;yes&quot;,&quot;motion_fx_translateY_effect&quot;:&quot;yes&quot;,&quot;motion_fx_translateY_direction&quot;:&quot;negative&quot;,&quot;motion_fx_translateY_speed&quot;:{&quot;unit&quot;:&quot;px&quot;,&quot;size&quot;:1.2,&quot;sizes&quot;:[]},&quot;_animation&quot;:&quot;opal-move-down&quot;,&quot;motion_fx_translateY_affectedRange&quot;:{&quot;unit&quot;:&quot;%&quot;,&quot;size&quot;:&quot;&quot;,&quot;sizes&quot;:{&quot;start&quot;:0,&quot;end&quot;:100}},&quot;motion_fx_devices&quot;:[&quot;desktop&quot;,&quot;laptop&quot;,&quot;tablet_extra&quot;,&quot;tablet&quot;,&quot;mobile_extra&quot;,&quot;mobile&quot;]}\" data-widget_type=\"icon.default\">\n\t\t\t\t\t\t\t<div class=\"elementor-icon-wrapper\">\n\t\t\t<div class=\"elementor-icon\">\n\t\t\t\t\t\t<\/div>\n\t\t<\/div>\n\t\t\t\t\t\t<\/div>\n\t\t\t\t<\/div>\n\t\t<div class=\"elementor-element elementor-element-4e0b3cc e-con-full e-flex e-con e-child\" data-id=\"4e0b3cc\" data-element_type=\"container\">\n\t\t\t\t<div class=\"elementor-element elementor-element-6bc46d3 elementor-widget__width-initial elementor-invisible elementor-widget elementor-widget-heading\" data-id=\"6bc46d3\" data-element_type=\"widget\" data-settings=\"{&quot;_animation&quot;:&quot;opal-move-left&quot;}\" data-widget_type=\"heading.default\">\n\t\t\t\t\t<h2 data-cursor=\"-opaque\" class=\"elementor-heading-title elementor-size-default\">Nachtskifahren auf Jahorina  \u2013  <span class=\"c-primary\">Ein unvergessliches Erlebnis: Skifahren unter dem Sternenhimmel<\/span><\/h2>\t\t\t\t<\/div>\n\t\t\t\t<div class=\"elementor-element elementor-element-4aa09f6 elementor-widget__width-initial elementor-invisible elementor-widget elementor-widget-text-editor\" data-id=\"4aa09f6\" data-element_type=\"widget\" data-settings=\"{&quot;_animation&quot;:&quot;opal-move-left&quot;}\" data-widget_type=\"text-editor.default\">\n\t\t\t\t\t\t\t\t\t<p><span dir=\"auto\">Jahorina, bekannt als eines der f\u00fchrenden Skigebiete des Balkans, bietet auch attraktives\u00a0\u00a0<\/span><strong><span dir=\"auto\">Nachtskifahren<\/span><\/strong><span dir=\"auto\">\u00a0\u2013 ideal f\u00fcr Wintersportbegeisterte, die ihren Aufenthalt in den Bergen optimal nutzen m\u00f6chten. Mit 11,8 Kilometern beleuchteter Pisten bietet dieses Erlebnis eine einzigartige Kombination aus Adrenalin und zauberhafter Winteratmosph\u00e4re.<\/span><\/p>\t\t\t\t\t\t\t\t<\/div>\n\t\t\t\t<\/div>\n\t\t\t\t<\/div>\n\t\t<div class=\"elementor-element elementor-element-300ae1a e-con-full e-flex e-con e-child\" data-id=\"300ae1a\" data-element_type=\"container\">\n\t\t<div class=\"elementor-element elementor-element-70f5e3f e-con-full e-flex e-con e-child\" data-id=\"70f5e3f\" data-element_type=\"container\">\n\t\t\t\t<div class=\"elementor-element elementor-element-67151ae elementor-invisible elementor-widget elementor-widget-n-accordion\" data-id=\"67151ae\" data-element_type=\"widget\" data-settings=\"{&quot;_animation&quot;:&quot;opal-move-right&quot;,&quot;default_state&quot;:&quot;all_collapsed&quot;,&quot;max_items_expended&quot;:&quot;one&quot;,&quot;n_accordion_animation_duration&quot;:{&quot;unit&quot;:&quot;ms&quot;,&quot;size&quot;:400,&quot;sizes&quot;:[]}}\" data-widget_type=\"nested-accordion.default\">\n\t\t\t\t\t\t\t<div class=\"e-n-accordion\" aria-label=\"Accordion. Open links with Enter or Space, close with Escape, and navigate with Arrow Keys\">\n\t\t\t\t\t\t<details id=\"e-n-accordion-item-1080\" class=\"e-n-accordion-item\" >\n\t\t\t\t<summary class=\"e-n-accordion-item-title\" data-accordion-index=\"1\" tabindex=\"0\" aria-expanded=\"false\" aria-controls=\"e-n-accordion-item-1080\" >\n\t\t\t\t\t<span class='e-n-accordion-item-title-header'><div class=\"e-n-accordion-item-title-text\"> Orte und Zeitplan <\/div><\/span>\n\t\t\t\t\t\t\t<span class='e-n-accordion-item-title-icon'>\n\t\t\t<span class='e-opened' ><i aria-hidden=\"true\" class=\"antra-icon- antra-icon-minus\"><\/i><\/span>\n\t\t\t<span class='e-closed'><i aria-hidden=\"true\" class=\"antra-icon- antra-icon-plus\"><\/i><\/span>\n\t\t<\/span>\n\n\t\t\t\t\t\t<\/summary>\n\t\t\t\t<div role=\"region\" aria-labelledby=\"e-n-accordion-item-1080\" class=\"elementor-element elementor-element-efa299f e-con-full e-flex e-con e-child\" data-id=\"efa299f\" data-element_type=\"container\">\n\t\t\t\t<div class=\"elementor-element elementor-element-bf5b1c6 elementor-widget__width-initial elementor-widget elementor-widget-text-editor\" data-id=\"bf5b1c6\" data-element_type=\"widget\" data-widget_type=\"text-editor.default\">\n\t\t\t\t\t\t\t\t\t<p><span dir=\"auto\">Die beliebteste Piste zum Nachtskifahren ist\u00a0\u00a0<\/span><strong><span dir=\"auto\">Poljice<\/span><\/strong><span dir=\"auto\">\u00a0. Sie ist mit modernen Flutlichtanlagen ausgestattet und bietet optimale Bedingungen f\u00fcr sicheres Skifahren. Die Gondelbahn und der Skilift Poljice sind von\u00a0\u00a0<\/span><strong><span dir=\"auto\">18:00 bis 21:00 Uhr<\/span><\/strong><span dir=\"auto\">\u00a0in Betrieb und erm\u00f6glichen so drei Stunden ungest\u00f6rtes Ski- oder Snowboardvergn\u00fcgen. Die Beleuchtungsanlage garantiert klare Sicht und Sicherheit, auch f\u00fcr weniger ge\u00fcbte Skifahrer.<\/span><\/p>\t\t\t\t\t\t\t\t<\/div>\n\t\t\t\t<\/div>\n\t\t\t\t\t<\/details>\n\t\t\t\t\t\t<details id=\"e-n-accordion-item-1081\" class=\"e-n-accordion-item\" >\n\t\t\t\t<summary class=\"e-n-accordion-item-title\" data-accordion-index=\"2\" tabindex=\"-1\" aria-expanded=\"false\" aria-controls=\"e-n-accordion-item-1081\" >\n\t\t\t\t\t<span class='e-n-accordion-item-title-header'><div class=\"e-n-accordion-item-title-text\"> Preise f\u00fcr Skip\u00e4sse zum Nachtskifahren <\/div><\/span>\n\t\t\t\t\t\t\t<span class='e-n-accordion-item-title-icon'>\n\t\t\t<span class='e-opened' ><i aria-hidden=\"true\" class=\"antra-icon- antra-icon-minus\"><\/i><\/span>\n\t\t\t<span class='e-closed'><i aria-hidden=\"true\" class=\"antra-icon- antra-icon-plus\"><\/i><\/span>\n\t\t<\/span>\n\n\t\t\t\t\t\t<\/summary>\n\t\t\t\t<div role=\"region\" aria-labelledby=\"e-n-accordion-item-1081\" class=\"elementor-element elementor-element-f0098d4 e-con-full e-flex e-con e-child\" data-id=\"f0098d4\" data-element_type=\"container\">\n\t\t\t\t<div class=\"elementor-element elementor-element-6580925 elementor-widget__width-initial elementor-widget elementor-widget-text-editor\" data-id=\"6580925\" data-element_type=\"widget\" data-widget_type=\"text-editor.default\">\n\t\t\t\t\t\t\t\t\t<p><span dir=\"auto\">Nachtskifahren ist oft in speziellen Skipass-Paketen enthalten; wer nur diese Option nutzen m\u00f6chte, kann aber auch\u00a0\u00a0<\/span><strong><span dir=\"auto\">einen separaten Skipass<\/span><\/strong><span dir=\"auto\">\u00a0erwerben .\u00a0\u00a0<\/span><a href=\"https:\/\/translate.google.com\/website?sl=hr&amp;tl=de&amp;hl=en&amp;client=webapp&amp;u=https:\/\/apartments-jahorina.com\/cijene-skijanja-na-jahorini\/\"><span dir=\"auto\">Die Preise f\u00fcr<\/span><\/a><span dir=\"auto\">\u00a0Nachtskifahren \u00a0sind erschwinglich, und eine detaillierte Preisliste finden Sie auf der offiziellen Website des Olympischen Zentrums Jahorina. Es empfiehlt sich, die Angebote im Voraus zu pr\u00fcfen, insbesondere w\u00e4hrend der Hauptsaison im Winter.<\/span><\/p>\t\t\t\t\t\t\t\t<\/div>\n\t\t\t\t<\/div>\n\t\t\t\t\t<\/details>\n\t\t\t\t\t\t<details id=\"e-n-accordion-item-1082\" class=\"e-n-accordion-item\" >\n\t\t\t\t<summary class=\"e-n-accordion-item-title\" data-accordion-index=\"3\" tabindex=\"-1\" aria-expanded=\"false\" aria-controls=\"e-n-accordion-item-1082\" >\n\t\t\t\t\t<span class='e-n-accordion-item-title-header'><div class=\"e-n-accordion-item-title-text\"> Warum Nachtskifahren? <\/div><\/span>\n\t\t\t\t\t\t\t<span class='e-n-accordion-item-title-icon'>\n\t\t\t<span class='e-opened' ><i aria-hidden=\"true\" class=\"antra-icon- antra-icon-minus\"><\/i><\/span>\n\t\t\t<span class='e-closed'><i aria-hidden=\"true\" class=\"antra-icon- antra-icon-plus\"><\/i><\/span>\n\t\t<\/span>\n\n\t\t\t\t\t\t<\/summary>\n\t\t\t\t<div role=\"region\" aria-labelledby=\"e-n-accordion-item-1082\" class=\"elementor-element elementor-element-5471b18 e-con-full e-flex e-con e-child\" data-id=\"5471b18\" data-element_type=\"container\">\n\t\t\t\t<div class=\"elementor-element elementor-element-9cf7c35 elementor-widget__width-initial elementor-widget elementor-widget-text-editor\" data-id=\"9cf7c35\" data-element_type=\"widget\" data-widget_type=\"text-editor.default\">\n\t\t\t\t\t\t\t\t\t<ul><li><strong><span dir=\"auto\"><span dir=\"auto\">Weniger \u00fcberf\u00fcllt<\/span><\/span><\/strong><span dir=\"auto\"><span dir=\"auto\">\u00a0\u00a0\u2013 Nachtskifahren bietet entspanntere Bedingungen, da die Pisten weniger frequentiert sind.<\/span><\/span><\/li><li><strong><span dir=\"auto\"><span dir=\"auto\">Einzigartige Atmosph\u00e4re<\/span><\/span><\/strong><span dir=\"auto\"><span dir=\"auto\">\u00a0\u00a0\u2013 Beleuchtete Wege und frische Bergluft schaffen ein besonderes Wintererlebnis.<\/span><\/span><\/li><li><strong><span dir=\"auto\"><span dir=\"auto\">Mehr Zeit auf der Piste<\/span><\/span><\/strong><span dir=\"auto\"><span dir=\"auto\">\u00a0\u00a0\u2013 Die perfekte Option f\u00fcr alle, die jeden Moment ihres Winterurlaubs optimal nutzen m\u00f6chten.<\/span><\/span><\/li><li>\u00a0<\/li><\/ul>\t\t\t\t\t\t\t\t<\/div>\n\t\t\t\t<\/div>\n\t\t\t\t\t<\/details>\n\t\t\t\t\t\t<details id=\"e-n-accordion-item-1083\" class=\"e-n-accordion-item\" >\n\t\t\t\t<summary class=\"e-n-accordion-item-title\" data-accordion-index=\"4\" tabindex=\"-1\" aria-expanded=\"false\" aria-controls=\"e-n-accordion-item-1083\" >\n\t\t\t\t\t<span class='e-n-accordion-item-title-header'><div class=\"e-n-accordion-item-title-text\"> Tipps f\u00fcr Besucher <\/div><\/span>\n\t\t\t\t\t\t\t<span class='e-n-accordion-item-title-icon'>\n\t\t\t<span class='e-opened' ><i aria-hidden=\"true\" class=\"antra-icon- antra-icon-minus\"><\/i><\/span>\n\t\t\t<span class='e-closed'><i aria-hidden=\"true\" class=\"antra-icon- antra-icon-plus\"><\/i><\/span>\n\t\t<\/span>\n\n\t\t\t\t\t\t<\/summary>\n\t\t\t\t<div role=\"region\" aria-labelledby=\"e-n-accordion-item-1083\" class=\"elementor-element elementor-element-0f421d8 e-con-full e-flex e-con e-child\" data-id=\"0f421d8\" data-element_type=\"container\">\n\t\t\t\t<div class=\"elementor-element elementor-element-f71324c elementor-widget__width-initial elementor-widget elementor-widget-text-editor\" data-id=\"f71324c\" data-element_type=\"widget\" data-widget_type=\"text-editor.default\">\n\t\t\t\t\t\t\t\t\t<ul><li><strong><span dir=\"auto\"><span dir=\"auto\">Kleidung und Ausr\u00fcstung<\/span><\/span><\/strong><span dir=\"auto\"><span dir=\"auto\">\u00a0: Aufgrund der niedrigeren Nachttemperaturen wird das Tragen mehrerer Kleidungsschichten empfohlen.<\/span><\/span><\/li><li><strong><span dir=\"auto\"><span dir=\"auto\">Vorabreservierung<\/span><\/span><\/strong><span dir=\"auto\"><span dir=\"auto\">\u00a0: In der Hochsaison ist Nachtskifahren sehr beliebt, daher empfiehlt es sich, im Voraus einen Skipass zu sichern.<\/span><\/span><\/li><li><strong><span dir=\"auto\"><span dir=\"auto\">Erholung und hei\u00dfe Getr\u00e4nke<\/span><\/span><\/strong><span dir=\"auto\"><span dir=\"auto\">\u00a0: In der N\u00e4he der Pisten befinden sich Restaurants und Bars, in denen Sie nach dem Skifahren hei\u00dfe Getr\u00e4nke genie\u00dfen k\u00f6nnen.<\/span><\/span><\/li><li>\u00a0<\/li><\/ul>\t\t\t\t\t\t\t\t<\/div>\n\t\t\t\t<\/div>\n\t\t\t\t\t<\/details>\n\t\t\t\t\t\t<details id=\"e-n-accordion-item-1084\" class=\"e-n-accordion-item\" >\n\t\t\t\t<summary class=\"e-n-accordion-item-title\" data-accordion-index=\"5\" tabindex=\"-1\" aria-expanded=\"false\" aria-controls=\"e-n-accordion-item-1084\" >\n\t\t\t\t\t<span class='e-n-accordion-item-title-header'><div class=\"e-n-accordion-item-title-text\"> Abschluss <\/div><\/span>\n\t\t\t\t\t\t\t<span class='e-n-accordion-item-title-icon'>\n\t\t\t<span class='e-opened' ><i aria-hidden=\"true\" class=\"antra-icon- antra-icon-minus\"><\/i><\/span>\n\t\t\t<span class='e-closed'><i aria-hidden=\"true\" class=\"antra-icon- antra-icon-plus\"><\/i><\/span>\n\t\t<\/span>\n\n\t\t\t\t\t\t<\/summary>\n\t\t\t\t<div role=\"region\" aria-labelledby=\"e-n-accordion-item-1084\" class=\"elementor-element elementor-element-f6211a5 e-con-full e-flex e-con e-child\" data-id=\"f6211a5\" data-element_type=\"container\">\n\t\t\t\t<div class=\"elementor-element elementor-element-57d17d2 elementor-widget__width-initial elementor-widget elementor-widget-text-editor\" data-id=\"57d17d2\" data-element_type=\"widget\" data-widget_type=\"text-editor.default\">\n\t\t\t\t\t\t\t\t\t<p>Nachtskifahren am Jahorina ist die perfekte M\u00f6glichkeit, den Tag am Berg zu verl\u00e4ngern und die Magie des Skifahrens unter dem Sternenhimmel zu erleben. Planen Sie im Voraus, bringen Sie warme Kleidung mit und genie\u00dfen Sie dieses unvergessliche Erlebnis.<\/p>\t\t\t\t\t\t\t\t<\/div>\n\t\t\t\t<\/div>\n\t\t\t\t\t<\/details>\n\t\t\t\t\t<\/div>\n\t\t\t\t\t\t<\/div>\n\t\t\t\t<\/div>\n\t\t<div class=\"elementor-element elementor-element-7c44126 e-con-full e-flex e-con e-child\" data-id=\"7c44126\" data-element_type=\"container\">\n\t\t\t\t<div class=\"elementor-element elementor-element-5b562f9 elementor-invisible elementor-widget elementor-widget-image\" data-id=\"5b562f9\" data-element_type=\"widget\" data-settings=\"{&quot;_animation&quot;:&quot;opal-move-left&quot;}\" data-widget_type=\"image.default\">\n\t\t\t\t\t<div class=\"antra-wrapper-image-widget\" data-cursor=\"-opaque\">\t\t\t\t\t\t\t\t\t\t<img loading=\"lazy\" decoding=\"async\" width=\"1920\" height=\"1920\" src=\"https:\/\/apartments-jahorina.com\/wp-content\/uploads\/2025\/12\/nocna1-2.jpg\" class=\"attachment-full size-full wp-image-12711\" alt=\"\" srcset=\"https:\/\/apartments-jahorina.com\/wp-content\/uploads\/2025\/12\/nocna1-2.jpg 1920w, https:\/\/apartments-jahorina.com\/wp-content\/uploads\/2025\/12\/nocna1-2-300x300.jpg 300w, https:\/\/apartments-jahorina.com\/wp-content\/uploads\/2025\/12\/nocna1-2-1024x1024.jpg 1024w, https:\/\/apartments-jahorina.com\/wp-content\/uploads\/2025\/12\/nocna1-2-150x150.jpg 150w, https:\/\/apartments-jahorina.com\/wp-content\/uploads\/2025\/12\/nocna1-2-768x768.jpg 768w, https:\/\/apartments-jahorina.com\/wp-content\/uploads\/2025\/12\/nocna1-2-1536x1536.jpg 1536w, https:\/\/apartments-jahorina.com\/wp-content\/uploads\/2025\/12\/nocna1-2-629x629.jpg 629w, https:\/\/apartments-jahorina.com\/wp-content\/uploads\/2025\/12\/nocna1-2-600x600.jpg 600w, https:\/\/apartments-jahorina.com\/wp-content\/uploads\/2025\/12\/nocna1-2-1000x1000.jpg 1000w, https:\/\/apartments-jahorina.com\/wp-content\/uploads\/2025\/12\/nocna1-2-100x100.jpg 100w\" sizes=\"(max-width: 1920px) 100vw, 1920px\" \/>\t\t\t\t\t\t\t\t\t\t\t<\/div>\t\t\t\t<\/div>\n\t\t\t\t<\/div>\n\t\t\t\t<\/div>\n\t\t\t\t\t<\/div>\n\t\t\t\t<\/div>\n\t\t\t\t<\/div>\n\t\t","protected":false},"excerpt":{"rendered":"<p>Nachtskifahren auf Jahorina \u2013 Ein unvergessliches Erlebnis: Skifahren unter dem Sternenhimmel Jahorina, bekannt als eines der f\u00fchrenden Skigebiete des Balkans, bietet auch attraktives\u00a0\u00a0Nachtskifahren\u00a0\u2013 ideal f\u00fcr Wintersportbegeisterte, die ihren Aufenthalt in den Bergen optimal nutzen m\u00f6chten. Mit 11,8 Kilometern beleuchteter Pisten bietet dieses Erlebnis eine einzigartige Kombination aus Adrenalin und zauberhafter Winteratmosph\u00e4re. Orte und Zeitplan Die [&hellip;]<\/p>\n","protected":false},"author":1,"featured_media":0,"parent":0,"menu_order":0,"comment_status":"closed","ping_status":"closed","template":"","meta":{"footnotes":""},"class_list":["post-10016","page","type-page","status-publish","hentry"],"yoast_head":"<!-- This site is optimized with the Yoast SEO plugin v26.4 - https:\/\/yoast.com\/wordpress\/plugins\/seo\/ -->\n<title>Nachtskifahren auf Jahorina - BESTBLICK Apartments Jahorina<\/title>\n<meta name=\"robots\" content=\"index, follow, max-snippet:-1, max-image-preview:large, max-video-preview:-1\" \/>\n<link rel=\"canonical\" href=\"https:\/\/apartments-jahorina.com\/nocno-skijanje-na-jahorini\/\" \/>\n<meta property=\"og:locale\" content=\"de_DE\" \/>\n<meta property=\"og:type\" content=\"article\" \/>\n<meta property=\"og:title\" content=\"Nachtskifahren auf Jahorina - BESTBLICK Apartments Jahorina\" \/>\n<meta property=\"og:description\" content=\"Nachtskifahren auf Jahorina \u2013 Ein unvergessliches Erlebnis: Skifahren unter dem Sternenhimmel Jahorina, bekannt als eines der f\u00fchrenden Skigebiete des Balkans, bietet auch attraktives\u00a0\u00a0Nachtskifahren\u00a0\u2013 ideal f\u00fcr Wintersportbegeisterte, die ihren Aufenthalt in den Bergen optimal nutzen m\u00f6chten. Mit 11,8 Kilometern beleuchteter Pisten bietet dieses Erlebnis eine einzigartige Kombination aus Adrenalin und zauberhafter Winteratmosph\u00e4re. Orte und Zeitplan Die [&hellip;]\" \/>\n<meta property=\"og:url\" content=\"https:\/\/apartments-jahorina.com\/nocno-skijanje-na-jahorini\/\" \/>\n<meta property=\"og:site_name\" content=\"BESTBLICK Apartments Jahorina\" \/>\n<meta property=\"article:modified_time\" content=\"2025-12-16T00:37:52+00:00\" \/>\n<meta property=\"og:image\" content=\"http:\/\/apartments-jahorina.com\/wp-content\/uploads\/2025\/12\/nocna1-2.jpg\" \/>\n<meta name=\"twitter:card\" content=\"summary_large_image\" \/>\n<meta name=\"twitter:label1\" content=\"Gesch\u00e4tzte Lesezeit\" \/>\n\t<meta name=\"twitter:data1\" content=\"3\u00a0Minuten\" \/>\n<script type=\"application\/ld+json\" class=\"yoast-schema-graph\">{\"@context\":\"https:\/\/schema.org\",\"@graph\":[{\"@type\":\"WebPage\",\"@id\":\"https:\/\/apartments-jahorina.com\/nocno-skijanje-na-jahorini\/\",\"url\":\"https:\/\/apartments-jahorina.com\/nocno-skijanje-na-jahorini\/\",\"name\":\"Nachtskifahren auf Jahorina - BESTBLICK Apartments Jahorina\",\"isPartOf\":{\"@id\":\"https:\/\/apartments-jahorina.com\/#website\"},\"primaryImageOfPage\":{\"@id\":\"https:\/\/apartments-jahorina.com\/nocno-skijanje-na-jahorini\/#primaryimage\"},\"image\":{\"@id\":\"https:\/\/apartments-jahorina.com\/nocno-skijanje-na-jahorini\/#primaryimage\"},\"thumbnailUrl\":\"http:\/\/apartments-jahorina.com\/wp-content\/uploads\/2025\/12\/nocna1-2.jpg\",\"datePublished\":\"2025-11-30T18:38:32+00:00\",\"dateModified\":\"2025-12-16T00:37:52+00:00\",\"breadcrumb\":{\"@id\":\"https:\/\/apartments-jahorina.com\/nocno-skijanje-na-jahorini\/#breadcrumb\"},\"inLanguage\":\"de\",\"potentialAction\":[{\"@type\":\"ReadAction\",\"target\":[\"https:\/\/apartments-jahorina.com\/nocno-skijanje-na-jahorini\/\"]}]},{\"@type\":\"ImageObject\",\"inLanguage\":\"de\",\"@id\":\"https:\/\/apartments-jahorina.com\/nocno-skijanje-na-jahorini\/#primaryimage\",\"url\":\"http:\/\/apartments-jahorina.com\/wp-content\/uploads\/2025\/12\/nocna1-2.jpg\",\"contentUrl\":\"http:\/\/apartments-jahorina.com\/wp-content\/uploads\/2025\/12\/nocna1-2.jpg\"},{\"@type\":\"BreadcrumbList\",\"@id\":\"https:\/\/apartments-jahorina.com\/nocno-skijanje-na-jahorini\/#breadcrumb\",\"itemListElement\":[{\"@type\":\"ListItem\",\"position\":1,\"name\":\"Home\",\"item\":\"https:\/\/apartments-jahorina.com\/de\/\"},{\"@type\":\"ListItem\",\"position\":2,\"name\":\"Nachtskifahren auf Jahorina\"}]},{\"@type\":\"WebSite\",\"@id\":\"https:\/\/apartments-jahorina.com\/#website\",\"url\":\"https:\/\/apartments-jahorina.com\/\",\"name\":\"BESTBLICK Apartments Jahorina\",\"description\":\"Moderni apartmani s pogledom na ski-stazu\",\"potentialAction\":[{\"@type\":\"SearchAction\",\"target\":{\"@type\":\"EntryPoint\",\"urlTemplate\":\"https:\/\/apartments-jahorina.com\/?s={search_term_string}\"},\"query-input\":{\"@type\":\"PropertyValueSpecification\",\"valueRequired\":true,\"valueName\":\"search_term_string\"}}],\"inLanguage\":\"de\"}]}<\/script>\n<!-- \/ Yoast SEO plugin. -->","yoast_head_json":{"title":"Nachtskifahren auf Jahorina - BESTBLICK Apartments Jahorina","robots":{"index":"index","follow":"follow","max-snippet":"max-snippet:-1","max-image-preview":"max-image-preview:large","max-video-preview":"max-video-preview:-1"},"canonical":"https:\/\/apartments-jahorina.com\/nocno-skijanje-na-jahorini\/","og_locale":"de_DE","og_type":"article","og_title":"Nachtskifahren auf Jahorina - BESTBLICK Apartments Jahorina","og_description":"Nachtskifahren auf Jahorina \u2013 Ein unvergessliches Erlebnis: Skifahren unter dem Sternenhimmel Jahorina, bekannt als eines der f\u00fchrenden Skigebiete des Balkans, bietet auch attraktives\u00a0\u00a0Nachtskifahren\u00a0\u2013 ideal f\u00fcr Wintersportbegeisterte, die ihren Aufenthalt in den Bergen optimal nutzen m\u00f6chten. Mit 11,8 Kilometern beleuchteter Pisten bietet dieses Erlebnis eine einzigartige Kombination aus Adrenalin und zauberhafter Winteratmosph\u00e4re. Orte und Zeitplan Die [&hellip;]","og_url":"https:\/\/apartments-jahorina.com\/nocno-skijanje-na-jahorini\/","og_site_name":"BESTBLICK Apartments Jahorina","article_modified_time":"2025-12-16T00:37:52+00:00","og_image":[{"url":"http:\/\/apartments-jahorina.com\/wp-content\/uploads\/2025\/12\/nocna1-2.jpg","type":"","width":"","height":""}],"twitter_card":"summary_large_image","twitter_misc":{"Gesch\u00e4tzte Lesezeit":"3\u00a0Minuten"},"schema":{"@context":"https:\/\/schema.org","@graph":[{"@type":"WebPage","@id":"https:\/\/apartments-jahorina.com\/nocno-skijanje-na-jahorini\/","url":"https:\/\/apartments-jahorina.com\/nocno-skijanje-na-jahorini\/","name":"Nachtskifahren auf Jahorina - BESTBLICK Apartments Jahorina","isPartOf":{"@id":"https:\/\/apartments-jahorina.com\/#website"},"primaryImageOfPage":{"@id":"https:\/\/apartments-jahorina.com\/nocno-skijanje-na-jahorini\/#primaryimage"},"image":{"@id":"https:\/\/apartments-jahorina.com\/nocno-skijanje-na-jahorini\/#primaryimage"},"thumbnailUrl":"http:\/\/apartments-jahorina.com\/wp-content\/uploads\/2025\/12\/nocna1-2.jpg","datePublished":"2025-11-30T18:38:32+00:00","dateModified":"2025-12-16T00:37:52+00:00","breadcrumb":{"@id":"https:\/\/apartments-jahorina.com\/nocno-skijanje-na-jahorini\/#breadcrumb"},"inLanguage":"de","potentialAction":[{"@type":"ReadAction","target":["https:\/\/apartments-jahorina.com\/nocno-skijanje-na-jahorini\/"]}]},{"@type":"ImageObject","inLanguage":"de","@id":"https:\/\/apartments-jahorina.com\/nocno-skijanje-na-jahorini\/#primaryimage","url":"http:\/\/apartments-jahorina.com\/wp-content\/uploads\/2025\/12\/nocna1-2.jpg","contentUrl":"http:\/\/apartments-jahorina.com\/wp-content\/uploads\/2025\/12\/nocna1-2.jpg"},{"@type":"BreadcrumbList","@id":"https:\/\/apartments-jahorina.com\/nocno-skijanje-na-jahorini\/#breadcrumb","itemListElement":[{"@type":"ListItem","position":1,"name":"Home","item":"https:\/\/apartments-jahorina.com\/de\/"},{"@type":"ListItem","position":2,"name":"Nachtskifahren auf Jahorina"}]},{"@type":"WebSite","@id":"https:\/\/apartments-jahorina.com\/#website","url":"https:\/\/apartments-jahorina.com\/","name":"BESTBLICK Apartments Jahorina","description":"Moderni apartmani s pogledom na ski-stazu","potentialAction":[{"@type":"SearchAction","target":{"@type":"EntryPoint","urlTemplate":"https:\/\/apartments-jahorina.com\/?s={search_term_string}"},"query-input":{"@type":"PropertyValueSpecification","valueRequired":true,"valueName":"search_term_string"}}],"inLanguage":"de"}]}},"_links":{"self":[{"href":"https:\/\/apartments-jahorina.com\/de\/wp-json\/wp\/v2\/pages\/10016","targetHints":{"allow":["GET"]}}],"collection":[{"href":"https:\/\/apartments-jahorina.com\/de\/wp-json\/wp\/v2\/pages"}],"about":[{"href":"https:\/\/apartments-jahorina.com\/de\/wp-json\/wp\/v2\/types\/page"}],"author":[{"embeddable":true,"href":"https:\/\/apartments-jahorina.com\/de\/wp-json\/wp\/v2\/users\/1"}],"replies":[{"embeddable":true,"href":"https:\/\/apartments-jahorina.com\/de\/wp-json\/wp\/v2\/comments?post=10016"}],"version-history":[{"count":13,"href":"https:\/\/apartments-jahorina.com\/de\/wp-json\/wp\/v2\/pages\/10016\/revisions"}],"predecessor-version":[{"id":12714,"href":"https:\/\/apartments-jahorina.com\/de\/wp-json\/wp\/v2\/pages\/10016\/revisions\/12714"}],"wp:attachment":[{"href":"https:\/\/apartments-jahorina.com\/de\/wp-json\/wp\/v2\/media?parent=10016"}],"curies":[{"name":"wp","href":"https:\/\/api.w.org\/{rel}","templated":true}]}}