{"id":10062,"date":"2025-11-30T18:10:03","date_gmt":"2025-11-30T18:10:03","guid":{"rendered":"http:\/\/apartments-jahorina.com\/cijene-apartmana-jahorina\/"},"modified":"2025-12-11T23:46:27","modified_gmt":"2025-12-11T23:46:27","slug":"preise-apartments-jahorina","status":"publish","type":"page","link":"https:\/\/apartments-jahorina.com\/de\/preise-apartments-jahorina\/","title":{"rendered":"Preise f\u00fcr apartments in Jahorina"},"content":{"rendered":"\t\t<div data-elementor-type=\"wp-page\" data-elementor-id=\"10062\" class=\"elementor elementor-10062 elementor-9843\">\n\t\t\t\t<div class=\"elementor-element elementor-element-12b6bd6 e-flex e-con-boxed e-con e-parent\" data-id=\"12b6bd6\" data-element_type=\"container\">\n\t\t\t\t\t<div class=\"e-con-inner\">\n\t\t<div class=\"elementor-element elementor-element-7b8b529 e-con-full e-flex e-con e-child\" data-id=\"7b8b529\" data-element_type=\"container\">\n\t\t<div class=\"elementor-element elementor-element-52f5450 e-con-full e-flex e-con e-child\" data-id=\"52f5450\" data-element_type=\"container\">\n\t\t\t\t<div class=\"elementor-element elementor-element-ef7ac5e elementor-absolute elementor-hidden-mobile elementor-view-default elementor-invisible elementor-widget elementor-widget-icon\" data-id=\"ef7ac5e\" data-element_type=\"widget\" data-settings=\"{&quot;_position&quot;:&quot;absolute&quot;,&quot;motion_fx_motion_fx_scrolling&quot;:&quot;yes&quot;,&quot;motion_fx_translateX_effect&quot;:&quot;yes&quot;,&quot;motion_fx_translateX_speed&quot;:{&quot;unit&quot;:&quot;px&quot;,&quot;size&quot;:1.5,&quot;sizes&quot;:[]},&quot;_animation&quot;:&quot;opal-move-right&quot;,&quot;motion_fx_translateX_affectedRange&quot;:{&quot;unit&quot;:&quot;%&quot;,&quot;size&quot;:&quot;&quot;,&quot;sizes&quot;:{&quot;start&quot;:0,&quot;end&quot;:100}},&quot;motion_fx_devices&quot;:[&quot;desktop&quot;,&quot;laptop&quot;,&quot;tablet_extra&quot;,&quot;tablet&quot;,&quot;mobile_extra&quot;,&quot;mobile&quot;]}\" data-widget_type=\"icon.default\">\n\t\t\t\t\t\t\t<div class=\"elementor-icon-wrapper\">\n\t\t\t<div class=\"elementor-icon\">\n\t\t\t\t\t\t<\/div>\n\t\t<\/div>\n\t\t\t\t\t\t<\/div>\n\t\t\t\t<div class=\"elementor-element elementor-element-7a3b481 elementor-widget__width-auto elementor-absolute elementor-hidden-mobile elementor-view-default elementor-invisible elementor-widget elementor-widget-icon\" data-id=\"7a3b481\" data-element_type=\"widget\" data-settings=\"{&quot;_position&quot;:&quot;absolute&quot;,&quot;motion_fx_motion_fx_scrolling&quot;:&quot;yes&quot;,&quot;motion_fx_translateY_effect&quot;:&quot;yes&quot;,&quot;motion_fx_translateY_direction&quot;:&quot;negative&quot;,&quot;motion_fx_translateY_speed&quot;:{&quot;unit&quot;:&quot;px&quot;,&quot;size&quot;:1.2,&quot;sizes&quot;:[]},&quot;_animation&quot;:&quot;opal-move-down&quot;,&quot;motion_fx_translateY_affectedRange&quot;:{&quot;unit&quot;:&quot;%&quot;,&quot;size&quot;:&quot;&quot;,&quot;sizes&quot;:{&quot;start&quot;:0,&quot;end&quot;:100}},&quot;motion_fx_devices&quot;:[&quot;desktop&quot;,&quot;laptop&quot;,&quot;tablet_extra&quot;,&quot;tablet&quot;,&quot;mobile_extra&quot;,&quot;mobile&quot;]}\" data-widget_type=\"icon.default\">\n\t\t\t\t\t\t\t<div class=\"elementor-icon-wrapper\">\n\t\t\t<div class=\"elementor-icon\">\n\t\t\t\t\t\t<\/div>\n\t\t<\/div>\n\t\t\t\t\t\t<\/div>\n\t\t\t\t<\/div>\n\t\t<div class=\"elementor-element elementor-element-4e0b3cc e-con-full e-flex e-con e-child\" data-id=\"4e0b3cc\" data-element_type=\"container\">\n\t\t\t\t<div class=\"elementor-element elementor-element-6bc46d3 elementor-widget__width-initial elementor-invisible elementor-widget elementor-widget-heading\" data-id=\"6bc46d3\" data-element_type=\"widget\" data-settings=\"{&quot;_animation&quot;:&quot;opal-move-left&quot;}\" data-widget_type=\"heading.default\">\n\t\t\t\t\t<h2 data-cursor=\"-opaque\" class=\"elementor-heading-title elementor-size-default\">Preise f\u00fcr Apartments in Jahorina \u2013  <span class=\"c-primary\">Bestblick Apartments<\/span><\/h2>\t\t\t\t<\/div>\n\t\t\t\t<div class=\"elementor-element elementor-element-4aa09f6 elementor-widget__width-initial elementor-invisible elementor-widget elementor-widget-text-editor\" data-id=\"4aa09f6\" data-element_type=\"widget\" data-settings=\"{&quot;_animation&quot;:&quot;opal-move-left&quot;}\" data-widget_type=\"text-editor.default\">\n\t\t\t\t\t\t\t\t\t<p>Jahorina, eines der beliebtesten Skigebiete in Bosnien und Herzegowina, zieht jeden Winter Tausende von Touristen an. Ferienwohnungen sind aufgrund ihrer guten Erreichbarkeit und ihres Komforts die am h\u00e4ufigsten gew\u00e4hlte Unterkunftsart. Die Preise f\u00fcr Ferienwohnungen in Jahorina variieren je nach Saison, N\u00e4he zu den Skipisten, Komfort und zus\u00e4tzlichen Annehmlichkeiten.<\/p>\t\t\t\t\t\t\t\t<\/div>\n\t\t\t\t<\/div>\n\t\t\t\t<\/div>\n\t\t<div class=\"elementor-element elementor-element-300ae1a e-con-full e-flex e-con e-child\" data-id=\"300ae1a\" data-element_type=\"container\">\n\t\t<div class=\"elementor-element elementor-element-70f5e3f e-con-full e-flex e-con e-child\" data-id=\"70f5e3f\" data-element_type=\"container\">\n\t\t\t\t<div class=\"elementor-element elementor-element-67151ae elementor-invisible elementor-widget elementor-widget-n-accordion\" data-id=\"67151ae\" data-element_type=\"widget\" data-settings=\"{&quot;_animation&quot;:&quot;opal-move-right&quot;,&quot;default_state&quot;:&quot;all_collapsed&quot;,&quot;max_items_expended&quot;:&quot;one&quot;,&quot;n_accordion_animation_duration&quot;:{&quot;unit&quot;:&quot;ms&quot;,&quot;size&quot;:400,&quot;sizes&quot;:[]}}\" data-widget_type=\"nested-accordion.default\">\n\t\t\t\t\t\t\t<div class=\"e-n-accordion\" aria-label=\"Accordion. Open links with Enter or Space, close with Escape, and navigate with Arrow Keys\">\n\t\t\t\t\t\t<details id=\"e-n-accordion-item-1080\" class=\"e-n-accordion-item\" >\n\t\t\t\t<summary class=\"e-n-accordion-item-title\" data-accordion-index=\"1\" tabindex=\"0\" aria-expanded=\"false\" aria-controls=\"e-n-accordion-item-1080\" >\n\t\t\t\t\t<span class='e-n-accordion-item-title-header'><div class=\"e-n-accordion-item-title-text\"> Preis\u00fcbersicht nach Wohnungstypen <\/div><\/span>\n\t\t\t\t\t\t\t<span class='e-n-accordion-item-title-icon'>\n\t\t\t<span class='e-opened' ><i aria-hidden=\"true\" class=\"antra-icon- antra-icon-minus\"><\/i><\/span>\n\t\t\t<span class='e-closed'><i aria-hidden=\"true\" class=\"antra-icon- antra-icon-plus\"><\/i><\/span>\n\t\t<\/span>\n\n\t\t\t\t\t\t<\/summary>\n\t\t\t\t<div role=\"region\" aria-labelledby=\"e-n-accordion-item-1080\" class=\"elementor-element elementor-element-efa299f e-con-full e-flex e-con e-child\" data-id=\"efa299f\" data-element_type=\"container\">\n\t\t\t\t<div class=\"elementor-element elementor-element-bf5b1c6 elementor-widget__width-initial elementor-widget elementor-widget-text-editor\" data-id=\"bf5b1c6\" data-element_type=\"widget\" data-widget_type=\"text-editor.default\">\n\t\t\t\t\t\t\t\t\t<ol><li><p><strong><span dir=\"auto\">Einfache Apartments (60\u201380 Euro pro Nacht):<\/span><\/strong><br \/><span dir=\"auto\">Diese Apartments bieten in der Regel grundlegende Annehmlichkeiten wie kostenloses WLAN, Heizung und Parkplatz. Sie liegen etwas weiter von den Skipisten entfernt, sind aber dennoch bei preisbewussten G\u00e4sten sehr beliebt. Sie sind die ideale Wahl f\u00fcr Paare oder kleine Familien, die eine g\u00fcnstige\u00a0\u00a0<\/span><a href=\"https:\/\/translate.google.com\/website?sl=hr&amp;tl=de&amp;hl=en&amp;client=webapp&amp;u=https:\/\/apartments-jahorina.com\/smjestaj-jahorina\/\"><span dir=\"auto\">Unterkunft<\/span><\/a><span dir=\"auto\">\u00a0\u00a0mit Privatsph\u00e4re suchen.<\/span><\/p><\/li><li><p><strong><span dir=\"auto\">Standard-Apartments (80\u2013100 Euro pro Nacht):<\/span><\/strong><br \/><span dir=\"auto\">Diese Apartments bieten mehr Komfort und liegen oft in unmittelbarer N\u00e4he der Skilifte und Pisten. Sie verf\u00fcgen \u00fcber Annehmlichkeiten wie moderne K\u00fcchen, ger\u00e4umige Wohnzimmer und einen herrlichen Blick auf die Berggipfel. Viele sind f\u00fcr Familien und kleinere Gruppen mit 4\u20136 Personen geeignet und somit eine kosteng\u00fcnstige Option f\u00fcr Gruppen.<\/span><\/p><\/li><li><p><strong><span dir=\"auto\">Luxusapartments (100\u2013200 Euro pro Nacht):<\/span><\/strong><br \/><span dir=\"auto\">In der Hochsaison im Winter bieten Luxusapartments zus\u00e4tzliche Annehmlichkeiten wie private Saunen, Zugang zu Wellnessbereichen, direkten Zugang zu den Skipisten und einen traumhaften Panoramablick. Sie sind besonders bei Touristen beliebt, die ein Premium-Erlebnis suchen und bereit sind, f\u00fcr Komfort und die N\u00e4he zu den Pisten mehr zu bezahlen. Zudem bieten sie Annehmlichkeiten wie Kamine, gro\u00dfz\u00fcgige Terrassen und private Garagen und sind somit ideal f\u00fcr Gruppen und Familien.<\/span><\/p><\/li><\/ol>\t\t\t\t\t\t\t\t<\/div>\n\t\t\t\t<\/div>\n\t\t\t\t\t<\/details>\n\t\t\t\t\t\t<details id=\"e-n-accordion-item-1081\" class=\"e-n-accordion-item\" >\n\t\t\t\t<summary class=\"e-n-accordion-item-title\" data-accordion-index=\"2\" tabindex=\"-1\" aria-expanded=\"false\" aria-controls=\"e-n-accordion-item-1081\" >\n\t\t\t\t\t<span class='e-n-accordion-item-title-header'><div class=\"e-n-accordion-item-title-text\"> Preise w\u00e4hrend der Saison und au\u00dferhalb der Saison <\/div><\/span>\n\t\t\t\t\t\t\t<span class='e-n-accordion-item-title-icon'>\n\t\t\t<span class='e-opened' ><i aria-hidden=\"true\" class=\"antra-icon- antra-icon-minus\"><\/i><\/span>\n\t\t\t<span class='e-closed'><i aria-hidden=\"true\" class=\"antra-icon- antra-icon-plus\"><\/i><\/span>\n\t\t<\/span>\n\n\t\t\t\t\t\t<\/summary>\n\t\t\t\t<div role=\"region\" aria-labelledby=\"e-n-accordion-item-1081\" class=\"elementor-element elementor-element-f0098d4 e-con-full e-flex e-con e-child\" data-id=\"f0098d4\" data-element_type=\"container\">\n\t\t\t\t<div class=\"elementor-element elementor-element-6580925 elementor-widget__width-initial elementor-widget elementor-widget-text-editor\" data-id=\"6580925\" data-element_type=\"widget\" data-widget_type=\"text-editor.default\">\n\t\t\t\t\t\t\t\t\t<p>Die Preise f\u00fcr Ferienwohnungen auf Jahorina steigen w\u00e4hrend der Wintersaison (Dezember bis Februar), insbesondere um Neujahr, wenn die Nachfrage am h\u00f6chsten ist. In diesen Monaten sind Wohnungen in Pistenn\u00e4he oft teurer und nur begrenzt verf\u00fcgbar. Daher empfiehlt es sich, fr\u00fchzeitig zu buchen. In der Nebensaison sind die Preise niedriger und liegen oft 20\u201340 % unter den Winterpreisen.<\/p>\t\t\t\t\t\t\t\t<\/div>\n\t\t\t\t<\/div>\n\t\t\t\t\t<\/details>\n\t\t\t\t\t\t<details id=\"e-n-accordion-item-1082\" class=\"e-n-accordion-item\" >\n\t\t\t\t<summary class=\"e-n-accordion-item-title\" data-accordion-index=\"3\" tabindex=\"-1\" aria-expanded=\"false\" aria-controls=\"e-n-accordion-item-1082\" >\n\t\t\t\t\t<span class='e-n-accordion-item-title-header'><div class=\"e-n-accordion-item-title-text\"> Beliebte Apartments und empfohlene Buchungsoptionen <\/div><\/span>\n\t\t\t\t\t\t\t<span class='e-n-accordion-item-title-icon'>\n\t\t\t<span class='e-opened' ><i aria-hidden=\"true\" class=\"antra-icon- antra-icon-minus\"><\/i><\/span>\n\t\t\t<span class='e-closed'><i aria-hidden=\"true\" class=\"antra-icon- antra-icon-plus\"><\/i><\/span>\n\t\t<\/span>\n\n\t\t\t\t\t\t<\/summary>\n\t\t\t\t<div role=\"region\" aria-labelledby=\"e-n-accordion-item-1082\" class=\"elementor-element elementor-element-5471b18 e-con-full e-flex e-con e-child\" data-id=\"5471b18\" data-element_type=\"container\">\n\t\t\t\t<div class=\"elementor-element elementor-element-9cf7c35 elementor-widget__width-initial elementor-widget elementor-widget-text-editor\" data-id=\"9cf7c35\" data-element_type=\"widget\" data-widget_type=\"text-editor.default\">\n\t\t\t\t\t\t\t\t\t<strong><span dir=\"auto\">Bestblick Apartments Jahorina<\/span><\/strong><span dir=\"auto\">\u00a0\u00a0\u2013 Diese Apartments liegen in unmittelbarer N\u00e4he der Skipisten und bieten ein luxuri\u00f6ses Erlebnis mit Balkonen, Blick auf die Pisten, Heizung und einem ger\u00e4umigen Wohnzimmer. Die Preise pro Nacht w\u00e4hrend der Saison liegen zwischen 130 und 200 Euro.<\/span>\n<div class=\"relative inline-flex items-center\"><a class=\"flex h-[22px] items-center rounded-xl px-2 text-[0.5em] !font-medium uppercase bg-[#f4f4f4] !text-token-text-secondary hover:bg-token-text-primary hover:!text-token-main-surface-secondary dark:bg-token-main-surface-secondary dark:hover:bg-token-text-primary relative top-[-0.094rem]\" href=\"https:\/\/www.booking.com\/hotel\/ba\/bestblick-apartments-jahorina-snjezna-dolina.en-gb.html\" target=\"_blank\" rel=\"noopener\"><span class=\"truncate\"><span dir=\"auto\">Booking.com<\/span><\/span><\/a><\/div>\n<div><\/div>\n<div><span dir=\"auto\">F\u00fcr genauere Informationen zu aktuellen Preisen und Verf\u00fcgbarkeiten empfiehlt es sich, \u00fcber spezialisierte Plattformen wie\u00a0 <\/span><a href=\"https:\/\/www.booking.com\/hotel\/ba\/bestblick-apartments-jahorina-snjezna-dolina.en-gb.html\" target=\"_new\" rel=\"noopener\"><span dir=\"auto\">Booking.com zu buchen,<\/span><\/a><span dir=\"auto\">\u00a0 wo alle Unterkunftsangebote und Fr\u00fchbucherrabatte aktualisiert werden.<\/span><\/div>\t\t\t\t\t\t\t\t<\/div>\n\t\t\t\t<\/div>\n\t\t\t\t\t<\/details>\n\t\t\t\t\t<\/div>\n\t\t\t\t\t\t<\/div>\n\t\t\t\t<\/div>\n\t\t<div class=\"elementor-element elementor-element-7c44126 e-con-full e-flex e-con e-child\" data-id=\"7c44126\" data-element_type=\"container\">\n\t\t\t\t<div class=\"elementor-element elementor-element-5b562f9 elementor-invisible elementor-widget elementor-widget-image\" data-id=\"5b562f9\" data-element_type=\"widget\" data-settings=\"{&quot;_animation&quot;:&quot;opal-move-left&quot;}\" data-widget_type=\"image.default\">\n\t\t\t\t\t<div class=\"antra-wrapper-image-widget\" data-cursor=\"-opaque\">\t\t\t\t\t\t\t\t\t\t<img loading=\"lazy\" decoding=\"async\" width=\"480\" height=\"540\" src=\"https:\/\/apartments-jahorina.com\/wp-content\/uploads\/2025\/11\/novadesno.jpg\" class=\"attachment-full size-full wp-image-10174\" alt=\"\" srcset=\"https:\/\/apartments-jahorina.com\/wp-content\/uploads\/2025\/11\/novadesno.jpg 480w, https:\/\/apartments-jahorina.com\/wp-content\/uploads\/2025\/11\/novadesno-267x300.jpg 267w\" sizes=\"(max-width: 480px) 100vw, 480px\" \/>\t\t\t\t\t\t\t\t\t\t\t<\/div>\t\t\t\t<\/div>\n\t\t\t\t<\/div>\n\t\t\t\t<\/div>\n\t\t\t\t\t<\/div>\n\t\t\t\t<\/div>\n\t\t\t\t<\/div>\n\t\t","protected":false},"excerpt":{"rendered":"<p>Preise f\u00fcr Apartments in Jahorina \u2013 Bestblick Apartments Jahorina, eines der beliebtesten Skigebiete in Bosnien und Herzegowina, zieht jeden Winter Tausende von Touristen an. Ferienwohnungen sind aufgrund ihrer guten Erreichbarkeit und ihres Komforts die am h\u00e4ufigsten gew\u00e4hlte Unterkunftsart. Die Preise f\u00fcr Ferienwohnungen in Jahorina variieren je nach Saison, N\u00e4he zu den Skipisten, Komfort und zus\u00e4tzlichen [&hellip;]<\/p>\n","protected":false},"author":1,"featured_media":0,"parent":0,"menu_order":0,"comment_status":"closed","ping_status":"closed","template":"","meta":{"footnotes":""},"class_list":["post-10062","page","type-page","status-publish","hentry"],"yoast_head":"<!-- This site is optimized with the Yoast SEO plugin v26.4 - https:\/\/yoast.com\/wordpress\/plugins\/seo\/ -->\n<title>Preise f\u00fcr apartments in Jahorina - BESTBLICK Apartments Jahorina<\/title>\n<meta name=\"robots\" content=\"index, follow, max-snippet:-1, max-image-preview:large, max-video-preview:-1\" \/>\n<link rel=\"canonical\" href=\"https:\/\/apartments-jahorina.com\/cijene-apartmana-jahorina\/\" \/>\n<meta property=\"og:locale\" content=\"de_DE\" \/>\n<meta property=\"og:type\" content=\"article\" \/>\n<meta property=\"og:title\" content=\"Preise f\u00fcr apartments in Jahorina - BESTBLICK Apartments Jahorina\" \/>\n<meta property=\"og:description\" content=\"Preise f\u00fcr Apartments in Jahorina \u2013 Bestblick Apartments Jahorina, eines der beliebtesten Skigebiete in Bosnien und Herzegowina, zieht jeden Winter Tausende von Touristen an. Ferienwohnungen sind aufgrund ihrer guten Erreichbarkeit und ihres Komforts die am h\u00e4ufigsten gew\u00e4hlte Unterkunftsart. Die Preise f\u00fcr Ferienwohnungen in Jahorina variieren je nach Saison, N\u00e4he zu den Skipisten, Komfort und zus\u00e4tzlichen [&hellip;]\" \/>\n<meta property=\"og:url\" content=\"https:\/\/apartments-jahorina.com\/cijene-apartmana-jahorina\/\" \/>\n<meta property=\"og:site_name\" content=\"BESTBLICK Apartments Jahorina\" \/>\n<meta property=\"article:modified_time\" content=\"2025-12-11T23:46:27+00:00\" \/>\n<meta property=\"og:image\" content=\"http:\/\/apartments-jahorina.com\/wp-content\/uploads\/2025\/11\/novadesno.jpg\" \/>\n<meta name=\"twitter:card\" content=\"summary_large_image\" \/>\n<meta name=\"twitter:label1\" content=\"Gesch\u00e4tzte Lesezeit\" \/>\n\t<meta name=\"twitter:data1\" content=\"4\u00a0Minuten\" \/>\n<script type=\"application\/ld+json\" class=\"yoast-schema-graph\">{\"@context\":\"https:\/\/schema.org\",\"@graph\":[{\"@type\":\"WebPage\",\"@id\":\"https:\/\/apartments-jahorina.com\/cijene-apartmana-jahorina\/\",\"url\":\"https:\/\/apartments-jahorina.com\/cijene-apartmana-jahorina\/\",\"name\":\"Preise f\u00fcr apartments in Jahorina - BESTBLICK Apartments Jahorina\",\"isPartOf\":{\"@id\":\"https:\/\/apartments-jahorina.com\/#website\"},\"primaryImageOfPage\":{\"@id\":\"https:\/\/apartments-jahorina.com\/cijene-apartmana-jahorina\/#primaryimage\"},\"image\":{\"@id\":\"https:\/\/apartments-jahorina.com\/cijene-apartmana-jahorina\/#primaryimage\"},\"thumbnailUrl\":\"http:\/\/apartments-jahorina.com\/wp-content\/uploads\/2025\/11\/novadesno.jpg\",\"datePublished\":\"2025-11-30T18:10:03+00:00\",\"dateModified\":\"2025-12-11T23:46:27+00:00\",\"breadcrumb\":{\"@id\":\"https:\/\/apartments-jahorina.com\/cijene-apartmana-jahorina\/#breadcrumb\"},\"inLanguage\":\"de\",\"potentialAction\":[{\"@type\":\"ReadAction\",\"target\":[\"https:\/\/apartments-jahorina.com\/cijene-apartmana-jahorina\/\"]}]},{\"@type\":\"ImageObject\",\"inLanguage\":\"de\",\"@id\":\"https:\/\/apartments-jahorina.com\/cijene-apartmana-jahorina\/#primaryimage\",\"url\":\"http:\/\/apartments-jahorina.com\/wp-content\/uploads\/2025\/11\/novadesno.jpg\",\"contentUrl\":\"http:\/\/apartments-jahorina.com\/wp-content\/uploads\/2025\/11\/novadesno.jpg\"},{\"@type\":\"BreadcrumbList\",\"@id\":\"https:\/\/apartments-jahorina.com\/cijene-apartmana-jahorina\/#breadcrumb\",\"itemListElement\":[{\"@type\":\"ListItem\",\"position\":1,\"name\":\"Home\",\"item\":\"https:\/\/apartments-jahorina.com\/de\/\"},{\"@type\":\"ListItem\",\"position\":2,\"name\":\"Preise f\u00fcr apartments in Jahorina\"}]},{\"@type\":\"WebSite\",\"@id\":\"https:\/\/apartments-jahorina.com\/#website\",\"url\":\"https:\/\/apartments-jahorina.com\/\",\"name\":\"BESTBLICK Apartments Jahorina\",\"description\":\"Moderni apartmani s pogledom na ski-stazu\",\"potentialAction\":[{\"@type\":\"SearchAction\",\"target\":{\"@type\":\"EntryPoint\",\"urlTemplate\":\"https:\/\/apartments-jahorina.com\/?s={search_term_string}\"},\"query-input\":{\"@type\":\"PropertyValueSpecification\",\"valueRequired\":true,\"valueName\":\"search_term_string\"}}],\"inLanguage\":\"de\"}]}<\/script>\n<!-- \/ Yoast SEO plugin. -->","yoast_head_json":{"title":"Preise f\u00fcr apartments in Jahorina - BESTBLICK Apartments Jahorina","robots":{"index":"index","follow":"follow","max-snippet":"max-snippet:-1","max-image-preview":"max-image-preview:large","max-video-preview":"max-video-preview:-1"},"canonical":"https:\/\/apartments-jahorina.com\/cijene-apartmana-jahorina\/","og_locale":"de_DE","og_type":"article","og_title":"Preise f\u00fcr apartments in Jahorina - BESTBLICK Apartments Jahorina","og_description":"Preise f\u00fcr Apartments in Jahorina \u2013 Bestblick Apartments Jahorina, eines der beliebtesten Skigebiete in Bosnien und Herzegowina, zieht jeden Winter Tausende von Touristen an. Ferienwohnungen sind aufgrund ihrer guten Erreichbarkeit und ihres Komforts die am h\u00e4ufigsten gew\u00e4hlte Unterkunftsart. Die Preise f\u00fcr Ferienwohnungen in Jahorina variieren je nach Saison, N\u00e4he zu den Skipisten, Komfort und zus\u00e4tzlichen [&hellip;]","og_url":"https:\/\/apartments-jahorina.com\/cijene-apartmana-jahorina\/","og_site_name":"BESTBLICK Apartments Jahorina","article_modified_time":"2025-12-11T23:46:27+00:00","og_image":[{"url":"http:\/\/apartments-jahorina.com\/wp-content\/uploads\/2025\/11\/novadesno.jpg","type":"","width":"","height":""}],"twitter_card":"summary_large_image","twitter_misc":{"Gesch\u00e4tzte Lesezeit":"4\u00a0Minuten"},"schema":{"@context":"https:\/\/schema.org","@graph":[{"@type":"WebPage","@id":"https:\/\/apartments-jahorina.com\/cijene-apartmana-jahorina\/","url":"https:\/\/apartments-jahorina.com\/cijene-apartmana-jahorina\/","name":"Preise f\u00fcr apartments in Jahorina - BESTBLICK Apartments Jahorina","isPartOf":{"@id":"https:\/\/apartments-jahorina.com\/#website"},"primaryImageOfPage":{"@id":"https:\/\/apartments-jahorina.com\/cijene-apartmana-jahorina\/#primaryimage"},"image":{"@id":"https:\/\/apartments-jahorina.com\/cijene-apartmana-jahorina\/#primaryimage"},"thumbnailUrl":"http:\/\/apartments-jahorina.com\/wp-content\/uploads\/2025\/11\/novadesno.jpg","datePublished":"2025-11-30T18:10:03+00:00","dateModified":"2025-12-11T23:46:27+00:00","breadcrumb":{"@id":"https:\/\/apartments-jahorina.com\/cijene-apartmana-jahorina\/#breadcrumb"},"inLanguage":"de","potentialAction":[{"@type":"ReadAction","target":["https:\/\/apartments-jahorina.com\/cijene-apartmana-jahorina\/"]}]},{"@type":"ImageObject","inLanguage":"de","@id":"https:\/\/apartments-jahorina.com\/cijene-apartmana-jahorina\/#primaryimage","url":"http:\/\/apartments-jahorina.com\/wp-content\/uploads\/2025\/11\/novadesno.jpg","contentUrl":"http:\/\/apartments-jahorina.com\/wp-content\/uploads\/2025\/11\/novadesno.jpg"},{"@type":"BreadcrumbList","@id":"https:\/\/apartments-jahorina.com\/cijene-apartmana-jahorina\/#breadcrumb","itemListElement":[{"@type":"ListItem","position":1,"name":"Home","item":"https:\/\/apartments-jahorina.com\/de\/"},{"@type":"ListItem","position":2,"name":"Preise f\u00fcr apartments in Jahorina"}]},{"@type":"WebSite","@id":"https:\/\/apartments-jahorina.com\/#website","url":"https:\/\/apartments-jahorina.com\/","name":"BESTBLICK Apartments Jahorina","description":"Moderni apartmani s pogledom na ski-stazu","potentialAction":[{"@type":"SearchAction","target":{"@type":"EntryPoint","urlTemplate":"https:\/\/apartments-jahorina.com\/?s={search_term_string}"},"query-input":{"@type":"PropertyValueSpecification","valueRequired":true,"valueName":"search_term_string"}}],"inLanguage":"de"}]}},"_links":{"self":[{"href":"https:\/\/apartments-jahorina.com\/de\/wp-json\/wp\/v2\/pages\/10062","targetHints":{"allow":["GET"]}}],"collection":[{"href":"https:\/\/apartments-jahorina.com\/de\/wp-json\/wp\/v2\/pages"}],"about":[{"href":"https:\/\/apartments-jahorina.com\/de\/wp-json\/wp\/v2\/types\/page"}],"author":[{"embeddable":true,"href":"https:\/\/apartments-jahorina.com\/de\/wp-json\/wp\/v2\/users\/1"}],"replies":[{"embeddable":true,"href":"https:\/\/apartments-jahorina.com\/de\/wp-json\/wp\/v2\/comments?post=10062"}],"version-history":[{"count":22,"href":"https:\/\/apartments-jahorina.com\/de\/wp-json\/wp\/v2\/pages\/10062\/revisions"}],"predecessor-version":[{"id":12685,"href":"https:\/\/apartments-jahorina.com\/de\/wp-json\/wp\/v2\/pages\/10062\/revisions\/12685"}],"wp:attachment":[{"href":"https:\/\/apartments-jahorina.com\/de\/wp-json\/wp\/v2\/media?parent=10062"}],"curies":[{"name":"wp","href":"https:\/\/api.w.org\/{rel}","templated":true}]}}