{"id":10092,"date":"2025-11-14T12:00:39","date_gmt":"2025-11-14T12:00:39","guid":{"rendered":"http:\/\/apartments-jahorina.com\/pravila-privatnosti\/"},"modified":"2025-12-17T16:00:59","modified_gmt":"2025-12-17T16:00:59","slug":"privacy","status":"publish","type":"page","link":"https:\/\/apartments-jahorina.com\/de\/privacy\/","title":{"rendered":"Datenschutzrichtlinie"},"content":{"rendered":"\r\n<p><span dir=\"auto\">Apartments Jahorina, Obu\u0107ina Bare 85e, 71423 Jahorina, Bosnien und Herzegowina.<\/span><\/p>\r\n<p><span dir=\"auto\">Im Rahmen unserer Gesch\u00e4ftst\u00e4tigkeit erheben und verarbeiten wir personenbezogene Daten, die uns von Kunden zur Verf\u00fcgung gestellt werden. Da uns der Schutz Ihrer Privatsph\u00e4re sehr wichtig ist, haben wir die folgende Datenschutzrichtlinie verabschiedet.<\/span><\/p>\r\n<p><span dir=\"auto\">Apartments Jahorina verpflichtet sich zum Schutz Ihrer Privatsph\u00e4re zu folgenden Grunds\u00e4tzen:<\/span><br \/><span dir=\"auto\">\u2022 Wir erheben nicht mehr Daten als n\u00f6tig.<\/span><br \/><span dir=\"auto\">\u2022 Wir verwenden Ihre Daten nicht f\u00fcr andere als die angegebenen Zwecke.<\/span><br \/><span dir=\"auto\">\u2022 Wir speichern Ihre Daten nicht, wenn sie nicht mehr ben\u00f6tigt werden.<\/span><br \/><span dir=\"auto\">\u2022 Wir verkaufen, verleihen, verteilen oder ver\u00f6ffentlichen Ihre personenbezogenen Daten nicht.<\/span><br \/><span dir=\"auto\">\u2022 Wir geben Ihre Daten nicht an Dritte weiter.<\/span><br \/><span dir=\"auto\">\u2022 Wir verwenden keine automatisierte Verarbeitung, Entscheidungsfindung oder Profilerstellung.<\/span><br \/><span dir=\"auto\">\u2022 Wir \u00fcbermitteln Ihre personenbezogenen Daten nicht an Drittl\u00e4nder oder internationale Organisationen.<\/span><br \/><span dir=\"auto\">\u2022 Wir verwenden Ihre Daten nicht f\u00fcr andere als die angegebenen Zwecke.<\/span><br \/><span dir=\"auto\">\u2022 Wir stellen sicher, dass Ihre Daten sicher gespeichert werden.<\/span><\/p>\r\n<p><span dir=\"auto\">Apartments Jahorina erhebt nur die wenigen Informationen \u00fcber Sie, die notwendig sind, um auf Ihre Anfrage zu antworten und hoffentlich eine langfristige und vertrauensvolle Gesch\u00e4ftsbeziehung aufzubauen.<\/span><\/p>\r\n<p><span dir=\"auto\">Wir von Apartments Jahorina haben eine Datenschutzrichtlinie erstellt, die Ihnen helfen soll zu verstehen, welche Daten wir sammeln, zu welchem \u200b\u200bZweck wir sie verwenden und wie Sie Ihre Rechte aus\u00fcben k\u00f6nnen.<\/span><\/p>\r\n<p><span dir=\"auto\">Es ist wichtig, unsere Datenschutzrichtlinie zu lesen, und wir hoffen, dass Sie sich die Zeit daf\u00fcr nehmen und ihr Ihre Aufmerksamkeit schenken.<\/span><\/p>\r\n<p><span dir=\"auto\">Wie und welche Informationen erfassen wir \u00fcber Sie?<\/span><br \/><span dir=\"auto\">Wenn Sie uns \u00fcber unser Web-Kontaktformular oder direkt per E-Mail kontaktieren, werden die von Ihnen eingegebenen Daten (z. B. Name, E-Mail-Adresse) oder per E-Mail \u00fcbermittelten Informationen verarbeitet und gespeichert, damit wir Sie kontaktieren und Ihre Anfrage beantworten k\u00f6nnen. Sind Sie unter 16 Jahre alt, ben\u00f6tigen Sie die Einwilligung Ihrer Eltern oder Erziehungsberechtigten, bevor Sie personenbezogene Daten angeben. Mit dem Ausf\u00fcllen der Kontaktformulare auf unserer Website oder der Kontaktaufnahme per E-Mail best\u00e4tigen Sie die Richtigkeit Ihrer Angaben und erkl\u00e4ren sich mit den Bestimmungen unserer Datenschutzrichtlinie und den darin enthaltenen Bedingungen einverstanden.<\/span><\/p>\r\n<p><span dir=\"auto\">Informationen zum Verantwortlichen f\u00fcr Ihre Daten:<\/span><br \/><span dir=\"auto\">Verantwortlicher f\u00fcr diese Website und Ihre personenbezogenen Daten ist Apartments Jahorina, Obu\u0107ina Bare 85e, 71423 Jahorina, Bosnien und Herzegowina. Wozu und auf welcher Rechtsgrundlage werden Ihre Daten erhoben? Wir ergreifen auf Ihre Anfrage hin die angemessensten Ma\u00dfnahmen, bevor wir eine Gesch\u00e4ftsbeziehung eingehen, basierend auf unseren Gesch\u00e4ftst\u00e4tigkeiten und unserem berechtigten Interesse.<\/span><\/p>\r\n<p><span dir=\"auto\">Wie lange werden Ihre personenbezogenen Daten gespeichert?<\/span><br \/><span dir=\"auto\">Solange wir zum Zweck der Anbahnung einer gemeinsamen Gesch\u00e4ftskooperation in offener Kommunikation stehen und f\u00fcr die Dauer unserer Vertragsbeziehung.<\/span><\/p>\r\n<p><span dir=\"auto\">Wie verwenden wir Ihre Daten?<\/span><br \/><span dir=\"auto\">Wir erfassen Ihre Daten, um Sie zu kontaktieren und Ihre Anfrage zu beantworten. Wir erheben und nutzen Ihre personenbezogenen Daten, soweit dies f\u00fcr die Begr\u00fcndung unserer Gesch\u00e4ftsbeziehung sowie f\u00fcr die Dauer des Vertragsverh\u00e4ltnisses erforderlich ist. W\u00e4hrend der Vertragslaufzeit sendet Ihnen Apartments Jahorina Benachrichtigungen \u00fcber neue Produkte und Dienstleistungen, die f\u00fcr Sie von Interesse sein k\u00f6nnten, sofern Sie uns bei der Kontaktaufnahme \u00fcber das Webformular Ihre Einwilligung hierzu erteilt haben. Sie k\u00f6nnen Ihre Einwilligung jederzeit widerrufen; in diesem Fall stellen wir die Datenverarbeitung ein.<\/span><\/p>\r\n<p><span dir=\"auto\">Google Analytics:<\/span><br \/><span dir=\"auto\">Bei der Erfassung personenbezogener Daten k\u00f6nnen bestimmte Daten von der Google Analytics-Plattform gespeichert werden. Weitere Informationen dazu finden Sie in der Cookie-Richtlinie. Die Datenschutzbestimmungen der Google Analytics-Plattform finden Sie unter folgendem Link: https:\/\/policies.google.com\/privacy?hl=hr<\/span><\/p>\r\n<p><span dir=\"auto\">Informationssicherheit<\/span><br \/><span dir=\"auto\">Wir haben Sicherheitsma\u00dfnahmen implementiert, um die von Ihnen mit uns geteilten personenbezogenen Daten zu sch\u00fctzen. Ihre personenbezogenen Daten sind vor versehentlicher oder unrechtm\u00e4\u00dfiger Zerst\u00f6rung, Verlust, Ver\u00e4nderung, unbefugter Offenlegung oder unbefugtem Zugriff gesch\u00fctzt, w\u00e4hrend sie \u00fcbertragen, gespeichert oder anderweitig verarbeitet werden.<\/span><\/p>\r\n<p><span dir=\"auto\">\u00dcber unseren Webserver:<\/span><br \/><span dir=\"auto\">Diese Website wird von einem weltweit renommierten Serviceanbieter in Deutschland und der EU gehostet, der nach Ansicht der Europ\u00e4ischen Kommission ein angemessenes Schutzniveau f\u00fcr die personenbezogenen Daten von EU-B\u00fcrgern gew\u00e4hrleistet.<\/span><\/p>\r\n<p><span dir=\"auto\">Cookies<\/span><br \/><span dir=\"auto\">Um Ihnen das Surfen auf unseren Webseiten zu erleichtern, verwendet unser globaler Netzwerkserver Cookies. Cookies k\u00f6nnen nicht dazu verwendet werden, Programme auszuf\u00fchren oder Viren auf Ihrem Computer zu platzieren. Sie k\u00f6nnen unsere Webseiten auch ohne Cookies nutzen, sofern Ihr Browser entsprechend eingestellt ist. Ausf\u00fchrliche Informationen zu Cookies finden Sie in unserer Cookie-Richtlinie.<\/span><\/p>\r\n<p><span dir=\"auto\">Ihre Rechte<\/span><br \/><span dir=\"auto\">Sie haben das Recht auf Auskunft \u00fcber die Verarbeitung Ihrer personenbezogenen Daten, auf jederzeitigen Widerruf Ihrer Einwilligung, auf Berichtigung oder Erg\u00e4nzung Ihrer personenbezogenen Daten, damit diese stets korrekt sind, auf L\u00f6schung Ihrer personenbezogenen Daten, wenn diese f\u00fcr die oben genannten Zwecke nicht mehr erforderlich sind, auf \u00dcbermittlung Ihrer personenbezogenen Daten in einem strukturierten Format sowie auf Einreichung einer Beschwerde schriftlich bei Apartments Jahorina, Obu\u0107ina Bare 85e, 71423 Jahorina, Bosnien und Herzegowina oder elektronisch unter info@apartments-jahorina.com oder bei der zust\u00e4ndigen staatlichen Stelle.<\/span><\/p>\r\n<p><span dir=\"auto\">Ihre Einwilligung<\/span><br \/><span dir=\"auto\">Durch die Nutzung dieser Website stimmen Sie dieser Datenschutzerkl\u00e4rung zu. Das bedeutet, dass Sie Apartments Jahorina ausdr\u00fccklich erlauben, Ihre personenbezogenen Daten sowie alle weiteren Daten, die im Rahmen der Erbringung ihrer Dienstleistungen erhoben werden, gem\u00e4\u00df den gesetzlichen Bestimmungen und den in diesen Bestimmungen festgelegten Zwecken zu erheben und zu verarbeiten. Sie best\u00e4tigen au\u00dferdem, dass Sie mit allen relevanten Informationen \u00fcber Apartments Jahorina und die angebotenen Dienstleistungen vertraut sind.<\/span><\/p>\r\n<p><span dir=\"auto\">Recht auf Beschwerde bei der zust\u00e4ndigen Aufsichtsbeh\u00f6rde<\/span><br \/><span dir=\"auto\">Sie k\u00f6nnen jederzeit eine Beschwerde direkt bei der zust\u00e4ndigen Aufsichtsbeh\u00f6rde einreichen: der Agentur f\u00fcr den Schutz personenbezogener Daten (AZOP), Marti\u0107eva 14, Zagreb, Kontakt: +385 (0)1 4609 999, azop@azop.hr, www.azop.hr.<\/span><\/p>\r\n<p><span dir=\"auto\">Verletzung des Schutzes personenbezogener Daten<\/span><br \/><span dir=\"auto\">Wir werden jede unrechtm\u00e4\u00dfige Verletzung des Schutzes personenbezogener Daten der AZOP als zust\u00e4ndiger Datenschutzbeh\u00f6rde melden.<\/span><\/p>\r\n<p><span dir=\"auto\">\u00c4nderungen unserer Datenschutzrichtlinie<\/span><br \/><span dir=\"auto\">Im Falle von \u00c4nderungen unserer Datenschutzrichtlinie werden wir Sie auf dieser Seite benachrichtigen und das Datum der \u00c4nderung der Datenschutzrichtlinie unten wie folgt aktualisieren.<\/span><\/p>\r\n<p><span dir=\"auto\">Diese Datenschutzrichtlinie wurde am 20.05.2018 aktualisiert.<\/span><\/p>","protected":false},"excerpt":{"rendered":"<p>Apartments Jahorina, Obu\u0107ina Bare 85e, 71423 Jahorina, Bosnien und Herzegowina. Im Rahmen unserer Gesch\u00e4ftst\u00e4tigkeit erheben und verarbeiten wir personenbezogene Daten, die uns von Kunden zur Verf\u00fcgung gestellt werden. Da uns der Schutz Ihrer Privatsph\u00e4re sehr wichtig ist, haben wir die folgende Datenschutzrichtlinie verabschiedet. Apartments Jahorina verpflichtet sich zum Schutz Ihrer Privatsph\u00e4re zu folgenden Grunds\u00e4tzen:\u2022 Wir [&hellip;]<\/p>\n","protected":false},"author":1,"featured_media":0,"parent":0,"menu_order":0,"comment_status":"closed","ping_status":"open","template":"","meta":{"footnotes":""},"class_list":["post-10092","page","type-page","status-publish","hentry"],"yoast_head":"<!-- This site is optimized with the Yoast SEO plugin v26.4 - https:\/\/yoast.com\/wordpress\/plugins\/seo\/ -->\n<title>Datenschutzrichtlinie - BESTBLICK Apartments Jahorina<\/title>\n<meta name=\"robots\" content=\"index, follow, max-snippet:-1, max-image-preview:large, max-video-preview:-1\" \/>\n<link rel=\"canonical\" href=\"https:\/\/apartments-jahorina.com\/pravila-privatnosti\/\" \/>\n<meta property=\"og:locale\" content=\"de_DE\" \/>\n<meta property=\"og:type\" content=\"article\" \/>\n<meta property=\"og:title\" content=\"Datenschutzrichtlinie - BESTBLICK Apartments Jahorina\" \/>\n<meta property=\"og:description\" content=\"Apartments Jahorina, Obu\u0107ina Bare 85e, 71423 Jahorina, Bosnien und Herzegowina. Im Rahmen unserer Gesch\u00e4ftst\u00e4tigkeit erheben und verarbeiten wir personenbezogene Daten, die uns von Kunden zur Verf\u00fcgung gestellt werden. Da uns der Schutz Ihrer Privatsph\u00e4re sehr wichtig ist, haben wir die folgende Datenschutzrichtlinie verabschiedet. Apartments Jahorina verpflichtet sich zum Schutz Ihrer Privatsph\u00e4re zu folgenden Grunds\u00e4tzen:\u2022 Wir [&hellip;]\" \/>\n<meta property=\"og:url\" content=\"https:\/\/apartments-jahorina.com\/pravila-privatnosti\/\" \/>\n<meta property=\"og:site_name\" content=\"BESTBLICK Apartments Jahorina\" \/>\n<meta property=\"article:modified_time\" content=\"2025-12-17T16:00:59+00:00\" \/>\n<meta name=\"twitter:card\" content=\"summary_large_image\" \/>\n<meta name=\"twitter:label1\" content=\"Gesch\u00e4tzte Lesezeit\" \/>\n\t<meta name=\"twitter:data1\" content=\"5\u00a0Minuten\" \/>\n<script type=\"application\/ld+json\" class=\"yoast-schema-graph\">{\"@context\":\"https:\/\/schema.org\",\"@graph\":[{\"@type\":\"WebPage\",\"@id\":\"https:\/\/apartments-jahorina.com\/pravila-privatnosti\/\",\"url\":\"https:\/\/apartments-jahorina.com\/pravila-privatnosti\/\",\"name\":\"Datenschutzrichtlinie - BESTBLICK Apartments Jahorina\",\"isPartOf\":{\"@id\":\"https:\/\/apartments-jahorina.com\/#website\"},\"datePublished\":\"2025-11-14T12:00:39+00:00\",\"dateModified\":\"2025-12-17T16:00:59+00:00\",\"breadcrumb\":{\"@id\":\"https:\/\/apartments-jahorina.com\/pravila-privatnosti\/#breadcrumb\"},\"inLanguage\":\"de\",\"potentialAction\":[{\"@type\":\"ReadAction\",\"target\":[\"https:\/\/apartments-jahorina.com\/pravila-privatnosti\/\"]}]},{\"@type\":\"BreadcrumbList\",\"@id\":\"https:\/\/apartments-jahorina.com\/pravila-privatnosti\/#breadcrumb\",\"itemListElement\":[{\"@type\":\"ListItem\",\"position\":1,\"name\":\"Home\",\"item\":\"https:\/\/apartments-jahorina.com\/de\/\"},{\"@type\":\"ListItem\",\"position\":2,\"name\":\"Datenschutzrichtlinie\"}]},{\"@type\":\"WebSite\",\"@id\":\"https:\/\/apartments-jahorina.com\/#website\",\"url\":\"https:\/\/apartments-jahorina.com\/\",\"name\":\"BESTBLICK Apartments Jahorina\",\"description\":\"Moderni apartmani s pogledom na ski-stazu\",\"potentialAction\":[{\"@type\":\"SearchAction\",\"target\":{\"@type\":\"EntryPoint\",\"urlTemplate\":\"https:\/\/apartments-jahorina.com\/?s={search_term_string}\"},\"query-input\":{\"@type\":\"PropertyValueSpecification\",\"valueRequired\":true,\"valueName\":\"search_term_string\"}}],\"inLanguage\":\"de\"}]}<\/script>\n<!-- \/ Yoast SEO plugin. -->","yoast_head_json":{"title":"Datenschutzrichtlinie - BESTBLICK Apartments Jahorina","robots":{"index":"index","follow":"follow","max-snippet":"max-snippet:-1","max-image-preview":"max-image-preview:large","max-video-preview":"max-video-preview:-1"},"canonical":"https:\/\/apartments-jahorina.com\/pravila-privatnosti\/","og_locale":"de_DE","og_type":"article","og_title":"Datenschutzrichtlinie - BESTBLICK Apartments Jahorina","og_description":"Apartments Jahorina, Obu\u0107ina Bare 85e, 71423 Jahorina, Bosnien und Herzegowina. Im Rahmen unserer Gesch\u00e4ftst\u00e4tigkeit erheben und verarbeiten wir personenbezogene Daten, die uns von Kunden zur Verf\u00fcgung gestellt werden. Da uns der Schutz Ihrer Privatsph\u00e4re sehr wichtig ist, haben wir die folgende Datenschutzrichtlinie verabschiedet. Apartments Jahorina verpflichtet sich zum Schutz Ihrer Privatsph\u00e4re zu folgenden Grunds\u00e4tzen:\u2022 Wir [&hellip;]","og_url":"https:\/\/apartments-jahorina.com\/pravila-privatnosti\/","og_site_name":"BESTBLICK Apartments Jahorina","article_modified_time":"2025-12-17T16:00:59+00:00","twitter_card":"summary_large_image","twitter_misc":{"Gesch\u00e4tzte Lesezeit":"5\u00a0Minuten"},"schema":{"@context":"https:\/\/schema.org","@graph":[{"@type":"WebPage","@id":"https:\/\/apartments-jahorina.com\/pravila-privatnosti\/","url":"https:\/\/apartments-jahorina.com\/pravila-privatnosti\/","name":"Datenschutzrichtlinie - BESTBLICK Apartments Jahorina","isPartOf":{"@id":"https:\/\/apartments-jahorina.com\/#website"},"datePublished":"2025-11-14T12:00:39+00:00","dateModified":"2025-12-17T16:00:59+00:00","breadcrumb":{"@id":"https:\/\/apartments-jahorina.com\/pravila-privatnosti\/#breadcrumb"},"inLanguage":"de","potentialAction":[{"@type":"ReadAction","target":["https:\/\/apartments-jahorina.com\/pravila-privatnosti\/"]}]},{"@type":"BreadcrumbList","@id":"https:\/\/apartments-jahorina.com\/pravila-privatnosti\/#breadcrumb","itemListElement":[{"@type":"ListItem","position":1,"name":"Home","item":"https:\/\/apartments-jahorina.com\/de\/"},{"@type":"ListItem","position":2,"name":"Datenschutzrichtlinie"}]},{"@type":"WebSite","@id":"https:\/\/apartments-jahorina.com\/#website","url":"https:\/\/apartments-jahorina.com\/","name":"BESTBLICK Apartments Jahorina","description":"Moderni apartmani s pogledom na ski-stazu","potentialAction":[{"@type":"SearchAction","target":{"@type":"EntryPoint","urlTemplate":"https:\/\/apartments-jahorina.com\/?s={search_term_string}"},"query-input":{"@type":"PropertyValueSpecification","valueRequired":true,"valueName":"search_term_string"}}],"inLanguage":"de"}]}},"_links":{"self":[{"href":"https:\/\/apartments-jahorina.com\/de\/wp-json\/wp\/v2\/pages\/10092","targetHints":{"allow":["GET"]}}],"collection":[{"href":"https:\/\/apartments-jahorina.com\/de\/wp-json\/wp\/v2\/pages"}],"about":[{"href":"https:\/\/apartments-jahorina.com\/de\/wp-json\/wp\/v2\/types\/page"}],"author":[{"embeddable":true,"href":"https:\/\/apartments-jahorina.com\/de\/wp-json\/wp\/v2\/users\/1"}],"replies":[{"embeddable":true,"href":"https:\/\/apartments-jahorina.com\/de\/wp-json\/wp\/v2\/comments?post=10092"}],"version-history":[{"count":2,"href":"https:\/\/apartments-jahorina.com\/de\/wp-json\/wp\/v2\/pages\/10092\/revisions"}],"predecessor-version":[{"id":12997,"href":"https:\/\/apartments-jahorina.com\/de\/wp-json\/wp\/v2\/pages\/10092\/revisions\/12997"}],"wp:attachment":[{"href":"https:\/\/apartments-jahorina.com\/de\/wp-json\/wp\/v2\/media?parent=10092"}],"curies":[{"name":"wp","href":"https:\/\/api.w.org\/{rel}","templated":true}]}}