{"id":13290,"date":"2026-01-26T20:00:06","date_gmt":"2026-01-26T20:00:06","guid":{"rendered":"https:\/\/apartments-jahorina.com\/?page_id=13290"},"modified":"2026-02-02T02:29:41","modified_gmt":"2026-02-02T02:29:41","slug":"unterkunftspreise-in-jahorina","status":"publish","type":"page","link":"https:\/\/apartments-jahorina.com\/de\/unterkunftspreise-in-jahorina\/","title":{"rendered":"Unterkunftspreise in Jahorina"},"content":{"rendered":"\t\t<div data-elementor-type=\"wp-page\" data-elementor-id=\"13290\" class=\"elementor elementor-13290 elementor-13287\">\n\t\t\t\t<div class=\"elementor-element elementor-element-12b6bd6 e-flex e-con-boxed e-con e-parent\" data-id=\"12b6bd6\" data-element_type=\"container\">\n\t\t\t\t\t<div class=\"e-con-inner\">\n\t\t<div class=\"elementor-element elementor-element-7b8b529 e-con-full e-flex e-con e-child\" data-id=\"7b8b529\" data-element_type=\"container\">\n\t\t<div class=\"elementor-element elementor-element-52f5450 e-con-full e-flex e-con e-child\" data-id=\"52f5450\" data-element_type=\"container\">\n\t\t\t\t<div class=\"elementor-element elementor-element-ef7ac5e elementor-absolute elementor-hidden-mobile elementor-view-default elementor-invisible elementor-widget elementor-widget-icon\" data-id=\"ef7ac5e\" data-element_type=\"widget\" data-settings=\"{&quot;_position&quot;:&quot;absolute&quot;,&quot;motion_fx_motion_fx_scrolling&quot;:&quot;yes&quot;,&quot;motion_fx_translateX_effect&quot;:&quot;yes&quot;,&quot;motion_fx_translateX_speed&quot;:{&quot;unit&quot;:&quot;px&quot;,&quot;size&quot;:1.5,&quot;sizes&quot;:[]},&quot;_animation&quot;:&quot;opal-move-right&quot;,&quot;motion_fx_translateX_affectedRange&quot;:{&quot;unit&quot;:&quot;%&quot;,&quot;size&quot;:&quot;&quot;,&quot;sizes&quot;:{&quot;start&quot;:0,&quot;end&quot;:100}},&quot;motion_fx_devices&quot;:[&quot;desktop&quot;,&quot;laptop&quot;,&quot;tablet_extra&quot;,&quot;tablet&quot;,&quot;mobile_extra&quot;,&quot;mobile&quot;]}\" data-widget_type=\"icon.default\">\n\t\t\t\t\t\t\t<div class=\"elementor-icon-wrapper\">\n\t\t\t<div class=\"elementor-icon\">\n\t\t\t\t\t\t<\/div>\n\t\t<\/div>\n\t\t\t\t\t\t<\/div>\n\t\t\t\t<div class=\"elementor-element elementor-element-7a3b481 elementor-widget__width-auto elementor-absolute elementor-hidden-mobile elementor-view-default elementor-invisible elementor-widget elementor-widget-icon\" data-id=\"7a3b481\" data-element_type=\"widget\" data-settings=\"{&quot;_position&quot;:&quot;absolute&quot;,&quot;motion_fx_motion_fx_scrolling&quot;:&quot;yes&quot;,&quot;motion_fx_translateY_effect&quot;:&quot;yes&quot;,&quot;motion_fx_translateY_direction&quot;:&quot;negative&quot;,&quot;motion_fx_translateY_speed&quot;:{&quot;unit&quot;:&quot;px&quot;,&quot;size&quot;:1.2,&quot;sizes&quot;:[]},&quot;_animation&quot;:&quot;opal-move-down&quot;,&quot;motion_fx_translateY_affectedRange&quot;:{&quot;unit&quot;:&quot;%&quot;,&quot;size&quot;:&quot;&quot;,&quot;sizes&quot;:{&quot;start&quot;:0,&quot;end&quot;:100}},&quot;motion_fx_devices&quot;:[&quot;desktop&quot;,&quot;laptop&quot;,&quot;tablet_extra&quot;,&quot;tablet&quot;,&quot;mobile_extra&quot;,&quot;mobile&quot;]}\" data-widget_type=\"icon.default\">\n\t\t\t\t\t\t\t<div class=\"elementor-icon-wrapper\">\n\t\t\t<div class=\"elementor-icon\">\n\t\t\t\t\t\t<\/div>\n\t\t<\/div>\n\t\t\t\t\t\t<\/div>\n\t\t\t\t<\/div>\n\t\t<div class=\"elementor-element elementor-element-4e0b3cc e-con-full e-flex e-con e-child\" data-id=\"4e0b3cc\" data-element_type=\"container\">\n\t\t\t\t<div class=\"elementor-element elementor-element-6bc46d3 elementor-widget__width-initial elementor-invisible elementor-widget elementor-widget-heading\" data-id=\"6bc46d3\" data-element_type=\"widget\" data-settings=\"{&quot;_animation&quot;:&quot;opal-move-left&quot;}\" data-widget_type=\"heading.default\">\n\t\t\t\t\t<h2 data-cursor=\"-opaque\" class=\"elementor-heading-title elementor-size-default\">Unterkunftspreise in Jahorina \u2013  <span class=\"c-primary\">Bestblick Apartments<\/span><\/h2>\t\t\t\t<\/div>\n\t\t\t\t<div class=\"elementor-element elementor-element-4aa09f6 elementor-widget__width-initial elementor-invisible elementor-widget elementor-widget-text-editor\" data-id=\"4aa09f6\" data-element_type=\"widget\" data-settings=\"{&quot;_animation&quot;:&quot;opal-move-left&quot;}\" data-widget_type=\"text-editor.default\">\n\t\t\t\t\t\t\t\t\t<p>Jahorina bietet eine gro\u00dfe Auswahl an Unterk\u00fcnften, von luxuri\u00f6sen Apartments bis hin zu preiswerten Ferienh\u00e4usern und Pensionen. Die Preise variieren je nach Unterkunftstyp, Lage und Ausstattung.<\/p><p>Luxuri\u00f6se Apartments in der N\u00e4he der Skipisten kosten in der Hochsaison in der Regel ab 80\u2013100 Euro pro Nacht f\u00fcr zwei Erwachsene. Diese Apartments verf\u00fcgen oft \u00fcber moderne Annehmlichkeiten wie WLAN, gut ausgestattete K\u00fcchen und befinden sich in der N\u00e4he der Skilifte. Einige Unterk\u00fcnfte bieten zudem zus\u00e4tzliche Annehmlichkeiten wie Zugang zu einer Skischule oder einen Skiverleih und sind somit ideal f\u00fcr Skibegeisterte.<\/p><p>Ferienh\u00e4user und Pensionen sind eine beliebte Option f\u00fcr Familien und Freundesgruppen. Die Preise sind im Vergleich zu luxuri\u00f6sen Apartments oft g\u00fcnstiger und liegen h\u00e4ufig zwischen 60 und 80 Euro pro Nacht. Pensionen bieten in der Regel Verpflegung und zus\u00e4tzliche Annehmlichkeiten wie Kinderspielpl\u00e4tze, Wellnessbereiche und Sportpl\u00e4tze, die zu einem angenehmen Familienurlaub beitragen.<\/p><p>Private Unterk\u00fcnfte auf Jahorina sind bei preisbewussten Reisenden ebenfalls beliebt. Einige hoch bewertete Objekte sind bereits ab 60 Euro pro Nacht verf\u00fcgbar. Diese Unterk\u00fcnfte bieten eine gem\u00fctliche Atmosph\u00e4re mit pers\u00f6nlichem Service und verf\u00fcgen oft \u00fcber Gemeinschaftsr\u00e4ume wie Wohnzimmer und G\u00e4rten.<\/p><p>F\u00fcr Reservierungen und weitere Informationen zur Verf\u00fcgbarkeit von Unterk\u00fcnften empfiehlt sich der Besuch spezialisierter Portale wie Booking.com und \u00e4hnlicher Plattformen. Dort finden Sie Details zu Angeboten, Bilder der Unterk\u00fcnfte und G\u00e4stebewertungen.<\/p>\t\t\t\t\t\t\t\t<\/div>\n\t\t\t\t<\/div>\n\t\t\t\t<\/div>\n\t\t\t\t\t<\/div>\n\t\t\t\t<\/div>\n\t\t\t\t<\/div>\n\t\t","protected":false},"excerpt":{"rendered":"<p>Unterkunftspreise in Jahorina \u2013 Bestblick Apartments Jahorina bietet eine gro\u00dfe Auswahl an Unterk\u00fcnften, von luxuri\u00f6sen Apartments bis hin zu preiswerten Ferienh\u00e4usern und Pensionen. Die Preise variieren je nach Unterkunftstyp, Lage und Ausstattung. Luxuri\u00f6se Apartments in der N\u00e4he der Skipisten kosten in der Hochsaison in der Regel ab 80\u2013100 Euro pro Nacht f\u00fcr zwei Erwachsene. Diese [&hellip;]<\/p>\n","protected":false},"author":1,"featured_media":0,"parent":0,"menu_order":0,"comment_status":"closed","ping_status":"closed","template":"","meta":{"footnotes":""},"class_list":["post-13290","page","type-page","status-publish","hentry"],"yoast_head":"<!-- This site is optimized with the Yoast SEO plugin v26.4 - https:\/\/yoast.com\/wordpress\/plugins\/seo\/ -->\n<title>Unterkunftspreise in Jahorina - BESTBLICK Apartments Jahorina<\/title>\n<meta name=\"robots\" content=\"index, follow, max-snippet:-1, max-image-preview:large, max-video-preview:-1\" \/>\n<link rel=\"canonical\" href=\"https:\/\/apartments-jahorina.com\/de\/unterkunftspreise-in-jahorina\/\" \/>\n<meta property=\"og:locale\" content=\"de_DE\" \/>\n<meta property=\"og:type\" content=\"article\" \/>\n<meta property=\"og:title\" content=\"Unterkunftspreise in Jahorina - BESTBLICK Apartments Jahorina\" \/>\n<meta property=\"og:description\" content=\"Unterkunftspreise in Jahorina \u2013 Bestblick Apartments Jahorina bietet eine gro\u00dfe Auswahl an Unterk\u00fcnften, von luxuri\u00f6sen Apartments bis hin zu preiswerten Ferienh\u00e4usern und Pensionen. Die Preise variieren je nach Unterkunftstyp, Lage und Ausstattung. Luxuri\u00f6se Apartments in der N\u00e4he der Skipisten kosten in der Hochsaison in der Regel ab 80\u2013100 Euro pro Nacht f\u00fcr zwei Erwachsene. Diese [&hellip;]\" \/>\n<meta property=\"og:url\" content=\"https:\/\/apartments-jahorina.com\/de\/unterkunftspreise-in-jahorina\/\" \/>\n<meta property=\"og:site_name\" content=\"BESTBLICK Apartments Jahorina\" \/>\n<meta property=\"article:modified_time\" content=\"2026-02-02T02:29:41+00:00\" \/>\n<meta name=\"twitter:card\" content=\"summary_large_image\" \/>\n<script type=\"application\/ld+json\" class=\"yoast-schema-graph\">{\"@context\":\"https:\/\/schema.org\",\"@graph\":[{\"@type\":\"WebPage\",\"@id\":\"https:\/\/apartments-jahorina.com\/de\/unterkunftspreise-in-jahorina\/\",\"url\":\"https:\/\/apartments-jahorina.com\/de\/unterkunftspreise-in-jahorina\/\",\"name\":\"Unterkunftspreise in Jahorina - BESTBLICK Apartments Jahorina\",\"isPartOf\":{\"@id\":\"https:\/\/apartments-jahorina.com\/#website\"},\"datePublished\":\"2026-01-26T20:00:06+00:00\",\"dateModified\":\"2026-02-02T02:29:41+00:00\",\"breadcrumb\":{\"@id\":\"https:\/\/apartments-jahorina.com\/de\/unterkunftspreise-in-jahorina\/#breadcrumb\"},\"inLanguage\":\"de\",\"potentialAction\":[{\"@type\":\"ReadAction\",\"target\":[\"https:\/\/apartments-jahorina.com\/de\/unterkunftspreise-in-jahorina\/\"]}]},{\"@type\":\"BreadcrumbList\",\"@id\":\"https:\/\/apartments-jahorina.com\/de\/unterkunftspreise-in-jahorina\/#breadcrumb\",\"itemListElement\":[{\"@type\":\"ListItem\",\"position\":1,\"name\":\"Home\",\"item\":\"https:\/\/apartments-jahorina.com\/de\/\"},{\"@type\":\"ListItem\",\"position\":2,\"name\":\"Unterkunftspreise in Jahorina\"}]},{\"@type\":\"WebSite\",\"@id\":\"https:\/\/apartments-jahorina.com\/#website\",\"url\":\"https:\/\/apartments-jahorina.com\/\",\"name\":\"BESTBLICK Apartments Jahorina\",\"description\":\"Moderni apartmani s pogledom na ski-stazu\",\"potentialAction\":[{\"@type\":\"SearchAction\",\"target\":{\"@type\":\"EntryPoint\",\"urlTemplate\":\"https:\/\/apartments-jahorina.com\/?s={search_term_string}\"},\"query-input\":{\"@type\":\"PropertyValueSpecification\",\"valueRequired\":true,\"valueName\":\"search_term_string\"}}],\"inLanguage\":\"de\"}]}<\/script>\n<!-- \/ Yoast SEO plugin. -->","yoast_head_json":{"title":"Unterkunftspreise in Jahorina - BESTBLICK Apartments Jahorina","robots":{"index":"index","follow":"follow","max-snippet":"max-snippet:-1","max-image-preview":"max-image-preview:large","max-video-preview":"max-video-preview:-1"},"canonical":"https:\/\/apartments-jahorina.com\/de\/unterkunftspreise-in-jahorina\/","og_locale":"de_DE","og_type":"article","og_title":"Unterkunftspreise in Jahorina - BESTBLICK Apartments Jahorina","og_description":"Unterkunftspreise in Jahorina \u2013 Bestblick Apartments Jahorina bietet eine gro\u00dfe Auswahl an Unterk\u00fcnften, von luxuri\u00f6sen Apartments bis hin zu preiswerten Ferienh\u00e4usern und Pensionen. Die Preise variieren je nach Unterkunftstyp, Lage und Ausstattung. Luxuri\u00f6se Apartments in der N\u00e4he der Skipisten kosten in der Hochsaison in der Regel ab 80\u2013100 Euro pro Nacht f\u00fcr zwei Erwachsene. Diese [&hellip;]","og_url":"https:\/\/apartments-jahorina.com\/de\/unterkunftspreise-in-jahorina\/","og_site_name":"BESTBLICK Apartments Jahorina","article_modified_time":"2026-02-02T02:29:41+00:00","twitter_card":"summary_large_image","schema":{"@context":"https:\/\/schema.org","@graph":[{"@type":"WebPage","@id":"https:\/\/apartments-jahorina.com\/de\/unterkunftspreise-in-jahorina\/","url":"https:\/\/apartments-jahorina.com\/de\/unterkunftspreise-in-jahorina\/","name":"Unterkunftspreise in Jahorina - BESTBLICK Apartments Jahorina","isPartOf":{"@id":"https:\/\/apartments-jahorina.com\/#website"},"datePublished":"2026-01-26T20:00:06+00:00","dateModified":"2026-02-02T02:29:41+00:00","breadcrumb":{"@id":"https:\/\/apartments-jahorina.com\/de\/unterkunftspreise-in-jahorina\/#breadcrumb"},"inLanguage":"de","potentialAction":[{"@type":"ReadAction","target":["https:\/\/apartments-jahorina.com\/de\/unterkunftspreise-in-jahorina\/"]}]},{"@type":"BreadcrumbList","@id":"https:\/\/apartments-jahorina.com\/de\/unterkunftspreise-in-jahorina\/#breadcrumb","itemListElement":[{"@type":"ListItem","position":1,"name":"Home","item":"https:\/\/apartments-jahorina.com\/de\/"},{"@type":"ListItem","position":2,"name":"Unterkunftspreise in Jahorina"}]},{"@type":"WebSite","@id":"https:\/\/apartments-jahorina.com\/#website","url":"https:\/\/apartments-jahorina.com\/","name":"BESTBLICK Apartments Jahorina","description":"Moderni apartmani s pogledom na ski-stazu","potentialAction":[{"@type":"SearchAction","target":{"@type":"EntryPoint","urlTemplate":"https:\/\/apartments-jahorina.com\/?s={search_term_string}"},"query-input":{"@type":"PropertyValueSpecification","valueRequired":true,"valueName":"search_term_string"}}],"inLanguage":"de"}]}},"_links":{"self":[{"href":"https:\/\/apartments-jahorina.com\/de\/wp-json\/wp\/v2\/pages\/13290","targetHints":{"allow":["GET"]}}],"collection":[{"href":"https:\/\/apartments-jahorina.com\/de\/wp-json\/wp\/v2\/pages"}],"about":[{"href":"https:\/\/apartments-jahorina.com\/de\/wp-json\/wp\/v2\/types\/page"}],"author":[{"embeddable":true,"href":"https:\/\/apartments-jahorina.com\/de\/wp-json\/wp\/v2\/users\/1"}],"replies":[{"embeddable":true,"href":"https:\/\/apartments-jahorina.com\/de\/wp-json\/wp\/v2\/comments?post=13290"}],"version-history":[{"count":5,"href":"https:\/\/apartments-jahorina.com\/de\/wp-json\/wp\/v2\/pages\/13290\/revisions"}],"predecessor-version":[{"id":13320,"href":"https:\/\/apartments-jahorina.com\/de\/wp-json\/wp\/v2\/pages\/13290\/revisions\/13320"}],"wp:attachment":[{"href":"https:\/\/apartments-jahorina.com\/de\/wp-json\/wp\/v2\/media?parent=13290"}],"curies":[{"name":"wp","href":"https:\/\/api.w.org\/{rel}","templated":true}]}}