{"id":13348,"date":"2026-02-02T03:02:21","date_gmt":"2026-02-02T03:02:21","guid":{"rendered":"https:\/\/apartments-jahorina.com\/?page_id=13348"},"modified":"2026-02-03T02:55:29","modified_gmt":"2026-02-03T02:55:29","slug":"unterkunft-in-jahorina-zu-vermieten","status":"publish","type":"page","link":"https:\/\/apartments-jahorina.com\/de\/unterkunft-in-jahorina-zu-vermieten\/","title":{"rendered":"Unterkunft in Jahorina zu vermieten"},"content":{"rendered":"\t\t<div data-elementor-type=\"wp-page\" data-elementor-id=\"13348\" class=\"elementor elementor-13348 elementor-13345\">\n\t\t\t\t<div class=\"elementor-element elementor-element-12b6bd6 e-flex e-con-boxed e-con e-parent\" data-id=\"12b6bd6\" data-element_type=\"container\">\n\t\t\t\t\t<div class=\"e-con-inner\">\n\t\t<div class=\"elementor-element elementor-element-7b8b529 e-con-full e-flex e-con e-child\" data-id=\"7b8b529\" data-element_type=\"container\">\n\t\t<div class=\"elementor-element elementor-element-52f5450 e-con-full e-flex e-con e-child\" data-id=\"52f5450\" data-element_type=\"container\">\n\t\t\t\t<div class=\"elementor-element elementor-element-ef7ac5e elementor-absolute elementor-hidden-mobile elementor-view-default elementor-invisible elementor-widget elementor-widget-icon\" data-id=\"ef7ac5e\" data-element_type=\"widget\" data-settings=\"{&quot;_position&quot;:&quot;absolute&quot;,&quot;motion_fx_motion_fx_scrolling&quot;:&quot;yes&quot;,&quot;motion_fx_translateX_effect&quot;:&quot;yes&quot;,&quot;motion_fx_translateX_speed&quot;:{&quot;unit&quot;:&quot;px&quot;,&quot;size&quot;:1.5,&quot;sizes&quot;:[]},&quot;_animation&quot;:&quot;opal-move-right&quot;,&quot;motion_fx_translateX_affectedRange&quot;:{&quot;unit&quot;:&quot;%&quot;,&quot;size&quot;:&quot;&quot;,&quot;sizes&quot;:{&quot;start&quot;:0,&quot;end&quot;:100}},&quot;motion_fx_devices&quot;:[&quot;desktop&quot;,&quot;laptop&quot;,&quot;tablet_extra&quot;,&quot;tablet&quot;,&quot;mobile_extra&quot;,&quot;mobile&quot;]}\" data-widget_type=\"icon.default\">\n\t\t\t\t\t\t\t<div class=\"elementor-icon-wrapper\">\n\t\t\t<div class=\"elementor-icon\">\n\t\t\t\t\t\t<\/div>\n\t\t<\/div>\n\t\t\t\t\t\t<\/div>\n\t\t\t\t<div class=\"elementor-element elementor-element-7a3b481 elementor-widget__width-auto elementor-absolute elementor-hidden-mobile elementor-view-default elementor-invisible elementor-widget elementor-widget-icon\" data-id=\"7a3b481\" data-element_type=\"widget\" data-settings=\"{&quot;_position&quot;:&quot;absolute&quot;,&quot;motion_fx_motion_fx_scrolling&quot;:&quot;yes&quot;,&quot;motion_fx_translateY_effect&quot;:&quot;yes&quot;,&quot;motion_fx_translateY_direction&quot;:&quot;negative&quot;,&quot;motion_fx_translateY_speed&quot;:{&quot;unit&quot;:&quot;px&quot;,&quot;size&quot;:1.2,&quot;sizes&quot;:[]},&quot;_animation&quot;:&quot;opal-move-down&quot;,&quot;motion_fx_translateY_affectedRange&quot;:{&quot;unit&quot;:&quot;%&quot;,&quot;size&quot;:&quot;&quot;,&quot;sizes&quot;:{&quot;start&quot;:0,&quot;end&quot;:100}},&quot;motion_fx_devices&quot;:[&quot;desktop&quot;,&quot;laptop&quot;,&quot;tablet_extra&quot;,&quot;tablet&quot;,&quot;mobile_extra&quot;,&quot;mobile&quot;]}\" data-widget_type=\"icon.default\">\n\t\t\t\t\t\t\t<div class=\"elementor-icon-wrapper\">\n\t\t\t<div class=\"elementor-icon\">\n\t\t\t\t\t\t<\/div>\n\t\t<\/div>\n\t\t\t\t\t\t<\/div>\n\t\t\t\t<\/div>\n\t\t<div class=\"elementor-element elementor-element-4e0b3cc e-con-full e-flex e-con e-child\" data-id=\"4e0b3cc\" data-element_type=\"container\">\n\t\t\t\t<div class=\"elementor-element elementor-element-6bc46d3 elementor-widget__width-initial elementor-invisible elementor-widget elementor-widget-heading\" data-id=\"6bc46d3\" data-element_type=\"widget\" data-settings=\"{&quot;_animation&quot;:&quot;opal-move-left&quot;}\" data-widget_type=\"heading.default\">\n\t\t\t\t\t<h2 data-cursor=\"-opaque\" class=\"elementor-heading-title elementor-size-default\">Unterkunft in Jahorina zu vermieten \u2013  <span class=\"c-primary\">Perfekter Urlaub f\u00fcr Natur- und Skiliebhaber<\/span><\/h2>\t\t\t\t<\/div>\n\t\t\t\t<div class=\"elementor-element elementor-element-4aa09f6 elementor-widget__width-initial elementor-invisible elementor-widget elementor-widget-text-editor\" data-id=\"4aa09f6\" data-element_type=\"widget\" data-settings=\"{&quot;_animation&quot;:&quot;opal-move-left&quot;}\" data-widget_type=\"text-editor.default\">\n\t\t\t\t\t\t\t\t\t<span dir=\"auto\">Jahorina ist ein beliebtes Reiseziel f\u00fcr Wintersportler und Naturliebhaber. Die Unterk\u00fcnfte in diesem Gebirge bieten eine gro\u00dfe Auswahl \u2013 von luxuri\u00f6sen\u00a0<\/span><a href=\"https:\/\/apartments-jahorina.com\/de\/apartments-jahorina\/\"><span dir=\"auto\">Apartments<\/span><\/a><span dir=\"auto\">\u00a0\u00fcber gem\u00fctliche Ferienh\u00e4user bis hin zu preiswerten Pensionen. Sie liegen in unmittelbarer N\u00e4he der Skipisten und sind somit ideal f\u00fcr G\u00e4ste, die schnell und unkompliziert Skigebiete und andere Bergaktivit\u00e4ten erreichen m\u00f6chten.<\/span>\t\t\t\t\t\t\t\t<\/div>\n\t\t\t\t<\/div>\n\t\t\t\t<\/div>\n\t\t<div class=\"elementor-element elementor-element-300ae1a e-con-full e-flex e-con e-child\" data-id=\"300ae1a\" data-element_type=\"container\">\n\t\t<div class=\"elementor-element elementor-element-70f5e3f e-con-full e-flex e-con e-child\" data-id=\"70f5e3f\" data-element_type=\"container\">\n\t\t\t\t<div class=\"elementor-element elementor-element-67151ae elementor-invisible elementor-widget elementor-widget-n-accordion\" data-id=\"67151ae\" data-element_type=\"widget\" data-settings=\"{&quot;_animation&quot;:&quot;opal-move-right&quot;,&quot;default_state&quot;:&quot;all_collapsed&quot;,&quot;max_items_expended&quot;:&quot;one&quot;,&quot;n_accordion_animation_duration&quot;:{&quot;unit&quot;:&quot;ms&quot;,&quot;size&quot;:400,&quot;sizes&quot;:[]}}\" data-widget_type=\"nested-accordion.default\">\n\t\t\t\t\t\t\t<div class=\"e-n-accordion\" aria-label=\"Accordion. Open links with Enter or Space, close with Escape, and navigate with Arrow Keys\">\n\t\t\t\t\t\t<details id=\"e-n-accordion-item-1080\" class=\"e-n-accordion-item\" >\n\t\t\t\t<summary class=\"e-n-accordion-item-title\" data-accordion-index=\"1\" tabindex=\"0\" aria-expanded=\"false\" aria-controls=\"e-n-accordion-item-1080\" >\n\t\t\t\t\t<span class='e-n-accordion-item-title-header'><div class=\"e-n-accordion-item-title-text\"> Arten von Mietunterk\u00fcnften auf Jahorina <\/div><\/span>\n\t\t\t\t\t\t\t<span class='e-n-accordion-item-title-icon'>\n\t\t\t<span class='e-opened' ><i aria-hidden=\"true\" class=\"antra-icon- antra-icon-minus\"><\/i><\/span>\n\t\t\t<span class='e-closed'><i aria-hidden=\"true\" class=\"antra-icon- antra-icon-plus\"><\/i><\/span>\n\t\t<\/span>\n\n\t\t\t\t\t\t<\/summary>\n\t\t\t\t<div role=\"region\" aria-labelledby=\"e-n-accordion-item-1080\" class=\"elementor-element elementor-element-efa299f e-con-full e-flex e-con e-child\" data-id=\"efa299f\" data-element_type=\"container\">\n\t\t\t\t<div class=\"elementor-element elementor-element-bf5b1c6 elementor-widget__width-initial elementor-widget elementor-widget-text-editor\" data-id=\"bf5b1c6\" data-element_type=\"widget\" data-widget_type=\"text-editor.default\">\n\t\t\t\t\t\t\t\t\t<ol><li><strong><span dir=\"auto\">Apartments und Ferienwohnungen<\/span><\/strong><span dir=\"auto\">\u00a0\u2013 Die ideale Wahl f\u00fcr Paare und Familien. Ausgestattet mit modernen Annehmlichkeiten bieten die Apartments WLAN, K\u00fcchen und ger\u00e4umige Zimmer. Die Preise liegen je nach Saison und Lage zwischen 60 und 200 Euro pro Nacht.<\/span><\/li><li><strong><span dir=\"auto\">Ferienh\u00e4user<\/span><\/strong><span dir=\"auto\">\u00a0\u2013 Die in ruhigeren Gegenden von Jahorina gelegenen Holzh\u00e4user sind die perfekte Wahl f\u00fcr Gruppen, die Wert auf Privatsph\u00e4re legen. Sie bieten ein authentisches Bergambiente und verf\u00fcgen oft \u00fcber einen Kamin, eine Terrasse und eine K\u00fcchenzeile.<\/span><\/li><li><strong><span dir=\"auto\">Hotels und Pensionen<\/span><\/strong><span dir=\"auto\">\u00a0bieten zus\u00e4tzliche Annehmlichkeiten wie Fr\u00fchst\u00fcck, Wellnessbereiche und organisierte Ausfl\u00fcge. Die Preise variieren, aber sie sind eine ausgezeichnete Wahl f\u00fcr alle, die Wert auf Komfort und zus\u00e4tzlichen Service legen.<\/span><\/li><li><strong><span dir=\"auto\">Gruppenvillen<\/span><\/strong><span dir=\"auto\">\u00a0\u2013 Ideal f\u00fcr gr\u00f6\u00dfere Gruppen und Familien, mit zus\u00e4tzlichen Vorteilen wie privaten G\u00e4rten, Sauna und der N\u00e4he zu wichtigen Wanderwegen, zu Preisen ab 150 Euro pro Nacht.<\/span><\/li><\/ol>\t\t\t\t\t\t\t\t<\/div>\n\t\t\t\t<\/div>\n\t\t\t\t\t<\/details>\n\t\t\t\t\t\t<details id=\"e-n-accordion-item-1081\" class=\"e-n-accordion-item\" >\n\t\t\t\t<summary class=\"e-n-accordion-item-title\" data-accordion-index=\"2\" tabindex=\"-1\" aria-expanded=\"false\" aria-controls=\"e-n-accordion-item-1081\" >\n\t\t\t\t\t<span class='e-n-accordion-item-title-header'><div class=\"e-n-accordion-item-title-text\"> Mietpreise <\/div><\/span>\n\t\t\t\t\t\t\t<span class='e-n-accordion-item-title-icon'>\n\t\t\t<span class='e-opened' ><i aria-hidden=\"true\" class=\"antra-icon- antra-icon-minus\"><\/i><\/span>\n\t\t\t<span class='e-closed'><i aria-hidden=\"true\" class=\"antra-icon- antra-icon-plus\"><\/i><\/span>\n\t\t<\/span>\n\n\t\t\t\t\t\t<\/summary>\n\t\t\t\t<div role=\"region\" aria-labelledby=\"e-n-accordion-item-1081\" class=\"elementor-element elementor-element-f0098d4 e-con-full e-flex e-con e-child\" data-id=\"f0098d4\" data-element_type=\"container\">\n\t\t\t\t<div class=\"elementor-element elementor-element-6580925 elementor-widget__width-initial elementor-widget elementor-widget-text-editor\" data-id=\"6580925\" data-element_type=\"widget\" data-widget_type=\"text-editor.default\">\n\t\t\t\t\t\t\t\t\t<span dir=\"auto\">In der Hauptsaison erreichen die Unterkunftspreise auf Jahorina ihren H\u00f6hepunkt, und aufgrund der hohen Nachfrage wird eine fr\u00fchzeitige Reservierung empfohlen. Die Preise f\u00fcr Ferienwohnungen liegen in den Wintermonaten bei etwa 80\u2013200 Euro pro Nacht, w\u00e4hrend sie in der Nebensaison deutlich sinken. Ferienh\u00e4user und Villen k\u00f6nnen teurer sein, insbesondere in der N\u00e4he beliebter Wanderwege und Touristengebiete.<\/span>\n\n<span dir=\"auto\">F\u00fcr Reservierungen und weitere Informationen zu Unterk\u00fcnften in Jahorina empfehlen wir Plattformen wie\u00a0<\/span><a href=\"https:\/\/www.booking.com\/hotel\/ba\/bestblick-apartments-jahorina-snjezna-dolina.en-gb.html\"><strong><span dir=\"auto\">booking.com<\/span><\/strong><\/a><span dir=\"auto\">\u00a0und spezialisierte Reiseb\u00fcros, die aktuelle Informationen zu Preisen, Verf\u00fcgbarkeit und G\u00e4stebewertungen bieten.<\/span>\t\t\t\t\t\t\t\t<\/div>\n\t\t\t\t<\/div>\n\t\t\t\t\t<\/details>\n\t\t\t\t\t<\/div>\n\t\t\t\t\t\t<\/div>\n\t\t\t\t<\/div>\n\t\t<div class=\"elementor-element elementor-element-7c44126 e-con-full e-flex e-con e-child\" data-id=\"7c44126\" data-element_type=\"container\">\n\t\t\t\t<div class=\"elementor-element elementor-element-5b562f9 elementor-invisible elementor-widget elementor-widget-image\" data-id=\"5b562f9\" data-element_type=\"widget\" data-settings=\"{&quot;_animation&quot;:&quot;opal-move-left&quot;}\" data-widget_type=\"image.default\">\n\t\t\t\t\t<div class=\"antra-wrapper-image-widget\" data-cursor=\"-opaque\">\t\t\t\t\t\t\t\t\t\t<img loading=\"lazy\" decoding=\"async\" width=\"2560\" height=\"1440\" src=\"https:\/\/apartments-jahorina.com\/wp-content\/uploads\/2025\/11\/gal3-scaled.jpg\" class=\"attachment-full size-full wp-image-10626\" alt=\"\" srcset=\"https:\/\/apartments-jahorina.com\/wp-content\/uploads\/2025\/11\/gal3-scaled.jpg 2560w, https:\/\/apartments-jahorina.com\/wp-content\/uploads\/2025\/11\/gal3-300x169.jpg 300w, https:\/\/apartments-jahorina.com\/wp-content\/uploads\/2025\/11\/gal3-1024x576.jpg 1024w, https:\/\/apartments-jahorina.com\/wp-content\/uploads\/2025\/11\/gal3-768x432.jpg 768w, https:\/\/apartments-jahorina.com\/wp-content\/uploads\/2025\/11\/gal3-1536x864.jpg 1536w, https:\/\/apartments-jahorina.com\/wp-content\/uploads\/2025\/11\/gal3-2048x1152.jpg 2048w, https:\/\/apartments-jahorina.com\/wp-content\/uploads\/2025\/11\/gal3-860x484.jpg 860w, https:\/\/apartments-jahorina.com\/wp-content\/uploads\/2025\/11\/gal3-1000x563.jpg 1000w\" sizes=\"(max-width: 2560px) 100vw, 2560px\" \/>\t\t\t\t\t\t\t\t\t\t\t<\/div>\t\t\t\t<\/div>\n\t\t\t\t<\/div>\n\t\t\t\t<\/div>\n\t\t\t\t\t<\/div>\n\t\t\t\t<\/div>\n\t\t\t\t<\/div>\n\t\t","protected":false},"excerpt":{"rendered":"<p>Unterkunft in Jahorina zu vermieten \u2013 Perfekter Urlaub f\u00fcr Natur- und Skiliebhaber Jahorina ist ein beliebtes Reiseziel f\u00fcr Wintersportler und Naturliebhaber. Die Unterk\u00fcnfte in diesem Gebirge bieten eine gro\u00dfe Auswahl \u2013 von luxuri\u00f6sen\u00a0Apartments\u00a0\u00fcber gem\u00fctliche Ferienh\u00e4user bis hin zu preiswerten Pensionen. Sie liegen in unmittelbarer N\u00e4he der Skipisten und sind somit ideal f\u00fcr G\u00e4ste, die schnell [&hellip;]<\/p>\n","protected":false},"author":1,"featured_media":0,"parent":0,"menu_order":0,"comment_status":"closed","ping_status":"closed","template":"","meta":{"footnotes":""},"class_list":["post-13348","page","type-page","status-publish","hentry"],"yoast_head":"<!-- This site is optimized with the Yoast SEO plugin v26.4 - https:\/\/yoast.com\/wordpress\/plugins\/seo\/ -->\n<title>Unterkunft in Jahorina zu vermieten - BESTBLICK Apartments Jahorina<\/title>\n<meta name=\"robots\" content=\"index, follow, max-snippet:-1, max-image-preview:large, max-video-preview:-1\" \/>\n<link rel=\"canonical\" href=\"https:\/\/apartments-jahorina.com\/de\/unterkunft-in-jahorina-zu-vermieten\/\" \/>\n<meta property=\"og:locale\" content=\"de_DE\" \/>\n<meta property=\"og:type\" content=\"article\" \/>\n<meta property=\"og:title\" content=\"Unterkunft in Jahorina zu vermieten - BESTBLICK Apartments Jahorina\" \/>\n<meta property=\"og:description\" content=\"Unterkunft in Jahorina zu vermieten \u2013 Perfekter Urlaub f\u00fcr Natur- und Skiliebhaber Jahorina ist ein beliebtes Reiseziel f\u00fcr Wintersportler und Naturliebhaber. Die Unterk\u00fcnfte in diesem Gebirge bieten eine gro\u00dfe Auswahl \u2013 von luxuri\u00f6sen\u00a0Apartments\u00a0\u00fcber gem\u00fctliche Ferienh\u00e4user bis hin zu preiswerten Pensionen. Sie liegen in unmittelbarer N\u00e4he der Skipisten und sind somit ideal f\u00fcr G\u00e4ste, die schnell [&hellip;]\" \/>\n<meta property=\"og:url\" content=\"https:\/\/apartments-jahorina.com\/de\/unterkunft-in-jahorina-zu-vermieten\/\" \/>\n<meta property=\"og:site_name\" content=\"BESTBLICK Apartments Jahorina\" \/>\n<meta property=\"article:modified_time\" content=\"2026-02-03T02:55:29+00:00\" \/>\n<meta property=\"og:image\" content=\"https:\/\/apartments-jahorina.com\/wp-content\/uploads\/2025\/11\/gal3-scaled.jpg\" \/>\n\t<meta property=\"og:image:width\" content=\"2560\" \/>\n\t<meta property=\"og:image:height\" content=\"1440\" \/>\n\t<meta property=\"og:image:type\" content=\"image\/jpeg\" \/>\n<meta name=\"twitter:card\" content=\"summary_large_image\" \/>\n<script type=\"application\/ld+json\" class=\"yoast-schema-graph\">{\"@context\":\"https:\/\/schema.org\",\"@graph\":[{\"@type\":\"WebPage\",\"@id\":\"https:\/\/apartments-jahorina.com\/de\/unterkunft-in-jahorina-zu-vermieten\/\",\"url\":\"https:\/\/apartments-jahorina.com\/de\/unterkunft-in-jahorina-zu-vermieten\/\",\"name\":\"Unterkunft in Jahorina zu vermieten - BESTBLICK Apartments Jahorina\",\"isPartOf\":{\"@id\":\"https:\/\/apartments-jahorina.com\/#website\"},\"primaryImageOfPage\":{\"@id\":\"https:\/\/apartments-jahorina.com\/de\/unterkunft-in-jahorina-zu-vermieten\/#primaryimage\"},\"image\":{\"@id\":\"https:\/\/apartments-jahorina.com\/de\/unterkunft-in-jahorina-zu-vermieten\/#primaryimage\"},\"thumbnailUrl\":\"https:\/\/apartments-jahorina.com\/wp-content\/uploads\/2025\/11\/gal3-scaled.jpg\",\"datePublished\":\"2026-02-02T03:02:21+00:00\",\"dateModified\":\"2026-02-03T02:55:29+00:00\",\"breadcrumb\":{\"@id\":\"https:\/\/apartments-jahorina.com\/de\/unterkunft-in-jahorina-zu-vermieten\/#breadcrumb\"},\"inLanguage\":\"de\",\"potentialAction\":[{\"@type\":\"ReadAction\",\"target\":[\"https:\/\/apartments-jahorina.com\/de\/unterkunft-in-jahorina-zu-vermieten\/\"]}]},{\"@type\":\"ImageObject\",\"inLanguage\":\"de\",\"@id\":\"https:\/\/apartments-jahorina.com\/de\/unterkunft-in-jahorina-zu-vermieten\/#primaryimage\",\"url\":\"https:\/\/apartments-jahorina.com\/wp-content\/uploads\/2025\/11\/gal3-scaled.jpg\",\"contentUrl\":\"https:\/\/apartments-jahorina.com\/wp-content\/uploads\/2025\/11\/gal3-scaled.jpg\"},{\"@type\":\"BreadcrumbList\",\"@id\":\"https:\/\/apartments-jahorina.com\/de\/unterkunft-in-jahorina-zu-vermieten\/#breadcrumb\",\"itemListElement\":[{\"@type\":\"ListItem\",\"position\":1,\"name\":\"Home\",\"item\":\"https:\/\/apartments-jahorina.com\/de\/\"},{\"@type\":\"ListItem\",\"position\":2,\"name\":\"Unterkunft in Jahorina zu vermieten\"}]},{\"@type\":\"WebSite\",\"@id\":\"https:\/\/apartments-jahorina.com\/#website\",\"url\":\"https:\/\/apartments-jahorina.com\/\",\"name\":\"BESTBLICK Apartments Jahorina\",\"description\":\"Moderni apartmani s pogledom na ski-stazu\",\"potentialAction\":[{\"@type\":\"SearchAction\",\"target\":{\"@type\":\"EntryPoint\",\"urlTemplate\":\"https:\/\/apartments-jahorina.com\/?s={search_term_string}\"},\"query-input\":{\"@type\":\"PropertyValueSpecification\",\"valueRequired\":true,\"valueName\":\"search_term_string\"}}],\"inLanguage\":\"de\"}]}<\/script>\n<!-- \/ Yoast SEO plugin. -->","yoast_head_json":{"title":"Unterkunft in Jahorina zu vermieten - BESTBLICK Apartments Jahorina","robots":{"index":"index","follow":"follow","max-snippet":"max-snippet:-1","max-image-preview":"max-image-preview:large","max-video-preview":"max-video-preview:-1"},"canonical":"https:\/\/apartments-jahorina.com\/de\/unterkunft-in-jahorina-zu-vermieten\/","og_locale":"de_DE","og_type":"article","og_title":"Unterkunft in Jahorina zu vermieten - BESTBLICK Apartments Jahorina","og_description":"Unterkunft in Jahorina zu vermieten \u2013 Perfekter Urlaub f\u00fcr Natur- und Skiliebhaber Jahorina ist ein beliebtes Reiseziel f\u00fcr Wintersportler und Naturliebhaber. Die Unterk\u00fcnfte in diesem Gebirge bieten eine gro\u00dfe Auswahl \u2013 von luxuri\u00f6sen\u00a0Apartments\u00a0\u00fcber gem\u00fctliche Ferienh\u00e4user bis hin zu preiswerten Pensionen. Sie liegen in unmittelbarer N\u00e4he der Skipisten und sind somit ideal f\u00fcr G\u00e4ste, die schnell [&hellip;]","og_url":"https:\/\/apartments-jahorina.com\/de\/unterkunft-in-jahorina-zu-vermieten\/","og_site_name":"BESTBLICK Apartments Jahorina","article_modified_time":"2026-02-03T02:55:29+00:00","og_image":[{"width":2560,"height":1440,"url":"https:\/\/apartments-jahorina.com\/wp-content\/uploads\/2025\/11\/gal3-scaled.jpg","type":"image\/jpeg"}],"twitter_card":"summary_large_image","schema":{"@context":"https:\/\/schema.org","@graph":[{"@type":"WebPage","@id":"https:\/\/apartments-jahorina.com\/de\/unterkunft-in-jahorina-zu-vermieten\/","url":"https:\/\/apartments-jahorina.com\/de\/unterkunft-in-jahorina-zu-vermieten\/","name":"Unterkunft in Jahorina zu vermieten - BESTBLICK Apartments Jahorina","isPartOf":{"@id":"https:\/\/apartments-jahorina.com\/#website"},"primaryImageOfPage":{"@id":"https:\/\/apartments-jahorina.com\/de\/unterkunft-in-jahorina-zu-vermieten\/#primaryimage"},"image":{"@id":"https:\/\/apartments-jahorina.com\/de\/unterkunft-in-jahorina-zu-vermieten\/#primaryimage"},"thumbnailUrl":"https:\/\/apartments-jahorina.com\/wp-content\/uploads\/2025\/11\/gal3-scaled.jpg","datePublished":"2026-02-02T03:02:21+00:00","dateModified":"2026-02-03T02:55:29+00:00","breadcrumb":{"@id":"https:\/\/apartments-jahorina.com\/de\/unterkunft-in-jahorina-zu-vermieten\/#breadcrumb"},"inLanguage":"de","potentialAction":[{"@type":"ReadAction","target":["https:\/\/apartments-jahorina.com\/de\/unterkunft-in-jahorina-zu-vermieten\/"]}]},{"@type":"ImageObject","inLanguage":"de","@id":"https:\/\/apartments-jahorina.com\/de\/unterkunft-in-jahorina-zu-vermieten\/#primaryimage","url":"https:\/\/apartments-jahorina.com\/wp-content\/uploads\/2025\/11\/gal3-scaled.jpg","contentUrl":"https:\/\/apartments-jahorina.com\/wp-content\/uploads\/2025\/11\/gal3-scaled.jpg"},{"@type":"BreadcrumbList","@id":"https:\/\/apartments-jahorina.com\/de\/unterkunft-in-jahorina-zu-vermieten\/#breadcrumb","itemListElement":[{"@type":"ListItem","position":1,"name":"Home","item":"https:\/\/apartments-jahorina.com\/de\/"},{"@type":"ListItem","position":2,"name":"Unterkunft in Jahorina zu vermieten"}]},{"@type":"WebSite","@id":"https:\/\/apartments-jahorina.com\/#website","url":"https:\/\/apartments-jahorina.com\/","name":"BESTBLICK Apartments Jahorina","description":"Moderni apartmani s pogledom na ski-stazu","potentialAction":[{"@type":"SearchAction","target":{"@type":"EntryPoint","urlTemplate":"https:\/\/apartments-jahorina.com\/?s={search_term_string}"},"query-input":{"@type":"PropertyValueSpecification","valueRequired":true,"valueName":"search_term_string"}}],"inLanguage":"de"}]}},"_links":{"self":[{"href":"https:\/\/apartments-jahorina.com\/de\/wp-json\/wp\/v2\/pages\/13348","targetHints":{"allow":["GET"]}}],"collection":[{"href":"https:\/\/apartments-jahorina.com\/de\/wp-json\/wp\/v2\/pages"}],"about":[{"href":"https:\/\/apartments-jahorina.com\/de\/wp-json\/wp\/v2\/types\/page"}],"author":[{"embeddable":true,"href":"https:\/\/apartments-jahorina.com\/de\/wp-json\/wp\/v2\/users\/1"}],"replies":[{"embeddable":true,"href":"https:\/\/apartments-jahorina.com\/de\/wp-json\/wp\/v2\/comments?post=13348"}],"version-history":[{"count":7,"href":"https:\/\/apartments-jahorina.com\/de\/wp-json\/wp\/v2\/pages\/13348\/revisions"}],"predecessor-version":[{"id":13397,"href":"https:\/\/apartments-jahorina.com\/de\/wp-json\/wp\/v2\/pages\/13348\/revisions\/13397"}],"wp:attachment":[{"href":"https:\/\/apartments-jahorina.com\/de\/wp-json\/wp\/v2\/media?parent=13348"}],"curies":[{"name":"wp","href":"https:\/\/api.w.org\/{rel}","templated":true}]}}