{"id":13438,"date":"2026-02-04T02:20:19","date_gmt":"2026-02-04T02:20:19","guid":{"rendered":"https:\/\/apartments-jahorina.com\/?page_id=13438"},"modified":"2026-02-04T02:33:46","modified_gmt":"2026-02-04T02:33:46","slug":"wohin-zum-skifahren","status":"publish","type":"page","link":"https:\/\/apartments-jahorina.com\/de\/wohin-zum-skifahren\/","title":{"rendered":"Wohin zum Skifahren?"},"content":{"rendered":"\t\t<div data-elementor-type=\"wp-page\" data-elementor-id=\"13438\" class=\"elementor elementor-13438 elementor-13435\">\n\t\t\t\t<div class=\"elementor-element elementor-element-12b6bd6 e-flex e-con-boxed e-con e-parent\" data-id=\"12b6bd6\" data-element_type=\"container\">\n\t\t\t\t\t<div class=\"e-con-inner\">\n\t\t<div class=\"elementor-element elementor-element-7b8b529 e-con-full e-flex e-con e-child\" data-id=\"7b8b529\" data-element_type=\"container\">\n\t\t<div class=\"elementor-element elementor-element-52f5450 e-con-full e-flex e-con e-child\" data-id=\"52f5450\" data-element_type=\"container\">\n\t\t\t\t<div class=\"elementor-element elementor-element-ef7ac5e elementor-absolute elementor-hidden-mobile elementor-view-default elementor-invisible elementor-widget elementor-widget-icon\" data-id=\"ef7ac5e\" data-element_type=\"widget\" data-settings=\"{&quot;_position&quot;:&quot;absolute&quot;,&quot;motion_fx_motion_fx_scrolling&quot;:&quot;yes&quot;,&quot;motion_fx_translateX_effect&quot;:&quot;yes&quot;,&quot;motion_fx_translateX_speed&quot;:{&quot;unit&quot;:&quot;px&quot;,&quot;size&quot;:1.5,&quot;sizes&quot;:[]},&quot;_animation&quot;:&quot;opal-move-right&quot;,&quot;motion_fx_translateX_affectedRange&quot;:{&quot;unit&quot;:&quot;%&quot;,&quot;size&quot;:&quot;&quot;,&quot;sizes&quot;:{&quot;start&quot;:0,&quot;end&quot;:100}},&quot;motion_fx_devices&quot;:[&quot;desktop&quot;,&quot;laptop&quot;,&quot;tablet_extra&quot;,&quot;tablet&quot;,&quot;mobile_extra&quot;,&quot;mobile&quot;]}\" data-widget_type=\"icon.default\">\n\t\t\t\t\t\t\t<div class=\"elementor-icon-wrapper\">\n\t\t\t<div class=\"elementor-icon\">\n\t\t\t\t\t\t<\/div>\n\t\t<\/div>\n\t\t\t\t\t\t<\/div>\n\t\t\t\t<div class=\"elementor-element elementor-element-7a3b481 elementor-widget__width-auto elementor-absolute elementor-hidden-mobile elementor-view-default elementor-invisible elementor-widget elementor-widget-icon\" data-id=\"7a3b481\" data-element_type=\"widget\" data-settings=\"{&quot;_position&quot;:&quot;absolute&quot;,&quot;motion_fx_motion_fx_scrolling&quot;:&quot;yes&quot;,&quot;motion_fx_translateY_effect&quot;:&quot;yes&quot;,&quot;motion_fx_translateY_direction&quot;:&quot;negative&quot;,&quot;motion_fx_translateY_speed&quot;:{&quot;unit&quot;:&quot;px&quot;,&quot;size&quot;:1.2,&quot;sizes&quot;:[]},&quot;_animation&quot;:&quot;opal-move-down&quot;,&quot;motion_fx_translateY_affectedRange&quot;:{&quot;unit&quot;:&quot;%&quot;,&quot;size&quot;:&quot;&quot;,&quot;sizes&quot;:{&quot;start&quot;:0,&quot;end&quot;:100}},&quot;motion_fx_devices&quot;:[&quot;desktop&quot;,&quot;laptop&quot;,&quot;tablet_extra&quot;,&quot;tablet&quot;,&quot;mobile_extra&quot;,&quot;mobile&quot;]}\" data-widget_type=\"icon.default\">\n\t\t\t\t\t\t\t<div class=\"elementor-icon-wrapper\">\n\t\t\t<div class=\"elementor-icon\">\n\t\t\t\t\t\t<\/div>\n\t\t<\/div>\n\t\t\t\t\t\t<\/div>\n\t\t\t\t<\/div>\n\t\t<div class=\"elementor-element elementor-element-4e0b3cc e-con-full e-flex e-con e-child\" data-id=\"4e0b3cc\" data-element_type=\"container\">\n\t\t\t\t<div class=\"elementor-element elementor-element-6bc46d3 elementor-widget__width-initial elementor-invisible elementor-widget elementor-widget-heading\" data-id=\"6bc46d3\" data-element_type=\"widget\" data-settings=\"{&quot;_animation&quot;:&quot;opal-move-left&quot;}\" data-widget_type=\"heading.default\">\n\t\t\t\t\t<h2 data-cursor=\"-opaque\" class=\"elementor-heading-title elementor-size-default\">Wo kann man Ski fahren? Jahorina  \u2013  <span class=\"c-primary\">Der komplette Reisef\u00fchrer f\u00fcr Winterabenteuer<\/span><\/h2>\t\t\t\t<\/div>\n\t\t\t\t<div class=\"elementor-element elementor-element-4aa09f6 elementor-widget__width-initial elementor-invisible elementor-widget elementor-widget-text-editor\" data-id=\"4aa09f6\" data-element_type=\"widget\" data-settings=\"{&quot;_animation&quot;:&quot;opal-move-left&quot;}\" data-widget_type=\"text-editor.default\">\n\t\t\t\t\t\t\t\t\t<p>Jahorina z\u00e4hlt zu den bekanntesten Skigebieten des Balkans und bietet ein au\u00dfergew\u00f6hnliches Wintersporterlebnis im Herzen von Bosnien und Herzegowina. Mit beeindruckenden 45 km pr\u00e4parierten Pisten bietet Jahorina vielf\u00e4ltige M\u00f6glichkeiten f\u00fcr Skifahrer aller K\u00f6nnensstufen \u2013 vom Anf\u00e4nger bis zum Profi. Neben Skifahren bietet Jahorina auch Snowboarden, Nachtskifahren, Rodeln und viele weitere Aktivit\u00e4ten.<\/p>\t\t\t\t\t\t\t\t<\/div>\n\t\t\t\t<\/div>\n\t\t\t\t<\/div>\n\t\t<div class=\"elementor-element elementor-element-300ae1a e-con-full e-flex e-con e-child\" data-id=\"300ae1a\" data-element_type=\"container\">\n\t\t<div class=\"elementor-element elementor-element-70f5e3f e-con-full e-flex e-con e-child\" data-id=\"70f5e3f\" data-element_type=\"container\">\n\t\t\t\t<div class=\"elementor-element elementor-element-67151ae elementor-invisible elementor-widget elementor-widget-n-accordion\" data-id=\"67151ae\" data-element_type=\"widget\" data-settings=\"{&quot;_animation&quot;:&quot;opal-move-right&quot;,&quot;default_state&quot;:&quot;all_collapsed&quot;,&quot;max_items_expended&quot;:&quot;one&quot;,&quot;n_accordion_animation_duration&quot;:{&quot;unit&quot;:&quot;ms&quot;,&quot;size&quot;:400,&quot;sizes&quot;:[]}}\" data-widget_type=\"nested-accordion.default\">\n\t\t\t\t\t\t\t<div class=\"e-n-accordion\" aria-label=\"Accordion. Open links with Enter or Space, close with Escape, and navigate with Arrow Keys\">\n\t\t\t\t\t\t<details id=\"e-n-accordion-item-1080\" class=\"e-n-accordion-item\" >\n\t\t\t\t<summary class=\"e-n-accordion-item-title\" data-accordion-index=\"1\" tabindex=\"0\" aria-expanded=\"false\" aria-controls=\"e-n-accordion-item-1080\" >\n\t\t\t\t\t<span class='e-n-accordion-item-title-header'><div class=\"e-n-accordion-item-title-text\"> Die beliebtesten Skipisten auf Jahorina <\/div><\/span>\n\t\t\t\t\t\t\t<span class='e-n-accordion-item-title-icon'>\n\t\t\t<span class='e-opened' ><i aria-hidden=\"true\" class=\"antra-icon- antra-icon-minus\"><\/i><\/span>\n\t\t\t<span class='e-closed'><i aria-hidden=\"true\" class=\"antra-icon- antra-icon-plus\"><\/i><\/span>\n\t\t<\/span>\n\n\t\t\t\t\t\t<\/summary>\n\t\t\t\t<div role=\"region\" aria-labelledby=\"e-n-accordion-item-1080\" class=\"elementor-element elementor-element-efa299f e-con-full e-flex e-con e-child\" data-id=\"efa299f\" data-element_type=\"container\">\n\t\t\t\t<div class=\"elementor-element elementor-element-bf5b1c6 elementor-widget__width-initial elementor-widget elementor-widget-text-editor\" data-id=\"bf5b1c6\" data-element_type=\"widget\" data-widget_type=\"text-editor.default\">\n\t\t\t\t\t\t\t\t\t<ol><li><p><strong><span dir=\"auto\">Die Olympic<\/span><\/strong><br \/><span dir=\"auto\">Trail ist die l\u00e4ngste und anspruchsvollste Piste und richtet sich an erfahrene Skifahrer, die Geschwindigkeit und Herausforderung suchen. Sie bietet einen H\u00f6henunterschied von 900 Metern und erstreckt sich vom Gipfel bis in die Ausl\u00e4ufer des Berges \u2013 ein aufregendes Erlebnis f\u00fcr ge\u00fcbte Skifahrer.<\/span><\/p><\/li><li><p><strong><span dir=\"auto\">Poljice und Rajska Dolina<\/span><\/strong><br \/><span dir=\"auto\">sind ideal f\u00fcr Anf\u00e4nger und Freizeitskifahrer. Breite, sanfte Pisten mit geringem H\u00f6henunterschied erm\u00f6glichen sicheres Fahren und ein schrittweises Lernen. Poljice ist dank des modernen Reflektorsystems auch ein beliebter Ort zum Nachtskifahren.<\/span><\/p><\/li><li><p><strong><span dir=\"auto\">Der Snow Park<\/span><\/strong><br \/><span dir=\"auto\">Jahorina verf\u00fcgt au\u00dferdem \u00fcber einen speziellen Snowpark mit Spr\u00fcngen und Hindernissen f\u00fcr Snowboard-Fans und bietet Raum f\u00fcr Freestyle-Begeisterte und Abenteurer.<\/span><\/p><\/li><\/ol>\t\t\t\t\t\t\t\t<\/div>\n\t\t\t\t<\/div>\n\t\t\t\t\t<\/details>\n\t\t\t\t\t\t<details id=\"e-n-accordion-item-1081\" class=\"e-n-accordion-item\" >\n\t\t\t\t<summary class=\"e-n-accordion-item-title\" data-accordion-index=\"2\" tabindex=\"-1\" aria-expanded=\"false\" aria-controls=\"e-n-accordion-item-1081\" >\n\t\t\t\t\t<span class='e-n-accordion-item-title-header'><div class=\"e-n-accordion-item-title-text\"> Zus\u00e4tzliche Aktivit\u00e4ten <\/div><\/span>\n\t\t\t\t\t\t\t<span class='e-n-accordion-item-title-icon'>\n\t\t\t<span class='e-opened' ><i aria-hidden=\"true\" class=\"antra-icon- antra-icon-minus\"><\/i><\/span>\n\t\t\t<span class='e-closed'><i aria-hidden=\"true\" class=\"antra-icon- antra-icon-plus\"><\/i><\/span>\n\t\t<\/span>\n\n\t\t\t\t\t\t<\/summary>\n\t\t\t\t<div role=\"region\" aria-labelledby=\"e-n-accordion-item-1081\" class=\"elementor-element elementor-element-f0098d4 e-con-full e-flex e-con e-child\" data-id=\"f0098d4\" data-element_type=\"container\">\n\t\t\t\t<div class=\"elementor-element elementor-element-6580925 elementor-widget__width-initial elementor-widget elementor-widget-text-editor\" data-id=\"6580925\" data-element_type=\"widget\" data-widget_type=\"text-editor.default\">\n\t\t\t\t\t\t\t\t\t<p><span dir=\"auto\">Neben Skifahren k\u00f6nnen Besucher in Jahorina auch\u00a0<\/span><strong><span dir=\"auto\">Snowtubing<\/span><\/strong><span dir=\"auto\">\u00a0und Rodeln ausprobieren oder Adrenalin-Aktivit\u00e4ten wie\u00a0<\/span><strong><span dir=\"auto\">Ziplining<\/span><\/strong><span dir=\"auto\">\u00a0genie\u00dfen . Es gibt au\u00dferdem Loipen f\u00fcr\u00a0<\/span><strong><span dir=\"auto\">Langlauf<\/span><\/strong><span dir=\"auto\">\u00a0, und Bergwanderer k\u00f6nnen die markierten Wanderwege erkunden. Kinder und Anf\u00e4nger k\u00f6nnen Skischulen und -gel\u00e4nde nutzen, die auf ihre Bed\u00fcrfnisse zugeschnitten sind, und dort unter Anleitung von Skilehrern die Grundlagen des Skifahrens erlernen.<\/span><\/p>\t\t\t\t\t\t\t\t<\/div>\n\t\t\t\t<\/div>\n\t\t\t\t\t<\/details>\n\t\t\t\t\t\t<details id=\"e-n-accordion-item-1082\" class=\"e-n-accordion-item\" >\n\t\t\t\t<summary class=\"e-n-accordion-item-title\" data-accordion-index=\"3\" tabindex=\"-1\" aria-expanded=\"false\" aria-controls=\"e-n-accordion-item-1082\" >\n\t\t\t\t\t<span class='e-n-accordion-item-title-header'><div class=\"e-n-accordion-item-title-text\"> Skilifte und Seilbahnen <\/div><\/span>\n\t\t\t\t\t\t\t<span class='e-n-accordion-item-title-icon'>\n\t\t\t<span class='e-opened' ><i aria-hidden=\"true\" class=\"antra-icon- antra-icon-minus\"><\/i><\/span>\n\t\t\t<span class='e-closed'><i aria-hidden=\"true\" class=\"antra-icon- antra-icon-plus\"><\/i><\/span>\n\t\t<\/span>\n\n\t\t\t\t\t\t<\/summary>\n\t\t\t\t<div role=\"region\" aria-labelledby=\"e-n-accordion-item-1082\" class=\"elementor-element elementor-element-5471b18 e-con-full e-flex e-con e-child\" data-id=\"5471b18\" data-element_type=\"container\">\n\t\t\t\t<div class=\"elementor-element elementor-element-9cf7c35 elementor-widget__width-initial elementor-widget elementor-widget-text-editor\" data-id=\"9cf7c35\" data-element_type=\"widget\" data-widget_type=\"text-editor.default\">\n\t\t\t\t\t\t\t\t\t<p><span dir=\"auto\">Jahorina verf\u00fcgt \u00fcber sieben Skilifte und drei Seilbahnen, die einen schnellen und bequemen Zugang zu den Hauptpisten erm\u00f6glichen und eine Gesamtkapazit\u00e4t von 17.000 Skifahrern pro Stunde bieten.\u00a0<\/span><strong><span dir=\"auto\">Die Beschneiungsanlage<\/span><\/strong><span dir=\"auto\">\u00a0sorgt auch bei nicht optimalen Schneeverh\u00e4ltnissen f\u00fcr eine ausreichende Schneedecke und erm\u00f6glicht so eine verl\u00e4ngerte Skisaison. Die Lifte sind von 9:00 bis 16:00 Uhr in Betrieb, und Nachtskifahren ist von 18:00 bis 21:00 Uhr m\u00f6glich, sodass Sie den Tag optimal nutzen k\u00f6nnen.<\/span><\/p>\t\t\t\t\t\t\t\t<\/div>\n\t\t\t\t<\/div>\n\t\t\t\t\t<\/details>\n\t\t\t\t\t\t<details id=\"e-n-accordion-item-1083\" class=\"e-n-accordion-item\" >\n\t\t\t\t<summary class=\"e-n-accordion-item-title\" data-accordion-index=\"4\" tabindex=\"-1\" aria-expanded=\"false\" aria-controls=\"e-n-accordion-item-1083\" >\n\t\t\t\t\t<span class='e-n-accordion-item-title-header'><div class=\"e-n-accordion-item-title-text\"> Unterkunft und Apr\u00e8s-Ski <\/div><\/span>\n\t\t\t\t\t\t\t<span class='e-n-accordion-item-title-icon'>\n\t\t\t<span class='e-opened' ><i aria-hidden=\"true\" class=\"antra-icon- antra-icon-minus\"><\/i><\/span>\n\t\t\t<span class='e-closed'><i aria-hidden=\"true\" class=\"antra-icon- antra-icon-plus\"><\/i><\/span>\n\t\t<\/span>\n\n\t\t\t\t\t\t<\/summary>\n\t\t\t\t<div role=\"region\" aria-labelledby=\"e-n-accordion-item-1083\" class=\"elementor-element elementor-element-f6211a5 e-con-full e-flex e-con e-child\" data-id=\"f6211a5\" data-element_type=\"container\">\n\t\t\t\t<div class=\"elementor-element elementor-element-57d17d2 elementor-widget__width-initial elementor-widget elementor-widget-text-editor\" data-id=\"57d17d2\" data-element_type=\"widget\" data-widget_type=\"text-editor.default\">\n\t\t\t\t\t\t\t\t\t<span dir=\"auto\">Auf Jahorina finden Sie eine gro\u00dfe Auswahl\u00a0<\/span><a href=\"https:\/\/apartments-jahorina.com\/de\/unterkunft-jahorina\/\"><span dir=\"auto\">an Unterk\u00fcnften<\/span><\/a><span dir=\"auto\">\u00a0\u2013 von Luxushotels und privaten Apartments bis hin zu preisg\u00fcnstigeren Bergh\u00fctten. Das Apr\u00e8s-Ski-Angebot ist vielf\u00e4ltig: Zahlreiche Restaurants, Bars und Wellnesszentren laden zum Verweilen ein, wo Sie lokale Spezialit\u00e4ten genie\u00dfen, in der Sauna entspannen oder sich nach dem Skifahren mit einer Massage verw\u00f6hnen lassen k\u00f6nnen. Jahorina liegt in der N\u00e4he von Sarajevo und bietet sich daher ideal f\u00fcr einen Kulturausflug in die Hauptstadt von Bosnien und Herzegowina an.<\/span>\n\n<span dir=\"auto\">Jahorina ist ein ideales Reiseziel f\u00fcr alle, die nicht nur qualitativ hochwertiges Skifahren suchen, sondern auch ein umfassendes Wintererlebnis voller Abenteuer, Entspannung und Naturgenuss.<\/span>\t\t\t\t\t\t\t\t<\/div>\n\t\t\t\t<\/div>\n\t\t\t\t\t<\/details>\n\t\t\t\t\t<\/div>\n\t\t\t\t\t\t<\/div>\n\t\t\t\t<\/div>\n\t\t<div class=\"elementor-element elementor-element-7c44126 e-con-full e-flex e-con e-child\" data-id=\"7c44126\" data-element_type=\"container\">\n\t\t\t\t<div class=\"elementor-element elementor-element-5b562f9 elementor-invisible elementor-widget elementor-widget-image\" data-id=\"5b562f9\" data-element_type=\"widget\" data-settings=\"{&quot;_animation&quot;:&quot;opal-move-left&quot;}\" data-widget_type=\"image.default\">\n\t\t\t\t\t<div class=\"antra-wrapper-image-widget\" data-cursor=\"-opaque\">\t\t\t\t\t\t\t\t\t\t<img loading=\"lazy\" decoding=\"async\" width=\"2560\" height=\"1920\" src=\"https:\/\/apartments-jahorina.com\/wp-content\/uploads\/2025\/11\/luka-scaled.jpeg\" class=\"attachment-full size-full wp-image-10182\" alt=\"\" srcset=\"https:\/\/apartments-jahorina.com\/wp-content\/uploads\/2025\/11\/luka-scaled.jpeg 2560w, https:\/\/apartments-jahorina.com\/wp-content\/uploads\/2025\/11\/luka-300x225.jpeg 300w, https:\/\/apartments-jahorina.com\/wp-content\/uploads\/2025\/11\/luka-1024x768.jpeg 1024w, https:\/\/apartments-jahorina.com\/wp-content\/uploads\/2025\/11\/luka-768x576.jpeg 768w, https:\/\/apartments-jahorina.com\/wp-content\/uploads\/2025\/11\/luka-1536x1152.jpeg 1536w, https:\/\/apartments-jahorina.com\/wp-content\/uploads\/2025\/11\/luka-2048x1536.jpeg 2048w, https:\/\/apartments-jahorina.com\/wp-content\/uploads\/2025\/11\/luka-839x629.jpeg 839w, https:\/\/apartments-jahorina.com\/wp-content\/uploads\/2025\/11\/luka-1000x750.jpeg 1000w\" sizes=\"(max-width: 2560px) 100vw, 2560px\" \/>\t\t\t\t\t\t\t\t\t\t\t<\/div>\t\t\t\t<\/div>\n\t\t\t\t<\/div>\n\t\t\t\t<\/div>\n\t\t\t\t\t<\/div>\n\t\t\t\t<\/div>\n\t\t\t\t<\/div>\n\t\t","protected":false},"excerpt":{"rendered":"<p>Wo kann man Ski fahren? Jahorina \u2013 Der komplette Reisef\u00fchrer f\u00fcr Winterabenteuer Jahorina z\u00e4hlt zu den bekanntesten Skigebieten des Balkans und bietet ein au\u00dfergew\u00f6hnliches Wintersporterlebnis im Herzen von Bosnien und Herzegowina. Mit beeindruckenden 45 km pr\u00e4parierten Pisten bietet Jahorina vielf\u00e4ltige M\u00f6glichkeiten f\u00fcr Skifahrer aller K\u00f6nnensstufen \u2013 vom Anf\u00e4nger bis zum Profi. Neben Skifahren bietet Jahorina [&hellip;]<\/p>\n","protected":false},"author":1,"featured_media":0,"parent":0,"menu_order":0,"comment_status":"closed","ping_status":"closed","template":"","meta":{"footnotes":""},"class_list":["post-13438","page","type-page","status-publish","hentry"],"yoast_head":"<!-- This site is optimized with the Yoast SEO plugin v26.4 - https:\/\/yoast.com\/wordpress\/plugins\/seo\/ -->\n<title>Wohin zum Skifahren? - BESTBLICK Apartments Jahorina<\/title>\n<meta name=\"robots\" content=\"index, follow, max-snippet:-1, max-image-preview:large, max-video-preview:-1\" \/>\n<link rel=\"canonical\" href=\"https:\/\/apartments-jahorina.com\/de\/wohin-zum-skifahren\/\" \/>\n<meta property=\"og:locale\" content=\"de_DE\" \/>\n<meta property=\"og:type\" content=\"article\" \/>\n<meta property=\"og:title\" content=\"Wohin zum Skifahren? - BESTBLICK Apartments Jahorina\" \/>\n<meta property=\"og:description\" content=\"Wo kann man Ski fahren? Jahorina \u2013 Der komplette Reisef\u00fchrer f\u00fcr Winterabenteuer Jahorina z\u00e4hlt zu den bekanntesten Skigebieten des Balkans und bietet ein au\u00dfergew\u00f6hnliches Wintersporterlebnis im Herzen von Bosnien und Herzegowina. Mit beeindruckenden 45 km pr\u00e4parierten Pisten bietet Jahorina vielf\u00e4ltige M\u00f6glichkeiten f\u00fcr Skifahrer aller K\u00f6nnensstufen \u2013 vom Anf\u00e4nger bis zum Profi. Neben Skifahren bietet Jahorina [&hellip;]\" \/>\n<meta property=\"og:url\" content=\"https:\/\/apartments-jahorina.com\/de\/wohin-zum-skifahren\/\" \/>\n<meta property=\"og:site_name\" content=\"BESTBLICK Apartments Jahorina\" \/>\n<meta property=\"article:modified_time\" content=\"2026-02-04T02:33:46+00:00\" \/>\n<meta property=\"og:image\" content=\"https:\/\/apartments-jahorina.com\/wp-content\/uploads\/2025\/11\/luka-scaled.jpeg\" \/>\n\t<meta property=\"og:image:width\" content=\"2560\" \/>\n\t<meta property=\"og:image:height\" content=\"1920\" \/>\n\t<meta property=\"og:image:type\" content=\"image\/jpeg\" \/>\n<meta name=\"twitter:card\" content=\"summary_large_image\" \/>\n<meta name=\"twitter:label1\" content=\"Gesch\u00e4tzte Lesezeit\" \/>\n\t<meta name=\"twitter:data1\" content=\"2\u00a0Minuten\" \/>\n<script type=\"application\/ld+json\" class=\"yoast-schema-graph\">{\"@context\":\"https:\/\/schema.org\",\"@graph\":[{\"@type\":\"WebPage\",\"@id\":\"https:\/\/apartments-jahorina.com\/de\/wohin-zum-skifahren\/\",\"url\":\"https:\/\/apartments-jahorina.com\/de\/wohin-zum-skifahren\/\",\"name\":\"Wohin zum Skifahren? - BESTBLICK Apartments Jahorina\",\"isPartOf\":{\"@id\":\"https:\/\/apartments-jahorina.com\/#website\"},\"primaryImageOfPage\":{\"@id\":\"https:\/\/apartments-jahorina.com\/de\/wohin-zum-skifahren\/#primaryimage\"},\"image\":{\"@id\":\"https:\/\/apartments-jahorina.com\/de\/wohin-zum-skifahren\/#primaryimage\"},\"thumbnailUrl\":\"https:\/\/apartments-jahorina.com\/wp-content\/uploads\/2025\/11\/luka-scaled.jpeg\",\"datePublished\":\"2026-02-04T02:20:19+00:00\",\"dateModified\":\"2026-02-04T02:33:46+00:00\",\"breadcrumb\":{\"@id\":\"https:\/\/apartments-jahorina.com\/de\/wohin-zum-skifahren\/#breadcrumb\"},\"inLanguage\":\"de\",\"potentialAction\":[{\"@type\":\"ReadAction\",\"target\":[\"https:\/\/apartments-jahorina.com\/de\/wohin-zum-skifahren\/\"]}]},{\"@type\":\"ImageObject\",\"inLanguage\":\"de\",\"@id\":\"https:\/\/apartments-jahorina.com\/de\/wohin-zum-skifahren\/#primaryimage\",\"url\":\"https:\/\/apartments-jahorina.com\/wp-content\/uploads\/2025\/11\/luka-scaled.jpeg\",\"contentUrl\":\"https:\/\/apartments-jahorina.com\/wp-content\/uploads\/2025\/11\/luka-scaled.jpeg\"},{\"@type\":\"BreadcrumbList\",\"@id\":\"https:\/\/apartments-jahorina.com\/de\/wohin-zum-skifahren\/#breadcrumb\",\"itemListElement\":[{\"@type\":\"ListItem\",\"position\":1,\"name\":\"Home\",\"item\":\"https:\/\/apartments-jahorina.com\/de\/\"},{\"@type\":\"ListItem\",\"position\":2,\"name\":\"Wohin zum Skifahren?\"}]},{\"@type\":\"WebSite\",\"@id\":\"https:\/\/apartments-jahorina.com\/#website\",\"url\":\"https:\/\/apartments-jahorina.com\/\",\"name\":\"BESTBLICK Apartments Jahorina\",\"description\":\"Moderni apartmani s pogledom na ski-stazu\",\"potentialAction\":[{\"@type\":\"SearchAction\",\"target\":{\"@type\":\"EntryPoint\",\"urlTemplate\":\"https:\/\/apartments-jahorina.com\/?s={search_term_string}\"},\"query-input\":{\"@type\":\"PropertyValueSpecification\",\"valueRequired\":true,\"valueName\":\"search_term_string\"}}],\"inLanguage\":\"de\"}]}<\/script>\n<!-- \/ Yoast SEO plugin. -->","yoast_head_json":{"title":"Wohin zum Skifahren? - BESTBLICK Apartments Jahorina","robots":{"index":"index","follow":"follow","max-snippet":"max-snippet:-1","max-image-preview":"max-image-preview:large","max-video-preview":"max-video-preview:-1"},"canonical":"https:\/\/apartments-jahorina.com\/de\/wohin-zum-skifahren\/","og_locale":"de_DE","og_type":"article","og_title":"Wohin zum Skifahren? - BESTBLICK Apartments Jahorina","og_description":"Wo kann man Ski fahren? Jahorina \u2013 Der komplette Reisef\u00fchrer f\u00fcr Winterabenteuer Jahorina z\u00e4hlt zu den bekanntesten Skigebieten des Balkans und bietet ein au\u00dfergew\u00f6hnliches Wintersporterlebnis im Herzen von Bosnien und Herzegowina. Mit beeindruckenden 45 km pr\u00e4parierten Pisten bietet Jahorina vielf\u00e4ltige M\u00f6glichkeiten f\u00fcr Skifahrer aller K\u00f6nnensstufen \u2013 vom Anf\u00e4nger bis zum Profi. Neben Skifahren bietet Jahorina [&hellip;]","og_url":"https:\/\/apartments-jahorina.com\/de\/wohin-zum-skifahren\/","og_site_name":"BESTBLICK Apartments Jahorina","article_modified_time":"2026-02-04T02:33:46+00:00","og_image":[{"width":2560,"height":1920,"url":"https:\/\/apartments-jahorina.com\/wp-content\/uploads\/2025\/11\/luka-scaled.jpeg","type":"image\/jpeg"}],"twitter_card":"summary_large_image","twitter_misc":{"Gesch\u00e4tzte Lesezeit":"2\u00a0Minuten"},"schema":{"@context":"https:\/\/schema.org","@graph":[{"@type":"WebPage","@id":"https:\/\/apartments-jahorina.com\/de\/wohin-zum-skifahren\/","url":"https:\/\/apartments-jahorina.com\/de\/wohin-zum-skifahren\/","name":"Wohin zum Skifahren? - BESTBLICK Apartments Jahorina","isPartOf":{"@id":"https:\/\/apartments-jahorina.com\/#website"},"primaryImageOfPage":{"@id":"https:\/\/apartments-jahorina.com\/de\/wohin-zum-skifahren\/#primaryimage"},"image":{"@id":"https:\/\/apartments-jahorina.com\/de\/wohin-zum-skifahren\/#primaryimage"},"thumbnailUrl":"https:\/\/apartments-jahorina.com\/wp-content\/uploads\/2025\/11\/luka-scaled.jpeg","datePublished":"2026-02-04T02:20:19+00:00","dateModified":"2026-02-04T02:33:46+00:00","breadcrumb":{"@id":"https:\/\/apartments-jahorina.com\/de\/wohin-zum-skifahren\/#breadcrumb"},"inLanguage":"de","potentialAction":[{"@type":"ReadAction","target":["https:\/\/apartments-jahorina.com\/de\/wohin-zum-skifahren\/"]}]},{"@type":"ImageObject","inLanguage":"de","@id":"https:\/\/apartments-jahorina.com\/de\/wohin-zum-skifahren\/#primaryimage","url":"https:\/\/apartments-jahorina.com\/wp-content\/uploads\/2025\/11\/luka-scaled.jpeg","contentUrl":"https:\/\/apartments-jahorina.com\/wp-content\/uploads\/2025\/11\/luka-scaled.jpeg"},{"@type":"BreadcrumbList","@id":"https:\/\/apartments-jahorina.com\/de\/wohin-zum-skifahren\/#breadcrumb","itemListElement":[{"@type":"ListItem","position":1,"name":"Home","item":"https:\/\/apartments-jahorina.com\/de\/"},{"@type":"ListItem","position":2,"name":"Wohin zum Skifahren?"}]},{"@type":"WebSite","@id":"https:\/\/apartments-jahorina.com\/#website","url":"https:\/\/apartments-jahorina.com\/","name":"BESTBLICK Apartments Jahorina","description":"Moderni apartmani s pogledom na ski-stazu","potentialAction":[{"@type":"SearchAction","target":{"@type":"EntryPoint","urlTemplate":"https:\/\/apartments-jahorina.com\/?s={search_term_string}"},"query-input":{"@type":"PropertyValueSpecification","valueRequired":true,"valueName":"search_term_string"}}],"inLanguage":"de"}]}},"_links":{"self":[{"href":"https:\/\/apartments-jahorina.com\/de\/wp-json\/wp\/v2\/pages\/13438","targetHints":{"allow":["GET"]}}],"collection":[{"href":"https:\/\/apartments-jahorina.com\/de\/wp-json\/wp\/v2\/pages"}],"about":[{"href":"https:\/\/apartments-jahorina.com\/de\/wp-json\/wp\/v2\/types\/page"}],"author":[{"embeddable":true,"href":"https:\/\/apartments-jahorina.com\/de\/wp-json\/wp\/v2\/users\/1"}],"replies":[{"embeddable":true,"href":"https:\/\/apartments-jahorina.com\/de\/wp-json\/wp\/v2\/comments?post=13438"}],"version-history":[{"count":5,"href":"https:\/\/apartments-jahorina.com\/de\/wp-json\/wp\/v2\/pages\/13438\/revisions"}],"predecessor-version":[{"id":13476,"href":"https:\/\/apartments-jahorina.com\/de\/wp-json\/wp\/v2\/pages\/13438\/revisions\/13476"}],"wp:attachment":[{"href":"https:\/\/apartments-jahorina.com\/de\/wp-json\/wp\/v2\/media?parent=13438"}],"curies":[{"name":"wp","href":"https:\/\/api.w.org\/{rel}","templated":true}]}}