{"id":10001,"date":"2025-11-30T18:49:14","date_gmt":"2025-11-30T18:49:14","guid":{"rendered":"http:\/\/apartments-jahorina.com\/gdje-na-jahorinu\/"},"modified":"2025-12-10T01:34:16","modified_gmt":"2025-12-10T01:34:16","slug":"where-on-jahorina","status":"publish","type":"page","link":"https:\/\/apartments-jahorina.com\/en\/where-on-jahorina\/","title":{"rendered":"Where on Jahorina"},"content":{"rendered":"\t\t<div data-elementor-type=\"wp-page\" data-elementor-id=\"10001\" class=\"elementor elementor-10001 elementor-9905\">\n\t\t\t\t<div class=\"elementor-element elementor-element-12b6bd6 e-flex e-con-boxed e-con e-parent\" data-id=\"12b6bd6\" data-element_type=\"container\">\n\t\t\t\t\t<div class=\"e-con-inner\">\n\t\t<div class=\"elementor-element elementor-element-7b8b529 e-con-full e-flex e-con e-child\" data-id=\"7b8b529\" data-element_type=\"container\">\n\t\t<div class=\"elementor-element elementor-element-52f5450 e-con-full e-flex e-con e-child\" data-id=\"52f5450\" data-element_type=\"container\">\n\t\t\t\t<div class=\"elementor-element elementor-element-ef7ac5e elementor-absolute elementor-hidden-mobile elementor-view-default elementor-invisible elementor-widget elementor-widget-icon\" data-id=\"ef7ac5e\" data-element_type=\"widget\" data-settings=\"{&quot;_position&quot;:&quot;absolute&quot;,&quot;motion_fx_motion_fx_scrolling&quot;:&quot;yes&quot;,&quot;motion_fx_translateX_effect&quot;:&quot;yes&quot;,&quot;motion_fx_translateX_speed&quot;:{&quot;unit&quot;:&quot;px&quot;,&quot;size&quot;:1.5,&quot;sizes&quot;:[]},&quot;_animation&quot;:&quot;opal-move-right&quot;,&quot;motion_fx_translateX_affectedRange&quot;:{&quot;unit&quot;:&quot;%&quot;,&quot;size&quot;:&quot;&quot;,&quot;sizes&quot;:{&quot;start&quot;:0,&quot;end&quot;:100}},&quot;motion_fx_devices&quot;:[&quot;desktop&quot;,&quot;laptop&quot;,&quot;tablet_extra&quot;,&quot;tablet&quot;,&quot;mobile_extra&quot;,&quot;mobile&quot;]}\" data-widget_type=\"icon.default\">\n\t\t\t\t\t\t\t<div class=\"elementor-icon-wrapper\">\n\t\t\t<div class=\"elementor-icon\">\n\t\t\t\t\t\t<\/div>\n\t\t<\/div>\n\t\t\t\t\t\t<\/div>\n\t\t\t\t<div class=\"elementor-element elementor-element-7a3b481 elementor-widget__width-auto elementor-absolute elementor-hidden-mobile elementor-view-default elementor-invisible elementor-widget elementor-widget-icon\" data-id=\"7a3b481\" data-element_type=\"widget\" data-settings=\"{&quot;_position&quot;:&quot;absolute&quot;,&quot;motion_fx_motion_fx_scrolling&quot;:&quot;yes&quot;,&quot;motion_fx_translateY_effect&quot;:&quot;yes&quot;,&quot;motion_fx_translateY_direction&quot;:&quot;negative&quot;,&quot;motion_fx_translateY_speed&quot;:{&quot;unit&quot;:&quot;px&quot;,&quot;size&quot;:1.2,&quot;sizes&quot;:[]},&quot;_animation&quot;:&quot;opal-move-down&quot;,&quot;motion_fx_translateY_affectedRange&quot;:{&quot;unit&quot;:&quot;%&quot;,&quot;size&quot;:&quot;&quot;,&quot;sizes&quot;:{&quot;start&quot;:0,&quot;end&quot;:100}},&quot;motion_fx_devices&quot;:[&quot;desktop&quot;,&quot;laptop&quot;,&quot;tablet_extra&quot;,&quot;tablet&quot;,&quot;mobile_extra&quot;,&quot;mobile&quot;]}\" data-widget_type=\"icon.default\">\n\t\t\t\t\t\t\t<div class=\"elementor-icon-wrapper\">\n\t\t\t<div class=\"elementor-icon\">\n\t\t\t\t\t\t<\/div>\n\t\t<\/div>\n\t\t\t\t\t\t<\/div>\n\t\t\t\t<\/div>\n\t\t<div class=\"elementor-element elementor-element-4e0b3cc e-con-full e-flex e-con e-child\" data-id=\"4e0b3cc\" data-element_type=\"container\">\n\t\t\t\t<div class=\"elementor-element elementor-element-6bc46d3 elementor-widget__width-initial elementor-invisible elementor-widget elementor-widget-heading\" data-id=\"6bc46d3\" data-element_type=\"widget\" data-settings=\"{&quot;_animation&quot;:&quot;opal-move-left&quot;}\" data-widget_type=\"heading.default\">\n\t\t\t\t\t<h2 data-cursor=\"-opaque\" class=\"elementor-heading-title elementor-size-default\">Where to go on Jahorina \u2013  <span class=\"c-primary\">The best sights and activities<\/span><\/h2>\t\t\t\t<\/div>\n\t\t\t\t<div class=\"elementor-element elementor-element-4aa09f6 elementor-widget__width-initial elementor-invisible elementor-widget elementor-widget-text-editor\" data-id=\"4aa09f6\" data-element_type=\"widget\" data-settings=\"{&quot;_animation&quot;:&quot;opal-move-left&quot;}\" data-widget_type=\"text-editor.default\">\n\t\t\t\t\t\t\t\t\t<h3><span dir=\"auto\">1.\u00a0\u00a0\u00a0<\/span><strong><span dir=\"auto\">Jahorina Ski Resort<\/span><\/strong><\/h3><p><span dir=\"auto\">Jahorina is one of the most famous ski resorts in the Balkans, with programs for all levels of skiers. The skiing area has more than\u00a0\u00a0\u00a0<\/span><strong><span dir=\"auto\">20 km of well-maintained slopes<\/span><\/strong><span dir=\"auto\">\u00a0\u00a0, which are equipped with modern cable cars and lifts. In addition to skiing, night skiing is also available, which is a special experience for fans of winter sports.<\/span><\/p><h3><span dir=\"auto\">2.\u00a0\u00a0\u00a0<\/span><strong><span dir=\"auto\">Mountain and bike trails<\/span><\/strong><\/h3><p><span dir=\"auto\">In summer, Jahorina turns into a paradise for lovers of hiking and cycling. Mountain paths lead through picturesque provinces with wonderful views of the surrounding mountains and valleys. Among the popular trails are\u00a0\u00a0\u00a0<\/span><strong><span dir=\"auto\">the Polji\u0161ka pot<\/span><\/strong><span dir=\"auto\">\u00a0\u00a0\u00a0and\u00a0\u00a0\u00a0<\/span><strong><span dir=\"auto\">Ogorjelica pot<\/span><\/strong><span dir=\"auto\">\u00a0\u00a0, which offer opportunities for recreational hiking as well as more demanding cycling tours.<\/span><\/p><h3><span dir=\"auto\">3.\u00a0\u00a0\u00a0<\/span><strong><span dir=\"auto\">Adventure Park Ogorjelica<\/span><\/strong><\/h3><p><span dir=\"auto\">This adventure park offers activities such as\u00a0\u00a0\u00a0<\/span><strong><span dir=\"auto\">zipline<\/span><\/strong><span dir=\"auto\">\u00a0\u00a0,\u00a0\u00a0\u00a0<\/span><strong><span dir=\"auto\">rock climbing<\/span><\/strong><span dir=\"auto\">\u00a0\u00a0\u00a0and other adrenaline challenges. It is suitable for groups with children, groups of friends, but everyone who wants some action in the middle of nature.<\/span><\/p><h3><span dir=\"auto\">4.\u00a0\u00a0\u00a0<\/span><strong><span dir=\"auto\">Ethno village \u201cLjubogo\u0161ta\u201d<\/span><\/strong><\/h3><p><span dir=\"auto\">In the vicinity of Jahorina, there is\u00a0\u00a0\u00a0<\/span><strong><span dir=\"auto\">the ethnic village &#8220;Ljubogo\u0161ta&#8221;<\/span><\/strong><span dir=\"auto\">\u00a0\u00a0, an authentic Bosnian village that displays traditional architecture, handicrafts and lifestyle. That area offers a view of the cultural heritage of the region and the possibility of enjoying local specialties in a restaurant with local dishes.<\/span><\/p><h3><span dir=\"auto\">5.\u00a0\u00a0\u00a0<\/span><strong><span dir=\"auto\">Wellness and spa centers<\/span><\/strong><\/h3><p><span dir=\"auto\">For those who want rest and relaxation, Jahorina offers many wellness and spa centers. Many hotels and\u00a0\u00a0\u00a0<\/span><a href=\"https:\/\/translate.google.com\/website?sl=hr&amp;tl=en&amp;hl=en&amp;client=webapp&amp;u=https:\/\/translate.google.com\/website?sl%3Dhr%26tl%3Dsl%26hl%3Den%26client%3Dwebapp%26u%3Dhttps:\/\/apartments-jahorina.com\/apartmani-jahorina\/\" target=\"_blank\" rel=\"noopener\"><span dir=\"auto\">apartment<\/span><\/a><span dir=\"auto\">\u00a0\u00a0\u00a0complexes offer services such as saunas, massages, hot pools and steam baths, which is ideal for relaxing after a day spent on the ski slopes but in nature.<\/span><\/p><h3><span dir=\"auto\">6.\u00a0\u00a0\u00a0<\/span><strong><span dir=\"auto\">Sarajevo \u2013 one-day trip<\/span><\/strong><\/h3><p><span dir=\"auto\">Jahorina is only\u00a0\u00a0\u00a0<\/span><strong><span dir=\"auto\">30 km from Sarajevo<\/span><\/strong><span dir=\"auto\">\u00a0\u00a0, the capital of Bosnia and Herzegovina, which makes it an ideal starting point for day trips. Sarajevo offers a rich cultural heritage, including Ba\u0161\u010dar\u0161ija, historical museums and many restaurants with traditional Bosnian specialties.<\/span><\/p><hr \/><h3><span dir=\"auto\">Conclusion<\/span><\/h3><p><span dir=\"auto\">Regardless, whether you are looking for\u00a0\u00a0\u00a0<\/span><strong><span dir=\"auto\">winter sports<\/span><\/strong><span dir=\"auto\">\u00a0\u00a0,\u00a0\u00a0\u00a0<\/span><strong><span dir=\"auto\">hiking and cycling<\/span><\/strong><span dir=\"auto\">\u00a0\u00a0,\u00a0\u00a0\u00a0<\/span><strong><span dir=\"auto\">cultural sights<\/span><\/strong><span dir=\"auto\">\u00a0\u00a0\u00a0or\u00a0\u00a0\u00a0<\/span><strong><span dir=\"auto\">relaxation in wellness<\/span><\/strong><span dir=\"auto\">\u00a0\u00a0, Jahorina has something for everyone. With a rich range of activities and easy access from Sarajevo, Jahora is a destination that you can visit anytime in flight and offers unforgettable experiences for all visitors.<\/span><\/p>\t\t\t\t\t\t\t\t<\/div>\n\t\t\t\t<\/div>\n\t\t\t\t<\/div>\n\t\t\t\t\t<\/div>\n\t\t\t\t<\/div>\n\t\t\t\t<\/div>\n\t\t","protected":false},"excerpt":{"rendered":"<p>Where to go on Jahorina \u2013 The best sights and activities 1.\u00a0\u00a0\u00a0Jahorina Ski Resort Jahorina is one of the most famous ski resorts in the Balkans, with programs for all levels of skiers. The skiing area has more than\u00a0\u00a0\u00a020 km of well-maintained slopes\u00a0\u00a0, which are equipped with modern cable cars and lifts. In addition to [&hellip;]<\/p>\n","protected":false},"author":1,"featured_media":0,"parent":0,"menu_order":0,"comment_status":"closed","ping_status":"closed","template":"","meta":{"footnotes":""},"class_list":["post-10001","page","type-page","status-publish","hentry"],"yoast_head":"<!-- This site is optimized with the Yoast SEO plugin v26.4 - https:\/\/yoast.com\/wordpress\/plugins\/seo\/ -->\n<title>Where on Jahorina - BESTBLICK Apartments Jahorina<\/title>\n<meta name=\"robots\" content=\"index, follow, max-snippet:-1, max-image-preview:large, max-video-preview:-1\" \/>\n<link rel=\"canonical\" href=\"https:\/\/apartments-jahorina.com\/en\/where-on-jahorina\/\" \/>\n<meta property=\"og:locale\" content=\"en_US\" \/>\n<meta property=\"og:type\" content=\"article\" \/>\n<meta property=\"og:title\" content=\"Where on Jahorina - BESTBLICK Apartments Jahorina\" \/>\n<meta property=\"og:description\" content=\"Where to go on Jahorina \u2013 The best sights and activities 1.\u00a0\u00a0\u00a0Jahorina Ski Resort Jahorina is one of the most famous ski resorts in the Balkans, with programs for all levels of skiers. The skiing area has more than\u00a0\u00a0\u00a020 km of well-maintained slopes\u00a0\u00a0, which are equipped with modern cable cars and lifts. In addition to [&hellip;]\" \/>\n<meta property=\"og:url\" content=\"https:\/\/apartments-jahorina.com\/en\/where-on-jahorina\/\" \/>\n<meta property=\"og:site_name\" content=\"BESTBLICK Apartments Jahorina\" \/>\n<meta property=\"article:modified_time\" content=\"2025-12-10T01:34:16+00:00\" \/>\n<meta name=\"twitter:card\" content=\"summary_large_image\" \/>\n<meta name=\"twitter:label1\" content=\"Est. reading time\" \/>\n\t<meta name=\"twitter:data1\" content=\"2 minutes\" \/>\n<script type=\"application\/ld+json\" class=\"yoast-schema-graph\">{\"@context\":\"https:\/\/schema.org\",\"@graph\":[{\"@type\":\"WebPage\",\"@id\":\"https:\/\/apartments-jahorina.com\/en\/where-on-jahorina\/\",\"url\":\"https:\/\/apartments-jahorina.com\/en\/where-on-jahorina\/\",\"name\":\"Where on Jahorina - BESTBLICK Apartments Jahorina\",\"isPartOf\":{\"@id\":\"https:\/\/apartments-jahorina.com\/#website\"},\"datePublished\":\"2025-11-30T18:49:14+00:00\",\"dateModified\":\"2025-12-10T01:34:16+00:00\",\"breadcrumb\":{\"@id\":\"https:\/\/apartments-jahorina.com\/en\/where-on-jahorina\/#breadcrumb\"},\"inLanguage\":\"en-US\",\"potentialAction\":[{\"@type\":\"ReadAction\",\"target\":[\"https:\/\/apartments-jahorina.com\/en\/where-on-jahorina\/\"]}]},{\"@type\":\"BreadcrumbList\",\"@id\":\"https:\/\/apartments-jahorina.com\/en\/where-on-jahorina\/#breadcrumb\",\"itemListElement\":[{\"@type\":\"ListItem\",\"position\":1,\"name\":\"Home\",\"item\":\"https:\/\/apartments-jahorina.com\/en\/\"},{\"@type\":\"ListItem\",\"position\":2,\"name\":\"Where on Jahorina\"}]},{\"@type\":\"WebSite\",\"@id\":\"https:\/\/apartments-jahorina.com\/#website\",\"url\":\"https:\/\/apartments-jahorina.com\/\",\"name\":\"BESTBLICK Apartments Jahorina\",\"description\":\"Moderni apartmani s pogledom na ski-stazu\",\"potentialAction\":[{\"@type\":\"SearchAction\",\"target\":{\"@type\":\"EntryPoint\",\"urlTemplate\":\"https:\/\/apartments-jahorina.com\/?s={search_term_string}\"},\"query-input\":{\"@type\":\"PropertyValueSpecification\",\"valueRequired\":true,\"valueName\":\"search_term_string\"}}],\"inLanguage\":\"en-US\"}]}<\/script>\n<!-- \/ Yoast SEO plugin. -->","yoast_head_json":{"title":"Where on Jahorina - BESTBLICK Apartments Jahorina","robots":{"index":"index","follow":"follow","max-snippet":"max-snippet:-1","max-image-preview":"max-image-preview:large","max-video-preview":"max-video-preview:-1"},"canonical":"https:\/\/apartments-jahorina.com\/en\/where-on-jahorina\/","og_locale":"en_US","og_type":"article","og_title":"Where on Jahorina - BESTBLICK Apartments Jahorina","og_description":"Where to go on Jahorina \u2013 The best sights and activities 1.\u00a0\u00a0\u00a0Jahorina Ski Resort Jahorina is one of the most famous ski resorts in the Balkans, with programs for all levels of skiers. The skiing area has more than\u00a0\u00a0\u00a020 km of well-maintained slopes\u00a0\u00a0, which are equipped with modern cable cars and lifts. In addition to [&hellip;]","og_url":"https:\/\/apartments-jahorina.com\/en\/where-on-jahorina\/","og_site_name":"BESTBLICK Apartments Jahorina","article_modified_time":"2025-12-10T01:34:16+00:00","twitter_card":"summary_large_image","twitter_misc":{"Est. reading time":"2 minutes"},"schema":{"@context":"https:\/\/schema.org","@graph":[{"@type":"WebPage","@id":"https:\/\/apartments-jahorina.com\/en\/where-on-jahorina\/","url":"https:\/\/apartments-jahorina.com\/en\/where-on-jahorina\/","name":"Where on Jahorina - BESTBLICK Apartments Jahorina","isPartOf":{"@id":"https:\/\/apartments-jahorina.com\/#website"},"datePublished":"2025-11-30T18:49:14+00:00","dateModified":"2025-12-10T01:34:16+00:00","breadcrumb":{"@id":"https:\/\/apartments-jahorina.com\/en\/where-on-jahorina\/#breadcrumb"},"inLanguage":"en-US","potentialAction":[{"@type":"ReadAction","target":["https:\/\/apartments-jahorina.com\/en\/where-on-jahorina\/"]}]},{"@type":"BreadcrumbList","@id":"https:\/\/apartments-jahorina.com\/en\/where-on-jahorina\/#breadcrumb","itemListElement":[{"@type":"ListItem","position":1,"name":"Home","item":"https:\/\/apartments-jahorina.com\/en\/"},{"@type":"ListItem","position":2,"name":"Where on Jahorina"}]},{"@type":"WebSite","@id":"https:\/\/apartments-jahorina.com\/#website","url":"https:\/\/apartments-jahorina.com\/","name":"BESTBLICK Apartments Jahorina","description":"Moderni apartmani s pogledom na ski-stazu","potentialAction":[{"@type":"SearchAction","target":{"@type":"EntryPoint","urlTemplate":"https:\/\/apartments-jahorina.com\/?s={search_term_string}"},"query-input":{"@type":"PropertyValueSpecification","valueRequired":true,"valueName":"search_term_string"}}],"inLanguage":"en-US"}]}},"_links":{"self":[{"href":"https:\/\/apartments-jahorina.com\/en\/wp-json\/wp\/v2\/pages\/10001","targetHints":{"allow":["GET"]}}],"collection":[{"href":"https:\/\/apartments-jahorina.com\/en\/wp-json\/wp\/v2\/pages"}],"about":[{"href":"https:\/\/apartments-jahorina.com\/en\/wp-json\/wp\/v2\/types\/page"}],"author":[{"embeddable":true,"href":"https:\/\/apartments-jahorina.com\/en\/wp-json\/wp\/v2\/users\/1"}],"replies":[{"embeddable":true,"href":"https:\/\/apartments-jahorina.com\/en\/wp-json\/wp\/v2\/comments?post=10001"}],"version-history":[{"count":13,"href":"https:\/\/apartments-jahorina.com\/en\/wp-json\/wp\/v2\/pages\/10001\/revisions"}],"predecessor-version":[{"id":12339,"href":"https:\/\/apartments-jahorina.com\/en\/wp-json\/wp\/v2\/pages\/10001\/revisions\/12339"}],"wp:attachment":[{"href":"https:\/\/apartments-jahorina.com\/en\/wp-json\/wp\/v2\/media?parent=10001"}],"curies":[{"name":"wp","href":"https:\/\/api.w.org\/{rel}","templated":true}]}}