{"id":10003,"date":"2025-11-30T18:49:14","date_gmt":"2025-11-30T18:49:14","guid":{"rendered":"http:\/\/apartments-jahorina.com\/gdje-na-jahorinu\/"},"modified":"2025-12-04T20:24:32","modified_gmt":"2025-12-04T20:24:32","slug":"hol-jahorinan","status":"publish","type":"page","link":"https:\/\/apartments-jahorina.com\/hu\/hol-jahorinan\/","title":{"rendered":"Hol Jahorin\u00e1n?"},"content":{"rendered":"\t\t<div data-elementor-type=\"wp-page\" data-elementor-id=\"10003\" class=\"elementor elementor-10003 elementor-9905\">\n\t\t\t\t<div class=\"elementor-element elementor-element-a2da263 e-con-full e-flex e-con e-parent\" data-id=\"a2da263\" data-element_type=\"container\">\n\t\t\t\t<div class=\"elementor-element elementor-element-1d9f2cdd elementor-widget elementor-widget-html\" data-id=\"1d9f2cdd\" data-element_type=\"widget\" data-widget_type=\"html.default\">\n\t\t\t\t\t<div class=\"breadcrumb-wrap\">\t\t<div data-elementor-type=\"wp-post\" data-elementor-id=\"3360\" class=\"elementor elementor-3360\">\n\t\t\t\t<div class=\"elementor-element elementor-element-ca5cff3 e-flex e-con-boxed e-con e-parent e-lazyloaded\" data-id=\"ca5cff3\" data-element_type=\"container\" data-settings=\"{&quot;background_background&quot;:&quot;classic&quot;}\">\n\t\t\t\t\t<div class=\"e-con-inner\">\n\t\t\t\t<div class=\"elementor-element elementor-element-bb28bfc hidden-antra-title-single-yes elementor-widget elementor-widget-woocommerce-breadcrumb\" data-id=\"bb28bfc\" data-element_type=\"widget\" data-widget_type=\"woocommerce-breadcrumb.default\">\n\t\t\t\t<div class=\"elementor-widget-container\">\n\t\t\t\t\t<div class=\"antra-woocommerce-title\">Hol Jahorin\u00e1n?<\/div><nav class=\"woocommerce-breadcrumb\"><a href=\"http:\/\/apartments-jahorina.com\/\">Home<\/a><i class=\"antra-icon-breadcrumb\"><\/i><span class=\"current-page\">Hol Jahorin\u00e1n?<\/span><\/nav>\t\t\t\t<\/div>\n\t\t\t\t<\/div>\n\t\t\t\t\t<\/div>\n\t\t\t\t<\/div>\n\t\t\t\t<\/div>\n\t\t<\/div>\t\t\t\t<\/div>\n\t\t\t\t<\/div>\n\t\t<div class=\"elementor-element elementor-element-12b6bd6 e-flex e-con-boxed e-con e-parent\" data-id=\"12b6bd6\" data-element_type=\"container\">\n\t\t\t\t\t<div class=\"e-con-inner\">\n\t\t<div class=\"elementor-element elementor-element-7b8b529 e-con-full e-flex e-con e-child\" data-id=\"7b8b529\" data-element_type=\"container\">\n\t\t<div class=\"elementor-element elementor-element-52f5450 e-con-full e-flex e-con e-child\" data-id=\"52f5450\" data-element_type=\"container\">\n\t\t\t\t<div class=\"elementor-element elementor-element-ef7ac5e elementor-absolute elementor-hidden-mobile elementor-view-default elementor-invisible elementor-widget elementor-widget-icon\" data-id=\"ef7ac5e\" data-element_type=\"widget\" data-settings=\"{&quot;_position&quot;:&quot;absolute&quot;,&quot;motion_fx_motion_fx_scrolling&quot;:&quot;yes&quot;,&quot;motion_fx_translateX_effect&quot;:&quot;yes&quot;,&quot;motion_fx_translateX_speed&quot;:{&quot;unit&quot;:&quot;px&quot;,&quot;size&quot;:1.5,&quot;sizes&quot;:[]},&quot;_animation&quot;:&quot;opal-move-right&quot;,&quot;motion_fx_translateX_affectedRange&quot;:{&quot;unit&quot;:&quot;%&quot;,&quot;size&quot;:&quot;&quot;,&quot;sizes&quot;:{&quot;start&quot;:0,&quot;end&quot;:100}},&quot;motion_fx_devices&quot;:[&quot;desktop&quot;,&quot;laptop&quot;,&quot;tablet_extra&quot;,&quot;tablet&quot;,&quot;mobile_extra&quot;,&quot;mobile&quot;]}\" data-widget_type=\"icon.default\">\n\t\t\t\t\t\t\t<div class=\"elementor-icon-wrapper\">\n\t\t\t<div class=\"elementor-icon\">\n\t\t\t\t\t\t<\/div>\n\t\t<\/div>\n\t\t\t\t\t\t<\/div>\n\t\t\t\t<div class=\"elementor-element elementor-element-7a3b481 elementor-widget__width-auto elementor-absolute elementor-hidden-mobile elementor-view-default elementor-invisible elementor-widget elementor-widget-icon\" data-id=\"7a3b481\" data-element_type=\"widget\" data-settings=\"{&quot;_position&quot;:&quot;absolute&quot;,&quot;motion_fx_motion_fx_scrolling&quot;:&quot;yes&quot;,&quot;motion_fx_translateY_effect&quot;:&quot;yes&quot;,&quot;motion_fx_translateY_direction&quot;:&quot;negative&quot;,&quot;motion_fx_translateY_speed&quot;:{&quot;unit&quot;:&quot;px&quot;,&quot;size&quot;:1.2,&quot;sizes&quot;:[]},&quot;_animation&quot;:&quot;opal-move-down&quot;,&quot;motion_fx_translateY_affectedRange&quot;:{&quot;unit&quot;:&quot;%&quot;,&quot;size&quot;:&quot;&quot;,&quot;sizes&quot;:{&quot;start&quot;:0,&quot;end&quot;:100}},&quot;motion_fx_devices&quot;:[&quot;desktop&quot;,&quot;laptop&quot;,&quot;tablet_extra&quot;,&quot;tablet&quot;,&quot;mobile_extra&quot;,&quot;mobile&quot;]}\" data-widget_type=\"icon.default\">\n\t\t\t\t\t\t\t<div class=\"elementor-icon-wrapper\">\n\t\t\t<div class=\"elementor-icon\">\n\t\t\t\t\t\t<\/div>\n\t\t<\/div>\n\t\t\t\t\t\t<\/div>\n\t\t\t\t<\/div>\n\t\t<div class=\"elementor-element elementor-element-4e0b3cc e-con-full e-flex e-con e-child\" data-id=\"4e0b3cc\" data-element_type=\"container\">\n\t\t\t\t<div class=\"elementor-element elementor-element-6bc46d3 elementor-widget__width-initial elementor-invisible elementor-widget elementor-widget-heading\" data-id=\"6bc46d3\" data-element_type=\"widget\" data-settings=\"{&quot;_animation&quot;:&quot;opal-move-left&quot;}\" data-widget_type=\"heading.default\">\n\t\t\t\t\t<h2 data-cursor=\"-opaque\" class=\"elementor-heading-title elementor-size-default\">Hov\u00e1 menj\u00fcnk Jahorin\u00e1n?\u2013  <span class=\"c-primary\">Legfontosabb l\u00e1tnival\u00f3k \u00e9s tev\u00e9kenys\u00e9gek<\/span><\/h2>\t\t\t\t<\/div>\n\t\t\t\t<div class=\"elementor-element elementor-element-4aa09f6 elementor-widget__width-initial elementor-invisible elementor-widget elementor-widget-text-editor\" data-id=\"4aa09f6\" data-element_type=\"widget\" data-settings=\"{&quot;_animation&quot;:&quot;opal-move-left&quot;}\" data-widget_type=\"text-editor.default\">\n\t\t\t\t\t\t\t\t\t<h3><span dir=\"auto\">1.\u00a0\u00a0<\/span><strong><span dir=\"auto\">Jahorina S\u00edk\u00f6zpont<\/span><\/strong><\/h3><p><span dir=\"auto\">Jahorina a Balk\u00e1n egyik legh\u00edresebb s\u00edk\u00f6zpontja, minden szint\u0171 s\u00edel\u0151 sz\u00e1m\u00e1ra k\u00edn\u00e1l p\u00e1ly\u00e1kat. A s\u00edk\u00f6zpont t\u00f6bb mint\u00a0\u00a0<\/span><strong><span dir=\"auto\">20 km karbantartott p\u00e1ly\u00e1val<\/span><\/strong><span dir=\"auto\">\u00a0rendelkezik , amelyek modern felvon\u00f3kkal \u00e9s liftekkel vannak felszerelve. A s\u00edel\u00e9s mellett esti s\u00edel\u00e9sre is lehet\u0151s\u00e9g van, ami k\u00fcl\u00f6nleges \u00e9lm\u00e9nyt ny\u00fajt a t\u00e9li sportok rajong\u00f3inak.<\/span><\/p><h3><span dir=\"auto\">2.\u00a0\u00a0<\/span><strong><span dir=\"auto\">Hegym\u00e1sz\u00f3- \u00e9s ker\u00e9kp\u00e1rutak<\/span><\/strong><\/h3><p><span dir=\"auto\">Ny\u00e1ron Jahorina a t\u00far\u00e1z\u00e1s \u00e9s a ker\u00e9kp\u00e1roz\u00e1s szerelmeseinek paradicsom\u00e1v\u00e1 v\u00e1lik. Hegyi \u00f6sv\u00e9nyek fest\u0151i t\u00e1jakon vezetnek kereszt\u00fcl, csod\u00e1latos kil\u00e1t\u00e1ssal a k\u00f6rnyez\u0151 hegyekre \u00e9s v\u00f6lgyekre. N\u00e9pszer\u0171 \u00fatvonalak k\u00f6z\u00e9 tartozik\u00a0\u00a0<\/span><strong><span dir=\"auto\">a Poljice \u00f6sv\u00e9ny<\/span><\/strong><span dir=\"auto\">\u00a0\u00a0\u00e9s\u00a0\u00a0<\/span><strong><span dir=\"auto\">az Ogorjelica \u00f6sv\u00e9ny<\/span><\/strong><span dir=\"auto\">\u00a0, amelyek lehet\u0151s\u00e9get k\u00edn\u00e1lnak a szabadid\u0151s t\u00far\u00e1z\u00e1sra vagy a kih\u00edv\u00e1st jelent\u0151 ker\u00e9kp\u00e1rt\u00far\u00e1kra.<\/span><\/p><h3><span dir=\"auto\">3.\u00a0\u00a0<\/span><strong><span dir=\"auto\">Ogorjelica Kalandpark<\/span><\/strong><\/h3><p><span dir=\"auto\">Ez a kalandpark olyan tev\u00e9kenys\u00e9geket k\u00edn\u00e1l, mint\u00a0\u00a0<\/span><strong><span dir=\"auto\">a zipline-oz\u00e1s<\/span><\/strong><span dir=\"auto\">\u00a0,\u00a0\u00a0<\/span><strong><span dir=\"auto\">a sziklam\u00e1sz\u00e1s<\/span><\/strong><span dir=\"auto\">\u00a0\u00a0\u00e9s egy\u00e9b adrenalin-kih\u00edv\u00e1sok. Alkalmas gyermekes csal\u00e1dok, bar\u00e1ti t\u00e1rsas\u00e1gok vagy b\u00e1rki sz\u00e1m\u00e1ra, aki egy kis izgalomra v\u00e1gyik a term\u00e9szet k\u00f6zep\u00e9n.<\/span><\/p><h3><span dir=\"auto\">4.\u00a0\u00a0<\/span><strong><span dir=\"auto\">\u201eLjubogo\u0161ta\u201d etnofalu<\/span><\/strong><\/h3><p><span dir=\"auto\">Jahorina k\u00f6zel\u00e9ben tal\u00e1lhat\u00f3\u00a0\u00a0<\/span><strong><span dir=\"auto\">a &#8222;Ljubogo\u0161ta&#8221; etnofalu<\/span><\/strong><span dir=\"auto\">\u00a0, egy autentikus boszniai falu, amely a hagyom\u00e1nyos \u00e9p\u00edt\u00e9szetet, k\u00e9zm\u0171vess\u00e9get \u00e9s \u00e9letm\u00f3dot mutatja be. Ez a hely betekint\u00e9st ny\u00fajt a r\u00e9gi\u00f3 kultur\u00e1lis \u00f6r\u00f6ks\u00e9g\u00e9be, \u00e9s lehet\u0151s\u00e9get k\u00edn\u00e1l helyi specialit\u00e1sok \u00e9lvezet\u00e9re egy helyi \u00e9teleket k\u00edn\u00e1l\u00f3 \u00e9tteremben.<\/span><\/p><h3><span dir=\"auto\">5.\u00a0\u00a0<\/span><strong><span dir=\"auto\">Wellness \u00e9s gy\u00f3gyf\u00fcrd\u0151k<\/span><\/strong><\/h3><p><span dir=\"auto\">A pihen\u00e9sre \u00e9s kikapcsol\u00f3d\u00e1sra v\u00e1gy\u00f3k sz\u00e1m\u00e1ra Jahorina sz\u00e1mos wellness- \u00e9s gy\u00f3gyf\u00fcrd\u0151t k\u00edn\u00e1l. Sz\u00e1mos sz\u00e1lloda \u00e9s\u00a0\u00a0<\/span><a href=\"https:\/\/translate.google.com\/website?sl=hr&amp;tl=hu&amp;hl=en&amp;client=webapp&amp;u=https:\/\/apartments-jahorina.com\/apartmani-jahorina\/\" target=\"_blank\" rel=\"noopener\"><span dir=\"auto\">apartmankomplexum<\/span><\/a><span dir=\"auto\">\u00a0\u00a0k\u00edn\u00e1l olyan szolg\u00e1ltat\u00e1sokat, mint a szauna, massz\u00e1zs, forr\u00f3 medenc\u00e9k \u00e9s g\u0151zf\u00fcrd\u0151k, amelyek t\u00f6k\u00e9letesek a kikapcsol\u00f3d\u00e1sra egy lejt\u0151k\u00f6n vagy a term\u00e9szetben t\u00f6lt\u00f6tt nap ut\u00e1n.<\/span><\/p><h3><span dir=\"auto\">6.\u00a0\u00a0<\/span><strong><span dir=\"auto\">Szarajev\u00f3 \u2013 egynapos kir\u00e1ndul\u00e1s<\/span><\/strong><\/h3><p><span dir=\"auto\">Jahorina mind\u00f6ssze\u00a0\u00a0<\/span><strong><span dir=\"auto\">30 km-re fekszik Szarajev\u00f3t\u00f3l<\/span><\/strong><span dir=\"auto\">\u00a0, Bosznia-Hercegovina f\u0151v\u00e1ros\u00e1t\u00f3l, \u00edgy ide\u00e1lis kiindul\u00f3pont egynapos kir\u00e1ndul\u00e1sokhoz. Szarajev\u00f3 gazdag kultur\u00e1lis \u00f6r\u00f6ks\u00e9ggel rendelkezik, bele\u00e9rtve a Ba\u0161\u010dar\u0161ij\u00e1t, t\u00f6rt\u00e9nelmi m\u00fazeumokat \u00e9s sz\u00e1mos \u00e9ttermet hagyom\u00e1nyos bosny\u00e1k specialit\u00e1sokkal.<\/span><\/p><hr \/><h3><span dir=\"auto\">K\u00f6vetkeztet\u00e9s<\/span><\/h3><p><strong><span dir=\"auto\">Ak\u00e1r t\u00e9li sportokat<\/span><\/strong><span dir=\"auto\">\u00a0,\u00a0\u00a0<\/span><strong><span dir=\"auto\">t\u00far\u00e1z\u00e1st \u00e9s ker\u00e9kp\u00e1roz\u00e1st<\/span><\/strong><span dir=\"auto\">\u00a0,\u00a0\u00a0<\/span><strong><span dir=\"auto\">kultur\u00e1lis l\u00e1tnival\u00f3kat<\/span><\/strong><span dir=\"auto\">\u00a0\u00a0vagy\u00a0\u00a0<\/span><strong><span dir=\"auto\">wellness kikapcsol\u00f3d\u00e1st<\/span><\/strong><span dir=\"auto\">\u00a0keres\u00a0\u00a0, Jahorina mindenki sz\u00e1m\u00e1ra k\u00edn\u00e1l valamit. A sz\u00e1mos tev\u00e9kenys\u00e9gi lehet\u0151s\u00e9gnek \u00e9s a Szarajev\u00f3b\u00f3l val\u00f3 k\u00f6nny\u0171 megk\u00f6zel\u00edthet\u0151s\u00e9gnek k\u00f6sz\u00f6nhet\u0151en Jahorina egy olyan \u00fati c\u00e9l, amelyet az \u00e9v b\u00e1rmely szak\u00e1ban fel lehet l\u00e1togatni, \u00e9s felejthetetlen \u00e9lm\u00e9nyeket k\u00edn\u00e1l minden l\u00e1togat\u00f3 sz\u00e1m\u00e1ra.<\/span><\/p>\t\t\t\t\t\t\t\t<\/div>\n\t\t\t\t<\/div>\n\t\t\t\t<\/div>\n\t\t\t\t\t<\/div>\n\t\t\t\t<\/div>\n\t\t\t\t<\/div>\n\t\t","protected":false},"excerpt":{"rendered":"<p>Hol Jahorin\u00e1n? HomeHol Jahorin\u00e1n? Hov\u00e1 menj\u00fcnk Jahorin\u00e1n?\u2013 Legfontosabb l\u00e1tnival\u00f3k \u00e9s tev\u00e9kenys\u00e9gek 1.\u00a0\u00a0Jahorina S\u00edk\u00f6zpont Jahorina a Balk\u00e1n egyik legh\u00edresebb s\u00edk\u00f6zpontja, minden szint\u0171 s\u00edel\u0151 sz\u00e1m\u00e1ra k\u00edn\u00e1l p\u00e1ly\u00e1kat. A s\u00edk\u00f6zpont t\u00f6bb mint\u00a0\u00a020 km karbantartott p\u00e1ly\u00e1val\u00a0rendelkezik , amelyek modern felvon\u00f3kkal \u00e9s liftekkel vannak felszerelve. A s\u00edel\u00e9s mellett esti s\u00edel\u00e9sre is lehet\u0151s\u00e9g van, ami k\u00fcl\u00f6nleges \u00e9lm\u00e9nyt ny\u00fajt a t\u00e9li sportok [&hellip;]<\/p>\n","protected":false},"author":1,"featured_media":0,"parent":0,"menu_order":0,"comment_status":"closed","ping_status":"closed","template":"","meta":{"footnotes":""},"class_list":["post-10003","page","type-page","status-publish","hentry"],"yoast_head":"<!-- This site is optimized with the Yoast SEO plugin v26.4 - https:\/\/yoast.com\/wordpress\/plugins\/seo\/ -->\n<title>Hol Jahorin\u00e1n? - BESTBLICK Apartments Jahorina<\/title>\n<meta name=\"robots\" content=\"index, follow, max-snippet:-1, max-image-preview:large, max-video-preview:-1\" \/>\n<link rel=\"canonical\" href=\"https:\/\/apartments-jahorina.com\/hu\/hol-jahorinan\/\" \/>\n<meta property=\"og:locale\" content=\"hu_HU\" \/>\n<meta property=\"og:type\" content=\"article\" \/>\n<meta property=\"og:title\" content=\"Hol Jahorin\u00e1n? - BESTBLICK Apartments Jahorina\" \/>\n<meta property=\"og:description\" content=\"Hol Jahorin\u00e1n? HomeHol Jahorin\u00e1n? Hov\u00e1 menj\u00fcnk Jahorin\u00e1n?\u2013 Legfontosabb l\u00e1tnival\u00f3k \u00e9s tev\u00e9kenys\u00e9gek 1.\u00a0\u00a0Jahorina S\u00edk\u00f6zpont Jahorina a Balk\u00e1n egyik legh\u00edresebb s\u00edk\u00f6zpontja, minden szint\u0171 s\u00edel\u0151 sz\u00e1m\u00e1ra k\u00edn\u00e1l p\u00e1ly\u00e1kat. A s\u00edk\u00f6zpont t\u00f6bb mint\u00a0\u00a020 km karbantartott p\u00e1ly\u00e1val\u00a0rendelkezik , amelyek modern felvon\u00f3kkal \u00e9s liftekkel vannak felszerelve. A s\u00edel\u00e9s mellett esti s\u00edel\u00e9sre is lehet\u0151s\u00e9g van, ami k\u00fcl\u00f6nleges \u00e9lm\u00e9nyt ny\u00fajt a t\u00e9li sportok [&hellip;]\" \/>\n<meta property=\"og:url\" content=\"https:\/\/apartments-jahorina.com\/hu\/hol-jahorinan\/\" \/>\n<meta property=\"og:site_name\" content=\"BESTBLICK Apartments Jahorina\" \/>\n<meta property=\"article:modified_time\" content=\"2025-12-04T20:24:32+00:00\" \/>\n<meta name=\"twitter:card\" content=\"summary_large_image\" \/>\n<meta name=\"twitter:label1\" content=\"Becs\u00fclt olvas\u00e1si id\u0151\" \/>\n\t<meta name=\"twitter:data1\" content=\"3 perc\" \/>\n<script type=\"application\/ld+json\" class=\"yoast-schema-graph\">{\"@context\":\"https:\/\/schema.org\",\"@graph\":[{\"@type\":\"WebPage\",\"@id\":\"https:\/\/apartments-jahorina.com\/hu\/hol-jahorinan\/\",\"url\":\"https:\/\/apartments-jahorina.com\/hu\/hol-jahorinan\/\",\"name\":\"Hol Jahorin\u00e1n? - BESTBLICK Apartments Jahorina\",\"isPartOf\":{\"@id\":\"https:\/\/apartments-jahorina.com\/#website\"},\"datePublished\":\"2025-11-30T18:49:14+00:00\",\"dateModified\":\"2025-12-04T20:24:32+00:00\",\"breadcrumb\":{\"@id\":\"https:\/\/apartments-jahorina.com\/hu\/hol-jahorinan\/#breadcrumb\"},\"inLanguage\":\"hu\",\"potentialAction\":[{\"@type\":\"ReadAction\",\"target\":[\"https:\/\/apartments-jahorina.com\/hu\/hol-jahorinan\/\"]}]},{\"@type\":\"BreadcrumbList\",\"@id\":\"https:\/\/apartments-jahorina.com\/hu\/hol-jahorinan\/#breadcrumb\",\"itemListElement\":[{\"@type\":\"ListItem\",\"position\":1,\"name\":\"Home\",\"item\":\"https:\/\/apartments-jahorina.com\/hu\/\"},{\"@type\":\"ListItem\",\"position\":2,\"name\":\"Hol Jahorin\u00e1n?\"}]},{\"@type\":\"WebSite\",\"@id\":\"https:\/\/apartments-jahorina.com\/#website\",\"url\":\"https:\/\/apartments-jahorina.com\/\",\"name\":\"BESTBLICK Apartments Jahorina\",\"description\":\"Moderni apartmani s pogledom na ski-stazu\",\"potentialAction\":[{\"@type\":\"SearchAction\",\"target\":{\"@type\":\"EntryPoint\",\"urlTemplate\":\"https:\/\/apartments-jahorina.com\/?s={search_term_string}\"},\"query-input\":{\"@type\":\"PropertyValueSpecification\",\"valueRequired\":true,\"valueName\":\"search_term_string\"}}],\"inLanguage\":\"hu\"}]}<\/script>\n<!-- \/ Yoast SEO plugin. -->","yoast_head_json":{"title":"Hol Jahorin\u00e1n? - BESTBLICK Apartments Jahorina","robots":{"index":"index","follow":"follow","max-snippet":"max-snippet:-1","max-image-preview":"max-image-preview:large","max-video-preview":"max-video-preview:-1"},"canonical":"https:\/\/apartments-jahorina.com\/hu\/hol-jahorinan\/","og_locale":"hu_HU","og_type":"article","og_title":"Hol Jahorin\u00e1n? - BESTBLICK Apartments Jahorina","og_description":"Hol Jahorin\u00e1n? HomeHol Jahorin\u00e1n? Hov\u00e1 menj\u00fcnk Jahorin\u00e1n?\u2013 Legfontosabb l\u00e1tnival\u00f3k \u00e9s tev\u00e9kenys\u00e9gek 1.\u00a0\u00a0Jahorina S\u00edk\u00f6zpont Jahorina a Balk\u00e1n egyik legh\u00edresebb s\u00edk\u00f6zpontja, minden szint\u0171 s\u00edel\u0151 sz\u00e1m\u00e1ra k\u00edn\u00e1l p\u00e1ly\u00e1kat. A s\u00edk\u00f6zpont t\u00f6bb mint\u00a0\u00a020 km karbantartott p\u00e1ly\u00e1val\u00a0rendelkezik , amelyek modern felvon\u00f3kkal \u00e9s liftekkel vannak felszerelve. A s\u00edel\u00e9s mellett esti s\u00edel\u00e9sre is lehet\u0151s\u00e9g van, ami k\u00fcl\u00f6nleges \u00e9lm\u00e9nyt ny\u00fajt a t\u00e9li sportok [&hellip;]","og_url":"https:\/\/apartments-jahorina.com\/hu\/hol-jahorinan\/","og_site_name":"BESTBLICK Apartments Jahorina","article_modified_time":"2025-12-04T20:24:32+00:00","twitter_card":"summary_large_image","twitter_misc":{"Becs\u00fclt olvas\u00e1si id\u0151":"3 perc"},"schema":{"@context":"https:\/\/schema.org","@graph":[{"@type":"WebPage","@id":"https:\/\/apartments-jahorina.com\/hu\/hol-jahorinan\/","url":"https:\/\/apartments-jahorina.com\/hu\/hol-jahorinan\/","name":"Hol Jahorin\u00e1n? - BESTBLICK Apartments Jahorina","isPartOf":{"@id":"https:\/\/apartments-jahorina.com\/#website"},"datePublished":"2025-11-30T18:49:14+00:00","dateModified":"2025-12-04T20:24:32+00:00","breadcrumb":{"@id":"https:\/\/apartments-jahorina.com\/hu\/hol-jahorinan\/#breadcrumb"},"inLanguage":"hu","potentialAction":[{"@type":"ReadAction","target":["https:\/\/apartments-jahorina.com\/hu\/hol-jahorinan\/"]}]},{"@type":"BreadcrumbList","@id":"https:\/\/apartments-jahorina.com\/hu\/hol-jahorinan\/#breadcrumb","itemListElement":[{"@type":"ListItem","position":1,"name":"Home","item":"https:\/\/apartments-jahorina.com\/hu\/"},{"@type":"ListItem","position":2,"name":"Hol Jahorin\u00e1n?"}]},{"@type":"WebSite","@id":"https:\/\/apartments-jahorina.com\/#website","url":"https:\/\/apartments-jahorina.com\/","name":"BESTBLICK Apartments Jahorina","description":"Moderni apartmani s pogledom na ski-stazu","potentialAction":[{"@type":"SearchAction","target":{"@type":"EntryPoint","urlTemplate":"https:\/\/apartments-jahorina.com\/?s={search_term_string}"},"query-input":{"@type":"PropertyValueSpecification","valueRequired":true,"valueName":"search_term_string"}}],"inLanguage":"hu"}]}},"_links":{"self":[{"href":"https:\/\/apartments-jahorina.com\/hu\/wp-json\/wp\/v2\/pages\/10003","targetHints":{"allow":["GET"]}}],"collection":[{"href":"https:\/\/apartments-jahorina.com\/hu\/wp-json\/wp\/v2\/pages"}],"about":[{"href":"https:\/\/apartments-jahorina.com\/hu\/wp-json\/wp\/v2\/types\/page"}],"author":[{"embeddable":true,"href":"https:\/\/apartments-jahorina.com\/hu\/wp-json\/wp\/v2\/users\/1"}],"replies":[{"embeddable":true,"href":"https:\/\/apartments-jahorina.com\/hu\/wp-json\/wp\/v2\/comments?post=10003"}],"version-history":[{"count":7,"href":"https:\/\/apartments-jahorina.com\/hu\/wp-json\/wp\/v2\/pages\/10003\/revisions"}],"predecessor-version":[{"id":11856,"href":"https:\/\/apartments-jahorina.com\/hu\/wp-json\/wp\/v2\/pages\/10003\/revisions\/11856"}],"wp:attachment":[{"href":"https:\/\/apartments-jahorina.com\/hu\/wp-json\/wp\/v2\/media?parent=10003"}],"curies":[{"name":"wp","href":"https:\/\/api.w.org\/{rel}","templated":true}]}}