{"id":10018,"date":"2025-11-30T18:38:32","date_gmt":"2025-11-30T18:38:32","guid":{"rendered":"http:\/\/apartments-jahorina.com\/nocno-skijanje-na-jahorini\/"},"modified":"2025-12-16T00:47:53","modified_gmt":"2025-12-16T00:47:53","slug":"ejszakai-sieles-jahorinan","status":"publish","type":"page","link":"https:\/\/apartments-jahorina.com\/hu\/ejszakai-sieles-jahorinan\/","title":{"rendered":"\u00c9jszakai s\u00edel\u00e9s Jahorin\u00e1n"},"content":{"rendered":"\t\t<div data-elementor-type=\"wp-page\" data-elementor-id=\"10018\" class=\"elementor elementor-10018 elementor-9892\">\n\t\t\t\t<div class=\"elementor-element elementor-element-12b6bd6 e-flex e-con-boxed e-con e-parent\" data-id=\"12b6bd6\" data-element_type=\"container\">\n\t\t\t\t\t<div class=\"e-con-inner\">\n\t\t<div class=\"elementor-element elementor-element-7b8b529 e-con-full e-flex e-con e-child\" data-id=\"7b8b529\" data-element_type=\"container\">\n\t\t<div class=\"elementor-element elementor-element-52f5450 e-con-full e-flex e-con e-child\" data-id=\"52f5450\" data-element_type=\"container\">\n\t\t\t\t<div class=\"elementor-element elementor-element-ef7ac5e elementor-absolute elementor-hidden-mobile elementor-view-default elementor-invisible elementor-widget elementor-widget-icon\" data-id=\"ef7ac5e\" data-element_type=\"widget\" data-settings=\"{&quot;_position&quot;:&quot;absolute&quot;,&quot;motion_fx_motion_fx_scrolling&quot;:&quot;yes&quot;,&quot;motion_fx_translateX_effect&quot;:&quot;yes&quot;,&quot;motion_fx_translateX_speed&quot;:{&quot;unit&quot;:&quot;px&quot;,&quot;size&quot;:1.5,&quot;sizes&quot;:[]},&quot;_animation&quot;:&quot;opal-move-right&quot;,&quot;motion_fx_translateX_affectedRange&quot;:{&quot;unit&quot;:&quot;%&quot;,&quot;size&quot;:&quot;&quot;,&quot;sizes&quot;:{&quot;start&quot;:0,&quot;end&quot;:100}},&quot;motion_fx_devices&quot;:[&quot;desktop&quot;,&quot;laptop&quot;,&quot;tablet_extra&quot;,&quot;tablet&quot;,&quot;mobile_extra&quot;,&quot;mobile&quot;]}\" data-widget_type=\"icon.default\">\n\t\t\t\t\t\t\t<div class=\"elementor-icon-wrapper\">\n\t\t\t<div class=\"elementor-icon\">\n\t\t\t\t\t\t<\/div>\n\t\t<\/div>\n\t\t\t\t\t\t<\/div>\n\t\t\t\t<div class=\"elementor-element elementor-element-7a3b481 elementor-widget__width-auto elementor-absolute elementor-hidden-mobile elementor-view-default elementor-invisible elementor-widget elementor-widget-icon\" data-id=\"7a3b481\" data-element_type=\"widget\" data-settings=\"{&quot;_position&quot;:&quot;absolute&quot;,&quot;motion_fx_motion_fx_scrolling&quot;:&quot;yes&quot;,&quot;motion_fx_translateY_effect&quot;:&quot;yes&quot;,&quot;motion_fx_translateY_direction&quot;:&quot;negative&quot;,&quot;motion_fx_translateY_speed&quot;:{&quot;unit&quot;:&quot;px&quot;,&quot;size&quot;:1.2,&quot;sizes&quot;:[]},&quot;_animation&quot;:&quot;opal-move-down&quot;,&quot;motion_fx_translateY_affectedRange&quot;:{&quot;unit&quot;:&quot;%&quot;,&quot;size&quot;:&quot;&quot;,&quot;sizes&quot;:{&quot;start&quot;:0,&quot;end&quot;:100}},&quot;motion_fx_devices&quot;:[&quot;desktop&quot;,&quot;laptop&quot;,&quot;tablet_extra&quot;,&quot;tablet&quot;,&quot;mobile_extra&quot;,&quot;mobile&quot;]}\" data-widget_type=\"icon.default\">\n\t\t\t\t\t\t\t<div class=\"elementor-icon-wrapper\">\n\t\t\t<div class=\"elementor-icon\">\n\t\t\t\t\t\t<\/div>\n\t\t<\/div>\n\t\t\t\t\t\t<\/div>\n\t\t\t\t<\/div>\n\t\t<div class=\"elementor-element elementor-element-4e0b3cc e-con-full e-flex e-con e-child\" data-id=\"4e0b3cc\" data-element_type=\"container\">\n\t\t\t\t<div class=\"elementor-element elementor-element-6bc46d3 elementor-widget__width-initial elementor-invisible elementor-widget elementor-widget-heading\" data-id=\"6bc46d3\" data-element_type=\"widget\" data-settings=\"{&quot;_animation&quot;:&quot;opal-move-left&quot;}\" data-widget_type=\"heading.default\">\n\t\t\t\t\t<h2 data-cursor=\"-opaque\" class=\"elementor-heading-title elementor-size-default\">\u00c9jszakai s\u00edel\u00e9s Jahorin\u00e1n  \u2013  <span class=\"c-primary\">Felejthetetlen \u00e9lm\u00e9ny s\u00edelni a csillagok alatt<\/span><\/h2>\t\t\t\t<\/div>\n\t\t\t\t<div class=\"elementor-element elementor-element-4aa09f6 elementor-widget__width-initial elementor-invisible elementor-widget elementor-widget-text-editor\" data-id=\"4aa09f6\" data-element_type=\"widget\" data-settings=\"{&quot;_animation&quot;:&quot;opal-move-left&quot;}\" data-widget_type=\"text-editor.default\">\n\t\t\t\t\t\t\t\t\t<p><span dir=\"auto\">Jahorina, a Balk\u00e1n egyik vezet\u0151 s\u00edterep\u00e9nek sz\u00e1m\u00edt, vonz\u00f3\u00a0\u00a0<\/span><strong><span dir=\"auto\">\u00e9jszakai s\u00edel\u00e9st<\/span><\/strong><span dir=\"auto\">\u00a0is k\u00edn\u00e1l , amely ide\u00e1lis a t\u00e9li sportok szerelmeseinek, akik a legt\u00f6bbet szeretn\u00e9k kihozni a hegyen t\u00f6lt\u00f6tt id\u0151b\u0151l. 11,8 kilom\u00e9ternyi kivil\u00e1g\u00edtott p\u00e1ly\u00e1val ez az \u00e9lm\u00e9ny az adrenalin \u00e9s a var\u00e1zslatos t\u00e9li hangulat egyed\u00fcl\u00e1ll\u00f3 kombin\u00e1ci\u00f3j\u00e1t k\u00edn\u00e1lja.<\/span><\/p>\t\t\t\t\t\t\t\t<\/div>\n\t\t\t\t<\/div>\n\t\t\t\t<\/div>\n\t\t<div class=\"elementor-element elementor-element-300ae1a e-con-full e-flex e-con e-child\" data-id=\"300ae1a\" data-element_type=\"container\">\n\t\t<div class=\"elementor-element elementor-element-70f5e3f e-con-full e-flex e-con e-child\" data-id=\"70f5e3f\" data-element_type=\"container\">\n\t\t\t\t<div class=\"elementor-element elementor-element-67151ae elementor-invisible elementor-widget elementor-widget-n-accordion\" data-id=\"67151ae\" data-element_type=\"widget\" data-settings=\"{&quot;_animation&quot;:&quot;opal-move-right&quot;,&quot;default_state&quot;:&quot;all_collapsed&quot;,&quot;max_items_expended&quot;:&quot;one&quot;,&quot;n_accordion_animation_duration&quot;:{&quot;unit&quot;:&quot;ms&quot;,&quot;size&quot;:400,&quot;sizes&quot;:[]}}\" data-widget_type=\"nested-accordion.default\">\n\t\t\t\t\t\t\t<div class=\"e-n-accordion\" aria-label=\"Accordion. Open links with Enter or Space, close with Escape, and navigate with Arrow Keys\">\n\t\t\t\t\t\t<details id=\"e-n-accordion-item-1080\" class=\"e-n-accordion-item\" >\n\t\t\t\t<summary class=\"e-n-accordion-item-title\" data-accordion-index=\"1\" tabindex=\"0\" aria-expanded=\"false\" aria-controls=\"e-n-accordion-item-1080\" >\n\t\t\t\t\t<span class='e-n-accordion-item-title-header'><div class=\"e-n-accordion-item-title-text\"> Helysz\u00ednek \u00e9s \u00fctemterv <\/div><\/span>\n\t\t\t\t\t\t\t<span class='e-n-accordion-item-title-icon'>\n\t\t\t<span class='e-opened' ><i aria-hidden=\"true\" class=\"antra-icon- antra-icon-minus\"><\/i><\/span>\n\t\t\t<span class='e-closed'><i aria-hidden=\"true\" class=\"antra-icon- antra-icon-plus\"><\/i><\/span>\n\t\t<\/span>\n\n\t\t\t\t\t\t<\/summary>\n\t\t\t\t<div role=\"region\" aria-labelledby=\"e-n-accordion-item-1080\" class=\"elementor-element elementor-element-efa299f e-con-full e-flex e-con e-child\" data-id=\"efa299f\" data-element_type=\"container\">\n\t\t\t\t<div class=\"elementor-element elementor-element-bf5b1c6 elementor-widget__width-initial elementor-widget elementor-widget-text-editor\" data-id=\"bf5b1c6\" data-element_type=\"widget\" data-widget_type=\"text-editor.default\">\n\t\t\t\t\t\t\t\t\t<p>Najpopularnija staza za no\u0107no skijanje je\u00a0<strong>Poljice<\/strong>, koja je opremljena modernim reflektorima i savr\u0161enim uvjetima za sigurnu vo\u017enju. Gondola i ski lift Poljice rade od\u00a0<strong>18:00 do 21:00 sati<\/strong>, \u0161to omogu\u0107ava tri sata neprekidnog u\u017eivanja u skijanju ili boardanju. Sistem osvjetljenja garantira jasno\u0107u i sigurnost, \u010dak i za manje iskusne skija\u0161e.<\/p>\t\t\t\t\t\t\t\t<\/div>\n\t\t\t\t<\/div>\n\t\t\t\t\t<\/details>\n\t\t\t\t\t\t<details id=\"e-n-accordion-item-1081\" class=\"e-n-accordion-item\" >\n\t\t\t\t<summary class=\"e-n-accordion-item-title\" data-accordion-index=\"2\" tabindex=\"-1\" aria-expanded=\"false\" aria-controls=\"e-n-accordion-item-1081\" >\n\t\t\t\t\t<span class='e-n-accordion-item-title-header'><div class=\"e-n-accordion-item-title-text\"> S\u00edb\u00e9rletek \u00e1rai \u00e9jszakai s\u00edel\u00e9shez <\/div><\/span>\n\t\t\t\t\t\t\t<span class='e-n-accordion-item-title-icon'>\n\t\t\t<span class='e-opened' ><i aria-hidden=\"true\" class=\"antra-icon- antra-icon-minus\"><\/i><\/span>\n\t\t\t<span class='e-closed'><i aria-hidden=\"true\" class=\"antra-icon- antra-icon-plus\"><\/i><\/span>\n\t\t<\/span>\n\n\t\t\t\t\t\t<\/summary>\n\t\t\t\t<div role=\"region\" aria-labelledby=\"e-n-accordion-item-1081\" class=\"elementor-element elementor-element-f0098d4 e-con-full e-flex e-con e-child\" data-id=\"f0098d4\" data-element_type=\"container\">\n\t\t\t\t<div class=\"elementor-element elementor-element-6580925 elementor-widget__width-initial elementor-widget elementor-widget-text-editor\" data-id=\"6580925\" data-element_type=\"widget\" data-widget_type=\"text-editor.default\">\n\t\t\t\t\t\t\t\t\t<p>No\u0107no skijanje \u010desto je uklju\u010deno u specifi\u010dne ski-pass pakete, dok je za one koji \u017eele koristiti samo ovu opciju mogu\u0107e kupiti\u00a0<strong>pojedina\u010dni ski-pass<\/strong>.\u00a0<a href=\"https:\/\/apartments-jahorina.com\/cijene-skijanja-na-jahorini\/\">Cijene<\/a>\u00a0no\u0107nog skijanja su povoljne, a detaljan cjenik dostupan je na slu\u017ebenoj stranici Olimpijskog centra Jahorina. Preporu\u010duje se unaprijed provjeriti ponude, posebno tokom vrhunca zimske sezone\u200b\u200b.<\/p>\t\t\t\t\t\t\t\t<\/div>\n\t\t\t\t<\/div>\n\t\t\t\t\t<\/details>\n\t\t\t\t\t\t<details id=\"e-n-accordion-item-1082\" class=\"e-n-accordion-item\" >\n\t\t\t\t<summary class=\"e-n-accordion-item-title\" data-accordion-index=\"3\" tabindex=\"-1\" aria-expanded=\"false\" aria-controls=\"e-n-accordion-item-1082\" >\n\t\t\t\t\t<span class='e-n-accordion-item-title-header'><div class=\"e-n-accordion-item-title-text\"> Mi\u00e9rt v\u00e1lassza az \u00e9jszakai s\u00edel\u00e9st? <\/div><\/span>\n\t\t\t\t\t\t\t<span class='e-n-accordion-item-title-icon'>\n\t\t\t<span class='e-opened' ><i aria-hidden=\"true\" class=\"antra-icon- antra-icon-minus\"><\/i><\/span>\n\t\t\t<span class='e-closed'><i aria-hidden=\"true\" class=\"antra-icon- antra-icon-plus\"><\/i><\/span>\n\t\t<\/span>\n\n\t\t\t\t\t\t<\/summary>\n\t\t\t\t<div role=\"region\" aria-labelledby=\"e-n-accordion-item-1082\" class=\"elementor-element elementor-element-5471b18 e-con-full e-flex e-con e-child\" data-id=\"5471b18\" data-element_type=\"container\">\n\t\t\t\t<div class=\"elementor-element elementor-element-9cf7c35 elementor-widget__width-initial elementor-widget elementor-widget-text-editor\" data-id=\"9cf7c35\" data-element_type=\"widget\" data-widget_type=\"text-editor.default\">\n\t\t\t\t\t\t\t\t\t<ul><li><strong>Manja gu\u017eva<\/strong>\u00a0\u2013 No\u0107no skijanje nudi opu\u0161tenije uvjete jer su staze manje prometne.<\/li><li><strong>Jedinstvena atmosfera<\/strong>\u00a0\u2013 Osvijetljene staze i svje\u017ei planinski zrak stvaraju poseban zimski do\u017eivljaj.<\/li><li><strong>Vi\u0161e vremena na stazi<\/strong>\u00a0\u2013 Savr\u0161ena opcija za one koji \u017eele iskoristiti svaki trenutak svog zimskog odmora.<\/li><\/ul>\t\t\t\t\t\t\t\t<\/div>\n\t\t\t\t<\/div>\n\t\t\t\t\t<\/details>\n\t\t\t\t\t\t<details id=\"e-n-accordion-item-1083\" class=\"e-n-accordion-item\" >\n\t\t\t\t<summary class=\"e-n-accordion-item-title\" data-accordion-index=\"4\" tabindex=\"-1\" aria-expanded=\"false\" aria-controls=\"e-n-accordion-item-1083\" >\n\t\t\t\t\t<span class='e-n-accordion-item-title-header'><div class=\"e-n-accordion-item-title-text\"> Tippek l\u00e1togat\u00f3knak <\/div><\/span>\n\t\t\t\t\t\t\t<span class='e-n-accordion-item-title-icon'>\n\t\t\t<span class='e-opened' ><i aria-hidden=\"true\" class=\"antra-icon- antra-icon-minus\"><\/i><\/span>\n\t\t\t<span class='e-closed'><i aria-hidden=\"true\" class=\"antra-icon- antra-icon-plus\"><\/i><\/span>\n\t\t<\/span>\n\n\t\t\t\t\t\t<\/summary>\n\t\t\t\t<div role=\"region\" aria-labelledby=\"e-n-accordion-item-1083\" class=\"elementor-element elementor-element-0f421d8 e-con-full e-flex e-con e-child\" data-id=\"0f421d8\" data-element_type=\"container\">\n\t\t\t\t<div class=\"elementor-element elementor-element-f71324c elementor-widget__width-initial elementor-widget elementor-widget-text-editor\" data-id=\"f71324c\" data-element_type=\"widget\" data-widget_type=\"text-editor.default\">\n\t\t\t\t\t\t\t\t\t<ul><li><strong>Odje\u0107a i oprema<\/strong>: Preporu\u010duje se slojevita odje\u0107a zbog ni\u017eih no\u0107nih temperatura.<\/li><li><strong>Rezervacija unaprijed<\/strong>: Tokom vrhunca sezone, no\u0107no skijanje je popularno, pa je po\u017eeljno osigurati ski-pass unaprijed.<\/li><li><strong>Odmor i topli napici<\/strong>: U blizini staza nalaze se restorani i barovi gdje mo\u017eete u\u017eivati u toplim napicima nakon skijanja.<\/li><\/ul>\t\t\t\t\t\t\t\t<\/div>\n\t\t\t\t<\/div>\n\t\t\t\t\t<\/details>\n\t\t\t\t\t\t<details id=\"e-n-accordion-item-1084\" class=\"e-n-accordion-item\" >\n\t\t\t\t<summary class=\"e-n-accordion-item-title\" data-accordion-index=\"5\" tabindex=\"-1\" aria-expanded=\"false\" aria-controls=\"e-n-accordion-item-1084\" >\n\t\t\t\t\t<span class='e-n-accordion-item-title-header'><div class=\"e-n-accordion-item-title-text\"> K\u00f6vetkeztet\u00e9s <\/div><\/span>\n\t\t\t\t\t\t\t<span class='e-n-accordion-item-title-icon'>\n\t\t\t<span class='e-opened' ><i aria-hidden=\"true\" class=\"antra-icon- antra-icon-minus\"><\/i><\/span>\n\t\t\t<span class='e-closed'><i aria-hidden=\"true\" class=\"antra-icon- antra-icon-plus\"><\/i><\/span>\n\t\t<\/span>\n\n\t\t\t\t\t\t<\/summary>\n\t\t\t\t<div role=\"region\" aria-labelledby=\"e-n-accordion-item-1084\" class=\"elementor-element elementor-element-f6211a5 e-con-full e-flex e-con e-child\" data-id=\"f6211a5\" data-element_type=\"container\">\n\t\t\t\t<div class=\"elementor-element elementor-element-57d17d2 elementor-widget__width-initial elementor-widget elementor-widget-text-editor\" data-id=\"57d17d2\" data-element_type=\"widget\" data-widget_type=\"text-editor.default\">\n\t\t\t\t\t\t\t\t\t<p>No\u0107no skijanje na Jahorini je savr\u0161en na\u010din da produ\u017eite svoj dan na planini i do\u017eivite \u010daroliju skijanja pod zvijezdama. Planirajte unaprijed, ponesite toplu opremu i u\u017eivajte u ovom nezaboravnom iskustvu.<\/p>\t\t\t\t\t\t\t\t<\/div>\n\t\t\t\t<\/div>\n\t\t\t\t\t<\/details>\n\t\t\t\t\t<\/div>\n\t\t\t\t\t\t<\/div>\n\t\t\t\t<\/div>\n\t\t<div class=\"elementor-element elementor-element-7c44126 e-con-full e-flex e-con e-child\" data-id=\"7c44126\" data-element_type=\"container\">\n\t\t\t\t<div class=\"elementor-element elementor-element-5b562f9 elementor-invisible elementor-widget elementor-widget-image\" data-id=\"5b562f9\" data-element_type=\"widget\" data-settings=\"{&quot;_animation&quot;:&quot;opal-move-left&quot;}\" data-widget_type=\"image.default\">\n\t\t\t\t\t<div class=\"antra-wrapper-image-widget\" data-cursor=\"-opaque\">\t\t\t\t\t\t\t\t\t\t<img loading=\"lazy\" decoding=\"async\" width=\"1920\" height=\"1920\" src=\"https:\/\/apartments-jahorina.com\/wp-content\/uploads\/2025\/12\/nocna1-6.jpg\" class=\"attachment-full size-full wp-image-12729\" alt=\"\" srcset=\"https:\/\/apartments-jahorina.com\/wp-content\/uploads\/2025\/12\/nocna1-6.jpg 1920w, https:\/\/apartments-jahorina.com\/wp-content\/uploads\/2025\/12\/nocna1-6-300x300.jpg 300w, https:\/\/apartments-jahorina.com\/wp-content\/uploads\/2025\/12\/nocna1-6-1024x1024.jpg 1024w, https:\/\/apartments-jahorina.com\/wp-content\/uploads\/2025\/12\/nocna1-6-150x150.jpg 150w, https:\/\/apartments-jahorina.com\/wp-content\/uploads\/2025\/12\/nocna1-6-768x768.jpg 768w, https:\/\/apartments-jahorina.com\/wp-content\/uploads\/2025\/12\/nocna1-6-1536x1536.jpg 1536w, https:\/\/apartments-jahorina.com\/wp-content\/uploads\/2025\/12\/nocna1-6-629x629.jpg 629w, https:\/\/apartments-jahorina.com\/wp-content\/uploads\/2025\/12\/nocna1-6-600x600.jpg 600w, https:\/\/apartments-jahorina.com\/wp-content\/uploads\/2025\/12\/nocna1-6-1000x1000.jpg 1000w, https:\/\/apartments-jahorina.com\/wp-content\/uploads\/2025\/12\/nocna1-6-100x100.jpg 100w\" sizes=\"(max-width: 1920px) 100vw, 1920px\" \/>\t\t\t\t\t\t\t\t\t\t\t<\/div>\t\t\t\t<\/div>\n\t\t\t\t<\/div>\n\t\t\t\t<\/div>\n\t\t\t\t\t<\/div>\n\t\t\t\t<\/div>\n\t\t\t\t<\/div>\n\t\t","protected":false},"excerpt":{"rendered":"<p>\u00c9jszakai s\u00edel\u00e9s Jahorin\u00e1n \u2013 Felejthetetlen \u00e9lm\u00e9ny s\u00edelni a csillagok alatt Jahorina, a Balk\u00e1n egyik vezet\u0151 s\u00edterep\u00e9nek sz\u00e1m\u00edt, vonz\u00f3\u00a0\u00a0\u00e9jszakai s\u00edel\u00e9st\u00a0is k\u00edn\u00e1l , amely ide\u00e1lis a t\u00e9li sportok szerelmeseinek, akik a legt\u00f6bbet szeretn\u00e9k kihozni a hegyen t\u00f6lt\u00f6tt id\u0151b\u0151l. 11,8 kilom\u00e9ternyi kivil\u00e1g\u00edtott p\u00e1ly\u00e1val ez az \u00e9lm\u00e9ny az adrenalin \u00e9s a var\u00e1zslatos t\u00e9li hangulat egyed\u00fcl\u00e1ll\u00f3 kombin\u00e1ci\u00f3j\u00e1t k\u00edn\u00e1lja. Helysz\u00ednek \u00e9s [&hellip;]<\/p>\n","protected":false},"author":1,"featured_media":0,"parent":0,"menu_order":0,"comment_status":"closed","ping_status":"closed","template":"","meta":{"footnotes":""},"class_list":["post-10018","page","type-page","status-publish","hentry"],"yoast_head":"<!-- This site is optimized with the Yoast SEO plugin v26.4 - https:\/\/yoast.com\/wordpress\/plugins\/seo\/ -->\n<title>\u00c9jszakai s\u00edel\u00e9s Jahorin\u00e1n - BESTBLICK Apartments Jahorina<\/title>\n<meta name=\"robots\" content=\"index, follow, max-snippet:-1, max-image-preview:large, max-video-preview:-1\" \/>\n<link rel=\"canonical\" href=\"https:\/\/apartments-jahorina.com\/nocno-skijanje-na-jahorini\/\" \/>\n<meta property=\"og:locale\" content=\"hu_HU\" \/>\n<meta property=\"og:type\" content=\"article\" \/>\n<meta property=\"og:title\" content=\"\u00c9jszakai s\u00edel\u00e9s Jahorin\u00e1n - BESTBLICK Apartments Jahorina\" \/>\n<meta property=\"og:description\" content=\"\u00c9jszakai s\u00edel\u00e9s Jahorin\u00e1n \u2013 Felejthetetlen \u00e9lm\u00e9ny s\u00edelni a csillagok alatt Jahorina, a Balk\u00e1n egyik vezet\u0151 s\u00edterep\u00e9nek sz\u00e1m\u00edt, vonz\u00f3\u00a0\u00a0\u00e9jszakai s\u00edel\u00e9st\u00a0is k\u00edn\u00e1l , amely ide\u00e1lis a t\u00e9li sportok szerelmeseinek, akik a legt\u00f6bbet szeretn\u00e9k kihozni a hegyen t\u00f6lt\u00f6tt id\u0151b\u0151l. 11,8 kilom\u00e9ternyi kivil\u00e1g\u00edtott p\u00e1ly\u00e1val ez az \u00e9lm\u00e9ny az adrenalin \u00e9s a var\u00e1zslatos t\u00e9li hangulat egyed\u00fcl\u00e1ll\u00f3 kombin\u00e1ci\u00f3j\u00e1t k\u00edn\u00e1lja. Helysz\u00ednek \u00e9s [&hellip;]\" \/>\n<meta property=\"og:url\" content=\"https:\/\/apartments-jahorina.com\/nocno-skijanje-na-jahorini\/\" \/>\n<meta property=\"og:site_name\" content=\"BESTBLICK Apartments Jahorina\" \/>\n<meta property=\"article:modified_time\" content=\"2025-12-16T00:47:53+00:00\" \/>\n<meta property=\"og:image\" content=\"http:\/\/apartments-jahorina.com\/wp-content\/uploads\/2025\/12\/nocna1-6.jpg\" \/>\n<meta name=\"twitter:card\" content=\"summary_large_image\" \/>\n<meta name=\"twitter:label1\" content=\"Becs\u00fclt olvas\u00e1si id\u0151\" \/>\n\t<meta name=\"twitter:data1\" content=\"3 perc\" \/>\n<script type=\"application\/ld+json\" class=\"yoast-schema-graph\">{\"@context\":\"https:\/\/schema.org\",\"@graph\":[{\"@type\":\"WebPage\",\"@id\":\"https:\/\/apartments-jahorina.com\/nocno-skijanje-na-jahorini\/\",\"url\":\"https:\/\/apartments-jahorina.com\/nocno-skijanje-na-jahorini\/\",\"name\":\"\u00c9jszakai s\u00edel\u00e9s Jahorin\u00e1n - BESTBLICK Apartments Jahorina\",\"isPartOf\":{\"@id\":\"https:\/\/apartments-jahorina.com\/#website\"},\"primaryImageOfPage\":{\"@id\":\"https:\/\/apartments-jahorina.com\/nocno-skijanje-na-jahorini\/#primaryimage\"},\"image\":{\"@id\":\"https:\/\/apartments-jahorina.com\/nocno-skijanje-na-jahorini\/#primaryimage\"},\"thumbnailUrl\":\"http:\/\/apartments-jahorina.com\/wp-content\/uploads\/2025\/12\/nocna1-6.jpg\",\"datePublished\":\"2025-11-30T18:38:32+00:00\",\"dateModified\":\"2025-12-16T00:47:53+00:00\",\"breadcrumb\":{\"@id\":\"https:\/\/apartments-jahorina.com\/nocno-skijanje-na-jahorini\/#breadcrumb\"},\"inLanguage\":\"hu\",\"potentialAction\":[{\"@type\":\"ReadAction\",\"target\":[\"https:\/\/apartments-jahorina.com\/nocno-skijanje-na-jahorini\/\"]}]},{\"@type\":\"ImageObject\",\"inLanguage\":\"hu\",\"@id\":\"https:\/\/apartments-jahorina.com\/nocno-skijanje-na-jahorini\/#primaryimage\",\"url\":\"http:\/\/apartments-jahorina.com\/wp-content\/uploads\/2025\/12\/nocna1-6.jpg\",\"contentUrl\":\"http:\/\/apartments-jahorina.com\/wp-content\/uploads\/2025\/12\/nocna1-6.jpg\"},{\"@type\":\"BreadcrumbList\",\"@id\":\"https:\/\/apartments-jahorina.com\/nocno-skijanje-na-jahorini\/#breadcrumb\",\"itemListElement\":[{\"@type\":\"ListItem\",\"position\":1,\"name\":\"Home\",\"item\":\"https:\/\/apartments-jahorina.com\/hu\/\"},{\"@type\":\"ListItem\",\"position\":2,\"name\":\"\u00c9jszakai s\u00edel\u00e9s Jahorin\u00e1n\"}]},{\"@type\":\"WebSite\",\"@id\":\"https:\/\/apartments-jahorina.com\/#website\",\"url\":\"https:\/\/apartments-jahorina.com\/\",\"name\":\"BESTBLICK Apartments Jahorina\",\"description\":\"Moderni apartmani s pogledom na ski-stazu\",\"potentialAction\":[{\"@type\":\"SearchAction\",\"target\":{\"@type\":\"EntryPoint\",\"urlTemplate\":\"https:\/\/apartments-jahorina.com\/?s={search_term_string}\"},\"query-input\":{\"@type\":\"PropertyValueSpecification\",\"valueRequired\":true,\"valueName\":\"search_term_string\"}}],\"inLanguage\":\"hu\"}]}<\/script>\n<!-- \/ Yoast SEO plugin. -->","yoast_head_json":{"title":"\u00c9jszakai s\u00edel\u00e9s Jahorin\u00e1n - BESTBLICK Apartments Jahorina","robots":{"index":"index","follow":"follow","max-snippet":"max-snippet:-1","max-image-preview":"max-image-preview:large","max-video-preview":"max-video-preview:-1"},"canonical":"https:\/\/apartments-jahorina.com\/nocno-skijanje-na-jahorini\/","og_locale":"hu_HU","og_type":"article","og_title":"\u00c9jszakai s\u00edel\u00e9s Jahorin\u00e1n - BESTBLICK Apartments Jahorina","og_description":"\u00c9jszakai s\u00edel\u00e9s Jahorin\u00e1n \u2013 Felejthetetlen \u00e9lm\u00e9ny s\u00edelni a csillagok alatt Jahorina, a Balk\u00e1n egyik vezet\u0151 s\u00edterep\u00e9nek sz\u00e1m\u00edt, vonz\u00f3\u00a0\u00a0\u00e9jszakai s\u00edel\u00e9st\u00a0is k\u00edn\u00e1l , amely ide\u00e1lis a t\u00e9li sportok szerelmeseinek, akik a legt\u00f6bbet szeretn\u00e9k kihozni a hegyen t\u00f6lt\u00f6tt id\u0151b\u0151l. 11,8 kilom\u00e9ternyi kivil\u00e1g\u00edtott p\u00e1ly\u00e1val ez az \u00e9lm\u00e9ny az adrenalin \u00e9s a var\u00e1zslatos t\u00e9li hangulat egyed\u00fcl\u00e1ll\u00f3 kombin\u00e1ci\u00f3j\u00e1t k\u00edn\u00e1lja. Helysz\u00ednek \u00e9s [&hellip;]","og_url":"https:\/\/apartments-jahorina.com\/nocno-skijanje-na-jahorini\/","og_site_name":"BESTBLICK Apartments Jahorina","article_modified_time":"2025-12-16T00:47:53+00:00","og_image":[{"url":"http:\/\/apartments-jahorina.com\/wp-content\/uploads\/2025\/12\/nocna1-6.jpg","type":"","width":"","height":""}],"twitter_card":"summary_large_image","twitter_misc":{"Becs\u00fclt olvas\u00e1si id\u0151":"3 perc"},"schema":{"@context":"https:\/\/schema.org","@graph":[{"@type":"WebPage","@id":"https:\/\/apartments-jahorina.com\/nocno-skijanje-na-jahorini\/","url":"https:\/\/apartments-jahorina.com\/nocno-skijanje-na-jahorini\/","name":"\u00c9jszakai s\u00edel\u00e9s Jahorin\u00e1n - BESTBLICK Apartments Jahorina","isPartOf":{"@id":"https:\/\/apartments-jahorina.com\/#website"},"primaryImageOfPage":{"@id":"https:\/\/apartments-jahorina.com\/nocno-skijanje-na-jahorini\/#primaryimage"},"image":{"@id":"https:\/\/apartments-jahorina.com\/nocno-skijanje-na-jahorini\/#primaryimage"},"thumbnailUrl":"http:\/\/apartments-jahorina.com\/wp-content\/uploads\/2025\/12\/nocna1-6.jpg","datePublished":"2025-11-30T18:38:32+00:00","dateModified":"2025-12-16T00:47:53+00:00","breadcrumb":{"@id":"https:\/\/apartments-jahorina.com\/nocno-skijanje-na-jahorini\/#breadcrumb"},"inLanguage":"hu","potentialAction":[{"@type":"ReadAction","target":["https:\/\/apartments-jahorina.com\/nocno-skijanje-na-jahorini\/"]}]},{"@type":"ImageObject","inLanguage":"hu","@id":"https:\/\/apartments-jahorina.com\/nocno-skijanje-na-jahorini\/#primaryimage","url":"http:\/\/apartments-jahorina.com\/wp-content\/uploads\/2025\/12\/nocna1-6.jpg","contentUrl":"http:\/\/apartments-jahorina.com\/wp-content\/uploads\/2025\/12\/nocna1-6.jpg"},{"@type":"BreadcrumbList","@id":"https:\/\/apartments-jahorina.com\/nocno-skijanje-na-jahorini\/#breadcrumb","itemListElement":[{"@type":"ListItem","position":1,"name":"Home","item":"https:\/\/apartments-jahorina.com\/hu\/"},{"@type":"ListItem","position":2,"name":"\u00c9jszakai s\u00edel\u00e9s Jahorin\u00e1n"}]},{"@type":"WebSite","@id":"https:\/\/apartments-jahorina.com\/#website","url":"https:\/\/apartments-jahorina.com\/","name":"BESTBLICK Apartments Jahorina","description":"Moderni apartmani s pogledom na ski-stazu","potentialAction":[{"@type":"SearchAction","target":{"@type":"EntryPoint","urlTemplate":"https:\/\/apartments-jahorina.com\/?s={search_term_string}"},"query-input":{"@type":"PropertyValueSpecification","valueRequired":true,"valueName":"search_term_string"}}],"inLanguage":"hu"}]}},"_links":{"self":[{"href":"https:\/\/apartments-jahorina.com\/hu\/wp-json\/wp\/v2\/pages\/10018","targetHints":{"allow":["GET"]}}],"collection":[{"href":"https:\/\/apartments-jahorina.com\/hu\/wp-json\/wp\/v2\/pages"}],"about":[{"href":"https:\/\/apartments-jahorina.com\/hu\/wp-json\/wp\/v2\/types\/page"}],"author":[{"embeddable":true,"href":"https:\/\/apartments-jahorina.com\/hu\/wp-json\/wp\/v2\/users\/1"}],"replies":[{"embeddable":true,"href":"https:\/\/apartments-jahorina.com\/hu\/wp-json\/wp\/v2\/comments?post=10018"}],"version-history":[{"count":13,"href":"https:\/\/apartments-jahorina.com\/hu\/wp-json\/wp\/v2\/pages\/10018\/revisions"}],"predecessor-version":[{"id":12732,"href":"https:\/\/apartments-jahorina.com\/hu\/wp-json\/wp\/v2\/pages\/10018\/revisions\/12732"}],"wp:attachment":[{"href":"https:\/\/apartments-jahorina.com\/hu\/wp-json\/wp\/v2\/media?parent=10018"}],"curies":[{"name":"wp","href":"https:\/\/api.w.org\/{rel}","templated":true}]}}