{"id":10039,"date":"2025-11-30T18:27:49","date_gmt":"2025-11-30T18:27:49","guid":{"rendered":"http:\/\/apartments-jahorina.com\/privatni-smjestaj-jahorina\/"},"modified":"2025-12-04T20:17:42","modified_gmt":"2025-12-04T20:17:42","slug":"jahorinai-maganszallas","status":"publish","type":"page","link":"https:\/\/apartments-jahorina.com\/hu\/jahorinai-maganszallas\/","title":{"rendered":"Jahorinai mag\u00e1nsz\u00e1ll\u00e1s"},"content":{"rendered":"\t\t<div data-elementor-type=\"wp-page\" data-elementor-id=\"10039\" class=\"elementor elementor-10039 elementor-9874\">\n\t\t\t\t<div class=\"elementor-element elementor-element-3d93c711 e-con-full e-flex e-con e-parent\" data-id=\"3d93c711\" data-element_type=\"container\">\n\t\t\t\t<div class=\"elementor-element elementor-element-320b48f7 elementor-widget elementor-widget-html\" data-id=\"320b48f7\" data-element_type=\"widget\" data-widget_type=\"html.default\">\n\t\t\t\t\t<div class=\"breadcrumb-wrap\">\t\t<div data-elementor-type=\"wp-post\" data-elementor-id=\"3360\" class=\"elementor elementor-3360\">\n\t\t\t\t<div class=\"elementor-element elementor-element-ca5cff3 e-flex e-con-boxed e-con e-parent e-lazyloaded\" data-id=\"ca5cff3\" data-element_type=\"container\" data-settings=\"{&quot;background_background&quot;:&quot;classic&quot;}\">\n\t\t\t\t\t<div class=\"e-con-inner\">\n\t\t\t\t<div class=\"elementor-element elementor-element-bb28bfc hidden-antra-title-single-yes elementor-widget elementor-widget-woocommerce-breadcrumb\" data-id=\"bb28bfc\" data-element_type=\"widget\" data-widget_type=\"woocommerce-breadcrumb.default\">\n\t\t\t\t<div class=\"elementor-widget-container\">\n\t\t\t\t\t<div class=\"antra-woocommerce-title\">Jahorinai mag\u00e1nsz\u00e1ll\u00e1s<\/div><nav class=\"woocommerce-breadcrumb\"><a href=\"http:\/\/apartments-jahorina.com\/\">Home<\/a><i class=\"antra-icon-breadcrumb\"><\/i><span class=\"current-page\">Jahorinai mag\u00e1nsz\u00e1ll\u00e1s<\/span><\/nav>\t\t\t\t<\/div>\n\t\t\t\t<\/div>\n\t\t\t\t\t<\/div>\n\t\t\t\t<\/div>\n\t\t\t\t<\/div>\n\t\t<\/div>\t\t\t\t<\/div>\n\t\t\t\t<\/div>\n\t\t<div class=\"elementor-element elementor-element-12b6bd6 e-flex e-con-boxed e-con e-parent\" data-id=\"12b6bd6\" data-element_type=\"container\">\n\t\t\t\t\t<div class=\"e-con-inner\">\n\t\t<div class=\"elementor-element elementor-element-7b8b529 e-con-full e-flex e-con e-child\" data-id=\"7b8b529\" data-element_type=\"container\">\n\t\t<div class=\"elementor-element elementor-element-52f5450 e-con-full e-flex e-con e-child\" data-id=\"52f5450\" data-element_type=\"container\">\n\t\t\t\t<div class=\"elementor-element elementor-element-ef7ac5e elementor-absolute elementor-hidden-mobile elementor-view-default elementor-invisible elementor-widget elementor-widget-icon\" data-id=\"ef7ac5e\" data-element_type=\"widget\" data-settings=\"{&quot;_position&quot;:&quot;absolute&quot;,&quot;motion_fx_motion_fx_scrolling&quot;:&quot;yes&quot;,&quot;motion_fx_translateX_effect&quot;:&quot;yes&quot;,&quot;motion_fx_translateX_speed&quot;:{&quot;unit&quot;:&quot;px&quot;,&quot;size&quot;:1.5,&quot;sizes&quot;:[]},&quot;_animation&quot;:&quot;opal-move-right&quot;,&quot;motion_fx_translateX_affectedRange&quot;:{&quot;unit&quot;:&quot;%&quot;,&quot;size&quot;:&quot;&quot;,&quot;sizes&quot;:{&quot;start&quot;:0,&quot;end&quot;:100}},&quot;motion_fx_devices&quot;:[&quot;desktop&quot;,&quot;laptop&quot;,&quot;tablet_extra&quot;,&quot;tablet&quot;,&quot;mobile_extra&quot;,&quot;mobile&quot;]}\" data-widget_type=\"icon.default\">\n\t\t\t\t\t\t\t<div class=\"elementor-icon-wrapper\">\n\t\t\t<div class=\"elementor-icon\">\n\t\t\t\t\t\t<\/div>\n\t\t<\/div>\n\t\t\t\t\t\t<\/div>\n\t\t\t\t<div class=\"elementor-element elementor-element-7a3b481 elementor-widget__width-auto elementor-absolute elementor-hidden-mobile elementor-view-default elementor-invisible elementor-widget elementor-widget-icon\" data-id=\"7a3b481\" data-element_type=\"widget\" data-settings=\"{&quot;_position&quot;:&quot;absolute&quot;,&quot;motion_fx_motion_fx_scrolling&quot;:&quot;yes&quot;,&quot;motion_fx_translateY_effect&quot;:&quot;yes&quot;,&quot;motion_fx_translateY_direction&quot;:&quot;negative&quot;,&quot;motion_fx_translateY_speed&quot;:{&quot;unit&quot;:&quot;px&quot;,&quot;size&quot;:1.2,&quot;sizes&quot;:[]},&quot;_animation&quot;:&quot;opal-move-down&quot;,&quot;motion_fx_translateY_affectedRange&quot;:{&quot;unit&quot;:&quot;%&quot;,&quot;size&quot;:&quot;&quot;,&quot;sizes&quot;:{&quot;start&quot;:0,&quot;end&quot;:100}},&quot;motion_fx_devices&quot;:[&quot;desktop&quot;,&quot;laptop&quot;,&quot;tablet_extra&quot;,&quot;tablet&quot;,&quot;mobile_extra&quot;,&quot;mobile&quot;]}\" data-widget_type=\"icon.default\">\n\t\t\t\t\t\t\t<div class=\"elementor-icon-wrapper\">\n\t\t\t<div class=\"elementor-icon\">\n\t\t\t\t\t\t<\/div>\n\t\t<\/div>\n\t\t\t\t\t\t<\/div>\n\t\t\t\t<\/div>\n\t\t<div class=\"elementor-element elementor-element-4e0b3cc e-con-full e-flex e-con e-child\" data-id=\"4e0b3cc\" data-element_type=\"container\">\n\t\t\t\t<div class=\"elementor-element elementor-element-6bc46d3 elementor-widget__width-initial elementor-invisible elementor-widget elementor-widget-heading\" data-id=\"6bc46d3\" data-element_type=\"widget\" data-settings=\"{&quot;_animation&quot;:&quot;opal-move-left&quot;}\" data-widget_type=\"heading.default\">\n\t\t\t\t\t<h2 data-cursor=\"-opaque\" class=\"elementor-heading-title elementor-size-default\">Mag\u00e1nsz\u00e1ll\u00e1s Jahorina  \u2013  <span class=\"c-primary\">Bestblick Apartmanok<\/span><\/h2>\t\t\t\t<\/div>\n\t\t\t\t<div class=\"elementor-element elementor-element-4aa09f6 elementor-widget__width-initial elementor-invisible elementor-widget elementor-widget-text-editor\" data-id=\"4aa09f6\" data-element_type=\"widget\" data-settings=\"{&quot;_animation&quot;:&quot;opal-move-left&quot;}\" data-widget_type=\"text-editor.default\">\n\t\t\t\t\t\t\t\t\t<p><strong><span dir=\"auto\">Mag\u00e1nsz\u00e1ll\u00e1s Jahorin\u00e1n \u2013 Ide\u00e1lis \u00fati c\u00e9l t\u00e9li vak\u00e1ci\u00f3hoz<\/span><\/strong><\/p><p><span dir=\"auto\">A Jahorina sziget\u00e9n tal\u00e1lhat\u00f3 mag\u00e1nsz\u00e1ll\u00e1sok a k\u00e9nyelem, a mag\u00e1n\u00e9let \u00e9s a megfizethet\u0151 \u00e1rak t\u00f6k\u00e9letes kombin\u00e1ci\u00f3j\u00e1t k\u00edn\u00e1lj\u00e1k, ide\u00e1lisak a t\u00e9li sportok \u00e9s a term\u00e9szet szerelmeseinek. Ezek a sz\u00e1ll\u00e1slehet\u0151s\u00e9gek a luxuslakoszt\u00e1lyokt\u00f3l a gazdas\u00e1gosabb szob\u00e1kig terjednek, \u00edgy a l\u00e1togat\u00f3k a k\u00f6lts\u00e9gvet\u00e9s\u00fcknek \u00e9s a k\u00edv\u00e1nt k\u00e9nyelemnek megfelel\u0151en sz\u00e9les v\u00e1laszt\u00e9kot tal\u00e1lhatnak. A luxusra v\u00e1gy\u00f3 vend\u00e9gek sz\u00e1m\u00e1ra a s\u00edp\u00e1ly\u00e1k k\u00f6zel\u00e9ben modern felszerelts\u00e9ggel, p\u00e9ld\u00e1ul szaun\u00e1val, kandall\u00f3val \u00e9s t\u00e1gas nappalival felszerelt mag\u00e1napartmanok \u00e1llnak rendelkez\u00e9sre, \u00e9jszak\u00e1nk\u00e9nt 80-100 eur\u00f3 k\u00f6z\u00f6tti \u00e1ron.<\/span><\/p><p><span dir=\"auto\">Az olyan n\u00e9pszer\u0171 sz\u00e1ll\u00e1shelyek, mint\u00a0\u00a0<\/span><strong><span dir=\"auto\">a Bestblick Apartments Jahorina,<\/span><\/strong><span dir=\"auto\">\u00a0magas vend\u00e9g\u00e9rt\u00e9kel\u00e9seikr\u0151l, kiv\u00e1l\u00f3 szolg\u00e1ltat\u00e1saikr\u00f3l \u00e9s a f\u0151bb l\u00e1tnival\u00f3k k\u00f6zels\u00e9g\u00e9r\u0151l ismertek. A kev\u00e9sb\u00e9 luxus opci\u00f3k, amelyek \u00e9jszak\u00e1nk\u00e9nt 60-80 eur\u00f3s \u00e1ron kaphat\u00f3k, praktikus felszerelts\u00e9ggel rendelkeznek, mint p\u00e9ld\u00e1ul konyha, Wi-Fi \u00e9s ingyenes parkol\u00e1s, \u00edgy ide\u00e1lisak csal\u00e1dok \u00e9s bar\u00e1ti t\u00e1rsas\u00e1gok sz\u00e1m\u00e1ra. Sz\u00e1mos jahorinai mag\u00e1nsz\u00e1ll\u00e1shely s\u00edt\u00far\u00e1kat, felszerel\u00e9sk\u00f6lcs\u00f6nz\u00e9st \u00e9s egy\u00e9b t\u00e9li tev\u00e9kenys\u00e9geket is k\u00edn\u00e1l.<\/span><\/p>\t\t\t\t\t\t\t\t<\/div>\n\t\t\t\t<\/div>\n\t\t\t\t<\/div>\n\t\t<div class=\"elementor-element elementor-element-300ae1a e-con-full e-flex e-con e-child\" data-id=\"300ae1a\" data-element_type=\"container\">\n\t\t<div class=\"elementor-element elementor-element-70f5e3f e-con-full e-flex e-con e-child\" data-id=\"70f5e3f\" data-element_type=\"container\">\n\t\t\t\t<div class=\"elementor-element elementor-element-67151ae elementor-invisible elementor-widget elementor-widget-n-accordion\" data-id=\"67151ae\" data-element_type=\"widget\" data-settings=\"{&quot;_animation&quot;:&quot;opal-move-right&quot;,&quot;default_state&quot;:&quot;all_collapsed&quot;,&quot;max_items_expended&quot;:&quot;one&quot;,&quot;n_accordion_animation_duration&quot;:{&quot;unit&quot;:&quot;ms&quot;,&quot;size&quot;:400,&quot;sizes&quot;:[]}}\" data-widget_type=\"nested-accordion.default\">\n\t\t\t\t\t\t\t<div class=\"e-n-accordion\" aria-label=\"Accordion. Open links with Enter or Space, close with Escape, and navigate with Arrow Keys\">\n\t\t\t\t\t\t<details id=\"e-n-accordion-item-1080\" class=\"e-n-accordion-item\" >\n\t\t\t\t<summary class=\"e-n-accordion-item-title\" data-accordion-index=\"1\" tabindex=\"0\" aria-expanded=\"false\" aria-controls=\"e-n-accordion-item-1080\" >\n\t\t\t\t\t<span class='e-n-accordion-item-title-header'><div class=\"e-n-accordion-item-title-text\"> Foglal\u00e1sok \u00e9s el\u0151ny\u00f6k <\/div><\/span>\n\t\t\t\t\t\t\t<span class='e-n-accordion-item-title-icon'>\n\t\t\t<span class='e-opened' ><i aria-hidden=\"true\" class=\"antra-icon- antra-icon-minus\"><\/i><\/span>\n\t\t\t<span class='e-closed'><i aria-hidden=\"true\" class=\"antra-icon- antra-icon-plus\"><\/i><\/span>\n\t\t<\/span>\n\n\t\t\t\t\t\t<\/summary>\n\t\t\t\t<div role=\"region\" aria-labelledby=\"e-n-accordion-item-1080\" class=\"elementor-element elementor-element-efa299f e-con-full e-flex e-con e-child\" data-id=\"efa299f\" data-element_type=\"container\">\n\t\t\t\t<div class=\"elementor-element elementor-element-bf5b1c6 elementor-widget__width-initial elementor-widget elementor-widget-text-editor\" data-id=\"bf5b1c6\" data-element_type=\"widget\" data-widget_type=\"text-editor.default\">\n\t\t\t\t\t\t\t\t\t<p><span dir=\"auto\">Az egyszer\u0171 foglal\u00e1s \u00e9rdek\u00e9ben olyan platformok, mint\u00a0\u00a0<\/span><a href=\"https:\/\/translate.google.com\/website?sl=hr&amp;tl=hu&amp;hl=en&amp;client=webapp&amp;u=https:\/\/www.booking.com\/hotel\/ba\/bestblick-apartments-jahorina-snjezna-dolina.en-gb.html\"><span dir=\"auto\">a Booking.com,<\/span><\/a><span dir=\"auto\">\u00a0\u00a0inform\u00e1ci\u00f3kat ny\u00fajtanak az el\u00e9rhet\u0151 d\u00e1tumokr\u00f3l, \u00e9rt\u00e9kel\u00e9sekr\u0151l \u00e9s a szolg\u00e1ltat\u00e1sok r\u00e9szleteir\u0151l. F\u0151szezonban aj\u00e1nlott kor\u00e1n foglalni, mivel a f\u0151 s\u00edp\u00e1ly\u00e1k ment\u00e9n tal\u00e1lhat\u00f3 mag\u00e1napartmanokban korl\u00e1tozott a rendelkez\u00e9sre \u00e1ll\u00e1s.<\/span><\/p>\t\t\t\t\t\t\t\t<\/div>\n\t\t\t\t<\/div>\n\t\t\t\t\t<\/details>\n\t\t\t\t\t\t<details id=\"e-n-accordion-item-1081\" class=\"e-n-accordion-item\" >\n\t\t\t\t<summary class=\"e-n-accordion-item-title\" data-accordion-index=\"2\" tabindex=\"-1\" aria-expanded=\"false\" aria-controls=\"e-n-accordion-item-1081\" >\n\t\t\t\t\t<span class='e-n-accordion-item-title-header'><div class=\"e-n-accordion-item-title-text\"> Mi\u00e9rt v\u00e1lasszon mag\u00e1nsz\u00e1ll\u00e1st? <\/div><\/span>\n\t\t\t\t\t\t\t<span class='e-n-accordion-item-title-icon'>\n\t\t\t<span class='e-opened' ><i aria-hidden=\"true\" class=\"antra-icon- antra-icon-minus\"><\/i><\/span>\n\t\t\t<span class='e-closed'><i aria-hidden=\"true\" class=\"antra-icon- antra-icon-plus\"><\/i><\/span>\n\t\t<\/span>\n\n\t\t\t\t\t\t<\/summary>\n\t\t\t\t<div role=\"region\" aria-labelledby=\"e-n-accordion-item-1081\" class=\"elementor-element elementor-element-f0098d4 e-con-full e-flex e-con e-child\" data-id=\"f0098d4\" data-element_type=\"container\">\n\t\t\t\t<div class=\"elementor-element elementor-element-6580925 elementor-widget__width-initial elementor-widget elementor-widget-text-editor\" data-id=\"6580925\" data-element_type=\"widget\" data-widget_type=\"text-editor.default\">\n\t\t\t\t\t\t\t\t\t<p><a href=\"https:\/\/translate.google.com\/website?sl=hr&amp;tl=hu&amp;hl=en&amp;client=webapp&amp;u=https:\/\/apartments-jahorina.com\/apartmani-jahorina\/\"><span dir=\"auto\">A mag\u00e1nsz\u00e1ll\u00e1s<\/span><\/a><span dir=\"auto\">\u00a0rugalmass\u00e1got\u00a0\u00a0\u00a0biztos\u00edt a nyaral\u00e1stervez\u00e9sben, tov\u00e1bbi el\u0151ny\u00f6kkel, mint p\u00e9ld\u00e1ul a szervezett t\u00e9li t\u00far\u00e1k \u00e9s a Jahorina k\u00f6rnyez\u0151 term\u00e9szeti sz\u00e9ps\u00e9geiben tal\u00e1lhat\u00f3 priv\u00e1t idegenvezet\u0151k.<\/span><\/p>\t\t\t\t\t\t\t\t<\/div>\n\t\t\t\t<\/div>\n\t\t\t\t\t<\/details>\n\t\t\t\t\t<\/div>\n\t\t\t\t\t\t<\/div>\n\t\t\t\t<\/div>\n\t\t<div class=\"elementor-element elementor-element-7c44126 e-con-full e-flex e-con e-child\" data-id=\"7c44126\" data-element_type=\"container\">\n\t\t\t\t<div class=\"elementor-element elementor-element-5b562f9 elementor-invisible elementor-widget elementor-widget-image\" data-id=\"5b562f9\" data-element_type=\"widget\" data-settings=\"{&quot;_animation&quot;:&quot;opal-move-left&quot;}\" data-widget_type=\"image.default\">\n\t\t\t\t\t<div class=\"antra-wrapper-image-widget\" data-cursor=\"-opaque\">\t\t\t\t\t\t\t\t\t\t<img loading=\"lazy\" decoding=\"async\" width=\"2560\" height=\"1440\" src=\"https:\/\/apartments-jahorina.com\/wp-content\/uploads\/2025\/11\/gal6-scaled.jpg\" class=\"attachment-full size-full wp-image-10822\" alt=\"\" srcset=\"https:\/\/apartments-jahorina.com\/wp-content\/uploads\/2025\/11\/gal6-scaled.jpg 2560w, https:\/\/apartments-jahorina.com\/wp-content\/uploads\/2025\/11\/gal6-300x169.jpg 300w, https:\/\/apartments-jahorina.com\/wp-content\/uploads\/2025\/11\/gal6-1024x576.jpg 1024w, https:\/\/apartments-jahorina.com\/wp-content\/uploads\/2025\/11\/gal6-768x432.jpg 768w, https:\/\/apartments-jahorina.com\/wp-content\/uploads\/2025\/11\/gal6-1536x864.jpg 1536w, https:\/\/apartments-jahorina.com\/wp-content\/uploads\/2025\/11\/gal6-2048x1152.jpg 2048w, https:\/\/apartments-jahorina.com\/wp-content\/uploads\/2025\/11\/gal6-860x484.jpg 860w, https:\/\/apartments-jahorina.com\/wp-content\/uploads\/2025\/11\/gal6-1000x563.jpg 1000w\" sizes=\"(max-width: 2560px) 100vw, 2560px\" \/>\t\t\t\t\t\t\t\t\t\t\t<\/div>\t\t\t\t<\/div>\n\t\t\t\t<\/div>\n\t\t\t\t<\/div>\n\t\t\t\t\t<\/div>\n\t\t\t\t<\/div>\n\t\t\t\t<\/div>\n\t\t","protected":false},"excerpt":{"rendered":"<p>Jahorinai mag\u00e1nsz\u00e1ll\u00e1s HomeJahorinai mag\u00e1nsz\u00e1ll\u00e1s Mag\u00e1nsz\u00e1ll\u00e1s Jahorina \u2013 Bestblick Apartmanok Mag\u00e1nsz\u00e1ll\u00e1s Jahorin\u00e1n \u2013 Ide\u00e1lis \u00fati c\u00e9l t\u00e9li vak\u00e1ci\u00f3hoz A Jahorina sziget\u00e9n tal\u00e1lhat\u00f3 mag\u00e1nsz\u00e1ll\u00e1sok a k\u00e9nyelem, a mag\u00e1n\u00e9let \u00e9s a megfizethet\u0151 \u00e1rak t\u00f6k\u00e9letes kombin\u00e1ci\u00f3j\u00e1t k\u00edn\u00e1lj\u00e1k, ide\u00e1lisak a t\u00e9li sportok \u00e9s a term\u00e9szet szerelmeseinek. Ezek a sz\u00e1ll\u00e1slehet\u0151s\u00e9gek a luxuslakoszt\u00e1lyokt\u00f3l a gazdas\u00e1gosabb szob\u00e1kig terjednek, \u00edgy a l\u00e1togat\u00f3k a k\u00f6lts\u00e9gvet\u00e9s\u00fcknek [&hellip;]<\/p>\n","protected":false},"author":1,"featured_media":0,"parent":0,"menu_order":0,"comment_status":"closed","ping_status":"closed","template":"","meta":{"footnotes":""},"class_list":["post-10039","page","type-page","status-publish","hentry"],"yoast_head":"<!-- This site is optimized with the Yoast SEO plugin v26.4 - https:\/\/yoast.com\/wordpress\/plugins\/seo\/ -->\n<title>Jahorinai mag\u00e1nsz\u00e1ll\u00e1s - BESTBLICK Apartments Jahorina<\/title>\n<meta name=\"robots\" content=\"index, follow, max-snippet:-1, max-image-preview:large, max-video-preview:-1\" \/>\n<link rel=\"canonical\" href=\"https:\/\/apartments-jahorina.com\/privatni-smjestaj-jahorina\/\" \/>\n<meta property=\"og:locale\" content=\"hu_HU\" \/>\n<meta property=\"og:type\" content=\"article\" \/>\n<meta property=\"og:title\" content=\"Jahorinai mag\u00e1nsz\u00e1ll\u00e1s - BESTBLICK Apartments Jahorina\" \/>\n<meta property=\"og:description\" content=\"Jahorinai mag\u00e1nsz\u00e1ll\u00e1s HomeJahorinai mag\u00e1nsz\u00e1ll\u00e1s Mag\u00e1nsz\u00e1ll\u00e1s Jahorina \u2013 Bestblick Apartmanok Mag\u00e1nsz\u00e1ll\u00e1s Jahorin\u00e1n \u2013 Ide\u00e1lis \u00fati c\u00e9l t\u00e9li vak\u00e1ci\u00f3hoz A Jahorina sziget\u00e9n tal\u00e1lhat\u00f3 mag\u00e1nsz\u00e1ll\u00e1sok a k\u00e9nyelem, a mag\u00e1n\u00e9let \u00e9s a megfizethet\u0151 \u00e1rak t\u00f6k\u00e9letes kombin\u00e1ci\u00f3j\u00e1t k\u00edn\u00e1lj\u00e1k, ide\u00e1lisak a t\u00e9li sportok \u00e9s a term\u00e9szet szerelmeseinek. Ezek a sz\u00e1ll\u00e1slehet\u0151s\u00e9gek a luxuslakoszt\u00e1lyokt\u00f3l a gazdas\u00e1gosabb szob\u00e1kig terjednek, \u00edgy a l\u00e1togat\u00f3k a k\u00f6lts\u00e9gvet\u00e9s\u00fcknek [&hellip;]\" \/>\n<meta property=\"og:url\" content=\"https:\/\/apartments-jahorina.com\/privatni-smjestaj-jahorina\/\" \/>\n<meta property=\"og:site_name\" content=\"BESTBLICK Apartments Jahorina\" \/>\n<meta property=\"article:modified_time\" content=\"2025-12-04T20:17:42+00:00\" \/>\n<meta property=\"og:image\" content=\"http:\/\/apartments-jahorina.com\/wp-content\/uploads\/2025\/11\/gal6-scaled.jpg\" \/>\n<meta name=\"twitter:card\" content=\"summary_large_image\" \/>\n<meta name=\"twitter:label1\" content=\"Becs\u00fclt olvas\u00e1si id\u0151\" \/>\n\t<meta name=\"twitter:data1\" content=\"3 perc\" \/>\n<script type=\"application\/ld+json\" class=\"yoast-schema-graph\">{\"@context\":\"https:\/\/schema.org\",\"@graph\":[{\"@type\":\"WebPage\",\"@id\":\"https:\/\/apartments-jahorina.com\/privatni-smjestaj-jahorina\/\",\"url\":\"https:\/\/apartments-jahorina.com\/privatni-smjestaj-jahorina\/\",\"name\":\"Jahorinai mag\u00e1nsz\u00e1ll\u00e1s - BESTBLICK Apartments Jahorina\",\"isPartOf\":{\"@id\":\"https:\/\/apartments-jahorina.com\/#website\"},\"primaryImageOfPage\":{\"@id\":\"https:\/\/apartments-jahorina.com\/privatni-smjestaj-jahorina\/#primaryimage\"},\"image\":{\"@id\":\"https:\/\/apartments-jahorina.com\/privatni-smjestaj-jahorina\/#primaryimage\"},\"thumbnailUrl\":\"http:\/\/apartments-jahorina.com\/wp-content\/uploads\/2025\/11\/gal6-scaled.jpg\",\"datePublished\":\"2025-11-30T18:27:49+00:00\",\"dateModified\":\"2025-12-04T20:17:42+00:00\",\"breadcrumb\":{\"@id\":\"https:\/\/apartments-jahorina.com\/privatni-smjestaj-jahorina\/#breadcrumb\"},\"inLanguage\":\"hu\",\"potentialAction\":[{\"@type\":\"ReadAction\",\"target\":[\"https:\/\/apartments-jahorina.com\/privatni-smjestaj-jahorina\/\"]}]},{\"@type\":\"ImageObject\",\"inLanguage\":\"hu\",\"@id\":\"https:\/\/apartments-jahorina.com\/privatni-smjestaj-jahorina\/#primaryimage\",\"url\":\"http:\/\/apartments-jahorina.com\/wp-content\/uploads\/2025\/11\/gal6-scaled.jpg\",\"contentUrl\":\"http:\/\/apartments-jahorina.com\/wp-content\/uploads\/2025\/11\/gal6-scaled.jpg\"},{\"@type\":\"BreadcrumbList\",\"@id\":\"https:\/\/apartments-jahorina.com\/privatni-smjestaj-jahorina\/#breadcrumb\",\"itemListElement\":[{\"@type\":\"ListItem\",\"position\":1,\"name\":\"Home\",\"item\":\"https:\/\/apartments-jahorina.com\/hu\/\"},{\"@type\":\"ListItem\",\"position\":2,\"name\":\"Jahorinai mag\u00e1nsz\u00e1ll\u00e1s\"}]},{\"@type\":\"WebSite\",\"@id\":\"https:\/\/apartments-jahorina.com\/#website\",\"url\":\"https:\/\/apartments-jahorina.com\/\",\"name\":\"BESTBLICK Apartments Jahorina\",\"description\":\"Moderni apartmani s pogledom na ski-stazu\",\"potentialAction\":[{\"@type\":\"SearchAction\",\"target\":{\"@type\":\"EntryPoint\",\"urlTemplate\":\"https:\/\/apartments-jahorina.com\/?s={search_term_string}\"},\"query-input\":{\"@type\":\"PropertyValueSpecification\",\"valueRequired\":true,\"valueName\":\"search_term_string\"}}],\"inLanguage\":\"hu\"}]}<\/script>\n<!-- \/ Yoast SEO plugin. -->","yoast_head_json":{"title":"Jahorinai mag\u00e1nsz\u00e1ll\u00e1s - BESTBLICK Apartments Jahorina","robots":{"index":"index","follow":"follow","max-snippet":"max-snippet:-1","max-image-preview":"max-image-preview:large","max-video-preview":"max-video-preview:-1"},"canonical":"https:\/\/apartments-jahorina.com\/privatni-smjestaj-jahorina\/","og_locale":"hu_HU","og_type":"article","og_title":"Jahorinai mag\u00e1nsz\u00e1ll\u00e1s - BESTBLICK Apartments Jahorina","og_description":"Jahorinai mag\u00e1nsz\u00e1ll\u00e1s HomeJahorinai mag\u00e1nsz\u00e1ll\u00e1s Mag\u00e1nsz\u00e1ll\u00e1s Jahorina \u2013 Bestblick Apartmanok Mag\u00e1nsz\u00e1ll\u00e1s Jahorin\u00e1n \u2013 Ide\u00e1lis \u00fati c\u00e9l t\u00e9li vak\u00e1ci\u00f3hoz A Jahorina sziget\u00e9n tal\u00e1lhat\u00f3 mag\u00e1nsz\u00e1ll\u00e1sok a k\u00e9nyelem, a mag\u00e1n\u00e9let \u00e9s a megfizethet\u0151 \u00e1rak t\u00f6k\u00e9letes kombin\u00e1ci\u00f3j\u00e1t k\u00edn\u00e1lj\u00e1k, ide\u00e1lisak a t\u00e9li sportok \u00e9s a term\u00e9szet szerelmeseinek. Ezek a sz\u00e1ll\u00e1slehet\u0151s\u00e9gek a luxuslakoszt\u00e1lyokt\u00f3l a gazdas\u00e1gosabb szob\u00e1kig terjednek, \u00edgy a l\u00e1togat\u00f3k a k\u00f6lts\u00e9gvet\u00e9s\u00fcknek [&hellip;]","og_url":"https:\/\/apartments-jahorina.com\/privatni-smjestaj-jahorina\/","og_site_name":"BESTBLICK Apartments Jahorina","article_modified_time":"2025-12-04T20:17:42+00:00","og_image":[{"url":"http:\/\/apartments-jahorina.com\/wp-content\/uploads\/2025\/11\/gal6-scaled.jpg","type":"","width":"","height":""}],"twitter_card":"summary_large_image","twitter_misc":{"Becs\u00fclt olvas\u00e1si id\u0151":"3 perc"},"schema":{"@context":"https:\/\/schema.org","@graph":[{"@type":"WebPage","@id":"https:\/\/apartments-jahorina.com\/privatni-smjestaj-jahorina\/","url":"https:\/\/apartments-jahorina.com\/privatni-smjestaj-jahorina\/","name":"Jahorinai mag\u00e1nsz\u00e1ll\u00e1s - BESTBLICK Apartments Jahorina","isPartOf":{"@id":"https:\/\/apartments-jahorina.com\/#website"},"primaryImageOfPage":{"@id":"https:\/\/apartments-jahorina.com\/privatni-smjestaj-jahorina\/#primaryimage"},"image":{"@id":"https:\/\/apartments-jahorina.com\/privatni-smjestaj-jahorina\/#primaryimage"},"thumbnailUrl":"http:\/\/apartments-jahorina.com\/wp-content\/uploads\/2025\/11\/gal6-scaled.jpg","datePublished":"2025-11-30T18:27:49+00:00","dateModified":"2025-12-04T20:17:42+00:00","breadcrumb":{"@id":"https:\/\/apartments-jahorina.com\/privatni-smjestaj-jahorina\/#breadcrumb"},"inLanguage":"hu","potentialAction":[{"@type":"ReadAction","target":["https:\/\/apartments-jahorina.com\/privatni-smjestaj-jahorina\/"]}]},{"@type":"ImageObject","inLanguage":"hu","@id":"https:\/\/apartments-jahorina.com\/privatni-smjestaj-jahorina\/#primaryimage","url":"http:\/\/apartments-jahorina.com\/wp-content\/uploads\/2025\/11\/gal6-scaled.jpg","contentUrl":"http:\/\/apartments-jahorina.com\/wp-content\/uploads\/2025\/11\/gal6-scaled.jpg"},{"@type":"BreadcrumbList","@id":"https:\/\/apartments-jahorina.com\/privatni-smjestaj-jahorina\/#breadcrumb","itemListElement":[{"@type":"ListItem","position":1,"name":"Home","item":"https:\/\/apartments-jahorina.com\/hu\/"},{"@type":"ListItem","position":2,"name":"Jahorinai mag\u00e1nsz\u00e1ll\u00e1s"}]},{"@type":"WebSite","@id":"https:\/\/apartments-jahorina.com\/#website","url":"https:\/\/apartments-jahorina.com\/","name":"BESTBLICK Apartments Jahorina","description":"Moderni apartmani s pogledom na ski-stazu","potentialAction":[{"@type":"SearchAction","target":{"@type":"EntryPoint","urlTemplate":"https:\/\/apartments-jahorina.com\/?s={search_term_string}"},"query-input":{"@type":"PropertyValueSpecification","valueRequired":true,"valueName":"search_term_string"}}],"inLanguage":"hu"}]}},"_links":{"self":[{"href":"https:\/\/apartments-jahorina.com\/hu\/wp-json\/wp\/v2\/pages\/10039","targetHints":{"allow":["GET"]}}],"collection":[{"href":"https:\/\/apartments-jahorina.com\/hu\/wp-json\/wp\/v2\/pages"}],"about":[{"href":"https:\/\/apartments-jahorina.com\/hu\/wp-json\/wp\/v2\/types\/page"}],"author":[{"embeddable":true,"href":"https:\/\/apartments-jahorina.com\/hu\/wp-json\/wp\/v2\/users\/1"}],"replies":[{"embeddable":true,"href":"https:\/\/apartments-jahorina.com\/hu\/wp-json\/wp\/v2\/comments?post=10039"}],"version-history":[{"count":10,"href":"https:\/\/apartments-jahorina.com\/hu\/wp-json\/wp\/v2\/pages\/10039\/revisions"}],"predecessor-version":[{"id":11844,"href":"https:\/\/apartments-jahorina.com\/hu\/wp-json\/wp\/v2\/pages\/10039\/revisions\/11844"}],"wp:attachment":[{"href":"https:\/\/apartments-jahorina.com\/hu\/wp-json\/wp\/v2\/media?parent=10039"}],"curies":[{"name":"wp","href":"https:\/\/api.w.org\/{rel}","templated":true}]}}