{"id":10057,"date":"2025-11-30T18:14:29","date_gmt":"2025-11-30T18:14:29","guid":{"rendered":"http:\/\/apartments-jahorina.com\/cijene-skijanja-na-jahorini\/"},"modified":"2025-12-04T20:11:23","modified_gmt":"2025-12-04T20:11:23","slug":"sielesi-arak-jahorinan","status":"publish","type":"page","link":"https:\/\/apartments-jahorina.com\/hu\/sielesi-arak-jahorinan\/","title":{"rendered":"S\u00edel\u00e9si \u00e1rak Jahorin\u00e1n"},"content":{"rendered":"\t\t<div data-elementor-type=\"wp-page\" data-elementor-id=\"10057\" class=\"elementor elementor-10057 elementor-9848\">\n\t\t\t\t<div class=\"elementor-element elementor-element-3079ef4d e-con-full e-flex e-con e-parent\" data-id=\"3079ef4d\" data-element_type=\"container\">\n\t\t\t\t<div class=\"elementor-element elementor-element-53d65f36 elementor-widget elementor-widget-html\" data-id=\"53d65f36\" data-element_type=\"widget\" data-widget_type=\"html.default\">\n\t\t\t\t\t<div class=\"breadcrumb-wrap\">\t\t<div data-elementor-type=\"wp-post\" data-elementor-id=\"3360\" class=\"elementor elementor-3360\">\n\t\t\t\t<div class=\"elementor-element elementor-element-ca5cff3 e-flex e-con-boxed e-con e-parent e-lazyloaded\" data-id=\"ca5cff3\" data-element_type=\"container\" data-settings=\"{&quot;background_background&quot;:&quot;classic&quot;}\">\n\t\t\t\t\t<div class=\"e-con-inner\">\n\t\t\t\t<div class=\"elementor-element elementor-element-bb28bfc hidden-antra-title-single-yes elementor-widget elementor-widget-woocommerce-breadcrumb\" data-id=\"bb28bfc\" data-element_type=\"widget\" data-widget_type=\"woocommerce-breadcrumb.default\">\n\t\t\t\t<div class=\"elementor-widget-container\">\n\t\t\t\t\t<div class=\"antra-woocommerce-title\">S\u00edel\u00e9si \u00e1rak Jahorin\u00e1n<\/div><nav class=\"woocommerce-breadcrumb\"><a href=\"http:\/\/apartments-jahorina.com\/\">Home<\/a><i class=\"antra-icon-breadcrumb\"><\/i><span class=\"current-page\">S\u00edel\u00e9si \u00e1rak Jahorin\u00e1n<\/span><\/nav>\t\t\t\t<\/div>\n\t\t\t\t<\/div>\n\t\t\t\t\t<\/div>\n\t\t\t\t<\/div>\n\t\t\t\t<\/div>\n\t\t<\/div>\t\t\t\t<\/div>\n\t\t\t\t<\/div>\n\t\t<div class=\"elementor-element elementor-element-12b6bd6 e-flex e-con-boxed e-con e-parent\" data-id=\"12b6bd6\" data-element_type=\"container\">\n\t\t\t\t\t<div class=\"e-con-inner\">\n\t\t<div class=\"elementor-element elementor-element-7b8b529 e-con-full e-flex e-con e-child\" data-id=\"7b8b529\" data-element_type=\"container\">\n\t\t<div class=\"elementor-element elementor-element-52f5450 e-con-full e-flex e-con e-child\" data-id=\"52f5450\" data-element_type=\"container\">\n\t\t\t\t<div class=\"elementor-element elementor-element-ef7ac5e elementor-absolute elementor-hidden-mobile elementor-view-default elementor-invisible elementor-widget elementor-widget-icon\" data-id=\"ef7ac5e\" data-element_type=\"widget\" data-settings=\"{&quot;_position&quot;:&quot;absolute&quot;,&quot;motion_fx_motion_fx_scrolling&quot;:&quot;yes&quot;,&quot;motion_fx_translateX_effect&quot;:&quot;yes&quot;,&quot;motion_fx_translateX_speed&quot;:{&quot;unit&quot;:&quot;px&quot;,&quot;size&quot;:1.5,&quot;sizes&quot;:[]},&quot;_animation&quot;:&quot;opal-move-right&quot;,&quot;motion_fx_translateX_affectedRange&quot;:{&quot;unit&quot;:&quot;%&quot;,&quot;size&quot;:&quot;&quot;,&quot;sizes&quot;:{&quot;start&quot;:0,&quot;end&quot;:100}},&quot;motion_fx_devices&quot;:[&quot;desktop&quot;,&quot;laptop&quot;,&quot;tablet_extra&quot;,&quot;tablet&quot;,&quot;mobile_extra&quot;,&quot;mobile&quot;]}\" data-widget_type=\"icon.default\">\n\t\t\t\t\t\t\t<div class=\"elementor-icon-wrapper\">\n\t\t\t<div class=\"elementor-icon\">\n\t\t\t\t\t\t<\/div>\n\t\t<\/div>\n\t\t\t\t\t\t<\/div>\n\t\t\t\t<div class=\"elementor-element elementor-element-7a3b481 elementor-widget__width-auto elementor-absolute elementor-hidden-mobile elementor-view-default elementor-invisible elementor-widget elementor-widget-icon\" data-id=\"7a3b481\" data-element_type=\"widget\" data-settings=\"{&quot;_position&quot;:&quot;absolute&quot;,&quot;motion_fx_motion_fx_scrolling&quot;:&quot;yes&quot;,&quot;motion_fx_translateY_effect&quot;:&quot;yes&quot;,&quot;motion_fx_translateY_direction&quot;:&quot;negative&quot;,&quot;motion_fx_translateY_speed&quot;:{&quot;unit&quot;:&quot;px&quot;,&quot;size&quot;:1.2,&quot;sizes&quot;:[]},&quot;_animation&quot;:&quot;opal-move-down&quot;,&quot;motion_fx_translateY_affectedRange&quot;:{&quot;unit&quot;:&quot;%&quot;,&quot;size&quot;:&quot;&quot;,&quot;sizes&quot;:{&quot;start&quot;:0,&quot;end&quot;:100}},&quot;motion_fx_devices&quot;:[&quot;desktop&quot;,&quot;laptop&quot;,&quot;tablet_extra&quot;,&quot;tablet&quot;,&quot;mobile_extra&quot;,&quot;mobile&quot;]}\" data-widget_type=\"icon.default\">\n\t\t\t\t\t\t\t<div class=\"elementor-icon-wrapper\">\n\t\t\t<div class=\"elementor-icon\">\n\t\t\t\t\t\t<\/div>\n\t\t<\/div>\n\t\t\t\t\t\t<\/div>\n\t\t\t\t<\/div>\n\t\t<div class=\"elementor-element elementor-element-4e0b3cc e-con-full e-flex e-con e-child\" data-id=\"4e0b3cc\" data-element_type=\"container\">\n\t\t\t\t<div class=\"elementor-element elementor-element-6bc46d3 elementor-widget__width-initial elementor-invisible elementor-widget elementor-widget-heading\" data-id=\"6bc46d3\" data-element_type=\"widget\" data-settings=\"{&quot;_animation&quot;:&quot;opal-move-left&quot;}\" data-widget_type=\"heading.default\">\n\t\t\t\t\t<h2 data-cursor=\"-opaque\" class=\"elementor-heading-title elementor-size-default\">S\u00edel\u00e9si \u00e1rak Jahorin\u00e1n \u2013  <span class=\"c-primary\">Bestblick Apartmanok<\/span><\/h2>\t\t\t\t<\/div>\n\t\t\t\t<div class=\"elementor-element elementor-element-4aa09f6 elementor-widget__width-initial elementor-invisible elementor-widget elementor-widget-text-editor\" data-id=\"4aa09f6\" data-element_type=\"widget\" data-settings=\"{&quot;_animation&quot;:&quot;opal-move-left&quot;}\" data-widget_type=\"text-editor.default\">\n\t\t\t\t\t\t\t\t\t<p><span dir=\"auto\">A jahorinai s\u00edb\u00e9rletek \u00e1ra a 2024\/2025-\u00f6s szezonban a jegy t\u00edpus\u00e1t\u00f3l \u00e9s a s\u00edel\u00e9s id\u0151tartam\u00e1t\u00f3l f\u00fcgg, egynapos, t\u00f6bbnapos, szezon\u00e1lis \u00e9s csal\u00e1di s\u00edb\u00e9rletek k\u00f6z\u00fcl lehet v\u00e1lasztani. Egy egynapos s\u00edb\u00e9rlet \u00e1tlagosan k\u00f6r\u00fclbel\u00fcl 45 km-be (kb. 23 eur\u00f3) ker\u00fcl feln\u0151tteknek \u00e9s 35 km-be (kb. 18 eur\u00f3) gyerekeknek, m\u00edg a t\u00f6bbnapos \u00e9s szezon\u00e1lis jegyek \u00e1ra \u00e1ltal\u00e1ban olcs\u00f3bb s\u00edel\u00e9si naponk\u00e9nt.<\/span><\/p><p><span dir=\"auto\">A csal\u00e1doknak k\u00fcl\u00f6nleges kedvezm\u00e9nyeket k\u00edn\u00e1lnak az \u00e9jszakai s\u00edel\u00e9st is tartalmaz\u00f3 csomagok, valamint sz\u00e1mos gyermek- \u00e9s kezd\u0151program. Az \u00e1rak a p\u00e1ly\u00e1k \u00e1llapot\u00e1t\u00f3l f\u00fcgg\u0151en is m\u00f3dos\u00edthat\u00f3k, amivel a l\u00e1togat\u00f3k a lehet\u0151 legjobb \u00e1r-\u00e9rt\u00e9k ar\u00e1nyt \u00e9s kellemes s\u00edel\u00e9si \u00e9lm\u00e9nyt kaphatj\u00e1k Jahorin\u00e1n\u00a0\u00a0<\/span><a href=\"https:\/\/translate.google.com\/website?sl=hr&amp;tl=hu&amp;hl=en&amp;client=webapp&amp;u=https:\/\/apartments-jahorina.com\/skijanje-jahorina\/\"><span dir=\"auto\">.<\/span><\/a><\/p>\t\t\t\t\t\t\t\t<\/div>\n\t\t\t\t<\/div>\n\t\t\t\t<\/div>\n\t\t\t\t<div class=\"elementor-element elementor-element-5eb64b6 antra-image-gallery-default antra-list-template elementor-grid-4 elementor-widget elementor-widget-antra-image-gallery\" data-id=\"5eb64b6\" data-element_type=\"widget\" data-settings=\"{&quot;column&quot;:4,&quot;column_spacing&quot;:{&quot;unit&quot;:&quot;px&quot;,&quot;size&quot;:30,&quot;sizes&quot;:[]},&quot;column_spacing_laptop&quot;:{&quot;unit&quot;:&quot;px&quot;,&quot;size&quot;:&quot;&quot;,&quot;sizes&quot;:[]},&quot;column_spacing_tablet_extra&quot;:{&quot;unit&quot;:&quot;px&quot;,&quot;size&quot;:&quot;&quot;,&quot;sizes&quot;:[]},&quot;column_spacing_tablet&quot;:{&quot;unit&quot;:&quot;px&quot;,&quot;size&quot;:&quot;&quot;,&quot;sizes&quot;:[]},&quot;column_spacing_mobile_extra&quot;:{&quot;unit&quot;:&quot;px&quot;,&quot;size&quot;:&quot;&quot;,&quot;sizes&quot;:[]},&quot;column_spacing_mobile&quot;:{&quot;unit&quot;:&quot;px&quot;,&quot;size&quot;:&quot;&quot;,&quot;sizes&quot;:[]}}\" data-widget_type=\"antra-image-gallery.default\">\n\t\t\t\t<div class=\"elementor-widget-container\">\n\t\t\t\t\t        <div class=\"elementor-antra-image-gallery antra-wrapper\" data-images=\"[{&quot;image_url&quot;:&quot;https:\\\/\\\/apartments-jahorina.com\\\/wp-content\\\/uploads\\\/2025\\\/11\\\/ski2-150x150.jpg&quot;,&quot;image_url_full&quot;:&quot;https:\\\/\\\/apartments-jahorina.com\\\/wp-content\\\/uploads\\\/2025\\\/11\\\/ski2-scaled.jpg&quot;,&quot;alt_img&quot;:&quot;ski2&quot;},{&quot;image_url&quot;:&quot;https:\\\/\\\/apartments-jahorina.com\\\/wp-content\\\/uploads\\\/2025\\\/11\\\/skiing-8614539_1920-150x150.jpg&quot;,&quot;image_url_full&quot;:&quot;https:\\\/\\\/apartments-jahorina.com\\\/wp-content\\\/uploads\\\/2025\\\/11\\\/skiing-8614539_1920.jpg&quot;,&quot;alt_img&quot;:&quot;skiing-8614539_1920&quot;},{&quot;image_url&quot;:&quot;https:\\\/\\\/apartments-jahorina.com\\\/wp-content\\\/uploads\\\/2025\\\/11\\\/ski1-150x150.jpg&quot;,&quot;image_url_full&quot;:&quot;https:\\\/\\\/apartments-jahorina.com\\\/wp-content\\\/uploads\\\/2025\\\/11\\\/ski1-scaled.jpg&quot;,&quot;alt_img&quot;:&quot;ski1&quot;},{&quot;image_url&quot;:&quot;https:\\\/\\\/apartments-jahorina.com\\\/wp-content\\\/uploads\\\/2025\\\/11\\\/luka-150x150.jpeg&quot;,&quot;image_url_full&quot;:&quot;https:\\\/\\\/apartments-jahorina.com\\\/wp-content\\\/uploads\\\/2025\\\/11\\\/luka-scaled.jpeg&quot;,&quot;alt_img&quot;:&quot;OLYMPUS DIGITAL CAMERA&quot;},{&quot;image_url&quot;:&quot;https:\\\/\\\/apartments-jahorina.com\\\/wp-content\\\/uploads\\\/2025\\\/11\\\/IMG_6687-150x150.jpg&quot;,&quot;image_url_full&quot;:&quot;https:\\\/\\\/apartments-jahorina.com\\\/wp-content\\\/uploads\\\/2025\\\/11\\\/IMG_6687-scaled.jpg&quot;,&quot;alt_img&quot;:&quot;IMG_6687&quot;},{&quot;image_url&quot;:&quot;https:\\\/\\\/apartments-jahorina.com\\\/wp-content\\\/uploads\\\/2025\\\/11\\\/IMG_6696-150x150.jpg&quot;,&quot;image_url_full&quot;:&quot;https:\\\/\\\/apartments-jahorina.com\\\/wp-content\\\/uploads\\\/2025\\\/11\\\/IMG_6696-scaled.jpg&quot;,&quot;alt_img&quot;:&quot;IMG_6696&quot;},{&quot;image_url&quot;:&quot;https:\\\/\\\/apartments-jahorina.com\\\/wp-content\\\/uploads\\\/2025\\\/11\\\/IMG_6697-150x150.jpg&quot;,&quot;image_url_full&quot;:&quot;https:\\\/\\\/apartments-jahorina.com\\\/wp-content\\\/uploads\\\/2025\\\/11\\\/IMG_6697-scaled.jpg&quot;,&quot;alt_img&quot;:&quot;IMG_6697&quot;},{&quot;image_url&quot;:&quot;https:\\\/\\\/apartments-jahorina.com\\\/wp-content\\\/uploads\\\/2025\\\/11\\\/IMG_6708-150x150.jpg&quot;,&quot;image_url_full&quot;:&quot;https:\\\/\\\/apartments-jahorina.com\\\/wp-content\\\/uploads\\\/2025\\\/11\\\/IMG_6708-scaled.jpg&quot;,&quot;alt_img&quot;:&quot;IMG_6708&quot;},{&quot;image_url&quot;:&quot;https:\\\/\\\/apartments-jahorina.com\\\/wp-content\\\/uploads\\\/2025\\\/11\\\/IMG_6715-150x150.jpg&quot;,&quot;image_url_full&quot;:&quot;https:\\\/\\\/apartments-jahorina.com\\\/wp-content\\\/uploads\\\/2025\\\/11\\\/IMG_6715-scaled.jpg&quot;,&quot;alt_img&quot;:&quot;IMG_6715&quot;},{&quot;image_url&quot;:&quot;https:\\\/\\\/apartments-jahorina.com\\\/wp-content\\\/uploads\\\/2025\\\/11\\\/IMG_6790-150x150.jpg&quot;,&quot;image_url_full&quot;:&quot;https:\\\/\\\/apartments-jahorina.com\\\/wp-content\\\/uploads\\\/2025\\\/11\\\/IMG_6790-scaled.jpg&quot;,&quot;alt_img&quot;:&quot;IMG_6790&quot;}]\" data-per_page=\"8\">\n            <div class=\"antra-con\">\n                <div class=\"antra-con-inner elementor-grid\">\n                                            <div class=\"elementor-antra-item-image-gallery\">\n                            <div class=\"grid__item gallery_group_all\">\n                                <a  href=\"https:\/\/apartments-jahorina.com\/wp-content\/uploads\/2025\/11\/ski2-scaled.jpg\">\n                                    <img decoding=\"async\" class=\"antra-elementor-src-gallery\" src=\"https:\/\/apartments-jahorina.com\/wp-content\/uploads\/2025\/11\/ski2-150x150.jpg\" alt=\"ski2\"\/>\n                                <\/a>\n                            <\/div>\n                        <\/div>\n                                                <div class=\"elementor-antra-item-image-gallery\">\n                            <div class=\"grid__item gallery_group_all\">\n                                <a  href=\"https:\/\/apartments-jahorina.com\/wp-content\/uploads\/2025\/11\/skiing-8614539_1920.jpg\">\n                                    <img decoding=\"async\" class=\"antra-elementor-src-gallery\" src=\"https:\/\/apartments-jahorina.com\/wp-content\/uploads\/2025\/11\/skiing-8614539_1920-150x150.jpg\" alt=\"skiing-8614539_1920\"\/>\n                                <\/a>\n                            <\/div>\n                        <\/div>\n                                                <div class=\"elementor-antra-item-image-gallery\">\n                            <div class=\"grid__item gallery_group_all\">\n                                <a  href=\"https:\/\/apartments-jahorina.com\/wp-content\/uploads\/2025\/11\/ski1-scaled.jpg\">\n                                    <img decoding=\"async\" class=\"antra-elementor-src-gallery\" src=\"https:\/\/apartments-jahorina.com\/wp-content\/uploads\/2025\/11\/ski1-150x150.jpg\" alt=\"ski1\"\/>\n                                <\/a>\n                            <\/div>\n                        <\/div>\n                                                <div class=\"elementor-antra-item-image-gallery\">\n                            <div class=\"grid__item gallery_group_all\">\n                                <a  href=\"https:\/\/apartments-jahorina.com\/wp-content\/uploads\/2025\/11\/luka-scaled.jpeg\">\n                                    <img decoding=\"async\" class=\"antra-elementor-src-gallery\" src=\"https:\/\/apartments-jahorina.com\/wp-content\/uploads\/2025\/11\/luka-150x150.jpeg\" alt=\"OLYMPUS DIGITAL CAMERA\"\/>\n                                <\/a>\n                            <\/div>\n                        <\/div>\n                                                <div class=\"elementor-antra-item-image-gallery\">\n                            <div class=\"grid__item gallery_group_all\">\n                                <a  href=\"https:\/\/apartments-jahorina.com\/wp-content\/uploads\/2025\/11\/IMG_6687-scaled.jpg\">\n                                    <img decoding=\"async\" class=\"antra-elementor-src-gallery\" src=\"https:\/\/apartments-jahorina.com\/wp-content\/uploads\/2025\/11\/IMG_6687-150x150.jpg\" alt=\"IMG_6687\"\/>\n                                <\/a>\n                            <\/div>\n                        <\/div>\n                                                <div class=\"elementor-antra-item-image-gallery\">\n                            <div class=\"grid__item gallery_group_all\">\n                                <a  href=\"https:\/\/apartments-jahorina.com\/wp-content\/uploads\/2025\/11\/IMG_6696-scaled.jpg\">\n                                    <img decoding=\"async\" class=\"antra-elementor-src-gallery\" src=\"https:\/\/apartments-jahorina.com\/wp-content\/uploads\/2025\/11\/IMG_6696-150x150.jpg\" alt=\"IMG_6696\"\/>\n                                <\/a>\n                            <\/div>\n                        <\/div>\n                                                <div class=\"elementor-antra-item-image-gallery\">\n                            <div class=\"grid__item gallery_group_all\">\n                                <a  href=\"https:\/\/apartments-jahorina.com\/wp-content\/uploads\/2025\/11\/IMG_6697-scaled.jpg\">\n                                    <img decoding=\"async\" class=\"antra-elementor-src-gallery\" src=\"https:\/\/apartments-jahorina.com\/wp-content\/uploads\/2025\/11\/IMG_6697-150x150.jpg\" alt=\"IMG_6697\"\/>\n                                <\/a>\n                            <\/div>\n                        <\/div>\n                                                <div class=\"elementor-antra-item-image-gallery\">\n                            <div class=\"grid__item gallery_group_all\">\n                                <a  href=\"https:\/\/apartments-jahorina.com\/wp-content\/uploads\/2025\/11\/IMG_6708-scaled.jpg\">\n                                    <img decoding=\"async\" class=\"antra-elementor-src-gallery\" src=\"https:\/\/apartments-jahorina.com\/wp-content\/uploads\/2025\/11\/IMG_6708-150x150.jpg\" alt=\"IMG_6708\"\/>\n                                <\/a>\n                            <\/div>\n                        <\/div>\n                                        <\/div>\n                                    <div class=\"antra-elementor-gallery-loadmore\">\n                        <a class=\"loadmore-btn antra-button-effect\" href=\"javascript:void(0)\">\n                            <span class=\"antra-button-inner\">\n                                <span class=\"antra-btn-content\">Load more now<\/span>\n                                <span class=\"elementor-button-icon\">\n                                    <span class=\"elementor-button-icon-inner\"><i aria-hidden=\"true\" class=\"antra-icon-sync\"><\/i><\/span>\n                                <\/span>\n                            <\/span>\n                        <\/a>\n                    <\/div>\n                                <\/div>\n        <\/div>\n        \t\t\t\t<\/div>\n\t\t\t\t<\/div>\n\t\t\t\t\t<\/div>\n\t\t\t\t<\/div>\n\t\t\t\t<\/div>\n\t\t","protected":false},"excerpt":{"rendered":"<p>S\u00edel\u00e9si \u00e1rak Jahorin\u00e1n HomeS\u00edel\u00e9si \u00e1rak Jahorin\u00e1n S\u00edel\u00e9si \u00e1rak Jahorin\u00e1n \u2013 Bestblick Apartmanok A jahorinai s\u00edb\u00e9rletek \u00e1ra a 2024\/2025-\u00f6s szezonban a jegy t\u00edpus\u00e1t\u00f3l \u00e9s a s\u00edel\u00e9s id\u0151tartam\u00e1t\u00f3l f\u00fcgg, egynapos, t\u00f6bbnapos, szezon\u00e1lis \u00e9s csal\u00e1di s\u00edb\u00e9rletek k\u00f6z\u00fcl lehet v\u00e1lasztani. Egy egynapos s\u00edb\u00e9rlet \u00e1tlagosan k\u00f6r\u00fclbel\u00fcl 45 km-be (kb. 23 eur\u00f3) ker\u00fcl feln\u0151tteknek \u00e9s 35 km-be (kb. 18 eur\u00f3) gyerekeknek, [&hellip;]<\/p>\n","protected":false},"author":1,"featured_media":0,"parent":0,"menu_order":0,"comment_status":"closed","ping_status":"closed","template":"","meta":{"footnotes":""},"class_list":["post-10057","page","type-page","status-publish","hentry"],"yoast_head":"<!-- This site is optimized with the Yoast SEO plugin v26.4 - https:\/\/yoast.com\/wordpress\/plugins\/seo\/ -->\n<title>S\u00edel\u00e9si \u00e1rak Jahorin\u00e1n - BESTBLICK Apartments Jahorina<\/title>\n<meta name=\"robots\" content=\"index, follow, max-snippet:-1, max-image-preview:large, max-video-preview:-1\" \/>\n<link rel=\"canonical\" href=\"https:\/\/apartments-jahorina.com\/cijene-skijanja-na-jahorini\/\" \/>\n<meta property=\"og:locale\" content=\"hu_HU\" \/>\n<meta property=\"og:type\" content=\"article\" \/>\n<meta property=\"og:title\" content=\"S\u00edel\u00e9si \u00e1rak Jahorin\u00e1n - BESTBLICK Apartments Jahorina\" \/>\n<meta property=\"og:description\" content=\"S\u00edel\u00e9si \u00e1rak Jahorin\u00e1n HomeS\u00edel\u00e9si \u00e1rak Jahorin\u00e1n S\u00edel\u00e9si \u00e1rak Jahorin\u00e1n \u2013 Bestblick Apartmanok A jahorinai s\u00edb\u00e9rletek \u00e1ra a 2024\/2025-\u00f6s szezonban a jegy t\u00edpus\u00e1t\u00f3l \u00e9s a s\u00edel\u00e9s id\u0151tartam\u00e1t\u00f3l f\u00fcgg, egynapos, t\u00f6bbnapos, szezon\u00e1lis \u00e9s csal\u00e1di s\u00edb\u00e9rletek k\u00f6z\u00fcl lehet v\u00e1lasztani. Egy egynapos s\u00edb\u00e9rlet \u00e1tlagosan k\u00f6r\u00fclbel\u00fcl 45 km-be (kb. 23 eur\u00f3) ker\u00fcl feln\u0151tteknek \u00e9s 35 km-be (kb. 18 eur\u00f3) gyerekeknek, [&hellip;]\" \/>\n<meta property=\"og:url\" content=\"https:\/\/apartments-jahorina.com\/cijene-skijanja-na-jahorini\/\" \/>\n<meta property=\"og:site_name\" content=\"BESTBLICK Apartments Jahorina\" \/>\n<meta property=\"article:modified_time\" content=\"2025-12-04T20:11:23+00:00\" \/>\n<meta property=\"og:image\" content=\"http:\/\/apartments-jahorina.com\/wp-content\/uploads\/2025\/11\/ski2-150x150.jpg\" \/>\n<meta name=\"twitter:card\" content=\"summary_large_image\" \/>\n<meta name=\"twitter:label1\" content=\"Becs\u00fclt olvas\u00e1si id\u0151\" \/>\n\t<meta name=\"twitter:data1\" content=\"1 perc\" \/>\n<script type=\"application\/ld+json\" class=\"yoast-schema-graph\">{\"@context\":\"https:\/\/schema.org\",\"@graph\":[{\"@type\":\"WebPage\",\"@id\":\"https:\/\/apartments-jahorina.com\/cijene-skijanja-na-jahorini\/\",\"url\":\"https:\/\/apartments-jahorina.com\/cijene-skijanja-na-jahorini\/\",\"name\":\"S\u00edel\u00e9si \u00e1rak Jahorin\u00e1n - BESTBLICK Apartments Jahorina\",\"isPartOf\":{\"@id\":\"https:\/\/apartments-jahorina.com\/#website\"},\"primaryImageOfPage\":{\"@id\":\"https:\/\/apartments-jahorina.com\/cijene-skijanja-na-jahorini\/#primaryimage\"},\"image\":{\"@id\":\"https:\/\/apartments-jahorina.com\/cijene-skijanja-na-jahorini\/#primaryimage\"},\"thumbnailUrl\":\"http:\/\/apartments-jahorina.com\/wp-content\/uploads\/2025\/11\/ski2-150x150.jpg\",\"datePublished\":\"2025-11-30T18:14:29+00:00\",\"dateModified\":\"2025-12-04T20:11:23+00:00\",\"breadcrumb\":{\"@id\":\"https:\/\/apartments-jahorina.com\/cijene-skijanja-na-jahorini\/#breadcrumb\"},\"inLanguage\":\"hu\",\"potentialAction\":[{\"@type\":\"ReadAction\",\"target\":[\"https:\/\/apartments-jahorina.com\/cijene-skijanja-na-jahorini\/\"]}]},{\"@type\":\"ImageObject\",\"inLanguage\":\"hu\",\"@id\":\"https:\/\/apartments-jahorina.com\/cijene-skijanja-na-jahorini\/#primaryimage\",\"url\":\"http:\/\/apartments-jahorina.com\/wp-content\/uploads\/2025\/11\/ski2-150x150.jpg\",\"contentUrl\":\"http:\/\/apartments-jahorina.com\/wp-content\/uploads\/2025\/11\/ski2-150x150.jpg\"},{\"@type\":\"BreadcrumbList\",\"@id\":\"https:\/\/apartments-jahorina.com\/cijene-skijanja-na-jahorini\/#breadcrumb\",\"itemListElement\":[{\"@type\":\"ListItem\",\"position\":1,\"name\":\"Home\",\"item\":\"https:\/\/apartments-jahorina.com\/hu\/\"},{\"@type\":\"ListItem\",\"position\":2,\"name\":\"S\u00edel\u00e9si \u00e1rak Jahorin\u00e1n\"}]},{\"@type\":\"WebSite\",\"@id\":\"https:\/\/apartments-jahorina.com\/#website\",\"url\":\"https:\/\/apartments-jahorina.com\/\",\"name\":\"BESTBLICK Apartments Jahorina\",\"description\":\"Moderni apartmani s pogledom na ski-stazu\",\"potentialAction\":[{\"@type\":\"SearchAction\",\"target\":{\"@type\":\"EntryPoint\",\"urlTemplate\":\"https:\/\/apartments-jahorina.com\/?s={search_term_string}\"},\"query-input\":{\"@type\":\"PropertyValueSpecification\",\"valueRequired\":true,\"valueName\":\"search_term_string\"}}],\"inLanguage\":\"hu\"}]}<\/script>\n<!-- \/ Yoast SEO plugin. -->","yoast_head_json":{"title":"S\u00edel\u00e9si \u00e1rak Jahorin\u00e1n - BESTBLICK Apartments Jahorina","robots":{"index":"index","follow":"follow","max-snippet":"max-snippet:-1","max-image-preview":"max-image-preview:large","max-video-preview":"max-video-preview:-1"},"canonical":"https:\/\/apartments-jahorina.com\/cijene-skijanja-na-jahorini\/","og_locale":"hu_HU","og_type":"article","og_title":"S\u00edel\u00e9si \u00e1rak Jahorin\u00e1n - BESTBLICK Apartments Jahorina","og_description":"S\u00edel\u00e9si \u00e1rak Jahorin\u00e1n HomeS\u00edel\u00e9si \u00e1rak Jahorin\u00e1n S\u00edel\u00e9si \u00e1rak Jahorin\u00e1n \u2013 Bestblick Apartmanok A jahorinai s\u00edb\u00e9rletek \u00e1ra a 2024\/2025-\u00f6s szezonban a jegy t\u00edpus\u00e1t\u00f3l \u00e9s a s\u00edel\u00e9s id\u0151tartam\u00e1t\u00f3l f\u00fcgg, egynapos, t\u00f6bbnapos, szezon\u00e1lis \u00e9s csal\u00e1di s\u00edb\u00e9rletek k\u00f6z\u00fcl lehet v\u00e1lasztani. Egy egynapos s\u00edb\u00e9rlet \u00e1tlagosan k\u00f6r\u00fclbel\u00fcl 45 km-be (kb. 23 eur\u00f3) ker\u00fcl feln\u0151tteknek \u00e9s 35 km-be (kb. 18 eur\u00f3) gyerekeknek, [&hellip;]","og_url":"https:\/\/apartments-jahorina.com\/cijene-skijanja-na-jahorini\/","og_site_name":"BESTBLICK Apartments Jahorina","article_modified_time":"2025-12-04T20:11:23+00:00","og_image":[{"url":"http:\/\/apartments-jahorina.com\/wp-content\/uploads\/2025\/11\/ski2-150x150.jpg","type":"","width":"","height":""}],"twitter_card":"summary_large_image","twitter_misc":{"Becs\u00fclt olvas\u00e1si id\u0151":"1 perc"},"schema":{"@context":"https:\/\/schema.org","@graph":[{"@type":"WebPage","@id":"https:\/\/apartments-jahorina.com\/cijene-skijanja-na-jahorini\/","url":"https:\/\/apartments-jahorina.com\/cijene-skijanja-na-jahorini\/","name":"S\u00edel\u00e9si \u00e1rak Jahorin\u00e1n - BESTBLICK Apartments Jahorina","isPartOf":{"@id":"https:\/\/apartments-jahorina.com\/#website"},"primaryImageOfPage":{"@id":"https:\/\/apartments-jahorina.com\/cijene-skijanja-na-jahorini\/#primaryimage"},"image":{"@id":"https:\/\/apartments-jahorina.com\/cijene-skijanja-na-jahorini\/#primaryimage"},"thumbnailUrl":"http:\/\/apartments-jahorina.com\/wp-content\/uploads\/2025\/11\/ski2-150x150.jpg","datePublished":"2025-11-30T18:14:29+00:00","dateModified":"2025-12-04T20:11:23+00:00","breadcrumb":{"@id":"https:\/\/apartments-jahorina.com\/cijene-skijanja-na-jahorini\/#breadcrumb"},"inLanguage":"hu","potentialAction":[{"@type":"ReadAction","target":["https:\/\/apartments-jahorina.com\/cijene-skijanja-na-jahorini\/"]}]},{"@type":"ImageObject","inLanguage":"hu","@id":"https:\/\/apartments-jahorina.com\/cijene-skijanja-na-jahorini\/#primaryimage","url":"http:\/\/apartments-jahorina.com\/wp-content\/uploads\/2025\/11\/ski2-150x150.jpg","contentUrl":"http:\/\/apartments-jahorina.com\/wp-content\/uploads\/2025\/11\/ski2-150x150.jpg"},{"@type":"BreadcrumbList","@id":"https:\/\/apartments-jahorina.com\/cijene-skijanja-na-jahorini\/#breadcrumb","itemListElement":[{"@type":"ListItem","position":1,"name":"Home","item":"https:\/\/apartments-jahorina.com\/hu\/"},{"@type":"ListItem","position":2,"name":"S\u00edel\u00e9si \u00e1rak Jahorin\u00e1n"}]},{"@type":"WebSite","@id":"https:\/\/apartments-jahorina.com\/#website","url":"https:\/\/apartments-jahorina.com\/","name":"BESTBLICK Apartments Jahorina","description":"Moderni apartmani s pogledom na ski-stazu","potentialAction":[{"@type":"SearchAction","target":{"@type":"EntryPoint","urlTemplate":"https:\/\/apartments-jahorina.com\/?s={search_term_string}"},"query-input":{"@type":"PropertyValueSpecification","valueRequired":true,"valueName":"search_term_string"}}],"inLanguage":"hu"}]}},"_links":{"self":[{"href":"https:\/\/apartments-jahorina.com\/hu\/wp-json\/wp\/v2\/pages\/10057","targetHints":{"allow":["GET"]}}],"collection":[{"href":"https:\/\/apartments-jahorina.com\/hu\/wp-json\/wp\/v2\/pages"}],"about":[{"href":"https:\/\/apartments-jahorina.com\/hu\/wp-json\/wp\/v2\/types\/page"}],"author":[{"embeddable":true,"href":"https:\/\/apartments-jahorina.com\/hu\/wp-json\/wp\/v2\/users\/1"}],"replies":[{"embeddable":true,"href":"https:\/\/apartments-jahorina.com\/hu\/wp-json\/wp\/v2\/comments?post=10057"}],"version-history":[{"count":10,"href":"https:\/\/apartments-jahorina.com\/hu\/wp-json\/wp\/v2\/pages\/10057\/revisions"}],"predecessor-version":[{"id":11829,"href":"https:\/\/apartments-jahorina.com\/hu\/wp-json\/wp\/v2\/pages\/10057\/revisions\/11829"}],"wp:attachment":[{"href":"https:\/\/apartments-jahorina.com\/hu\/wp-json\/wp\/v2\/media?parent=10057"}],"curies":[{"name":"wp","href":"https:\/\/api.w.org\/{rel}","templated":true}]}}