{"id":10063,"date":"2025-11-30T18:10:03","date_gmt":"2025-11-30T18:10:03","guid":{"rendered":"http:\/\/apartments-jahorina.com\/cijene-apartmana-jahorina\/"},"modified":"2025-12-04T20:09:22","modified_gmt":"2025-12-04T20:09:22","slug":"jahorina-apartmanok-arai","status":"publish","type":"page","link":"https:\/\/apartments-jahorina.com\/hu\/jahorina-apartmanok-arai\/","title":{"rendered":"Jahorina apartmanok \u00e1rai"},"content":{"rendered":"\t\t<div data-elementor-type=\"wp-page\" data-elementor-id=\"10063\" class=\"elementor elementor-10063 elementor-9843\">\n\t\t\t\t<div class=\"elementor-element elementor-element-1534653e e-con-full e-flex e-con e-parent\" data-id=\"1534653e\" data-element_type=\"container\">\n\t\t\t\t<div class=\"elementor-element elementor-element-505d1320 elementor-widget elementor-widget-html\" data-id=\"505d1320\" data-element_type=\"widget\" data-widget_type=\"html.default\">\n\t\t\t\t\t<div class=\"breadcrumb-wrap\">\t\t<div data-elementor-type=\"wp-post\" data-elementor-id=\"3360\" class=\"elementor elementor-3360\">\n\t\t\t\t<div class=\"elementor-element elementor-element-ca5cff3 e-flex e-con-boxed e-con e-parent e-lazyloaded\" data-id=\"ca5cff3\" data-element_type=\"container\" data-settings=\"{&quot;background_background&quot;:&quot;classic&quot;}\">\n\t\t\t\t\t<div class=\"e-con-inner\">\n\t\t\t\t<div class=\"elementor-element elementor-element-bb28bfc hidden-antra-title-single-yes elementor-widget elementor-widget-woocommerce-breadcrumb\" data-id=\"bb28bfc\" data-element_type=\"widget\" data-widget_type=\"woocommerce-breadcrumb.default\">\n\t\t\t\t<div class=\"elementor-widget-container\">\n\t\t\t\t\t<div class=\"antra-woocommerce-title\">Jahorina apartmanok \u00e1rai<\/div><nav class=\"woocommerce-breadcrumb\"><a href=\"http:\/\/apartments-jahorina.com\/\">Home<\/a><i class=\"antra-icon-breadcrumb\"><\/i><span class=\"current-page\">Jahorina apartmanok \u00e1rai<\/span><\/nav>\t\t\t\t<\/div>\n\t\t\t\t<\/div>\n\t\t\t\t\t<\/div>\n\t\t\t\t<\/div>\n\t\t\t\t<\/div>\n\t\t<\/div>\t\t\t\t<\/div>\n\t\t\t\t<\/div>\n\t\t<div class=\"elementor-element elementor-element-12b6bd6 e-flex e-con-boxed e-con e-parent\" data-id=\"12b6bd6\" data-element_type=\"container\">\n\t\t\t\t\t<div class=\"e-con-inner\">\n\t\t<div class=\"elementor-element elementor-element-7b8b529 e-con-full e-flex e-con e-child\" data-id=\"7b8b529\" data-element_type=\"container\">\n\t\t<div class=\"elementor-element elementor-element-52f5450 e-con-full e-flex e-con e-child\" data-id=\"52f5450\" data-element_type=\"container\">\n\t\t\t\t<div class=\"elementor-element elementor-element-ef7ac5e elementor-absolute elementor-hidden-mobile elementor-view-default elementor-invisible elementor-widget elementor-widget-icon\" data-id=\"ef7ac5e\" data-element_type=\"widget\" data-settings=\"{&quot;_position&quot;:&quot;absolute&quot;,&quot;motion_fx_motion_fx_scrolling&quot;:&quot;yes&quot;,&quot;motion_fx_translateX_effect&quot;:&quot;yes&quot;,&quot;motion_fx_translateX_speed&quot;:{&quot;unit&quot;:&quot;px&quot;,&quot;size&quot;:1.5,&quot;sizes&quot;:[]},&quot;_animation&quot;:&quot;opal-move-right&quot;,&quot;motion_fx_translateX_affectedRange&quot;:{&quot;unit&quot;:&quot;%&quot;,&quot;size&quot;:&quot;&quot;,&quot;sizes&quot;:{&quot;start&quot;:0,&quot;end&quot;:100}},&quot;motion_fx_devices&quot;:[&quot;desktop&quot;,&quot;laptop&quot;,&quot;tablet_extra&quot;,&quot;tablet&quot;,&quot;mobile_extra&quot;,&quot;mobile&quot;]}\" data-widget_type=\"icon.default\">\n\t\t\t\t\t\t\t<div class=\"elementor-icon-wrapper\">\n\t\t\t<div class=\"elementor-icon\">\n\t\t\t\t\t\t<\/div>\n\t\t<\/div>\n\t\t\t\t\t\t<\/div>\n\t\t\t\t<div class=\"elementor-element elementor-element-7a3b481 elementor-widget__width-auto elementor-absolute elementor-hidden-mobile elementor-view-default elementor-invisible elementor-widget elementor-widget-icon\" data-id=\"7a3b481\" data-element_type=\"widget\" data-settings=\"{&quot;_position&quot;:&quot;absolute&quot;,&quot;motion_fx_motion_fx_scrolling&quot;:&quot;yes&quot;,&quot;motion_fx_translateY_effect&quot;:&quot;yes&quot;,&quot;motion_fx_translateY_direction&quot;:&quot;negative&quot;,&quot;motion_fx_translateY_speed&quot;:{&quot;unit&quot;:&quot;px&quot;,&quot;size&quot;:1.2,&quot;sizes&quot;:[]},&quot;_animation&quot;:&quot;opal-move-down&quot;,&quot;motion_fx_translateY_affectedRange&quot;:{&quot;unit&quot;:&quot;%&quot;,&quot;size&quot;:&quot;&quot;,&quot;sizes&quot;:{&quot;start&quot;:0,&quot;end&quot;:100}},&quot;motion_fx_devices&quot;:[&quot;desktop&quot;,&quot;laptop&quot;,&quot;tablet_extra&quot;,&quot;tablet&quot;,&quot;mobile_extra&quot;,&quot;mobile&quot;]}\" data-widget_type=\"icon.default\">\n\t\t\t\t\t\t\t<div class=\"elementor-icon-wrapper\">\n\t\t\t<div class=\"elementor-icon\">\n\t\t\t\t\t\t<\/div>\n\t\t<\/div>\n\t\t\t\t\t\t<\/div>\n\t\t\t\t<\/div>\n\t\t<div class=\"elementor-element elementor-element-4e0b3cc e-con-full e-flex e-con e-child\" data-id=\"4e0b3cc\" data-element_type=\"container\">\n\t\t\t\t<div class=\"elementor-element elementor-element-6bc46d3 elementor-widget__width-initial elementor-invisible elementor-widget elementor-widget-heading\" data-id=\"6bc46d3\" data-element_type=\"widget\" data-settings=\"{&quot;_animation&quot;:&quot;opal-move-left&quot;}\" data-widget_type=\"heading.default\">\n\t\t\t\t\t<h2 data-cursor=\"-opaque\" class=\"elementor-heading-title elementor-size-default\">Jahorina apartmanok \u00e1rai \u2013  <span class=\"c-primary\">Bestblick Apartmanok<\/span><\/h2>\t\t\t\t<\/div>\n\t\t\t\t<div class=\"elementor-element elementor-element-4aa09f6 elementor-widget__width-initial elementor-invisible elementor-widget elementor-widget-text-editor\" data-id=\"4aa09f6\" data-element_type=\"widget\" data-settings=\"{&quot;_animation&quot;:&quot;opal-move-left&quot;}\" data-widget_type=\"text-editor.default\">\n\t\t\t\t\t\t\t\t\t<p>Jahorina, Bosznia-Hercegovina egyik legn\u00e9pszer\u0171bb s\u00edterepe, minden t\u00e9len turist\u00e1kat vonz, \u00e9s az apartmanok a leggyakrabban v\u00e1lasztott sz\u00e1ll\u00e1st\u00edpusok az el\u00e9rhet\u0151s\u00e9g\u00fck \u00e9s k\u00e9nyelm\u00fck miatt. A jahorinai apartmanok \u00e1rai az \u00e9vszakt\u00f3l, a s\u00edp\u00e1ly\u00e1k k\u00f6zels\u00e9g\u00e9t\u0151l, a k\u00e9nyelemt\u0151l \u00e9s a kieg\u00e9sz\u00edt\u0151 szolg\u00e1ltat\u00e1sokt\u00f3l f\u00fcgg\u0151en v\u00e1ltoznak.<\/p>\t\t\t\t\t\t\t\t<\/div>\n\t\t\t\t<\/div>\n\t\t\t\t<\/div>\n\t\t<div class=\"elementor-element elementor-element-300ae1a e-con-full e-flex e-con e-child\" data-id=\"300ae1a\" data-element_type=\"container\">\n\t\t<div class=\"elementor-element elementor-element-70f5e3f e-con-full e-flex e-con e-child\" data-id=\"70f5e3f\" data-element_type=\"container\">\n\t\t\t\t<div class=\"elementor-element elementor-element-67151ae elementor-invisible elementor-widget elementor-widget-n-accordion\" data-id=\"67151ae\" data-element_type=\"widget\" data-settings=\"{&quot;_animation&quot;:&quot;opal-move-right&quot;,&quot;default_state&quot;:&quot;all_collapsed&quot;,&quot;max_items_expended&quot;:&quot;one&quot;,&quot;n_accordion_animation_duration&quot;:{&quot;unit&quot;:&quot;ms&quot;,&quot;size&quot;:400,&quot;sizes&quot;:[]}}\" data-widget_type=\"nested-accordion.default\">\n\t\t\t\t\t\t\t<div class=\"e-n-accordion\" aria-label=\"Accordion. Open links with Enter or Space, close with Escape, and navigate with Arrow Keys\">\n\t\t\t\t\t\t<details id=\"e-n-accordion-item-1080\" class=\"e-n-accordion-item\" >\n\t\t\t\t<summary class=\"e-n-accordion-item-title\" data-accordion-index=\"1\" tabindex=\"0\" aria-expanded=\"false\" aria-controls=\"e-n-accordion-item-1080\" >\n\t\t\t\t\t<span class='e-n-accordion-item-title-header'><div class=\"e-n-accordion-item-title-text\"> \u00c1rak \u00e1ttekint\u00e9se apartman t\u00edpusok szerint <\/div><\/span>\n\t\t\t\t\t\t\t<span class='e-n-accordion-item-title-icon'>\n\t\t\t<span class='e-opened' ><i aria-hidden=\"true\" class=\"antra-icon- antra-icon-minus\"><\/i><\/span>\n\t\t\t<span class='e-closed'><i aria-hidden=\"true\" class=\"antra-icon- antra-icon-plus\"><\/i><\/span>\n\t\t<\/span>\n\n\t\t\t\t\t\t<\/summary>\n\t\t\t\t<div role=\"region\" aria-labelledby=\"e-n-accordion-item-1080\" class=\"elementor-element elementor-element-efa299f e-con-full e-flex e-con e-child\" data-id=\"efa299f\" data-element_type=\"container\">\n\t\t\t\t<div class=\"elementor-element elementor-element-bf5b1c6 elementor-widget__width-initial elementor-widget elementor-widget-text-editor\" data-id=\"bf5b1c6\" data-element_type=\"widget\" data-widget_type=\"text-editor.default\">\n\t\t\t\t\t\t\t\t\t<ol><li><p><strong><span dir=\"auto\">Alap apartmanok (60-80 eur\u00f3\/\u00e9j)<\/span><\/strong><br \/><span dir=\"auto\">Ezek az apartmanok \u00e1ltal\u00e1ban alapvet\u0151 szolg\u00e1ltat\u00e1sokat k\u00edn\u00e1lnak, mint p\u00e9ld\u00e1ul ingyenes Wi-Fi, f\u0171t\u00e9s \u00e9s parkol\u00e1s. A s\u00edp\u00e1ly\u00e1kt\u00f3l t\u00e1volabb helyezkednek el, de m\u00e9gis nagyon n\u00e9pszer\u0171ek a k\u00f6lts\u00e9gvet\u00e9s\u00fckre t\u00f6rekv\u0151 vend\u00e9gek k\u00f6r\u00e9ben. Ide\u00e1lis v\u00e1laszt\u00e1s p\u00e1rok vagy kis csal\u00e1dok sz\u00e1m\u00e1ra, akik megfizethet\u0151\u00a0\u00a0<\/span><a href=\"https:\/\/translate.google.com\/website?sl=hr&amp;tl=hu&amp;hl=en&amp;client=webapp&amp;u=https:\/\/apartments-jahorina.com\/smjestaj-jahorina\/\"><span dir=\"auto\">sz\u00e1ll\u00e1st<\/span><\/a><span dir=\"auto\">\u00a0\u00a0\u00e9s mag\u00e1n\u00e9letet szeretn\u00e9nek.<\/span><\/p><\/li><li><p><strong><span dir=\"auto\">Standard apartmanok (80-100 eur\u00f3\/\u00e9j)<\/span><\/strong><br \/><span dir=\"auto\">Ezek az apartmanok nagyobb k\u00e9nyelmet k\u00edn\u00e1lnak, \u00e9s sok k\u00f6z\u00fcl\u00fck k\u00f6zelebb tal\u00e1lhat\u00f3 a s\u00edfelvon\u00f3khoz \u00e9s a f\u0151bb lejt\u0151kh\u00f6z. Tov\u00e1bbi felszerelts\u00e9ggel rendelkeznek, mint p\u00e9ld\u00e1ul modern konyha, t\u00e1gas nappali \u00e9s kil\u00e1t\u00e1s a hegycs\u00facsokra. Sok apartman csal\u00e1dok \u00e9s kisebb csoportok sz\u00e1m\u00e1ra k\u00e9sz\u00fclt, 4-6 f\u0151 befogad\u00e1s\u00e1ra alkalmas hellyel, \u00edgy gazdas\u00e1gosak a k\u00f6z\u00f6s k\u00f6lts\u00e9gek szempontj\u00e1b\u00f3l.<\/span><\/p><\/li><li><p><strong><span dir=\"auto\">Luxus apartmanok (100-200 eur\u00f3\/\u00e9j)<\/span><\/strong><br \/><span dir=\"auto\">A t\u00e9li szezon cs\u00facs\u00e1n a luxus apartmanok tov\u00e1bbi szolg\u00e1ltat\u00e1sokat k\u00edn\u00e1lnak, mint p\u00e9ld\u00e1ul priv\u00e1t szauna, wellnessk\u00f6zpontok haszn\u00e1lata, k\u00f6zvetlen hozz\u00e1f\u00e9r\u00e9s a s\u00edp\u00e1ly\u00e1khoz \u00e9s t\u00f6k\u00e9letes panor\u00e1m\u00e1s kil\u00e1t\u00e1s. N\u00e9pszer\u0171ek a pr\u00e9mium \u00e9lm\u00e9nyt keres\u0151 turist\u00e1k k\u00f6r\u00e9ben, akik hajland\u00f3ak t\u00f6bbet fizetni a k\u00e9nyelem\u00e9rt \u00e9s a s\u00edp\u00e1ly\u00e1k k\u00f6zels\u00e9g\u00e9\u00e9rt. Emellett olyan szolg\u00e1ltat\u00e1sokat is k\u00edn\u00e1lnak, mint a kandall\u00f3k, t\u00e1gas teraszok \u00e9s priv\u00e1t gar\u00e1zsok, \u00edgy ide\u00e1lisak csoportok \u00e9s csal\u00e1dok sz\u00e1m\u00e1ra.<\/span><\/p><\/li><\/ol>\t\t\t\t\t\t\t\t<\/div>\n\t\t\t\t<\/div>\n\t\t\t\t\t<\/details>\n\t\t\t\t\t\t<details id=\"e-n-accordion-item-1081\" class=\"e-n-accordion-item\" >\n\t\t\t\t<summary class=\"e-n-accordion-item-title\" data-accordion-index=\"2\" tabindex=\"-1\" aria-expanded=\"false\" aria-controls=\"e-n-accordion-item-1081\" >\n\t\t\t\t\t<span class='e-n-accordion-item-title-header'><div class=\"e-n-accordion-item-title-text\"> \u00c1rak szezonban \u00e9s szezonon k\u00edv\u00fcl <\/div><\/span>\n\t\t\t\t\t\t\t<span class='e-n-accordion-item-title-icon'>\n\t\t\t<span class='e-opened' ><i aria-hidden=\"true\" class=\"antra-icon- antra-icon-minus\"><\/i><\/span>\n\t\t\t<span class='e-closed'><i aria-hidden=\"true\" class=\"antra-icon- antra-icon-plus\"><\/i><\/span>\n\t\t<\/span>\n\n\t\t\t\t\t\t<\/summary>\n\t\t\t\t<div role=\"region\" aria-labelledby=\"e-n-accordion-item-1081\" class=\"elementor-element elementor-element-f0098d4 e-con-full e-flex e-con e-child\" data-id=\"f0098d4\" data-element_type=\"container\">\n\t\t\t\t<div class=\"elementor-element elementor-element-6580925 elementor-widget__width-initial elementor-widget elementor-widget-text-editor\" data-id=\"6580925\" data-element_type=\"widget\" data-widget_type=\"text-editor.default\">\n\t\t\t\t\t\t\t\t\t<p>A Jahorina-hegys\u00e9g apartman\u00e1rai a t\u00e9li f\u0151szezonban (decembert\u0151l febru\u00e1rig) emelkednek, k\u00fcl\u00f6n\u00f6sen az \u00faj\u00e9vi \u00fcnnepek k\u00f6rny\u00e9k\u00e9n, amikor a legnagyobb a kereslet. Ezekben a h\u00f3napokban a lejt\u0151kh\u00f6z k\u00f6zelebb es\u0151 apartmanok gyakran dr\u00e1g\u00e1bbak \u00e9s korl\u00e1tozott a rendelkez\u00e9sre \u00e1ll\u00e1suk, ez\u00e9rt aj\u00e1nlott el\u0151re lefoglalni. A szezonon k\u00edv\u00fcli id\u0151szakban az \u00e1rak alacsonyabbak, \u00e9s gyakran 20-40%-kal alacsonyabbak, mint a t\u00e9li h\u00f3napokban.<\/p>\t\t\t\t\t\t\t\t<\/div>\n\t\t\t\t<\/div>\n\t\t\t\t\t<\/details>\n\t\t\t\t\t\t<details id=\"e-n-accordion-item-1082\" class=\"e-n-accordion-item\" >\n\t\t\t\t<summary class=\"e-n-accordion-item-title\" data-accordion-index=\"3\" tabindex=\"-1\" aria-expanded=\"false\" aria-controls=\"e-n-accordion-item-1082\" >\n\t\t\t\t\t<span class='e-n-accordion-item-title-header'><div class=\"e-n-accordion-item-title-text\"> N\u00e9pszer\u0171 apartmanok \u00e9s aj\u00e1nlott foglal\u00e1si lehet\u0151s\u00e9gek <\/div><\/span>\n\t\t\t\t\t\t\t<span class='e-n-accordion-item-title-icon'>\n\t\t\t<span class='e-opened' ><i aria-hidden=\"true\" class=\"antra-icon- antra-icon-minus\"><\/i><\/span>\n\t\t\t<span class='e-closed'><i aria-hidden=\"true\" class=\"antra-icon- antra-icon-plus\"><\/i><\/span>\n\t\t<\/span>\n\n\t\t\t\t\t\t<\/summary>\n\t\t\t\t<div role=\"region\" aria-labelledby=\"e-n-accordion-item-1082\" class=\"elementor-element elementor-element-5471b18 e-con-full e-flex e-con e-child\" data-id=\"5471b18\" data-element_type=\"container\">\n\t\t\t\t<div class=\"elementor-element elementor-element-9cf7c35 elementor-widget__width-initial elementor-widget elementor-widget-text-editor\" data-id=\"9cf7c35\" data-element_type=\"widget\" data-widget_type=\"text-editor.default\">\n\t\t\t\t\t\t\t\t\t<ul><li><strong><span dir=\"auto\">Bestblick Apartments Jahorina<\/span><\/strong><span dir=\"auto\">\u00a0\u00a0\u2013 A s\u00edp\u00e1ly\u00e1k k\u00f6zel\u00e9ben tal\u00e1lhat\u00f3 apartmanok luxus \u00e9lm\u00e9nyt ny\u00fajtanak erk\u00e9llyel, kil\u00e1t\u00e1ssal a lejt\u0151kre, f\u0171t\u00e9ssel \u00e9s t\u00e1gas nappalival, az \u00e1rak pedig szezonban 130 \u00e9s 200 eur\u00f3 k\u00f6z\u00f6tt mozognak.<\/span><div class=\"relative inline-flex items-center\"><a class=\"flex h-[22px] items-center rounded-xl px-2 text-[0.5em] !font-medium uppercase bg-[#f4f4f4] !text-token-text-secondary hover:bg-token-text-primary hover:!text-token-main-surface-secondary dark:bg-token-main-surface-secondary dark:hover:bg-token-text-primary relative top-[-0.094rem]\" href=\"https:\/\/translate.google.com\/website?sl=hr&amp;tl=hu&amp;hl=en&amp;client=webapp&amp;u=https:\/\/www.booking.com\/hotel\/ba\/bestblick-apartments-jahorina-snjezna-dolina.en-gb.html\" target=\"_blank\" rel=\"noopener\"><span class=\"truncate\"><span dir=\"auto\">Booking.com<\/span><\/span><\/a><\/div><span dir=\"auto\">.<\/span><\/li><\/ul><p><span dir=\"auto\">A legfrissebb \u00e1rakkal \u00e9s el\u00e9rhet\u0151s\u00e9ggel kapcsolatos tov\u00e1bbi r\u00e9szletek\u00e9rt aj\u00e1nlott speci\u00e1lis platformokon, p\u00e9ld\u00e1ul\u00a0\u00a0\u00a0<\/span><a href=\"https:\/\/translate.google.com\/website?sl=hr&amp;tl=hu&amp;hl=en&amp;client=webapp&amp;u=https:\/\/www.booking.com\/hotel\/ba\/bestblick-apartments-jahorina-snjezna-dolina.en-gb.html\" target=\"_new\" rel=\"noopener\"><span dir=\"auto\">a Booking.com-on kereszt\u00fcl foglalni,<\/span><\/a><span dir=\"auto\">\u00a0\u00a0 ahol az \u00f6sszes sz\u00e1ll\u00e1saj\u00e1nlat \u00e9s kedvezm\u00e9ny a korai foglal\u00e1sokra vonatkoz\u00f3an friss\u00fcl.<\/span><\/p>\t\t\t\t\t\t\t\t<\/div>\n\t\t\t\t<\/div>\n\t\t\t\t\t<\/details>\n\t\t\t\t\t<\/div>\n\t\t\t\t\t\t<\/div>\n\t\t\t\t<\/div>\n\t\t<div class=\"elementor-element elementor-element-7c44126 e-con-full e-flex e-con e-child\" data-id=\"7c44126\" data-element_type=\"container\">\n\t\t\t\t<div class=\"elementor-element elementor-element-5b562f9 elementor-invisible elementor-widget elementor-widget-image\" data-id=\"5b562f9\" data-element_type=\"widget\" data-settings=\"{&quot;_animation&quot;:&quot;opal-move-left&quot;}\" data-widget_type=\"image.default\">\n\t\t\t\t\t<div class=\"antra-wrapper-image-widget\" data-cursor=\"-opaque\">\t\t\t\t\t\t\t\t\t\t<img loading=\"lazy\" decoding=\"async\" width=\"480\" height=\"540\" src=\"https:\/\/apartments-jahorina.com\/wp-content\/uploads\/2025\/11\/novadesno.jpg\" class=\"attachment-full size-full wp-image-10802\" alt=\"\" srcset=\"https:\/\/apartments-jahorina.com\/wp-content\/uploads\/2025\/11\/novadesno.jpg 480w, https:\/\/apartments-jahorina.com\/wp-content\/uploads\/2025\/11\/novadesno-267x300.jpg 267w\" sizes=\"(max-width: 480px) 100vw, 480px\" \/>\t\t\t\t\t\t\t\t\t\t\t<\/div>\t\t\t\t<\/div>\n\t\t\t\t<\/div>\n\t\t\t\t<\/div>\n\t\t\t\t\t<\/div>\n\t\t\t\t<\/div>\n\t\t\t\t<\/div>\n\t\t","protected":false},"excerpt":{"rendered":"<p>Jahorina apartmanok \u00e1rai HomeJahorina apartmanok \u00e1rai Jahorina apartmanok \u00e1rai \u2013 Bestblick Apartmanok Jahorina, Bosznia-Hercegovina egyik legn\u00e9pszer\u0171bb s\u00edterepe, minden t\u00e9len turist\u00e1kat vonz, \u00e9s az apartmanok a leggyakrabban v\u00e1lasztott sz\u00e1ll\u00e1st\u00edpusok az el\u00e9rhet\u0151s\u00e9g\u00fck \u00e9s k\u00e9nyelm\u00fck miatt. A jahorinai apartmanok \u00e1rai az \u00e9vszakt\u00f3l, a s\u00edp\u00e1ly\u00e1k k\u00f6zels\u00e9g\u00e9t\u0151l, a k\u00e9nyelemt\u0151l \u00e9s a kieg\u00e9sz\u00edt\u0151 szolg\u00e1ltat\u00e1sokt\u00f3l f\u00fcgg\u0151en v\u00e1ltoznak. \u00c1rak \u00e1ttekint\u00e9se apartman t\u00edpusok szerint [&hellip;]<\/p>\n","protected":false},"author":1,"featured_media":0,"parent":0,"menu_order":0,"comment_status":"closed","ping_status":"closed","template":"","meta":{"footnotes":""},"class_list":["post-10063","page","type-page","status-publish","hentry"],"yoast_head":"<!-- This site is optimized with the Yoast SEO plugin v26.4 - https:\/\/yoast.com\/wordpress\/plugins\/seo\/ -->\n<title>Jahorina apartmanok \u00e1rai - BESTBLICK Apartments Jahorina<\/title>\n<meta name=\"robots\" content=\"index, follow, max-snippet:-1, max-image-preview:large, max-video-preview:-1\" \/>\n<link rel=\"canonical\" href=\"https:\/\/apartments-jahorina.com\/cijene-apartmana-jahorina\/\" \/>\n<meta property=\"og:locale\" content=\"hu_HU\" \/>\n<meta property=\"og:type\" content=\"article\" \/>\n<meta property=\"og:title\" content=\"Jahorina apartmanok \u00e1rai - BESTBLICK Apartments Jahorina\" \/>\n<meta property=\"og:description\" content=\"Jahorina apartmanok \u00e1rai HomeJahorina apartmanok \u00e1rai Jahorina apartmanok \u00e1rai \u2013 Bestblick Apartmanok Jahorina, Bosznia-Hercegovina egyik legn\u00e9pszer\u0171bb s\u00edterepe, minden t\u00e9len turist\u00e1kat vonz, \u00e9s az apartmanok a leggyakrabban v\u00e1lasztott sz\u00e1ll\u00e1st\u00edpusok az el\u00e9rhet\u0151s\u00e9g\u00fck \u00e9s k\u00e9nyelm\u00fck miatt. A jahorinai apartmanok \u00e1rai az \u00e9vszakt\u00f3l, a s\u00edp\u00e1ly\u00e1k k\u00f6zels\u00e9g\u00e9t\u0151l, a k\u00e9nyelemt\u0151l \u00e9s a kieg\u00e9sz\u00edt\u0151 szolg\u00e1ltat\u00e1sokt\u00f3l f\u00fcgg\u0151en v\u00e1ltoznak. \u00c1rak \u00e1ttekint\u00e9se apartman t\u00edpusok szerint [&hellip;]\" \/>\n<meta property=\"og:url\" content=\"https:\/\/apartments-jahorina.com\/cijene-apartmana-jahorina\/\" \/>\n<meta property=\"og:site_name\" content=\"BESTBLICK Apartments Jahorina\" \/>\n<meta property=\"article:modified_time\" content=\"2025-12-04T20:09:22+00:00\" \/>\n<meta property=\"og:image\" content=\"http:\/\/apartments-jahorina.com\/wp-content\/uploads\/2025\/11\/novadesno.jpg\" \/>\n<meta name=\"twitter:card\" content=\"summary_large_image\" \/>\n<meta name=\"twitter:label1\" content=\"Becs\u00fclt olvas\u00e1si id\u0151\" \/>\n\t<meta name=\"twitter:data1\" content=\"5 perc\" \/>\n<script type=\"application\/ld+json\" class=\"yoast-schema-graph\">{\"@context\":\"https:\/\/schema.org\",\"@graph\":[{\"@type\":\"WebPage\",\"@id\":\"https:\/\/apartments-jahorina.com\/cijene-apartmana-jahorina\/\",\"url\":\"https:\/\/apartments-jahorina.com\/cijene-apartmana-jahorina\/\",\"name\":\"Jahorina apartmanok \u00e1rai - BESTBLICK Apartments Jahorina\",\"isPartOf\":{\"@id\":\"https:\/\/apartments-jahorina.com\/#website\"},\"primaryImageOfPage\":{\"@id\":\"https:\/\/apartments-jahorina.com\/cijene-apartmana-jahorina\/#primaryimage\"},\"image\":{\"@id\":\"https:\/\/apartments-jahorina.com\/cijene-apartmana-jahorina\/#primaryimage\"},\"thumbnailUrl\":\"http:\/\/apartments-jahorina.com\/wp-content\/uploads\/2025\/11\/novadesno.jpg\",\"datePublished\":\"2025-11-30T18:10:03+00:00\",\"dateModified\":\"2025-12-04T20:09:22+00:00\",\"breadcrumb\":{\"@id\":\"https:\/\/apartments-jahorina.com\/cijene-apartmana-jahorina\/#breadcrumb\"},\"inLanguage\":\"hu\",\"potentialAction\":[{\"@type\":\"ReadAction\",\"target\":[\"https:\/\/apartments-jahorina.com\/cijene-apartmana-jahorina\/\"]}]},{\"@type\":\"ImageObject\",\"inLanguage\":\"hu\",\"@id\":\"https:\/\/apartments-jahorina.com\/cijene-apartmana-jahorina\/#primaryimage\",\"url\":\"http:\/\/apartments-jahorina.com\/wp-content\/uploads\/2025\/11\/novadesno.jpg\",\"contentUrl\":\"http:\/\/apartments-jahorina.com\/wp-content\/uploads\/2025\/11\/novadesno.jpg\"},{\"@type\":\"BreadcrumbList\",\"@id\":\"https:\/\/apartments-jahorina.com\/cijene-apartmana-jahorina\/#breadcrumb\",\"itemListElement\":[{\"@type\":\"ListItem\",\"position\":1,\"name\":\"Home\",\"item\":\"https:\/\/apartments-jahorina.com\/hu\/\"},{\"@type\":\"ListItem\",\"position\":2,\"name\":\"Jahorina apartmanok \u00e1rai\"}]},{\"@type\":\"WebSite\",\"@id\":\"https:\/\/apartments-jahorina.com\/#website\",\"url\":\"https:\/\/apartments-jahorina.com\/\",\"name\":\"BESTBLICK Apartments Jahorina\",\"description\":\"Moderni apartmani s pogledom na ski-stazu\",\"potentialAction\":[{\"@type\":\"SearchAction\",\"target\":{\"@type\":\"EntryPoint\",\"urlTemplate\":\"https:\/\/apartments-jahorina.com\/?s={search_term_string}\"},\"query-input\":{\"@type\":\"PropertyValueSpecification\",\"valueRequired\":true,\"valueName\":\"search_term_string\"}}],\"inLanguage\":\"hu\"}]}<\/script>\n<!-- \/ Yoast SEO plugin. -->","yoast_head_json":{"title":"Jahorina apartmanok \u00e1rai - BESTBLICK Apartments Jahorina","robots":{"index":"index","follow":"follow","max-snippet":"max-snippet:-1","max-image-preview":"max-image-preview:large","max-video-preview":"max-video-preview:-1"},"canonical":"https:\/\/apartments-jahorina.com\/cijene-apartmana-jahorina\/","og_locale":"hu_HU","og_type":"article","og_title":"Jahorina apartmanok \u00e1rai - BESTBLICK Apartments Jahorina","og_description":"Jahorina apartmanok \u00e1rai HomeJahorina apartmanok \u00e1rai Jahorina apartmanok \u00e1rai \u2013 Bestblick Apartmanok Jahorina, Bosznia-Hercegovina egyik legn\u00e9pszer\u0171bb s\u00edterepe, minden t\u00e9len turist\u00e1kat vonz, \u00e9s az apartmanok a leggyakrabban v\u00e1lasztott sz\u00e1ll\u00e1st\u00edpusok az el\u00e9rhet\u0151s\u00e9g\u00fck \u00e9s k\u00e9nyelm\u00fck miatt. A jahorinai apartmanok \u00e1rai az \u00e9vszakt\u00f3l, a s\u00edp\u00e1ly\u00e1k k\u00f6zels\u00e9g\u00e9t\u0151l, a k\u00e9nyelemt\u0151l \u00e9s a kieg\u00e9sz\u00edt\u0151 szolg\u00e1ltat\u00e1sokt\u00f3l f\u00fcgg\u0151en v\u00e1ltoznak. \u00c1rak \u00e1ttekint\u00e9se apartman t\u00edpusok szerint [&hellip;]","og_url":"https:\/\/apartments-jahorina.com\/cijene-apartmana-jahorina\/","og_site_name":"BESTBLICK Apartments Jahorina","article_modified_time":"2025-12-04T20:09:22+00:00","og_image":[{"url":"http:\/\/apartments-jahorina.com\/wp-content\/uploads\/2025\/11\/novadesno.jpg","type":"","width":"","height":""}],"twitter_card":"summary_large_image","twitter_misc":{"Becs\u00fclt olvas\u00e1si id\u0151":"5 perc"},"schema":{"@context":"https:\/\/schema.org","@graph":[{"@type":"WebPage","@id":"https:\/\/apartments-jahorina.com\/cijene-apartmana-jahorina\/","url":"https:\/\/apartments-jahorina.com\/cijene-apartmana-jahorina\/","name":"Jahorina apartmanok \u00e1rai - BESTBLICK Apartments Jahorina","isPartOf":{"@id":"https:\/\/apartments-jahorina.com\/#website"},"primaryImageOfPage":{"@id":"https:\/\/apartments-jahorina.com\/cijene-apartmana-jahorina\/#primaryimage"},"image":{"@id":"https:\/\/apartments-jahorina.com\/cijene-apartmana-jahorina\/#primaryimage"},"thumbnailUrl":"http:\/\/apartments-jahorina.com\/wp-content\/uploads\/2025\/11\/novadesno.jpg","datePublished":"2025-11-30T18:10:03+00:00","dateModified":"2025-12-04T20:09:22+00:00","breadcrumb":{"@id":"https:\/\/apartments-jahorina.com\/cijene-apartmana-jahorina\/#breadcrumb"},"inLanguage":"hu","potentialAction":[{"@type":"ReadAction","target":["https:\/\/apartments-jahorina.com\/cijene-apartmana-jahorina\/"]}]},{"@type":"ImageObject","inLanguage":"hu","@id":"https:\/\/apartments-jahorina.com\/cijene-apartmana-jahorina\/#primaryimage","url":"http:\/\/apartments-jahorina.com\/wp-content\/uploads\/2025\/11\/novadesno.jpg","contentUrl":"http:\/\/apartments-jahorina.com\/wp-content\/uploads\/2025\/11\/novadesno.jpg"},{"@type":"BreadcrumbList","@id":"https:\/\/apartments-jahorina.com\/cijene-apartmana-jahorina\/#breadcrumb","itemListElement":[{"@type":"ListItem","position":1,"name":"Home","item":"https:\/\/apartments-jahorina.com\/hu\/"},{"@type":"ListItem","position":2,"name":"Jahorina apartmanok \u00e1rai"}]},{"@type":"WebSite","@id":"https:\/\/apartments-jahorina.com\/#website","url":"https:\/\/apartments-jahorina.com\/","name":"BESTBLICK Apartments Jahorina","description":"Moderni apartmani s pogledom na ski-stazu","potentialAction":[{"@type":"SearchAction","target":{"@type":"EntryPoint","urlTemplate":"https:\/\/apartments-jahorina.com\/?s={search_term_string}"},"query-input":{"@type":"PropertyValueSpecification","valueRequired":true,"valueName":"search_term_string"}}],"inLanguage":"hu"}]}},"_links":{"self":[{"href":"https:\/\/apartments-jahorina.com\/hu\/wp-json\/wp\/v2\/pages\/10063","targetHints":{"allow":["GET"]}}],"collection":[{"href":"https:\/\/apartments-jahorina.com\/hu\/wp-json\/wp\/v2\/pages"}],"about":[{"href":"https:\/\/apartments-jahorina.com\/hu\/wp-json\/wp\/v2\/types\/page"}],"author":[{"embeddable":true,"href":"https:\/\/apartments-jahorina.com\/hu\/wp-json\/wp\/v2\/users\/1"}],"replies":[{"embeddable":true,"href":"https:\/\/apartments-jahorina.com\/hu\/wp-json\/wp\/v2\/comments?post=10063"}],"version-history":[{"count":7,"href":"https:\/\/apartments-jahorina.com\/hu\/wp-json\/wp\/v2\/pages\/10063\/revisions"}],"predecessor-version":[{"id":11823,"href":"https:\/\/apartments-jahorina.com\/hu\/wp-json\/wp\/v2\/pages\/10063\/revisions\/11823"}],"wp:attachment":[{"href":"https:\/\/apartments-jahorina.com\/hu\/wp-json\/wp\/v2\/media?parent=10063"}],"curies":[{"name":"wp","href":"https:\/\/api.w.org\/{rel}","templated":true}]}}