{"id":10093,"date":"2025-11-14T12:00:39","date_gmt":"2025-11-14T12:00:39","guid":{"rendered":"http:\/\/apartments-jahorina.com\/pravila-privatnosti\/"},"modified":"2025-12-17T16:22:37","modified_gmt":"2025-12-17T16:22:37","slug":"adatvedelmi-iranyelvek","status":"publish","type":"page","link":"https:\/\/apartments-jahorina.com\/hu\/adatvedelmi-iranyelvek\/","title":{"rendered":"Adatv\u00e9delmi ir\u00e1nyelvek"},"content":{"rendered":"\r\n<p><span dir=\"auto\"><span class=\"\" dir=\"auto\">Apartmanok Jahorina, Obu\u0107ina Bare 85e, 71423 Jahorina, Bosznia \u00e9s Hercegovina.<\/span><\/span><\/p>\r\n<p><span dir=\"auto\">Tev\u00e9kenys\u00e9g\u00fcnk r\u00e9szek\u00e9nt \u00fcgyfeleink \u00e1ltal megadott szem\u00e9lyes adatokat gy\u0171jt\u00fcnk \u00e9s dolgozunk fel. Mivel az \u00d6n adatainak v\u00e9delme kiemelt fontoss\u00e1g\u00fa sz\u00e1munkra, ez\u00e9rt az al\u00e1bbi Adatv\u00e9delmi Szab\u00e1lyzatot fogadtuk el.<\/span><\/p>\r\n<p><span dir=\"auto\">Az Apartments Jahorina az \u00d6n adatainak v\u00e9delme \u00e9rdek\u00e9ben a k\u00f6vetkez\u0151 elveket tartja be:<\/span><br \/><span dir=\"auto\">\u2022 Nem gy\u0171jt\u00fcnk t\u00f6bb inform\u00e1ci\u00f3t, mint amennyi sz\u00fcks\u00e9ges;<\/span><br \/><span dir=\"auto\">\u2022 Nem haszn\u00e1ljuk fel az \u00d6n adatait a megadott c\u00e9lokt\u00f3l elt\u00e9r\u0151 c\u00e9lokra;<\/span><br \/><span dir=\"auto\">\u2022 Nem \u0151rizz\u00fck meg az adatait, ha azok m\u00e1r nem sz\u00fcks\u00e9gesek;<\/span><br \/><span dir=\"auto\">\u2022 Soha nem adjuk el, nem adjuk k\u00f6lcs\u00f6n, nem terjesztj\u00fck \u00e9s nem tessz\u00fck k\u00f6zz\u00e9 nyilv\u00e1nosan az \u00d6n szem\u00e9lyes adatait.<\/span><br \/><span dir=\"auto\">\u2022 Nem k\u00fcldj\u00fck el az \u00d6n adatait harmadik f\u00e9lnek,<\/span><br \/><span dir=\"auto\">\u2022 Nem alkalmazunk semmilyen automatiz\u00e1lt feldolgoz\u00e1st \u00e9s d\u00f6nt\u00e9shozatalt vagy profilalkot\u00e1st,<\/span><br \/><span dir=\"auto\">\u2022 Nem tov\u00e1bb\u00edtjuk az \u00d6n szem\u00e9lyes adatait harmadik orsz\u00e1gba vagy nemzetk\u00f6zi szervezetnek,<\/span><br \/><span dir=\"auto\">\u2022 Nem haszn\u00e1ljuk fel az \u00d6n adatait a megadott c\u00e9lokt\u00f3l elt\u00e9r\u0151 c\u00e9lokra,<\/span><br \/><span dir=\"auto\">\u2022 Azt is ellen\u0151rizz\u00fck, hogy az adatait biztons\u00e1gosan t\u00e1roljuk.<\/span><\/p>\r\n<p><span dir=\"auto\">Az Apartments Jahorina csak korl\u00e1tozott mennyis\u00e9g\u0171 inform\u00e1ci\u00f3t gy\u0171jt \u00d6nr\u0151l, amely a k\u00e9r\u00e9s\u00e9re val\u00f3 v\u00e1laszad\u00e1shoz, \u00e9s rem\u00e9lhet\u0151leg egy hossz\u00fa t\u00e1v\u00fa \u00e9s megb\u00edzhat\u00f3 \u00fczleti kapcsolat kialak\u00edt\u00e1s\u00e1hoz sz\u00fcks\u00e9ges.<\/span><\/p>\r\n<p><span dir=\"auto\">Az Apartments Jahorina l\u00e9trehozta az Adatv\u00e9delmi Szab\u00e1lyzatot, amelynek c\u00e9lja, hogy seg\u00edtsen meg\u00e9rteni, milyen adatokat gy\u0171jt\u00fcnk, milyen c\u00e9lra haszn\u00e1ljuk fel azokat, \u00e9s hogyan gyakorolhatja jogait.<\/span><\/p>\r\n<p><span dir=\"auto\">Fontos, hogy elolvassa Adatv\u00e9delmi Szab\u00e1lyzatunkat, \u00e9s rem\u00e9lj\u00fck, hogy id\u0151t \u00e9s figyelmet sz\u00e1n r\u00e1.<\/span><\/p>\r\n<p><span dir=\"auto\">Hogyan \u00e9s milyen inform\u00e1ci\u00f3kat gy\u0171jt\u00fcnk \u00d6nr\u0151l?<\/span><br \/><span dir=\"auto\">Amikor kapcsolatba l\u00e9p vel\u00fcnk webes kapcsolatfelv\u00e9teli \u0171rlapunkon vagy k\u00f6zvetlen\u00fcl e-mail c\u00edm\u00fcnk\u00f6n kereszt\u00fcl. Az \u00d6n \u00e1ltal megadott inform\u00e1ci\u00f3kat (szem\u00e9lyes adatok, p\u00e9ld\u00e1ul n\u00e9v, e-mail c\u00edm stb.) vagy k\u00f6zvetlen e-mailben elk\u00fcld\u00f6tt inform\u00e1ci\u00f3kat feldolgozzuk \u00e9s t\u00e1roljuk, hogy kapcsolatba l\u00e9phess\u00fcnk \u00d6nnel \u00e9s v\u00e1laszolhassunk k\u00e9r\u00e9s\u00e9re. Ha 16 \u00e9v alatti, a szem\u00e9lyes adatok megad\u00e1sa el\u0151tt sz\u00fcl\u0151je vagy gondvisel\u0151je hozz\u00e1j\u00e1rul\u00e1s\u00e1t kell k\u00e9rnie. A weboldalunkon tal\u00e1lhat\u00f3 kapcsolatfelv\u00e9teli \u0171rlapok kit\u00f6lt\u00e9s\u00e9vel vagy k\u00f6zvetlen\u00fcl e-mailben t\u00f6rt\u00e9n\u0151 kapcsolatfelv\u00e9tellel \u00d6n garant\u00e1lja, hogy a megadott inform\u00e1ci\u00f3k pontosak, \u00e9s hogy teljes m\u00e9rt\u00e9kben elfogadja Adatv\u00e9delmi Szab\u00e1lyzatunk rendelkez\u00e9seit \u00e9s az abban foglalt felt\u00e9teleket.<\/span><\/p>\r\n<p><span dir=\"auto\">Inform\u00e1ci\u00f3k az adatai kezel\u0151j\u00e9r\u0151l<\/span><br \/><span dir=\"auto\">A weboldal \u00e9s az \u00d6n szem\u00e9lyes adatainak kezel\u0151je az Apartments Jahorina, Obu\u0107ina Bare 85e, 71423 Jahorina, Bosznia-Hercegovina. Mi az adatai gy\u0171jt\u00e9s\u00e9nek c\u00e9lja \u00e9s jogalapja? Az \u00d6n k\u00e9r\u00e9s\u00e9re a legmegfelel\u0151bb int\u00e9zked\u00e9sek megt\u00e9tele b\u00e1rmilyen \u00fczleti kapcsolat megkezd\u00e9se el\u0151tt, a v\u00e1llalat \u00fczleti tev\u00e9kenys\u00e9ge \u00e9s jogos \u00e9rdeke alapj\u00e1n.<\/span><\/p>\r\n<p><span dir=\"auto\">Mennyi ideig t\u00e1roljuk a szem\u00e9lyes adatait?<\/span><br \/><span dir=\"auto\">Am\u00edg ny\u00edlt kommunik\u00e1ci\u00f3 van k\u00f6z\u00f6tt\u00fcnk a k\u00f6z\u00f6s \u00fczleti egy\u00fcttm\u0171k\u00f6d\u00e9s kialak\u00edt\u00e1sa c\u00e9lj\u00e1b\u00f3l, valamint a szerz\u0151d\u00e9ses kapcsolatunk id\u0151tartama alatt.<\/span><\/p>\r\n<p><span dir=\"auto\">Hogyan haszn\u00e1ljuk fel az \u00d6n adatait?<\/span><br \/><span dir=\"auto\">Az\u00e9rt gy\u0171jt\u00fcnk \u00d6nr\u0151l inform\u00e1ci\u00f3kat, hogy kapcsolatba l\u00e9phess\u00fcnk \u00d6nnel \u00e9s v\u00e1laszolhassunk k\u00e9r\u00e9s\u00e9re. Szem\u00e9lyes adatait sz\u00fcks\u00e9g szerint gy\u0171jtj\u00fck \u00e9s haszn\u00e1ljuk fel \u00fczleti kapcsolatunk l\u00e9trehoz\u00e1sa c\u00e9lj\u00e1b\u00f3l, valamint szerz\u0151d\u00e9ses viszonyunk id\u0151tartama alatt. A szerz\u0151d\u00e9ses viszony id\u0151tartama alatt az Apartments Jahorina \u00e9rtes\u00edt\u00e9seket k\u00fcld \u00d6nnek az \u00d6nt \u00e9rdekl\u0151 \u00faj term\u00e9kekr\u0151l \u00e9s szolg\u00e1ltat\u00e1sokr\u00f3l, amennyiben ehhez hozz\u00e1j\u00e1rult, amikor a webes \u0171rlapon kereszt\u00fcl felvette vel\u00fcnk a kapcsolatot. Az erre a c\u00e9lra adott hozz\u00e1j\u00e1rul\u00e1s\u00e1t b\u00e1rmikor visszavonhatja, ebben az esetben megsz\u00fcntetj\u00fck ezt az adatkezel\u00e9st.<\/span><\/p>\r\n<p><span dir=\"auto\">Google Analytics<\/span><br \/><span dir=\"auto\">Szem\u00e9lyes adatok gy\u0171jt\u00e9sekor bizonyos adatokat a Google Analytics platform t\u00e1rolhat, amelyekr\u0151l b\u0151vebben a S\u00fctikre vonatkoz\u00f3 szab\u00e1lyzatban olvashat. A Google Analytics platform adatv\u00e9delmi szab\u00e1lyzat\u00e1val kapcsolatos tov\u00e1bbi inform\u00e1ci\u00f3k\u00e9rt kattintson ide: https:\/\/policies.google.com\/privacy?hl=hr<\/span><\/p>\r\n<p><span dir=\"auto\">Inform\u00e1ci\u00f3biztons\u00e1g<\/span><br \/><span dir=\"auto\">Biztons\u00e1gi int\u00e9zked\u00e9seket vezett\u00fcnk be az \u00d6n \u00e1ltal megosztott szem\u00e9lyes adatok v\u00e9delme \u00e9rdek\u00e9ben. Szem\u00e9lyes adatait v\u00e9dj\u00fck a v\u00e9letlen vagy jogellenes megsemmis\u00edt\u00e9st\u0151l, elveszt\u00e9st\u0151l, megv\u00e1ltoztat\u00e1st\u00f3l, jogosulatlan nyilv\u00e1noss\u00e1gra hozatalt\u00f3l vagy az azokhoz val\u00f3 hozz\u00e1f\u00e9r\u00e9st\u0151l, mik\u00f6zben azokat tov\u00e1bb\u00edtjuk, t\u00e1roljuk vagy egy\u00e9b m\u00f3don feldolgozzuk.<\/span><\/p>\r\n<p><span dir=\"auto\">Weboldalunk szerver\u00e9r\u0151l<\/span><br \/><span dir=\"auto\">Ezt a weboldalt egy vil\u00e1gszerte elismert szolg\u00e1ltat\u00f3 \u00fczemelteti az EU-ban. Ezt a weboldalt egy vil\u00e1gszerte elismert szolg\u00e1ltat\u00f3 \u00fczemelteti N\u00e9metorsz\u00e1gban \u00e9s az EU-ban, amelyet az Eur\u00f3pai Bizotts\u00e1g \u00fagy \u00edt\u00e9l meg, hogy megfelel\u0151 szint\u0171 v\u00e9delmet biztos\u00edt az uni\u00f3s polg\u00e1rok szem\u00e9lyes adatai sz\u00e1m\u00e1ra.<\/span><\/p>\r\n<p><span dir=\"auto\">S\u00fctik<\/span><br \/><span dir=\"auto\">Weboldalaink b\u00f6ng\u00e9sz\u00e9s\u00e9nek megk\u00f6nny\u00edt\u00e9se \u00e9rdek\u00e9ben glob\u00e1lis h\u00e1l\u00f3zati szerver\u00fcnk s\u00fctiket haszn\u00e1l. A s\u00fctik nem haszn\u00e1lhat\u00f3k programok futtat\u00e1s\u00e1ra vagy v\u00edrusok elhelyez\u00e9s\u00e9re a sz\u00e1m\u00edt\u00f3g\u00e9p\u00e9n. Weboldalainkat s\u00fctik n\u00e9lk\u00fcl is b\u00f6ng\u00e9szheti, amennyiben b\u00f6ng\u00e9sz\u0151je erre van be\u00e1ll\u00edtva. A s\u00fctikr\u0151l r\u00e9szletesen a S\u00fctikre vonatkoz\u00f3 nyilatkozatban olvashat.<\/span><\/p>\r\n<p><span dir=\"auto\">Az \u00d6n jogai<\/span><br \/><span dir=\"auto\">\u00d6nnek joga van t\u00e1j\u00e9koztat\u00e1st k\u00e9rni szem\u00e9lyes adatainak kezel\u00e9s\u00e9r\u0151l, hozz\u00e1j\u00e1rul\u00e1s\u00e1t b\u00e1rmikor visszavonni, szem\u00e9lyes adatait helyesb\u00edteni vagy kieg\u00e9sz\u00edteni, hogy azok mindig pontosak legyenek, szem\u00e9lyes adatait t\u00f6r\u00f6lni, ha azok a fenti c\u00e9lokb\u00f3l m\u00e1r nem sz\u00fcks\u00e9gesek, szem\u00e9lyes adatait struktur\u00e1lt form\u00e1tumban tov\u00e1bb\u00edtani, valamint panaszt beny\u00fajtani az Apartments Jahorina r\u00e9sz\u00e9re \u00edr\u00e1sban az Apartments Jahorina, Obu\u0107ina Bare 85e, 71423 Jahorina, Bosznia-Hercegovina c\u00edmen vagy elektronikusan az info@apartments-jahorina.com c\u00edmen, vagy az illet\u00e9kes \u00e1llami szervhez.<\/span><\/p>\r\n<p><span dir=\"auto\">Az \u00d6n hozz\u00e1j\u00e1rul\u00e1sa<\/span><br \/><span dir=\"auto\">A weboldal haszn\u00e1lat\u00e1val \u00d6n elfogadja ezt az adatv\u00e9delmi ir\u00e1nyelvet, azaz kifejezett hozz\u00e1j\u00e1rul\u00e1s\u00e1t adja az Apartments Jahorina sz\u00e1m\u00e1ra szem\u00e9lyes adatainak, valamint minden olyan egy\u00e9b adat gy\u0171jt\u00e9s\u00e9hez \u00e9s tov\u00e1bbi feldolgoz\u00e1s\u00e1hoz, amelyr\u0151l a szolg\u00e1ltat\u00e1sai ny\u00fajt\u00e1sa sor\u00e1n tudom\u00e1st szerez a jogszab\u00e1lyoknak megfelel\u0151en, \u00e9s mindezt a jelen szab\u00e1lyzatban meghat\u00e1rozott c\u00e9lnak megfelel\u0151en. \u00d6n tov\u00e1bb\u00e1 meger\u0151s\u00edti, hogy ismeri az Apartments Jahorina-val \u00e9s az \u00e1ltala ny\u00fajtott szolg\u00e1ltat\u00e1sokkal kapcsolatos \u00f6sszes relev\u00e1ns inform\u00e1ci\u00f3t.<\/span><\/p>\r\n<p><span dir=\"auto\">Panasz beny\u00fajt\u00e1s\u00e1nak joga az illet\u00e9kes hat\u00f3s\u00e1ghoz<\/span><br \/><span dir=\"auto\">B\u00e1rmikor k\u00f6zvetlen\u00fcl panaszt ny\u00fajthat be az illet\u00e9kes fel\u00fcgyeleti hat\u00f3s\u00e1ghoz: a Szem\u00e9lyes Adatv\u00e9delmi \u00dcgyn\u00f6ks\u00e9ghez (AZOP), Marti\u0107eva 14, Z\u00e1gr\u00e1b, el\u00e9rhet\u0151s\u00e9gek: +385 (0)1 4609 999, azop@azop.hr, www.azop.hr.<\/span><\/p>\r\n<p><span dir=\"auto\">Szem\u00e9lyes adatokkal kapcsolatos incidens<\/span><br \/><span dir=\"auto\">Minden jogellenes adatv\u00e9delmi incidenst jelent\u00fcnk az AZOP-nak, mint az adatv\u00e9delem\u00e9rt felel\u0151s illet\u00e9kes hat\u00f3s\u00e1gnak.<\/span><\/p>\r\n<p><span dir=\"auto\"><span class=\"VIpgJd-yAWNEb-VIpgJd-fmcmS-sn54Q\" dir=\"auto\">Adatv\u00e9delmi ir\u00e1nyelveink v\u00e1ltoz\u00e1sai<\/span><\/span><br \/><span dir=\"auto\"><span class=\"VIpgJd-yAWNEb-VIpgJd-fmcmS-sn54Q\" dir=\"auto\">Adatv\u00e9delmi ir\u00e1nyelveink v\u00e1ltoz\u00e1sa eset\u00e9n ezen az oldalon \u00e9rtes\u00edtj\u00fck \u00d6nt, \u00e9s az al\u00e1bbiak szerint friss\u00edtj\u00fck az Adatv\u00e9delmi ir\u00e1nyelvek v\u00e1ltoz\u00e1s\u00e1nak d\u00e1tum\u00e1t.<\/span><\/span><\/p>\r\n<p><span dir=\"auto\">Ez az adatv\u00e9delmi szab\u00e1lyzat 2018. m\u00e1jus 20-\u00e1n friss\u00fclt.<\/span><\/p>","protected":false},"excerpt":{"rendered":"<p>Apartmanok Jahorina, Obu\u0107ina Bare 85e, 71423 Jahorina, Bosznia \u00e9s Hercegovina. Tev\u00e9kenys\u00e9g\u00fcnk r\u00e9szek\u00e9nt \u00fcgyfeleink \u00e1ltal megadott szem\u00e9lyes adatokat gy\u0171jt\u00fcnk \u00e9s dolgozunk fel. Mivel az \u00d6n adatainak v\u00e9delme kiemelt fontoss\u00e1g\u00fa sz\u00e1munkra, ez\u00e9rt az al\u00e1bbi Adatv\u00e9delmi Szab\u00e1lyzatot fogadtuk el. Az Apartments Jahorina az \u00d6n adatainak v\u00e9delme \u00e9rdek\u00e9ben a k\u00f6vetkez\u0151 elveket tartja be:\u2022 Nem gy\u0171jt\u00fcnk t\u00f6bb inform\u00e1ci\u00f3t, mint amennyi [&hellip;]<\/p>\n","protected":false},"author":1,"featured_media":0,"parent":0,"menu_order":0,"comment_status":"closed","ping_status":"open","template":"","meta":{"footnotes":""},"class_list":["post-10093","page","type-page","status-publish","hentry"],"yoast_head":"<!-- This site is optimized with the Yoast SEO plugin v26.4 - https:\/\/yoast.com\/wordpress\/plugins\/seo\/ -->\n<title>Adatv\u00e9delmi ir\u00e1nyelvek - BESTBLICK Apartments Jahorina<\/title>\n<meta name=\"robots\" content=\"index, follow, max-snippet:-1, max-image-preview:large, max-video-preview:-1\" \/>\n<link rel=\"canonical\" href=\"https:\/\/apartments-jahorina.com\/pravila-privatnosti\/\" \/>\n<meta property=\"og:locale\" content=\"hu_HU\" \/>\n<meta property=\"og:type\" content=\"article\" \/>\n<meta property=\"og:title\" content=\"Adatv\u00e9delmi ir\u00e1nyelvek - BESTBLICK Apartments Jahorina\" \/>\n<meta property=\"og:description\" content=\"Apartmanok Jahorina, Obu\u0107ina Bare 85e, 71423 Jahorina, Bosznia \u00e9s Hercegovina. Tev\u00e9kenys\u00e9g\u00fcnk r\u00e9szek\u00e9nt \u00fcgyfeleink \u00e1ltal megadott szem\u00e9lyes adatokat gy\u0171jt\u00fcnk \u00e9s dolgozunk fel. Mivel az \u00d6n adatainak v\u00e9delme kiemelt fontoss\u00e1g\u00fa sz\u00e1munkra, ez\u00e9rt az al\u00e1bbi Adatv\u00e9delmi Szab\u00e1lyzatot fogadtuk el. Az Apartments Jahorina az \u00d6n adatainak v\u00e9delme \u00e9rdek\u00e9ben a k\u00f6vetkez\u0151 elveket tartja be:\u2022 Nem gy\u0171jt\u00fcnk t\u00f6bb inform\u00e1ci\u00f3t, mint amennyi [&hellip;]\" \/>\n<meta property=\"og:url\" content=\"https:\/\/apartments-jahorina.com\/pravila-privatnosti\/\" \/>\n<meta property=\"og:site_name\" content=\"BESTBLICK Apartments Jahorina\" \/>\n<meta property=\"article:modified_time\" content=\"2025-12-17T16:22:37+00:00\" \/>\n<meta name=\"twitter:card\" content=\"summary_large_image\" \/>\n<meta name=\"twitter:label1\" content=\"Becs\u00fclt olvas\u00e1si id\u0151\" \/>\n\t<meta name=\"twitter:data1\" content=\"7 perc\" \/>\n<script type=\"application\/ld+json\" class=\"yoast-schema-graph\">{\"@context\":\"https:\/\/schema.org\",\"@graph\":[{\"@type\":\"WebPage\",\"@id\":\"https:\/\/apartments-jahorina.com\/pravila-privatnosti\/\",\"url\":\"https:\/\/apartments-jahorina.com\/pravila-privatnosti\/\",\"name\":\"Adatv\u00e9delmi ir\u00e1nyelvek - BESTBLICK Apartments Jahorina\",\"isPartOf\":{\"@id\":\"https:\/\/apartments-jahorina.com\/#website\"},\"datePublished\":\"2025-11-14T12:00:39+00:00\",\"dateModified\":\"2025-12-17T16:22:37+00:00\",\"breadcrumb\":{\"@id\":\"https:\/\/apartments-jahorina.com\/pravila-privatnosti\/#breadcrumb\"},\"inLanguage\":\"hu\",\"potentialAction\":[{\"@type\":\"ReadAction\",\"target\":[\"https:\/\/apartments-jahorina.com\/pravila-privatnosti\/\"]}]},{\"@type\":\"BreadcrumbList\",\"@id\":\"https:\/\/apartments-jahorina.com\/pravila-privatnosti\/#breadcrumb\",\"itemListElement\":[{\"@type\":\"ListItem\",\"position\":1,\"name\":\"Home\",\"item\":\"https:\/\/apartments-jahorina.com\/hu\/\"},{\"@type\":\"ListItem\",\"position\":2,\"name\":\"Adatv\u00e9delmi ir\u00e1nyelvek\"}]},{\"@type\":\"WebSite\",\"@id\":\"https:\/\/apartments-jahorina.com\/#website\",\"url\":\"https:\/\/apartments-jahorina.com\/\",\"name\":\"BESTBLICK Apartments Jahorina\",\"description\":\"Moderni apartmani s pogledom na ski-stazu\",\"potentialAction\":[{\"@type\":\"SearchAction\",\"target\":{\"@type\":\"EntryPoint\",\"urlTemplate\":\"https:\/\/apartments-jahorina.com\/?s={search_term_string}\"},\"query-input\":{\"@type\":\"PropertyValueSpecification\",\"valueRequired\":true,\"valueName\":\"search_term_string\"}}],\"inLanguage\":\"hu\"}]}<\/script>\n<!-- \/ Yoast SEO plugin. -->","yoast_head_json":{"title":"Adatv\u00e9delmi ir\u00e1nyelvek - BESTBLICK Apartments Jahorina","robots":{"index":"index","follow":"follow","max-snippet":"max-snippet:-1","max-image-preview":"max-image-preview:large","max-video-preview":"max-video-preview:-1"},"canonical":"https:\/\/apartments-jahorina.com\/pravila-privatnosti\/","og_locale":"hu_HU","og_type":"article","og_title":"Adatv\u00e9delmi ir\u00e1nyelvek - BESTBLICK Apartments Jahorina","og_description":"Apartmanok Jahorina, Obu\u0107ina Bare 85e, 71423 Jahorina, Bosznia \u00e9s Hercegovina. Tev\u00e9kenys\u00e9g\u00fcnk r\u00e9szek\u00e9nt \u00fcgyfeleink \u00e1ltal megadott szem\u00e9lyes adatokat gy\u0171jt\u00fcnk \u00e9s dolgozunk fel. Mivel az \u00d6n adatainak v\u00e9delme kiemelt fontoss\u00e1g\u00fa sz\u00e1munkra, ez\u00e9rt az al\u00e1bbi Adatv\u00e9delmi Szab\u00e1lyzatot fogadtuk el. Az Apartments Jahorina az \u00d6n adatainak v\u00e9delme \u00e9rdek\u00e9ben a k\u00f6vetkez\u0151 elveket tartja be:\u2022 Nem gy\u0171jt\u00fcnk t\u00f6bb inform\u00e1ci\u00f3t, mint amennyi [&hellip;]","og_url":"https:\/\/apartments-jahorina.com\/pravila-privatnosti\/","og_site_name":"BESTBLICK Apartments Jahorina","article_modified_time":"2025-12-17T16:22:37+00:00","twitter_card":"summary_large_image","twitter_misc":{"Becs\u00fclt olvas\u00e1si id\u0151":"7 perc"},"schema":{"@context":"https:\/\/schema.org","@graph":[{"@type":"WebPage","@id":"https:\/\/apartments-jahorina.com\/pravila-privatnosti\/","url":"https:\/\/apartments-jahorina.com\/pravila-privatnosti\/","name":"Adatv\u00e9delmi ir\u00e1nyelvek - BESTBLICK Apartments Jahorina","isPartOf":{"@id":"https:\/\/apartments-jahorina.com\/#website"},"datePublished":"2025-11-14T12:00:39+00:00","dateModified":"2025-12-17T16:22:37+00:00","breadcrumb":{"@id":"https:\/\/apartments-jahorina.com\/pravila-privatnosti\/#breadcrumb"},"inLanguage":"hu","potentialAction":[{"@type":"ReadAction","target":["https:\/\/apartments-jahorina.com\/pravila-privatnosti\/"]}]},{"@type":"BreadcrumbList","@id":"https:\/\/apartments-jahorina.com\/pravila-privatnosti\/#breadcrumb","itemListElement":[{"@type":"ListItem","position":1,"name":"Home","item":"https:\/\/apartments-jahorina.com\/hu\/"},{"@type":"ListItem","position":2,"name":"Adatv\u00e9delmi ir\u00e1nyelvek"}]},{"@type":"WebSite","@id":"https:\/\/apartments-jahorina.com\/#website","url":"https:\/\/apartments-jahorina.com\/","name":"BESTBLICK Apartments Jahorina","description":"Moderni apartmani s pogledom na ski-stazu","potentialAction":[{"@type":"SearchAction","target":{"@type":"EntryPoint","urlTemplate":"https:\/\/apartments-jahorina.com\/?s={search_term_string}"},"query-input":{"@type":"PropertyValueSpecification","valueRequired":true,"valueName":"search_term_string"}}],"inLanguage":"hu"}]}},"_links":{"self":[{"href":"https:\/\/apartments-jahorina.com\/hu\/wp-json\/wp\/v2\/pages\/10093","targetHints":{"allow":["GET"]}}],"collection":[{"href":"https:\/\/apartments-jahorina.com\/hu\/wp-json\/wp\/v2\/pages"}],"about":[{"href":"https:\/\/apartments-jahorina.com\/hu\/wp-json\/wp\/v2\/types\/page"}],"author":[{"embeddable":true,"href":"https:\/\/apartments-jahorina.com\/hu\/wp-json\/wp\/v2\/users\/1"}],"replies":[{"embeddable":true,"href":"https:\/\/apartments-jahorina.com\/hu\/wp-json\/wp\/v2\/comments?post=10093"}],"version-history":[{"count":3,"href":"https:\/\/apartments-jahorina.com\/hu\/wp-json\/wp\/v2\/pages\/10093\/revisions"}],"predecessor-version":[{"id":13002,"href":"https:\/\/apartments-jahorina.com\/hu\/wp-json\/wp\/v2\/pages\/10093\/revisions\/13002"}],"wp:attachment":[{"href":"https:\/\/apartments-jahorina.com\/hu\/wp-json\/wp\/v2\/media?parent=10093"}],"curies":[{"name":"wp","href":"https:\/\/api.w.org\/{rel}","templated":true}]}}