{"id":13291,"date":"2026-01-26T20:00:06","date_gmt":"2026-01-26T20:00:06","guid":{"rendered":"https:\/\/apartments-jahorina.com\/?page_id=13291"},"modified":"2026-02-02T02:32:43","modified_gmt":"2026-02-02T02:32:43","slug":"jahorina-szallasarak","status":"publish","type":"page","link":"https:\/\/apartments-jahorina.com\/hu\/jahorina-szallasarak\/","title":{"rendered":"Jahorina sz\u00e1ll\u00e1s\u00e1rak"},"content":{"rendered":"\t\t<div data-elementor-type=\"wp-page\" data-elementor-id=\"13291\" class=\"elementor elementor-13291 elementor-13287\">\n\t\t\t\t<div class=\"elementor-element elementor-element-12b6bd6 e-flex e-con-boxed e-con e-parent\" data-id=\"12b6bd6\" data-element_type=\"container\">\n\t\t\t\t\t<div class=\"e-con-inner\">\n\t\t<div class=\"elementor-element elementor-element-7b8b529 e-con-full e-flex e-con e-child\" data-id=\"7b8b529\" data-element_type=\"container\">\n\t\t<div class=\"elementor-element elementor-element-52f5450 e-con-full e-flex e-con e-child\" data-id=\"52f5450\" data-element_type=\"container\">\n\t\t\t\t<div class=\"elementor-element elementor-element-ef7ac5e elementor-absolute elementor-hidden-mobile elementor-view-default elementor-invisible elementor-widget elementor-widget-icon\" data-id=\"ef7ac5e\" data-element_type=\"widget\" data-settings=\"{&quot;_position&quot;:&quot;absolute&quot;,&quot;motion_fx_motion_fx_scrolling&quot;:&quot;yes&quot;,&quot;motion_fx_translateX_effect&quot;:&quot;yes&quot;,&quot;motion_fx_translateX_speed&quot;:{&quot;unit&quot;:&quot;px&quot;,&quot;size&quot;:1.5,&quot;sizes&quot;:[]},&quot;_animation&quot;:&quot;opal-move-right&quot;,&quot;motion_fx_translateX_affectedRange&quot;:{&quot;unit&quot;:&quot;%&quot;,&quot;size&quot;:&quot;&quot;,&quot;sizes&quot;:{&quot;start&quot;:0,&quot;end&quot;:100}},&quot;motion_fx_devices&quot;:[&quot;desktop&quot;,&quot;laptop&quot;,&quot;tablet_extra&quot;,&quot;tablet&quot;,&quot;mobile_extra&quot;,&quot;mobile&quot;]}\" data-widget_type=\"icon.default\">\n\t\t\t\t\t\t\t<div class=\"elementor-icon-wrapper\">\n\t\t\t<div class=\"elementor-icon\">\n\t\t\t\t\t\t<\/div>\n\t\t<\/div>\n\t\t\t\t\t\t<\/div>\n\t\t\t\t<div class=\"elementor-element elementor-element-7a3b481 elementor-widget__width-auto elementor-absolute elementor-hidden-mobile elementor-view-default elementor-invisible elementor-widget elementor-widget-icon\" data-id=\"7a3b481\" data-element_type=\"widget\" data-settings=\"{&quot;_position&quot;:&quot;absolute&quot;,&quot;motion_fx_motion_fx_scrolling&quot;:&quot;yes&quot;,&quot;motion_fx_translateY_effect&quot;:&quot;yes&quot;,&quot;motion_fx_translateY_direction&quot;:&quot;negative&quot;,&quot;motion_fx_translateY_speed&quot;:{&quot;unit&quot;:&quot;px&quot;,&quot;size&quot;:1.2,&quot;sizes&quot;:[]},&quot;_animation&quot;:&quot;opal-move-down&quot;,&quot;motion_fx_translateY_affectedRange&quot;:{&quot;unit&quot;:&quot;%&quot;,&quot;size&quot;:&quot;&quot;,&quot;sizes&quot;:{&quot;start&quot;:0,&quot;end&quot;:100}},&quot;motion_fx_devices&quot;:[&quot;desktop&quot;,&quot;laptop&quot;,&quot;tablet_extra&quot;,&quot;tablet&quot;,&quot;mobile_extra&quot;,&quot;mobile&quot;]}\" data-widget_type=\"icon.default\">\n\t\t\t\t\t\t\t<div class=\"elementor-icon-wrapper\">\n\t\t\t<div class=\"elementor-icon\">\n\t\t\t\t\t\t<\/div>\n\t\t<\/div>\n\t\t\t\t\t\t<\/div>\n\t\t\t\t<\/div>\n\t\t<div class=\"elementor-element elementor-element-4e0b3cc e-con-full e-flex e-con e-child\" data-id=\"4e0b3cc\" data-element_type=\"container\">\n\t\t\t\t<div class=\"elementor-element elementor-element-6bc46d3 elementor-widget__width-initial elementor-invisible elementor-widget elementor-widget-heading\" data-id=\"6bc46d3\" data-element_type=\"widget\" data-settings=\"{&quot;_animation&quot;:&quot;opal-move-left&quot;}\" data-widget_type=\"heading.default\">\n\t\t\t\t\t<h2 data-cursor=\"-opaque\" class=\"elementor-heading-title elementor-size-default\">Jahorina sz\u00e1ll\u00e1s\u00e1rak \u2013  <span class=\"c-primary\">Bestblick Apartmanok<\/span><\/h2>\t\t\t\t<\/div>\n\t\t\t\t<div class=\"elementor-element elementor-element-4aa09f6 elementor-widget__width-initial elementor-invisible elementor-widget elementor-widget-text-editor\" data-id=\"4aa09f6\" data-element_type=\"widget\" data-settings=\"{&quot;_animation&quot;:&quot;opal-move-left&quot;}\" data-widget_type=\"text-editor.default\">\n\t\t\t\t\t\t\t\t\t<p>Jahorina sz\u00e9les v\u00e1laszt\u00e9kban k\u00edn\u00e1l sz\u00e1ll\u00e1slehet\u0151s\u00e9geket, a luxus apartmanokt\u00f3l a megfizethet\u0151 nyaral\u00f3kig \u00e9s vend\u00e9gh\u00e1zakig. A sz\u00e1ll\u00e1s\u00e1rak az ingatlan t\u00edpus\u00e1t\u00f3l, a helysz\u00ednt\u0151l \u00e9s a tov\u00e1bbi szolg\u00e1ltat\u00e1sokt\u00f3l f\u00fcgg\u0151en v\u00e1ltoznak.<\/p><p>A s\u00edp\u00e1ly\u00e1k k\u00f6zel\u00e9ben tal\u00e1lhat\u00f3 luxus apartmanok \u00e1ra f\u0151szezonban \u00e1ltal\u00e1ban 80-100 eur\u00f3t\u00f3l kezd\u0151dik \u00e9jszak\u00e1nk\u00e9nt k\u00e9t feln\u0151tt sz\u00e1m\u00e1ra. Ezek az apartmanok gyakran modern felszerelts\u00e9ggel rendelkeznek, mint p\u00e9ld\u00e1ul Wi-Fi, j\u00f3l felszerelt konyha \u00e9s a s\u00edfelvon\u00f3k k\u00f6zels\u00e9ge. Egyes sz\u00e1ll\u00e1shelyek tov\u00e1bbi szolg\u00e1ltat\u00e1sokat is k\u00edn\u00e1lnak, p\u00e9ld\u00e1ul s\u00ediskol\u00e1t vagy s\u00edfelszerel\u00e9s-k\u00f6lcs\u00f6nz\u00e9st, \u00edgy ide\u00e1lisak a s\u00edel\u00e9s szerelmeseinek.<\/p><p>A nyaral\u00f3k \u00e9s vend\u00e9gh\u00e1zak n\u00e9pszer\u0171 v\u00e1laszt\u00e1s csal\u00e1dok \u00e9s bar\u00e1ti t\u00e1rsas\u00e1gok sz\u00e1m\u00e1ra, \u00e9s az \u00e1rak alacsonyabbak lehetnek a luxus apartmanokhoz k\u00e9pest, gyakran 60-80 eur\u00f3\/\u00e9j tartom\u00e1nyban. A vend\u00e9gh\u00e1zak \u00e1ltal\u00e1ban \u00e9tkez\u00e9st \u00e9s tov\u00e1bbi szolg\u00e1ltat\u00e1sokat k\u00edn\u00e1lnak, p\u00e9ld\u00e1ul j\u00e1tsz\u00f3tereket, wellness-k\u00f6zpontokat \u00e9s sportp\u00e1ly\u00e1kat, amelyek hozz\u00e1j\u00e1rulnak a csal\u00e1di nyaral\u00e1shoz.<\/p><p>A Jahorina mag\u00e1nsz\u00e1ll\u00e1sai szint\u00e9n n\u00e9pszer\u0171ek a megfizethet\u0151bb \u00e1rat keres\u0151 l\u00e1togat\u00f3k k\u00f6r\u00e9ben, n\u00e9h\u00e1ny magas \u00e9rt\u00e9kel\u00e9s\u0171 ingatlan m\u00e1r 60 eur\u00f3\/\u00e9j \u00e1ron el\u00e9rhet\u0151. Az ilyen sz\u00e1ll\u00e1shelyek otthonos l\u00e9gk\u00f6rt \u00e9s csal\u00e1dias kiszolg\u00e1l\u00e1st k\u00edn\u00e1lnak, \u00e9s olyan k\u00f6z\u00f6s tereket is tartalmazhatnak, mint a nappali \u00e9s a kert.<\/p><p><br \/>Foglal\u00e1shoz \u00e9s a sz\u00e1ll\u00e1slehet\u0151s\u00e9gekkel kapcsolatos tov\u00e1bbi inform\u00e1ci\u00f3k\u00e9rt aj\u00e1nlott olyan speci\u00e1lis oldalakat felkeresni, mint a Booking.com \u00e9s hasonl\u00f3k, ahol r\u00e9szletes inform\u00e1ci\u00f3k tal\u00e1lhat\u00f3k az aj\u00e1nlatokr\u00f3l, k\u00e9pek a sz\u00e1ll\u00e1shelyekr\u0151l \u00e9s vend\u00e9g\u00e9rt\u00e9kel\u00e9sek is el\u00e9rhet\u0151k.<\/p>\t\t\t\t\t\t\t\t<\/div>\n\t\t\t\t<\/div>\n\t\t\t\t<\/div>\n\t\t\t\t\t<\/div>\n\t\t\t\t<\/div>\n\t\t\t\t<\/div>\n\t\t","protected":false},"excerpt":{"rendered":"<p>Jahorina sz\u00e1ll\u00e1s\u00e1rak \u2013 Bestblick Apartmanok Jahorina sz\u00e9les v\u00e1laszt\u00e9kban k\u00edn\u00e1l sz\u00e1ll\u00e1slehet\u0151s\u00e9geket, a luxus apartmanokt\u00f3l a megfizethet\u0151 nyaral\u00f3kig \u00e9s vend\u00e9gh\u00e1zakig. A sz\u00e1ll\u00e1s\u00e1rak az ingatlan t\u00edpus\u00e1t\u00f3l, a helysz\u00ednt\u0151l \u00e9s a tov\u00e1bbi szolg\u00e1ltat\u00e1sokt\u00f3l f\u00fcgg\u0151en v\u00e1ltoznak. A s\u00edp\u00e1ly\u00e1k k\u00f6zel\u00e9ben tal\u00e1lhat\u00f3 luxus apartmanok \u00e1ra f\u0151szezonban \u00e1ltal\u00e1ban 80-100 eur\u00f3t\u00f3l kezd\u0151dik \u00e9jszak\u00e1nk\u00e9nt k\u00e9t feln\u0151tt sz\u00e1m\u00e1ra. Ezek az apartmanok gyakran modern felszerelts\u00e9ggel rendelkeznek, mint [&hellip;]<\/p>\n","protected":false},"author":1,"featured_media":0,"parent":0,"menu_order":0,"comment_status":"closed","ping_status":"closed","template":"","meta":{"footnotes":""},"class_list":["post-13291","page","type-page","status-publish","hentry"],"yoast_head":"<!-- This site is optimized with the Yoast SEO plugin v26.4 - https:\/\/yoast.com\/wordpress\/plugins\/seo\/ -->\n<title>Jahorina sz\u00e1ll\u00e1s\u00e1rak - BESTBLICK Apartments Jahorina<\/title>\n<meta name=\"robots\" content=\"index, follow, max-snippet:-1, max-image-preview:large, max-video-preview:-1\" \/>\n<link rel=\"canonical\" href=\"https:\/\/apartments-jahorina.com\/hu\/jahorina-szallasarak\/\" \/>\n<meta property=\"og:locale\" content=\"hu_HU\" \/>\n<meta property=\"og:type\" content=\"article\" \/>\n<meta property=\"og:title\" content=\"Jahorina sz\u00e1ll\u00e1s\u00e1rak - BESTBLICK Apartments Jahorina\" \/>\n<meta property=\"og:description\" content=\"Jahorina sz\u00e1ll\u00e1s\u00e1rak \u2013 Bestblick Apartmanok Jahorina sz\u00e9les v\u00e1laszt\u00e9kban k\u00edn\u00e1l sz\u00e1ll\u00e1slehet\u0151s\u00e9geket, a luxus apartmanokt\u00f3l a megfizethet\u0151 nyaral\u00f3kig \u00e9s vend\u00e9gh\u00e1zakig. A sz\u00e1ll\u00e1s\u00e1rak az ingatlan t\u00edpus\u00e1t\u00f3l, a helysz\u00ednt\u0151l \u00e9s a tov\u00e1bbi szolg\u00e1ltat\u00e1sokt\u00f3l f\u00fcgg\u0151en v\u00e1ltoznak. A s\u00edp\u00e1ly\u00e1k k\u00f6zel\u00e9ben tal\u00e1lhat\u00f3 luxus apartmanok \u00e1ra f\u0151szezonban \u00e1ltal\u00e1ban 80-100 eur\u00f3t\u00f3l kezd\u0151dik \u00e9jszak\u00e1nk\u00e9nt k\u00e9t feln\u0151tt sz\u00e1m\u00e1ra. Ezek az apartmanok gyakran modern felszerelts\u00e9ggel rendelkeznek, mint [&hellip;]\" \/>\n<meta property=\"og:url\" content=\"https:\/\/apartments-jahorina.com\/hu\/jahorina-szallasarak\/\" \/>\n<meta property=\"og:site_name\" content=\"BESTBLICK Apartments Jahorina\" \/>\n<meta property=\"article:modified_time\" content=\"2026-02-02T02:32:43+00:00\" \/>\n<meta name=\"twitter:card\" content=\"summary_large_image\" \/>\n<script type=\"application\/ld+json\" class=\"yoast-schema-graph\">{\"@context\":\"https:\/\/schema.org\",\"@graph\":[{\"@type\":\"WebPage\",\"@id\":\"https:\/\/apartments-jahorina.com\/hu\/jahorina-szallasarak\/\",\"url\":\"https:\/\/apartments-jahorina.com\/hu\/jahorina-szallasarak\/\",\"name\":\"Jahorina sz\u00e1ll\u00e1s\u00e1rak - BESTBLICK Apartments Jahorina\",\"isPartOf\":{\"@id\":\"https:\/\/apartments-jahorina.com\/#website\"},\"datePublished\":\"2026-01-26T20:00:06+00:00\",\"dateModified\":\"2026-02-02T02:32:43+00:00\",\"breadcrumb\":{\"@id\":\"https:\/\/apartments-jahorina.com\/hu\/jahorina-szallasarak\/#breadcrumb\"},\"inLanguage\":\"hu\",\"potentialAction\":[{\"@type\":\"ReadAction\",\"target\":[\"https:\/\/apartments-jahorina.com\/hu\/jahorina-szallasarak\/\"]}]},{\"@type\":\"BreadcrumbList\",\"@id\":\"https:\/\/apartments-jahorina.com\/hu\/jahorina-szallasarak\/#breadcrumb\",\"itemListElement\":[{\"@type\":\"ListItem\",\"position\":1,\"name\":\"Home\",\"item\":\"https:\/\/apartments-jahorina.com\/hu\/\"},{\"@type\":\"ListItem\",\"position\":2,\"name\":\"Jahorina sz\u00e1ll\u00e1s\u00e1rak\"}]},{\"@type\":\"WebSite\",\"@id\":\"https:\/\/apartments-jahorina.com\/#website\",\"url\":\"https:\/\/apartments-jahorina.com\/\",\"name\":\"BESTBLICK Apartments Jahorina\",\"description\":\"Moderni apartmani s pogledom na ski-stazu\",\"potentialAction\":[{\"@type\":\"SearchAction\",\"target\":{\"@type\":\"EntryPoint\",\"urlTemplate\":\"https:\/\/apartments-jahorina.com\/?s={search_term_string}\"},\"query-input\":{\"@type\":\"PropertyValueSpecification\",\"valueRequired\":true,\"valueName\":\"search_term_string\"}}],\"inLanguage\":\"hu\"}]}<\/script>\n<!-- \/ Yoast SEO plugin. -->","yoast_head_json":{"title":"Jahorina sz\u00e1ll\u00e1s\u00e1rak - BESTBLICK Apartments Jahorina","robots":{"index":"index","follow":"follow","max-snippet":"max-snippet:-1","max-image-preview":"max-image-preview:large","max-video-preview":"max-video-preview:-1"},"canonical":"https:\/\/apartments-jahorina.com\/hu\/jahorina-szallasarak\/","og_locale":"hu_HU","og_type":"article","og_title":"Jahorina sz\u00e1ll\u00e1s\u00e1rak - BESTBLICK Apartments Jahorina","og_description":"Jahorina sz\u00e1ll\u00e1s\u00e1rak \u2013 Bestblick Apartmanok Jahorina sz\u00e9les v\u00e1laszt\u00e9kban k\u00edn\u00e1l sz\u00e1ll\u00e1slehet\u0151s\u00e9geket, a luxus apartmanokt\u00f3l a megfizethet\u0151 nyaral\u00f3kig \u00e9s vend\u00e9gh\u00e1zakig. A sz\u00e1ll\u00e1s\u00e1rak az ingatlan t\u00edpus\u00e1t\u00f3l, a helysz\u00ednt\u0151l \u00e9s a tov\u00e1bbi szolg\u00e1ltat\u00e1sokt\u00f3l f\u00fcgg\u0151en v\u00e1ltoznak. A s\u00edp\u00e1ly\u00e1k k\u00f6zel\u00e9ben tal\u00e1lhat\u00f3 luxus apartmanok \u00e1ra f\u0151szezonban \u00e1ltal\u00e1ban 80-100 eur\u00f3t\u00f3l kezd\u0151dik \u00e9jszak\u00e1nk\u00e9nt k\u00e9t feln\u0151tt sz\u00e1m\u00e1ra. Ezek az apartmanok gyakran modern felszerelts\u00e9ggel rendelkeznek, mint [&hellip;]","og_url":"https:\/\/apartments-jahorina.com\/hu\/jahorina-szallasarak\/","og_site_name":"BESTBLICK Apartments Jahorina","article_modified_time":"2026-02-02T02:32:43+00:00","twitter_card":"summary_large_image","schema":{"@context":"https:\/\/schema.org","@graph":[{"@type":"WebPage","@id":"https:\/\/apartments-jahorina.com\/hu\/jahorina-szallasarak\/","url":"https:\/\/apartments-jahorina.com\/hu\/jahorina-szallasarak\/","name":"Jahorina sz\u00e1ll\u00e1s\u00e1rak - BESTBLICK Apartments Jahorina","isPartOf":{"@id":"https:\/\/apartments-jahorina.com\/#website"},"datePublished":"2026-01-26T20:00:06+00:00","dateModified":"2026-02-02T02:32:43+00:00","breadcrumb":{"@id":"https:\/\/apartments-jahorina.com\/hu\/jahorina-szallasarak\/#breadcrumb"},"inLanguage":"hu","potentialAction":[{"@type":"ReadAction","target":["https:\/\/apartments-jahorina.com\/hu\/jahorina-szallasarak\/"]}]},{"@type":"BreadcrumbList","@id":"https:\/\/apartments-jahorina.com\/hu\/jahorina-szallasarak\/#breadcrumb","itemListElement":[{"@type":"ListItem","position":1,"name":"Home","item":"https:\/\/apartments-jahorina.com\/hu\/"},{"@type":"ListItem","position":2,"name":"Jahorina sz\u00e1ll\u00e1s\u00e1rak"}]},{"@type":"WebSite","@id":"https:\/\/apartments-jahorina.com\/#website","url":"https:\/\/apartments-jahorina.com\/","name":"BESTBLICK Apartments Jahorina","description":"Moderni apartmani s pogledom na ski-stazu","potentialAction":[{"@type":"SearchAction","target":{"@type":"EntryPoint","urlTemplate":"https:\/\/apartments-jahorina.com\/?s={search_term_string}"},"query-input":{"@type":"PropertyValueSpecification","valueRequired":true,"valueName":"search_term_string"}}],"inLanguage":"hu"}]}},"_links":{"self":[{"href":"https:\/\/apartments-jahorina.com\/hu\/wp-json\/wp\/v2\/pages\/13291","targetHints":{"allow":["GET"]}}],"collection":[{"href":"https:\/\/apartments-jahorina.com\/hu\/wp-json\/wp\/v2\/pages"}],"about":[{"href":"https:\/\/apartments-jahorina.com\/hu\/wp-json\/wp\/v2\/types\/page"}],"author":[{"embeddable":true,"href":"https:\/\/apartments-jahorina.com\/hu\/wp-json\/wp\/v2\/users\/1"}],"replies":[{"embeddable":true,"href":"https:\/\/apartments-jahorina.com\/hu\/wp-json\/wp\/v2\/comments?post=13291"}],"version-history":[{"count":5,"href":"https:\/\/apartments-jahorina.com\/hu\/wp-json\/wp\/v2\/pages\/13291\/revisions"}],"predecessor-version":[{"id":13328,"href":"https:\/\/apartments-jahorina.com\/hu\/wp-json\/wp\/v2\/pages\/13291\/revisions\/13328"}],"wp:attachment":[{"href":"https:\/\/apartments-jahorina.com\/hu\/wp-json\/wp\/v2\/media?parent=13291"}],"curies":[{"name":"wp","href":"https:\/\/api.w.org\/{rel}","templated":true}]}}