{"id":13349,"date":"2026-02-02T03:02:21","date_gmt":"2026-02-02T03:02:21","guid":{"rendered":"https:\/\/apartments-jahorina.com\/?page_id=13349"},"modified":"2026-02-03T03:02:04","modified_gmt":"2026-02-03T03:02:04","slug":"szallas-kiado-jahorina","status":"publish","type":"page","link":"https:\/\/apartments-jahorina.com\/hu\/szallas-kiado-jahorina\/","title":{"rendered":"Sz\u00e1ll\u00e1s kiad\u00f3 Jahorina"},"content":{"rendered":"\t\t<div data-elementor-type=\"wp-page\" data-elementor-id=\"13349\" class=\"elementor elementor-13349 elementor-13345\">\n\t\t\t\t<div class=\"elementor-element elementor-element-12b6bd6 e-flex e-con-boxed e-con e-parent\" data-id=\"12b6bd6\" data-element_type=\"container\">\n\t\t\t\t\t<div class=\"e-con-inner\">\n\t\t<div class=\"elementor-element elementor-element-7b8b529 e-con-full e-flex e-con e-child\" data-id=\"7b8b529\" data-element_type=\"container\">\n\t\t<div class=\"elementor-element elementor-element-52f5450 e-con-full e-flex e-con e-child\" data-id=\"52f5450\" data-element_type=\"container\">\n\t\t\t\t<div class=\"elementor-element elementor-element-ef7ac5e elementor-absolute elementor-hidden-mobile elementor-view-default elementor-invisible elementor-widget elementor-widget-icon\" data-id=\"ef7ac5e\" data-element_type=\"widget\" data-settings=\"{&quot;_position&quot;:&quot;absolute&quot;,&quot;motion_fx_motion_fx_scrolling&quot;:&quot;yes&quot;,&quot;motion_fx_translateX_effect&quot;:&quot;yes&quot;,&quot;motion_fx_translateX_speed&quot;:{&quot;unit&quot;:&quot;px&quot;,&quot;size&quot;:1.5,&quot;sizes&quot;:[]},&quot;_animation&quot;:&quot;opal-move-right&quot;,&quot;motion_fx_translateX_affectedRange&quot;:{&quot;unit&quot;:&quot;%&quot;,&quot;size&quot;:&quot;&quot;,&quot;sizes&quot;:{&quot;start&quot;:0,&quot;end&quot;:100}},&quot;motion_fx_devices&quot;:[&quot;desktop&quot;,&quot;laptop&quot;,&quot;tablet_extra&quot;,&quot;tablet&quot;,&quot;mobile_extra&quot;,&quot;mobile&quot;]}\" data-widget_type=\"icon.default\">\n\t\t\t\t\t\t\t<div class=\"elementor-icon-wrapper\">\n\t\t\t<div class=\"elementor-icon\">\n\t\t\t\t\t\t<\/div>\n\t\t<\/div>\n\t\t\t\t\t\t<\/div>\n\t\t\t\t<div class=\"elementor-element elementor-element-7a3b481 elementor-widget__width-auto elementor-absolute elementor-hidden-mobile elementor-view-default elementor-invisible elementor-widget elementor-widget-icon\" data-id=\"7a3b481\" data-element_type=\"widget\" data-settings=\"{&quot;_position&quot;:&quot;absolute&quot;,&quot;motion_fx_motion_fx_scrolling&quot;:&quot;yes&quot;,&quot;motion_fx_translateY_effect&quot;:&quot;yes&quot;,&quot;motion_fx_translateY_direction&quot;:&quot;negative&quot;,&quot;motion_fx_translateY_speed&quot;:{&quot;unit&quot;:&quot;px&quot;,&quot;size&quot;:1.2,&quot;sizes&quot;:[]},&quot;_animation&quot;:&quot;opal-move-down&quot;,&quot;motion_fx_translateY_affectedRange&quot;:{&quot;unit&quot;:&quot;%&quot;,&quot;size&quot;:&quot;&quot;,&quot;sizes&quot;:{&quot;start&quot;:0,&quot;end&quot;:100}},&quot;motion_fx_devices&quot;:[&quot;desktop&quot;,&quot;laptop&quot;,&quot;tablet_extra&quot;,&quot;tablet&quot;,&quot;mobile_extra&quot;,&quot;mobile&quot;]}\" data-widget_type=\"icon.default\">\n\t\t\t\t\t\t\t<div class=\"elementor-icon-wrapper\">\n\t\t\t<div class=\"elementor-icon\">\n\t\t\t\t\t\t<\/div>\n\t\t<\/div>\n\t\t\t\t\t\t<\/div>\n\t\t\t\t<\/div>\n\t\t<div class=\"elementor-element elementor-element-4e0b3cc e-con-full e-flex e-con e-child\" data-id=\"4e0b3cc\" data-element_type=\"container\">\n\t\t\t\t<div class=\"elementor-element elementor-element-6bc46d3 elementor-widget__width-initial elementor-invisible elementor-widget elementor-widget-heading\" data-id=\"6bc46d3\" data-element_type=\"widget\" data-settings=\"{&quot;_animation&quot;:&quot;opal-move-left&quot;}\" data-widget_type=\"heading.default\">\n\t\t\t\t\t<h2 data-cursor=\"-opaque\" class=\"elementor-heading-title elementor-size-default\">Sz\u00e1ll\u00e1s kiad\u00f3 Jahorina \u2013  <span class=\"c-primary\">T\u00f6k\u00e9letes nyaral\u00e1s a term\u00e9szet \u00e9s a s\u00edel\u00e9s szerelmeseinek<\/span><\/h2>\t\t\t\t<\/div>\n\t\t\t\t<div class=\"elementor-element elementor-element-4aa09f6 elementor-widget__width-initial elementor-invisible elementor-widget elementor-widget-text-editor\" data-id=\"4aa09f6\" data-element_type=\"widget\" data-settings=\"{&quot;_animation&quot;:&quot;opal-move-left&quot;}\" data-widget_type=\"text-editor.default\">\n\t\t\t\t\t\t\t\t\t<span dir=\"auto\">Jahorina a t\u00e9li sportok \u00e9s a term\u00e9szet szerelmeseinek kedvelt \u00fati c\u00e9lja, \u00e9s a hegyen a sz\u00e1ll\u00e1sb\u00e9rl\u00e9s sz\u00e9les v\u00e1laszt\u00e9kot k\u00edn\u00e1l, a luxus\u00a0<\/span><a href=\"https:\/\/apartments-jahorina.com\/hu\/jahorina-apartmanok\/\"><span dir=\"auto\">apartmanokt\u00f3l<\/span><\/a><span dir=\"auto\">\u00a0a k\u00e9nyelmes nyaral\u00f3kon \u00e1t a megfizethet\u0151 panzi\u00f3kig. A sz\u00e1ll\u00e1shelyek a f\u0151 s\u00edp\u00e1ly\u00e1k k\u00f6zel\u00e9ben tal\u00e1lhat\u00f3k, ami ide\u00e1lis azoknak a vend\u00e9geknek, akik gyorsan szeretn\u00e9nek eljutni a s\u00edk\u00f6zpontokhoz \u00e9s a hegyi tev\u00e9kenys\u00e9gekhez.<\/span>\t\t\t\t\t\t\t\t<\/div>\n\t\t\t\t<\/div>\n\t\t\t\t<\/div>\n\t\t<div class=\"elementor-element elementor-element-300ae1a e-con-full e-flex e-con e-child\" data-id=\"300ae1a\" data-element_type=\"container\">\n\t\t<div class=\"elementor-element elementor-element-70f5e3f e-con-full e-flex e-con e-child\" data-id=\"70f5e3f\" data-element_type=\"container\">\n\t\t\t\t<div class=\"elementor-element elementor-element-67151ae elementor-invisible elementor-widget elementor-widget-n-accordion\" data-id=\"67151ae\" data-element_type=\"widget\" data-settings=\"{&quot;_animation&quot;:&quot;opal-move-right&quot;,&quot;default_state&quot;:&quot;all_collapsed&quot;,&quot;max_items_expended&quot;:&quot;one&quot;,&quot;n_accordion_animation_duration&quot;:{&quot;unit&quot;:&quot;ms&quot;,&quot;size&quot;:400,&quot;sizes&quot;:[]}}\" data-widget_type=\"nested-accordion.default\">\n\t\t\t\t\t\t\t<div class=\"e-n-accordion\" aria-label=\"Accordion. Open links with Enter or Space, close with Escape, and navigate with Arrow Keys\">\n\t\t\t\t\t\t<details id=\"e-n-accordion-item-1080\" class=\"e-n-accordion-item\" >\n\t\t\t\t<summary class=\"e-n-accordion-item-title\" data-accordion-index=\"1\" tabindex=\"0\" aria-expanded=\"false\" aria-controls=\"e-n-accordion-item-1080\" >\n\t\t\t\t\t<span class='e-n-accordion-item-title-header'><div class=\"e-n-accordion-item-title-text\"> Kiad\u00f3 sz\u00e1ll\u00e1shelyek Jahorin\u00e1n <\/div><\/span>\n\t\t\t\t\t\t\t<span class='e-n-accordion-item-title-icon'>\n\t\t\t<span class='e-opened' ><i aria-hidden=\"true\" class=\"antra-icon- antra-icon-minus\"><\/i><\/span>\n\t\t\t<span class='e-closed'><i aria-hidden=\"true\" class=\"antra-icon- antra-icon-plus\"><\/i><\/span>\n\t\t<\/span>\n\n\t\t\t\t\t\t<\/summary>\n\t\t\t\t<div role=\"region\" aria-labelledby=\"e-n-accordion-item-1080\" class=\"elementor-element elementor-element-efa299f e-con-full e-flex e-con e-child\" data-id=\"efa299f\" data-element_type=\"container\">\n\t\t\t\t<div class=\"elementor-element elementor-element-bf5b1c6 elementor-widget__width-initial elementor-widget elementor-widget-text-editor\" data-id=\"bf5b1c6\" data-element_type=\"widget\" data-widget_type=\"text-editor.default\">\n\t\t\t\t\t\t\t\t\t<ol><li><strong><span dir=\"auto\">Apartmanok \u00e9s lak\u00e1sok<\/span><\/strong><span dir=\"auto\">\u00a0\u2013 Ide\u00e1lis v\u00e1laszt\u00e1s p\u00e1rok \u00e9s csal\u00e1dok sz\u00e1m\u00e1ra. A modern felszerelts\u00e9ggel rendelkez\u0151 apartmanok Wi-Fi-vel, konyh\u00e1val \u00e9s t\u00e1gas szob\u00e1kkal rendelkeznek, az \u00e1rak pedig \u00e9jszak\u00e1nk\u00e9nt 60 \u00e9s 200 eur\u00f3 k\u00f6z\u00f6tt mozognak, az \u00e9vszakt\u00f3l \u00e9s a helysz\u00ednt\u0151l f\u00fcgg\u0151en.<\/span><\/li><li><strong><span dir=\"auto\">Fah\u00e1zak<\/span><\/strong><span dir=\"auto\">\u00a0&#8211; A Jahorina csendesebb r\u00e9szein tal\u00e1lhat\u00f3 fah\u00e1zak t\u00f6k\u00e9letes v\u00e1laszt\u00e1st jelentenek a mag\u00e1n\u00e9letre v\u00e1gy\u00f3 csoportok sz\u00e1m\u00e1ra. A fah\u00e1zak igazi hegyi hangulatot \u00e1rasztanak, \u00e9s gyakran kandall\u00f3val, terasszal \u00e9s konyhasarokkal is rendelkeznek.<\/span><\/li><li><strong><span dir=\"auto\">Sz\u00e1llod\u00e1k \u00e9s panzi\u00f3k<\/span><\/strong><span dir=\"auto\">\u00a0\u2013 Tov\u00e1bbi el\u0151ny\u00f6ket k\u00edn\u00e1lnak, mint p\u00e9ld\u00e1ul reggeli, wellnessk\u00f6zpontok \u00e9s szervezett t\u00far\u00e1k. Az \u00e1rak v\u00e1ltoz\u00f3ak, de kiv\u00e1l\u00f3 v\u00e1laszt\u00e1st jelentenek azok sz\u00e1m\u00e1ra, akik tov\u00e1bbi szolg\u00e1ltat\u00e1sokat \u00e9s k\u00e9nyelmet szeretn\u00e9nek.<\/span><\/li><li><strong><span dir=\"auto\">Csoportos vill\u00e1k<\/span><\/strong><span dir=\"auto\">\u00a0\u2013 Ide\u00e1lis nagyobb csoportok \u00e9s csal\u00e1dok sz\u00e1m\u00e1ra, tov\u00e1bbi el\u0151ny\u00f6kkel, mint p\u00e9ld\u00e1ul saj\u00e1t kert, szauna \u00e9s a f\u0151bb t\u00fara\u00fatvonalak k\u00f6zels\u00e9ge, \u00e9jszak\u00e1nk\u00e9nt 150 eur\u00f3t\u00f3l felfel\u00e9.<\/span><\/li><\/ol>\t\t\t\t\t\t\t\t<\/div>\n\t\t\t\t<\/div>\n\t\t\t\t\t<\/details>\n\t\t\t\t\t\t<details id=\"e-n-accordion-item-1081\" class=\"e-n-accordion-item\" >\n\t\t\t\t<summary class=\"e-n-accordion-item-title\" data-accordion-index=\"2\" tabindex=\"-1\" aria-expanded=\"false\" aria-controls=\"e-n-accordion-item-1081\" >\n\t\t\t\t\t<span class='e-n-accordion-item-title-header'><div class=\"e-n-accordion-item-title-text\"> B\u00e9rleti \u00e1rak <\/div><\/span>\n\t\t\t\t\t\t\t<span class='e-n-accordion-item-title-icon'>\n\t\t\t<span class='e-opened' ><i aria-hidden=\"true\" class=\"antra-icon- antra-icon-minus\"><\/i><\/span>\n\t\t\t<span class='e-closed'><i aria-hidden=\"true\" class=\"antra-icon- antra-icon-plus\"><\/i><\/span>\n\t\t<\/span>\n\n\t\t\t\t\t\t<\/summary>\n\t\t\t\t<div role=\"region\" aria-labelledby=\"e-n-accordion-item-1081\" class=\"elementor-element elementor-element-f0098d4 e-con-full e-flex e-con e-child\" data-id=\"f0098d4\" data-element_type=\"container\">\n\t\t\t\t<div class=\"elementor-element elementor-element-6580925 elementor-widget__width-initial elementor-widget elementor-widget-text-editor\" data-id=\"6580925\" data-element_type=\"widget\" data-widget_type=\"text-editor.default\">\n\t\t\t\t\t\t\t\t\t<span dir=\"auto\">A szezonban a Jahorina-szigeten a sz\u00e1ll\u00e1s\u00e1rak a cs\u00facsot \u00e9rik el, ez\u00e9rt a nagy kereslet miatt aj\u00e1nlott el\u0151re foglalni. Az apartmanok \u00e1ra a t\u00e9li h\u00f3napokban 80-200 eur\u00f3 k\u00f6r\u00fcl mozog \u00e9jszak\u00e1nk\u00e9nt, m\u00edg a holtszezonban az \u00e1rak jelent\u0151sen cs\u00f6kkennek. A nyaral\u00f3k \u00e9s vill\u00e1k dr\u00e1g\u00e1bbak lehetnek, k\u00fcl\u00f6n\u00f6sen a n\u00e9pszer\u0171 t\u00fara\u00fatvonalak \u00e9s turisztikai ter\u00fcletek k\u00f6zel\u00e9ben.<\/span>\n\n<span dir=\"auto\">A jahorinai sz\u00e1ll\u00e1sfoglal\u00e1ssal \u00e9s tov\u00e1bbi inform\u00e1ci\u00f3kkal kapcsolatban olyan platformokat aj\u00e1nlunk, mint\u00a0<\/span><a href=\"https:\/\/www.booking.com\/hotel\/ba\/bestblick-apartments-jahorina-snjezna-dolina.en-gb.html\"><strong><span dir=\"auto\">a booking.com<\/span><\/strong><\/a><span dir=\"auto\">\u00a0, valamint speci\u00e1lis utaz\u00e1si irod\u00e1kat, amelyek naprak\u00e9sz inform\u00e1ci\u00f3kat k\u00edn\u00e1lnak az \u00e1rakr\u00f3l, a rendelkez\u00e9sre \u00e1ll\u00e1sr\u00f3l \u00e9s a vend\u00e9g\u00e9rt\u00e9kel\u00e9sekr\u0151l.<\/span>\t\t\t\t\t\t\t\t<\/div>\n\t\t\t\t<\/div>\n\t\t\t\t\t<\/details>\n\t\t\t\t\t<\/div>\n\t\t\t\t\t\t<\/div>\n\t\t\t\t<\/div>\n\t\t<div class=\"elementor-element elementor-element-7c44126 e-con-full e-flex e-con e-child\" data-id=\"7c44126\" data-element_type=\"container\">\n\t\t\t\t<div class=\"elementor-element elementor-element-5b562f9 elementor-invisible elementor-widget elementor-widget-image\" data-id=\"5b562f9\" data-element_type=\"widget\" data-settings=\"{&quot;_animation&quot;:&quot;opal-move-left&quot;}\" data-widget_type=\"image.default\">\n\t\t\t\t\t<div class=\"antra-wrapper-image-widget\" data-cursor=\"-opaque\">\t\t\t\t\t\t\t\t\t\t<img loading=\"lazy\" decoding=\"async\" width=\"2560\" height=\"1440\" src=\"https:\/\/apartments-jahorina.com\/wp-content\/uploads\/2025\/11\/gal3-scaled.jpg\" class=\"attachment-full size-full wp-image-10881\" alt=\"\" srcset=\"https:\/\/apartments-jahorina.com\/wp-content\/uploads\/2025\/11\/gal3-scaled.jpg 2560w, https:\/\/apartments-jahorina.com\/wp-content\/uploads\/2025\/11\/gal3-300x169.jpg 300w, https:\/\/apartments-jahorina.com\/wp-content\/uploads\/2025\/11\/gal3-1024x576.jpg 1024w, https:\/\/apartments-jahorina.com\/wp-content\/uploads\/2025\/11\/gal3-768x432.jpg 768w, https:\/\/apartments-jahorina.com\/wp-content\/uploads\/2025\/11\/gal3-1536x864.jpg 1536w, https:\/\/apartments-jahorina.com\/wp-content\/uploads\/2025\/11\/gal3-2048x1152.jpg 2048w, https:\/\/apartments-jahorina.com\/wp-content\/uploads\/2025\/11\/gal3-860x484.jpg 860w, https:\/\/apartments-jahorina.com\/wp-content\/uploads\/2025\/11\/gal3-1000x563.jpg 1000w\" sizes=\"(max-width: 2560px) 100vw, 2560px\" \/>\t\t\t\t\t\t\t\t\t\t\t<\/div>\t\t\t\t<\/div>\n\t\t\t\t<\/div>\n\t\t\t\t<\/div>\n\t\t\t\t\t<\/div>\n\t\t\t\t<\/div>\n\t\t\t\t<\/div>\n\t\t","protected":false},"excerpt":{"rendered":"<p>Sz\u00e1ll\u00e1s kiad\u00f3 Jahorina \u2013 T\u00f6k\u00e9letes nyaral\u00e1s a term\u00e9szet \u00e9s a s\u00edel\u00e9s szerelmeseinek Jahorina a t\u00e9li sportok \u00e9s a term\u00e9szet szerelmeseinek kedvelt \u00fati c\u00e9lja, \u00e9s a hegyen a sz\u00e1ll\u00e1sb\u00e9rl\u00e9s sz\u00e9les v\u00e1laszt\u00e9kot k\u00edn\u00e1l, a luxus\u00a0apartmanokt\u00f3l\u00a0a k\u00e9nyelmes nyaral\u00f3kon \u00e1t a megfizethet\u0151 panzi\u00f3kig. A sz\u00e1ll\u00e1shelyek a f\u0151 s\u00edp\u00e1ly\u00e1k k\u00f6zel\u00e9ben tal\u00e1lhat\u00f3k, ami ide\u00e1lis azoknak a vend\u00e9geknek, akik gyorsan szeretn\u00e9nek eljutni [&hellip;]<\/p>\n","protected":false},"author":1,"featured_media":0,"parent":0,"menu_order":0,"comment_status":"closed","ping_status":"closed","template":"","meta":{"footnotes":""},"class_list":["post-13349","page","type-page","status-publish","hentry"],"yoast_head":"<!-- This site is optimized with the Yoast SEO plugin v26.4 - https:\/\/yoast.com\/wordpress\/plugins\/seo\/ -->\n<title>Sz\u00e1ll\u00e1s kiad\u00f3 Jahorina - BESTBLICK Apartments Jahorina<\/title>\n<meta name=\"robots\" content=\"index, follow, max-snippet:-1, max-image-preview:large, max-video-preview:-1\" \/>\n<link rel=\"canonical\" href=\"https:\/\/apartments-jahorina.com\/hu\/szallas-kiado-jahorina\/\" \/>\n<meta property=\"og:locale\" content=\"hu_HU\" \/>\n<meta property=\"og:type\" content=\"article\" \/>\n<meta property=\"og:title\" content=\"Sz\u00e1ll\u00e1s kiad\u00f3 Jahorina - BESTBLICK Apartments Jahorina\" \/>\n<meta property=\"og:description\" content=\"Sz\u00e1ll\u00e1s kiad\u00f3 Jahorina \u2013 T\u00f6k\u00e9letes nyaral\u00e1s a term\u00e9szet \u00e9s a s\u00edel\u00e9s szerelmeseinek Jahorina a t\u00e9li sportok \u00e9s a term\u00e9szet szerelmeseinek kedvelt \u00fati c\u00e9lja, \u00e9s a hegyen a sz\u00e1ll\u00e1sb\u00e9rl\u00e9s sz\u00e9les v\u00e1laszt\u00e9kot k\u00edn\u00e1l, a luxus\u00a0apartmanokt\u00f3l\u00a0a k\u00e9nyelmes nyaral\u00f3kon \u00e1t a megfizethet\u0151 panzi\u00f3kig. A sz\u00e1ll\u00e1shelyek a f\u0151 s\u00edp\u00e1ly\u00e1k k\u00f6zel\u00e9ben tal\u00e1lhat\u00f3k, ami ide\u00e1lis azoknak a vend\u00e9geknek, akik gyorsan szeretn\u00e9nek eljutni [&hellip;]\" \/>\n<meta property=\"og:url\" content=\"https:\/\/apartments-jahorina.com\/hu\/szallas-kiado-jahorina\/\" \/>\n<meta property=\"og:site_name\" content=\"BESTBLICK Apartments Jahorina\" \/>\n<meta property=\"article:modified_time\" content=\"2026-02-03T03:02:04+00:00\" \/>\n<meta property=\"og:image\" content=\"https:\/\/apartments-jahorina.com\/wp-content\/uploads\/2025\/11\/gal3-scaled.jpg\" \/>\n\t<meta property=\"og:image:width\" content=\"2560\" \/>\n\t<meta property=\"og:image:height\" content=\"1440\" \/>\n\t<meta property=\"og:image:type\" content=\"image\/jpeg\" \/>\n<meta name=\"twitter:card\" content=\"summary_large_image\" \/>\n<script type=\"application\/ld+json\" class=\"yoast-schema-graph\">{\"@context\":\"https:\/\/schema.org\",\"@graph\":[{\"@type\":\"WebPage\",\"@id\":\"https:\/\/apartments-jahorina.com\/hu\/szallas-kiado-jahorina\/\",\"url\":\"https:\/\/apartments-jahorina.com\/hu\/szallas-kiado-jahorina\/\",\"name\":\"Sz\u00e1ll\u00e1s kiad\u00f3 Jahorina - BESTBLICK Apartments Jahorina\",\"isPartOf\":{\"@id\":\"https:\/\/apartments-jahorina.com\/#website\"},\"primaryImageOfPage\":{\"@id\":\"https:\/\/apartments-jahorina.com\/hu\/szallas-kiado-jahorina\/#primaryimage\"},\"image\":{\"@id\":\"https:\/\/apartments-jahorina.com\/hu\/szallas-kiado-jahorina\/#primaryimage\"},\"thumbnailUrl\":\"https:\/\/apartments-jahorina.com\/wp-content\/uploads\/2025\/11\/gal3-scaled.jpg\",\"datePublished\":\"2026-02-02T03:02:21+00:00\",\"dateModified\":\"2026-02-03T03:02:04+00:00\",\"breadcrumb\":{\"@id\":\"https:\/\/apartments-jahorina.com\/hu\/szallas-kiado-jahorina\/#breadcrumb\"},\"inLanguage\":\"hu\",\"potentialAction\":[{\"@type\":\"ReadAction\",\"target\":[\"https:\/\/apartments-jahorina.com\/hu\/szallas-kiado-jahorina\/\"]}]},{\"@type\":\"ImageObject\",\"inLanguage\":\"hu\",\"@id\":\"https:\/\/apartments-jahorina.com\/hu\/szallas-kiado-jahorina\/#primaryimage\",\"url\":\"https:\/\/apartments-jahorina.com\/wp-content\/uploads\/2025\/11\/gal3-scaled.jpg\",\"contentUrl\":\"https:\/\/apartments-jahorina.com\/wp-content\/uploads\/2025\/11\/gal3-scaled.jpg\"},{\"@type\":\"BreadcrumbList\",\"@id\":\"https:\/\/apartments-jahorina.com\/hu\/szallas-kiado-jahorina\/#breadcrumb\",\"itemListElement\":[{\"@type\":\"ListItem\",\"position\":1,\"name\":\"Home\",\"item\":\"https:\/\/apartments-jahorina.com\/hu\/\"},{\"@type\":\"ListItem\",\"position\":2,\"name\":\"Sz\u00e1ll\u00e1s kiad\u00f3 Jahorina\"}]},{\"@type\":\"WebSite\",\"@id\":\"https:\/\/apartments-jahorina.com\/#website\",\"url\":\"https:\/\/apartments-jahorina.com\/\",\"name\":\"BESTBLICK Apartments Jahorina\",\"description\":\"Moderni apartmani s pogledom na ski-stazu\",\"potentialAction\":[{\"@type\":\"SearchAction\",\"target\":{\"@type\":\"EntryPoint\",\"urlTemplate\":\"https:\/\/apartments-jahorina.com\/?s={search_term_string}\"},\"query-input\":{\"@type\":\"PropertyValueSpecification\",\"valueRequired\":true,\"valueName\":\"search_term_string\"}}],\"inLanguage\":\"hu\"}]}<\/script>\n<!-- \/ Yoast SEO plugin. -->","yoast_head_json":{"title":"Sz\u00e1ll\u00e1s kiad\u00f3 Jahorina - BESTBLICK Apartments Jahorina","robots":{"index":"index","follow":"follow","max-snippet":"max-snippet:-1","max-image-preview":"max-image-preview:large","max-video-preview":"max-video-preview:-1"},"canonical":"https:\/\/apartments-jahorina.com\/hu\/szallas-kiado-jahorina\/","og_locale":"hu_HU","og_type":"article","og_title":"Sz\u00e1ll\u00e1s kiad\u00f3 Jahorina - BESTBLICK Apartments Jahorina","og_description":"Sz\u00e1ll\u00e1s kiad\u00f3 Jahorina \u2013 T\u00f6k\u00e9letes nyaral\u00e1s a term\u00e9szet \u00e9s a s\u00edel\u00e9s szerelmeseinek Jahorina a t\u00e9li sportok \u00e9s a term\u00e9szet szerelmeseinek kedvelt \u00fati c\u00e9lja, \u00e9s a hegyen a sz\u00e1ll\u00e1sb\u00e9rl\u00e9s sz\u00e9les v\u00e1laszt\u00e9kot k\u00edn\u00e1l, a luxus\u00a0apartmanokt\u00f3l\u00a0a k\u00e9nyelmes nyaral\u00f3kon \u00e1t a megfizethet\u0151 panzi\u00f3kig. A sz\u00e1ll\u00e1shelyek a f\u0151 s\u00edp\u00e1ly\u00e1k k\u00f6zel\u00e9ben tal\u00e1lhat\u00f3k, ami ide\u00e1lis azoknak a vend\u00e9geknek, akik gyorsan szeretn\u00e9nek eljutni [&hellip;]","og_url":"https:\/\/apartments-jahorina.com\/hu\/szallas-kiado-jahorina\/","og_site_name":"BESTBLICK Apartments Jahorina","article_modified_time":"2026-02-03T03:02:04+00:00","og_image":[{"width":2560,"height":1440,"url":"https:\/\/apartments-jahorina.com\/wp-content\/uploads\/2025\/11\/gal3-scaled.jpg","type":"image\/jpeg"}],"twitter_card":"summary_large_image","schema":{"@context":"https:\/\/schema.org","@graph":[{"@type":"WebPage","@id":"https:\/\/apartments-jahorina.com\/hu\/szallas-kiado-jahorina\/","url":"https:\/\/apartments-jahorina.com\/hu\/szallas-kiado-jahorina\/","name":"Sz\u00e1ll\u00e1s kiad\u00f3 Jahorina - BESTBLICK Apartments Jahorina","isPartOf":{"@id":"https:\/\/apartments-jahorina.com\/#website"},"primaryImageOfPage":{"@id":"https:\/\/apartments-jahorina.com\/hu\/szallas-kiado-jahorina\/#primaryimage"},"image":{"@id":"https:\/\/apartments-jahorina.com\/hu\/szallas-kiado-jahorina\/#primaryimage"},"thumbnailUrl":"https:\/\/apartments-jahorina.com\/wp-content\/uploads\/2025\/11\/gal3-scaled.jpg","datePublished":"2026-02-02T03:02:21+00:00","dateModified":"2026-02-03T03:02:04+00:00","breadcrumb":{"@id":"https:\/\/apartments-jahorina.com\/hu\/szallas-kiado-jahorina\/#breadcrumb"},"inLanguage":"hu","potentialAction":[{"@type":"ReadAction","target":["https:\/\/apartments-jahorina.com\/hu\/szallas-kiado-jahorina\/"]}]},{"@type":"ImageObject","inLanguage":"hu","@id":"https:\/\/apartments-jahorina.com\/hu\/szallas-kiado-jahorina\/#primaryimage","url":"https:\/\/apartments-jahorina.com\/wp-content\/uploads\/2025\/11\/gal3-scaled.jpg","contentUrl":"https:\/\/apartments-jahorina.com\/wp-content\/uploads\/2025\/11\/gal3-scaled.jpg"},{"@type":"BreadcrumbList","@id":"https:\/\/apartments-jahorina.com\/hu\/szallas-kiado-jahorina\/#breadcrumb","itemListElement":[{"@type":"ListItem","position":1,"name":"Home","item":"https:\/\/apartments-jahorina.com\/hu\/"},{"@type":"ListItem","position":2,"name":"Sz\u00e1ll\u00e1s kiad\u00f3 Jahorina"}]},{"@type":"WebSite","@id":"https:\/\/apartments-jahorina.com\/#website","url":"https:\/\/apartments-jahorina.com\/","name":"BESTBLICK Apartments Jahorina","description":"Moderni apartmani s pogledom na ski-stazu","potentialAction":[{"@type":"SearchAction","target":{"@type":"EntryPoint","urlTemplate":"https:\/\/apartments-jahorina.com\/?s={search_term_string}"},"query-input":{"@type":"PropertyValueSpecification","valueRequired":true,"valueName":"search_term_string"}}],"inLanguage":"hu"}]}},"_links":{"self":[{"href":"https:\/\/apartments-jahorina.com\/hu\/wp-json\/wp\/v2\/pages\/13349","targetHints":{"allow":["GET"]}}],"collection":[{"href":"https:\/\/apartments-jahorina.com\/hu\/wp-json\/wp\/v2\/pages"}],"about":[{"href":"https:\/\/apartments-jahorina.com\/hu\/wp-json\/wp\/v2\/types\/page"}],"author":[{"embeddable":true,"href":"https:\/\/apartments-jahorina.com\/hu\/wp-json\/wp\/v2\/users\/1"}],"replies":[{"embeddable":true,"href":"https:\/\/apartments-jahorina.com\/hu\/wp-json\/wp\/v2\/comments?post=13349"}],"version-history":[{"count":6,"href":"https:\/\/apartments-jahorina.com\/hu\/wp-json\/wp\/v2\/pages\/13349\/revisions"}],"predecessor-version":[{"id":13402,"href":"https:\/\/apartments-jahorina.com\/hu\/wp-json\/wp\/v2\/pages\/13349\/revisions\/13402"}],"wp:attachment":[{"href":"https:\/\/apartments-jahorina.com\/hu\/wp-json\/wp\/v2\/media?parent=13349"}],"curies":[{"name":"wp","href":"https:\/\/api.w.org\/{rel}","templated":true}]}}