{"id":13439,"date":"2026-02-04T02:20:19","date_gmt":"2026-02-04T02:20:19","guid":{"rendered":"https:\/\/apartments-jahorina.com\/?page_id=13439"},"modified":"2026-02-04T02:40:52","modified_gmt":"2026-02-04T02:40:52","slug":"hol-erdemes-sielni","status":"publish","type":"page","link":"https:\/\/apartments-jahorina.com\/hu\/hol-erdemes-sielni\/","title":{"rendered":"Hol \u00e9rdemes s\u00edelni?"},"content":{"rendered":"\t\t<div data-elementor-type=\"wp-page\" data-elementor-id=\"13439\" class=\"elementor elementor-13439 elementor-13435\">\n\t\t\t\t<div class=\"elementor-element elementor-element-12b6bd6 e-flex e-con-boxed e-con e-parent\" data-id=\"12b6bd6\" data-element_type=\"container\">\n\t\t\t\t\t<div class=\"e-con-inner\">\n\t\t<div class=\"elementor-element elementor-element-7b8b529 e-con-full e-flex e-con e-child\" data-id=\"7b8b529\" data-element_type=\"container\">\n\t\t<div class=\"elementor-element elementor-element-52f5450 e-con-full e-flex e-con e-child\" data-id=\"52f5450\" data-element_type=\"container\">\n\t\t\t\t<div class=\"elementor-element elementor-element-ef7ac5e elementor-absolute elementor-hidden-mobile elementor-view-default elementor-invisible elementor-widget elementor-widget-icon\" data-id=\"ef7ac5e\" data-element_type=\"widget\" data-settings=\"{&quot;_position&quot;:&quot;absolute&quot;,&quot;motion_fx_motion_fx_scrolling&quot;:&quot;yes&quot;,&quot;motion_fx_translateX_effect&quot;:&quot;yes&quot;,&quot;motion_fx_translateX_speed&quot;:{&quot;unit&quot;:&quot;px&quot;,&quot;size&quot;:1.5,&quot;sizes&quot;:[]},&quot;_animation&quot;:&quot;opal-move-right&quot;,&quot;motion_fx_translateX_affectedRange&quot;:{&quot;unit&quot;:&quot;%&quot;,&quot;size&quot;:&quot;&quot;,&quot;sizes&quot;:{&quot;start&quot;:0,&quot;end&quot;:100}},&quot;motion_fx_devices&quot;:[&quot;desktop&quot;,&quot;laptop&quot;,&quot;tablet_extra&quot;,&quot;tablet&quot;,&quot;mobile_extra&quot;,&quot;mobile&quot;]}\" data-widget_type=\"icon.default\">\n\t\t\t\t\t\t\t<div class=\"elementor-icon-wrapper\">\n\t\t\t<div class=\"elementor-icon\">\n\t\t\t\t\t\t<\/div>\n\t\t<\/div>\n\t\t\t\t\t\t<\/div>\n\t\t\t\t<div class=\"elementor-element elementor-element-7a3b481 elementor-widget__width-auto elementor-absolute elementor-hidden-mobile elementor-view-default elementor-invisible elementor-widget elementor-widget-icon\" data-id=\"7a3b481\" data-element_type=\"widget\" data-settings=\"{&quot;_position&quot;:&quot;absolute&quot;,&quot;motion_fx_motion_fx_scrolling&quot;:&quot;yes&quot;,&quot;motion_fx_translateY_effect&quot;:&quot;yes&quot;,&quot;motion_fx_translateY_direction&quot;:&quot;negative&quot;,&quot;motion_fx_translateY_speed&quot;:{&quot;unit&quot;:&quot;px&quot;,&quot;size&quot;:1.2,&quot;sizes&quot;:[]},&quot;_animation&quot;:&quot;opal-move-down&quot;,&quot;motion_fx_translateY_affectedRange&quot;:{&quot;unit&quot;:&quot;%&quot;,&quot;size&quot;:&quot;&quot;,&quot;sizes&quot;:{&quot;start&quot;:0,&quot;end&quot;:100}},&quot;motion_fx_devices&quot;:[&quot;desktop&quot;,&quot;laptop&quot;,&quot;tablet_extra&quot;,&quot;tablet&quot;,&quot;mobile_extra&quot;,&quot;mobile&quot;]}\" data-widget_type=\"icon.default\">\n\t\t\t\t\t\t\t<div class=\"elementor-icon-wrapper\">\n\t\t\t<div class=\"elementor-icon\">\n\t\t\t\t\t\t<\/div>\n\t\t<\/div>\n\t\t\t\t\t\t<\/div>\n\t\t\t\t<\/div>\n\t\t<div class=\"elementor-element elementor-element-4e0b3cc e-con-full e-flex e-con e-child\" data-id=\"4e0b3cc\" data-element_type=\"container\">\n\t\t\t\t<div class=\"elementor-element elementor-element-6bc46d3 elementor-widget__width-initial elementor-invisible elementor-widget elementor-widget-heading\" data-id=\"6bc46d3\" data-element_type=\"widget\" data-settings=\"{&quot;_animation&quot;:&quot;opal-move-left&quot;}\" data-widget_type=\"heading.default\">\n\t\t\t\t\t<h2 data-cursor=\"-opaque\" class=\"elementor-heading-title elementor-size-default\">Hol s\u00edelj\u00fcnk? Jahorina  \u2013  <span class=\"c-primary\">A t\u00e9li kalandok teljes kalauza<\/span><\/h2>\t\t\t\t<\/div>\n\t\t\t\t<div class=\"elementor-element elementor-element-4aa09f6 elementor-widget__width-initial elementor-invisible elementor-widget elementor-widget-text-editor\" data-id=\"4aa09f6\" data-element_type=\"widget\" data-settings=\"{&quot;_animation&quot;:&quot;opal-move-left&quot;}\" data-widget_type=\"text-editor.default\">\n\t\t\t\t\t\t\t\t\t<p>Jahorina a Balk\u00e1n egyik legh\u00edresebb s\u00edparadicsoma, amely kiv\u00e9teles t\u00e9li sport\u00e9lm\u00e9nyt k\u00edn\u00e1l Bosznia-Hercegovina sz\u00edv\u00e9ben. Leny\u0171g\u00f6z\u0151, 45 km-es karbantartott p\u00e1ly\u00e1ival Jahorina sz\u00e1mos lehet\u0151s\u00e9get k\u00edn\u00e1l mindenf\u00e9le s\u00edel\u0151 sz\u00e1m\u00e1ra \u2013 a kezd\u0151t\u0151l a profikig. A s\u00edel\u00e9s mellett Jahorina snowboardoz\u00e1st, esti s\u00edel\u00e9st, sz\u00e1nk\u00f3z\u00e1st \u00e9s sz\u00e1mos egy\u00e9b tev\u00e9kenys\u00e9get is k\u00edn\u00e1l.<\/p>\t\t\t\t\t\t\t\t<\/div>\n\t\t\t\t<\/div>\n\t\t\t\t<\/div>\n\t\t<div class=\"elementor-element elementor-element-300ae1a e-con-full e-flex e-con e-child\" data-id=\"300ae1a\" data-element_type=\"container\">\n\t\t<div class=\"elementor-element elementor-element-70f5e3f e-con-full e-flex e-con e-child\" data-id=\"70f5e3f\" data-element_type=\"container\">\n\t\t\t\t<div class=\"elementor-element elementor-element-67151ae elementor-invisible elementor-widget elementor-widget-n-accordion\" data-id=\"67151ae\" data-element_type=\"widget\" data-settings=\"{&quot;_animation&quot;:&quot;opal-move-right&quot;,&quot;default_state&quot;:&quot;all_collapsed&quot;,&quot;max_items_expended&quot;:&quot;one&quot;,&quot;n_accordion_animation_duration&quot;:{&quot;unit&quot;:&quot;ms&quot;,&quot;size&quot;:400,&quot;sizes&quot;:[]}}\" data-widget_type=\"nested-accordion.default\">\n\t\t\t\t\t\t\t<div class=\"e-n-accordion\" aria-label=\"Accordion. Open links with Enter or Space, close with Escape, and navigate with Arrow Keys\">\n\t\t\t\t\t\t<details id=\"e-n-accordion-item-1080\" class=\"e-n-accordion-item\" >\n\t\t\t\t<summary class=\"e-n-accordion-item-title\" data-accordion-index=\"1\" tabindex=\"0\" aria-expanded=\"false\" aria-controls=\"e-n-accordion-item-1080\" >\n\t\t\t\t\t<span class='e-n-accordion-item-title-header'><div class=\"e-n-accordion-item-title-text\"> Jahorina legn\u00e9pszer\u0171bb s\u00edp\u00e1ly\u00e1i <\/div><\/span>\n\t\t\t\t\t\t\t<span class='e-n-accordion-item-title-icon'>\n\t\t\t<span class='e-opened' ><i aria-hidden=\"true\" class=\"antra-icon- antra-icon-minus\"><\/i><\/span>\n\t\t\t<span class='e-closed'><i aria-hidden=\"true\" class=\"antra-icon- antra-icon-plus\"><\/i><\/span>\n\t\t<\/span>\n\n\t\t\t\t\t\t<\/summary>\n\t\t\t\t<div role=\"region\" aria-labelledby=\"e-n-accordion-item-1080\" class=\"elementor-element elementor-element-efa299f e-con-full e-flex e-con e-child\" data-id=\"efa299f\" data-element_type=\"container\">\n\t\t\t\t<div class=\"elementor-element elementor-element-bf5b1c6 elementor-widget__width-initial elementor-widget elementor-widget-text-editor\" data-id=\"bf5b1c6\" data-element_type=\"widget\" data-widget_type=\"text-editor.default\">\n\t\t\t\t\t\t\t\t\t<ol><li><p><strong><span dir=\"auto\">Olimpiai \u00f6sv\u00e9ny<\/span><\/strong><br \/><span dir=\"auto\">Az Olimpiai \u00f6sv\u00e9ny a leghosszabb \u00e9s legnehezebb p\u00e1lya, amelyet a sebess\u00e9get \u00e9s kih\u00edv\u00e1st keres\u0151 tapasztalt s\u00edel\u0151k sz\u00e1m\u00e1ra terveztek. Ez a p\u00e1lya 900 m\u00e9teres szintemelked\u00e9st k\u00edn\u00e1l, \u00e9s a hegy tetej\u00e9t\u0151l a hegyl\u00e1bakig h\u00faz\u00f3dik, izgalmas \u00e9lm\u00e9nyt ny\u00fajtva a tapasztalt s\u00edel\u0151k sz\u00e1m\u00e1ra.<\/span><\/p><\/li><li><p><strong><span dir=\"auto\">Poljice \u00e9s Rajska-v\u00f6lgy<\/span><\/strong><br \/><span dir=\"auto\">Kezd\u0151k \u00e9s hobbis\u00edel\u0151k sz\u00e1m\u00e1ra Poljice \u00e9s Rajska-v\u00f6lgy ide\u00e1lis hely. A sz\u00e9les \u00e9s k\u00f6nny\u0171 p\u00e1ly\u00e1k kisebb szintk\u00fcl\u00f6nbs\u00e9ggel lehet\u0151v\u00e9 teszik a biztons\u00e1gos vezet\u00e9st \u00e9s a fokozatos tanul\u00e1st. Poljice a modern f\u00e9nyvisszaver\u0151 rendszernek k\u00f6sz\u00f6nhet\u0151en az \u00e9jszakai s\u00edel\u00e9s szerelmeseinek is n\u00e9pszer\u0171.<\/span><\/p><\/li><li><p><strong><span dir=\"auto\">A Snow Park<\/span><\/strong><br \/><span dir=\"auto\">Jahorina egy k\u00fcl\u00f6nleges h\u00f3parkkal is rendelkezik ugrat\u00f3kkal \u00e9s akad\u00e1lyokkal a snowboard rajong\u00f3i sz\u00e1m\u00e1ra, amely teret biztos\u00edt a freestyle rajong\u00f3knak \u00e9s a kalandv\u00e1gy\u00f3knak.<\/span><\/p><\/li><\/ol>\t\t\t\t\t\t\t\t<\/div>\n\t\t\t\t<\/div>\n\t\t\t\t\t<\/details>\n\t\t\t\t\t\t<details id=\"e-n-accordion-item-1081\" class=\"e-n-accordion-item\" >\n\t\t\t\t<summary class=\"e-n-accordion-item-title\" data-accordion-index=\"2\" tabindex=\"-1\" aria-expanded=\"false\" aria-controls=\"e-n-accordion-item-1081\" >\n\t\t\t\t\t<span class='e-n-accordion-item-title-header'><div class=\"e-n-accordion-item-title-text\"> Tov\u00e1bbi tev\u00e9kenys\u00e9gek <\/div><\/span>\n\t\t\t\t\t\t\t<span class='e-n-accordion-item-title-icon'>\n\t\t\t<span class='e-opened' ><i aria-hidden=\"true\" class=\"antra-icon- antra-icon-minus\"><\/i><\/span>\n\t\t\t<span class='e-closed'><i aria-hidden=\"true\" class=\"antra-icon- antra-icon-plus\"><\/i><\/span>\n\t\t<\/span>\n\n\t\t\t\t\t\t<\/summary>\n\t\t\t\t<div role=\"region\" aria-labelledby=\"e-n-accordion-item-1081\" class=\"elementor-element elementor-element-f0098d4 e-con-full e-flex e-con e-child\" data-id=\"f0098d4\" data-element_type=\"container\">\n\t\t\t\t<div class=\"elementor-element elementor-element-6580925 elementor-widget__width-initial elementor-widget elementor-widget-text-editor\" data-id=\"6580925\" data-element_type=\"widget\" data-widget_type=\"text-editor.default\">\n\t\t\t\t\t\t\t\t\t<p><span dir=\"auto\">A s\u00edel\u00e9s mellett a Jahorina l\u00e1togat\u00f3i kipr\u00f3b\u00e1lhatj\u00e1k\u00a0<\/span><strong><span dir=\"auto\">a h\u00f3k\u00f6teles s\u00edel\u00e9st (snowtubing)<\/span><\/strong><span dir=\"auto\">\u00a0, a sz\u00e1nk\u00f3z\u00e1st, vagy \u00e9lvezhetik az adrenalin-tev\u00e9kenys\u00e9geket, mint p\u00e9ld\u00e1ul\u00a0<\/span><strong><span dir=\"auto\">a zipline-oz\u00e1st<\/span><\/strong><span dir=\"auto\">\u00a0. Vannak p\u00e1ly\u00e1k a\u00a0<\/span><strong><span dir=\"auto\">s\u00edfut\u00e1shoz<\/span><\/strong><span dir=\"auto\">\u00a0is , a hegyi t\u00far\u00e1k szerelmesei pedig szervezett hegyi \u00f6sv\u00e9nyeket fedezhetnek fel. A gyerekek \u00e9s a kezd\u0151k ig\u00e9nybe vehetik az ig\u00e9nyeiknek megfelel\u0151 s\u00ediskol\u00e1kat \u00e9s p\u00e1ly\u00e1kat, ahol oktat\u00f3k fel\u00fcgyelete alatt elsaj\u00e1t\u00edthatj\u00e1k a s\u00edel\u00e9s alapjait.<\/span><\/p>\t\t\t\t\t\t\t\t<\/div>\n\t\t\t\t<\/div>\n\t\t\t\t\t<\/details>\n\t\t\t\t\t\t<details id=\"e-n-accordion-item-1082\" class=\"e-n-accordion-item\" >\n\t\t\t\t<summary class=\"e-n-accordion-item-title\" data-accordion-index=\"3\" tabindex=\"-1\" aria-expanded=\"false\" aria-controls=\"e-n-accordion-item-1082\" >\n\t\t\t\t\t<span class='e-n-accordion-item-title-header'><div class=\"e-n-accordion-item-title-text\"> S\u00edfelvon\u00f3k \u00e9s felvon\u00f3k <\/div><\/span>\n\t\t\t\t\t\t\t<span class='e-n-accordion-item-title-icon'>\n\t\t\t<span class='e-opened' ><i aria-hidden=\"true\" class=\"antra-icon- antra-icon-minus\"><\/i><\/span>\n\t\t\t<span class='e-closed'><i aria-hidden=\"true\" class=\"antra-icon- antra-icon-plus\"><\/i><\/span>\n\t\t<\/span>\n\n\t\t\t\t\t\t<\/summary>\n\t\t\t\t<div role=\"region\" aria-labelledby=\"e-n-accordion-item-1082\" class=\"elementor-element elementor-element-5471b18 e-con-full e-flex e-con e-child\" data-id=\"5471b18\" data-element_type=\"container\">\n\t\t\t\t<div class=\"elementor-element elementor-element-9cf7c35 elementor-widget__width-initial elementor-widget elementor-widget-text-editor\" data-id=\"9cf7c35\" data-element_type=\"widget\" data-widget_type=\"text-editor.default\">\n\t\t\t\t\t\t\t\t\t<p><span dir=\"auto\">Jahorina h\u00e9t s\u00edfelvon\u00f3val \u00e9s h\u00e1rom dr\u00f3tk\u00f6t\u00e9lp\u00e1ly\u00e1val van felszerelve, amelyek gyors \u00e9s k\u00f6nny\u0171 hozz\u00e1f\u00e9r\u00e9st biztos\u00edtanak a f\u0151bb lejt\u0151kh\u00f6z, \u00f6sszesen 17 000 s\u00edel\u0151 befogad\u00e1s\u00e1ra alkalmas kapacit\u00e1ssal \u00f3r\u00e1nk\u00e9nt.\u00a0<\/span><strong><span dir=\"auto\">A mesters\u00e9ges h\u00f3\u00e1gy\u00fa rendszer<\/span><\/strong><span dir=\"auto\">\u00a0megfelel\u0151 h\u00f3takar\u00f3t biztos\u00edt, m\u00e9g akkor is, ha a term\u00e9szeti k\u00f6r\u00fclm\u00e9nyek nem ide\u00e1lisak, \u00edgy hosszabb s\u00edszezont tesz lehet\u0151v\u00e9. A felvon\u00f3k reggel 9 \u00e9s d\u00e9lut\u00e1n 4 \u00f3ra k\u00f6z\u00f6tt m\u0171k\u00f6dnek, az esti s\u00edel\u00e9s pedig este 6 \u00e9s este 9 \u00f3ra k\u00f6z\u00f6tt lehets\u00e9ges, \u00edgy a legt\u00f6bbet hozhatja ki a napb\u00f3l.<\/span><\/p>\t\t\t\t\t\t\t\t<\/div>\n\t\t\t\t<\/div>\n\t\t\t\t\t<\/details>\n\t\t\t\t\t\t<details id=\"e-n-accordion-item-1083\" class=\"e-n-accordion-item\" >\n\t\t\t\t<summary class=\"e-n-accordion-item-title\" data-accordion-index=\"4\" tabindex=\"-1\" aria-expanded=\"false\" aria-controls=\"e-n-accordion-item-1083\" >\n\t\t\t\t\t<span class='e-n-accordion-item-title-header'><div class=\"e-n-accordion-item-title-text\"> Sz\u00e1ll\u00e1s \u00e9s Apres-Ski <\/div><\/span>\n\t\t\t\t\t\t\t<span class='e-n-accordion-item-title-icon'>\n\t\t\t<span class='e-opened' ><i aria-hidden=\"true\" class=\"antra-icon- antra-icon-minus\"><\/i><\/span>\n\t\t\t<span class='e-closed'><i aria-hidden=\"true\" class=\"antra-icon- antra-icon-plus\"><\/i><\/span>\n\t\t<\/span>\n\n\t\t\t\t\t\t<\/summary>\n\t\t\t\t<div role=\"region\" aria-labelledby=\"e-n-accordion-item-1083\" class=\"elementor-element elementor-element-f6211a5 e-con-full e-flex e-con e-child\" data-id=\"f6211a5\" data-element_type=\"container\">\n\t\t\t\t<div class=\"elementor-element elementor-element-57d17d2 elementor-widget__width-initial elementor-widget elementor-widget-text-editor\" data-id=\"57d17d2\" data-element_type=\"widget\" data-widget_type=\"text-editor.default\">\n\t\t\t\t\t\t\t\t\t<a href=\"https:\/\/apartments-jahorina.com\/hu\/szallas-jahorina\/\"><span dir=\"auto\">Jahorin\u00e1n sz\u00e9les sz\u00e1ll\u00e1sv\u00e1laszt\u00e9kot<\/span><\/a><span dir=\"auto\">\u00a0tal\u00e1lhat\u00a0\u2013 luxushotelekt\u0151l \u00e9s mag\u00e1napartmanokt\u00f3l kezdve a megfizethet\u0151bb hegyi h\u00e1zakig. A s\u00edel\u00e9s ut\u00e1ni k\u00edn\u00e1lat gazdag \u00e9ttermekben, b\u00e1rokban \u00e9s wellnessk\u00f6zpontokban, ahol \u00e9lvezheti a helyi specialit\u00e1sokat, pihenhet a szaun\u00e1ban, vagy ig\u00e9nybe vehet egy massz\u00e1zst a s\u00edel\u00e9s ut\u00e1n. Jahorina Szarajev\u00f3 k\u00f6zel\u00e9ben tal\u00e1lhat\u00f3, ami kultur\u00e1lis kir\u00e1ndul\u00e1st tesz lehet\u0151v\u00e9 Bosznia-Hercegovina f\u0151v\u00e1ros\u00e1ban.<\/span>\n\n<span dir=\"auto\">Jahorina ide\u00e1lis \u00fati c\u00e9l azok sz\u00e1m\u00e1ra, akik min\u0151s\u00e9gi s\u00edel\u00e9sre v\u00e1gynak, de egyben egy kalandokkal, pihen\u00e9ssel \u00e9s a term\u00e9szet \u00e9lvezet\u00e9vel teli t\u00e9li \u00e9lm\u00e9nyre is.<\/span>\t\t\t\t\t\t\t\t<\/div>\n\t\t\t\t<\/div>\n\t\t\t\t\t<\/details>\n\t\t\t\t\t<\/div>\n\t\t\t\t\t\t<\/div>\n\t\t\t\t<\/div>\n\t\t<div class=\"elementor-element elementor-element-7c44126 e-con-full e-flex e-con e-child\" data-id=\"7c44126\" data-element_type=\"container\">\n\t\t\t\t<div class=\"elementor-element elementor-element-5b562f9 elementor-invisible elementor-widget elementor-widget-image\" data-id=\"5b562f9\" data-element_type=\"widget\" data-settings=\"{&quot;_animation&quot;:&quot;opal-move-left&quot;}\" data-widget_type=\"image.default\">\n\t\t\t\t\t<div class=\"antra-wrapper-image-widget\" data-cursor=\"-opaque\">\t\t\t\t\t\t\t\t\t\t<img loading=\"lazy\" decoding=\"async\" width=\"2560\" height=\"1920\" src=\"https:\/\/apartments-jahorina.com\/wp-content\/uploads\/2025\/11\/luka-scaled.jpeg\" class=\"attachment-full size-full wp-image-11776\" alt=\"\" srcset=\"https:\/\/apartments-jahorina.com\/wp-content\/uploads\/2025\/11\/luka-scaled.jpeg 2560w, https:\/\/apartments-jahorina.com\/wp-content\/uploads\/2025\/11\/luka-300x225.jpeg 300w, https:\/\/apartments-jahorina.com\/wp-content\/uploads\/2025\/11\/luka-1024x768.jpeg 1024w, https:\/\/apartments-jahorina.com\/wp-content\/uploads\/2025\/11\/luka-768x576.jpeg 768w, https:\/\/apartments-jahorina.com\/wp-content\/uploads\/2025\/11\/luka-1536x1152.jpeg 1536w, https:\/\/apartments-jahorina.com\/wp-content\/uploads\/2025\/11\/luka-2048x1536.jpeg 2048w, https:\/\/apartments-jahorina.com\/wp-content\/uploads\/2025\/11\/luka-839x629.jpeg 839w, https:\/\/apartments-jahorina.com\/wp-content\/uploads\/2025\/11\/luka-1000x750.jpeg 1000w\" sizes=\"(max-width: 2560px) 100vw, 2560px\" \/>\t\t\t\t\t\t\t\t\t\t\t<\/div>\t\t\t\t<\/div>\n\t\t\t\t<\/div>\n\t\t\t\t<\/div>\n\t\t\t\t\t<\/div>\n\t\t\t\t<\/div>\n\t\t\t\t<\/div>\n\t\t","protected":false},"excerpt":{"rendered":"<p>Hol s\u00edelj\u00fcnk? Jahorina \u2013 A t\u00e9li kalandok teljes kalauza Jahorina a Balk\u00e1n egyik legh\u00edresebb s\u00edparadicsoma, amely kiv\u00e9teles t\u00e9li sport\u00e9lm\u00e9nyt k\u00edn\u00e1l Bosznia-Hercegovina sz\u00edv\u00e9ben. Leny\u0171g\u00f6z\u0151, 45 km-es karbantartott p\u00e1ly\u00e1ival Jahorina sz\u00e1mos lehet\u0151s\u00e9get k\u00edn\u00e1l mindenf\u00e9le s\u00edel\u0151 sz\u00e1m\u00e1ra \u2013 a kezd\u0151t\u0151l a profikig. A s\u00edel\u00e9s mellett Jahorina snowboardoz\u00e1st, esti s\u00edel\u00e9st, sz\u00e1nk\u00f3z\u00e1st \u00e9s sz\u00e1mos egy\u00e9b tev\u00e9kenys\u00e9get is k\u00edn\u00e1l. Jahorina legn\u00e9pszer\u0171bb [&hellip;]<\/p>\n","protected":false},"author":1,"featured_media":0,"parent":0,"menu_order":0,"comment_status":"closed","ping_status":"closed","template":"","meta":{"footnotes":""},"class_list":["post-13439","page","type-page","status-publish","hentry"],"yoast_head":"<!-- This site is optimized with the Yoast SEO plugin v26.4 - https:\/\/yoast.com\/wordpress\/plugins\/seo\/ -->\n<title>Hol \u00e9rdemes s\u00edelni? - BESTBLICK Apartments Jahorina<\/title>\n<meta name=\"robots\" content=\"index, follow, max-snippet:-1, max-image-preview:large, max-video-preview:-1\" \/>\n<link rel=\"canonical\" href=\"https:\/\/apartments-jahorina.com\/hu\/hol-erdemes-sielni\/\" \/>\n<meta property=\"og:locale\" content=\"hu_HU\" \/>\n<meta property=\"og:type\" content=\"article\" \/>\n<meta property=\"og:title\" content=\"Hol \u00e9rdemes s\u00edelni? - BESTBLICK Apartments Jahorina\" \/>\n<meta property=\"og:description\" content=\"Hol s\u00edelj\u00fcnk? Jahorina \u2013 A t\u00e9li kalandok teljes kalauza Jahorina a Balk\u00e1n egyik legh\u00edresebb s\u00edparadicsoma, amely kiv\u00e9teles t\u00e9li sport\u00e9lm\u00e9nyt k\u00edn\u00e1l Bosznia-Hercegovina sz\u00edv\u00e9ben. Leny\u0171g\u00f6z\u0151, 45 km-es karbantartott p\u00e1ly\u00e1ival Jahorina sz\u00e1mos lehet\u0151s\u00e9get k\u00edn\u00e1l mindenf\u00e9le s\u00edel\u0151 sz\u00e1m\u00e1ra \u2013 a kezd\u0151t\u0151l a profikig. A s\u00edel\u00e9s mellett Jahorina snowboardoz\u00e1st, esti s\u00edel\u00e9st, sz\u00e1nk\u00f3z\u00e1st \u00e9s sz\u00e1mos egy\u00e9b tev\u00e9kenys\u00e9get is k\u00edn\u00e1l. Jahorina legn\u00e9pszer\u0171bb [&hellip;]\" \/>\n<meta property=\"og:url\" content=\"https:\/\/apartments-jahorina.com\/hu\/hol-erdemes-sielni\/\" \/>\n<meta property=\"og:site_name\" content=\"BESTBLICK Apartments Jahorina\" \/>\n<meta property=\"article:modified_time\" content=\"2026-02-04T02:40:52+00:00\" \/>\n<meta property=\"og:image\" content=\"https:\/\/apartments-jahorina.com\/wp-content\/uploads\/2025\/11\/luka-scaled.jpeg\" \/>\n\t<meta property=\"og:image:width\" content=\"2560\" \/>\n\t<meta property=\"og:image:height\" content=\"1920\" \/>\n\t<meta property=\"og:image:type\" content=\"image\/jpeg\" \/>\n<meta name=\"twitter:card\" content=\"summary_large_image\" \/>\n<script type=\"application\/ld+json\" class=\"yoast-schema-graph\">{\"@context\":\"https:\/\/schema.org\",\"@graph\":[{\"@type\":\"WebPage\",\"@id\":\"https:\/\/apartments-jahorina.com\/hu\/hol-erdemes-sielni\/\",\"url\":\"https:\/\/apartments-jahorina.com\/hu\/hol-erdemes-sielni\/\",\"name\":\"Hol \u00e9rdemes s\u00edelni? - BESTBLICK Apartments Jahorina\",\"isPartOf\":{\"@id\":\"https:\/\/apartments-jahorina.com\/#website\"},\"primaryImageOfPage\":{\"@id\":\"https:\/\/apartments-jahorina.com\/hu\/hol-erdemes-sielni\/#primaryimage\"},\"image\":{\"@id\":\"https:\/\/apartments-jahorina.com\/hu\/hol-erdemes-sielni\/#primaryimage\"},\"thumbnailUrl\":\"https:\/\/apartments-jahorina.com\/wp-content\/uploads\/2025\/11\/luka-scaled.jpeg\",\"datePublished\":\"2026-02-04T02:20:19+00:00\",\"dateModified\":\"2026-02-04T02:40:52+00:00\",\"breadcrumb\":{\"@id\":\"https:\/\/apartments-jahorina.com\/hu\/hol-erdemes-sielni\/#breadcrumb\"},\"inLanguage\":\"hu\",\"potentialAction\":[{\"@type\":\"ReadAction\",\"target\":[\"https:\/\/apartments-jahorina.com\/hu\/hol-erdemes-sielni\/\"]}]},{\"@type\":\"ImageObject\",\"inLanguage\":\"hu\",\"@id\":\"https:\/\/apartments-jahorina.com\/hu\/hol-erdemes-sielni\/#primaryimage\",\"url\":\"https:\/\/apartments-jahorina.com\/wp-content\/uploads\/2025\/11\/luka-scaled.jpeg\",\"contentUrl\":\"https:\/\/apartments-jahorina.com\/wp-content\/uploads\/2025\/11\/luka-scaled.jpeg\"},{\"@type\":\"BreadcrumbList\",\"@id\":\"https:\/\/apartments-jahorina.com\/hu\/hol-erdemes-sielni\/#breadcrumb\",\"itemListElement\":[{\"@type\":\"ListItem\",\"position\":1,\"name\":\"Home\",\"item\":\"https:\/\/apartments-jahorina.com\/hu\/\"},{\"@type\":\"ListItem\",\"position\":2,\"name\":\"Hol \u00e9rdemes s\u00edelni?\"}]},{\"@type\":\"WebSite\",\"@id\":\"https:\/\/apartments-jahorina.com\/#website\",\"url\":\"https:\/\/apartments-jahorina.com\/\",\"name\":\"BESTBLICK Apartments Jahorina\",\"description\":\"Moderni apartmani s pogledom na ski-stazu\",\"potentialAction\":[{\"@type\":\"SearchAction\",\"target\":{\"@type\":\"EntryPoint\",\"urlTemplate\":\"https:\/\/apartments-jahorina.com\/?s={search_term_string}\"},\"query-input\":{\"@type\":\"PropertyValueSpecification\",\"valueRequired\":true,\"valueName\":\"search_term_string\"}}],\"inLanguage\":\"hu\"}]}<\/script>\n<!-- \/ Yoast SEO plugin. -->","yoast_head_json":{"title":"Hol \u00e9rdemes s\u00edelni? - BESTBLICK Apartments Jahorina","robots":{"index":"index","follow":"follow","max-snippet":"max-snippet:-1","max-image-preview":"max-image-preview:large","max-video-preview":"max-video-preview:-1"},"canonical":"https:\/\/apartments-jahorina.com\/hu\/hol-erdemes-sielni\/","og_locale":"hu_HU","og_type":"article","og_title":"Hol \u00e9rdemes s\u00edelni? - BESTBLICK Apartments Jahorina","og_description":"Hol s\u00edelj\u00fcnk? Jahorina \u2013 A t\u00e9li kalandok teljes kalauza Jahorina a Balk\u00e1n egyik legh\u00edresebb s\u00edparadicsoma, amely kiv\u00e9teles t\u00e9li sport\u00e9lm\u00e9nyt k\u00edn\u00e1l Bosznia-Hercegovina sz\u00edv\u00e9ben. Leny\u0171g\u00f6z\u0151, 45 km-es karbantartott p\u00e1ly\u00e1ival Jahorina sz\u00e1mos lehet\u0151s\u00e9get k\u00edn\u00e1l mindenf\u00e9le s\u00edel\u0151 sz\u00e1m\u00e1ra \u2013 a kezd\u0151t\u0151l a profikig. A s\u00edel\u00e9s mellett Jahorina snowboardoz\u00e1st, esti s\u00edel\u00e9st, sz\u00e1nk\u00f3z\u00e1st \u00e9s sz\u00e1mos egy\u00e9b tev\u00e9kenys\u00e9get is k\u00edn\u00e1l. Jahorina legn\u00e9pszer\u0171bb [&hellip;]","og_url":"https:\/\/apartments-jahorina.com\/hu\/hol-erdemes-sielni\/","og_site_name":"BESTBLICK Apartments Jahorina","article_modified_time":"2026-02-04T02:40:52+00:00","og_image":[{"width":2560,"height":1920,"url":"https:\/\/apartments-jahorina.com\/wp-content\/uploads\/2025\/11\/luka-scaled.jpeg","type":"image\/jpeg"}],"twitter_card":"summary_large_image","schema":{"@context":"https:\/\/schema.org","@graph":[{"@type":"WebPage","@id":"https:\/\/apartments-jahorina.com\/hu\/hol-erdemes-sielni\/","url":"https:\/\/apartments-jahorina.com\/hu\/hol-erdemes-sielni\/","name":"Hol \u00e9rdemes s\u00edelni? - BESTBLICK Apartments Jahorina","isPartOf":{"@id":"https:\/\/apartments-jahorina.com\/#website"},"primaryImageOfPage":{"@id":"https:\/\/apartments-jahorina.com\/hu\/hol-erdemes-sielni\/#primaryimage"},"image":{"@id":"https:\/\/apartments-jahorina.com\/hu\/hol-erdemes-sielni\/#primaryimage"},"thumbnailUrl":"https:\/\/apartments-jahorina.com\/wp-content\/uploads\/2025\/11\/luka-scaled.jpeg","datePublished":"2026-02-04T02:20:19+00:00","dateModified":"2026-02-04T02:40:52+00:00","breadcrumb":{"@id":"https:\/\/apartments-jahorina.com\/hu\/hol-erdemes-sielni\/#breadcrumb"},"inLanguage":"hu","potentialAction":[{"@type":"ReadAction","target":["https:\/\/apartments-jahorina.com\/hu\/hol-erdemes-sielni\/"]}]},{"@type":"ImageObject","inLanguage":"hu","@id":"https:\/\/apartments-jahorina.com\/hu\/hol-erdemes-sielni\/#primaryimage","url":"https:\/\/apartments-jahorina.com\/wp-content\/uploads\/2025\/11\/luka-scaled.jpeg","contentUrl":"https:\/\/apartments-jahorina.com\/wp-content\/uploads\/2025\/11\/luka-scaled.jpeg"},{"@type":"BreadcrumbList","@id":"https:\/\/apartments-jahorina.com\/hu\/hol-erdemes-sielni\/#breadcrumb","itemListElement":[{"@type":"ListItem","position":1,"name":"Home","item":"https:\/\/apartments-jahorina.com\/hu\/"},{"@type":"ListItem","position":2,"name":"Hol \u00e9rdemes s\u00edelni?"}]},{"@type":"WebSite","@id":"https:\/\/apartments-jahorina.com\/#website","url":"https:\/\/apartments-jahorina.com\/","name":"BESTBLICK Apartments Jahorina","description":"Moderni apartmani s pogledom na ski-stazu","potentialAction":[{"@type":"SearchAction","target":{"@type":"EntryPoint","urlTemplate":"https:\/\/apartments-jahorina.com\/?s={search_term_string}"},"query-input":{"@type":"PropertyValueSpecification","valueRequired":true,"valueName":"search_term_string"}}],"inLanguage":"hu"}]}},"_links":{"self":[{"href":"https:\/\/apartments-jahorina.com\/hu\/wp-json\/wp\/v2\/pages\/13439","targetHints":{"allow":["GET"]}}],"collection":[{"href":"https:\/\/apartments-jahorina.com\/hu\/wp-json\/wp\/v2\/pages"}],"about":[{"href":"https:\/\/apartments-jahorina.com\/hu\/wp-json\/wp\/v2\/types\/page"}],"author":[{"embeddable":true,"href":"https:\/\/apartments-jahorina.com\/hu\/wp-json\/wp\/v2\/users\/1"}],"replies":[{"embeddable":true,"href":"https:\/\/apartments-jahorina.com\/hu\/wp-json\/wp\/v2\/comments?post=13439"}],"version-history":[{"count":5,"href":"https:\/\/apartments-jahorina.com\/hu\/wp-json\/wp\/v2\/pages\/13439\/revisions"}],"predecessor-version":[{"id":13486,"href":"https:\/\/apartments-jahorina.com\/hu\/wp-json\/wp\/v2\/pages\/13439\/revisions\/13486"}],"wp:attachment":[{"href":"https:\/\/apartments-jahorina.com\/hu\/wp-json\/wp\/v2\/media?parent=13439"}],"curies":[{"name":"wp","href":"https:\/\/api.w.org\/{rel}","templated":true}]}}