{"id":12093,"date":"2025-11-30T18:49:14","date_gmt":"2025-11-30T18:49:14","guid":{"rendered":"http:\/\/apartments-jahorina.com\/gdje-na-jahorinu\/"},"modified":"2025-12-10T23:53:47","modified_gmt":"2025-12-10T23:53:47","slug":"dove-su-jahorina","status":"publish","type":"page","link":"https:\/\/apartments-jahorina.com\/it\/dove-su-jahorina\/","title":{"rendered":"Dove Su Jahorina"},"content":{"rendered":"\t\t<div data-elementor-type=\"wp-page\" data-elementor-id=\"12093\" class=\"elementor elementor-12093 elementor-9905\">\n\t\t\t\t<div class=\"elementor-element elementor-element-12b6bd6 e-flex e-con-boxed e-con e-parent\" data-id=\"12b6bd6\" data-element_type=\"container\">\n\t\t\t\t\t<div class=\"e-con-inner\">\n\t\t<div class=\"elementor-element elementor-element-7b8b529 e-con-full e-flex e-con e-child\" data-id=\"7b8b529\" data-element_type=\"container\">\n\t\t<div class=\"elementor-element elementor-element-52f5450 e-con-full e-flex e-con e-child\" data-id=\"52f5450\" data-element_type=\"container\">\n\t\t\t\t<div class=\"elementor-element elementor-element-ef7ac5e elementor-absolute elementor-hidden-mobile elementor-view-default elementor-invisible elementor-widget elementor-widget-icon\" data-id=\"ef7ac5e\" data-element_type=\"widget\" data-settings=\"{&quot;_position&quot;:&quot;absolute&quot;,&quot;motion_fx_motion_fx_scrolling&quot;:&quot;yes&quot;,&quot;motion_fx_translateX_effect&quot;:&quot;yes&quot;,&quot;motion_fx_translateX_speed&quot;:{&quot;unit&quot;:&quot;px&quot;,&quot;size&quot;:1.5,&quot;sizes&quot;:[]},&quot;_animation&quot;:&quot;opal-move-right&quot;,&quot;motion_fx_translateX_affectedRange&quot;:{&quot;unit&quot;:&quot;%&quot;,&quot;size&quot;:&quot;&quot;,&quot;sizes&quot;:{&quot;start&quot;:0,&quot;end&quot;:100}},&quot;motion_fx_devices&quot;:[&quot;desktop&quot;,&quot;laptop&quot;,&quot;tablet_extra&quot;,&quot;tablet&quot;,&quot;mobile_extra&quot;,&quot;mobile&quot;]}\" data-widget_type=\"icon.default\">\n\t\t\t\t\t\t\t<div class=\"elementor-icon-wrapper\">\n\t\t\t<div class=\"elementor-icon\">\n\t\t\t\t\t\t<\/div>\n\t\t<\/div>\n\t\t\t\t\t\t<\/div>\n\t\t\t\t<div class=\"elementor-element elementor-element-7a3b481 elementor-widget__width-auto elementor-absolute elementor-hidden-mobile elementor-view-default elementor-invisible elementor-widget elementor-widget-icon\" data-id=\"7a3b481\" data-element_type=\"widget\" data-settings=\"{&quot;_position&quot;:&quot;absolute&quot;,&quot;motion_fx_motion_fx_scrolling&quot;:&quot;yes&quot;,&quot;motion_fx_translateY_effect&quot;:&quot;yes&quot;,&quot;motion_fx_translateY_direction&quot;:&quot;negative&quot;,&quot;motion_fx_translateY_speed&quot;:{&quot;unit&quot;:&quot;px&quot;,&quot;size&quot;:1.2,&quot;sizes&quot;:[]},&quot;_animation&quot;:&quot;opal-move-down&quot;,&quot;motion_fx_translateY_affectedRange&quot;:{&quot;unit&quot;:&quot;%&quot;,&quot;size&quot;:&quot;&quot;,&quot;sizes&quot;:{&quot;start&quot;:0,&quot;end&quot;:100}},&quot;motion_fx_devices&quot;:[&quot;desktop&quot;,&quot;laptop&quot;,&quot;tablet_extra&quot;,&quot;tablet&quot;,&quot;mobile_extra&quot;,&quot;mobile&quot;]}\" data-widget_type=\"icon.default\">\n\t\t\t\t\t\t\t<div class=\"elementor-icon-wrapper\">\n\t\t\t<div class=\"elementor-icon\">\n\t\t\t\t\t\t<\/div>\n\t\t<\/div>\n\t\t\t\t\t\t<\/div>\n\t\t\t\t<\/div>\n\t\t<div class=\"elementor-element elementor-element-4e0b3cc e-con-full e-flex e-con e-child\" data-id=\"4e0b3cc\" data-element_type=\"container\">\n\t\t\t\t<div class=\"elementor-element elementor-element-6bc46d3 elementor-widget__width-initial elementor-invisible elementor-widget elementor-widget-heading\" data-id=\"6bc46d3\" data-element_type=\"widget\" data-settings=\"{&quot;_animation&quot;:&quot;opal-move-left&quot;}\" data-widget_type=\"heading.default\">\n\t\t\t\t\t<h2 data-cursor=\"-opaque\" class=\"elementor-heading-title elementor-size-default\">Dove andare a Jahorina \u2013  <span class=\"c-primary\">Le principali attrazioni e attivit\u00e0<\/span><\/h2>\t\t\t\t<\/div>\n\t\t\t\t<div class=\"elementor-element elementor-element-4aa09f6 elementor-widget__width-initial elementor-invisible elementor-widget elementor-widget-text-editor\" data-id=\"4aa09f6\" data-element_type=\"widget\" data-settings=\"{&quot;_animation&quot;:&quot;opal-move-left&quot;}\" data-widget_type=\"text-editor.default\">\n\t\t\t\t\t\t\t\t\t<h3><span dir=\"auto\">1.\u00a0\u00a0<\/span><strong><span dir=\"auto\">Stazione sciistica di Jahorina<\/span><\/strong><\/h3><p><span dir=\"auto\">Jahorina \u00e8 una delle stazioni sciistiche pi\u00f9 famose dei Balcani, con piste per tutti i livelli. La stazione sciistica dispone di oltre\u00a0\u00a0<\/span><strong><span dir=\"auto\">20 km di piste battute<\/span><\/strong><span dir=\"auto\">\u00a0, dotate di moderni impianti di risalita e funivie. Oltre allo sci, \u00e8 possibile sciare anche in notturna, un&#8217;esperienza unica per gli amanti degli sport invernali.<\/span><\/p><h3><span dir=\"auto\">2.\u00a0\u00a0<\/span><strong><span dir=\"auto\">Percorsi di alpinismo e ciclismo<\/span><\/strong><\/h3><p><span dir=\"auto\">In estate, Jahorina si trasforma in un paradiso per gli amanti dell&#8217;escursionismo e del ciclismo. I sentieri di montagna attraversano paesaggi pittoreschi, con splendide viste sulle montagne e sulle valli circostanti. Tra i percorsi pi\u00f9 popolari figurano\u00a0\u00a0<\/span><strong><span dir=\"auto\">il sentiero Poljice<\/span><\/strong><span dir=\"auto\">\u00a0\u00a0e\u00a0\u00a0<\/span><strong><span dir=\"auto\">il sentiero Ogorjelica<\/span><\/strong><span dir=\"auto\">\u00a0, che offrono opportunit\u00e0 per escursioni ricreative o tour ciclistici pi\u00f9 impegnativi.<\/span><\/p><h3><span dir=\"auto\">3.\u00a0\u00a0<\/span><strong><span dir=\"auto\">Parco avventura Ogorjelica<\/span><\/strong><\/h3><p><span dir=\"auto\">Questo parco avventura offre attivit\u00e0 come\u00a0\u00a0<\/span><strong><span dir=\"auto\">teleferiche<\/span><\/strong><span dir=\"auto\">\u00a0,\u00a0\u00a0<\/span><strong><span dir=\"auto\">arrampicata<\/span><\/strong><span dir=\"auto\">\u00a0\u00a0e altre sfide adrenaliniche. \u00c8 adatto a famiglie con bambini, gruppi di amici o chiunque voglia provare un po&#8217; di azione in mezzo alla natura.<\/span><\/p><h3><span dir=\"auto\">4.\u00a0\u00a0<\/span><strong><span dir=\"auto\">Villaggio etnico \u201cLjubogo\u0161ta\u201d<\/span><\/strong><\/h3><p><span dir=\"auto\">Vicino a Jahorina si trova\u00a0\u00a0<\/span><strong><span dir=\"auto\">l&#8217;etno-villaggio &#8220;Ljubogo\u0161ta&#8221;<\/span><\/strong><span dir=\"auto\">\u00a0, un autentico villaggio bosniaco che mostra architettura, artigianato e stile di vita tradizionali. Questo luogo offre una vista sul patrimonio culturale della regione e l&#8217;opportunit\u00e0 di gustare specialit\u00e0 locali in un ristorante con piatti tipici.<\/span><\/p><h3><span dir=\"auto\">5.\u00a0\u00a0<\/span><strong><span dir=\"auto\">Centri benessere e spa<\/span><\/strong><\/h3><p><span dir=\"auto\">Per chi cerca riposo e relax, Jahorina offre numerosi centri benessere e spa. Molti hotel e\u00a0 complessi\u00a0<\/span><a href=\"https:\/\/translate.google.com\/website?sl=hr&amp;tl=it&amp;hl=en&amp;client=webapp&amp;u=https:\/\/apartments-jahorina.com\/apartmani-jahorina\/\" target=\"_blank\" rel=\"noopener\"><span dir=\"auto\">residenziali<\/span><\/a><span dir=\"auto\">\u00a0\u00a0offrono servizi come saune, massaggi, piscine calde e bagni di vapore, perfetti per rilassarsi dopo una giornata trascorsa sulle piste o nella natura.<\/span><\/p><h3><span dir=\"auto\">6.\u00a0\u00a0<\/span><strong><span dir=\"auto\">Sarajevo \u2013 gita di un giorno<\/span><\/strong><\/h3><p><span dir=\"auto\">Jahorina dista solo\u00a0\u00a0<\/span><strong><span dir=\"auto\">30 km da Sarajevo<\/span><\/strong><span dir=\"auto\">\u00a0, la capitale della Bosnia ed Erzegovina, il che la rende una base ideale per gite di un giorno. Sarajevo offre un ricco patrimonio culturale, tra cui Ba\u0161\u010dar\u0161ija, musei storici e numerosi ristoranti con specialit\u00e0 tradizionali bosniache.<\/span><\/p><hr \/><h3><span dir=\"auto\">Conclusione<\/span><\/h3><p><span dir=\"auto\">Che siate alla ricerca di\u00a0\u00a0<\/span><strong><span dir=\"auto\">sport invernali<\/span><\/strong><span dir=\"auto\">\u00a0,\u00a0\u00a0<\/span><strong><span dir=\"auto\">escursioni a piedi e in bicicletta<\/span><\/strong><span dir=\"auto\">\u00a0,\u00a0\u00a0<\/span><strong><span dir=\"auto\">attrazioni culturali<\/span><\/strong><span dir=\"auto\">\u00a0\u00a0o\u00a0\u00a0<\/span><strong><span dir=\"auto\">relax all&#8217;insegna del benessere<\/span><\/strong><span dir=\"auto\">\u00a0, Jahorina ha qualcosa per tutti. Con una vasta gamma di attivit\u00e0 e un facile accesso da Sarajevo, Jahorina \u00e8 una destinazione che pu\u00f2 essere visitata in qualsiasi momento dell&#8217;anno e offre esperienze indimenticabili a tutti i visitatori.<\/span><\/p>\t\t\t\t\t\t\t\t<\/div>\n\t\t\t\t<\/div>\n\t\t\t\t<\/div>\n\t\t\t\t\t<\/div>\n\t\t\t\t<\/div>\n\t\t\t\t<\/div>\n\t\t","protected":false},"excerpt":{"rendered":"<p>Dove andare a Jahorina \u2013 Le principali attrazioni e attivit\u00e0 1.\u00a0\u00a0Stazione sciistica di Jahorina Jahorina \u00e8 una delle stazioni sciistiche pi\u00f9 famose dei Balcani, con piste per tutti i livelli. La stazione sciistica dispone di oltre\u00a0\u00a020 km di piste battute\u00a0, dotate di moderni impianti di risalita e funivie. Oltre allo sci, \u00e8 possibile sciare anche [&hellip;]<\/p>\n","protected":false},"author":1,"featured_media":0,"parent":0,"menu_order":0,"comment_status":"closed","ping_status":"closed","template":"","meta":{"footnotes":""},"class_list":["post-12093","page","type-page","status-publish","hentry"],"yoast_head":"<!-- This site is optimized with the Yoast SEO plugin v26.4 - https:\/\/yoast.com\/wordpress\/plugins\/seo\/ -->\n<title>Dove Su Jahorina - BESTBLICK Apartments Jahorina<\/title>\n<meta name=\"robots\" content=\"index, follow, max-snippet:-1, max-image-preview:large, max-video-preview:-1\" \/>\n<link rel=\"canonical\" href=\"https:\/\/apartments-jahorina.com\/it\/dove-su-jahorina\/\" \/>\n<meta property=\"og:locale\" content=\"it_IT\" \/>\n<meta property=\"og:type\" content=\"article\" \/>\n<meta property=\"og:title\" content=\"Dove Su Jahorina - BESTBLICK Apartments Jahorina\" \/>\n<meta property=\"og:description\" content=\"Dove andare a Jahorina \u2013 Le principali attrazioni e attivit\u00e0 1.\u00a0\u00a0Stazione sciistica di Jahorina Jahorina \u00e8 una delle stazioni sciistiche pi\u00f9 famose dei Balcani, con piste per tutti i livelli. La stazione sciistica dispone di oltre\u00a0\u00a020 km di piste battute\u00a0, dotate di moderni impianti di risalita e funivie. Oltre allo sci, \u00e8 possibile sciare anche [&hellip;]\" \/>\n<meta property=\"og:url\" content=\"https:\/\/apartments-jahorina.com\/it\/dove-su-jahorina\/\" \/>\n<meta property=\"og:site_name\" content=\"BESTBLICK Apartments Jahorina\" \/>\n<meta property=\"article:modified_time\" content=\"2025-12-10T23:53:47+00:00\" \/>\n<meta name=\"twitter:card\" content=\"summary_large_image\" \/>\n<meta name=\"twitter:label1\" content=\"Tempo di lettura stimato\" \/>\n\t<meta name=\"twitter:data1\" content=\"2 minuti\" \/>\n<script type=\"application\/ld+json\" class=\"yoast-schema-graph\">{\"@context\":\"https:\/\/schema.org\",\"@graph\":[{\"@type\":\"WebPage\",\"@id\":\"https:\/\/apartments-jahorina.com\/it\/dove-su-jahorina\/\",\"url\":\"https:\/\/apartments-jahorina.com\/it\/dove-su-jahorina\/\",\"name\":\"Dove Su Jahorina - BESTBLICK Apartments Jahorina\",\"isPartOf\":{\"@id\":\"https:\/\/apartments-jahorina.com\/#website\"},\"datePublished\":\"2025-11-30T18:49:14+00:00\",\"dateModified\":\"2025-12-10T23:53:47+00:00\",\"breadcrumb\":{\"@id\":\"https:\/\/apartments-jahorina.com\/it\/dove-su-jahorina\/#breadcrumb\"},\"inLanguage\":\"it-IT\",\"potentialAction\":[{\"@type\":\"ReadAction\",\"target\":[\"https:\/\/apartments-jahorina.com\/it\/dove-su-jahorina\/\"]}]},{\"@type\":\"BreadcrumbList\",\"@id\":\"https:\/\/apartments-jahorina.com\/it\/dove-su-jahorina\/#breadcrumb\",\"itemListElement\":[{\"@type\":\"ListItem\",\"position\":1,\"name\":\"Home\",\"item\":\"https:\/\/apartments-jahorina.com\/sl\/\"},{\"@type\":\"ListItem\",\"position\":2,\"name\":\"Dove Su Jahorina\"}]},{\"@type\":\"WebSite\",\"@id\":\"https:\/\/apartments-jahorina.com\/#website\",\"url\":\"https:\/\/apartments-jahorina.com\/\",\"name\":\"BESTBLICK Apartments Jahorina\",\"description\":\"Moderni apartmani s pogledom na ski-stazu\",\"potentialAction\":[{\"@type\":\"SearchAction\",\"target\":{\"@type\":\"EntryPoint\",\"urlTemplate\":\"https:\/\/apartments-jahorina.com\/?s={search_term_string}\"},\"query-input\":{\"@type\":\"PropertyValueSpecification\",\"valueRequired\":true,\"valueName\":\"search_term_string\"}}],\"inLanguage\":\"it-IT\"}]}<\/script>\n<!-- \/ Yoast SEO plugin. -->","yoast_head_json":{"title":"Dove Su Jahorina - BESTBLICK Apartments Jahorina","robots":{"index":"index","follow":"follow","max-snippet":"max-snippet:-1","max-image-preview":"max-image-preview:large","max-video-preview":"max-video-preview:-1"},"canonical":"https:\/\/apartments-jahorina.com\/it\/dove-su-jahorina\/","og_locale":"it_IT","og_type":"article","og_title":"Dove Su Jahorina - BESTBLICK Apartments Jahorina","og_description":"Dove andare a Jahorina \u2013 Le principali attrazioni e attivit\u00e0 1.\u00a0\u00a0Stazione sciistica di Jahorina Jahorina \u00e8 una delle stazioni sciistiche pi\u00f9 famose dei Balcani, con piste per tutti i livelli. La stazione sciistica dispone di oltre\u00a0\u00a020 km di piste battute\u00a0, dotate di moderni impianti di risalita e funivie. Oltre allo sci, \u00e8 possibile sciare anche [&hellip;]","og_url":"https:\/\/apartments-jahorina.com\/it\/dove-su-jahorina\/","og_site_name":"BESTBLICK Apartments Jahorina","article_modified_time":"2025-12-10T23:53:47+00:00","twitter_card":"summary_large_image","twitter_misc":{"Tempo di lettura stimato":"2 minuti"},"schema":{"@context":"https:\/\/schema.org","@graph":[{"@type":"WebPage","@id":"https:\/\/apartments-jahorina.com\/it\/dove-su-jahorina\/","url":"https:\/\/apartments-jahorina.com\/it\/dove-su-jahorina\/","name":"Dove Su Jahorina - BESTBLICK Apartments Jahorina","isPartOf":{"@id":"https:\/\/apartments-jahorina.com\/#website"},"datePublished":"2025-11-30T18:49:14+00:00","dateModified":"2025-12-10T23:53:47+00:00","breadcrumb":{"@id":"https:\/\/apartments-jahorina.com\/it\/dove-su-jahorina\/#breadcrumb"},"inLanguage":"it-IT","potentialAction":[{"@type":"ReadAction","target":["https:\/\/apartments-jahorina.com\/it\/dove-su-jahorina\/"]}]},{"@type":"BreadcrumbList","@id":"https:\/\/apartments-jahorina.com\/it\/dove-su-jahorina\/#breadcrumb","itemListElement":[{"@type":"ListItem","position":1,"name":"Home","item":"https:\/\/apartments-jahorina.com\/sl\/"},{"@type":"ListItem","position":2,"name":"Dove Su Jahorina"}]},{"@type":"WebSite","@id":"https:\/\/apartments-jahorina.com\/#website","url":"https:\/\/apartments-jahorina.com\/","name":"BESTBLICK Apartments Jahorina","description":"Moderni apartmani s pogledom na ski-stazu","potentialAction":[{"@type":"SearchAction","target":{"@type":"EntryPoint","urlTemplate":"https:\/\/apartments-jahorina.com\/?s={search_term_string}"},"query-input":{"@type":"PropertyValueSpecification","valueRequired":true,"valueName":"search_term_string"}}],"inLanguage":"it-IT"}]}},"_links":{"self":[{"href":"https:\/\/apartments-jahorina.com\/it\/wp-json\/wp\/v2\/pages\/12093","targetHints":{"allow":["GET"]}}],"collection":[{"href":"https:\/\/apartments-jahorina.com\/it\/wp-json\/wp\/v2\/pages"}],"about":[{"href":"https:\/\/apartments-jahorina.com\/it\/wp-json\/wp\/v2\/types\/page"}],"author":[{"embeddable":true,"href":"https:\/\/apartments-jahorina.com\/it\/wp-json\/wp\/v2\/users\/1"}],"replies":[{"embeddable":true,"href":"https:\/\/apartments-jahorina.com\/it\/wp-json\/wp\/v2\/comments?post=12093"}],"version-history":[{"count":4,"href":"https:\/\/apartments-jahorina.com\/it\/wp-json\/wp\/v2\/pages\/12093\/revisions"}],"predecessor-version":[{"id":12452,"href":"https:\/\/apartments-jahorina.com\/it\/wp-json\/wp\/v2\/pages\/12093\/revisions\/12452"}],"wp:attachment":[{"href":"https:\/\/apartments-jahorina.com\/it\/wp-json\/wp\/v2\/media?parent=12093"}],"curies":[{"name":"wp","href":"https:\/\/api.w.org\/{rel}","templated":true}]}}