{"id":12095,"date":"2025-11-30T18:44:38","date_gmt":"2025-11-30T18:44:38","guid":{"rendered":"http:\/\/apartments-jahorina.com\/sestosjed-trnovo-jahorina\/"},"modified":"2025-12-11T00:02:29","modified_gmt":"2025-12-11T00:02:29","slug":"sei-posti-trnovo-jahorina","status":"publish","type":"page","link":"https:\/\/apartments-jahorina.com\/it\/sei-posti-trnovo-jahorina\/","title":{"rendered":"Sei posti Trnovo Jahorina"},"content":{"rendered":"\t\t<div data-elementor-type=\"wp-page\" data-elementor-id=\"12095\" class=\"elementor elementor-12095 elementor-9899\">\n\t\t\t\t<div class=\"elementor-element elementor-element-12b6bd6 e-flex e-con-boxed e-con e-parent\" data-id=\"12b6bd6\" data-element_type=\"container\">\n\t\t\t\t\t<div class=\"e-con-inner\">\n\t\t<div class=\"elementor-element elementor-element-7b8b529 e-con-full e-flex e-con e-child\" data-id=\"7b8b529\" data-element_type=\"container\">\n\t\t<div class=\"elementor-element elementor-element-52f5450 e-con-full e-flex e-con e-child\" data-id=\"52f5450\" data-element_type=\"container\">\n\t\t\t\t<div class=\"elementor-element elementor-element-ef7ac5e elementor-absolute elementor-hidden-mobile elementor-view-default elementor-invisible elementor-widget elementor-widget-icon\" data-id=\"ef7ac5e\" data-element_type=\"widget\" data-settings=\"{&quot;_position&quot;:&quot;absolute&quot;,&quot;motion_fx_motion_fx_scrolling&quot;:&quot;yes&quot;,&quot;motion_fx_translateX_effect&quot;:&quot;yes&quot;,&quot;motion_fx_translateX_speed&quot;:{&quot;unit&quot;:&quot;px&quot;,&quot;size&quot;:1.5,&quot;sizes&quot;:[]},&quot;_animation&quot;:&quot;opal-move-right&quot;,&quot;motion_fx_translateX_affectedRange&quot;:{&quot;unit&quot;:&quot;%&quot;,&quot;size&quot;:&quot;&quot;,&quot;sizes&quot;:{&quot;start&quot;:0,&quot;end&quot;:100}},&quot;motion_fx_devices&quot;:[&quot;desktop&quot;,&quot;laptop&quot;,&quot;tablet_extra&quot;,&quot;tablet&quot;,&quot;mobile_extra&quot;,&quot;mobile&quot;]}\" data-widget_type=\"icon.default\">\n\t\t\t\t\t\t\t<div class=\"elementor-icon-wrapper\">\n\t\t\t<div class=\"elementor-icon\">\n\t\t\t\t\t\t<\/div>\n\t\t<\/div>\n\t\t\t\t\t\t<\/div>\n\t\t\t\t<div class=\"elementor-element elementor-element-7a3b481 elementor-widget__width-auto elementor-absolute elementor-hidden-mobile elementor-view-default elementor-invisible elementor-widget elementor-widget-icon\" data-id=\"7a3b481\" data-element_type=\"widget\" data-settings=\"{&quot;_position&quot;:&quot;absolute&quot;,&quot;motion_fx_motion_fx_scrolling&quot;:&quot;yes&quot;,&quot;motion_fx_translateY_effect&quot;:&quot;yes&quot;,&quot;motion_fx_translateY_direction&quot;:&quot;negative&quot;,&quot;motion_fx_translateY_speed&quot;:{&quot;unit&quot;:&quot;px&quot;,&quot;size&quot;:1.2,&quot;sizes&quot;:[]},&quot;_animation&quot;:&quot;opal-move-down&quot;,&quot;motion_fx_translateY_affectedRange&quot;:{&quot;unit&quot;:&quot;%&quot;,&quot;size&quot;:&quot;&quot;,&quot;sizes&quot;:{&quot;start&quot;:0,&quot;end&quot;:100}},&quot;motion_fx_devices&quot;:[&quot;desktop&quot;,&quot;laptop&quot;,&quot;tablet_extra&quot;,&quot;tablet&quot;,&quot;mobile_extra&quot;,&quot;mobile&quot;]}\" data-widget_type=\"icon.default\">\n\t\t\t\t\t\t\t<div class=\"elementor-icon-wrapper\">\n\t\t\t<div class=\"elementor-icon\">\n\t\t\t\t\t\t<\/div>\n\t\t<\/div>\n\t\t\t\t\t\t<\/div>\n\t\t\t\t<\/div>\n\t\t<div class=\"elementor-element elementor-element-4e0b3cc e-con-full e-flex e-con e-child\" data-id=\"4e0b3cc\" data-element_type=\"container\">\n\t\t\t\t<div class=\"elementor-element elementor-element-6bc46d3 elementor-widget__width-initial elementor-invisible elementor-widget elementor-widget-heading\" data-id=\"6bc46d3\" data-element_type=\"widget\" data-settings=\"{&quot;_animation&quot;:&quot;opal-move-left&quot;}\" data-widget_type=\"heading.default\">\n\t\t\t\t\t<h2 data-cursor=\"-opaque\" class=\"elementor-heading-title elementor-size-default\">Sei postiTrnovo Jahorina \u2013  <span class=\"c-primary\">Nuovo impianto di risalita per una migliore esperienza sciistica<\/span><\/h2>\t\t\t\t<\/div>\n\t\t\t\t<div class=\"elementor-element elementor-element-4aa09f6 elementor-widget__width-initial elementor-invisible elementor-widget elementor-widget-text-editor\" data-id=\"4aa09f6\" data-element_type=\"widget\" data-settings=\"{&quot;_animation&quot;:&quot;opal-move-left&quot;}\" data-widget_type=\"text-editor.default\">\n\t\t\t\t\t\t\t\t\t<p><strong><span dir=\"auto\">La Trnovo<\/span><\/strong><span dir=\"auto\">\u00a0\u00a0\u00e8 una nuova cabinovia a 6 posti installata a Jahorina nell&#8217;ambito della modernizzazione del comprensorio sciistico e dello sviluppo infrastrutturale della montagna. Questo impianto svolge un ruolo fondamentale nel migliorare la connettivit\u00e0 delle diverse piste da sci di Jahorina, consentendo un accesso pi\u00f9 facile e veloce a tutti gli sciatori, in particolare ai visitatori del villaggio di Obu\u0107ina Bare e dei villaggi circostanti.<\/span><\/p>\t\t\t\t\t\t\t\t<\/div>\n\t\t\t\t<\/div>\n\t\t\t\t<\/div>\n\t\t<div class=\"elementor-element elementor-element-300ae1a e-con-full e-flex e-con e-child\" data-id=\"300ae1a\" data-element_type=\"container\">\n\t\t<div class=\"elementor-element elementor-element-70f5e3f e-con-full e-flex e-con e-child\" data-id=\"70f5e3f\" data-element_type=\"container\">\n\t\t\t\t<div class=\"elementor-element elementor-element-67151ae elementor-invisible elementor-widget elementor-widget-n-accordion\" data-id=\"67151ae\" data-element_type=\"widget\" data-settings=\"{&quot;_animation&quot;:&quot;opal-move-right&quot;,&quot;default_state&quot;:&quot;all_collapsed&quot;,&quot;max_items_expended&quot;:&quot;one&quot;,&quot;n_accordion_animation_duration&quot;:{&quot;unit&quot;:&quot;ms&quot;,&quot;size&quot;:400,&quot;sizes&quot;:[]}}\" data-widget_type=\"nested-accordion.default\">\n\t\t\t\t\t\t\t<div class=\"e-n-accordion\" aria-label=\"Accordion. Open links with Enter or Space, close with Escape, and navigate with Arrow Keys\">\n\t\t\t\t\t\t<details id=\"e-n-accordion-item-1080\" class=\"e-n-accordion-item\" >\n\t\t\t\t<summary class=\"e-n-accordion-item-title\" data-accordion-index=\"1\" tabindex=\"0\" aria-expanded=\"false\" aria-controls=\"e-n-accordion-item-1080\" >\n\t\t\t\t\t<span class='e-n-accordion-item-title-header'><div class=\"e-n-accordion-item-title-text\"> Caratteristiche tecniche del Trnovo a sei posti <\/div><\/span>\n\t\t\t\t\t\t\t<span class='e-n-accordion-item-title-icon'>\n\t\t\t<span class='e-opened' ><i aria-hidden=\"true\" class=\"antra-icon- antra-icon-minus\"><\/i><\/span>\n\t\t\t<span class='e-closed'><i aria-hidden=\"true\" class=\"antra-icon- antra-icon-plus\"><\/i><\/span>\n\t\t<\/span>\n\n\t\t\t\t\t\t<\/summary>\n\t\t\t\t<div role=\"region\" aria-labelledby=\"e-n-accordion-item-1080\" class=\"elementor-element elementor-element-efa299f e-con-full e-flex e-con e-child\" data-id=\"efa299f\" data-element_type=\"container\">\n\t\t\t\t<div class=\"elementor-element elementor-element-bf5b1c6 elementor-widget__width-initial elementor-widget elementor-widget-text-editor\" data-id=\"bf5b1c6\" data-element_type=\"widget\" data-widget_type=\"text-editor.default\">\n\t\t\t\t\t\t\t\t\t<ul><li><strong><span dir=\"auto\"><span dir=\"auto\">Capacit\u00e0:<\/span><\/span><\/strong><span dir=\"auto\"><span dir=\"auto\">\u00a0\u00a02400 sciatori all&#8217;ora.<\/span><\/span><\/li><li><strong><span dir=\"auto\"><span dir=\"auto\">Lunghezza della funivia:<\/span><\/span><\/strong><span dir=\"auto\"><span dir=\"auto\">\u00a0\u00a0600 metri.<\/span><\/span><\/li><li><strong><span dir=\"auto\"><span dir=\"auto\">Collegamento:<\/span><\/span><\/strong><span dir=\"auto\"><span dir=\"auto\">\u00a0\u00a0Questo impianto di risalita collega piste da sci molto apprezzate sia dai principianti che dagli sciatori pi\u00f9 esperti. La vicinanza di un&#8217;area sci per bambini con tappeto magico rende questa zona particolarmente adatta alle famiglie con bambini piccoli.<\/span><\/span><\/li><li><strong><span dir=\"auto\"><span dir=\"auto\">Collegamento con altri servizi:<\/span><\/span><\/strong><span dir=\"auto\"><span dir=\"auto\">\u00a0\u00a0L&#8217;impianto di risalita si trova vicino al chiosco e al punto vendita, facilitando l&#8217;accesso degli sciatori a tutti i servizi necessari sulla pista.<\/span><\/span><\/li><li>\u00a0<\/li><\/ul>\t\t\t\t\t\t\t\t<\/div>\n\t\t\t\t<\/div>\n\t\t\t\t\t<\/details>\n\t\t\t\t\t\t<details id=\"e-n-accordion-item-1081\" class=\"e-n-accordion-item\" >\n\t\t\t\t<summary class=\"e-n-accordion-item-title\" data-accordion-index=\"2\" tabindex=\"-1\" aria-expanded=\"false\" aria-controls=\"e-n-accordion-item-1081\" >\n\t\t\t\t\t<span class='e-n-accordion-item-title-header'><div class=\"e-n-accordion-item-title-text\"> Significato per Jahorina <\/div><\/span>\n\t\t\t\t\t\t\t<span class='e-n-accordion-item-title-icon'>\n\t\t\t<span class='e-opened' ><i aria-hidden=\"true\" class=\"antra-icon- antra-icon-minus\"><\/i><\/span>\n\t\t\t<span class='e-closed'><i aria-hidden=\"true\" class=\"antra-icon- antra-icon-plus\"><\/i><\/span>\n\t\t<\/span>\n\n\t\t\t\t\t\t<\/summary>\n\t\t\t\t<div role=\"region\" aria-labelledby=\"e-n-accordion-item-1081\" class=\"elementor-element elementor-element-f0098d4 e-con-full e-flex e-con e-child\" data-id=\"f0098d4\" data-element_type=\"container\">\n\t\t\t\t<div class=\"elementor-element elementor-element-6580925 elementor-widget__width-initial elementor-widget elementor-widget-text-editor\" data-id=\"6580925\" data-element_type=\"widget\" data-widget_type=\"text-editor.default\">\n\t\t\t\t\t\t\t\t\t<p><span dir=\"auto\">La seggiovia Trnovo a sei posti \u00e8 il risultato di un investimento di 30 milioni di km\u00b2, il cui obiettivo \u00e8 aumentare la capacit\u00e0 di Jahorina e migliorare le condizioni per tutti i visitatori. La modernizzazione delle infrastrutture sulla montagna contribuisce a migliorare il servizio, riducendo i tempi di attesa agli impianti di risalita e aumentando il numero di sciatori che possono usufruire della stazione sciistica in qualsiasi momento.<\/span><\/p><p><span dir=\"auto\">Questo impianto non solo contribuisce a migliorare il collegamento degli sciatori con le piste da sci, ma migliora anche l&#8217;esperienza complessiva sulla Jahorina, rendendola pi\u00f9 competitiva nel mercato regionale degli sport invernali.<\/span><\/p>\t\t\t\t\t\t\t\t<\/div>\n\t\t\t\t<\/div>\n\t\t\t\t\t<\/details>\n\t\t\t\t\t\t<details id=\"e-n-accordion-item-1082\" class=\"e-n-accordion-item\" >\n\t\t\t\t<summary class=\"e-n-accordion-item-title\" data-accordion-index=\"3\" tabindex=\"-1\" aria-expanded=\"false\" aria-controls=\"e-n-accordion-item-1082\" >\n\t\t\t\t\t<span class='e-n-accordion-item-title-header'><div class=\"e-n-accordion-item-title-text\"> Vantaggi del Trnovo a sei posti <\/div><\/span>\n\t\t\t\t\t\t\t<span class='e-n-accordion-item-title-icon'>\n\t\t\t<span class='e-opened' ><i aria-hidden=\"true\" class=\"antra-icon- antra-icon-minus\"><\/i><\/span>\n\t\t\t<span class='e-closed'><i aria-hidden=\"true\" class=\"antra-icon- antra-icon-plus\"><\/i><\/span>\n\t\t<\/span>\n\n\t\t\t\t\t\t<\/summary>\n\t\t\t\t<div role=\"region\" aria-labelledby=\"e-n-accordion-item-1082\" class=\"elementor-element elementor-element-5471b18 e-con-full e-flex e-con e-child\" data-id=\"5471b18\" data-element_type=\"container\">\n\t\t\t\t<div class=\"elementor-element elementor-element-9cf7c35 elementor-widget__width-initial elementor-widget elementor-widget-text-editor\" data-id=\"9cf7c35\" data-element_type=\"widget\" data-widget_type=\"text-editor.default\">\n\t\t\t\t\t\t\t\t\t<ul><li><strong><span dir=\"auto\"><span dir=\"auto\">Accesso pi\u00f9 rapido alle piste da sci:<\/span><\/span><\/strong><span dir=\"auto\"><span dir=\"auto\">\u00a0\u00a0con una capacit\u00e0 di 2.400 sciatori all&#8217;ora, i tempi di attesa agli impianti di risalita si riducono, consentendo agli sciatori di trascorrere pi\u00f9 tempo sulle piste.<\/span><\/span><\/li><li><strong><span dir=\"auto\"><span dir=\"auto\">Maggiore accessibilit\u00e0:<\/span><\/span><\/strong><span dir=\"auto\"><span dir=\"auto\">\u00a0\u00a0l&#8217;ascensore consente un accesso pi\u00f9 rapido e semplice ai visitatori provenienti dall&#8217;insediamento di Obu\u0107ina Bare e dalle altre zone circostanti.<\/span><\/span><\/li><li><strong><span dir=\"auto\"><span dir=\"auto\">Adatto a tutti gli sciatori:<\/span><\/span><\/strong><span dir=\"auto\"><span dir=\"auto\">\u00a0\u00a0con piste adatte sia ai principianti che agli sciatori pi\u00f9 esperti, Trnovo \u00e8 ideale per tutte le et\u00e0 e tutti i livelli di abilit\u00e0.<\/span><\/span><\/li><li>\u00a0<\/li><\/ul>\t\t\t\t\t\t\t\t<\/div>\n\t\t\t\t<\/div>\n\t\t\t\t\t<\/details>\n\t\t\t\t\t\t<details id=\"e-n-accordion-item-1083\" class=\"e-n-accordion-item\" >\n\t\t\t\t<summary class=\"e-n-accordion-item-title\" data-accordion-index=\"4\" tabindex=\"-1\" aria-expanded=\"false\" aria-controls=\"e-n-accordion-item-1083\" >\n\t\t\t\t\t<span class='e-n-accordion-item-title-header'><div class=\"e-n-accordion-item-title-text\"> Conclusione <\/div><\/span>\n\t\t\t\t\t\t\t<span class='e-n-accordion-item-title-icon'>\n\t\t\t<span class='e-opened' ><i aria-hidden=\"true\" class=\"antra-icon- antra-icon-minus\"><\/i><\/span>\n\t\t\t<span class='e-closed'><i aria-hidden=\"true\" class=\"antra-icon- antra-icon-plus\"><\/i><\/span>\n\t\t<\/span>\n\n\t\t\t\t\t\t<\/summary>\n\t\t\t\t<div role=\"region\" aria-labelledby=\"e-n-accordion-item-1083\" class=\"elementor-element elementor-element-f6211a5 e-con-full e-flex e-con e-child\" data-id=\"f6211a5\" data-element_type=\"container\">\n\t\t\t\t<div class=\"elementor-element elementor-element-57d17d2 elementor-widget__width-initial elementor-widget elementor-widget-text-editor\" data-id=\"57d17d2\" data-element_type=\"widget\" data-widget_type=\"text-editor.default\">\n\t\t\t\t\t\t\t\t\t<p><span dir=\"auto\">La seggiovia a sei posti Trnovo rappresenta un investimento significativo nelle infrastrutture di Jahorina, che migliorer\u00e0 la qualit\u00e0 delle vacanze sciistiche per tutti i visitatori. Con questa modernizzazione, Jahorina diventa una destinazione ancora pi\u00f9 attraente per gli amanti degli sport invernali, rendendo lo sci pi\u00f9 accessibile, pi\u00f9 piacevole e pi\u00f9 veloce.\u00a0<\/span><\/p><p><span dir=\"auto\">Da notare che gli appartamenti (\u00a0<\/span><a href=\"https:\/\/translate.google.com\/website?sl=hr&amp;tl=it&amp;hl=en&amp;client=webapp&amp;u=https:\/\/apartments-jahorina.com\/smjestaj-jahorina\/\"><span dir=\"auto\">Bestblick Apartments Jahorina<\/span><\/a><span dir=\"auto\">\u00a0) si trovano a soli 30 metri da questo appartamento a sei posti e hanno accesso diretto.\u00a0<\/span><\/p>\t\t\t\t\t\t\t\t<\/div>\n\t\t\t\t<\/div>\n\t\t\t\t\t<\/details>\n\t\t\t\t\t<\/div>\n\t\t\t\t\t\t<\/div>\n\t\t\t\t<\/div>\n\t\t<div class=\"elementor-element elementor-element-7c44126 e-con-full e-flex e-con e-child\" data-id=\"7c44126\" data-element_type=\"container\">\n\t\t\t\t<div class=\"elementor-element elementor-element-5b562f9 elementor-invisible elementor-widget elementor-widget-image\" data-id=\"5b562f9\" data-element_type=\"widget\" data-settings=\"{&quot;_animation&quot;:&quot;opal-move-left&quot;}\" data-widget_type=\"image.default\">\n\t\t\t\t\t<div class=\"antra-wrapper-image-widget\" data-cursor=\"-opaque\">\t\t\t\t\t\t\t\t\t\t<img loading=\"lazy\" decoding=\"async\" width=\"1920\" height=\"2560\" src=\"https:\/\/apartments-jahorina.com\/wp-content\/uploads\/2025\/11\/IMG_6818-scaled.jpg\" class=\"attachment-full size-full wp-image-12098\" alt=\"\" srcset=\"https:\/\/apartments-jahorina.com\/wp-content\/uploads\/2025\/11\/IMG_6818-scaled.jpg 1920w, https:\/\/apartments-jahorina.com\/wp-content\/uploads\/2025\/11\/IMG_6818-225x300.jpg 225w, https:\/\/apartments-jahorina.com\/wp-content\/uploads\/2025\/11\/IMG_6818-768x1024.jpg 768w, https:\/\/apartments-jahorina.com\/wp-content\/uploads\/2025\/11\/IMG_6818-1152x1536.jpg 1152w, https:\/\/apartments-jahorina.com\/wp-content\/uploads\/2025\/11\/IMG_6818-1536x2048.jpg 1536w, https:\/\/apartments-jahorina.com\/wp-content\/uploads\/2025\/11\/IMG_6818-472x629.jpg 472w, https:\/\/apartments-jahorina.com\/wp-content\/uploads\/2025\/11\/IMG_6818-1000x1333.jpg 1000w\" sizes=\"(max-width: 1920px) 100vw, 1920px\" \/>\t\t\t\t\t\t\t\t\t\t\t<\/div>\t\t\t\t<\/div>\n\t\t\t\t<\/div>\n\t\t\t\t<\/div>\n\t\t\t\t\t<\/div>\n\t\t\t\t<\/div>\n\t\t\t\t<\/div>\n\t\t","protected":false},"excerpt":{"rendered":"<p>Sei postiTrnovo Jahorina \u2013 Nuovo impianto di risalita per una migliore esperienza sciistica La Trnovo\u00a0\u00a0\u00e8 una nuova cabinovia a 6 posti installata a Jahorina nell&#8217;ambito della modernizzazione del comprensorio sciistico e dello sviluppo infrastrutturale della montagna. Questo impianto svolge un ruolo fondamentale nel migliorare la connettivit\u00e0 delle diverse piste da sci di Jahorina, consentendo un [&hellip;]<\/p>\n","protected":false},"author":1,"featured_media":0,"parent":0,"menu_order":0,"comment_status":"closed","ping_status":"closed","template":"","meta":{"footnotes":""},"class_list":["post-12095","page","type-page","status-publish","hentry"],"yoast_head":"<!-- This site is optimized with the Yoast SEO plugin v26.4 - https:\/\/yoast.com\/wordpress\/plugins\/seo\/ -->\n<title>Sei posti Trnovo Jahorina - BESTBLICK Apartments Jahorina<\/title>\n<meta name=\"robots\" content=\"index, follow, max-snippet:-1, max-image-preview:large, max-video-preview:-1\" \/>\n<link rel=\"canonical\" href=\"https:\/\/apartments-jahorina.com\/it\/sei-posti-trnovo-jahorina\/\" \/>\n<meta property=\"og:locale\" content=\"it_IT\" \/>\n<meta property=\"og:type\" content=\"article\" \/>\n<meta property=\"og:title\" content=\"Sei posti Trnovo Jahorina - BESTBLICK Apartments Jahorina\" \/>\n<meta property=\"og:description\" content=\"Sei postiTrnovo Jahorina \u2013 Nuovo impianto di risalita per una migliore esperienza sciistica La Trnovo\u00a0\u00a0\u00e8 una nuova cabinovia a 6 posti installata a Jahorina nell&#8217;ambito della modernizzazione del comprensorio sciistico e dello sviluppo infrastrutturale della montagna. Questo impianto svolge un ruolo fondamentale nel migliorare la connettivit\u00e0 delle diverse piste da sci di Jahorina, consentendo un [&hellip;]\" \/>\n<meta property=\"og:url\" content=\"https:\/\/apartments-jahorina.com\/it\/sei-posti-trnovo-jahorina\/\" \/>\n<meta property=\"og:site_name\" content=\"BESTBLICK Apartments Jahorina\" \/>\n<meta property=\"article:modified_time\" content=\"2025-12-11T00:02:29+00:00\" \/>\n<meta property=\"og:image\" content=\"http:\/\/apartments-jahorina.com\/wp-content\/uploads\/2025\/11\/IMG_6818-scaled.jpg\" \/>\n<meta name=\"twitter:card\" content=\"summary_large_image\" \/>\n<meta name=\"twitter:label1\" content=\"Tempo di lettura stimato\" \/>\n\t<meta name=\"twitter:data1\" content=\"4 minuti\" \/>\n<script type=\"application\/ld+json\" class=\"yoast-schema-graph\">{\"@context\":\"https:\/\/schema.org\",\"@graph\":[{\"@type\":\"WebPage\",\"@id\":\"https:\/\/apartments-jahorina.com\/it\/sei-posti-trnovo-jahorina\/\",\"url\":\"https:\/\/apartments-jahorina.com\/it\/sei-posti-trnovo-jahorina\/\",\"name\":\"Sei posti Trnovo Jahorina - BESTBLICK Apartments Jahorina\",\"isPartOf\":{\"@id\":\"https:\/\/apartments-jahorina.com\/#website\"},\"primaryImageOfPage\":{\"@id\":\"https:\/\/apartments-jahorina.com\/it\/sei-posti-trnovo-jahorina\/#primaryimage\"},\"image\":{\"@id\":\"https:\/\/apartments-jahorina.com\/it\/sei-posti-trnovo-jahorina\/#primaryimage\"},\"thumbnailUrl\":\"http:\/\/apartments-jahorina.com\/wp-content\/uploads\/2025\/11\/IMG_6818-scaled.jpg\",\"datePublished\":\"2025-11-30T18:44:38+00:00\",\"dateModified\":\"2025-12-11T00:02:29+00:00\",\"breadcrumb\":{\"@id\":\"https:\/\/apartments-jahorina.com\/it\/sei-posti-trnovo-jahorina\/#breadcrumb\"},\"inLanguage\":\"it-IT\",\"potentialAction\":[{\"@type\":\"ReadAction\",\"target\":[\"https:\/\/apartments-jahorina.com\/it\/sei-posti-trnovo-jahorina\/\"]}]},{\"@type\":\"ImageObject\",\"inLanguage\":\"it-IT\",\"@id\":\"https:\/\/apartments-jahorina.com\/it\/sei-posti-trnovo-jahorina\/#primaryimage\",\"url\":\"http:\/\/apartments-jahorina.com\/wp-content\/uploads\/2025\/11\/IMG_6818-scaled.jpg\",\"contentUrl\":\"http:\/\/apartments-jahorina.com\/wp-content\/uploads\/2025\/11\/IMG_6818-scaled.jpg\"},{\"@type\":\"BreadcrumbList\",\"@id\":\"https:\/\/apartments-jahorina.com\/it\/sei-posti-trnovo-jahorina\/#breadcrumb\",\"itemListElement\":[{\"@type\":\"ListItem\",\"position\":1,\"name\":\"Home\",\"item\":\"https:\/\/apartments-jahorina.com\/sl\/\"},{\"@type\":\"ListItem\",\"position\":2,\"name\":\"Sei posti Trnovo Jahorina\"}]},{\"@type\":\"WebSite\",\"@id\":\"https:\/\/apartments-jahorina.com\/#website\",\"url\":\"https:\/\/apartments-jahorina.com\/\",\"name\":\"BESTBLICK Apartments Jahorina\",\"description\":\"Moderni apartmani s pogledom na ski-stazu\",\"potentialAction\":[{\"@type\":\"SearchAction\",\"target\":{\"@type\":\"EntryPoint\",\"urlTemplate\":\"https:\/\/apartments-jahorina.com\/?s={search_term_string}\"},\"query-input\":{\"@type\":\"PropertyValueSpecification\",\"valueRequired\":true,\"valueName\":\"search_term_string\"}}],\"inLanguage\":\"it-IT\"}]}<\/script>\n<!-- \/ Yoast SEO plugin. -->","yoast_head_json":{"title":"Sei posti Trnovo Jahorina - BESTBLICK Apartments Jahorina","robots":{"index":"index","follow":"follow","max-snippet":"max-snippet:-1","max-image-preview":"max-image-preview:large","max-video-preview":"max-video-preview:-1"},"canonical":"https:\/\/apartments-jahorina.com\/it\/sei-posti-trnovo-jahorina\/","og_locale":"it_IT","og_type":"article","og_title":"Sei posti Trnovo Jahorina - BESTBLICK Apartments Jahorina","og_description":"Sei postiTrnovo Jahorina \u2013 Nuovo impianto di risalita per una migliore esperienza sciistica La Trnovo\u00a0\u00a0\u00e8 una nuova cabinovia a 6 posti installata a Jahorina nell&#8217;ambito della modernizzazione del comprensorio sciistico e dello sviluppo infrastrutturale della montagna. Questo impianto svolge un ruolo fondamentale nel migliorare la connettivit\u00e0 delle diverse piste da sci di Jahorina, consentendo un [&hellip;]","og_url":"https:\/\/apartments-jahorina.com\/it\/sei-posti-trnovo-jahorina\/","og_site_name":"BESTBLICK Apartments Jahorina","article_modified_time":"2025-12-11T00:02:29+00:00","og_image":[{"url":"http:\/\/apartments-jahorina.com\/wp-content\/uploads\/2025\/11\/IMG_6818-scaled.jpg","type":"","width":"","height":""}],"twitter_card":"summary_large_image","twitter_misc":{"Tempo di lettura stimato":"4 minuti"},"schema":{"@context":"https:\/\/schema.org","@graph":[{"@type":"WebPage","@id":"https:\/\/apartments-jahorina.com\/it\/sei-posti-trnovo-jahorina\/","url":"https:\/\/apartments-jahorina.com\/it\/sei-posti-trnovo-jahorina\/","name":"Sei posti Trnovo Jahorina - BESTBLICK Apartments Jahorina","isPartOf":{"@id":"https:\/\/apartments-jahorina.com\/#website"},"primaryImageOfPage":{"@id":"https:\/\/apartments-jahorina.com\/it\/sei-posti-trnovo-jahorina\/#primaryimage"},"image":{"@id":"https:\/\/apartments-jahorina.com\/it\/sei-posti-trnovo-jahorina\/#primaryimage"},"thumbnailUrl":"http:\/\/apartments-jahorina.com\/wp-content\/uploads\/2025\/11\/IMG_6818-scaled.jpg","datePublished":"2025-11-30T18:44:38+00:00","dateModified":"2025-12-11T00:02:29+00:00","breadcrumb":{"@id":"https:\/\/apartments-jahorina.com\/it\/sei-posti-trnovo-jahorina\/#breadcrumb"},"inLanguage":"it-IT","potentialAction":[{"@type":"ReadAction","target":["https:\/\/apartments-jahorina.com\/it\/sei-posti-trnovo-jahorina\/"]}]},{"@type":"ImageObject","inLanguage":"it-IT","@id":"https:\/\/apartments-jahorina.com\/it\/sei-posti-trnovo-jahorina\/#primaryimage","url":"http:\/\/apartments-jahorina.com\/wp-content\/uploads\/2025\/11\/IMG_6818-scaled.jpg","contentUrl":"http:\/\/apartments-jahorina.com\/wp-content\/uploads\/2025\/11\/IMG_6818-scaled.jpg"},{"@type":"BreadcrumbList","@id":"https:\/\/apartments-jahorina.com\/it\/sei-posti-trnovo-jahorina\/#breadcrumb","itemListElement":[{"@type":"ListItem","position":1,"name":"Home","item":"https:\/\/apartments-jahorina.com\/sl\/"},{"@type":"ListItem","position":2,"name":"Sei posti Trnovo Jahorina"}]},{"@type":"WebSite","@id":"https:\/\/apartments-jahorina.com\/#website","url":"https:\/\/apartments-jahorina.com\/","name":"BESTBLICK Apartments Jahorina","description":"Moderni apartmani s pogledom na ski-stazu","potentialAction":[{"@type":"SearchAction","target":{"@type":"EntryPoint","urlTemplate":"https:\/\/apartments-jahorina.com\/?s={search_term_string}"},"query-input":{"@type":"PropertyValueSpecification","valueRequired":true,"valueName":"search_term_string"}}],"inLanguage":"it-IT"}]}},"_links":{"self":[{"href":"https:\/\/apartments-jahorina.com\/it\/wp-json\/wp\/v2\/pages\/12095","targetHints":{"allow":["GET"]}}],"collection":[{"href":"https:\/\/apartments-jahorina.com\/it\/wp-json\/wp\/v2\/pages"}],"about":[{"href":"https:\/\/apartments-jahorina.com\/it\/wp-json\/wp\/v2\/types\/page"}],"author":[{"embeddable":true,"href":"https:\/\/apartments-jahorina.com\/it\/wp-json\/wp\/v2\/users\/1"}],"replies":[{"embeddable":true,"href":"https:\/\/apartments-jahorina.com\/it\/wp-json\/wp\/v2\/comments?post=12095"}],"version-history":[{"count":10,"href":"https:\/\/apartments-jahorina.com\/it\/wp-json\/wp\/v2\/pages\/12095\/revisions"}],"predecessor-version":[{"id":12466,"href":"https:\/\/apartments-jahorina.com\/it\/wp-json\/wp\/v2\/pages\/12095\/revisions\/12466"}],"wp:attachment":[{"href":"https:\/\/apartments-jahorina.com\/it\/wp-json\/wp\/v2\/media?parent=12095"}],"curies":[{"name":"wp","href":"https:\/\/api.w.org\/{rel}","templated":true}]}}