{"id":12107,"date":"2025-11-30T18:22:37","date_gmt":"2025-11-30T18:22:37","guid":{"rendered":"http:\/\/apartments-jahorina.com\/obucina-bare-jahorina\/"},"modified":"2025-12-10T23:36:19","modified_gmt":"2025-12-10T23:36:19","slug":"obucina-bare-jahorina","status":"publish","type":"page","link":"https:\/\/apartments-jahorina.com\/it\/obucina-bare-jahorina\/","title":{"rendered":"Obu\u0107ina Bare Jahorina"},"content":{"rendered":"\t\t<div data-elementor-type=\"wp-page\" data-elementor-id=\"12107\" class=\"elementor elementor-12107 elementor-9869\">\n\t\t\t\t<div class=\"elementor-element elementor-element-12b6bd6 e-flex e-con-boxed e-con e-parent\" data-id=\"12b6bd6\" data-element_type=\"container\">\n\t\t\t\t\t<div class=\"e-con-inner\">\n\t\t<div class=\"elementor-element elementor-element-7b8b529 e-con-full e-flex e-con e-child\" data-id=\"7b8b529\" data-element_type=\"container\">\n\t\t<div class=\"elementor-element elementor-element-52f5450 e-con-full e-flex e-con e-child\" data-id=\"52f5450\" data-element_type=\"container\">\n\t\t\t\t<div class=\"elementor-element elementor-element-ef7ac5e elementor-absolute elementor-hidden-mobile elementor-view-default elementor-invisible elementor-widget elementor-widget-icon\" data-id=\"ef7ac5e\" data-element_type=\"widget\" data-settings=\"{&quot;_position&quot;:&quot;absolute&quot;,&quot;motion_fx_motion_fx_scrolling&quot;:&quot;yes&quot;,&quot;motion_fx_translateX_effect&quot;:&quot;yes&quot;,&quot;motion_fx_translateX_speed&quot;:{&quot;unit&quot;:&quot;px&quot;,&quot;size&quot;:1.5,&quot;sizes&quot;:[]},&quot;_animation&quot;:&quot;opal-move-right&quot;,&quot;motion_fx_translateX_affectedRange&quot;:{&quot;unit&quot;:&quot;%&quot;,&quot;size&quot;:&quot;&quot;,&quot;sizes&quot;:{&quot;start&quot;:0,&quot;end&quot;:100}},&quot;motion_fx_devices&quot;:[&quot;desktop&quot;,&quot;laptop&quot;,&quot;tablet_extra&quot;,&quot;tablet&quot;,&quot;mobile_extra&quot;,&quot;mobile&quot;]}\" data-widget_type=\"icon.default\">\n\t\t\t\t\t\t\t<div class=\"elementor-icon-wrapper\">\n\t\t\t<div class=\"elementor-icon\">\n\t\t\t\t\t\t<\/div>\n\t\t<\/div>\n\t\t\t\t\t\t<\/div>\n\t\t\t\t<div class=\"elementor-element elementor-element-7a3b481 elementor-widget__width-auto elementor-absolute elementor-hidden-mobile elementor-view-default elementor-invisible elementor-widget elementor-widget-icon\" data-id=\"7a3b481\" data-element_type=\"widget\" data-settings=\"{&quot;_position&quot;:&quot;absolute&quot;,&quot;motion_fx_motion_fx_scrolling&quot;:&quot;yes&quot;,&quot;motion_fx_translateY_effect&quot;:&quot;yes&quot;,&quot;motion_fx_translateY_direction&quot;:&quot;negative&quot;,&quot;motion_fx_translateY_speed&quot;:{&quot;unit&quot;:&quot;px&quot;,&quot;size&quot;:1.2,&quot;sizes&quot;:[]},&quot;_animation&quot;:&quot;opal-move-down&quot;,&quot;motion_fx_translateY_affectedRange&quot;:{&quot;unit&quot;:&quot;%&quot;,&quot;size&quot;:&quot;&quot;,&quot;sizes&quot;:{&quot;start&quot;:0,&quot;end&quot;:100}},&quot;motion_fx_devices&quot;:[&quot;desktop&quot;,&quot;laptop&quot;,&quot;tablet_extra&quot;,&quot;tablet&quot;,&quot;mobile_extra&quot;,&quot;mobile&quot;]}\" data-widget_type=\"icon.default\">\n\t\t\t\t\t\t\t<div class=\"elementor-icon-wrapper\">\n\t\t\t<div class=\"elementor-icon\">\n\t\t\t\t\t\t<\/div>\n\t\t<\/div>\n\t\t\t\t\t\t<\/div>\n\t\t\t\t<\/div>\n\t\t<div class=\"elementor-element elementor-element-4e0b3cc e-con-full e-flex e-con e-child\" data-id=\"4e0b3cc\" data-element_type=\"container\">\n\t\t\t\t<div class=\"elementor-element elementor-element-6bc46d3 elementor-widget__width-initial elementor-invisible elementor-widget elementor-widget-heading\" data-id=\"6bc46d3\" data-element_type=\"widget\" data-settings=\"{&quot;_animation&quot;:&quot;opal-move-left&quot;}\" data-widget_type=\"heading.default\">\n\t\t\t\t\t<h2 data-cursor=\"-opaque\" class=\"elementor-heading-title elementor-size-default\">Obu\u0107ina Bare Jahorina  \u2013  <span class=\"c-primary\">Appartamenti Bestblick<\/span><\/h2>\t\t\t\t<\/div>\n\t\t\t\t<div class=\"elementor-element elementor-element-4aa09f6 elementor-widget__width-initial elementor-invisible elementor-widget elementor-widget-text-editor\" data-id=\"4aa09f6\" data-element_type=\"widget\" data-settings=\"{&quot;_animation&quot;:&quot;opal-move-left&quot;}\" data-widget_type=\"text-editor.default\">\n\t\t\t\t\t\t\t\t\t<p><strong>Obu\u0107ina Bare<\/strong> \u00e8 uno degli insediamenti pi\u00f9 ambiti di Jahorina, perfetto per chi cerca la vicinanza alle piste da sci e un soggiorno tranquillo nel cuore della montagna. Situata tra i famosi insediamenti di \u0160ator e la nuova zona di Obu\u0107ina Bara, questa zona \u00e8 nota per i suoi appartamenti confortevoli, le attrezzature moderne e la vista panoramica sulle piste di Jahorina.<\/p>\t\t\t\t\t\t\t\t<\/div>\n\t\t\t\t<\/div>\n\t\t\t\t<\/div>\n\t\t<div class=\"elementor-element elementor-element-300ae1a e-con-full e-flex e-con e-child\" data-id=\"300ae1a\" data-element_type=\"container\">\n\t\t<div class=\"elementor-element elementor-element-70f5e3f e-con-full e-flex e-con e-child\" data-id=\"70f5e3f\" data-element_type=\"container\">\n\t\t\t\t<div class=\"elementor-element elementor-element-67151ae elementor-invisible elementor-widget elementor-widget-n-accordion\" data-id=\"67151ae\" data-element_type=\"widget\" data-settings=\"{&quot;_animation&quot;:&quot;opal-move-right&quot;,&quot;default_state&quot;:&quot;all_collapsed&quot;,&quot;max_items_expended&quot;:&quot;one&quot;,&quot;n_accordion_animation_duration&quot;:{&quot;unit&quot;:&quot;ms&quot;,&quot;size&quot;:400,&quot;sizes&quot;:[]}}\" data-widget_type=\"nested-accordion.default\">\n\t\t\t\t\t\t\t<div class=\"e-n-accordion\" aria-label=\"Accordion. Open links with Enter or Space, close with Escape, and navigate with Arrow Keys\">\n\t\t\t\t\t\t<details id=\"e-n-accordion-item-1080\" class=\"e-n-accordion-item\" >\n\t\t\t\t<summary class=\"e-n-accordion-item-title\" data-accordion-index=\"1\" tabindex=\"0\" aria-expanded=\"false\" aria-controls=\"e-n-accordion-item-1080\" >\n\t\t\t\t\t<span class='e-n-accordion-item-title-header'><div class=\"e-n-accordion-item-title-text\"> Posizione e accessibilit\u00e0 alle piste da sci <\/div><\/span>\n\t\t\t\t\t\t\t<span class='e-n-accordion-item-title-icon'>\n\t\t\t<span class='e-opened' ><i aria-hidden=\"true\" class=\"antra-icon- antra-icon-minus\"><\/i><\/span>\n\t\t\t<span class='e-closed'><i aria-hidden=\"true\" class=\"antra-icon- antra-icon-plus\"><\/i><\/span>\n\t\t<\/span>\n\n\t\t\t\t\t\t<\/summary>\n\t\t\t\t<div role=\"region\" aria-labelledby=\"e-n-accordion-item-1080\" class=\"elementor-element elementor-element-efa299f e-con-full e-flex e-con e-child\" data-id=\"efa299f\" data-element_type=\"container\">\n\t\t\t\t<div class=\"elementor-element elementor-element-bf5b1c6 elementor-widget__width-initial elementor-widget elementor-widget-text-editor\" data-id=\"bf5b1c6\" data-element_type=\"widget\" data-widget_type=\"text-editor.default\">\n\t\t\t\t\t\t\t\t\t<p><span dir=\"auto\">La stazione sciistica di Bare si trova nelle immediate vicinanze di due piste da sci principali:<\/span><\/p><ul><li><strong><span dir=\"auto\">Il sentiero Obu\u0107ina Bare<\/span><\/strong><span dir=\"auto\">\u00a0\u00a0dista solo 100 metri.<\/span><\/li><li><strong><span dir=\"auto\">Il sentiero Poljice<\/span><\/strong><span dir=\"auto\">\u00a0, la zona centrale di Jahorina, dista 300 metri.<\/span><\/li><\/ul><p><span dir=\"auto\">Le piste da sci sono facilmente accessibili e gli sciatori possono usufruire di un rapido accesso grazie agli impianti di risalita a sei posti.<\/span><\/p>\t\t\t\t\t\t\t\t<\/div>\n\t\t\t\t<\/div>\n\t\t\t\t\t<\/details>\n\t\t\t\t\t\t<details id=\"e-n-accordion-item-1081\" class=\"e-n-accordion-item\" >\n\t\t\t\t<summary class=\"e-n-accordion-item-title\" data-accordion-index=\"2\" tabindex=\"-1\" aria-expanded=\"false\" aria-controls=\"e-n-accordion-item-1081\" >\n\t\t\t\t\t<span class='e-n-accordion-item-title-header'><div class=\"e-n-accordion-item-title-text\"> Alloggio a Obu\u0107ina Bare <\/div><\/span>\n\t\t\t\t\t\t\t<span class='e-n-accordion-item-title-icon'>\n\t\t\t<span class='e-opened' ><i aria-hidden=\"true\" class=\"antra-icon- antra-icon-minus\"><\/i><\/span>\n\t\t\t<span class='e-closed'><i aria-hidden=\"true\" class=\"antra-icon- antra-icon-plus\"><\/i><\/span>\n\t\t<\/span>\n\n\t\t\t\t\t\t<\/summary>\n\t\t\t\t<div role=\"region\" aria-labelledby=\"e-n-accordion-item-1081\" class=\"elementor-element elementor-element-f0098d4 e-con-full e-flex e-con e-child\" data-id=\"f0098d4\" data-element_type=\"container\">\n\t\t\t\t<div class=\"elementor-element elementor-element-6580925 elementor-widget__width-initial elementor-widget elementor-widget-text-editor\" data-id=\"6580925\" data-element_type=\"widget\" data-widget_type=\"text-editor.default\">\n\t\t\t\t\t\t\t\t\t<p><span dir=\"auto\">Le sistemazioni in questo resort comprendono moderni appartamenti e monolocali di varie dimensioni, perfetti per coppie, famiglie e gruppi di amici.<\/span><\/p><ol><li><p><a href=\"https:\/\/translate.google.com\/website?sl=hr&amp;tl=it&amp;hl=en&amp;client=webapp&amp;u=https:\/\/apartments-jahorina.com\/privatni-smjestaj-jahorina\/\"><strong><span dir=\"auto\">Appartamenti Bestblick<\/span><\/strong><\/a><span dir=\"auto\">\u00a0\u00a0\u2013 Appartamenti moderni di 53 m\u00b2:<\/span><\/p><ul><li><span dir=\"auto\">Capienza: 4 adulti o una famiglia con due bambini.<\/span><\/li><li><span dir=\"auto\">Contenuto: letto alla francese, divano letto, cucina completamente attrezzata (frigorifero, piano cottura, fornello, tostapane).<\/span><\/li><li><span dir=\"auto\">Servizi: TV LCD, Wi-Fi gratuito, deposito sci.<\/span><\/li><li><span dir=\"auto\">Caratteristiche speciali: Splendida vista sul sentiero e sulla natura.<\/span><\/li><\/ul><\/li><li><p><strong><span dir=\"auto\">Appartamenti di diverse metrature:<\/span><\/strong><\/p><ul><li><span dir=\"auto\">Superficie: da 20 m\u00b2 a 65 m\u00b2.<\/span><\/li><li><span dir=\"auto\">Servizi: spazi arredati in stile moderno con pavimenti riscaldati, armadietti privati \u200b\u200bper l&#8217;attrezzatura da sci, riscaldamento elettrico, parcheggio pubblico nelle vicinanze.<\/span><\/li><li><span dir=\"auto\">Posizione: Posizione ideale per gli sciatori, con una splendida vista sulle piste.<\/span><\/li><\/ul><\/li><\/ol>\t\t\t\t\t\t\t\t<\/div>\n\t\t\t\t<\/div>\n\t\t\t\t\t<\/details>\n\t\t\t\t\t\t<details id=\"e-n-accordion-item-1082\" class=\"e-n-accordion-item\" >\n\t\t\t\t<summary class=\"e-n-accordion-item-title\" data-accordion-index=\"3\" tabindex=\"-1\" aria-expanded=\"false\" aria-controls=\"e-n-accordion-item-1082\" >\n\t\t\t\t\t<span class='e-n-accordion-item-title-header'><div class=\"e-n-accordion-item-title-text\"> Prezzi degli alloggi e offerte speciali <\/div><\/span>\n\t\t\t\t\t\t\t<span class='e-n-accordion-item-title-icon'>\n\t\t\t<span class='e-opened' ><i aria-hidden=\"true\" class=\"antra-icon- antra-icon-minus\"><\/i><\/span>\n\t\t\t<span class='e-closed'><i aria-hidden=\"true\" class=\"antra-icon- antra-icon-plus\"><\/i><\/span>\n\t\t<\/span>\n\n\t\t\t\t\t\t<\/summary>\n\t\t\t\t<div role=\"region\" aria-labelledby=\"e-n-accordion-item-1082\" class=\"elementor-element elementor-element-5471b18 e-con-full e-flex e-con e-child\" data-id=\"5471b18\" data-element_type=\"container\">\n\t\t\t\t<div class=\"elementor-element elementor-element-9cf7c35 elementor-widget__width-initial elementor-widget elementor-widget-text-editor\" data-id=\"9cf7c35\" data-element_type=\"widget\" data-widget_type=\"text-editor.default\">\n\t\t\t\t\t\t\t\t\t<ul><li><p><span dir=\"auto\">I prezzi variano a seconda della dimensione dell&#8217;appartamento, della stagione e dei servizi aggiuntivi:<\/span><\/p><ul><li><em><span dir=\"auto\">Monolocali<\/span><\/em><span dir=\"auto\">\u00a0: a partire da 80 \u20ac a notte.<\/span><\/li><li><em><span dir=\"auto\">Appartamenti pi\u00f9 grandi<\/span><\/em><span dir=\"auto\">\u00a0: a partire da 130 \u20ac a notte per quattro persone.<\/span><\/li><li><strong><span dir=\"auto\">Le offerte speciali<\/span><\/strong><span dir=\"auto\">\u00a0\u00a0includono sconti per soggiorni pi\u00f9 lunghi e prenotazioni anticipate, spesso con skipass inclusi.<\/span><\/li><\/ul><\/li><\/ul>\t\t\t\t\t\t\t\t<\/div>\n\t\t\t\t<\/div>\n\t\t\t\t\t<\/details>\n\t\t\t\t\t\t<details id=\"e-n-accordion-item-1083\" class=\"e-n-accordion-item\" >\n\t\t\t\t<summary class=\"e-n-accordion-item-title\" data-accordion-index=\"4\" tabindex=\"-1\" aria-expanded=\"false\" aria-controls=\"e-n-accordion-item-1083\" >\n\t\t\t\t\t<span class='e-n-accordion-item-title-header'><div class=\"e-n-accordion-item-title-text\"> Attivit\u00e0 aggiuntive <\/div><\/span>\n\t\t\t\t\t\t\t<span class='e-n-accordion-item-title-icon'>\n\t\t\t<span class='e-opened' ><i aria-hidden=\"true\" class=\"antra-icon- antra-icon-minus\"><\/i><\/span>\n\t\t\t<span class='e-closed'><i aria-hidden=\"true\" class=\"antra-icon- antra-icon-plus\"><\/i><\/span>\n\t\t<\/span>\n\n\t\t\t\t\t\t<\/summary>\n\t\t\t\t<div role=\"region\" aria-labelledby=\"e-n-accordion-item-1083\" class=\"elementor-element elementor-element-0f421d8 e-con-full e-flex e-con e-child\" data-id=\"0f421d8\" data-element_type=\"container\">\n\t\t\t\t<div class=\"elementor-element elementor-element-f71324c elementor-widget__width-initial elementor-widget elementor-widget-text-editor\" data-id=\"f71324c\" data-element_type=\"widget\" data-widget_type=\"text-editor.default\">\n\t\t\t\t\t\t\t\t\t<ol><li><strong><span dir=\"auto\"><span dir=\"auto\">Scuola di sci<\/span><\/span><\/strong><span dir=\"auto\"><span dir=\"auto\">\u00a0\u00a0: la scelta ideale per i principianti.<\/span><\/span><\/li><li><strong><span dir=\"auto\"><span dir=\"auto\">Offerta apr\u00e8s-ski<\/span><\/span><\/strong><span dir=\"auto\"><span dir=\"auto\">\u00a0\u00a0: numerosi ristoranti e bar nelle vicinanze offrono specialit\u00e0 tradizionali.<\/span><\/span><\/li><li><strong><span dir=\"auto\"><span dir=\"auto\">Escursioni in montagna<\/span><\/span><\/strong><span dir=\"auto\"><span dir=\"auto\">\u00a0\u00a0: escursioni a piedi e in motoslitta nella natura incontaminata.<\/span><\/span><\/li><\/ol>\t\t\t\t\t\t\t\t<\/div>\n\t\t\t\t<\/div>\n\t\t\t\t\t<\/details>\n\t\t\t\t\t\t<details id=\"e-n-accordion-item-1084\" class=\"e-n-accordion-item\" >\n\t\t\t\t<summary class=\"e-n-accordion-item-title\" data-accordion-index=\"5\" tabindex=\"-1\" aria-expanded=\"false\" aria-controls=\"e-n-accordion-item-1084\" >\n\t\t\t\t\t<span class='e-n-accordion-item-title-header'><div class=\"e-n-accordion-item-title-text\"> Perch\u00e9 scegliere Obu\u0107ina Bare? <\/div><\/span>\n\t\t\t\t\t\t\t<span class='e-n-accordion-item-title-icon'>\n\t\t\t<span class='e-opened' ><i aria-hidden=\"true\" class=\"antra-icon- antra-icon-minus\"><\/i><\/span>\n\t\t\t<span class='e-closed'><i aria-hidden=\"true\" class=\"antra-icon- antra-icon-plus\"><\/i><\/span>\n\t\t<\/span>\n\n\t\t\t\t\t\t<\/summary>\n\t\t\t\t<div role=\"region\" aria-labelledby=\"e-n-accordion-item-1084\" class=\"elementor-element elementor-element-cfd856b e-con-full e-flex e-con e-child\" data-id=\"cfd856b\" data-element_type=\"container\">\n\t\t\t\t<div class=\"elementor-element elementor-element-49c570b elementor-widget__width-initial elementor-widget elementor-widget-text-editor\" data-id=\"49c570b\" data-element_type=\"widget\" data-widget_type=\"text-editor.default\">\n\t\t\t\t\t\t\t\t\t<ol><li><span dir=\"auto\">Vicinanza alle piste da sci: ideale per gli amanti dello sci.<\/span><\/li><li><span dir=\"auto\">Sistemazione moderna: ideale per famiglie e gruppi.<\/span><\/li><li><span dir=\"auto\">Ottimo rapporto qualit\u00e0-prezzo: pacchetti vacanze invernali convenienti.<\/span><\/li><\/ol>\t\t\t\t\t\t\t\t<\/div>\n\t\t\t\t<\/div>\n\t\t\t\t\t<\/details>\n\t\t\t\t\t<\/div>\n\t\t\t\t\t\t<\/div>\n\t\t\t\t<\/div>\n\t\t<div class=\"elementor-element elementor-element-7c44126 e-con-full e-flex e-con e-child\" data-id=\"7c44126\" data-element_type=\"container\">\n\t\t\t\t<div class=\"elementor-element elementor-element-5b562f9 elementor-invisible elementor-widget elementor-widget-image\" data-id=\"5b562f9\" data-element_type=\"widget\" data-settings=\"{&quot;_animation&quot;:&quot;opal-move-left&quot;}\" data-widget_type=\"image.default\">\n\t\t\t\t\t<div class=\"antra-wrapper-image-widget\" data-cursor=\"-opaque\">\t\t\t\t\t\t\t\t\t\t<img loading=\"lazy\" decoding=\"async\" width=\"1920\" height=\"2560\" src=\"https:\/\/apartments-jahorina.com\/wp-content\/uploads\/2025\/11\/IMG_6802-scaled.jpg\" class=\"attachment-full size-full wp-image-12404\" alt=\"\" srcset=\"https:\/\/apartments-jahorina.com\/wp-content\/uploads\/2025\/11\/IMG_6802-scaled.jpg 1920w, https:\/\/apartments-jahorina.com\/wp-content\/uploads\/2025\/11\/IMG_6802-225x300.jpg 225w, https:\/\/apartments-jahorina.com\/wp-content\/uploads\/2025\/11\/IMG_6802-768x1024.jpg 768w, https:\/\/apartments-jahorina.com\/wp-content\/uploads\/2025\/11\/IMG_6802-1152x1536.jpg 1152w, https:\/\/apartments-jahorina.com\/wp-content\/uploads\/2025\/11\/IMG_6802-1536x2048.jpg 1536w, https:\/\/apartments-jahorina.com\/wp-content\/uploads\/2025\/11\/IMG_6802-472x629.jpg 472w, https:\/\/apartments-jahorina.com\/wp-content\/uploads\/2025\/11\/IMG_6802-1000x1333.jpg 1000w\" sizes=\"(max-width: 1920px) 100vw, 1920px\" \/>\t\t\t\t\t\t\t\t\t\t\t<\/div>\t\t\t\t<\/div>\n\t\t\t\t<\/div>\n\t\t\t\t<\/div>\n\t\t\t\t\t<\/div>\n\t\t\t\t<\/div>\n\t\t\t\t<\/div>\n\t\t","protected":false},"excerpt":{"rendered":"<p>Obu\u0107ina Bare Jahorina \u2013 Appartamenti Bestblick Obu\u0107ina Bare \u00e8 uno degli insediamenti pi\u00f9 ambiti di Jahorina, perfetto per chi cerca la vicinanza alle piste da sci e un soggiorno tranquillo nel cuore della montagna. Situata tra i famosi insediamenti di \u0160ator e la nuova zona di Obu\u0107ina Bara, questa zona \u00e8 nota per i suoi [&hellip;]<\/p>\n","protected":false},"author":1,"featured_media":0,"parent":0,"menu_order":0,"comment_status":"closed","ping_status":"closed","template":"","meta":{"footnotes":""},"class_list":["post-12107","page","type-page","status-publish","hentry"],"yoast_head":"<!-- This site is optimized with the Yoast SEO plugin v26.4 - https:\/\/yoast.com\/wordpress\/plugins\/seo\/ -->\n<title>Obu\u0107ina Bare Jahorina - BESTBLICK Apartments Jahorina<\/title>\n<meta name=\"robots\" content=\"index, follow, max-snippet:-1, max-image-preview:large, max-video-preview:-1\" \/>\n<link rel=\"canonical\" href=\"https:\/\/apartments-jahorina.com\/it\/obucina-bare-jahorina\/\" \/>\n<meta property=\"og:locale\" content=\"it_IT\" \/>\n<meta property=\"og:type\" content=\"article\" \/>\n<meta property=\"og:title\" content=\"Obu\u0107ina Bare Jahorina - BESTBLICK Apartments Jahorina\" \/>\n<meta property=\"og:description\" content=\"Obu\u0107ina Bare Jahorina \u2013 Appartamenti Bestblick Obu\u0107ina Bare \u00e8 uno degli insediamenti pi\u00f9 ambiti di Jahorina, perfetto per chi cerca la vicinanza alle piste da sci e un soggiorno tranquillo nel cuore della montagna. Situata tra i famosi insediamenti di \u0160ator e la nuova zona di Obu\u0107ina Bara, questa zona \u00e8 nota per i suoi [&hellip;]\" \/>\n<meta property=\"og:url\" content=\"https:\/\/apartments-jahorina.com\/it\/obucina-bare-jahorina\/\" \/>\n<meta property=\"og:site_name\" content=\"BESTBLICK Apartments Jahorina\" \/>\n<meta property=\"article:modified_time\" content=\"2025-12-10T23:36:19+00:00\" \/>\n<meta property=\"og:image\" content=\"http:\/\/apartments-jahorina.com\/wp-content\/uploads\/2025\/11\/IMG_6802-scaled.jpg\" \/>\n<meta name=\"twitter:card\" content=\"summary_large_image\" \/>\n<meta name=\"twitter:label1\" content=\"Tempo di lettura stimato\" \/>\n\t<meta name=\"twitter:data1\" content=\"3 minuti\" \/>\n<script type=\"application\/ld+json\" class=\"yoast-schema-graph\">{\"@context\":\"https:\/\/schema.org\",\"@graph\":[{\"@type\":\"WebPage\",\"@id\":\"https:\/\/apartments-jahorina.com\/it\/obucina-bare-jahorina\/\",\"url\":\"https:\/\/apartments-jahorina.com\/it\/obucina-bare-jahorina\/\",\"name\":\"Obu\u0107ina Bare Jahorina - BESTBLICK Apartments Jahorina\",\"isPartOf\":{\"@id\":\"https:\/\/apartments-jahorina.com\/#website\"},\"primaryImageOfPage\":{\"@id\":\"https:\/\/apartments-jahorina.com\/it\/obucina-bare-jahorina\/#primaryimage\"},\"image\":{\"@id\":\"https:\/\/apartments-jahorina.com\/it\/obucina-bare-jahorina\/#primaryimage\"},\"thumbnailUrl\":\"http:\/\/apartments-jahorina.com\/wp-content\/uploads\/2025\/11\/IMG_6802-scaled.jpg\",\"datePublished\":\"2025-11-30T18:22:37+00:00\",\"dateModified\":\"2025-12-10T23:36:19+00:00\",\"breadcrumb\":{\"@id\":\"https:\/\/apartments-jahorina.com\/it\/obucina-bare-jahorina\/#breadcrumb\"},\"inLanguage\":\"it-IT\",\"potentialAction\":[{\"@type\":\"ReadAction\",\"target\":[\"https:\/\/apartments-jahorina.com\/it\/obucina-bare-jahorina\/\"]}]},{\"@type\":\"ImageObject\",\"inLanguage\":\"it-IT\",\"@id\":\"https:\/\/apartments-jahorina.com\/it\/obucina-bare-jahorina\/#primaryimage\",\"url\":\"http:\/\/apartments-jahorina.com\/wp-content\/uploads\/2025\/11\/IMG_6802-scaled.jpg\",\"contentUrl\":\"http:\/\/apartments-jahorina.com\/wp-content\/uploads\/2025\/11\/IMG_6802-scaled.jpg\"},{\"@type\":\"BreadcrumbList\",\"@id\":\"https:\/\/apartments-jahorina.com\/it\/obucina-bare-jahorina\/#breadcrumb\",\"itemListElement\":[{\"@type\":\"ListItem\",\"position\":1,\"name\":\"Home\",\"item\":\"https:\/\/apartments-jahorina.com\/sl\/\"},{\"@type\":\"ListItem\",\"position\":2,\"name\":\"Obu\u0107ina Bare Jahorina\"}]},{\"@type\":\"WebSite\",\"@id\":\"https:\/\/apartments-jahorina.com\/#website\",\"url\":\"https:\/\/apartments-jahorina.com\/\",\"name\":\"BESTBLICK Apartments Jahorina\",\"description\":\"Moderni apartmani s pogledom na ski-stazu\",\"potentialAction\":[{\"@type\":\"SearchAction\",\"target\":{\"@type\":\"EntryPoint\",\"urlTemplate\":\"https:\/\/apartments-jahorina.com\/?s={search_term_string}\"},\"query-input\":{\"@type\":\"PropertyValueSpecification\",\"valueRequired\":true,\"valueName\":\"search_term_string\"}}],\"inLanguage\":\"it-IT\"}]}<\/script>\n<!-- \/ Yoast SEO plugin. -->","yoast_head_json":{"title":"Obu\u0107ina Bare Jahorina - BESTBLICK Apartments Jahorina","robots":{"index":"index","follow":"follow","max-snippet":"max-snippet:-1","max-image-preview":"max-image-preview:large","max-video-preview":"max-video-preview:-1"},"canonical":"https:\/\/apartments-jahorina.com\/it\/obucina-bare-jahorina\/","og_locale":"it_IT","og_type":"article","og_title":"Obu\u0107ina Bare Jahorina - BESTBLICK Apartments Jahorina","og_description":"Obu\u0107ina Bare Jahorina \u2013 Appartamenti Bestblick Obu\u0107ina Bare \u00e8 uno degli insediamenti pi\u00f9 ambiti di Jahorina, perfetto per chi cerca la vicinanza alle piste da sci e un soggiorno tranquillo nel cuore della montagna. Situata tra i famosi insediamenti di \u0160ator e la nuova zona di Obu\u0107ina Bara, questa zona \u00e8 nota per i suoi [&hellip;]","og_url":"https:\/\/apartments-jahorina.com\/it\/obucina-bare-jahorina\/","og_site_name":"BESTBLICK Apartments Jahorina","article_modified_time":"2025-12-10T23:36:19+00:00","og_image":[{"url":"http:\/\/apartments-jahorina.com\/wp-content\/uploads\/2025\/11\/IMG_6802-scaled.jpg","type":"","width":"","height":""}],"twitter_card":"summary_large_image","twitter_misc":{"Tempo di lettura stimato":"3 minuti"},"schema":{"@context":"https:\/\/schema.org","@graph":[{"@type":"WebPage","@id":"https:\/\/apartments-jahorina.com\/it\/obucina-bare-jahorina\/","url":"https:\/\/apartments-jahorina.com\/it\/obucina-bare-jahorina\/","name":"Obu\u0107ina Bare Jahorina - BESTBLICK Apartments Jahorina","isPartOf":{"@id":"https:\/\/apartments-jahorina.com\/#website"},"primaryImageOfPage":{"@id":"https:\/\/apartments-jahorina.com\/it\/obucina-bare-jahorina\/#primaryimage"},"image":{"@id":"https:\/\/apartments-jahorina.com\/it\/obucina-bare-jahorina\/#primaryimage"},"thumbnailUrl":"http:\/\/apartments-jahorina.com\/wp-content\/uploads\/2025\/11\/IMG_6802-scaled.jpg","datePublished":"2025-11-30T18:22:37+00:00","dateModified":"2025-12-10T23:36:19+00:00","breadcrumb":{"@id":"https:\/\/apartments-jahorina.com\/it\/obucina-bare-jahorina\/#breadcrumb"},"inLanguage":"it-IT","potentialAction":[{"@type":"ReadAction","target":["https:\/\/apartments-jahorina.com\/it\/obucina-bare-jahorina\/"]}]},{"@type":"ImageObject","inLanguage":"it-IT","@id":"https:\/\/apartments-jahorina.com\/it\/obucina-bare-jahorina\/#primaryimage","url":"http:\/\/apartments-jahorina.com\/wp-content\/uploads\/2025\/11\/IMG_6802-scaled.jpg","contentUrl":"http:\/\/apartments-jahorina.com\/wp-content\/uploads\/2025\/11\/IMG_6802-scaled.jpg"},{"@type":"BreadcrumbList","@id":"https:\/\/apartments-jahorina.com\/it\/obucina-bare-jahorina\/#breadcrumb","itemListElement":[{"@type":"ListItem","position":1,"name":"Home","item":"https:\/\/apartments-jahorina.com\/sl\/"},{"@type":"ListItem","position":2,"name":"Obu\u0107ina Bare Jahorina"}]},{"@type":"WebSite","@id":"https:\/\/apartments-jahorina.com\/#website","url":"https:\/\/apartments-jahorina.com\/","name":"BESTBLICK Apartments Jahorina","description":"Moderni apartmani s pogledom na ski-stazu","potentialAction":[{"@type":"SearchAction","target":{"@type":"EntryPoint","urlTemplate":"https:\/\/apartments-jahorina.com\/?s={search_term_string}"},"query-input":{"@type":"PropertyValueSpecification","valueRequired":true,"valueName":"search_term_string"}}],"inLanguage":"it-IT"}]}},"_links":{"self":[{"href":"https:\/\/apartments-jahorina.com\/it\/wp-json\/wp\/v2\/pages\/12107","targetHints":{"allow":["GET"]}}],"collection":[{"href":"https:\/\/apartments-jahorina.com\/it\/wp-json\/wp\/v2\/pages"}],"about":[{"href":"https:\/\/apartments-jahorina.com\/it\/wp-json\/wp\/v2\/types\/page"}],"author":[{"embeddable":true,"href":"https:\/\/apartments-jahorina.com\/it\/wp-json\/wp\/v2\/users\/1"}],"replies":[{"embeddable":true,"href":"https:\/\/apartments-jahorina.com\/it\/wp-json\/wp\/v2\/comments?post=12107"}],"version-history":[{"count":4,"href":"https:\/\/apartments-jahorina.com\/it\/wp-json\/wp\/v2\/pages\/12107\/revisions"}],"predecessor-version":[{"id":12426,"href":"https:\/\/apartments-jahorina.com\/it\/wp-json\/wp\/v2\/pages\/12107\/revisions\/12426"}],"wp:attachment":[{"href":"https:\/\/apartments-jahorina.com\/it\/wp-json\/wp\/v2\/media?parent=12107"}],"curies":[{"name":"wp","href":"https:\/\/api.w.org\/{rel}","templated":true}]}}