{"id":12109,"date":"2025-11-30T18:18:56","date_gmt":"2025-11-30T18:18:56","guid":{"rendered":"http:\/\/apartments-jahorina.com\/nova-godina-jahorina\/"},"modified":"2025-12-10T23:32:05","modified_gmt":"2025-12-10T23:32:05","slug":"capodanno-a-jahorina","status":"publish","type":"page","link":"https:\/\/apartments-jahorina.com\/it\/capodanno-a-jahorina\/","title":{"rendered":"Capodanno A Jahorina"},"content":{"rendered":"\t\t<div data-elementor-type=\"wp-page\" data-elementor-id=\"12109\" class=\"elementor elementor-12109 elementor-9858\">\n\t\t\t\t<div class=\"elementor-element elementor-element-12b6bd6 e-flex e-con-boxed e-con e-parent\" data-id=\"12b6bd6\" data-element_type=\"container\">\n\t\t\t\t\t<div class=\"e-con-inner\">\n\t\t<div class=\"elementor-element elementor-element-7b8b529 e-con-full e-flex e-con e-child\" data-id=\"7b8b529\" data-element_type=\"container\">\n\t\t<div class=\"elementor-element elementor-element-52f5450 e-con-full e-flex e-con e-child\" data-id=\"52f5450\" data-element_type=\"container\">\n\t\t\t\t<div class=\"elementor-element elementor-element-ef7ac5e elementor-absolute elementor-hidden-mobile elementor-view-default elementor-invisible elementor-widget elementor-widget-icon\" data-id=\"ef7ac5e\" data-element_type=\"widget\" data-settings=\"{&quot;_position&quot;:&quot;absolute&quot;,&quot;motion_fx_motion_fx_scrolling&quot;:&quot;yes&quot;,&quot;motion_fx_translateX_effect&quot;:&quot;yes&quot;,&quot;motion_fx_translateX_speed&quot;:{&quot;unit&quot;:&quot;px&quot;,&quot;size&quot;:1.5,&quot;sizes&quot;:[]},&quot;_animation&quot;:&quot;opal-move-right&quot;,&quot;motion_fx_translateX_affectedRange&quot;:{&quot;unit&quot;:&quot;%&quot;,&quot;size&quot;:&quot;&quot;,&quot;sizes&quot;:{&quot;start&quot;:0,&quot;end&quot;:100}},&quot;motion_fx_devices&quot;:[&quot;desktop&quot;,&quot;laptop&quot;,&quot;tablet_extra&quot;,&quot;tablet&quot;,&quot;mobile_extra&quot;,&quot;mobile&quot;]}\" data-widget_type=\"icon.default\">\n\t\t\t\t\t\t\t<div class=\"elementor-icon-wrapper\">\n\t\t\t<div class=\"elementor-icon\">\n\t\t\t\t\t\t<\/div>\n\t\t<\/div>\n\t\t\t\t\t\t<\/div>\n\t\t\t\t<div class=\"elementor-element elementor-element-7a3b481 elementor-widget__width-auto elementor-absolute elementor-hidden-mobile elementor-view-default elementor-invisible elementor-widget elementor-widget-icon\" data-id=\"7a3b481\" data-element_type=\"widget\" data-settings=\"{&quot;_position&quot;:&quot;absolute&quot;,&quot;motion_fx_motion_fx_scrolling&quot;:&quot;yes&quot;,&quot;motion_fx_translateY_effect&quot;:&quot;yes&quot;,&quot;motion_fx_translateY_direction&quot;:&quot;negative&quot;,&quot;motion_fx_translateY_speed&quot;:{&quot;unit&quot;:&quot;px&quot;,&quot;size&quot;:1.2,&quot;sizes&quot;:[]},&quot;_animation&quot;:&quot;opal-move-down&quot;,&quot;motion_fx_translateY_affectedRange&quot;:{&quot;unit&quot;:&quot;%&quot;,&quot;size&quot;:&quot;&quot;,&quot;sizes&quot;:{&quot;start&quot;:0,&quot;end&quot;:100}},&quot;motion_fx_devices&quot;:[&quot;desktop&quot;,&quot;laptop&quot;,&quot;tablet_extra&quot;,&quot;tablet&quot;,&quot;mobile_extra&quot;,&quot;mobile&quot;]}\" data-widget_type=\"icon.default\">\n\t\t\t\t\t\t\t<div class=\"elementor-icon-wrapper\">\n\t\t\t<div class=\"elementor-icon\">\n\t\t\t\t\t\t<\/div>\n\t\t<\/div>\n\t\t\t\t\t\t<\/div>\n\t\t\t\t<\/div>\n\t\t<div class=\"elementor-element elementor-element-4e0b3cc e-con-full e-flex e-con e-child\" data-id=\"4e0b3cc\" data-element_type=\"container\">\n\t\t\t\t<div class=\"elementor-element elementor-element-6bc46d3 elementor-widget__width-initial elementor-invisible elementor-widget elementor-widget-heading\" data-id=\"6bc46d3\" data-element_type=\"widget\" data-settings=\"{&quot;_animation&quot;:&quot;opal-move-left&quot;}\" data-widget_type=\"heading.default\">\n\t\t\t\t\t<h2 data-cursor=\"-opaque\" class=\"elementor-heading-title elementor-size-default\">Capodanno a Jahorina \u2013  <span class=\"c-primary\">Una guida dettagliata per la perfetta vacanza invernale<\/span><\/h2>\t\t\t\t<\/div>\n\t\t\t\t<div class=\"elementor-element elementor-element-4aa09f6 elementor-widget__width-initial elementor-invisible elementor-widget elementor-widget-text-editor\" data-id=\"4aa09f6\" data-element_type=\"widget\" data-settings=\"{&quot;_animation&quot;:&quot;opal-move-left&quot;}\" data-widget_type=\"text-editor.default\">\n\t\t\t\t\t\t\t\t\t<p><strong><span dir=\"auto\">Capodanno a Jahorina: la destinazione perfetta per un Capodanno invernale.<\/span><\/strong><\/p><p><span dir=\"auto\">Jahorina \u00e8 una delle stazioni sciistiche pi\u00f9 popolari della regione e il Capodanno in questa perla olimpica offre un&#8217;esperienza indimenticabile a tutti i visitatori. Con un&#8217;offerta di alloggi di alto livello, eventi di intrattenimento e attivit\u00e0 invernali, Jahorina \u00e8 la scelta ideale per chi desidera combinare lo sci con un&#8217;atmosfera festosa.<\/span><\/p>\t\t\t\t\t\t\t\t<\/div>\n\t\t\t\t<\/div>\n\t\t\t\t<\/div>\n\t\t<div class=\"elementor-element elementor-element-300ae1a e-con-full e-flex e-con e-child\" data-id=\"300ae1a\" data-element_type=\"container\">\n\t\t<div class=\"elementor-element elementor-element-70f5e3f e-con-full e-flex e-con e-child\" data-id=\"70f5e3f\" data-element_type=\"container\">\n\t\t\t\t<div class=\"elementor-element elementor-element-67151ae elementor-invisible elementor-widget elementor-widget-n-accordion\" data-id=\"67151ae\" data-element_type=\"widget\" data-settings=\"{&quot;_animation&quot;:&quot;opal-move-right&quot;,&quot;default_state&quot;:&quot;all_collapsed&quot;,&quot;max_items_expended&quot;:&quot;one&quot;,&quot;n_accordion_animation_duration&quot;:{&quot;unit&quot;:&quot;ms&quot;,&quot;size&quot;:400,&quot;sizes&quot;:[]}}\" data-widget_type=\"nested-accordion.default\">\n\t\t\t\t\t\t\t<div class=\"e-n-accordion\" aria-label=\"Accordion. Open links with Enter or Space, close with Escape, and navigate with Arrow Keys\">\n\t\t\t\t\t\t<details id=\"e-n-accordion-item-1080\" class=\"e-n-accordion-item\" >\n\t\t\t\t<summary class=\"e-n-accordion-item-title\" data-accordion-index=\"1\" tabindex=\"0\" aria-expanded=\"false\" aria-controls=\"e-n-accordion-item-1080\" >\n\t\t\t\t\t<span class='e-n-accordion-item-title-header'><div class=\"e-n-accordion-item-title-text\"> Sistemazione per Capodanno <\/div><\/span>\n\t\t\t\t\t\t\t<span class='e-n-accordion-item-title-icon'>\n\t\t\t<span class='e-opened' ><i aria-hidden=\"true\" class=\"antra-icon- antra-icon-minus\"><\/i><\/span>\n\t\t\t<span class='e-closed'><i aria-hidden=\"true\" class=\"antra-icon- antra-icon-plus\"><\/i><\/span>\n\t\t<\/span>\n\n\t\t\t\t\t\t<\/summary>\n\t\t\t\t<div role=\"region\" aria-labelledby=\"e-n-accordion-item-1080\" class=\"elementor-element elementor-element-efa299f e-con-full e-flex e-con e-child\" data-id=\"efa299f\" data-element_type=\"container\">\n\t\t\t\t<div class=\"elementor-element elementor-element-bf5b1c6 elementor-widget__width-initial elementor-widget elementor-widget-text-editor\" data-id=\"bf5b1c6\" data-element_type=\"widget\" data-widget_type=\"text-editor.default\">\n\t\t\t\t\t\t\t\t\t<ol><li><p><strong><span dir=\"auto\">Hotel<\/span><\/strong><span dir=\"auto\">\u00a0: molti hotel a Jahorina offrono pacchetti speciali per Capodanno. Le offerte spesso includono:<\/span><\/p><ul><li><span dir=\"auto\">Pernottamento e colazione.<\/span><\/li><li><span dir=\"auto\">Cena di gala con programma di intrattenimento.<\/span><\/li><li><span dir=\"auto\">Accesso ai centri benessere.<\/span><\/li><li><span dir=\"auto\">I prezzi partono da 1450 KM per tre-quattro notti per due persone.<\/span><br \/><br \/><\/li><\/ul><\/li><li><p><strong><span dir=\"auto\">Appartamenti<\/span><\/strong><span dir=\"auto\">\u00a0: Gli appartamenti di lusso come\u00a0\u00a0<\/span><a href=\"https:\/\/translate.google.com\/website?sl=hr&amp;tl=it&amp;hl=en&amp;client=webapp&amp;u=https:\/\/apartments-jahorina.com\/apartmani-jahorina\/\"><strong><span dir=\"auto\">i Bestblick Apartments<\/span><\/strong><\/a><span dir=\"auto\">\u00a0\u00a0offrono sistemazioni confortevoli e moderne, ideali per coppie o piccoli gruppi. Sono dotati di tutti i comfort necessari per un soggiorno rilassante.<\/span><\/p><\/li><li><p><strong><span dir=\"auto\">Cottage<\/span><\/strong><span dir=\"auto\">\u00a0: per gli amanti della privacy e della natura, i cottage offrono un fascino rustico con attrezzature moderne e possono ospitare fino a otto persone.<\/span><\/p><\/li><\/ol>\t\t\t\t\t\t\t\t<\/div>\n\t\t\t\t<\/div>\n\t\t\t\t\t<\/details>\n\t\t\t\t\t\t<details id=\"e-n-accordion-item-1081\" class=\"e-n-accordion-item\" >\n\t\t\t\t<summary class=\"e-n-accordion-item-title\" data-accordion-index=\"2\" tabindex=\"-1\" aria-expanded=\"false\" aria-controls=\"e-n-accordion-item-1081\" >\n\t\t\t\t\t<span class='e-n-accordion-item-title-header'><div class=\"e-n-accordion-item-title-text\"> Programma di intrattenimento e attivit\u00e0 <\/div><\/span>\n\t\t\t\t\t\t\t<span class='e-n-accordion-item-title-icon'>\n\t\t\t<span class='e-opened' ><i aria-hidden=\"true\" class=\"antra-icon- antra-icon-minus\"><\/i><\/span>\n\t\t\t<span class='e-closed'><i aria-hidden=\"true\" class=\"antra-icon- antra-icon-plus\"><\/i><\/span>\n\t\t<\/span>\n\n\t\t\t\t\t\t<\/summary>\n\t\t\t\t<div role=\"region\" aria-labelledby=\"e-n-accordion-item-1081\" class=\"elementor-element elementor-element-f0098d4 e-con-full e-flex e-con e-child\" data-id=\"f0098d4\" data-element_type=\"container\">\n\t\t\t\t<div class=\"elementor-element elementor-element-6580925 elementor-widget__width-initial elementor-widget elementor-widget-text-editor\" data-id=\"6580925\" data-element_type=\"widget\" data-widget_type=\"text-editor.default\">\n\t\t\t\t\t\t\t\t\t<ul><li><strong><span dir=\"auto\">Festa di Capodanno<\/span><\/strong><span dir=\"auto\">\u00a0: hotel e ristoranti organizzano feste con musica dal vivo, DJ e spettacolari fuochi d&#8217;artificio.<\/span><\/li><li><strong><span dir=\"auto\">Sci e snowboard<\/span><\/strong><span dir=\"auto\">\u00a0: Jahorina offre 47 chilometri di piste battute, tra cui lo sci notturno.<\/span><\/li><li><strong><span dir=\"auto\">Divertimento dopo lo sci<\/span><\/strong><span dir=\"auto\">\u00a0: dopo lo sci, i visitatori possono gustare bevande calde e specialit\u00e0 locali nei bar di montagna.<\/span><\/li><\/ul>\t\t\t\t\t\t\t\t<\/div>\n\t\t\t\t<\/div>\n\t\t\t\t\t<\/details>\n\t\t\t\t\t\t<details id=\"e-n-accordion-item-1082\" class=\"e-n-accordion-item\" >\n\t\t\t\t<summary class=\"e-n-accordion-item-title\" data-accordion-index=\"3\" tabindex=\"-1\" aria-expanded=\"false\" aria-controls=\"e-n-accordion-item-1082\" >\n\t\t\t\t\t<span class='e-n-accordion-item-title-header'><div class=\"e-n-accordion-item-title-text\"> Consigli per i visitatori <\/div><\/span>\n\t\t\t\t\t\t\t<span class='e-n-accordion-item-title-icon'>\n\t\t\t<span class='e-opened' ><i aria-hidden=\"true\" class=\"antra-icon- antra-icon-minus\"><\/i><\/span>\n\t\t\t<span class='e-closed'><i aria-hidden=\"true\" class=\"antra-icon- antra-icon-plus\"><\/i><\/span>\n\t\t<\/span>\n\n\t\t\t\t\t\t<\/summary>\n\t\t\t\t<div role=\"region\" aria-labelledby=\"e-n-accordion-item-1082\" class=\"elementor-element elementor-element-5471b18 e-con-full e-flex e-con e-child\" data-id=\"5471b18\" data-element_type=\"container\">\n\t\t\t\t<div class=\"elementor-element elementor-element-9cf7c35 elementor-widget__width-initial elementor-widget elementor-widget-text-editor\" data-id=\"9cf7c35\" data-element_type=\"widget\" data-widget_type=\"text-editor.default\">\n\t\t\t\t\t\t\t\t\t<ul><li><strong><span dir=\"auto\">Prenota in anticipo<\/span><\/strong><span dir=\"auto\">\u00a0: i posti si riempiono rapidamente a causa dell&#8217;elevata domanda.<\/span><\/li><li><strong><span dir=\"auto\">Pacchetti per famiglie<\/span><\/strong><span dir=\"auto\">\u00a0: molti hotel offrono sconti per bambini o alloggio gratuito per i pi\u00f9 piccoli.<\/span><\/li><li><strong><span dir=\"auto\">Preparatevi alle condizioni invernali<\/span><\/strong><span dir=\"auto\">\u00a0: portate con voi indumenti caldi e l&#8217;attrezzatura adatta per le attivit\u00e0 in montagna.<\/span><\/li><\/ul>\t\t\t\t\t\t\t\t<\/div>\n\t\t\t\t<\/div>\n\t\t\t\t\t<\/details>\n\t\t\t\t\t\t<details id=\"e-n-accordion-item-1083\" class=\"e-n-accordion-item\" >\n\t\t\t\t<summary class=\"e-n-accordion-item-title\" data-accordion-index=\"4\" tabindex=\"-1\" aria-expanded=\"false\" aria-controls=\"e-n-accordion-item-1083\" >\n\t\t\t\t\t<span class='e-n-accordion-item-title-header'><div class=\"e-n-accordion-item-title-text\"> Conclusione <\/div><\/span>\n\t\t\t\t\t\t\t<span class='e-n-accordion-item-title-icon'>\n\t\t\t<span class='e-opened' ><i aria-hidden=\"true\" class=\"antra-icon- antra-icon-minus\"><\/i><\/span>\n\t\t\t<span class='e-closed'><i aria-hidden=\"true\" class=\"antra-icon- antra-icon-plus\"><\/i><\/span>\n\t\t<\/span>\n\n\t\t\t\t\t\t<\/summary>\n\t\t\t\t<div role=\"region\" aria-labelledby=\"e-n-accordion-item-1083\" class=\"elementor-element elementor-element-0f421d8 e-con-full e-flex e-con e-child\" data-id=\"0f421d8\" data-element_type=\"container\">\n\t\t\t\t<div class=\"elementor-element elementor-element-f71324c elementor-widget__width-initial elementor-widget elementor-widget-text-editor\" data-id=\"f71324c\" data-element_type=\"widget\" data-widget_type=\"text-editor.default\">\n\t\t\t\t\t\t\t\t\t<p>Il Capodanno a Jahorina unisce la magia dell&#8217;inverno, attivit\u00e0 sportive e intrattenimento di alto livello. Che siate alla ricerca di un alloggio di lusso, di attivit\u00e0 avventurose o di un soggiorno rilassante nella natura, Jahorina ha tutto ci\u00f2 di cui avete bisogno.<\/p>\t\t\t\t\t\t\t\t<\/div>\n\t\t\t\t<\/div>\n\t\t\t\t\t<\/details>\n\t\t\t\t\t<\/div>\n\t\t\t\t\t\t<\/div>\n\t\t\t\t<\/div>\n\t\t<div class=\"elementor-element elementor-element-7c44126 e-con-full e-flex e-con e-child\" data-id=\"7c44126\" data-element_type=\"container\">\n\t\t\t\t<div class=\"elementor-element elementor-element-5b562f9 elementor-invisible elementor-widget elementor-widget-image\" data-id=\"5b562f9\" data-element_type=\"widget\" data-settings=\"{&quot;_animation&quot;:&quot;opal-move-left&quot;}\" data-widget_type=\"image.default\">\n\t\t\t\t\t<div class=\"antra-wrapper-image-widget\" data-cursor=\"-opaque\">\t\t\t\t\t\t\t\t\t\t<img loading=\"lazy\" decoding=\"async\" width=\"1920\" height=\"2560\" src=\"https:\/\/apartments-jahorina.com\/wp-content\/uploads\/2025\/11\/IMG_6802-scaled.jpg\" class=\"attachment-full size-full wp-image-12404\" alt=\"\" srcset=\"https:\/\/apartments-jahorina.com\/wp-content\/uploads\/2025\/11\/IMG_6802-scaled.jpg 1920w, https:\/\/apartments-jahorina.com\/wp-content\/uploads\/2025\/11\/IMG_6802-225x300.jpg 225w, https:\/\/apartments-jahorina.com\/wp-content\/uploads\/2025\/11\/IMG_6802-768x1024.jpg 768w, https:\/\/apartments-jahorina.com\/wp-content\/uploads\/2025\/11\/IMG_6802-1152x1536.jpg 1152w, https:\/\/apartments-jahorina.com\/wp-content\/uploads\/2025\/11\/IMG_6802-1536x2048.jpg 1536w, https:\/\/apartments-jahorina.com\/wp-content\/uploads\/2025\/11\/IMG_6802-472x629.jpg 472w, https:\/\/apartments-jahorina.com\/wp-content\/uploads\/2025\/11\/IMG_6802-1000x1333.jpg 1000w\" sizes=\"(max-width: 1920px) 100vw, 1920px\" \/>\t\t\t\t\t\t\t\t\t\t\t<\/div>\t\t\t\t<\/div>\n\t\t\t\t<\/div>\n\t\t\t\t<\/div>\n\t\t\t\t\t<\/div>\n\t\t\t\t<\/div>\n\t\t\t\t<\/div>\n\t\t","protected":false},"excerpt":{"rendered":"<p>Capodanno a Jahorina \u2013 Una guida dettagliata per la perfetta vacanza invernale Capodanno a Jahorina: la destinazione perfetta per un Capodanno invernale. Jahorina \u00e8 una delle stazioni sciistiche pi\u00f9 popolari della regione e il Capodanno in questa perla olimpica offre un&#8217;esperienza indimenticabile a tutti i visitatori. Con un&#8217;offerta di alloggi di alto livello, eventi di [&hellip;]<\/p>\n","protected":false},"author":1,"featured_media":0,"parent":0,"menu_order":0,"comment_status":"closed","ping_status":"closed","template":"","meta":{"footnotes":""},"class_list":["post-12109","page","type-page","status-publish","hentry"],"yoast_head":"<!-- This site is optimized with the Yoast SEO plugin v26.4 - https:\/\/yoast.com\/wordpress\/plugins\/seo\/ -->\n<title>Capodanno A Jahorina - BESTBLICK Apartments Jahorina<\/title>\n<meta name=\"robots\" content=\"index, follow, max-snippet:-1, max-image-preview:large, max-video-preview:-1\" \/>\n<link rel=\"canonical\" href=\"https:\/\/apartments-jahorina.com\/it\/capodanno-a-jahorina\/\" \/>\n<meta property=\"og:locale\" content=\"it_IT\" \/>\n<meta property=\"og:type\" content=\"article\" \/>\n<meta property=\"og:title\" content=\"Capodanno A Jahorina - BESTBLICK Apartments Jahorina\" \/>\n<meta property=\"og:description\" content=\"Capodanno a Jahorina \u2013 Una guida dettagliata per la perfetta vacanza invernale Capodanno a Jahorina: la destinazione perfetta per un Capodanno invernale. Jahorina \u00e8 una delle stazioni sciistiche pi\u00f9 popolari della regione e il Capodanno in questa perla olimpica offre un&#8217;esperienza indimenticabile a tutti i visitatori. Con un&#8217;offerta di alloggi di alto livello, eventi di [&hellip;]\" \/>\n<meta property=\"og:url\" content=\"https:\/\/apartments-jahorina.com\/it\/capodanno-a-jahorina\/\" \/>\n<meta property=\"og:site_name\" content=\"BESTBLICK Apartments Jahorina\" \/>\n<meta property=\"article:modified_time\" content=\"2025-12-10T23:32:05+00:00\" \/>\n<meta property=\"og:image\" content=\"http:\/\/apartments-jahorina.com\/wp-content\/uploads\/2025\/11\/IMG_6802-scaled.jpg\" \/>\n<meta name=\"twitter:card\" content=\"summary_large_image\" \/>\n<meta name=\"twitter:label1\" content=\"Tempo di lettura stimato\" \/>\n\t<meta name=\"twitter:data1\" content=\"3 minuti\" \/>\n<script type=\"application\/ld+json\" class=\"yoast-schema-graph\">{\"@context\":\"https:\/\/schema.org\",\"@graph\":[{\"@type\":\"WebPage\",\"@id\":\"https:\/\/apartments-jahorina.com\/it\/capodanno-a-jahorina\/\",\"url\":\"https:\/\/apartments-jahorina.com\/it\/capodanno-a-jahorina\/\",\"name\":\"Capodanno A Jahorina - BESTBLICK Apartments Jahorina\",\"isPartOf\":{\"@id\":\"https:\/\/apartments-jahorina.com\/#website\"},\"primaryImageOfPage\":{\"@id\":\"https:\/\/apartments-jahorina.com\/it\/capodanno-a-jahorina\/#primaryimage\"},\"image\":{\"@id\":\"https:\/\/apartments-jahorina.com\/it\/capodanno-a-jahorina\/#primaryimage\"},\"thumbnailUrl\":\"http:\/\/apartments-jahorina.com\/wp-content\/uploads\/2025\/11\/IMG_6802-scaled.jpg\",\"datePublished\":\"2025-11-30T18:18:56+00:00\",\"dateModified\":\"2025-12-10T23:32:05+00:00\",\"breadcrumb\":{\"@id\":\"https:\/\/apartments-jahorina.com\/it\/capodanno-a-jahorina\/#breadcrumb\"},\"inLanguage\":\"it-IT\",\"potentialAction\":[{\"@type\":\"ReadAction\",\"target\":[\"https:\/\/apartments-jahorina.com\/it\/capodanno-a-jahorina\/\"]}]},{\"@type\":\"ImageObject\",\"inLanguage\":\"it-IT\",\"@id\":\"https:\/\/apartments-jahorina.com\/it\/capodanno-a-jahorina\/#primaryimage\",\"url\":\"http:\/\/apartments-jahorina.com\/wp-content\/uploads\/2025\/11\/IMG_6802-scaled.jpg\",\"contentUrl\":\"http:\/\/apartments-jahorina.com\/wp-content\/uploads\/2025\/11\/IMG_6802-scaled.jpg\"},{\"@type\":\"BreadcrumbList\",\"@id\":\"https:\/\/apartments-jahorina.com\/it\/capodanno-a-jahorina\/#breadcrumb\",\"itemListElement\":[{\"@type\":\"ListItem\",\"position\":1,\"name\":\"Home\",\"item\":\"https:\/\/apartments-jahorina.com\/sl\/\"},{\"@type\":\"ListItem\",\"position\":2,\"name\":\"Capodanno A Jahorina\"}]},{\"@type\":\"WebSite\",\"@id\":\"https:\/\/apartments-jahorina.com\/#website\",\"url\":\"https:\/\/apartments-jahorina.com\/\",\"name\":\"BESTBLICK Apartments Jahorina\",\"description\":\"Moderni apartmani s pogledom na ski-stazu\",\"potentialAction\":[{\"@type\":\"SearchAction\",\"target\":{\"@type\":\"EntryPoint\",\"urlTemplate\":\"https:\/\/apartments-jahorina.com\/?s={search_term_string}\"},\"query-input\":{\"@type\":\"PropertyValueSpecification\",\"valueRequired\":true,\"valueName\":\"search_term_string\"}}],\"inLanguage\":\"it-IT\"}]}<\/script>\n<!-- \/ Yoast SEO plugin. -->","yoast_head_json":{"title":"Capodanno A Jahorina - BESTBLICK Apartments Jahorina","robots":{"index":"index","follow":"follow","max-snippet":"max-snippet:-1","max-image-preview":"max-image-preview:large","max-video-preview":"max-video-preview:-1"},"canonical":"https:\/\/apartments-jahorina.com\/it\/capodanno-a-jahorina\/","og_locale":"it_IT","og_type":"article","og_title":"Capodanno A Jahorina - BESTBLICK Apartments Jahorina","og_description":"Capodanno a Jahorina \u2013 Una guida dettagliata per la perfetta vacanza invernale Capodanno a Jahorina: la destinazione perfetta per un Capodanno invernale. Jahorina \u00e8 una delle stazioni sciistiche pi\u00f9 popolari della regione e il Capodanno in questa perla olimpica offre un&#8217;esperienza indimenticabile a tutti i visitatori. Con un&#8217;offerta di alloggi di alto livello, eventi di [&hellip;]","og_url":"https:\/\/apartments-jahorina.com\/it\/capodanno-a-jahorina\/","og_site_name":"BESTBLICK Apartments Jahorina","article_modified_time":"2025-12-10T23:32:05+00:00","og_image":[{"url":"http:\/\/apartments-jahorina.com\/wp-content\/uploads\/2025\/11\/IMG_6802-scaled.jpg","type":"","width":"","height":""}],"twitter_card":"summary_large_image","twitter_misc":{"Tempo di lettura stimato":"3 minuti"},"schema":{"@context":"https:\/\/schema.org","@graph":[{"@type":"WebPage","@id":"https:\/\/apartments-jahorina.com\/it\/capodanno-a-jahorina\/","url":"https:\/\/apartments-jahorina.com\/it\/capodanno-a-jahorina\/","name":"Capodanno A Jahorina - BESTBLICK Apartments Jahorina","isPartOf":{"@id":"https:\/\/apartments-jahorina.com\/#website"},"primaryImageOfPage":{"@id":"https:\/\/apartments-jahorina.com\/it\/capodanno-a-jahorina\/#primaryimage"},"image":{"@id":"https:\/\/apartments-jahorina.com\/it\/capodanno-a-jahorina\/#primaryimage"},"thumbnailUrl":"http:\/\/apartments-jahorina.com\/wp-content\/uploads\/2025\/11\/IMG_6802-scaled.jpg","datePublished":"2025-11-30T18:18:56+00:00","dateModified":"2025-12-10T23:32:05+00:00","breadcrumb":{"@id":"https:\/\/apartments-jahorina.com\/it\/capodanno-a-jahorina\/#breadcrumb"},"inLanguage":"it-IT","potentialAction":[{"@type":"ReadAction","target":["https:\/\/apartments-jahorina.com\/it\/capodanno-a-jahorina\/"]}]},{"@type":"ImageObject","inLanguage":"it-IT","@id":"https:\/\/apartments-jahorina.com\/it\/capodanno-a-jahorina\/#primaryimage","url":"http:\/\/apartments-jahorina.com\/wp-content\/uploads\/2025\/11\/IMG_6802-scaled.jpg","contentUrl":"http:\/\/apartments-jahorina.com\/wp-content\/uploads\/2025\/11\/IMG_6802-scaled.jpg"},{"@type":"BreadcrumbList","@id":"https:\/\/apartments-jahorina.com\/it\/capodanno-a-jahorina\/#breadcrumb","itemListElement":[{"@type":"ListItem","position":1,"name":"Home","item":"https:\/\/apartments-jahorina.com\/sl\/"},{"@type":"ListItem","position":2,"name":"Capodanno A Jahorina"}]},{"@type":"WebSite","@id":"https:\/\/apartments-jahorina.com\/#website","url":"https:\/\/apartments-jahorina.com\/","name":"BESTBLICK Apartments Jahorina","description":"Moderni apartmani s pogledom na ski-stazu","potentialAction":[{"@type":"SearchAction","target":{"@type":"EntryPoint","urlTemplate":"https:\/\/apartments-jahorina.com\/?s={search_term_string}"},"query-input":{"@type":"PropertyValueSpecification","valueRequired":true,"valueName":"search_term_string"}}],"inLanguage":"it-IT"}]}},"_links":{"self":[{"href":"https:\/\/apartments-jahorina.com\/it\/wp-json\/wp\/v2\/pages\/12109","targetHints":{"allow":["GET"]}}],"collection":[{"href":"https:\/\/apartments-jahorina.com\/it\/wp-json\/wp\/v2\/pages"}],"about":[{"href":"https:\/\/apartments-jahorina.com\/it\/wp-json\/wp\/v2\/types\/page"}],"author":[{"embeddable":true,"href":"https:\/\/apartments-jahorina.com\/it\/wp-json\/wp\/v2\/users\/1"}],"replies":[{"embeddable":true,"href":"https:\/\/apartments-jahorina.com\/it\/wp-json\/wp\/v2\/comments?post=12109"}],"version-history":[{"count":4,"href":"https:\/\/apartments-jahorina.com\/it\/wp-json\/wp\/v2\/pages\/12109\/revisions"}],"predecessor-version":[{"id":12422,"href":"https:\/\/apartments-jahorina.com\/it\/wp-json\/wp\/v2\/pages\/12109\/revisions\/12422"}],"wp:attachment":[{"href":"https:\/\/apartments-jahorina.com\/it\/wp-json\/wp\/v2\/media?parent=12109"}],"curies":[{"name":"wp","href":"https:\/\/api.w.org\/{rel}","templated":true}]}}