{"id":12123,"date":"2025-11-14T12:00:39","date_gmt":"2025-11-14T12:00:39","guid":{"rendered":"http:\/\/apartments-jahorina.com\/pravila-privatnosti\/"},"modified":"2025-12-17T16:03:38","modified_gmt":"2025-12-17T16:03:38","slug":"privacy","status":"publish","type":"page","link":"https:\/\/apartments-jahorina.com\/it\/privacy\/","title":{"rendered":"Politica sulla riservatezza"},"content":{"rendered":"\r\n<p><span dir=\"auto\">Appartamenti Jahorina, Obu\u0107ina Bare 85e, 71423 Jahorina, Bosnia ed Erzegovina.<\/span><\/p>\r\n<p><span dir=\"auto\">Nell&#8217;ambito della nostra attivit\u00e0, raccogliamo ed elaboriamo i dati personali forniti dai clienti. Poich\u00e9 la tutela della tua privacy \u00e8 una priorit\u00e0 per noi, abbiamo adottato la seguente Informativa sulla privacy.<\/span><\/p>\r\n<p><span dir=\"auto\">Appartamenti Jahorina aderisce ai seguenti principi per proteggere la tua privacy:<\/span><br \/><span dir=\"auto\">\u2022 Non raccogliamo pi\u00f9 informazioni del necessario;<\/span><br \/><span dir=\"auto\">\u2022 Non utilizziamo i tuoi dati per scopi non specificati;<\/span><br \/><span dir=\"auto\">\u2022 Non conserviamo i tuoi dati se non sono pi\u00f9 necessari;<\/span><br \/><span dir=\"auto\">\u2022 Non vendiamo, prestiamo o distribuiamo o pubblichiamo mai i tuoi dati personali.<\/span><br \/><span dir=\"auto\">\u2022 Non inviamo i tuoi dati a terzi,<\/span><br \/><span dir=\"auto\">\u2022 Non utilizziamo alcun trattamento automatizzato e processo decisionale o profilazione,<\/span><br \/><span dir=\"auto\">\u2022 Non trasferiamo i tuoi dati personali a un paese terzo o a un&#8217;organizzazione internazionale,<\/span><br \/><span dir=\"auto\">\u2022 Non utilizziamo i tuoi dati per scopi non specificati,<\/span><br \/><span dir=\"auto\">\u2022 Controlliamo inoltre che i tuoi dati siano archiviati in modo sicuro.<\/span><\/p>\r\n<p><span dir=\"auto\">Apartments Jahorina raccoglie solo le quantit\u00e0 limitate di informazioni su di te, quelle necessarie per rispondere alla tua richiesta e, auspicabilmente, per stabilire un rapporto commerciale duraturo e affidabile.<\/span><\/p>\r\n<p><span dir=\"auto\">Noi di Apartments Jahorina abbiamo creato una Politica sulla privacy che ha lo scopo di aiutarti a capire quali dati raccogliamo, per quale scopo li utilizziamo e come puoi esercitare i tuoi diritti.<\/span><\/p>\r\n<p><span dir=\"auto\">\u00c8 importante leggere la nostra Informativa sulla privacy e speriamo che dedicherete il tempo e l&#8217;attenzione necessari.<\/span><\/p>\r\n<p><span dir=\"auto\">Come e quali informazioni raccogliamo su di te?<\/span><br \/><span dir=\"auto\">Quando ci contatti tramite il nostro modulo di contatto web o direttamente tramite il nostro indirizzo e-mail. Le informazioni che inserisci (dati personali come nome, indirizzo e-mail, ecc.) o che invii tramite e-mail diretta saranno elaborate e archiviate in modo che possiamo contattarti e rispondere alla tua richiesta. Se hai meno di 16 anni, devi fornire il consenso di un genitore o tutore prima di fornire informazioni personali. Compilando i moduli di contatto sul nostro sito web o contattandoci direttamente via e-mail, garantisci che le informazioni fornite sono accurate e che accetti pienamente le disposizioni della nostra Informativa sulla privacy e le condizioni ivi indicate.<\/span><\/p>\r\n<p><span dir=\"auto\">Informazioni sul Titolare del trattamento dei tuoi dati<\/span><br \/><span dir=\"auto\">Il Titolare del trattamento di questo sito web e dei tuoi dati personali \u00e8 Apartments Jahorina, Obu\u0107ina Bare 85e, 71423 Jahorina, Bosnia ed Erzegovina. Qual \u00e8 lo scopo e la base giuridica della raccolta dei tuoi dati? Adottare le misure pi\u00f9 appropriate su tua richiesta prima di avviare qualsiasi rapporto commerciale, in base alle attivit\u00e0 commerciali dell&#8217;azienda e al suo legittimo interesse.<\/span><\/p>\r\n<p><span dir=\"auto\">Per quanto tempo saranno conservati i tuoi dati personali?<\/span><br \/><span dir=\"auto\">Finch\u00e9 avremo una comunicazione aperta al fine di instaurare una cooperazione commerciale congiunta e per tutta la durata del nostro rapporto contrattuale.<\/span><\/p>\r\n<p><span dir=\"auto\">Come utilizzeremo le informazioni che ti riguardano?<\/span><br \/><span dir=\"auto\">Raccogliamo informazioni su di te per poterti contattare e rispondere alle tue richieste. Raccogliamo e utilizziamo i tuoi dati personali nella misura necessaria allo scopo di instaurare il nostro rapporto commerciale, nonch\u00e9 per tutta la durata del rapporto contrattuale. Per tutta la durata del rapporto contrattuale, Apartments Jahorina ti invier\u00e0 notifiche su nuovi prodotti e servizi che riteniamo possano essere di tuo interesse, se hai fornito il tuo consenso contattando la nostra azienda tramite il modulo web. Puoi revocare il consenso fornito a tale scopo in qualsiasi momento, nel qual caso cesseremo questo trattamento.<\/span><\/p>\r\n<p><span dir=\"auto\">Google Analytics<\/span><br \/><span dir=\"auto\">Durante la raccolta di dati personali, alcuni dati potrebbero essere memorizzati dalla piattaforma Google Analytics, di cui puoi trovare maggiori informazioni nella Cookie Policy. Per ulteriori informazioni sulla privacy policy della piattaforma Google Analytics, puoi consultare il seguente link: https:\/\/policies.google.com\/privacy?hl=hr<\/span><\/p>\r\n<p><span dir=\"auto\">Sicurezza delle informazioni<\/span><br \/><span dir=\"auto\">Abbiamo implementato misure di sicurezza per proteggere i dati personali che condividi con noi. I tuoi dati personali sono protetti da distruzione, perdita, alterazione, divulgazione non autorizzata o accesso accidentale o illecito ai dati personali durante la loro trasmissione, archiviazione o altrimenti elaborazione.<\/span><\/p>\r\n<p><span dir=\"auto\">Informazioni sul server del nostro sito web<\/span><br \/><span dir=\"auto\">Questo sito web \u00e8 ospitato da un fornitore di servizi di fama mondiale nell&#8217;UE. Questo sito web \u00e8 ospitato da un fornitore di servizi di fama mondiale in Germania e nell&#8217;UE, che la Commissione europea ritiene fornisca un livello adeguato di protezione dei dati personali dei cittadini dell&#8217;UE.<\/span><\/p>\r\n<p><span dir=\"auto\">Cookie<\/span><br \/><span dir=\"auto\">Per facilitare la navigazione sui nostri siti web, il nostro server di rete globale utilizza i cookie. I cookie non possono essere utilizzati per eseguire programmi o infettare il tuo computer. Puoi navigare sui nostri siti web senza cookie, se il tuo browser \u00e8 impostato in modo tale da consentirti di farlo. I dettagli completi sui cookie sono disponibili nell&#8217;Informativa sui cookie.<\/span><\/p>\r\n<p><span dir=\"auto\">I tuoi diritti<\/span><br \/><span dir=\"auto\">Hai il diritto di essere informato sul trattamento dei tuoi dati personali, di revocare il tuo consenso in qualsiasi momento, di correggere o integrare i tuoi dati personali in modo che siano sempre accurati, di cancellare i tuoi dati personali quando non sono pi\u00f9 necessari per le finalit\u00e0 sopra indicate, di trasferire i tuoi dati personali in un formato strutturato e di presentare un reclamo ad Apartments Jahorina per iscritto all&#8217;indirizzo Apartments Jahorina, Obu\u0107ina Bare 85e, 71423 Jahorina, Bosnia ed Erzegovina o per via elettronica all&#8217;indirizzo info@apartments-jahorina.com o all&#8217;organismo statale competente.<\/span><\/p>\r\n<p><span dir=\"auto\">Il tuo consenso<\/span><br \/><span dir=\"auto\">Utilizzando questo sito web, acconsenti alla presente informativa sulla privacy, ovvero dai espressamente il tuo consenso a Apartments Jahorina per raccogliere e trattare ulteriormente i tuoi dati personali, nonch\u00e9 qualsiasi altro dato di cui venga a conoscenza durante la fornitura dei propri servizi in conformit\u00e0 con le normative di legge e il tutto in conformit\u00e0 con le finalit\u00e0 definite in queste norme. Confermi inoltre di essere a conoscenza di tutte le informazioni rilevanti su Apartments Jahorina e sui servizi da essa forniti.<\/span><\/p>\r\n<p><span dir=\"auto\">Diritto di presentare un reclamo all&#8217;autorit\u00e0 competente<\/span><br \/><span dir=\"auto\">In qualsiasi momento \u00e8 possibile presentare un reclamo direttamente all&#8217;autorit\u00e0 di controllo competente: Agenzia per la protezione dei dati personali (AZOP), Marti\u0107eva 14, Zagabria, contatto: +385 (0)1 4609 999, azop@azop.hr, www.azop.hr.<\/span><\/p>\r\n<p><span dir=\"auto\">Violazione dei dati personali<\/span><br \/><span dir=\"auto\">Segnaleremo qualsiasi violazione illecita dei dati all&#8217;AZOP, in qualit\u00e0 di autorit\u00e0 competente per la protezione dei dati.<\/span><\/p>\r\n<p><span dir=\"auto\">Modifiche alla nostra Informativa sulla privacy<\/span><br \/><span dir=\"auto\">In caso di modifiche alla nostra Informativa sulla privacy, ti informeremo su questa pagina e aggiorneremo la data della modifica dell&#8217;Informativa sulla privacy come segue.<\/span><\/p>\r\n<p><span dir=\"auto\">La presente Informativa sulla privacy \u00e8 stata aggiornata il 20.5.2018.<\/span><\/p>","protected":false},"excerpt":{"rendered":"<p>Appartamenti Jahorina, Obu\u0107ina Bare 85e, 71423 Jahorina, Bosnia ed Erzegovina. Nell&#8217;ambito della nostra attivit\u00e0, raccogliamo ed elaboriamo i dati personali forniti dai clienti. Poich\u00e9 la tutela della tua privacy \u00e8 una priorit\u00e0 per noi, abbiamo adottato la seguente Informativa sulla privacy. Appartamenti Jahorina aderisce ai seguenti principi per proteggere la tua privacy:\u2022 Non raccogliamo pi\u00f9 [&hellip;]<\/p>\n","protected":false},"author":1,"featured_media":0,"parent":0,"menu_order":0,"comment_status":"closed","ping_status":"open","template":"","meta":{"footnotes":""},"class_list":["post-12123","page","type-page","status-publish","hentry"],"yoast_head":"<!-- This site is optimized with the Yoast SEO plugin v26.4 - https:\/\/yoast.com\/wordpress\/plugins\/seo\/ -->\n<title>Politica sulla riservatezza - BESTBLICK Apartments Jahorina<\/title>\n<meta name=\"robots\" content=\"index, follow, max-snippet:-1, max-image-preview:large, max-video-preview:-1\" \/>\n<link rel=\"canonical\" href=\"https:\/\/apartments-jahorina.com\/pravila-privatnosti\/\" \/>\n<meta property=\"og:locale\" content=\"it_IT\" \/>\n<meta property=\"og:type\" content=\"article\" \/>\n<meta property=\"og:title\" content=\"Politica sulla riservatezza - BESTBLICK Apartments Jahorina\" \/>\n<meta property=\"og:description\" content=\"Appartamenti Jahorina, Obu\u0107ina Bare 85e, 71423 Jahorina, Bosnia ed Erzegovina. Nell&#8217;ambito della nostra attivit\u00e0, raccogliamo ed elaboriamo i dati personali forniti dai clienti. Poich\u00e9 la tutela della tua privacy \u00e8 una priorit\u00e0 per noi, abbiamo adottato la seguente Informativa sulla privacy. Appartamenti Jahorina aderisce ai seguenti principi per proteggere la tua privacy:\u2022 Non raccogliamo pi\u00f9 [&hellip;]\" \/>\n<meta property=\"og:url\" content=\"https:\/\/apartments-jahorina.com\/pravila-privatnosti\/\" \/>\n<meta property=\"og:site_name\" content=\"BESTBLICK Apartments Jahorina\" \/>\n<meta property=\"article:modified_time\" content=\"2025-12-17T16:03:38+00:00\" \/>\n<meta name=\"twitter:card\" content=\"summary_large_image\" \/>\n<meta name=\"twitter:label1\" content=\"Tempo di lettura stimato\" \/>\n\t<meta name=\"twitter:data1\" content=\"5 minuti\" \/>\n<script type=\"application\/ld+json\" class=\"yoast-schema-graph\">{\"@context\":\"https:\/\/schema.org\",\"@graph\":[{\"@type\":\"WebPage\",\"@id\":\"https:\/\/apartments-jahorina.com\/pravila-privatnosti\/\",\"url\":\"https:\/\/apartments-jahorina.com\/pravila-privatnosti\/\",\"name\":\"Politica sulla riservatezza - BESTBLICK Apartments Jahorina\",\"isPartOf\":{\"@id\":\"https:\/\/apartments-jahorina.com\/#website\"},\"datePublished\":\"2025-11-14T12:00:39+00:00\",\"dateModified\":\"2025-12-17T16:03:38+00:00\",\"breadcrumb\":{\"@id\":\"https:\/\/apartments-jahorina.com\/pravila-privatnosti\/#breadcrumb\"},\"inLanguage\":\"it-IT\",\"potentialAction\":[{\"@type\":\"ReadAction\",\"target\":[\"https:\/\/apartments-jahorina.com\/pravila-privatnosti\/\"]}]},{\"@type\":\"BreadcrumbList\",\"@id\":\"https:\/\/apartments-jahorina.com\/pravila-privatnosti\/#breadcrumb\",\"itemListElement\":[{\"@type\":\"ListItem\",\"position\":1,\"name\":\"Home\",\"item\":\"https:\/\/apartments-jahorina.com\/sl\/\"},{\"@type\":\"ListItem\",\"position\":2,\"name\":\"Politica sulla riservatezza\"}]},{\"@type\":\"WebSite\",\"@id\":\"https:\/\/apartments-jahorina.com\/#website\",\"url\":\"https:\/\/apartments-jahorina.com\/\",\"name\":\"BESTBLICK Apartments Jahorina\",\"description\":\"Moderni apartmani s pogledom na ski-stazu\",\"potentialAction\":[{\"@type\":\"SearchAction\",\"target\":{\"@type\":\"EntryPoint\",\"urlTemplate\":\"https:\/\/apartments-jahorina.com\/?s={search_term_string}\"},\"query-input\":{\"@type\":\"PropertyValueSpecification\",\"valueRequired\":true,\"valueName\":\"search_term_string\"}}],\"inLanguage\":\"it-IT\"}]}<\/script>\n<!-- \/ Yoast SEO plugin. -->","yoast_head_json":{"title":"Politica sulla riservatezza - BESTBLICK Apartments Jahorina","robots":{"index":"index","follow":"follow","max-snippet":"max-snippet:-1","max-image-preview":"max-image-preview:large","max-video-preview":"max-video-preview:-1"},"canonical":"https:\/\/apartments-jahorina.com\/pravila-privatnosti\/","og_locale":"it_IT","og_type":"article","og_title":"Politica sulla riservatezza - BESTBLICK Apartments Jahorina","og_description":"Appartamenti Jahorina, Obu\u0107ina Bare 85e, 71423 Jahorina, Bosnia ed Erzegovina. Nell&#8217;ambito della nostra attivit\u00e0, raccogliamo ed elaboriamo i dati personali forniti dai clienti. Poich\u00e9 la tutela della tua privacy \u00e8 una priorit\u00e0 per noi, abbiamo adottato la seguente Informativa sulla privacy. Appartamenti Jahorina aderisce ai seguenti principi per proteggere la tua privacy:\u2022 Non raccogliamo pi\u00f9 [&hellip;]","og_url":"https:\/\/apartments-jahorina.com\/pravila-privatnosti\/","og_site_name":"BESTBLICK Apartments Jahorina","article_modified_time":"2025-12-17T16:03:38+00:00","twitter_card":"summary_large_image","twitter_misc":{"Tempo di lettura stimato":"5 minuti"},"schema":{"@context":"https:\/\/schema.org","@graph":[{"@type":"WebPage","@id":"https:\/\/apartments-jahorina.com\/pravila-privatnosti\/","url":"https:\/\/apartments-jahorina.com\/pravila-privatnosti\/","name":"Politica sulla riservatezza - BESTBLICK Apartments Jahorina","isPartOf":{"@id":"https:\/\/apartments-jahorina.com\/#website"},"datePublished":"2025-11-14T12:00:39+00:00","dateModified":"2025-12-17T16:03:38+00:00","breadcrumb":{"@id":"https:\/\/apartments-jahorina.com\/pravila-privatnosti\/#breadcrumb"},"inLanguage":"it-IT","potentialAction":[{"@type":"ReadAction","target":["https:\/\/apartments-jahorina.com\/pravila-privatnosti\/"]}]},{"@type":"BreadcrumbList","@id":"https:\/\/apartments-jahorina.com\/pravila-privatnosti\/#breadcrumb","itemListElement":[{"@type":"ListItem","position":1,"name":"Home","item":"https:\/\/apartments-jahorina.com\/sl\/"},{"@type":"ListItem","position":2,"name":"Politica sulla riservatezza"}]},{"@type":"WebSite","@id":"https:\/\/apartments-jahorina.com\/#website","url":"https:\/\/apartments-jahorina.com\/","name":"BESTBLICK Apartments Jahorina","description":"Moderni apartmani s pogledom na ski-stazu","potentialAction":[{"@type":"SearchAction","target":{"@type":"EntryPoint","urlTemplate":"https:\/\/apartments-jahorina.com\/?s={search_term_string}"},"query-input":{"@type":"PropertyValueSpecification","valueRequired":true,"valueName":"search_term_string"}}],"inLanguage":"it-IT"}]}},"_links":{"self":[{"href":"https:\/\/apartments-jahorina.com\/it\/wp-json\/wp\/v2\/pages\/12123","targetHints":{"allow":["GET"]}}],"collection":[{"href":"https:\/\/apartments-jahorina.com\/it\/wp-json\/wp\/v2\/pages"}],"about":[{"href":"https:\/\/apartments-jahorina.com\/it\/wp-json\/wp\/v2\/types\/page"}],"author":[{"embeddable":true,"href":"https:\/\/apartments-jahorina.com\/it\/wp-json\/wp\/v2\/users\/1"}],"replies":[{"embeddable":true,"href":"https:\/\/apartments-jahorina.com\/it\/wp-json\/wp\/v2\/comments?post=12123"}],"version-history":[{"count":3,"href":"https:\/\/apartments-jahorina.com\/it\/wp-json\/wp\/v2\/pages\/12123\/revisions"}],"predecessor-version":[{"id":12998,"href":"https:\/\/apartments-jahorina.com\/it\/wp-json\/wp\/v2\/pages\/12123\/revisions\/12998"}],"wp:attachment":[{"href":"https:\/\/apartments-jahorina.com\/it\/wp-json\/wp\/v2\/media?parent=12123"}],"curies":[{"name":"wp","href":"https:\/\/api.w.org\/{rel}","templated":true}]}}