{"id":13442,"date":"2026-02-04T02:20:19","date_gmt":"2026-02-04T02:20:19","guid":{"rendered":"https:\/\/apartments-jahorina.com\/?page_id=13442"},"modified":"2026-02-04T02:37:05","modified_gmt":"2026-02-04T02:37:05","slug":"dove-andare-a-sciare","status":"publish","type":"page","link":"https:\/\/apartments-jahorina.com\/it\/dove-andare-a-sciare\/","title":{"rendered":"Dove andare a sciare?"},"content":{"rendered":"\t\t<div data-elementor-type=\"wp-page\" data-elementor-id=\"13442\" class=\"elementor elementor-13442 elementor-13435\">\n\t\t\t\t<div class=\"elementor-element elementor-element-12b6bd6 e-flex e-con-boxed e-con e-parent\" data-id=\"12b6bd6\" data-element_type=\"container\">\n\t\t\t\t\t<div class=\"e-con-inner\">\n\t\t<div class=\"elementor-element elementor-element-7b8b529 e-con-full e-flex e-con e-child\" data-id=\"7b8b529\" data-element_type=\"container\">\n\t\t<div class=\"elementor-element elementor-element-52f5450 e-con-full e-flex e-con e-child\" data-id=\"52f5450\" data-element_type=\"container\">\n\t\t\t\t<div class=\"elementor-element elementor-element-ef7ac5e elementor-absolute elementor-hidden-mobile elementor-view-default elementor-invisible elementor-widget elementor-widget-icon\" data-id=\"ef7ac5e\" data-element_type=\"widget\" data-settings=\"{&quot;_position&quot;:&quot;absolute&quot;,&quot;motion_fx_motion_fx_scrolling&quot;:&quot;yes&quot;,&quot;motion_fx_translateX_effect&quot;:&quot;yes&quot;,&quot;motion_fx_translateX_speed&quot;:{&quot;unit&quot;:&quot;px&quot;,&quot;size&quot;:1.5,&quot;sizes&quot;:[]},&quot;_animation&quot;:&quot;opal-move-right&quot;,&quot;motion_fx_translateX_affectedRange&quot;:{&quot;unit&quot;:&quot;%&quot;,&quot;size&quot;:&quot;&quot;,&quot;sizes&quot;:{&quot;start&quot;:0,&quot;end&quot;:100}},&quot;motion_fx_devices&quot;:[&quot;desktop&quot;,&quot;laptop&quot;,&quot;tablet_extra&quot;,&quot;tablet&quot;,&quot;mobile_extra&quot;,&quot;mobile&quot;]}\" data-widget_type=\"icon.default\">\n\t\t\t\t\t\t\t<div class=\"elementor-icon-wrapper\">\n\t\t\t<div class=\"elementor-icon\">\n\t\t\t\t\t\t<\/div>\n\t\t<\/div>\n\t\t\t\t\t\t<\/div>\n\t\t\t\t<div class=\"elementor-element elementor-element-7a3b481 elementor-widget__width-auto elementor-absolute elementor-hidden-mobile elementor-view-default elementor-invisible elementor-widget elementor-widget-icon\" data-id=\"7a3b481\" data-element_type=\"widget\" data-settings=\"{&quot;_position&quot;:&quot;absolute&quot;,&quot;motion_fx_motion_fx_scrolling&quot;:&quot;yes&quot;,&quot;motion_fx_translateY_effect&quot;:&quot;yes&quot;,&quot;motion_fx_translateY_direction&quot;:&quot;negative&quot;,&quot;motion_fx_translateY_speed&quot;:{&quot;unit&quot;:&quot;px&quot;,&quot;size&quot;:1.2,&quot;sizes&quot;:[]},&quot;_animation&quot;:&quot;opal-move-down&quot;,&quot;motion_fx_translateY_affectedRange&quot;:{&quot;unit&quot;:&quot;%&quot;,&quot;size&quot;:&quot;&quot;,&quot;sizes&quot;:{&quot;start&quot;:0,&quot;end&quot;:100}},&quot;motion_fx_devices&quot;:[&quot;desktop&quot;,&quot;laptop&quot;,&quot;tablet_extra&quot;,&quot;tablet&quot;,&quot;mobile_extra&quot;,&quot;mobile&quot;]}\" data-widget_type=\"icon.default\">\n\t\t\t\t\t\t\t<div class=\"elementor-icon-wrapper\">\n\t\t\t<div class=\"elementor-icon\">\n\t\t\t\t\t\t<\/div>\n\t\t<\/div>\n\t\t\t\t\t\t<\/div>\n\t\t\t\t<\/div>\n\t\t<div class=\"elementor-element elementor-element-4e0b3cc e-con-full e-flex e-con e-child\" data-id=\"4e0b3cc\" data-element_type=\"container\">\n\t\t\t\t<div class=\"elementor-element elementor-element-6bc46d3 elementor-widget__width-initial elementor-invisible elementor-widget elementor-widget-heading\" data-id=\"6bc46d3\" data-element_type=\"widget\" data-settings=\"{&quot;_animation&quot;:&quot;opal-move-left&quot;}\" data-widget_type=\"heading.default\">\n\t\t\t\t\t<h2 data-cursor=\"-opaque\" class=\"elementor-heading-title elementor-size-default\">Dove sciare? Jahorina   \u2013  <span class=\"c-primary\">La guida completa all'avventura invernale<\/span><\/h2>\t\t\t\t<\/div>\n\t\t\t\t<div class=\"elementor-element elementor-element-4aa09f6 elementor-widget__width-initial elementor-invisible elementor-widget elementor-widget-text-editor\" data-id=\"4aa09f6\" data-element_type=\"widget\" data-settings=\"{&quot;_animation&quot;:&quot;opal-move-left&quot;}\" data-widget_type=\"text-editor.default\">\n\t\t\t\t\t\t\t\t\t<p>Jahorina \u00e8 una delle destinazioni sciistiche pi\u00f9 famose dei Balcani e offre un&#8217;esperienza di sport invernali eccezionale nel cuore della Bosnia ed Erzegovina. Con ben 45 km di piste battute, Jahorina offre una variet\u00e0 di opportunit\u00e0 per tutti i tipi di sciatori, dai principianti ai professionisti. Oltre allo sci, Jahorina offre snowboard, sci notturno, slittino e molte altre attivit\u00e0.<\/p>\t\t\t\t\t\t\t\t<\/div>\n\t\t\t\t<\/div>\n\t\t\t\t<\/div>\n\t\t<div class=\"elementor-element elementor-element-300ae1a e-con-full e-flex e-con e-child\" data-id=\"300ae1a\" data-element_type=\"container\">\n\t\t<div class=\"elementor-element elementor-element-70f5e3f e-con-full e-flex e-con e-child\" data-id=\"70f5e3f\" data-element_type=\"container\">\n\t\t\t\t<div class=\"elementor-element elementor-element-67151ae elementor-invisible elementor-widget elementor-widget-n-accordion\" data-id=\"67151ae\" data-element_type=\"widget\" data-settings=\"{&quot;_animation&quot;:&quot;opal-move-right&quot;,&quot;default_state&quot;:&quot;all_collapsed&quot;,&quot;max_items_expended&quot;:&quot;one&quot;,&quot;n_accordion_animation_duration&quot;:{&quot;unit&quot;:&quot;ms&quot;,&quot;size&quot;:400,&quot;sizes&quot;:[]}}\" data-widget_type=\"nested-accordion.default\">\n\t\t\t\t\t\t\t<div class=\"e-n-accordion\" aria-label=\"Accordion. Open links with Enter or Space, close with Escape, and navigate with Arrow Keys\">\n\t\t\t\t\t\t<details id=\"e-n-accordion-item-1080\" class=\"e-n-accordion-item\" >\n\t\t\t\t<summary class=\"e-n-accordion-item-title\" data-accordion-index=\"1\" tabindex=\"0\" aria-expanded=\"false\" aria-controls=\"e-n-accordion-item-1080\" >\n\t\t\t\t\t<span class='e-n-accordion-item-title-header'><div class=\"e-n-accordion-item-title-text\"> Le piste da sci pi\u00f9 famose di Jahorina <\/div><\/span>\n\t\t\t\t\t\t\t<span class='e-n-accordion-item-title-icon'>\n\t\t\t<span class='e-opened' ><i aria-hidden=\"true\" class=\"antra-icon- antra-icon-minus\"><\/i><\/span>\n\t\t\t<span class='e-closed'><i aria-hidden=\"true\" class=\"antra-icon- antra-icon-plus\"><\/i><\/span>\n\t\t<\/span>\n\n\t\t\t\t\t\t<\/summary>\n\t\t\t\t<div role=\"region\" aria-labelledby=\"e-n-accordion-item-1080\" class=\"elementor-element elementor-element-efa299f e-con-full e-flex e-con e-child\" data-id=\"efa299f\" data-element_type=\"container\">\n\t\t\t\t<div class=\"elementor-element elementor-element-bf5b1c6 elementor-widget__width-initial elementor-widget elementor-widget-text-editor\" data-id=\"bf5b1c6\" data-element_type=\"widget\" data-widget_type=\"text-editor.default\">\n\t\t\t\t\t\t\t\t\t<ol><li><p><strong><span dir=\"auto\">Pista Olimpica<\/span><\/strong><br \/><span dir=\"auto\">La Pista Olimpica \u00e8 la pista pi\u00f9 lunga e impegnativa, pensata per gli sciatori esperti che cercano velocit\u00e0 e sfida. Questa pista offre un dislivello di 900 metri e si estende dalla cima della montagna fino alle pendici, offrendo un&#8217;esperienza emozionante per gli sciatori pi\u00f9 esperti.<\/span><\/p><\/li><li><p><strong><span dir=\"auto\">Poljice e Rajska Dolina<\/span><\/strong><br \/><span dir=\"auto\">Per principianti e amanti dello sci ricreativo, Poljice e Rajska Dolina sono ideali. Piste larghe e pianeggianti con un dislivello ridotto consentono una guida sicura e un apprendimento graduale. Poljice \u00e8 anche popolare per lo sci notturno, grazie al moderno sistema di riflettori.<\/span><\/p><\/li><li><p><strong><span dir=\"auto\">Lo Snow Park<\/span><\/strong><br \/><span dir=\"auto\">Jahorina dispone anche di uno snowpark speciale con salti e ostacoli per gli amanti dello snowboard, offrendo spazio anche agli amanti del freestyle e dell&#8217;avventura.<\/span><\/p><\/li><\/ol>\t\t\t\t\t\t\t\t<\/div>\n\t\t\t\t<\/div>\n\t\t\t\t\t<\/details>\n\t\t\t\t\t\t<details id=\"e-n-accordion-item-1081\" class=\"e-n-accordion-item\" >\n\t\t\t\t<summary class=\"e-n-accordion-item-title\" data-accordion-index=\"2\" tabindex=\"-1\" aria-expanded=\"false\" aria-controls=\"e-n-accordion-item-1081\" >\n\t\t\t\t\t<span class='e-n-accordion-item-title-header'><div class=\"e-n-accordion-item-title-text\"> Attivit\u00e0 aggiuntive <\/div><\/span>\n\t\t\t\t\t\t\t<span class='e-n-accordion-item-title-icon'>\n\t\t\t<span class='e-opened' ><i aria-hidden=\"true\" class=\"antra-icon- antra-icon-minus\"><\/i><\/span>\n\t\t\t<span class='e-closed'><i aria-hidden=\"true\" class=\"antra-icon- antra-icon-plus\"><\/i><\/span>\n\t\t<\/span>\n\n\t\t\t\t\t\t<\/summary>\n\t\t\t\t<div role=\"region\" aria-labelledby=\"e-n-accordion-item-1081\" class=\"elementor-element elementor-element-f0098d4 e-con-full e-flex e-con e-child\" data-id=\"f0098d4\" data-element_type=\"container\">\n\t\t\t\t<div class=\"elementor-element elementor-element-6580925 elementor-widget__width-initial elementor-widget elementor-widget-text-editor\" data-id=\"6580925\" data-element_type=\"widget\" data-widget_type=\"text-editor.default\">\n\t\t\t\t\t\t\t\t\t<p><span dir=\"auto\">Oltre allo sci, i visitatori di Jahorina possono provare\u00a0<\/span><strong><span dir=\"auto\">lo snow tubing<\/span><\/strong><span dir=\"auto\">\u00a0, lo slittino o dedicarsi ad attivit\u00e0 adrenaliniche come\u00a0<\/span><strong><span dir=\"auto\">la teleferica<\/span><\/strong><span dir=\"auto\">\u00a0. Ci sono anche piste per\u00a0<\/span><strong><span dir=\"auto\">lo sci nordico<\/span><\/strong><span dir=\"auto\">\u00a0e gli amanti delle passeggiate in montagna possono esplorare sentieri di montagna attrezzati. Bambini e principianti possono usufruire di scuole di sci e piste adatte alle loro esigenze, dove potranno acquisire le competenze sciistiche di base sotto la supervisione di istruttori.<\/span><\/p>\t\t\t\t\t\t\t\t<\/div>\n\t\t\t\t<\/div>\n\t\t\t\t\t<\/details>\n\t\t\t\t\t\t<details id=\"e-n-accordion-item-1082\" class=\"e-n-accordion-item\" >\n\t\t\t\t<summary class=\"e-n-accordion-item-title\" data-accordion-index=\"3\" tabindex=\"-1\" aria-expanded=\"false\" aria-controls=\"e-n-accordion-item-1082\" >\n\t\t\t\t\t<span class='e-n-accordion-item-title-header'><div class=\"e-n-accordion-item-title-text\"> Impianti di risalita e funivie <\/div><\/span>\n\t\t\t\t\t\t\t<span class='e-n-accordion-item-title-icon'>\n\t\t\t<span class='e-opened' ><i aria-hidden=\"true\" class=\"antra-icon- antra-icon-minus\"><\/i><\/span>\n\t\t\t<span class='e-closed'><i aria-hidden=\"true\" class=\"antra-icon- antra-icon-plus\"><\/i><\/span>\n\t\t<\/span>\n\n\t\t\t\t\t\t<\/summary>\n\t\t\t\t<div role=\"region\" aria-labelledby=\"e-n-accordion-item-1082\" class=\"elementor-element elementor-element-5471b18 e-con-full e-flex e-con e-child\" data-id=\"5471b18\" data-element_type=\"container\">\n\t\t\t\t<div class=\"elementor-element elementor-element-9cf7c35 elementor-widget__width-initial elementor-widget elementor-widget-text-editor\" data-id=\"9cf7c35\" data-element_type=\"widget\" data-widget_type=\"text-editor.default\">\n\t\t\t\t\t\t\t\t\t<div class=\"elementor-element elementor-element-5471b18 e-con-full e-flex e-con e-child\" role=\"region\" aria-labelledby=\"e-n-accordion-item-1082\" data-id=\"5471b18\" data-element_type=\"container\"><div class=\"elementor-element elementor-element-9cf7c35 elementor-widget__width-initial elementor-widget elementor-widget-text-editor\" data-id=\"9cf7c35\" data-element_type=\"widget\" data-widget_type=\"text-editor.default\"><ul><li><span dir=\"auto\">Jahorina \u00e8 dotata di sette impianti di risalita e tre funivie che consentono un accesso rapido e facile alle piste principali, con una capacit\u00e0 totale di 17.000 sciatori all&#8217;ora.\u00a0<\/span><strong><span dir=\"auto\">L&#8217;impianto di innevamento artificiale<\/span><\/strong><span dir=\"auto\">\u00a0garantisce un manto nevoso sufficiente anche quando le condizioni naturali non sono ideali, consentendo cos\u00ec una stagione sciistica pi\u00f9 lunga. Gli impianti di risalita sono aperti dalle 9:00 alle 16:00 e lo sci notturno \u00e8 possibile dalle 18:00 alle 21:00, consentendo di sfruttare al meglio la giornata.<\/span><\/li><\/ul><\/div><\/div>\t\t\t\t\t\t\t\t<\/div>\n\t\t\t\t<\/div>\n\t\t\t\t\t<\/details>\n\t\t\t\t\t\t<details id=\"e-n-accordion-item-1083\" class=\"e-n-accordion-item\" >\n\t\t\t\t<summary class=\"e-n-accordion-item-title\" data-accordion-index=\"4\" tabindex=\"-1\" aria-expanded=\"false\" aria-controls=\"e-n-accordion-item-1083\" >\n\t\t\t\t\t<span class='e-n-accordion-item-title-header'><div class=\"e-n-accordion-item-title-text\"> Alloggio e Apr\u00e8s-Ski <\/div><\/span>\n\t\t\t\t\t\t\t<span class='e-n-accordion-item-title-icon'>\n\t\t\t<span class='e-opened' ><i aria-hidden=\"true\" class=\"antra-icon- antra-icon-minus\"><\/i><\/span>\n\t\t\t<span class='e-closed'><i aria-hidden=\"true\" class=\"antra-icon- antra-icon-plus\"><\/i><\/span>\n\t\t<\/span>\n\n\t\t\t\t\t\t<\/summary>\n\t\t\t\t<div role=\"region\" aria-labelledby=\"e-n-accordion-item-1083\" class=\"elementor-element elementor-element-f6211a5 e-con-full e-flex e-con e-child\" data-id=\"f6211a5\" data-element_type=\"container\">\n\t\t\t\t<div class=\"elementor-element elementor-element-57d17d2 elementor-widget__width-initial elementor-widget elementor-widget-text-editor\" data-id=\"57d17d2\" data-element_type=\"widget\" data-widget_type=\"text-editor.default\">\n\t\t\t\t\t\t\t\t\t<span dir=\"auto\">A Jahorina troverete un&#8217;ampia scelta\u00a0<\/span><a href=\"https:\/\/apartments-jahorina.com\/it\/alloggio-jahorina\/\"><span dir=\"auto\">di alloggi<\/span><\/a><span dir=\"auto\">\u00a0: dagli hotel di lusso agli appartamenti privati, fino alle pi\u00f9 economiche case di montagna. L&#8217;offerta apr\u00e8s-ski \u00e8 ricca di ristoranti, bar e centri benessere dove potrete gustare specialit\u00e0 locali, rilassarvi nella sauna o concedervi un massaggio dopo lo sci. Jahorina si trova vicino a Sarajevo, il che rende la visita alla capitale della Bosnia-Erzegovina un&#8217;esperienza culturale.<\/span>\n\n<span dir=\"auto\">Jahorina \u00e8 la destinazione ideale per chi cerca uno sci di qualit\u00e0, ma anche un&#8217;esperienza invernale all&#8217;insegna dell&#8217;avventura, del relax e del divertimento nella natura.<\/span>\t\t\t\t\t\t\t\t<\/div>\n\t\t\t\t<\/div>\n\t\t\t\t\t<\/details>\n\t\t\t\t\t<\/div>\n\t\t\t\t\t\t<\/div>\n\t\t\t\t<\/div>\n\t\t<div class=\"elementor-element elementor-element-7c44126 e-con-full e-flex e-con e-child\" data-id=\"7c44126\" data-element_type=\"container\">\n\t\t\t\t<div class=\"elementor-element elementor-element-5b562f9 elementor-invisible elementor-widget elementor-widget-image\" data-id=\"5b562f9\" data-element_type=\"widget\" data-settings=\"{&quot;_animation&quot;:&quot;opal-move-left&quot;}\" data-widget_type=\"image.default\">\n\t\t\t\t\t<div class=\"antra-wrapper-image-widget\" data-cursor=\"-opaque\">\t\t\t\t\t\t\t\t\t\t<img loading=\"lazy\" decoding=\"async\" width=\"2560\" height=\"1920\" src=\"https:\/\/apartments-jahorina.com\/wp-content\/uploads\/2025\/11\/luka-scaled.jpeg\" class=\"attachment-full size-full wp-image-12143\" alt=\"\" srcset=\"https:\/\/apartments-jahorina.com\/wp-content\/uploads\/2025\/11\/luka-scaled.jpeg 2560w, https:\/\/apartments-jahorina.com\/wp-content\/uploads\/2025\/11\/luka-300x225.jpeg 300w, https:\/\/apartments-jahorina.com\/wp-content\/uploads\/2025\/11\/luka-1024x768.jpeg 1024w, https:\/\/apartments-jahorina.com\/wp-content\/uploads\/2025\/11\/luka-768x576.jpeg 768w, https:\/\/apartments-jahorina.com\/wp-content\/uploads\/2025\/11\/luka-1536x1152.jpeg 1536w, https:\/\/apartments-jahorina.com\/wp-content\/uploads\/2025\/11\/luka-2048x1536.jpeg 2048w, https:\/\/apartments-jahorina.com\/wp-content\/uploads\/2025\/11\/luka-839x629.jpeg 839w, https:\/\/apartments-jahorina.com\/wp-content\/uploads\/2025\/11\/luka-1000x750.jpeg 1000w\" sizes=\"(max-width: 2560px) 100vw, 2560px\" \/>\t\t\t\t\t\t\t\t\t\t\t<\/div>\t\t\t\t<\/div>\n\t\t\t\t<\/div>\n\t\t\t\t<\/div>\n\t\t\t\t\t<\/div>\n\t\t\t\t<\/div>\n\t\t\t\t<\/div>\n\t\t","protected":false},"excerpt":{"rendered":"<p>Dove sciare? Jahorina \u2013 La guida completa all&#8217;avventura invernale Jahorina \u00e8 una delle destinazioni sciistiche pi\u00f9 famose dei Balcani e offre un&#8217;esperienza di sport invernali eccezionale nel cuore della Bosnia ed Erzegovina. Con ben 45 km di piste battute, Jahorina offre una variet\u00e0 di opportunit\u00e0 per tutti i tipi di sciatori, dai principianti ai professionisti. [&hellip;]<\/p>\n","protected":false},"author":1,"featured_media":0,"parent":0,"menu_order":0,"comment_status":"closed","ping_status":"closed","template":"","meta":{"footnotes":""},"class_list":["post-13442","page","type-page","status-publish","hentry"],"yoast_head":"<!-- This site is optimized with the Yoast SEO plugin v26.4 - https:\/\/yoast.com\/wordpress\/plugins\/seo\/ -->\n<title>Dove andare a sciare? - BESTBLICK Apartments Jahorina<\/title>\n<meta name=\"robots\" content=\"index, follow, max-snippet:-1, max-image-preview:large, max-video-preview:-1\" \/>\n<link rel=\"canonical\" href=\"https:\/\/apartments-jahorina.com\/it\/dove-andare-a-sciare\/\" \/>\n<meta property=\"og:locale\" content=\"it_IT\" \/>\n<meta property=\"og:type\" content=\"article\" \/>\n<meta property=\"og:title\" content=\"Dove andare a sciare? - BESTBLICK Apartments Jahorina\" \/>\n<meta property=\"og:description\" content=\"Dove sciare? Jahorina \u2013 La guida completa all&#8217;avventura invernale Jahorina \u00e8 una delle destinazioni sciistiche pi\u00f9 famose dei Balcani e offre un&#8217;esperienza di sport invernali eccezionale nel cuore della Bosnia ed Erzegovina. Con ben 45 km di piste battute, Jahorina offre una variet\u00e0 di opportunit\u00e0 per tutti i tipi di sciatori, dai principianti ai professionisti. [&hellip;]\" \/>\n<meta property=\"og:url\" content=\"https:\/\/apartments-jahorina.com\/it\/dove-andare-a-sciare\/\" \/>\n<meta property=\"og:site_name\" content=\"BESTBLICK Apartments Jahorina\" \/>\n<meta property=\"article:modified_time\" content=\"2026-02-04T02:37:05+00:00\" \/>\n<meta property=\"og:image\" content=\"https:\/\/apartments-jahorina.com\/wp-content\/uploads\/2025\/11\/luka-scaled.jpeg\" \/>\n\t<meta property=\"og:image:width\" content=\"2560\" \/>\n\t<meta property=\"og:image:height\" content=\"1920\" \/>\n\t<meta property=\"og:image:type\" content=\"image\/jpeg\" \/>\n<meta name=\"twitter:card\" content=\"summary_large_image\" \/>\n<meta name=\"twitter:label1\" content=\"Tempo di lettura stimato\" \/>\n\t<meta name=\"twitter:data1\" content=\"2 minuti\" \/>\n<script type=\"application\/ld+json\" class=\"yoast-schema-graph\">{\"@context\":\"https:\/\/schema.org\",\"@graph\":[{\"@type\":\"WebPage\",\"@id\":\"https:\/\/apartments-jahorina.com\/it\/dove-andare-a-sciare\/\",\"url\":\"https:\/\/apartments-jahorina.com\/it\/dove-andare-a-sciare\/\",\"name\":\"Dove andare a sciare? - BESTBLICK Apartments Jahorina\",\"isPartOf\":{\"@id\":\"https:\/\/apartments-jahorina.com\/#website\"},\"primaryImageOfPage\":{\"@id\":\"https:\/\/apartments-jahorina.com\/it\/dove-andare-a-sciare\/#primaryimage\"},\"image\":{\"@id\":\"https:\/\/apartments-jahorina.com\/it\/dove-andare-a-sciare\/#primaryimage\"},\"thumbnailUrl\":\"https:\/\/apartments-jahorina.com\/wp-content\/uploads\/2025\/11\/luka-scaled.jpeg\",\"datePublished\":\"2026-02-04T02:20:19+00:00\",\"dateModified\":\"2026-02-04T02:37:05+00:00\",\"breadcrumb\":{\"@id\":\"https:\/\/apartments-jahorina.com\/it\/dove-andare-a-sciare\/#breadcrumb\"},\"inLanguage\":\"it-IT\",\"potentialAction\":[{\"@type\":\"ReadAction\",\"target\":[\"https:\/\/apartments-jahorina.com\/it\/dove-andare-a-sciare\/\"]}]},{\"@type\":\"ImageObject\",\"inLanguage\":\"it-IT\",\"@id\":\"https:\/\/apartments-jahorina.com\/it\/dove-andare-a-sciare\/#primaryimage\",\"url\":\"https:\/\/apartments-jahorina.com\/wp-content\/uploads\/2025\/11\/luka-scaled.jpeg\",\"contentUrl\":\"https:\/\/apartments-jahorina.com\/wp-content\/uploads\/2025\/11\/luka-scaled.jpeg\"},{\"@type\":\"BreadcrumbList\",\"@id\":\"https:\/\/apartments-jahorina.com\/it\/dove-andare-a-sciare\/#breadcrumb\",\"itemListElement\":[{\"@type\":\"ListItem\",\"position\":1,\"name\":\"Home\",\"item\":\"https:\/\/apartments-jahorina.com\/sl\/\"},{\"@type\":\"ListItem\",\"position\":2,\"name\":\"Dove andare a sciare?\"}]},{\"@type\":\"WebSite\",\"@id\":\"https:\/\/apartments-jahorina.com\/#website\",\"url\":\"https:\/\/apartments-jahorina.com\/\",\"name\":\"BESTBLICK Apartments Jahorina\",\"description\":\"Moderni apartmani s pogledom na ski-stazu\",\"potentialAction\":[{\"@type\":\"SearchAction\",\"target\":{\"@type\":\"EntryPoint\",\"urlTemplate\":\"https:\/\/apartments-jahorina.com\/?s={search_term_string}\"},\"query-input\":{\"@type\":\"PropertyValueSpecification\",\"valueRequired\":true,\"valueName\":\"search_term_string\"}}],\"inLanguage\":\"it-IT\"}]}<\/script>\n<!-- \/ Yoast SEO plugin. -->","yoast_head_json":{"title":"Dove andare a sciare? - BESTBLICK Apartments Jahorina","robots":{"index":"index","follow":"follow","max-snippet":"max-snippet:-1","max-image-preview":"max-image-preview:large","max-video-preview":"max-video-preview:-1"},"canonical":"https:\/\/apartments-jahorina.com\/it\/dove-andare-a-sciare\/","og_locale":"it_IT","og_type":"article","og_title":"Dove andare a sciare? - BESTBLICK Apartments Jahorina","og_description":"Dove sciare? Jahorina \u2013 La guida completa all&#8217;avventura invernale Jahorina \u00e8 una delle destinazioni sciistiche pi\u00f9 famose dei Balcani e offre un&#8217;esperienza di sport invernali eccezionale nel cuore della Bosnia ed Erzegovina. Con ben 45 km di piste battute, Jahorina offre una variet\u00e0 di opportunit\u00e0 per tutti i tipi di sciatori, dai principianti ai professionisti. [&hellip;]","og_url":"https:\/\/apartments-jahorina.com\/it\/dove-andare-a-sciare\/","og_site_name":"BESTBLICK Apartments Jahorina","article_modified_time":"2026-02-04T02:37:05+00:00","og_image":[{"width":2560,"height":1920,"url":"https:\/\/apartments-jahorina.com\/wp-content\/uploads\/2025\/11\/luka-scaled.jpeg","type":"image\/jpeg"}],"twitter_card":"summary_large_image","twitter_misc":{"Tempo di lettura stimato":"2 minuti"},"schema":{"@context":"https:\/\/schema.org","@graph":[{"@type":"WebPage","@id":"https:\/\/apartments-jahorina.com\/it\/dove-andare-a-sciare\/","url":"https:\/\/apartments-jahorina.com\/it\/dove-andare-a-sciare\/","name":"Dove andare a sciare? - BESTBLICK Apartments Jahorina","isPartOf":{"@id":"https:\/\/apartments-jahorina.com\/#website"},"primaryImageOfPage":{"@id":"https:\/\/apartments-jahorina.com\/it\/dove-andare-a-sciare\/#primaryimage"},"image":{"@id":"https:\/\/apartments-jahorina.com\/it\/dove-andare-a-sciare\/#primaryimage"},"thumbnailUrl":"https:\/\/apartments-jahorina.com\/wp-content\/uploads\/2025\/11\/luka-scaled.jpeg","datePublished":"2026-02-04T02:20:19+00:00","dateModified":"2026-02-04T02:37:05+00:00","breadcrumb":{"@id":"https:\/\/apartments-jahorina.com\/it\/dove-andare-a-sciare\/#breadcrumb"},"inLanguage":"it-IT","potentialAction":[{"@type":"ReadAction","target":["https:\/\/apartments-jahorina.com\/it\/dove-andare-a-sciare\/"]}]},{"@type":"ImageObject","inLanguage":"it-IT","@id":"https:\/\/apartments-jahorina.com\/it\/dove-andare-a-sciare\/#primaryimage","url":"https:\/\/apartments-jahorina.com\/wp-content\/uploads\/2025\/11\/luka-scaled.jpeg","contentUrl":"https:\/\/apartments-jahorina.com\/wp-content\/uploads\/2025\/11\/luka-scaled.jpeg"},{"@type":"BreadcrumbList","@id":"https:\/\/apartments-jahorina.com\/it\/dove-andare-a-sciare\/#breadcrumb","itemListElement":[{"@type":"ListItem","position":1,"name":"Home","item":"https:\/\/apartments-jahorina.com\/sl\/"},{"@type":"ListItem","position":2,"name":"Dove andare a sciare?"}]},{"@type":"WebSite","@id":"https:\/\/apartments-jahorina.com\/#website","url":"https:\/\/apartments-jahorina.com\/","name":"BESTBLICK Apartments Jahorina","description":"Moderni apartmani s pogledom na ski-stazu","potentialAction":[{"@type":"SearchAction","target":{"@type":"EntryPoint","urlTemplate":"https:\/\/apartments-jahorina.com\/?s={search_term_string}"},"query-input":{"@type":"PropertyValueSpecification","valueRequired":true,"valueName":"search_term_string"}}],"inLanguage":"it-IT"}]}},"_links":{"self":[{"href":"https:\/\/apartments-jahorina.com\/it\/wp-json\/wp\/v2\/pages\/13442","targetHints":{"allow":["GET"]}}],"collection":[{"href":"https:\/\/apartments-jahorina.com\/it\/wp-json\/wp\/v2\/pages"}],"about":[{"href":"https:\/\/apartments-jahorina.com\/it\/wp-json\/wp\/v2\/types\/page"}],"author":[{"embeddable":true,"href":"https:\/\/apartments-jahorina.com\/it\/wp-json\/wp\/v2\/users\/1"}],"replies":[{"embeddable":true,"href":"https:\/\/apartments-jahorina.com\/it\/wp-json\/wp\/v2\/comments?post=13442"}],"version-history":[{"count":5,"href":"https:\/\/apartments-jahorina.com\/it\/wp-json\/wp\/v2\/pages\/13442\/revisions"}],"predecessor-version":[{"id":13481,"href":"https:\/\/apartments-jahorina.com\/it\/wp-json\/wp\/v2\/pages\/13442\/revisions\/13481"}],"wp:attachment":[{"href":"https:\/\/apartments-jahorina.com\/it\/wp-json\/wp\/v2\/media?parent=13442"}],"curies":[{"name":"wp","href":"https:\/\/api.w.org\/{rel}","templated":true}]}}