{"id":12094,"date":"2025-11-30T18:49:14","date_gmt":"2025-11-30T18:49:14","guid":{"rendered":"http:\/\/apartments-jahorina.com\/gdje-na-jahorinu\/"},"modified":"2025-12-11T13:44:47","modified_gmt":"2025-12-11T13:44:47","slug":"gdzie-jechac-na-jahorine","status":"publish","type":"page","link":"https:\/\/apartments-jahorina.com\/pl\/gdzie-jechac-na-jahorine\/","title":{"rendered":"Gdzie jecha\u0107 na Jahorin\u0119"},"content":{"rendered":"\t\t<div data-elementor-type=\"wp-page\" data-elementor-id=\"12094\" class=\"elementor elementor-12094 elementor-9905\">\n\t\t\t\t<div class=\"elementor-element elementor-element-12b6bd6 e-flex e-con-boxed e-con e-parent\" data-id=\"12b6bd6\" data-element_type=\"container\">\n\t\t\t\t\t<div class=\"e-con-inner\">\n\t\t<div class=\"elementor-element elementor-element-7b8b529 e-con-full e-flex e-con e-child\" data-id=\"7b8b529\" data-element_type=\"container\">\n\t\t<div class=\"elementor-element elementor-element-52f5450 e-con-full e-flex e-con e-child\" data-id=\"52f5450\" data-element_type=\"container\">\n\t\t\t\t<div class=\"elementor-element elementor-element-ef7ac5e elementor-absolute elementor-hidden-mobile elementor-view-default elementor-invisible elementor-widget elementor-widget-icon\" data-id=\"ef7ac5e\" data-element_type=\"widget\" data-settings=\"{&quot;_position&quot;:&quot;absolute&quot;,&quot;motion_fx_motion_fx_scrolling&quot;:&quot;yes&quot;,&quot;motion_fx_translateX_effect&quot;:&quot;yes&quot;,&quot;motion_fx_translateX_speed&quot;:{&quot;unit&quot;:&quot;px&quot;,&quot;size&quot;:1.5,&quot;sizes&quot;:[]},&quot;_animation&quot;:&quot;opal-move-right&quot;,&quot;motion_fx_translateX_affectedRange&quot;:{&quot;unit&quot;:&quot;%&quot;,&quot;size&quot;:&quot;&quot;,&quot;sizes&quot;:{&quot;start&quot;:0,&quot;end&quot;:100}},&quot;motion_fx_devices&quot;:[&quot;desktop&quot;,&quot;laptop&quot;,&quot;tablet_extra&quot;,&quot;tablet&quot;,&quot;mobile_extra&quot;,&quot;mobile&quot;]}\" data-widget_type=\"icon.default\">\n\t\t\t\t\t\t\t<div class=\"elementor-icon-wrapper\">\n\t\t\t<div class=\"elementor-icon\">\n\t\t\t\t\t\t<\/div>\n\t\t<\/div>\n\t\t\t\t\t\t<\/div>\n\t\t\t\t<div class=\"elementor-element elementor-element-7a3b481 elementor-widget__width-auto elementor-absolute elementor-hidden-mobile elementor-view-default elementor-invisible elementor-widget elementor-widget-icon\" data-id=\"7a3b481\" data-element_type=\"widget\" data-settings=\"{&quot;_position&quot;:&quot;absolute&quot;,&quot;motion_fx_motion_fx_scrolling&quot;:&quot;yes&quot;,&quot;motion_fx_translateY_effect&quot;:&quot;yes&quot;,&quot;motion_fx_translateY_direction&quot;:&quot;negative&quot;,&quot;motion_fx_translateY_speed&quot;:{&quot;unit&quot;:&quot;px&quot;,&quot;size&quot;:1.2,&quot;sizes&quot;:[]},&quot;_animation&quot;:&quot;opal-move-down&quot;,&quot;motion_fx_translateY_affectedRange&quot;:{&quot;unit&quot;:&quot;%&quot;,&quot;size&quot;:&quot;&quot;,&quot;sizes&quot;:{&quot;start&quot;:0,&quot;end&quot;:100}},&quot;motion_fx_devices&quot;:[&quot;desktop&quot;,&quot;laptop&quot;,&quot;tablet_extra&quot;,&quot;tablet&quot;,&quot;mobile_extra&quot;,&quot;mobile&quot;]}\" data-widget_type=\"icon.default\">\n\t\t\t\t\t\t\t<div class=\"elementor-icon-wrapper\">\n\t\t\t<div class=\"elementor-icon\">\n\t\t\t\t\t\t<\/div>\n\t\t<\/div>\n\t\t\t\t\t\t<\/div>\n\t\t\t\t<\/div>\n\t\t<div class=\"elementor-element elementor-element-4e0b3cc e-con-full e-flex e-con e-child\" data-id=\"4e0b3cc\" data-element_type=\"container\">\n\t\t\t\t<div class=\"elementor-element elementor-element-6bc46d3 elementor-widget__width-initial elementor-invisible elementor-widget elementor-widget-heading\" data-id=\"6bc46d3\" data-element_type=\"widget\" data-settings=\"{&quot;_animation&quot;:&quot;opal-move-left&quot;}\" data-widget_type=\"heading.default\">\n\t\t\t\t\t<h2 data-cursor=\"-opaque\" class=\"elementor-heading-title elementor-size-default\">Gdzie jecha\u0107 na Jahorin\u0119\u2013  <span class=\"c-primary\">Najwa\u017cniejsze atrakcje i zaj\u0119cia<\/span><\/h2>\t\t\t\t<\/div>\n\t\t\t\t<div class=\"elementor-element elementor-element-4aa09f6 elementor-widget__width-initial elementor-invisible elementor-widget elementor-widget-text-editor\" data-id=\"4aa09f6\" data-element_type=\"widget\" data-settings=\"{&quot;_animation&quot;:&quot;opal-move-left&quot;}\" data-widget_type=\"text-editor.default\">\n\t\t\t\t\t\t\t\t\t<h3><span dir=\"auto\">1.\u00a0\u00a0<\/span><strong><span dir=\"auto\">O\u015brodek narciarski Jahorina<\/span><\/strong><\/h3><p><span dir=\"auto\">Jahorina to jeden z najs\u0142ynniejszych o\u015brodk\u00f3w narciarskich na Ba\u0142kanach, oferuj\u0105cy stoki dla narciarzy o ka\u017cdym poziomie zaawansowania. O\u015brodek dysponuje ponad\u00a0\u00a0<\/span><strong><span dir=\"auto\">20 km przygotowanych tras<\/span><\/strong><span dir=\"auto\">\u00a0narciarskich , wyposa\u017conych w nowoczesne kolejki linowe i wyci\u0105gi. Opr\u00f3cz jazdy na nartach, dost\u0119pna jest r\u00f3wnie\u017c jazda nocna, kt\u00f3ra stanowi wyj\u0105tkow\u0105 atrakcj\u0119 dla mi\u0142o\u015bnik\u00f3w sport\u00f3w zimowych.<\/span><\/p><h3><span dir=\"auto\">2.\u00a0\u00a0<\/span><strong><span dir=\"auto\">Szlaki g\u00f3rskie i rowerowe<\/span><\/strong><\/h3><p><span dir=\"auto\">Latem Jahorina zamienia si\u0119 w raj dla mi\u0142o\u015bnik\u00f3w pieszych i rowerowych wycieczek. G\u00f3rskie szlaki prowadz\u0105 przez malownicze krajobrazy, oferuj\u0105c wspania\u0142e widoki na okoliczne g\u00f3ry i doliny. Popularne trasy to\u00a0\u00a0<\/span><strong><span dir=\"auto\">szlak Poljice<\/span><\/strong><span dir=\"auto\">\u00a0\u00a0i\u00a0\u00a0<\/span><strong><span dir=\"auto\">szlak Ogorjelica<\/span><\/strong><span dir=\"auto\">\u00a0, kt\u00f3re oferuj\u0105 zar\u00f3wno rekreacyjne w\u0119dr\u00f3wki piesze, jak i bardziej wymagaj\u0105ce wycieczki rowerowe.<\/span><\/p><h3><span dir=\"auto\">3.\u00a0\u00a0<\/span><strong><span dir=\"auto\">Park Rozrywki Ogorjelica<\/span><\/strong><\/h3><p><span dir=\"auto\">Ten park przyg\u00f3d oferuje atrakcje takie jak\u00a0\u00a0<\/span><strong><span dir=\"auto\">tyrolki<\/span><\/strong><span dir=\"auto\">\u00a0,\u00a0\u00a0<\/span><strong><span dir=\"auto\">wspinaczka<\/span><\/strong><span dir=\"auto\">\u00a0\u00a0i inne adrenalinowe wyzwania. Jest odpowiedni dla rodzin z dzie\u0107mi, grup przyjaci\u00f3\u0142 i ka\u017cdego, kto chce zazna\u0107 odrobiny adrenaliny na \u0142onie natury.<\/span><\/p><h3><span dir=\"auto\">4.\u00a0\u00a0<\/span><strong><span dir=\"auto\">Etno-wie\u015b \u201eLjubogo\u0161ta\u201d<\/span><\/strong><\/h3><p><span dir=\"auto\">Niedaleko Jahoriny znajduje si\u0119\u00a0\u00a0<\/span><strong><span dir=\"auto\">wioska etno-ludowa \u201eLjubogo\u0161ta\u201d<\/span><\/strong><span dir=\"auto\">\u00a0, autentyczna bo\u015bniacka wioska, w kt\u00f3rej mo\u017cna podziwia\u0107 tradycyjn\u0105 architektur\u0119, r\u0119kodzie\u0142o i styl \u017cycia. To miejsce oferuje wgl\u0105d w dziedzictwo kulturowe regionu i mo\u017cliwo\u015b\u0107 delektowania si\u0119 lokalnymi specja\u0142ami w restauracji serwuj\u0105cej lokalne potrawy.<\/span><\/p><h3><span dir=\"auto\">5.\u00a0\u00a0<\/span><strong><span dir=\"auto\">Centra odnowy biologicznej i spa<\/span><\/strong><\/h3><p><span dir=\"auto\">Dla tych, kt\u00f3rzy szukaj\u0105 odpoczynku i relaksu, Jahorina oferuje liczne centra odnowy biologicznej i spa. Wiele hoteli i\u00a0\u00a0<\/span><a href=\"https:\/\/translate.google.com\/website?sl=hr&amp;tl=pl&amp;hl=en&amp;client=webapp&amp;u=https:\/\/apartments-jahorina.com\/apartmani-jahorina\/\" target=\"_blank\" rel=\"noopener\"><span dir=\"auto\">apartament\u00f3w<\/span><\/a><span dir=\"auto\">\u00a0\u00a0oferuje us\u0142ugi takie jak sauny, masa\u017ce, baseny z gor\u0105c\u0105 wod\u0105 i \u0142a\u017anie parowe, idealne na relaks po dniu sp\u0119dzonym na stoku lub na \u0142onie natury.<\/span><\/p><h3><span dir=\"auto\">6.\u00a0\u00a0<\/span><strong><span dir=\"auto\">Sarajewo \u2013 jednodniowa wycieczka<\/span><\/strong><\/h3><p><span dir=\"auto\">Jahorina le\u017cy zaledwie\u00a0\u00a0<\/span><strong><span dir=\"auto\">30 km od Sarajewa<\/span><\/strong><span dir=\"auto\">\u00a0, stolicy Bo\u015bni i Hercegowiny, co czyni j\u0105 idealn\u0105 baz\u0105 wypadow\u0105 na jednodniowe wycieczki. Sarajewo oferuje bogate dziedzictwo kulturowe, w tym Ba\u0161\u010dar\u0161ij\u0119, muzea historyczne i liczne restauracje serwuj\u0105ce tradycyjne bo\u015bniackie specja\u0142y.<\/span><\/p><hr \/><h3><span dir=\"auto\">Wniosek<\/span><\/h3><p><span dir=\"auto\">Niezale\u017cnie od tego, czy szukasz\u00a0\u00a0<\/span><strong><span dir=\"auto\">sport\u00f3w zimowych<\/span><\/strong><span dir=\"auto\">\u00a0,\u00a0\u00a0<\/span><strong><span dir=\"auto\">pieszych w\u0119dr\u00f3wek i jazdy na rowerze<\/span><\/strong><span dir=\"auto\">\u00a0,\u00a0\u00a0<\/span><strong><span dir=\"auto\">atrakcji kulturalnych<\/span><\/strong><span dir=\"auto\">\u00a0\u00a0, czy\u00a0\u00a0<\/span><strong><span dir=\"auto\">relaksu w wellness<\/span><\/strong><span dir=\"auto\">\u00a0, Jahorina ma co\u015b dla ka\u017cdego. Dzi\u0119ki bogatej ofercie aktywno\u015bci i \u0142atwemu dojazdowi z Sarajewa, Jahorina to miejsce, kt\u00f3re mo\u017cna odwiedzi\u0107 o ka\u017cdej porze roku i kt\u00f3re oferuje niezapomniane wra\u017cenia wszystkim odwiedzaj\u0105cym.<\/span><\/p>\t\t\t\t\t\t\t\t<\/div>\n\t\t\t\t<\/div>\n\t\t\t\t<\/div>\n\t\t\t\t\t<\/div>\n\t\t\t\t<\/div>\n\t\t\t\t<\/div>\n\t\t","protected":false},"excerpt":{"rendered":"<p>Gdzie jecha\u0107 na Jahorin\u0119\u2013 Najwa\u017cniejsze atrakcje i zaj\u0119cia 1.\u00a0\u00a0O\u015brodek narciarski Jahorina Jahorina to jeden z najs\u0142ynniejszych o\u015brodk\u00f3w narciarskich na Ba\u0142kanach, oferuj\u0105cy stoki dla narciarzy o ka\u017cdym poziomie zaawansowania. O\u015brodek dysponuje ponad\u00a0\u00a020 km przygotowanych tras\u00a0narciarskich , wyposa\u017conych w nowoczesne kolejki linowe i wyci\u0105gi. Opr\u00f3cz jazdy na nartach, dost\u0119pna jest r\u00f3wnie\u017c jazda nocna, kt\u00f3ra stanowi wyj\u0105tkow\u0105 atrakcj\u0119 [&hellip;]<\/p>\n","protected":false},"author":1,"featured_media":0,"parent":0,"menu_order":0,"comment_status":"closed","ping_status":"closed","template":"","meta":{"footnotes":""},"class_list":["post-12094","page","type-page","status-publish","hentry"],"yoast_head":"<!-- This site is optimized with the Yoast SEO plugin v26.4 - https:\/\/yoast.com\/wordpress\/plugins\/seo\/ -->\n<title>Gdzie jecha\u0107 na Jahorin\u0119 - BESTBLICK Apartments Jahorina<\/title>\n<meta name=\"robots\" content=\"index, follow, max-snippet:-1, max-image-preview:large, max-video-preview:-1\" \/>\n<link rel=\"canonical\" href=\"https:\/\/apartments-jahorina.com\/pl\/gdzie-jechac-na-jahorine\/\" \/>\n<meta property=\"og:locale\" content=\"pl_PL\" \/>\n<meta property=\"og:type\" content=\"article\" \/>\n<meta property=\"og:title\" content=\"Gdzie jecha\u0107 na Jahorin\u0119 - BESTBLICK Apartments Jahorina\" \/>\n<meta property=\"og:description\" content=\"Gdzie jecha\u0107 na Jahorin\u0119\u2013 Najwa\u017cniejsze atrakcje i zaj\u0119cia 1.\u00a0\u00a0O\u015brodek narciarski Jahorina Jahorina to jeden z najs\u0142ynniejszych o\u015brodk\u00f3w narciarskich na Ba\u0142kanach, oferuj\u0105cy stoki dla narciarzy o ka\u017cdym poziomie zaawansowania. O\u015brodek dysponuje ponad\u00a0\u00a020 km przygotowanych tras\u00a0narciarskich , wyposa\u017conych w nowoczesne kolejki linowe i wyci\u0105gi. Opr\u00f3cz jazdy na nartach, dost\u0119pna jest r\u00f3wnie\u017c jazda nocna, kt\u00f3ra stanowi wyj\u0105tkow\u0105 atrakcj\u0119 [&hellip;]\" \/>\n<meta property=\"og:url\" content=\"https:\/\/apartments-jahorina.com\/pl\/gdzie-jechac-na-jahorine\/\" \/>\n<meta property=\"og:site_name\" content=\"BESTBLICK Apartments Jahorina\" \/>\n<meta property=\"article:modified_time\" content=\"2025-12-11T13:44:47+00:00\" \/>\n<meta name=\"twitter:card\" content=\"summary_large_image\" \/>\n<meta name=\"twitter:label1\" content=\"Szacowany czas czytania\" \/>\n\t<meta name=\"twitter:data1\" content=\"2 minuty\" \/>\n<script type=\"application\/ld+json\" class=\"yoast-schema-graph\">{\"@context\":\"https:\/\/schema.org\",\"@graph\":[{\"@type\":\"WebPage\",\"@id\":\"https:\/\/apartments-jahorina.com\/pl\/gdzie-jechac-na-jahorine\/\",\"url\":\"https:\/\/apartments-jahorina.com\/pl\/gdzie-jechac-na-jahorine\/\",\"name\":\"Gdzie jecha\u0107 na Jahorin\u0119 - BESTBLICK Apartments Jahorina\",\"isPartOf\":{\"@id\":\"https:\/\/apartments-jahorina.com\/#website\"},\"datePublished\":\"2025-11-30T18:49:14+00:00\",\"dateModified\":\"2025-12-11T13:44:47+00:00\",\"breadcrumb\":{\"@id\":\"https:\/\/apartments-jahorina.com\/pl\/gdzie-jechac-na-jahorine\/#breadcrumb\"},\"inLanguage\":\"pl-PL\",\"potentialAction\":[{\"@type\":\"ReadAction\",\"target\":[\"https:\/\/apartments-jahorina.com\/pl\/gdzie-jechac-na-jahorine\/\"]}]},{\"@type\":\"BreadcrumbList\",\"@id\":\"https:\/\/apartments-jahorina.com\/pl\/gdzie-jechac-na-jahorine\/#breadcrumb\",\"itemListElement\":[{\"@type\":\"ListItem\",\"position\":1,\"name\":\"Home\",\"item\":\"https:\/\/apartments-jahorina.com\/pl\/\"},{\"@type\":\"ListItem\",\"position\":2,\"name\":\"Gdzie jecha\u0107 na Jahorin\u0119\"}]},{\"@type\":\"WebSite\",\"@id\":\"https:\/\/apartments-jahorina.com\/#website\",\"url\":\"https:\/\/apartments-jahorina.com\/\",\"name\":\"BESTBLICK Apartments Jahorina\",\"description\":\"Moderni apartmani s pogledom na ski-stazu\",\"potentialAction\":[{\"@type\":\"SearchAction\",\"target\":{\"@type\":\"EntryPoint\",\"urlTemplate\":\"https:\/\/apartments-jahorina.com\/?s={search_term_string}\"},\"query-input\":{\"@type\":\"PropertyValueSpecification\",\"valueRequired\":true,\"valueName\":\"search_term_string\"}}],\"inLanguage\":\"pl-PL\"}]}<\/script>\n<!-- \/ Yoast SEO plugin. -->","yoast_head_json":{"title":"Gdzie jecha\u0107 na Jahorin\u0119 - BESTBLICK Apartments Jahorina","robots":{"index":"index","follow":"follow","max-snippet":"max-snippet:-1","max-image-preview":"max-image-preview:large","max-video-preview":"max-video-preview:-1"},"canonical":"https:\/\/apartments-jahorina.com\/pl\/gdzie-jechac-na-jahorine\/","og_locale":"pl_PL","og_type":"article","og_title":"Gdzie jecha\u0107 na Jahorin\u0119 - BESTBLICK Apartments Jahorina","og_description":"Gdzie jecha\u0107 na Jahorin\u0119\u2013 Najwa\u017cniejsze atrakcje i zaj\u0119cia 1.\u00a0\u00a0O\u015brodek narciarski Jahorina Jahorina to jeden z najs\u0142ynniejszych o\u015brodk\u00f3w narciarskich na Ba\u0142kanach, oferuj\u0105cy stoki dla narciarzy o ka\u017cdym poziomie zaawansowania. O\u015brodek dysponuje ponad\u00a0\u00a020 km przygotowanych tras\u00a0narciarskich , wyposa\u017conych w nowoczesne kolejki linowe i wyci\u0105gi. Opr\u00f3cz jazdy na nartach, dost\u0119pna jest r\u00f3wnie\u017c jazda nocna, kt\u00f3ra stanowi wyj\u0105tkow\u0105 atrakcj\u0119 [&hellip;]","og_url":"https:\/\/apartments-jahorina.com\/pl\/gdzie-jechac-na-jahorine\/","og_site_name":"BESTBLICK Apartments Jahorina","article_modified_time":"2025-12-11T13:44:47+00:00","twitter_card":"summary_large_image","twitter_misc":{"Szacowany czas czytania":"2 minuty"},"schema":{"@context":"https:\/\/schema.org","@graph":[{"@type":"WebPage","@id":"https:\/\/apartments-jahorina.com\/pl\/gdzie-jechac-na-jahorine\/","url":"https:\/\/apartments-jahorina.com\/pl\/gdzie-jechac-na-jahorine\/","name":"Gdzie jecha\u0107 na Jahorin\u0119 - BESTBLICK Apartments Jahorina","isPartOf":{"@id":"https:\/\/apartments-jahorina.com\/#website"},"datePublished":"2025-11-30T18:49:14+00:00","dateModified":"2025-12-11T13:44:47+00:00","breadcrumb":{"@id":"https:\/\/apartments-jahorina.com\/pl\/gdzie-jechac-na-jahorine\/#breadcrumb"},"inLanguage":"pl-PL","potentialAction":[{"@type":"ReadAction","target":["https:\/\/apartments-jahorina.com\/pl\/gdzie-jechac-na-jahorine\/"]}]},{"@type":"BreadcrumbList","@id":"https:\/\/apartments-jahorina.com\/pl\/gdzie-jechac-na-jahorine\/#breadcrumb","itemListElement":[{"@type":"ListItem","position":1,"name":"Home","item":"https:\/\/apartments-jahorina.com\/pl\/"},{"@type":"ListItem","position":2,"name":"Gdzie jecha\u0107 na Jahorin\u0119"}]},{"@type":"WebSite","@id":"https:\/\/apartments-jahorina.com\/#website","url":"https:\/\/apartments-jahorina.com\/","name":"BESTBLICK Apartments Jahorina","description":"Moderni apartmani s pogledom na ski-stazu","potentialAction":[{"@type":"SearchAction","target":{"@type":"EntryPoint","urlTemplate":"https:\/\/apartments-jahorina.com\/?s={search_term_string}"},"query-input":{"@type":"PropertyValueSpecification","valueRequired":true,"valueName":"search_term_string"}}],"inLanguage":"pl-PL"}]}},"_links":{"self":[{"href":"https:\/\/apartments-jahorina.com\/pl\/wp-json\/wp\/v2\/pages\/12094","targetHints":{"allow":["GET"]}}],"collection":[{"href":"https:\/\/apartments-jahorina.com\/pl\/wp-json\/wp\/v2\/pages"}],"about":[{"href":"https:\/\/apartments-jahorina.com\/pl\/wp-json\/wp\/v2\/types\/page"}],"author":[{"embeddable":true,"href":"https:\/\/apartments-jahorina.com\/pl\/wp-json\/wp\/v2\/users\/1"}],"replies":[{"embeddable":true,"href":"https:\/\/apartments-jahorina.com\/pl\/wp-json\/wp\/v2\/comments?post=12094"}],"version-history":[{"count":4,"href":"https:\/\/apartments-jahorina.com\/pl\/wp-json\/wp\/v2\/pages\/12094\/revisions"}],"predecessor-version":[{"id":12640,"href":"https:\/\/apartments-jahorina.com\/pl\/wp-json\/wp\/v2\/pages\/12094\/revisions\/12640"}],"wp:attachment":[{"href":"https:\/\/apartments-jahorina.com\/pl\/wp-json\/wp\/v2\/media?parent=12094"}],"curies":[{"name":"wp","href":"https:\/\/api.w.org\/{rel}","templated":true}]}}