{"id":12096,"date":"2025-11-30T18:44:38","date_gmt":"2025-11-30T18:44:38","guid":{"rendered":"http:\/\/apartments-jahorina.com\/sestosjed-trnovo-jahorina\/"},"modified":"2025-12-11T13:55:35","modified_gmt":"2025-12-11T13:55:35","slug":"szesciomiejscowy-trnovo-jahorina","status":"publish","type":"page","link":"https:\/\/apartments-jahorina.com\/pl\/szesciomiejscowy-trnovo-jahorina\/","title":{"rendered":"Sze\u015bciomiejscowy Trnovo Jahorina"},"content":{"rendered":"\t\t<div data-elementor-type=\"wp-page\" data-elementor-id=\"12096\" class=\"elementor elementor-12096 elementor-9899\">\n\t\t\t\t<div class=\"elementor-element elementor-element-12b6bd6 e-flex e-con-boxed e-con e-parent\" data-id=\"12b6bd6\" data-element_type=\"container\">\n\t\t\t\t\t<div class=\"e-con-inner\">\n\t\t<div class=\"elementor-element elementor-element-7b8b529 e-con-full e-flex e-con e-child\" data-id=\"7b8b529\" data-element_type=\"container\">\n\t\t<div class=\"elementor-element elementor-element-52f5450 e-con-full e-flex e-con e-child\" data-id=\"52f5450\" data-element_type=\"container\">\n\t\t\t\t<div class=\"elementor-element elementor-element-ef7ac5e elementor-absolute elementor-hidden-mobile elementor-view-default elementor-invisible elementor-widget elementor-widget-icon\" data-id=\"ef7ac5e\" data-element_type=\"widget\" data-settings=\"{&quot;_position&quot;:&quot;absolute&quot;,&quot;motion_fx_motion_fx_scrolling&quot;:&quot;yes&quot;,&quot;motion_fx_translateX_effect&quot;:&quot;yes&quot;,&quot;motion_fx_translateX_speed&quot;:{&quot;unit&quot;:&quot;px&quot;,&quot;size&quot;:1.5,&quot;sizes&quot;:[]},&quot;_animation&quot;:&quot;opal-move-right&quot;,&quot;motion_fx_translateX_affectedRange&quot;:{&quot;unit&quot;:&quot;%&quot;,&quot;size&quot;:&quot;&quot;,&quot;sizes&quot;:{&quot;start&quot;:0,&quot;end&quot;:100}},&quot;motion_fx_devices&quot;:[&quot;desktop&quot;,&quot;laptop&quot;,&quot;tablet_extra&quot;,&quot;tablet&quot;,&quot;mobile_extra&quot;,&quot;mobile&quot;]}\" data-widget_type=\"icon.default\">\n\t\t\t\t\t\t\t<div class=\"elementor-icon-wrapper\">\n\t\t\t<div class=\"elementor-icon\">\n\t\t\t\t\t\t<\/div>\n\t\t<\/div>\n\t\t\t\t\t\t<\/div>\n\t\t\t\t<div class=\"elementor-element elementor-element-7a3b481 elementor-widget__width-auto elementor-absolute elementor-hidden-mobile elementor-view-default elementor-invisible elementor-widget elementor-widget-icon\" data-id=\"7a3b481\" data-element_type=\"widget\" data-settings=\"{&quot;_position&quot;:&quot;absolute&quot;,&quot;motion_fx_motion_fx_scrolling&quot;:&quot;yes&quot;,&quot;motion_fx_translateY_effect&quot;:&quot;yes&quot;,&quot;motion_fx_translateY_direction&quot;:&quot;negative&quot;,&quot;motion_fx_translateY_speed&quot;:{&quot;unit&quot;:&quot;px&quot;,&quot;size&quot;:1.2,&quot;sizes&quot;:[]},&quot;_animation&quot;:&quot;opal-move-down&quot;,&quot;motion_fx_translateY_affectedRange&quot;:{&quot;unit&quot;:&quot;%&quot;,&quot;size&quot;:&quot;&quot;,&quot;sizes&quot;:{&quot;start&quot;:0,&quot;end&quot;:100}},&quot;motion_fx_devices&quot;:[&quot;desktop&quot;,&quot;laptop&quot;,&quot;tablet_extra&quot;,&quot;tablet&quot;,&quot;mobile_extra&quot;,&quot;mobile&quot;]}\" data-widget_type=\"icon.default\">\n\t\t\t\t\t\t\t<div class=\"elementor-icon-wrapper\">\n\t\t\t<div class=\"elementor-icon\">\n\t\t\t\t\t\t<\/div>\n\t\t<\/div>\n\t\t\t\t\t\t<\/div>\n\t\t\t\t<\/div>\n\t\t<div class=\"elementor-element elementor-element-4e0b3cc e-con-full e-flex e-con e-child\" data-id=\"4e0b3cc\" data-element_type=\"container\">\n\t\t\t\t<div class=\"elementor-element elementor-element-6bc46d3 elementor-widget__width-initial elementor-invisible elementor-widget elementor-widget-heading\" data-id=\"6bc46d3\" data-element_type=\"widget\" data-settings=\"{&quot;_animation&quot;:&quot;opal-move-left&quot;}\" data-widget_type=\"heading.default\">\n\t\t\t\t\t<h2 data-cursor=\"-opaque\" class=\"elementor-heading-title elementor-size-default\">Sze\u015bciomiejscowy Trnovo Jahorina \u2013  <span class=\"c-primary\">Nowy wyci\u0105g dla lepszych wra\u017ce\u0144 z jazdy na nartach<\/span><\/h2>\t\t\t\t<\/div>\n\t\t\t\t<div class=\"elementor-element elementor-element-4aa09f6 elementor-widget__width-initial elementor-invisible elementor-widget elementor-widget-text-editor\" data-id=\"4aa09f6\" data-element_type=\"widget\" data-settings=\"{&quot;_animation&quot;:&quot;opal-move-left&quot;}\" data-widget_type=\"text-editor.default\">\n\t\t\t\t\t\t\t\t\t<p><strong><span dir=\"auto\"><span class=\"\" dir=\"auto\">Sze\u015bcioosobowa<\/span><\/span><\/strong><span dir=\"auto\"><span class=\"\" dir=\"auto\">\u00a0\u00a0kolejka linowa Trnovo to nowa, sze\u015bcioosobowa kolejka linowa, kt\u00f3ra zosta\u0142a zainstalowana na Jahorinie w ramach modernizacji o\u015brodka narciarskiego i rozwoju infrastruktury g\u00f3rskiej. Wyci\u0105g ten odgrywa kluczow\u0105 rol\u0119 w usprawnieniu po\u0142\u0105czenia r\u00f3\u017cnych tras narciarskich na Jahorinie, co umo\u017cliwia \u0142atwiejszy i szybszy dost\u0119p wszystkim narciarzom, a zw\u0142aszcza turystom z miejscowo\u015bci Obu\u0107ina Bare i okolicznych miejscowo\u015bci weekendowych.<\/span><\/span><\/p>\t\t\t\t\t\t\t\t<\/div>\n\t\t\t\t<\/div>\n\t\t\t\t<\/div>\n\t\t<div class=\"elementor-element elementor-element-300ae1a e-con-full e-flex e-con e-child\" data-id=\"300ae1a\" data-element_type=\"container\">\n\t\t<div class=\"elementor-element elementor-element-70f5e3f e-con-full e-flex e-con e-child\" data-id=\"70f5e3f\" data-element_type=\"container\">\n\t\t\t\t<div class=\"elementor-element elementor-element-67151ae elementor-invisible elementor-widget elementor-widget-n-accordion\" data-id=\"67151ae\" data-element_type=\"widget\" data-settings=\"{&quot;_animation&quot;:&quot;opal-move-right&quot;,&quot;default_state&quot;:&quot;all_collapsed&quot;,&quot;max_items_expended&quot;:&quot;one&quot;,&quot;n_accordion_animation_duration&quot;:{&quot;unit&quot;:&quot;ms&quot;,&quot;size&quot;:400,&quot;sizes&quot;:[]}}\" data-widget_type=\"nested-accordion.default\">\n\t\t\t\t\t\t\t<div class=\"e-n-accordion\" aria-label=\"Accordion. Open links with Enter or Space, close with Escape, and navigate with Arrow Keys\">\n\t\t\t\t\t\t<details id=\"e-n-accordion-item-1080\" class=\"e-n-accordion-item\" >\n\t\t\t\t<summary class=\"e-n-accordion-item-title\" data-accordion-index=\"1\" tabindex=\"0\" aria-expanded=\"false\" aria-controls=\"e-n-accordion-item-1080\" >\n\t\t\t\t\t<span class='e-n-accordion-item-title-header'><div class=\"e-n-accordion-item-title-text\"> Dane techniczne sze\u015bcioosobowego samochodu Trnovo <\/div><\/span>\n\t\t\t\t\t\t\t<span class='e-n-accordion-item-title-icon'>\n\t\t\t<span class='e-opened' ><i aria-hidden=\"true\" class=\"antra-icon- antra-icon-minus\"><\/i><\/span>\n\t\t\t<span class='e-closed'><i aria-hidden=\"true\" class=\"antra-icon- antra-icon-plus\"><\/i><\/span>\n\t\t<\/span>\n\n\t\t\t\t\t\t<\/summary>\n\t\t\t\t<div role=\"region\" aria-labelledby=\"e-n-accordion-item-1080\" class=\"elementor-element elementor-element-efa299f e-con-full e-flex e-con e-child\" data-id=\"efa299f\" data-element_type=\"container\">\n\t\t\t\t<div class=\"elementor-element elementor-element-bf5b1c6 elementor-widget__width-initial elementor-widget elementor-widget-text-editor\" data-id=\"bf5b1c6\" data-element_type=\"widget\" data-widget_type=\"text-editor.default\">\n\t\t\t\t\t\t\t\t\t<ul><li><strong><span dir=\"auto\">Przepustowo\u015b\u0107:<\/span><\/strong><span dir=\"auto\">\u00a0\u00a02400 narciarzy na godzin\u0119.<\/span><\/li><li><strong><span dir=\"auto\">D\u0142ugo\u015b\u0107 kolejki linowej:<\/span><\/strong><span dir=\"auto\">\u00a0\u00a0600 metr\u00f3w.<\/span><\/li><li><strong><span dir=\"auto\">Po\u0142\u0105czenie:<\/span><\/strong><span dir=\"auto\">\u00a0\u00a0Ten wyci\u0105g \u0142\u0105czy stoki narciarskie, kt\u00f3re ciesz\u0105 si\u0119 popularno\u015bci\u0105 zar\u00f3wno w\u015br\u00f3d pocz\u0105tkuj\u0105cych, jak i zaawansowanych narciarzy. Blisko\u015b\u0107 wyci\u0105gu narciarskiego dla dzieci z ta\u015bmoci\u0105giem dodatkowo czyni ten obszar atrakcyjnym dla rodzin z ma\u0142ymi dzie\u0107mi.<\/span><\/li><li><strong><span dir=\"auto\">Po\u0142\u0105czenie z innymi udogodnieniami:<\/span><\/strong><span dir=\"auto\">\u00a0\u00a0Wyci\u0105g znajduje si\u0119 w pobli\u017cu kiosku i punktu sprzeda\u017cy, co u\u0142atwia narciarzom dost\u0119p do wszystkich niezb\u0119dnych us\u0142ug na stoku.<\/span><\/li><\/ul>\t\t\t\t\t\t\t\t<\/div>\n\t\t\t\t<\/div>\n\t\t\t\t\t<\/details>\n\t\t\t\t\t\t<details id=\"e-n-accordion-item-1081\" class=\"e-n-accordion-item\" >\n\t\t\t\t<summary class=\"e-n-accordion-item-title\" data-accordion-index=\"2\" tabindex=\"-1\" aria-expanded=\"false\" aria-controls=\"e-n-accordion-item-1081\" >\n\t\t\t\t\t<span class='e-n-accordion-item-title-header'><div class=\"e-n-accordion-item-title-text\"> Znaczenie dla Jahoriny <\/div><\/span>\n\t\t\t\t\t\t\t<span class='e-n-accordion-item-title-icon'>\n\t\t\t<span class='e-opened' ><i aria-hidden=\"true\" class=\"antra-icon- antra-icon-minus\"><\/i><\/span>\n\t\t\t<span class='e-closed'><i aria-hidden=\"true\" class=\"antra-icon- antra-icon-plus\"><\/i><\/span>\n\t\t<\/span>\n\n\t\t\t\t\t\t<\/summary>\n\t\t\t\t<div role=\"region\" aria-labelledby=\"e-n-accordion-item-1081\" class=\"elementor-element elementor-element-f0098d4 e-con-full e-flex e-con e-child\" data-id=\"f0098d4\" data-element_type=\"container\">\n\t\t\t\t<div class=\"elementor-element elementor-element-6580925 elementor-widget__width-initial elementor-widget elementor-widget-text-editor\" data-id=\"6580925\" data-element_type=\"widget\" data-widget_type=\"text-editor.default\">\n\t\t\t\t\t\t\t\t\t<p><span dir=\"auto\">Sze\u015bciomiejscowy o\u015brodek narciarski Trnovo to efekt inwestycji o warto\u015bci 30 milion\u00f3w km\u00b2, kt\u00f3rej celem jest zwi\u0119kszenie przepustowo\u015bci o\u015brodka Jahorina i poprawa warunk\u00f3w dla wszystkich odwiedzaj\u0105cych. Modernizacja infrastruktury na stoku przyczynia si\u0119 do poprawy obs\u0142ugi, skr\u00f3cenia czasu oczekiwania na wyci\u0105gi i zwi\u0119kszenia liczby narciarzy, kt\u00f3rzy mog\u0105 korzysta\u0107 z o\u015brodka o ka\u017cdej porze.<\/span><\/p><p><span dir=\"auto\">Wyci\u0105g ten nie tylko przyczynia si\u0119 do lepszego po\u0142\u0105czenia narciarzy ze stokami, ale tak\u017ce podnosi poziom og\u00f3lnych wra\u017ce\u0144 na Jahorinie, czyni\u0105c j\u0105 bardziej konkurencyjn\u0105 na regionalnym rynku sport\u00f3w zimowych.<\/span><\/p><p>\u00a0<\/p>\t\t\t\t\t\t\t\t<\/div>\n\t\t\t\t<\/div>\n\t\t\t\t\t<\/details>\n\t\t\t\t\t\t<details id=\"e-n-accordion-item-1082\" class=\"e-n-accordion-item\" >\n\t\t\t\t<summary class=\"e-n-accordion-item-title\" data-accordion-index=\"3\" tabindex=\"-1\" aria-expanded=\"false\" aria-controls=\"e-n-accordion-item-1082\" >\n\t\t\t\t\t<span class='e-n-accordion-item-title-header'><div class=\"e-n-accordion-item-title-text\"> Zalety sze\u015bcioosobowego Trnovo <\/div><\/span>\n\t\t\t\t\t\t\t<span class='e-n-accordion-item-title-icon'>\n\t\t\t<span class='e-opened' ><i aria-hidden=\"true\" class=\"antra-icon- antra-icon-minus\"><\/i><\/span>\n\t\t\t<span class='e-closed'><i aria-hidden=\"true\" class=\"antra-icon- antra-icon-plus\"><\/i><\/span>\n\t\t<\/span>\n\n\t\t\t\t\t\t<\/summary>\n\t\t\t\t<div role=\"region\" aria-labelledby=\"e-n-accordion-item-1082\" class=\"elementor-element elementor-element-5471b18 e-con-full e-flex e-con e-child\" data-id=\"5471b18\" data-element_type=\"container\">\n\t\t\t\t<div class=\"elementor-element elementor-element-9cf7c35 elementor-widget__width-initial elementor-widget elementor-widget-text-editor\" data-id=\"9cf7c35\" data-element_type=\"widget\" data-widget_type=\"text-editor.default\">\n\t\t\t\t\t\t\t\t\t<ul><li><strong><span dir=\"auto\"><span dir=\"auto\">Szybszy dost\u0119p do tras narciarskich:<\/span><\/span><\/strong><span dir=\"auto\"><span dir=\"auto\">\u00a0\u00a0Dzi\u0119ki przepustowo\u015bci 2400 narciarzy na godzin\u0119 czas oczekiwania na wyci\u0105gach jest kr\u00f3tszy, co pozwala narciarzom sp\u0119dza\u0107 wi\u0119cej czasu na stoku.<\/span><\/span><\/li><li><strong><span dir=\"auto\"><span dir=\"auto\">\u0141atwiejsza dost\u0119pno\u015b\u0107:<\/span><\/span><\/strong><span dir=\"auto\"><span dir=\"auto\">\u00a0\u00a0Winda zapewnia szybszy i \u0142atwiejszy dost\u0119p dla go\u015bci z osiedla Obu\u0107ina Bare i okolicznych miejscowo\u015bci.<\/span><\/span><\/li><li><strong><span dir=\"auto\"><span dir=\"auto\">Przystosowane dla wszystkich narciarzy:<\/span><\/span><\/strong><span dir=\"auto\"><span dir=\"auto\">\u00a0\u00a0Trnovo to o\u015brodek idealny dla narciarzy w ka\u017cdym wieku i o ka\u017cdym poziomie umiej\u0119tno\u015bci, gdy\u017c posiada trasy odpowiednie zar\u00f3wno dla pocz\u0105tkuj\u0105cych, jak i zaawansowanych.<\/span><\/span><\/li><li>\u00a0<\/li><\/ul>\t\t\t\t\t\t\t\t<\/div>\n\t\t\t\t<\/div>\n\t\t\t\t\t<\/details>\n\t\t\t\t\t\t<details id=\"e-n-accordion-item-1083\" class=\"e-n-accordion-item\" >\n\t\t\t\t<summary class=\"e-n-accordion-item-title\" data-accordion-index=\"4\" tabindex=\"-1\" aria-expanded=\"false\" aria-controls=\"e-n-accordion-item-1083\" >\n\t\t\t\t\t<span class='e-n-accordion-item-title-header'><div class=\"e-n-accordion-item-title-text\"> Wniosek <\/div><\/span>\n\t\t\t\t\t\t\t<span class='e-n-accordion-item-title-icon'>\n\t\t\t<span class='e-opened' ><i aria-hidden=\"true\" class=\"antra-icon- antra-icon-minus\"><\/i><\/span>\n\t\t\t<span class='e-closed'><i aria-hidden=\"true\" class=\"antra-icon- antra-icon-plus\"><\/i><\/span>\n\t\t<\/span>\n\n\t\t\t\t\t\t<\/summary>\n\t\t\t\t<div role=\"region\" aria-labelledby=\"e-n-accordion-item-1083\" class=\"elementor-element elementor-element-f6211a5 e-con-full e-flex e-con e-child\" data-id=\"f6211a5\" data-element_type=\"container\">\n\t\t\t\t<div class=\"elementor-element elementor-element-57d17d2 elementor-widget__width-initial elementor-widget elementor-widget-text-editor\" data-id=\"57d17d2\" data-element_type=\"widget\" data-widget_type=\"text-editor.default\">\n\t\t\t\t\t\t\t\t\t<p><span dir=\"auto\">Sze\u015bciomiejscowy Trnovo to znacz\u0105ca inwestycja w infrastruktur\u0119 Jahoriny, kt\u00f3ra poprawi jako\u015b\u0107 narciarskich wakacji dla wszystkich odwiedzaj\u0105cych. Dzi\u0119ki tej modernizacji Jahorina staje si\u0119 jeszcze atrakcyjniejszym miejscem dla mi\u0142o\u015bnik\u00f3w sport\u00f3w zimowych, czyni\u0105c jazd\u0119 na nartach bardziej dost\u0119pn\u0105, przyjemniejsz\u0105 i szybsz\u0105.\u00a0<\/span><\/p><p><span dir=\"auto\">Warto zaznaczy\u0107, \u017ce apartamenty (\u00a0<\/span><a href=\"https:\/\/translate.google.com\/website?sl=hr&amp;tl=pl&amp;hl=en&amp;client=webapp&amp;u=https:\/\/apartments-jahorina.com\/smjestaj-jahorina\/\"><span dir=\"auto\">Bestblick Apartments Jahorina<\/span><\/a><span dir=\"auto\">\u00a0) znajduj\u0105 si\u0119 zaledwie 30 metr\u00f3w od tego sze\u015bcioosobowego apartamentu i maj\u0105 bezpo\u015brednie wej\u015bcie.\u00a0<\/span><\/p>\t\t\t\t\t\t\t\t<\/div>\n\t\t\t\t<\/div>\n\t\t\t\t\t<\/details>\n\t\t\t\t\t<\/div>\n\t\t\t\t\t\t<\/div>\n\t\t\t\t<\/div>\n\t\t<div class=\"elementor-element elementor-element-7c44126 e-con-full e-flex e-con e-child\" data-id=\"7c44126\" data-element_type=\"container\">\n\t\t\t\t<div class=\"elementor-element elementor-element-5b562f9 elementor-invisible elementor-widget elementor-widget-image\" data-id=\"5b562f9\" data-element_type=\"widget\" data-settings=\"{&quot;_animation&quot;:&quot;opal-move-left&quot;}\" data-widget_type=\"image.default\">\n\t\t\t\t\t<div class=\"antra-wrapper-image-widget\" data-cursor=\"-opaque\">\t\t\t\t\t\t\t\t\t\t<img loading=\"lazy\" decoding=\"async\" width=\"1920\" height=\"2560\" src=\"https:\/\/apartments-jahorina.com\/wp-content\/uploads\/2025\/11\/IMG_6818-scaled.jpg\" class=\"attachment-full size-full wp-image-12100\" alt=\"\" srcset=\"https:\/\/apartments-jahorina.com\/wp-content\/uploads\/2025\/11\/IMG_6818-scaled.jpg 1920w, https:\/\/apartments-jahorina.com\/wp-content\/uploads\/2025\/11\/IMG_6818-225x300.jpg 225w, https:\/\/apartments-jahorina.com\/wp-content\/uploads\/2025\/11\/IMG_6818-768x1024.jpg 768w, https:\/\/apartments-jahorina.com\/wp-content\/uploads\/2025\/11\/IMG_6818-1152x1536.jpg 1152w, https:\/\/apartments-jahorina.com\/wp-content\/uploads\/2025\/11\/IMG_6818-1536x2048.jpg 1536w, https:\/\/apartments-jahorina.com\/wp-content\/uploads\/2025\/11\/IMG_6818-472x629.jpg 472w, https:\/\/apartments-jahorina.com\/wp-content\/uploads\/2025\/11\/IMG_6818-1000x1333.jpg 1000w\" sizes=\"(max-width: 1920px) 100vw, 1920px\" \/>\t\t\t\t\t\t\t\t\t\t\t<\/div>\t\t\t\t<\/div>\n\t\t\t\t<\/div>\n\t\t\t\t<\/div>\n\t\t\t\t\t<\/div>\n\t\t\t\t<\/div>\n\t\t\t\t<\/div>\n\t\t","protected":false},"excerpt":{"rendered":"<p>Sze\u015bciomiejscowy Trnovo Jahorina \u2013 Nowy wyci\u0105g dla lepszych wra\u017ce\u0144 z jazdy na nartach Sze\u015bcioosobowa\u00a0\u00a0kolejka linowa Trnovo to nowa, sze\u015bcioosobowa kolejka linowa, kt\u00f3ra zosta\u0142a zainstalowana na Jahorinie w ramach modernizacji o\u015brodka narciarskiego i rozwoju infrastruktury g\u00f3rskiej. Wyci\u0105g ten odgrywa kluczow\u0105 rol\u0119 w usprawnieniu po\u0142\u0105czenia r\u00f3\u017cnych tras narciarskich na Jahorinie, co umo\u017cliwia \u0142atwiejszy i szybszy dost\u0119p wszystkim [&hellip;]<\/p>\n","protected":false},"author":1,"featured_media":0,"parent":0,"menu_order":0,"comment_status":"closed","ping_status":"closed","template":"","meta":{"footnotes":""},"class_list":["post-12096","page","type-page","status-publish","hentry"],"yoast_head":"<!-- This site is optimized with the Yoast SEO plugin v26.4 - https:\/\/yoast.com\/wordpress\/plugins\/seo\/ -->\n<title>Sze\u015bciomiejscowy Trnovo Jahorina - BESTBLICK Apartments Jahorina<\/title>\n<meta name=\"robots\" content=\"index, follow, max-snippet:-1, max-image-preview:large, max-video-preview:-1\" \/>\n<link rel=\"canonical\" href=\"https:\/\/apartments-jahorina.com\/pl\/szesciomiejscowy-trnovo-jahorina\/\" \/>\n<meta property=\"og:locale\" content=\"pl_PL\" \/>\n<meta property=\"og:type\" content=\"article\" \/>\n<meta property=\"og:title\" content=\"Sze\u015bciomiejscowy Trnovo Jahorina - BESTBLICK Apartments Jahorina\" \/>\n<meta property=\"og:description\" content=\"Sze\u015bciomiejscowy Trnovo Jahorina \u2013 Nowy wyci\u0105g dla lepszych wra\u017ce\u0144 z jazdy na nartach Sze\u015bcioosobowa\u00a0\u00a0kolejka linowa Trnovo to nowa, sze\u015bcioosobowa kolejka linowa, kt\u00f3ra zosta\u0142a zainstalowana na Jahorinie w ramach modernizacji o\u015brodka narciarskiego i rozwoju infrastruktury g\u00f3rskiej. Wyci\u0105g ten odgrywa kluczow\u0105 rol\u0119 w usprawnieniu po\u0142\u0105czenia r\u00f3\u017cnych tras narciarskich na Jahorinie, co umo\u017cliwia \u0142atwiejszy i szybszy dost\u0119p wszystkim [&hellip;]\" \/>\n<meta property=\"og:url\" content=\"https:\/\/apartments-jahorina.com\/pl\/szesciomiejscowy-trnovo-jahorina\/\" \/>\n<meta property=\"og:site_name\" content=\"BESTBLICK Apartments Jahorina\" \/>\n<meta property=\"article:modified_time\" content=\"2025-12-11T13:55:35+00:00\" \/>\n<meta property=\"og:image\" content=\"http:\/\/apartments-jahorina.com\/wp-content\/uploads\/2025\/11\/IMG_6818-scaled.jpg\" \/>\n<meta name=\"twitter:card\" content=\"summary_large_image\" \/>\n<meta name=\"twitter:label1\" content=\"Szacowany czas czytania\" \/>\n\t<meta name=\"twitter:data1\" content=\"4 minuty\" \/>\n<script type=\"application\/ld+json\" class=\"yoast-schema-graph\">{\"@context\":\"https:\/\/schema.org\",\"@graph\":[{\"@type\":\"WebPage\",\"@id\":\"https:\/\/apartments-jahorina.com\/pl\/szesciomiejscowy-trnovo-jahorina\/\",\"url\":\"https:\/\/apartments-jahorina.com\/pl\/szesciomiejscowy-trnovo-jahorina\/\",\"name\":\"Sze\u015bciomiejscowy Trnovo Jahorina - BESTBLICK Apartments Jahorina\",\"isPartOf\":{\"@id\":\"https:\/\/apartments-jahorina.com\/#website\"},\"primaryImageOfPage\":{\"@id\":\"https:\/\/apartments-jahorina.com\/pl\/szesciomiejscowy-trnovo-jahorina\/#primaryimage\"},\"image\":{\"@id\":\"https:\/\/apartments-jahorina.com\/pl\/szesciomiejscowy-trnovo-jahorina\/#primaryimage\"},\"thumbnailUrl\":\"http:\/\/apartments-jahorina.com\/wp-content\/uploads\/2025\/11\/IMG_6818-scaled.jpg\",\"datePublished\":\"2025-11-30T18:44:38+00:00\",\"dateModified\":\"2025-12-11T13:55:35+00:00\",\"breadcrumb\":{\"@id\":\"https:\/\/apartments-jahorina.com\/pl\/szesciomiejscowy-trnovo-jahorina\/#breadcrumb\"},\"inLanguage\":\"pl-PL\",\"potentialAction\":[{\"@type\":\"ReadAction\",\"target\":[\"https:\/\/apartments-jahorina.com\/pl\/szesciomiejscowy-trnovo-jahorina\/\"]}]},{\"@type\":\"ImageObject\",\"inLanguage\":\"pl-PL\",\"@id\":\"https:\/\/apartments-jahorina.com\/pl\/szesciomiejscowy-trnovo-jahorina\/#primaryimage\",\"url\":\"http:\/\/apartments-jahorina.com\/wp-content\/uploads\/2025\/11\/IMG_6818-scaled.jpg\",\"contentUrl\":\"http:\/\/apartments-jahorina.com\/wp-content\/uploads\/2025\/11\/IMG_6818-scaled.jpg\"},{\"@type\":\"BreadcrumbList\",\"@id\":\"https:\/\/apartments-jahorina.com\/pl\/szesciomiejscowy-trnovo-jahorina\/#breadcrumb\",\"itemListElement\":[{\"@type\":\"ListItem\",\"position\":1,\"name\":\"Home\",\"item\":\"https:\/\/apartments-jahorina.com\/pl\/\"},{\"@type\":\"ListItem\",\"position\":2,\"name\":\"Sze\u015bciomiejscowy Trnovo Jahorina\"}]},{\"@type\":\"WebSite\",\"@id\":\"https:\/\/apartments-jahorina.com\/#website\",\"url\":\"https:\/\/apartments-jahorina.com\/\",\"name\":\"BESTBLICK Apartments Jahorina\",\"description\":\"Moderni apartmani s pogledom na ski-stazu\",\"potentialAction\":[{\"@type\":\"SearchAction\",\"target\":{\"@type\":\"EntryPoint\",\"urlTemplate\":\"https:\/\/apartments-jahorina.com\/?s={search_term_string}\"},\"query-input\":{\"@type\":\"PropertyValueSpecification\",\"valueRequired\":true,\"valueName\":\"search_term_string\"}}],\"inLanguage\":\"pl-PL\"}]}<\/script>\n<!-- \/ Yoast SEO plugin. -->","yoast_head_json":{"title":"Sze\u015bciomiejscowy Trnovo Jahorina - BESTBLICK Apartments Jahorina","robots":{"index":"index","follow":"follow","max-snippet":"max-snippet:-1","max-image-preview":"max-image-preview:large","max-video-preview":"max-video-preview:-1"},"canonical":"https:\/\/apartments-jahorina.com\/pl\/szesciomiejscowy-trnovo-jahorina\/","og_locale":"pl_PL","og_type":"article","og_title":"Sze\u015bciomiejscowy Trnovo Jahorina - BESTBLICK Apartments Jahorina","og_description":"Sze\u015bciomiejscowy Trnovo Jahorina \u2013 Nowy wyci\u0105g dla lepszych wra\u017ce\u0144 z jazdy na nartach Sze\u015bcioosobowa\u00a0\u00a0kolejka linowa Trnovo to nowa, sze\u015bcioosobowa kolejka linowa, kt\u00f3ra zosta\u0142a zainstalowana na Jahorinie w ramach modernizacji o\u015brodka narciarskiego i rozwoju infrastruktury g\u00f3rskiej. Wyci\u0105g ten odgrywa kluczow\u0105 rol\u0119 w usprawnieniu po\u0142\u0105czenia r\u00f3\u017cnych tras narciarskich na Jahorinie, co umo\u017cliwia \u0142atwiejszy i szybszy dost\u0119p wszystkim [&hellip;]","og_url":"https:\/\/apartments-jahorina.com\/pl\/szesciomiejscowy-trnovo-jahorina\/","og_site_name":"BESTBLICK Apartments Jahorina","article_modified_time":"2025-12-11T13:55:35+00:00","og_image":[{"url":"http:\/\/apartments-jahorina.com\/wp-content\/uploads\/2025\/11\/IMG_6818-scaled.jpg","type":"","width":"","height":""}],"twitter_card":"summary_large_image","twitter_misc":{"Szacowany czas czytania":"4 minuty"},"schema":{"@context":"https:\/\/schema.org","@graph":[{"@type":"WebPage","@id":"https:\/\/apartments-jahorina.com\/pl\/szesciomiejscowy-trnovo-jahorina\/","url":"https:\/\/apartments-jahorina.com\/pl\/szesciomiejscowy-trnovo-jahorina\/","name":"Sze\u015bciomiejscowy Trnovo Jahorina - BESTBLICK Apartments Jahorina","isPartOf":{"@id":"https:\/\/apartments-jahorina.com\/#website"},"primaryImageOfPage":{"@id":"https:\/\/apartments-jahorina.com\/pl\/szesciomiejscowy-trnovo-jahorina\/#primaryimage"},"image":{"@id":"https:\/\/apartments-jahorina.com\/pl\/szesciomiejscowy-trnovo-jahorina\/#primaryimage"},"thumbnailUrl":"http:\/\/apartments-jahorina.com\/wp-content\/uploads\/2025\/11\/IMG_6818-scaled.jpg","datePublished":"2025-11-30T18:44:38+00:00","dateModified":"2025-12-11T13:55:35+00:00","breadcrumb":{"@id":"https:\/\/apartments-jahorina.com\/pl\/szesciomiejscowy-trnovo-jahorina\/#breadcrumb"},"inLanguage":"pl-PL","potentialAction":[{"@type":"ReadAction","target":["https:\/\/apartments-jahorina.com\/pl\/szesciomiejscowy-trnovo-jahorina\/"]}]},{"@type":"ImageObject","inLanguage":"pl-PL","@id":"https:\/\/apartments-jahorina.com\/pl\/szesciomiejscowy-trnovo-jahorina\/#primaryimage","url":"http:\/\/apartments-jahorina.com\/wp-content\/uploads\/2025\/11\/IMG_6818-scaled.jpg","contentUrl":"http:\/\/apartments-jahorina.com\/wp-content\/uploads\/2025\/11\/IMG_6818-scaled.jpg"},{"@type":"BreadcrumbList","@id":"https:\/\/apartments-jahorina.com\/pl\/szesciomiejscowy-trnovo-jahorina\/#breadcrumb","itemListElement":[{"@type":"ListItem","position":1,"name":"Home","item":"https:\/\/apartments-jahorina.com\/pl\/"},{"@type":"ListItem","position":2,"name":"Sze\u015bciomiejscowy Trnovo Jahorina"}]},{"@type":"WebSite","@id":"https:\/\/apartments-jahorina.com\/#website","url":"https:\/\/apartments-jahorina.com\/","name":"BESTBLICK Apartments Jahorina","description":"Moderni apartmani s pogledom na ski-stazu","potentialAction":[{"@type":"SearchAction","target":{"@type":"EntryPoint","urlTemplate":"https:\/\/apartments-jahorina.com\/?s={search_term_string}"},"query-input":{"@type":"PropertyValueSpecification","valueRequired":true,"valueName":"search_term_string"}}],"inLanguage":"pl-PL"}]}},"_links":{"self":[{"href":"https:\/\/apartments-jahorina.com\/pl\/wp-json\/wp\/v2\/pages\/12096","targetHints":{"allow":["GET"]}}],"collection":[{"href":"https:\/\/apartments-jahorina.com\/pl\/wp-json\/wp\/v2\/pages"}],"about":[{"href":"https:\/\/apartments-jahorina.com\/pl\/wp-json\/wp\/v2\/types\/page"}],"author":[{"embeddable":true,"href":"https:\/\/apartments-jahorina.com\/pl\/wp-json\/wp\/v2\/users\/1"}],"replies":[{"embeddable":true,"href":"https:\/\/apartments-jahorina.com\/pl\/wp-json\/wp\/v2\/comments?post=12096"}],"version-history":[{"count":7,"href":"https:\/\/apartments-jahorina.com\/pl\/wp-json\/wp\/v2\/pages\/12096\/revisions"}],"predecessor-version":[{"id":12652,"href":"https:\/\/apartments-jahorina.com\/pl\/wp-json\/wp\/v2\/pages\/12096\/revisions\/12652"}],"wp:attachment":[{"href":"https:\/\/apartments-jahorina.com\/pl\/wp-json\/wp\/v2\/media?parent=12096"}],"curies":[{"name":"wp","href":"https:\/\/api.w.org\/{rel}","templated":true}]}}