{"id":12099,"date":"2025-11-30T18:38:32","date_gmt":"2025-11-30T18:38:32","guid":{"rendered":"http:\/\/apartments-jahorina.com\/nocno-skijanje-na-jahorini\/"},"modified":"2025-12-16T00:43:48","modified_gmt":"2025-12-16T00:43:48","slug":"nocne-narciarstwo-na-jahorinie","status":"publish","type":"page","link":"https:\/\/apartments-jahorina.com\/pl\/nocne-narciarstwo-na-jahorinie\/","title":{"rendered":"Nocne Narciarstwo Na Jahorinie"},"content":{"rendered":"\t\t<div data-elementor-type=\"wp-page\" data-elementor-id=\"12099\" class=\"elementor elementor-12099 elementor-9892\">\n\t\t\t\t<div class=\"elementor-element elementor-element-12b6bd6 e-flex e-con-boxed e-con e-parent\" data-id=\"12b6bd6\" data-element_type=\"container\">\n\t\t\t\t\t<div class=\"e-con-inner\">\n\t\t<div class=\"elementor-element elementor-element-7b8b529 e-con-full e-flex e-con e-child\" data-id=\"7b8b529\" data-element_type=\"container\">\n\t\t<div class=\"elementor-element elementor-element-52f5450 e-con-full e-flex e-con e-child\" data-id=\"52f5450\" data-element_type=\"container\">\n\t\t\t\t<div class=\"elementor-element elementor-element-ef7ac5e elementor-absolute elementor-hidden-mobile elementor-view-default elementor-invisible elementor-widget elementor-widget-icon\" data-id=\"ef7ac5e\" data-element_type=\"widget\" data-settings=\"{&quot;_position&quot;:&quot;absolute&quot;,&quot;motion_fx_motion_fx_scrolling&quot;:&quot;yes&quot;,&quot;motion_fx_translateX_effect&quot;:&quot;yes&quot;,&quot;motion_fx_translateX_speed&quot;:{&quot;unit&quot;:&quot;px&quot;,&quot;size&quot;:1.5,&quot;sizes&quot;:[]},&quot;_animation&quot;:&quot;opal-move-right&quot;,&quot;motion_fx_translateX_affectedRange&quot;:{&quot;unit&quot;:&quot;%&quot;,&quot;size&quot;:&quot;&quot;,&quot;sizes&quot;:{&quot;start&quot;:0,&quot;end&quot;:100}},&quot;motion_fx_devices&quot;:[&quot;desktop&quot;,&quot;laptop&quot;,&quot;tablet_extra&quot;,&quot;tablet&quot;,&quot;mobile_extra&quot;,&quot;mobile&quot;]}\" data-widget_type=\"icon.default\">\n\t\t\t\t\t\t\t<div class=\"elementor-icon-wrapper\">\n\t\t\t<div class=\"elementor-icon\">\n\t\t\t\t\t\t<\/div>\n\t\t<\/div>\n\t\t\t\t\t\t<\/div>\n\t\t\t\t<div class=\"elementor-element elementor-element-7a3b481 elementor-widget__width-auto elementor-absolute elementor-hidden-mobile elementor-view-default elementor-invisible elementor-widget elementor-widget-icon\" data-id=\"7a3b481\" data-element_type=\"widget\" data-settings=\"{&quot;_position&quot;:&quot;absolute&quot;,&quot;motion_fx_motion_fx_scrolling&quot;:&quot;yes&quot;,&quot;motion_fx_translateY_effect&quot;:&quot;yes&quot;,&quot;motion_fx_translateY_direction&quot;:&quot;negative&quot;,&quot;motion_fx_translateY_speed&quot;:{&quot;unit&quot;:&quot;px&quot;,&quot;size&quot;:1.2,&quot;sizes&quot;:[]},&quot;_animation&quot;:&quot;opal-move-down&quot;,&quot;motion_fx_translateY_affectedRange&quot;:{&quot;unit&quot;:&quot;%&quot;,&quot;size&quot;:&quot;&quot;,&quot;sizes&quot;:{&quot;start&quot;:0,&quot;end&quot;:100}},&quot;motion_fx_devices&quot;:[&quot;desktop&quot;,&quot;laptop&quot;,&quot;tablet_extra&quot;,&quot;tablet&quot;,&quot;mobile_extra&quot;,&quot;mobile&quot;]}\" data-widget_type=\"icon.default\">\n\t\t\t\t\t\t\t<div class=\"elementor-icon-wrapper\">\n\t\t\t<div class=\"elementor-icon\">\n\t\t\t\t\t\t<\/div>\n\t\t<\/div>\n\t\t\t\t\t\t<\/div>\n\t\t\t\t<\/div>\n\t\t<div class=\"elementor-element elementor-element-4e0b3cc e-con-full e-flex e-con e-child\" data-id=\"4e0b3cc\" data-element_type=\"container\">\n\t\t\t\t<div class=\"elementor-element elementor-element-6bc46d3 elementor-widget__width-initial elementor-invisible elementor-widget elementor-widget-heading\" data-id=\"6bc46d3\" data-element_type=\"widget\" data-settings=\"{&quot;_animation&quot;:&quot;opal-move-left&quot;}\" data-widget_type=\"heading.default\">\n\t\t\t\t\t<h2 data-cursor=\"-opaque\" class=\"elementor-heading-title elementor-size-default\">Nocne Narciarstwo Na Jahorinie \u2013  <span class=\"c-primary\">Niezapomniane wra\u017cenia z jazdy na nartach pod gwiazdami<\/span><\/h2>\t\t\t\t<\/div>\n\t\t\t\t<div class=\"elementor-element elementor-element-4aa09f6 elementor-widget__width-initial elementor-invisible elementor-widget elementor-widget-text-editor\" data-id=\"4aa09f6\" data-element_type=\"widget\" data-settings=\"{&quot;_animation&quot;:&quot;opal-move-left&quot;}\" data-widget_type=\"text-editor.default\">\n\t\t\t\t\t\t\t\t\t<p><span dir=\"auto\">Jahorina, znana jako jeden z czo\u0142owych o\u015brodk\u00f3w narciarskich na Ba\u0142kanach, oferuje r\u00f3wnie\u017c atrakcyjne\u00a0\u00a0<\/span><strong><span dir=\"auto\">mo\u017cliwo\u015bci jazdy nocnej<\/span><\/strong><span dir=\"auto\">\u00a0, idealne dla mi\u0142o\u015bnik\u00f3w sport\u00f3w zimowych, kt\u00f3rzy chc\u0105 w pe\u0142ni wykorzysta\u0107 sw\u00f3j pobyt w g\u00f3rach. Dzi\u0119ki 11,8 kilometrom o\u015bwietlonych tras, to do\u015bwiadczenie zapewnia wyj\u0105tkowe po\u0142\u0105czenie adrenaliny i magicznej zimowej atmosfery.<\/span><\/p>\t\t\t\t\t\t\t\t<\/div>\n\t\t\t\t<\/div>\n\t\t\t\t<\/div>\n\t\t<div class=\"elementor-element elementor-element-300ae1a e-con-full e-flex e-con e-child\" data-id=\"300ae1a\" data-element_type=\"container\">\n\t\t<div class=\"elementor-element elementor-element-70f5e3f e-con-full e-flex e-con e-child\" data-id=\"70f5e3f\" data-element_type=\"container\">\n\t\t\t\t<div class=\"elementor-element elementor-element-67151ae elementor-invisible elementor-widget elementor-widget-n-accordion\" data-id=\"67151ae\" data-element_type=\"widget\" data-settings=\"{&quot;_animation&quot;:&quot;opal-move-right&quot;,&quot;default_state&quot;:&quot;all_collapsed&quot;,&quot;max_items_expended&quot;:&quot;one&quot;,&quot;n_accordion_animation_duration&quot;:{&quot;unit&quot;:&quot;ms&quot;,&quot;size&quot;:400,&quot;sizes&quot;:[]}}\" data-widget_type=\"nested-accordion.default\">\n\t\t\t\t\t\t\t<div class=\"e-n-accordion\" aria-label=\"Accordion. Open links with Enter or Space, close with Escape, and navigate with Arrow Keys\">\n\t\t\t\t\t\t<details id=\"e-n-accordion-item-1080\" class=\"e-n-accordion-item\" >\n\t\t\t\t<summary class=\"e-n-accordion-item-title\" data-accordion-index=\"1\" tabindex=\"0\" aria-expanded=\"false\" aria-controls=\"e-n-accordion-item-1080\" >\n\t\t\t\t\t<span class='e-n-accordion-item-title-header'><div class=\"e-n-accordion-item-title-text\"> Lokalizacje i harmonogram <\/div><\/span>\n\t\t\t\t\t\t\t<span class='e-n-accordion-item-title-icon'>\n\t\t\t<span class='e-opened' ><i aria-hidden=\"true\" class=\"antra-icon- antra-icon-minus\"><\/i><\/span>\n\t\t\t<span class='e-closed'><i aria-hidden=\"true\" class=\"antra-icon- antra-icon-plus\"><\/i><\/span>\n\t\t<\/span>\n\n\t\t\t\t\t\t<\/summary>\n\t\t\t\t<div role=\"region\" aria-labelledby=\"e-n-accordion-item-1080\" class=\"elementor-element elementor-element-efa299f e-con-full e-flex e-con e-child\" data-id=\"efa299f\" data-element_type=\"container\">\n\t\t\t\t<div class=\"elementor-element elementor-element-bf5b1c6 elementor-widget__width-initial elementor-widget elementor-widget-text-editor\" data-id=\"bf5b1c6\" data-element_type=\"widget\" data-widget_type=\"text-editor.default\">\n\t\t\t\t\t\t\t\t\t<p><span dir=\"auto\">Najpopularniejsz\u0105 tras\u0105 do nocnej jazdy na nartach jest\u00a0\u00a0<\/span><strong><span dir=\"auto\">Poljice<\/span><\/strong><span dir=\"auto\">\u00a0, wyposa\u017cona w nowoczesne o\u015bwietlenie i zapewniaj\u0105ca idealne warunki do bezpiecznej jazdy. Kolejka linowa i wyci\u0105g narciarski Poljice dzia\u0142aj\u0105 od\u00a0\u00a0<\/span><strong><span dir=\"auto\">18:00 do 21:00<\/span><\/strong><span dir=\"auto\">\u00a0, co pozwala na trzy godziny nieprzerwanej jazdy na nartach lub snowboardzie. System o\u015bwietlenia gwarantuje przejrzysto\u015b\u0107 i bezpiecze\u0144stwo, nawet dla mniej do\u015bwiadczonych narciarzy.<\/span><\/p>\t\t\t\t\t\t\t\t<\/div>\n\t\t\t\t<\/div>\n\t\t\t\t\t<\/details>\n\t\t\t\t\t\t<details id=\"e-n-accordion-item-1081\" class=\"e-n-accordion-item\" >\n\t\t\t\t<summary class=\"e-n-accordion-item-title\" data-accordion-index=\"2\" tabindex=\"-1\" aria-expanded=\"false\" aria-controls=\"e-n-accordion-item-1081\" >\n\t\t\t\t\t<span class='e-n-accordion-item-title-header'><div class=\"e-n-accordion-item-title-text\"> Ceny karnet\u00f3w narciarskich na jazd\u0119 nocn\u0105 <\/div><\/span>\n\t\t\t\t\t\t\t<span class='e-n-accordion-item-title-icon'>\n\t\t\t<span class='e-opened' ><i aria-hidden=\"true\" class=\"antra-icon- antra-icon-minus\"><\/i><\/span>\n\t\t\t<span class='e-closed'><i aria-hidden=\"true\" class=\"antra-icon- antra-icon-plus\"><\/i><\/span>\n\t\t<\/span>\n\n\t\t\t\t\t\t<\/summary>\n\t\t\t\t<div role=\"region\" aria-labelledby=\"e-n-accordion-item-1081\" class=\"elementor-element elementor-element-f0098d4 e-con-full e-flex e-con e-child\" data-id=\"f0098d4\" data-element_type=\"container\">\n\t\t\t\t<div class=\"elementor-element elementor-element-6580925 elementor-widget__width-initial elementor-widget elementor-widget-text-editor\" data-id=\"6580925\" data-element_type=\"widget\" data-widget_type=\"text-editor.default\">\n\t\t\t\t\t\t\t\t\t<p><span dir=\"auto\"><span class=\"\" dir=\"auto\">Nocna jazda na nartach jest cz\u0119sto wliczona w cen\u0119 konkretnych pakiet\u00f3w karnet\u00f3w narciarskich, natomiast osoby chc\u0105ce skorzysta\u0107 tylko z tej opcji, mog\u0105 zakupi\u0107\u00a0\u00a0<\/span><\/span><strong><span dir=\"auto\"><span class=\"\" dir=\"auto\">indywidualny karnet<\/span><\/span><\/strong><span dir=\"auto\"><span class=\"\" dir=\"auto\">\u00a0.\u00a0\u00a0<\/span><\/span><a href=\"https:\/\/translate.google.com\/website?sl=hr&amp;tl=pl&amp;hl=en&amp;client=webapp&amp;u=https:\/\/apartments-jahorina.com\/cijene-skijanja-na-jahorini\/\"><span dir=\"auto\"><span class=\"\" dir=\"auto\">Ceny<\/span><\/span><\/a><span dir=\"auto\"><span class=\"\" dir=\"auto\">\u00a0nocnej jazdy na nartach \u00a0s\u0105 przyst\u0119pne, a szczeg\u00f3\u0142owy cennik dost\u0119pny jest na oficjalnej stronie internetowej Centrum Olimpijskiego Jahorina. Zaleca si\u0119 wcze\u015bniejsze sprawdzenie ofert, szczeg\u00f3lnie w szczycie sezonu zimowego.<\/span><\/span><\/p>\t\t\t\t\t\t\t\t<\/div>\n\t\t\t\t<\/div>\n\t\t\t\t\t<\/details>\n\t\t\t\t\t\t<details id=\"e-n-accordion-item-1082\" class=\"e-n-accordion-item\" >\n\t\t\t\t<summary class=\"e-n-accordion-item-title\" data-accordion-index=\"3\" tabindex=\"-1\" aria-expanded=\"false\" aria-controls=\"e-n-accordion-item-1082\" >\n\t\t\t\t\t<span class='e-n-accordion-item-title-header'><div class=\"e-n-accordion-item-title-text\"> Dlaczego warto wybra\u0107 jazd\u0119 na nartach noc\u0105? <\/div><\/span>\n\t\t\t\t\t\t\t<span class='e-n-accordion-item-title-icon'>\n\t\t\t<span class='e-opened' ><i aria-hidden=\"true\" class=\"antra-icon- antra-icon-minus\"><\/i><\/span>\n\t\t\t<span class='e-closed'><i aria-hidden=\"true\" class=\"antra-icon- antra-icon-plus\"><\/i><\/span>\n\t\t<\/span>\n\n\t\t\t\t\t\t<\/summary>\n\t\t\t\t<div role=\"region\" aria-labelledby=\"e-n-accordion-item-1082\" class=\"elementor-element elementor-element-5471b18 e-con-full e-flex e-con e-child\" data-id=\"5471b18\" data-element_type=\"container\">\n\t\t\t\t<div class=\"elementor-element elementor-element-9cf7c35 elementor-widget__width-initial elementor-widget elementor-widget-text-editor\" data-id=\"9cf7c35\" data-element_type=\"widget\" data-widget_type=\"text-editor.default\">\n\t\t\t\t\t\t\t\t\t<ul><li><strong><span dir=\"auto\"><span dir=\"auto\">Mniej t\u0142um\u00f3w<\/span><\/span><\/strong><span dir=\"auto\"><span dir=\"auto\">\u00a0\u00a0\u2013 jazda na nartach noc\u0105 odbywa si\u0119 w bardziej sprzyjaj\u0105cych warunkach, poniewa\u017c na trasach jest mniej t\u0142oczno.<\/span><\/span><\/li><li><strong><span dir=\"auto\"><span dir=\"auto\">Niepowtarzalna atmosfera<\/span><\/span><\/strong><span dir=\"auto\"><span dir=\"auto\">\u00a0\u00a0\u2013 o\u015bwietlone szlaki i \u015bwie\u017ce g\u00f3rskie powietrze tworz\u0105 wyj\u0105tkowe zimowe wra\u017cenia.<\/span><\/span><\/li><li><strong><span dir=\"auto\"><span dir=\"auto\">Wi\u0119cej czasu na stoku<\/span><\/span><\/strong><span dir=\"auto\"><span dir=\"auto\">\u00a0\u00a0\u2013 idealna opcja dla tych, kt\u00f3rzy chc\u0105 w pe\u0142ni wykorzysta\u0107 ka\u017cd\u0105 chwil\u0119 zimowego urlopu.<\/span><\/span><\/li><li>\u00a0<\/li><\/ul>\t\t\t\t\t\t\t\t<\/div>\n\t\t\t\t<\/div>\n\t\t\t\t\t<\/details>\n\t\t\t\t\t\t<details id=\"e-n-accordion-item-1083\" class=\"e-n-accordion-item\" >\n\t\t\t\t<summary class=\"e-n-accordion-item-title\" data-accordion-index=\"4\" tabindex=\"-1\" aria-expanded=\"false\" aria-controls=\"e-n-accordion-item-1083\" >\n\t\t\t\t\t<span class='e-n-accordion-item-title-header'><div class=\"e-n-accordion-item-title-text\"> Wskaz\u00f3wki dla odwiedzaj\u0105cych <\/div><\/span>\n\t\t\t\t\t\t\t<span class='e-n-accordion-item-title-icon'>\n\t\t\t<span class='e-opened' ><i aria-hidden=\"true\" class=\"antra-icon- antra-icon-minus\"><\/i><\/span>\n\t\t\t<span class='e-closed'><i aria-hidden=\"true\" class=\"antra-icon- antra-icon-plus\"><\/i><\/span>\n\t\t<\/span>\n\n\t\t\t\t\t\t<\/summary>\n\t\t\t\t<div role=\"region\" aria-labelledby=\"e-n-accordion-item-1083\" class=\"elementor-element elementor-element-0f421d8 e-con-full e-flex e-con e-child\" data-id=\"0f421d8\" data-element_type=\"container\">\n\t\t\t\t<div class=\"elementor-element elementor-element-f71324c elementor-widget__width-initial elementor-widget elementor-widget-text-editor\" data-id=\"f71324c\" data-element_type=\"widget\" data-widget_type=\"text-editor.default\">\n\t\t\t\t\t\t\t\t\t<ul><li><strong><span dir=\"auto\"><span dir=\"auto\">Ubranie i sprz\u0119t<\/span><\/span><\/strong><span dir=\"auto\"><span dir=\"auto\">\u00a0: Ze wzgl\u0119du na ni\u017csze temperatury w nocy zaleca si\u0119 noszenie odzie\u017cy \u201ena cebulk\u0119\u201d.<\/span><\/span><\/li><li><strong><span dir=\"auto\"><span dir=\"auto\">Rezerwacja z wyprzedzeniem<\/span><\/span><\/strong><span dir=\"auto\"><span dir=\"auto\">\u00a0: W szczycie sezonu popularna jest jazda na nartach noc\u0105, dlatego zaleca si\u0119 wcze\u015bniejsze wykupienie karnetu narciarskiego.<\/span><\/span><\/li><li><strong><span dir=\"auto\"><span dir=\"auto\">Odpoczynek i gor\u0105ce napoje<\/span><\/span><\/strong><span dir=\"auto\"><span dir=\"auto\">\u00a0: W pobli\u017cu stok\u00f3w znajduj\u0105 si\u0119 restauracje i bary, w kt\u00f3rych po szusowaniu mo\u017cna rozkoszowa\u0107 si\u0119 gor\u0105cymi napojami.<\/span><\/span><\/li><li>\u00a0<\/li><\/ul>\t\t\t\t\t\t\t\t<\/div>\n\t\t\t\t<\/div>\n\t\t\t\t\t<\/details>\n\t\t\t\t\t\t<details id=\"e-n-accordion-item-1084\" class=\"e-n-accordion-item\" >\n\t\t\t\t<summary class=\"e-n-accordion-item-title\" data-accordion-index=\"5\" tabindex=\"-1\" aria-expanded=\"false\" aria-controls=\"e-n-accordion-item-1084\" >\n\t\t\t\t\t<span class='e-n-accordion-item-title-header'><div class=\"e-n-accordion-item-title-text\"> Wniosek <\/div><\/span>\n\t\t\t\t\t\t\t<span class='e-n-accordion-item-title-icon'>\n\t\t\t<span class='e-opened' ><i aria-hidden=\"true\" class=\"antra-icon- antra-icon-minus\"><\/i><\/span>\n\t\t\t<span class='e-closed'><i aria-hidden=\"true\" class=\"antra-icon- antra-icon-plus\"><\/i><\/span>\n\t\t<\/span>\n\n\t\t\t\t\t\t<\/summary>\n\t\t\t\t<div role=\"region\" aria-labelledby=\"e-n-accordion-item-1084\" class=\"elementor-element elementor-element-f6211a5 e-con-full e-flex e-con e-child\" data-id=\"f6211a5\" data-element_type=\"container\">\n\t\t\t\t<div class=\"elementor-element elementor-element-57d17d2 elementor-widget__width-initial elementor-widget elementor-widget-text-editor\" data-id=\"57d17d2\" data-element_type=\"widget\" data-widget_type=\"text-editor.default\">\n\t\t\t\t\t\t\t\t\t<p>Nocna jazda na nartach na Jahorinie to idealny spos\u00f3b na przed\u0142u\u017cenie dnia na stoku i do\u015bwiadczenie magii jazdy pod gwiazdami. Zaplanuj z wyprzedzeniem, zabierz ciep\u0142e ubranie i ciesz si\u0119 tym niezapomnianym prze\u017cyciem.<\/p>\t\t\t\t\t\t\t\t<\/div>\n\t\t\t\t<\/div>\n\t\t\t\t\t<\/details>\n\t\t\t\t\t<\/div>\n\t\t\t\t\t\t<\/div>\n\t\t\t\t<\/div>\n\t\t<div class=\"elementor-element elementor-element-7c44126 e-con-full e-flex e-con e-child\" data-id=\"7c44126\" data-element_type=\"container\">\n\t\t\t\t<div class=\"elementor-element elementor-element-5b562f9 elementor-invisible elementor-widget elementor-widget-image\" data-id=\"5b562f9\" data-element_type=\"widget\" data-settings=\"{&quot;_animation&quot;:&quot;opal-move-left&quot;}\" data-widget_type=\"image.default\">\n\t\t\t\t\t<div class=\"antra-wrapper-image-widget\" data-cursor=\"-opaque\">\t\t\t\t\t\t\t\t\t\t<img loading=\"lazy\" decoding=\"async\" width=\"1920\" height=\"1920\" src=\"https:\/\/apartments-jahorina.com\/wp-content\/uploads\/2025\/12\/nocna1-4.jpg\" class=\"attachment-full size-full wp-image-12720\" alt=\"\" srcset=\"https:\/\/apartments-jahorina.com\/wp-content\/uploads\/2025\/12\/nocna1-4.jpg 1920w, https:\/\/apartments-jahorina.com\/wp-content\/uploads\/2025\/12\/nocna1-4-300x300.jpg 300w, https:\/\/apartments-jahorina.com\/wp-content\/uploads\/2025\/12\/nocna1-4-1024x1024.jpg 1024w, https:\/\/apartments-jahorina.com\/wp-content\/uploads\/2025\/12\/nocna1-4-150x150.jpg 150w, https:\/\/apartments-jahorina.com\/wp-content\/uploads\/2025\/12\/nocna1-4-768x768.jpg 768w, https:\/\/apartments-jahorina.com\/wp-content\/uploads\/2025\/12\/nocna1-4-1536x1536.jpg 1536w, https:\/\/apartments-jahorina.com\/wp-content\/uploads\/2025\/12\/nocna1-4-629x629.jpg 629w, https:\/\/apartments-jahorina.com\/wp-content\/uploads\/2025\/12\/nocna1-4-600x600.jpg 600w, https:\/\/apartments-jahorina.com\/wp-content\/uploads\/2025\/12\/nocna1-4-1000x1000.jpg 1000w, https:\/\/apartments-jahorina.com\/wp-content\/uploads\/2025\/12\/nocna1-4-100x100.jpg 100w\" sizes=\"(max-width: 1920px) 100vw, 1920px\" \/>\t\t\t\t\t\t\t\t\t\t\t<\/div>\t\t\t\t<\/div>\n\t\t\t\t<\/div>\n\t\t\t\t<\/div>\n\t\t\t\t\t<\/div>\n\t\t\t\t<\/div>\n\t\t\t\t<\/div>\n\t\t","protected":false},"excerpt":{"rendered":"<p>Nocne Narciarstwo Na Jahorinie \u2013 Niezapomniane wra\u017cenia z jazdy na nartach pod gwiazdami Jahorina, znana jako jeden z czo\u0142owych o\u015brodk\u00f3w narciarskich na Ba\u0142kanach, oferuje r\u00f3wnie\u017c atrakcyjne\u00a0\u00a0mo\u017cliwo\u015bci jazdy nocnej\u00a0, idealne dla mi\u0142o\u015bnik\u00f3w sport\u00f3w zimowych, kt\u00f3rzy chc\u0105 w pe\u0142ni wykorzysta\u0107 sw\u00f3j pobyt w g\u00f3rach. Dzi\u0119ki 11,8 kilometrom o\u015bwietlonych tras, to do\u015bwiadczenie zapewnia wyj\u0105tkowe po\u0142\u0105czenie adrenaliny i magicznej [&hellip;]<\/p>\n","protected":false},"author":1,"featured_media":0,"parent":0,"menu_order":0,"comment_status":"closed","ping_status":"closed","template":"","meta":{"footnotes":""},"class_list":["post-12099","page","type-page","status-publish","hentry"],"yoast_head":"<!-- This site is optimized with the Yoast SEO plugin v26.4 - https:\/\/yoast.com\/wordpress\/plugins\/seo\/ -->\n<title>Nocne Narciarstwo Na Jahorinie - BESTBLICK Apartments Jahorina<\/title>\n<meta name=\"robots\" content=\"index, follow, max-snippet:-1, max-image-preview:large, max-video-preview:-1\" \/>\n<link rel=\"canonical\" href=\"https:\/\/apartments-jahorina.com\/nocno-skijanje-na-jahorini\/\" \/>\n<meta property=\"og:locale\" content=\"pl_PL\" \/>\n<meta property=\"og:type\" content=\"article\" \/>\n<meta property=\"og:title\" content=\"Nocne Narciarstwo Na Jahorinie - BESTBLICK Apartments Jahorina\" \/>\n<meta property=\"og:description\" content=\"Nocne Narciarstwo Na Jahorinie \u2013 Niezapomniane wra\u017cenia z jazdy na nartach pod gwiazdami Jahorina, znana jako jeden z czo\u0142owych o\u015brodk\u00f3w narciarskich na Ba\u0142kanach, oferuje r\u00f3wnie\u017c atrakcyjne\u00a0\u00a0mo\u017cliwo\u015bci jazdy nocnej\u00a0, idealne dla mi\u0142o\u015bnik\u00f3w sport\u00f3w zimowych, kt\u00f3rzy chc\u0105 w pe\u0142ni wykorzysta\u0107 sw\u00f3j pobyt w g\u00f3rach. Dzi\u0119ki 11,8 kilometrom o\u015bwietlonych tras, to do\u015bwiadczenie zapewnia wyj\u0105tkowe po\u0142\u0105czenie adrenaliny i magicznej [&hellip;]\" \/>\n<meta property=\"og:url\" content=\"https:\/\/apartments-jahorina.com\/nocno-skijanje-na-jahorini\/\" \/>\n<meta property=\"og:site_name\" content=\"BESTBLICK Apartments Jahorina\" \/>\n<meta property=\"article:modified_time\" content=\"2025-12-16T00:43:48+00:00\" \/>\n<meta property=\"og:image\" content=\"http:\/\/apartments-jahorina.com\/wp-content\/uploads\/2025\/12\/nocna1-4.jpg\" \/>\n<meta name=\"twitter:card\" content=\"summary_large_image\" \/>\n<meta name=\"twitter:label1\" content=\"Szacowany czas czytania\" \/>\n\t<meta name=\"twitter:data1\" content=\"3 minuty\" \/>\n<script type=\"application\/ld+json\" class=\"yoast-schema-graph\">{\"@context\":\"https:\/\/schema.org\",\"@graph\":[{\"@type\":\"WebPage\",\"@id\":\"https:\/\/apartments-jahorina.com\/nocno-skijanje-na-jahorini\/\",\"url\":\"https:\/\/apartments-jahorina.com\/nocno-skijanje-na-jahorini\/\",\"name\":\"Nocne Narciarstwo Na Jahorinie - BESTBLICK Apartments Jahorina\",\"isPartOf\":{\"@id\":\"https:\/\/apartments-jahorina.com\/#website\"},\"primaryImageOfPage\":{\"@id\":\"https:\/\/apartments-jahorina.com\/nocno-skijanje-na-jahorini\/#primaryimage\"},\"image\":{\"@id\":\"https:\/\/apartments-jahorina.com\/nocno-skijanje-na-jahorini\/#primaryimage\"},\"thumbnailUrl\":\"http:\/\/apartments-jahorina.com\/wp-content\/uploads\/2025\/12\/nocna1-4.jpg\",\"datePublished\":\"2025-11-30T18:38:32+00:00\",\"dateModified\":\"2025-12-16T00:43:48+00:00\",\"breadcrumb\":{\"@id\":\"https:\/\/apartments-jahorina.com\/nocno-skijanje-na-jahorini\/#breadcrumb\"},\"inLanguage\":\"pl-PL\",\"potentialAction\":[{\"@type\":\"ReadAction\",\"target\":[\"https:\/\/apartments-jahorina.com\/nocno-skijanje-na-jahorini\/\"]}]},{\"@type\":\"ImageObject\",\"inLanguage\":\"pl-PL\",\"@id\":\"https:\/\/apartments-jahorina.com\/nocno-skijanje-na-jahorini\/#primaryimage\",\"url\":\"http:\/\/apartments-jahorina.com\/wp-content\/uploads\/2025\/12\/nocna1-4.jpg\",\"contentUrl\":\"http:\/\/apartments-jahorina.com\/wp-content\/uploads\/2025\/12\/nocna1-4.jpg\"},{\"@type\":\"BreadcrumbList\",\"@id\":\"https:\/\/apartments-jahorina.com\/nocno-skijanje-na-jahorini\/#breadcrumb\",\"itemListElement\":[{\"@type\":\"ListItem\",\"position\":1,\"name\":\"Home\",\"item\":\"https:\/\/apartments-jahorina.com\/pl\/\"},{\"@type\":\"ListItem\",\"position\":2,\"name\":\"Nocne Narciarstwo Na Jahorinie\"}]},{\"@type\":\"WebSite\",\"@id\":\"https:\/\/apartments-jahorina.com\/#website\",\"url\":\"https:\/\/apartments-jahorina.com\/\",\"name\":\"BESTBLICK Apartments Jahorina\",\"description\":\"Moderni apartmani s pogledom na ski-stazu\",\"potentialAction\":[{\"@type\":\"SearchAction\",\"target\":{\"@type\":\"EntryPoint\",\"urlTemplate\":\"https:\/\/apartments-jahorina.com\/?s={search_term_string}\"},\"query-input\":{\"@type\":\"PropertyValueSpecification\",\"valueRequired\":true,\"valueName\":\"search_term_string\"}}],\"inLanguage\":\"pl-PL\"}]}<\/script>\n<!-- \/ Yoast SEO plugin. -->","yoast_head_json":{"title":"Nocne Narciarstwo Na Jahorinie - BESTBLICK Apartments Jahorina","robots":{"index":"index","follow":"follow","max-snippet":"max-snippet:-1","max-image-preview":"max-image-preview:large","max-video-preview":"max-video-preview:-1"},"canonical":"https:\/\/apartments-jahorina.com\/nocno-skijanje-na-jahorini\/","og_locale":"pl_PL","og_type":"article","og_title":"Nocne Narciarstwo Na Jahorinie - BESTBLICK Apartments Jahorina","og_description":"Nocne Narciarstwo Na Jahorinie \u2013 Niezapomniane wra\u017cenia z jazdy na nartach pod gwiazdami Jahorina, znana jako jeden z czo\u0142owych o\u015brodk\u00f3w narciarskich na Ba\u0142kanach, oferuje r\u00f3wnie\u017c atrakcyjne\u00a0\u00a0mo\u017cliwo\u015bci jazdy nocnej\u00a0, idealne dla mi\u0142o\u015bnik\u00f3w sport\u00f3w zimowych, kt\u00f3rzy chc\u0105 w pe\u0142ni wykorzysta\u0107 sw\u00f3j pobyt w g\u00f3rach. Dzi\u0119ki 11,8 kilometrom o\u015bwietlonych tras, to do\u015bwiadczenie zapewnia wyj\u0105tkowe po\u0142\u0105czenie adrenaliny i magicznej [&hellip;]","og_url":"https:\/\/apartments-jahorina.com\/nocno-skijanje-na-jahorini\/","og_site_name":"BESTBLICK Apartments Jahorina","article_modified_time":"2025-12-16T00:43:48+00:00","og_image":[{"url":"http:\/\/apartments-jahorina.com\/wp-content\/uploads\/2025\/12\/nocna1-4.jpg","type":"","width":"","height":""}],"twitter_card":"summary_large_image","twitter_misc":{"Szacowany czas czytania":"3 minuty"},"schema":{"@context":"https:\/\/schema.org","@graph":[{"@type":"WebPage","@id":"https:\/\/apartments-jahorina.com\/nocno-skijanje-na-jahorini\/","url":"https:\/\/apartments-jahorina.com\/nocno-skijanje-na-jahorini\/","name":"Nocne Narciarstwo Na Jahorinie - BESTBLICK Apartments Jahorina","isPartOf":{"@id":"https:\/\/apartments-jahorina.com\/#website"},"primaryImageOfPage":{"@id":"https:\/\/apartments-jahorina.com\/nocno-skijanje-na-jahorini\/#primaryimage"},"image":{"@id":"https:\/\/apartments-jahorina.com\/nocno-skijanje-na-jahorini\/#primaryimage"},"thumbnailUrl":"http:\/\/apartments-jahorina.com\/wp-content\/uploads\/2025\/12\/nocna1-4.jpg","datePublished":"2025-11-30T18:38:32+00:00","dateModified":"2025-12-16T00:43:48+00:00","breadcrumb":{"@id":"https:\/\/apartments-jahorina.com\/nocno-skijanje-na-jahorini\/#breadcrumb"},"inLanguage":"pl-PL","potentialAction":[{"@type":"ReadAction","target":["https:\/\/apartments-jahorina.com\/nocno-skijanje-na-jahorini\/"]}]},{"@type":"ImageObject","inLanguage":"pl-PL","@id":"https:\/\/apartments-jahorina.com\/nocno-skijanje-na-jahorini\/#primaryimage","url":"http:\/\/apartments-jahorina.com\/wp-content\/uploads\/2025\/12\/nocna1-4.jpg","contentUrl":"http:\/\/apartments-jahorina.com\/wp-content\/uploads\/2025\/12\/nocna1-4.jpg"},{"@type":"BreadcrumbList","@id":"https:\/\/apartments-jahorina.com\/nocno-skijanje-na-jahorini\/#breadcrumb","itemListElement":[{"@type":"ListItem","position":1,"name":"Home","item":"https:\/\/apartments-jahorina.com\/pl\/"},{"@type":"ListItem","position":2,"name":"Nocne Narciarstwo Na Jahorinie"}]},{"@type":"WebSite","@id":"https:\/\/apartments-jahorina.com\/#website","url":"https:\/\/apartments-jahorina.com\/","name":"BESTBLICK Apartments Jahorina","description":"Moderni apartmani s pogledom na ski-stazu","potentialAction":[{"@type":"SearchAction","target":{"@type":"EntryPoint","urlTemplate":"https:\/\/apartments-jahorina.com\/?s={search_term_string}"},"query-input":{"@type":"PropertyValueSpecification","valueRequired":true,"valueName":"search_term_string"}}],"inLanguage":"pl-PL"}]}},"_links":{"self":[{"href":"https:\/\/apartments-jahorina.com\/pl\/wp-json\/wp\/v2\/pages\/12099","targetHints":{"allow":["GET"]}}],"collection":[{"href":"https:\/\/apartments-jahorina.com\/pl\/wp-json\/wp\/v2\/pages"}],"about":[{"href":"https:\/\/apartments-jahorina.com\/pl\/wp-json\/wp\/v2\/types\/page"}],"author":[{"embeddable":true,"href":"https:\/\/apartments-jahorina.com\/pl\/wp-json\/wp\/v2\/users\/1"}],"replies":[{"embeddable":true,"href":"https:\/\/apartments-jahorina.com\/pl\/wp-json\/wp\/v2\/comments?post=12099"}],"version-history":[{"count":7,"href":"https:\/\/apartments-jahorina.com\/pl\/wp-json\/wp\/v2\/pages\/12099\/revisions"}],"predecessor-version":[{"id":12724,"href":"https:\/\/apartments-jahorina.com\/pl\/wp-json\/wp\/v2\/pages\/12099\/revisions\/12724"}],"wp:attachment":[{"href":"https:\/\/apartments-jahorina.com\/pl\/wp-json\/wp\/v2\/media?parent=12099"}],"curies":[{"name":"wp","href":"https:\/\/api.w.org\/{rel}","templated":true}]}}