{"id":12112,"date":"2025-11-30T18:14:29","date_gmt":"2025-11-30T18:14:29","guid":{"rendered":"http:\/\/apartments-jahorina.com\/cijene-skijanja-na-jahorini\/"},"modified":"2025-12-11T13:18:24","modified_gmt":"2025-12-11T13:18:24","slug":"ceny-nart-na-jahorinie","status":"publish","type":"page","link":"https:\/\/apartments-jahorina.com\/pl\/ceny-nart-na-jahorinie\/","title":{"rendered":"Ceny nart na Jahorinie"},"content":{"rendered":"\t\t<div data-elementor-type=\"wp-page\" data-elementor-id=\"12112\" class=\"elementor elementor-12112 elementor-9848\">\n\t\t\t\t<div class=\"elementor-element elementor-element-12b6bd6 e-flex e-con-boxed e-con e-parent\" data-id=\"12b6bd6\" data-element_type=\"container\">\n\t\t\t\t\t<div class=\"e-con-inner\">\n\t\t<div class=\"elementor-element elementor-element-7b8b529 e-con-full e-flex e-con e-child\" data-id=\"7b8b529\" data-element_type=\"container\">\n\t\t<div class=\"elementor-element elementor-element-52f5450 e-con-full e-flex e-con e-child\" data-id=\"52f5450\" data-element_type=\"container\">\n\t\t\t\t<div class=\"elementor-element elementor-element-ef7ac5e elementor-absolute elementor-hidden-mobile elementor-view-default elementor-invisible elementor-widget elementor-widget-icon\" data-id=\"ef7ac5e\" data-element_type=\"widget\" data-settings=\"{&quot;_position&quot;:&quot;absolute&quot;,&quot;motion_fx_motion_fx_scrolling&quot;:&quot;yes&quot;,&quot;motion_fx_translateX_effect&quot;:&quot;yes&quot;,&quot;motion_fx_translateX_speed&quot;:{&quot;unit&quot;:&quot;px&quot;,&quot;size&quot;:1.5,&quot;sizes&quot;:[]},&quot;_animation&quot;:&quot;opal-move-right&quot;,&quot;motion_fx_translateX_affectedRange&quot;:{&quot;unit&quot;:&quot;%&quot;,&quot;size&quot;:&quot;&quot;,&quot;sizes&quot;:{&quot;start&quot;:0,&quot;end&quot;:100}},&quot;motion_fx_devices&quot;:[&quot;desktop&quot;,&quot;laptop&quot;,&quot;tablet_extra&quot;,&quot;tablet&quot;,&quot;mobile_extra&quot;,&quot;mobile&quot;]}\" data-widget_type=\"icon.default\">\n\t\t\t\t\t\t\t<div class=\"elementor-icon-wrapper\">\n\t\t\t<div class=\"elementor-icon\">\n\t\t\t\t\t\t<\/div>\n\t\t<\/div>\n\t\t\t\t\t\t<\/div>\n\t\t\t\t<div class=\"elementor-element elementor-element-7a3b481 elementor-widget__width-auto elementor-absolute elementor-hidden-mobile elementor-view-default elementor-invisible elementor-widget elementor-widget-icon\" data-id=\"7a3b481\" data-element_type=\"widget\" data-settings=\"{&quot;_position&quot;:&quot;absolute&quot;,&quot;motion_fx_motion_fx_scrolling&quot;:&quot;yes&quot;,&quot;motion_fx_translateY_effect&quot;:&quot;yes&quot;,&quot;motion_fx_translateY_direction&quot;:&quot;negative&quot;,&quot;motion_fx_translateY_speed&quot;:{&quot;unit&quot;:&quot;px&quot;,&quot;size&quot;:1.2,&quot;sizes&quot;:[]},&quot;_animation&quot;:&quot;opal-move-down&quot;,&quot;motion_fx_translateY_affectedRange&quot;:{&quot;unit&quot;:&quot;%&quot;,&quot;size&quot;:&quot;&quot;,&quot;sizes&quot;:{&quot;start&quot;:0,&quot;end&quot;:100}},&quot;motion_fx_devices&quot;:[&quot;desktop&quot;,&quot;laptop&quot;,&quot;tablet_extra&quot;,&quot;tablet&quot;,&quot;mobile_extra&quot;,&quot;mobile&quot;]}\" data-widget_type=\"icon.default\">\n\t\t\t\t\t\t\t<div class=\"elementor-icon-wrapper\">\n\t\t\t<div class=\"elementor-icon\">\n\t\t\t\t\t\t<\/div>\n\t\t<\/div>\n\t\t\t\t\t\t<\/div>\n\t\t\t\t<\/div>\n\t\t<div class=\"elementor-element elementor-element-4e0b3cc e-con-full e-flex e-con e-child\" data-id=\"4e0b3cc\" data-element_type=\"container\">\n\t\t\t\t<div class=\"elementor-element elementor-element-6bc46d3 elementor-widget__width-initial elementor-invisible elementor-widget elementor-widget-heading\" data-id=\"6bc46d3\" data-element_type=\"widget\" data-settings=\"{&quot;_animation&quot;:&quot;opal-move-left&quot;}\" data-widget_type=\"heading.default\">\n\t\t\t\t\t<h2 data-cursor=\"-opaque\" class=\"elementor-heading-title elementor-size-default\">Ceny nart na Jahorinie  \u2013  <span class=\"c-primary\">Apartamenty Bestblick<\/span><\/h2>\t\t\t\t<\/div>\n\t\t\t\t<div class=\"elementor-element elementor-element-4aa09f6 elementor-widget__width-initial elementor-invisible elementor-widget elementor-widget-text-editor\" data-id=\"4aa09f6\" data-element_type=\"widget\" data-settings=\"{&quot;_animation&quot;:&quot;opal-move-left&quot;}\" data-widget_type=\"text-editor.default\">\n\t\t\t\t\t\t\t\t\t<div class=\"elementor-element elementor-element-6bc46d3 elementor-widget__width-initial elementor-widget elementor-widget-heading animated opal-move-left\" data-id=\"6bc46d3\" data-element_type=\"widget\" data-settings=\"{&quot;_animation&quot;:&quot;opal-move-left&quot;}\" data-widget_type=\"heading.default\"><h2 class=\"elementor-heading-title elementor-size-default\" data-cursor=\"-opaque\"><span dir=\"auto\">Ceny nart na Jahorinie \u2013\u00a0<\/span><span class=\"c-primary\"><span dir=\"auto\">Bestblick Apartmentsr<\/span><\/span><\/h2><\/div><div class=\"elementor-element elementor-element-4aa09f6 elementor-widget__width-initial elementor-widget elementor-widget-text-editor animated opal-move-left\" data-id=\"4aa09f6\" data-element_type=\"widget\" data-settings=\"{&quot;_animation&quot;:&quot;opal-move-left&quot;}\" data-widget_type=\"text-editor.default\"><p><span dir=\"auto\">Ceny karnet\u00f3w narciarskich w Jahorinie na sezon 2024\/2025 zale\u017c\u0105 od rodzaju karnetu i czasu trwania jazdy na nartach. Dost\u0119pne s\u0105 karnety jednodniowe, wielodniowe, sezonowe i rodzinne. \u015arednio jednodniowy karnet narciarski kosztuje oko\u0142o 45 km (oko\u0142o 23 EUR) dla doros\u0142ych i 35 km (oko\u0142o 18 EUR) dla dzieci, natomiast ceny karnet\u00f3w wielodniowych i sezonowych s\u0105 zazwyczaj ni\u017csze w przeliczeniu na dzie\u0144 jazdy.<\/span><\/p><p><span dir=\"auto\">Rodzinom oferujemy specjalne pakiety obejmuj\u0105ce jazd\u0119 na nartach noc\u0105 oraz liczne udogodnienia dla dzieci i pocz\u0105tkuj\u0105cych. Ceny mo\u017cna r\u00f3wnie\u017c dostosowa\u0107 do warunk\u00f3w na stokach, aby zapewni\u0107 odwiedzaj\u0105cym najlepszy stosunek jako\u015bci do ceny i przyjemne wra\u017cenia z jazdy na nartach na\u00a0\u00a0<\/span><a href=\"https:\/\/translate.google.com\/website?sl=hr&amp;tl=pl&amp;hl=en&amp;client=webapp&amp;u=https:\/\/apartments-jahorina.com\/skijanje-jahorina\/\"><span dir=\"auto\">Jahorinie.<\/span><\/a><\/p><\/div>\t\t\t\t\t\t\t\t<\/div>\n\t\t\t\t<\/div>\n\t\t\t\t<\/div>\n\t\t\t\t<div class=\"elementor-element elementor-element-5eb64b6 antra-image-gallery-default antra-list-template elementor-grid-4 elementor-widget elementor-widget-antra-image-gallery\" data-id=\"5eb64b6\" data-element_type=\"widget\" data-settings=\"{&quot;column&quot;:4,&quot;column_spacing&quot;:{&quot;unit&quot;:&quot;px&quot;,&quot;size&quot;:30,&quot;sizes&quot;:[]},&quot;column_spacing_laptop&quot;:{&quot;unit&quot;:&quot;px&quot;,&quot;size&quot;:&quot;&quot;,&quot;sizes&quot;:[]},&quot;column_spacing_tablet_extra&quot;:{&quot;unit&quot;:&quot;px&quot;,&quot;size&quot;:&quot;&quot;,&quot;sizes&quot;:[]},&quot;column_spacing_tablet&quot;:{&quot;unit&quot;:&quot;px&quot;,&quot;size&quot;:&quot;&quot;,&quot;sizes&quot;:[]},&quot;column_spacing_mobile_extra&quot;:{&quot;unit&quot;:&quot;px&quot;,&quot;size&quot;:&quot;&quot;,&quot;sizes&quot;:[]},&quot;column_spacing_mobile&quot;:{&quot;unit&quot;:&quot;px&quot;,&quot;size&quot;:&quot;&quot;,&quot;sizes&quot;:[]}}\" data-widget_type=\"antra-image-gallery.default\">\n\t\t\t\t<div class=\"elementor-widget-container\">\n\t\t\t\t\t        <div class=\"elementor-antra-image-gallery antra-wrapper\" data-images=\"[{&quot;image_url&quot;:&quot;https:\\\/\\\/apartments-jahorina.com\\\/wp-content\\\/uploads\\\/2025\\\/11\\\/ski2-150x150.jpg&quot;,&quot;image_url_full&quot;:&quot;https:\\\/\\\/apartments-jahorina.com\\\/wp-content\\\/uploads\\\/2025\\\/11\\\/ski2-scaled.jpg&quot;,&quot;alt_img&quot;:&quot;ski2&quot;},{&quot;image_url&quot;:&quot;https:\\\/\\\/apartments-jahorina.com\\\/wp-content\\\/uploads\\\/2025\\\/11\\\/skiing-8614539_1920-150x150.jpg&quot;,&quot;image_url_full&quot;:&quot;https:\\\/\\\/apartments-jahorina.com\\\/wp-content\\\/uploads\\\/2025\\\/11\\\/skiing-8614539_1920.jpg&quot;,&quot;alt_img&quot;:&quot;skiing-8614539_1920&quot;},{&quot;image_url&quot;:&quot;https:\\\/\\\/apartments-jahorina.com\\\/wp-content\\\/uploads\\\/2025\\\/11\\\/ski1-150x150.jpg&quot;,&quot;image_url_full&quot;:&quot;https:\\\/\\\/apartments-jahorina.com\\\/wp-content\\\/uploads\\\/2025\\\/11\\\/ski1-scaled.jpg&quot;,&quot;alt_img&quot;:&quot;ski1&quot;},{&quot;image_url&quot;:&quot;https:\\\/\\\/apartments-jahorina.com\\\/wp-content\\\/uploads\\\/2025\\\/11\\\/luka-150x150.jpeg&quot;,&quot;image_url_full&quot;:&quot;https:\\\/\\\/apartments-jahorina.com\\\/wp-content\\\/uploads\\\/2025\\\/11\\\/luka-scaled.jpeg&quot;,&quot;alt_img&quot;:&quot;OLYMPUS DIGITAL CAMERA&quot;},{&quot;image_url&quot;:&quot;https:\\\/\\\/apartments-jahorina.com\\\/wp-content\\\/uploads\\\/2025\\\/11\\\/IMG_6687-150x150.jpg&quot;,&quot;image_url_full&quot;:&quot;https:\\\/\\\/apartments-jahorina.com\\\/wp-content\\\/uploads\\\/2025\\\/11\\\/IMG_6687-scaled.jpg&quot;,&quot;alt_img&quot;:&quot;IMG_6687&quot;},{&quot;image_url&quot;:&quot;https:\\\/\\\/apartments-jahorina.com\\\/wp-content\\\/uploads\\\/2025\\\/11\\\/IMG_6696-150x150.jpg&quot;,&quot;image_url_full&quot;:&quot;https:\\\/\\\/apartments-jahorina.com\\\/wp-content\\\/uploads\\\/2025\\\/11\\\/IMG_6696-scaled.jpg&quot;,&quot;alt_img&quot;:&quot;IMG_6696&quot;},{&quot;image_url&quot;:&quot;https:\\\/\\\/apartments-jahorina.com\\\/wp-content\\\/uploads\\\/2025\\\/11\\\/IMG_6697-150x150.jpg&quot;,&quot;image_url_full&quot;:&quot;https:\\\/\\\/apartments-jahorina.com\\\/wp-content\\\/uploads\\\/2025\\\/11\\\/IMG_6697-scaled.jpg&quot;,&quot;alt_img&quot;:&quot;IMG_6697&quot;},{&quot;image_url&quot;:&quot;https:\\\/\\\/apartments-jahorina.com\\\/wp-content\\\/uploads\\\/2025\\\/11\\\/IMG_6708-150x150.jpg&quot;,&quot;image_url_full&quot;:&quot;https:\\\/\\\/apartments-jahorina.com\\\/wp-content\\\/uploads\\\/2025\\\/11\\\/IMG_6708-scaled.jpg&quot;,&quot;alt_img&quot;:&quot;IMG_6708&quot;},{&quot;image_url&quot;:&quot;https:\\\/\\\/apartments-jahorina.com\\\/wp-content\\\/uploads\\\/2025\\\/11\\\/IMG_6715-150x150.jpg&quot;,&quot;image_url_full&quot;:&quot;https:\\\/\\\/apartments-jahorina.com\\\/wp-content\\\/uploads\\\/2025\\\/11\\\/IMG_6715-scaled.jpg&quot;,&quot;alt_img&quot;:&quot;IMG_6715&quot;},{&quot;image_url&quot;:&quot;https:\\\/\\\/apartments-jahorina.com\\\/wp-content\\\/uploads\\\/2025\\\/11\\\/IMG_6790-150x150.jpg&quot;,&quot;image_url_full&quot;:&quot;https:\\\/\\\/apartments-jahorina.com\\\/wp-content\\\/uploads\\\/2025\\\/11\\\/IMG_6790-scaled.jpg&quot;,&quot;alt_img&quot;:&quot;IMG_6790&quot;}]\" data-per_page=\"8\">\n            <div class=\"antra-con\">\n                <div class=\"antra-con-inner elementor-grid\">\n                                            <div class=\"elementor-antra-item-image-gallery\">\n                            <div class=\"grid__item gallery_group_all\">\n                                <a  href=\"https:\/\/apartments-jahorina.com\/wp-content\/uploads\/2025\/11\/ski2-scaled.jpg\">\n                                    <img decoding=\"async\" class=\"antra-elementor-src-gallery\" src=\"https:\/\/apartments-jahorina.com\/wp-content\/uploads\/2025\/11\/ski2-150x150.jpg\" alt=\"ski2\"\/>\n                                <\/a>\n                            <\/div>\n                        <\/div>\n                                                <div class=\"elementor-antra-item-image-gallery\">\n                            <div class=\"grid__item gallery_group_all\">\n                                <a  href=\"https:\/\/apartments-jahorina.com\/wp-content\/uploads\/2025\/11\/skiing-8614539_1920.jpg\">\n                                    <img decoding=\"async\" class=\"antra-elementor-src-gallery\" src=\"https:\/\/apartments-jahorina.com\/wp-content\/uploads\/2025\/11\/skiing-8614539_1920-150x150.jpg\" alt=\"skiing-8614539_1920\"\/>\n                                <\/a>\n                            <\/div>\n                        <\/div>\n                                                <div class=\"elementor-antra-item-image-gallery\">\n                            <div class=\"grid__item gallery_group_all\">\n                                <a  href=\"https:\/\/apartments-jahorina.com\/wp-content\/uploads\/2025\/11\/ski1-scaled.jpg\">\n                                    <img decoding=\"async\" class=\"antra-elementor-src-gallery\" src=\"https:\/\/apartments-jahorina.com\/wp-content\/uploads\/2025\/11\/ski1-150x150.jpg\" alt=\"ski1\"\/>\n                                <\/a>\n                            <\/div>\n                        <\/div>\n                                                <div class=\"elementor-antra-item-image-gallery\">\n                            <div class=\"grid__item gallery_group_all\">\n                                <a  href=\"https:\/\/apartments-jahorina.com\/wp-content\/uploads\/2025\/11\/luka-scaled.jpeg\">\n                                    <img decoding=\"async\" class=\"antra-elementor-src-gallery\" src=\"https:\/\/apartments-jahorina.com\/wp-content\/uploads\/2025\/11\/luka-150x150.jpeg\" alt=\"OLYMPUS DIGITAL CAMERA\"\/>\n                                <\/a>\n                            <\/div>\n                        <\/div>\n                                                <div class=\"elementor-antra-item-image-gallery\">\n                            <div class=\"grid__item gallery_group_all\">\n                                <a  href=\"https:\/\/apartments-jahorina.com\/wp-content\/uploads\/2025\/11\/IMG_6687-scaled.jpg\">\n                                    <img decoding=\"async\" class=\"antra-elementor-src-gallery\" src=\"https:\/\/apartments-jahorina.com\/wp-content\/uploads\/2025\/11\/IMG_6687-150x150.jpg\" alt=\"IMG_6687\"\/>\n                                <\/a>\n                            <\/div>\n                        <\/div>\n                                                <div class=\"elementor-antra-item-image-gallery\">\n                            <div class=\"grid__item gallery_group_all\">\n                                <a  href=\"https:\/\/apartments-jahorina.com\/wp-content\/uploads\/2025\/11\/IMG_6696-scaled.jpg\">\n                                    <img decoding=\"async\" class=\"antra-elementor-src-gallery\" src=\"https:\/\/apartments-jahorina.com\/wp-content\/uploads\/2025\/11\/IMG_6696-150x150.jpg\" alt=\"IMG_6696\"\/>\n                                <\/a>\n                            <\/div>\n                        <\/div>\n                                                <div class=\"elementor-antra-item-image-gallery\">\n                            <div class=\"grid__item gallery_group_all\">\n                                <a  href=\"https:\/\/apartments-jahorina.com\/wp-content\/uploads\/2025\/11\/IMG_6697-scaled.jpg\">\n                                    <img decoding=\"async\" class=\"antra-elementor-src-gallery\" src=\"https:\/\/apartments-jahorina.com\/wp-content\/uploads\/2025\/11\/IMG_6697-150x150.jpg\" alt=\"IMG_6697\"\/>\n                                <\/a>\n                            <\/div>\n                        <\/div>\n                                                <div class=\"elementor-antra-item-image-gallery\">\n                            <div class=\"grid__item gallery_group_all\">\n                                <a  href=\"https:\/\/apartments-jahorina.com\/wp-content\/uploads\/2025\/11\/IMG_6708-scaled.jpg\">\n                                    <img decoding=\"async\" class=\"antra-elementor-src-gallery\" src=\"https:\/\/apartments-jahorina.com\/wp-content\/uploads\/2025\/11\/IMG_6708-150x150.jpg\" alt=\"IMG_6708\"\/>\n                                <\/a>\n                            <\/div>\n                        <\/div>\n                                        <\/div>\n                                    <div class=\"antra-elementor-gallery-loadmore\">\n                        <a class=\"loadmore-btn antra-button-effect\" href=\"javascript:void(0)\">\n                            <span class=\"antra-button-inner\">\n                                <span class=\"antra-btn-content\">Load more now<\/span>\n                                <span class=\"elementor-button-icon\">\n                                    <span class=\"elementor-button-icon-inner\"><i aria-hidden=\"true\" class=\"antra-icon-sync\"><\/i><\/span>\n                                <\/span>\n                            <\/span>\n                        <\/a>\n                    <\/div>\n                                <\/div>\n        <\/div>\n        \t\t\t\t<\/div>\n\t\t\t\t<\/div>\n\t\t\t\t\t<\/div>\n\t\t\t\t<\/div>\n\t\t\t\t<\/div>\n\t\t","protected":false},"excerpt":{"rendered":"<p>Ceny nart na Jahorinie \u2013 Apartamenty Bestblick Ceny nart na Jahorinie \u2013\u00a0Bestblick Apartmentsr Ceny karnet\u00f3w narciarskich w Jahorinie na sezon 2024\/2025 zale\u017c\u0105 od rodzaju karnetu i czasu trwania jazdy na nartach. Dost\u0119pne s\u0105 karnety jednodniowe, wielodniowe, sezonowe i rodzinne. \u015arednio jednodniowy karnet narciarski kosztuje oko\u0142o 45 km (oko\u0142o 23 EUR) dla doros\u0142ych i 35 km [&hellip;]<\/p>\n","protected":false},"author":1,"featured_media":0,"parent":0,"menu_order":0,"comment_status":"closed","ping_status":"closed","template":"","meta":{"footnotes":""},"class_list":["post-12112","page","type-page","status-publish","hentry"],"yoast_head":"<!-- This site is optimized with the Yoast SEO plugin v26.4 - https:\/\/yoast.com\/wordpress\/plugins\/seo\/ -->\n<title>Ceny nart na Jahorinie - BESTBLICK Apartments Jahorina<\/title>\n<meta name=\"robots\" content=\"index, follow, max-snippet:-1, max-image-preview:large, max-video-preview:-1\" \/>\n<link rel=\"canonical\" href=\"https:\/\/apartments-jahorina.com\/cijene-skijanja-na-jahorini\/\" \/>\n<meta property=\"og:locale\" content=\"pl_PL\" \/>\n<meta property=\"og:type\" content=\"article\" \/>\n<meta property=\"og:title\" content=\"Ceny nart na Jahorinie - BESTBLICK Apartments Jahorina\" \/>\n<meta property=\"og:description\" content=\"Ceny nart na Jahorinie \u2013 Apartamenty Bestblick Ceny nart na Jahorinie \u2013\u00a0Bestblick Apartmentsr Ceny karnet\u00f3w narciarskich w Jahorinie na sezon 2024\/2025 zale\u017c\u0105 od rodzaju karnetu i czasu trwania jazdy na nartach. Dost\u0119pne s\u0105 karnety jednodniowe, wielodniowe, sezonowe i rodzinne. \u015arednio jednodniowy karnet narciarski kosztuje oko\u0142o 45 km (oko\u0142o 23 EUR) dla doros\u0142ych i 35 km [&hellip;]\" \/>\n<meta property=\"og:url\" content=\"https:\/\/apartments-jahorina.com\/cijene-skijanja-na-jahorini\/\" \/>\n<meta property=\"og:site_name\" content=\"BESTBLICK Apartments Jahorina\" \/>\n<meta property=\"article:modified_time\" content=\"2025-12-11T13:18:24+00:00\" \/>\n<meta property=\"og:image\" content=\"http:\/\/apartments-jahorina.com\/wp-content\/uploads\/2025\/11\/ski2-150x150.jpg\" \/>\n<meta name=\"twitter:card\" content=\"summary_large_image\" \/>\n<meta name=\"twitter:label1\" content=\"Szacowany czas czytania\" \/>\n\t<meta name=\"twitter:data1\" content=\"1 minuta\" \/>\n<script type=\"application\/ld+json\" class=\"yoast-schema-graph\">{\"@context\":\"https:\/\/schema.org\",\"@graph\":[{\"@type\":\"WebPage\",\"@id\":\"https:\/\/apartments-jahorina.com\/cijene-skijanja-na-jahorini\/\",\"url\":\"https:\/\/apartments-jahorina.com\/cijene-skijanja-na-jahorini\/\",\"name\":\"Ceny nart na Jahorinie - BESTBLICK Apartments Jahorina\",\"isPartOf\":{\"@id\":\"https:\/\/apartments-jahorina.com\/#website\"},\"primaryImageOfPage\":{\"@id\":\"https:\/\/apartments-jahorina.com\/cijene-skijanja-na-jahorini\/#primaryimage\"},\"image\":{\"@id\":\"https:\/\/apartments-jahorina.com\/cijene-skijanja-na-jahorini\/#primaryimage\"},\"thumbnailUrl\":\"http:\/\/apartments-jahorina.com\/wp-content\/uploads\/2025\/11\/ski2-150x150.jpg\",\"datePublished\":\"2025-11-30T18:14:29+00:00\",\"dateModified\":\"2025-12-11T13:18:24+00:00\",\"breadcrumb\":{\"@id\":\"https:\/\/apartments-jahorina.com\/cijene-skijanja-na-jahorini\/#breadcrumb\"},\"inLanguage\":\"pl-PL\",\"potentialAction\":[{\"@type\":\"ReadAction\",\"target\":[\"https:\/\/apartments-jahorina.com\/cijene-skijanja-na-jahorini\/\"]}]},{\"@type\":\"ImageObject\",\"inLanguage\":\"pl-PL\",\"@id\":\"https:\/\/apartments-jahorina.com\/cijene-skijanja-na-jahorini\/#primaryimage\",\"url\":\"http:\/\/apartments-jahorina.com\/wp-content\/uploads\/2025\/11\/ski2-150x150.jpg\",\"contentUrl\":\"http:\/\/apartments-jahorina.com\/wp-content\/uploads\/2025\/11\/ski2-150x150.jpg\"},{\"@type\":\"BreadcrumbList\",\"@id\":\"https:\/\/apartments-jahorina.com\/cijene-skijanja-na-jahorini\/#breadcrumb\",\"itemListElement\":[{\"@type\":\"ListItem\",\"position\":1,\"name\":\"Home\",\"item\":\"https:\/\/apartments-jahorina.com\/pl\/\"},{\"@type\":\"ListItem\",\"position\":2,\"name\":\"Ceny nart na Jahorinie\"}]},{\"@type\":\"WebSite\",\"@id\":\"https:\/\/apartments-jahorina.com\/#website\",\"url\":\"https:\/\/apartments-jahorina.com\/\",\"name\":\"BESTBLICK Apartments Jahorina\",\"description\":\"Moderni apartmani s pogledom na ski-stazu\",\"potentialAction\":[{\"@type\":\"SearchAction\",\"target\":{\"@type\":\"EntryPoint\",\"urlTemplate\":\"https:\/\/apartments-jahorina.com\/?s={search_term_string}\"},\"query-input\":{\"@type\":\"PropertyValueSpecification\",\"valueRequired\":true,\"valueName\":\"search_term_string\"}}],\"inLanguage\":\"pl-PL\"}]}<\/script>\n<!-- \/ Yoast SEO plugin. -->","yoast_head_json":{"title":"Ceny nart na Jahorinie - BESTBLICK Apartments Jahorina","robots":{"index":"index","follow":"follow","max-snippet":"max-snippet:-1","max-image-preview":"max-image-preview:large","max-video-preview":"max-video-preview:-1"},"canonical":"https:\/\/apartments-jahorina.com\/cijene-skijanja-na-jahorini\/","og_locale":"pl_PL","og_type":"article","og_title":"Ceny nart na Jahorinie - BESTBLICK Apartments Jahorina","og_description":"Ceny nart na Jahorinie \u2013 Apartamenty Bestblick Ceny nart na Jahorinie \u2013\u00a0Bestblick Apartmentsr Ceny karnet\u00f3w narciarskich w Jahorinie na sezon 2024\/2025 zale\u017c\u0105 od rodzaju karnetu i czasu trwania jazdy na nartach. Dost\u0119pne s\u0105 karnety jednodniowe, wielodniowe, sezonowe i rodzinne. \u015arednio jednodniowy karnet narciarski kosztuje oko\u0142o 45 km (oko\u0142o 23 EUR) dla doros\u0142ych i 35 km [&hellip;]","og_url":"https:\/\/apartments-jahorina.com\/cijene-skijanja-na-jahorini\/","og_site_name":"BESTBLICK Apartments Jahorina","article_modified_time":"2025-12-11T13:18:24+00:00","og_image":[{"url":"http:\/\/apartments-jahorina.com\/wp-content\/uploads\/2025\/11\/ski2-150x150.jpg","type":"","width":"","height":""}],"twitter_card":"summary_large_image","twitter_misc":{"Szacowany czas czytania":"1 minuta"},"schema":{"@context":"https:\/\/schema.org","@graph":[{"@type":"WebPage","@id":"https:\/\/apartments-jahorina.com\/cijene-skijanja-na-jahorini\/","url":"https:\/\/apartments-jahorina.com\/cijene-skijanja-na-jahorini\/","name":"Ceny nart na Jahorinie - BESTBLICK Apartments Jahorina","isPartOf":{"@id":"https:\/\/apartments-jahorina.com\/#website"},"primaryImageOfPage":{"@id":"https:\/\/apartments-jahorina.com\/cijene-skijanja-na-jahorini\/#primaryimage"},"image":{"@id":"https:\/\/apartments-jahorina.com\/cijene-skijanja-na-jahorini\/#primaryimage"},"thumbnailUrl":"http:\/\/apartments-jahorina.com\/wp-content\/uploads\/2025\/11\/ski2-150x150.jpg","datePublished":"2025-11-30T18:14:29+00:00","dateModified":"2025-12-11T13:18:24+00:00","breadcrumb":{"@id":"https:\/\/apartments-jahorina.com\/cijene-skijanja-na-jahorini\/#breadcrumb"},"inLanguage":"pl-PL","potentialAction":[{"@type":"ReadAction","target":["https:\/\/apartments-jahorina.com\/cijene-skijanja-na-jahorini\/"]}]},{"@type":"ImageObject","inLanguage":"pl-PL","@id":"https:\/\/apartments-jahorina.com\/cijene-skijanja-na-jahorini\/#primaryimage","url":"http:\/\/apartments-jahorina.com\/wp-content\/uploads\/2025\/11\/ski2-150x150.jpg","contentUrl":"http:\/\/apartments-jahorina.com\/wp-content\/uploads\/2025\/11\/ski2-150x150.jpg"},{"@type":"BreadcrumbList","@id":"https:\/\/apartments-jahorina.com\/cijene-skijanja-na-jahorini\/#breadcrumb","itemListElement":[{"@type":"ListItem","position":1,"name":"Home","item":"https:\/\/apartments-jahorina.com\/pl\/"},{"@type":"ListItem","position":2,"name":"Ceny nart na Jahorinie"}]},{"@type":"WebSite","@id":"https:\/\/apartments-jahorina.com\/#website","url":"https:\/\/apartments-jahorina.com\/","name":"BESTBLICK Apartments Jahorina","description":"Moderni apartmani s pogledom na ski-stazu","potentialAction":[{"@type":"SearchAction","target":{"@type":"EntryPoint","urlTemplate":"https:\/\/apartments-jahorina.com\/?s={search_term_string}"},"query-input":{"@type":"PropertyValueSpecification","valueRequired":true,"valueName":"search_term_string"}}],"inLanguage":"pl-PL"}]}},"_links":{"self":[{"href":"https:\/\/apartments-jahorina.com\/pl\/wp-json\/wp\/v2\/pages\/12112","targetHints":{"allow":["GET"]}}],"collection":[{"href":"https:\/\/apartments-jahorina.com\/pl\/wp-json\/wp\/v2\/pages"}],"about":[{"href":"https:\/\/apartments-jahorina.com\/pl\/wp-json\/wp\/v2\/types\/page"}],"author":[{"embeddable":true,"href":"https:\/\/apartments-jahorina.com\/pl\/wp-json\/wp\/v2\/users\/1"}],"replies":[{"embeddable":true,"href":"https:\/\/apartments-jahorina.com\/pl\/wp-json\/wp\/v2\/comments?post=12112"}],"version-history":[{"count":4,"href":"https:\/\/apartments-jahorina.com\/pl\/wp-json\/wp\/v2\/pages\/12112\/revisions"}],"predecessor-version":[{"id":12609,"href":"https:\/\/apartments-jahorina.com\/pl\/wp-json\/wp\/v2\/pages\/12112\/revisions\/12609"}],"wp:attachment":[{"href":"https:\/\/apartments-jahorina.com\/pl\/wp-json\/wp\/v2\/media?parent=12112"}],"curies":[{"name":"wp","href":"https:\/\/api.w.org\/{rel}","templated":true}]}}