{"id":12114,"date":"2025-11-30T18:10:03","date_gmt":"2025-11-30T18:10:03","guid":{"rendered":"http:\/\/apartments-jahorina.com\/cijene-apartmana-jahorina\/"},"modified":"2025-12-11T13:15:42","modified_gmt":"2025-12-11T13:15:42","slug":"ceny-apartamentow-jahorina","status":"publish","type":"page","link":"https:\/\/apartments-jahorina.com\/pl\/ceny-apartamentow-jahorina\/","title":{"rendered":"Ceny apartament\u00f3w Jahorina"},"content":{"rendered":"\t\t<div data-elementor-type=\"wp-page\" data-elementor-id=\"12114\" class=\"elementor elementor-12114 elementor-9843\">\n\t\t\t\t<div class=\"elementor-element elementor-element-12b6bd6 e-flex e-con-boxed e-con e-parent\" data-id=\"12b6bd6\" data-element_type=\"container\">\n\t\t\t\t\t<div class=\"e-con-inner\">\n\t\t<div class=\"elementor-element elementor-element-7b8b529 e-con-full e-flex e-con e-child\" data-id=\"7b8b529\" data-element_type=\"container\">\n\t\t<div class=\"elementor-element elementor-element-52f5450 e-con-full e-flex e-con e-child\" data-id=\"52f5450\" data-element_type=\"container\">\n\t\t\t\t<div class=\"elementor-element elementor-element-ef7ac5e elementor-absolute elementor-hidden-mobile elementor-view-default elementor-invisible elementor-widget elementor-widget-icon\" data-id=\"ef7ac5e\" data-element_type=\"widget\" data-settings=\"{&quot;_position&quot;:&quot;absolute&quot;,&quot;motion_fx_motion_fx_scrolling&quot;:&quot;yes&quot;,&quot;motion_fx_translateX_effect&quot;:&quot;yes&quot;,&quot;motion_fx_translateX_speed&quot;:{&quot;unit&quot;:&quot;px&quot;,&quot;size&quot;:1.5,&quot;sizes&quot;:[]},&quot;_animation&quot;:&quot;opal-move-right&quot;,&quot;motion_fx_translateX_affectedRange&quot;:{&quot;unit&quot;:&quot;%&quot;,&quot;size&quot;:&quot;&quot;,&quot;sizes&quot;:{&quot;start&quot;:0,&quot;end&quot;:100}},&quot;motion_fx_devices&quot;:[&quot;desktop&quot;,&quot;laptop&quot;,&quot;tablet_extra&quot;,&quot;tablet&quot;,&quot;mobile_extra&quot;,&quot;mobile&quot;]}\" data-widget_type=\"icon.default\">\n\t\t\t\t\t\t\t<div class=\"elementor-icon-wrapper\">\n\t\t\t<div class=\"elementor-icon\">\n\t\t\t\t\t\t<\/div>\n\t\t<\/div>\n\t\t\t\t\t\t<\/div>\n\t\t\t\t<div class=\"elementor-element elementor-element-7a3b481 elementor-widget__width-auto elementor-absolute elementor-hidden-mobile elementor-view-default elementor-invisible elementor-widget elementor-widget-icon\" data-id=\"7a3b481\" data-element_type=\"widget\" data-settings=\"{&quot;_position&quot;:&quot;absolute&quot;,&quot;motion_fx_motion_fx_scrolling&quot;:&quot;yes&quot;,&quot;motion_fx_translateY_effect&quot;:&quot;yes&quot;,&quot;motion_fx_translateY_direction&quot;:&quot;negative&quot;,&quot;motion_fx_translateY_speed&quot;:{&quot;unit&quot;:&quot;px&quot;,&quot;size&quot;:1.2,&quot;sizes&quot;:[]},&quot;_animation&quot;:&quot;opal-move-down&quot;,&quot;motion_fx_translateY_affectedRange&quot;:{&quot;unit&quot;:&quot;%&quot;,&quot;size&quot;:&quot;&quot;,&quot;sizes&quot;:{&quot;start&quot;:0,&quot;end&quot;:100}},&quot;motion_fx_devices&quot;:[&quot;desktop&quot;,&quot;laptop&quot;,&quot;tablet_extra&quot;,&quot;tablet&quot;,&quot;mobile_extra&quot;,&quot;mobile&quot;]}\" data-widget_type=\"icon.default\">\n\t\t\t\t\t\t\t<div class=\"elementor-icon-wrapper\">\n\t\t\t<div class=\"elementor-icon\">\n\t\t\t\t\t\t<\/div>\n\t\t<\/div>\n\t\t\t\t\t\t<\/div>\n\t\t\t\t<\/div>\n\t\t<div class=\"elementor-element elementor-element-4e0b3cc e-con-full e-flex e-con e-child\" data-id=\"4e0b3cc\" data-element_type=\"container\">\n\t\t\t\t<div class=\"elementor-element elementor-element-6bc46d3 elementor-widget__width-initial elementor-invisible elementor-widget elementor-widget-heading\" data-id=\"6bc46d3\" data-element_type=\"widget\" data-settings=\"{&quot;_animation&quot;:&quot;opal-move-left&quot;}\" data-widget_type=\"heading.default\">\n\t\t\t\t\t<h2 data-cursor=\"-opaque\" class=\"elementor-heading-title elementor-size-default\">Ceny apartament\u00f3w Jahorina  \u2013  <span class=\"c-primary\">Apartament Bestblick<\/span><\/h2>\t\t\t\t<\/div>\n\t\t\t\t<div class=\"elementor-element elementor-element-4aa09f6 elementor-widget__width-initial elementor-invisible elementor-widget elementor-widget-text-editor\" data-id=\"4aa09f6\" data-element_type=\"widget\" data-settings=\"{&quot;_animation&quot;:&quot;opal-move-left&quot;}\" data-widget_type=\"text-editor.default\">\n\t\t\t\t\t\t\t\t\t<p>Jahorina, jeden z najpopularniejszych o\u015brodk\u00f3w narciarskich w Bo\u015bni i Hercegowinie, przyci\u0105ga co zim\u0119 tysi\u0105ce turyst\u00f3w, a apartamenty s\u0105 najcz\u0119\u015bciej wybieran\u0105 form\u0105 zakwaterowania ze wzgl\u0119du na dost\u0119pno\u015b\u0107 i komfort. Ceny apartament\u00f3w w Jahorinie r\u00f3\u017cni\u0105 si\u0119 w zale\u017cno\u015bci od sezonu, blisko\u015bci stok\u00f3w narciarskich, komfortu i dodatkowych udogodnie\u0144.<\/p>\t\t\t\t\t\t\t\t<\/div>\n\t\t\t\t<\/div>\n\t\t\t\t<\/div>\n\t\t<div class=\"elementor-element elementor-element-300ae1a e-con-full e-flex e-con e-child\" data-id=\"300ae1a\" data-element_type=\"container\">\n\t\t<div class=\"elementor-element elementor-element-70f5e3f e-con-full e-flex e-con e-child\" data-id=\"70f5e3f\" data-element_type=\"container\">\n\t\t\t\t<div class=\"elementor-element elementor-element-67151ae elementor-invisible elementor-widget elementor-widget-n-accordion\" data-id=\"67151ae\" data-element_type=\"widget\" data-settings=\"{&quot;_animation&quot;:&quot;opal-move-right&quot;,&quot;default_state&quot;:&quot;all_collapsed&quot;,&quot;max_items_expended&quot;:&quot;one&quot;,&quot;n_accordion_animation_duration&quot;:{&quot;unit&quot;:&quot;ms&quot;,&quot;size&quot;:400,&quot;sizes&quot;:[]}}\" data-widget_type=\"nested-accordion.default\">\n\t\t\t\t\t\t\t<div class=\"e-n-accordion\" aria-label=\"Accordion. Open links with Enter or Space, close with Escape, and navigate with Arrow Keys\">\n\t\t\t\t\t\t<details id=\"e-n-accordion-item-1080\" class=\"e-n-accordion-item\" >\n\t\t\t\t<summary class=\"e-n-accordion-item-title\" data-accordion-index=\"1\" tabindex=\"0\" aria-expanded=\"false\" aria-controls=\"e-n-accordion-item-1080\" >\n\t\t\t\t\t<span class='e-n-accordion-item-title-header'><div class=\"e-n-accordion-item-title-text\"> Przegl\u0105d cen wed\u0142ug typ\u00f3w apartament\u00f3w <\/div><\/span>\n\t\t\t\t\t\t\t<span class='e-n-accordion-item-title-icon'>\n\t\t\t<span class='e-opened' ><i aria-hidden=\"true\" class=\"antra-icon- antra-icon-minus\"><\/i><\/span>\n\t\t\t<span class='e-closed'><i aria-hidden=\"true\" class=\"antra-icon- antra-icon-plus\"><\/i><\/span>\n\t\t<\/span>\n\n\t\t\t\t\t\t<\/summary>\n\t\t\t\t<div role=\"region\" aria-labelledby=\"e-n-accordion-item-1080\" class=\"elementor-element elementor-element-efa299f e-con-full e-flex e-con e-child\" data-id=\"efa299f\" data-element_type=\"container\">\n\t\t\t\t<div class=\"elementor-element elementor-element-bf5b1c6 elementor-widget__width-initial elementor-widget elementor-widget-text-editor\" data-id=\"bf5b1c6\" data-element_type=\"widget\" data-widget_type=\"text-editor.default\">\n\t\t\t\t\t\t\t\t\t<ol><li><p><strong><span dir=\"auto\">Apartamenty typu basic (60-80 euro za noc)<\/span><\/strong><br \/><span dir=\"auto\">Te apartamenty zazwyczaj oferuj\u0105 podstawowe udogodnienia, takie jak bezp\u0142atne Wi-Fi, ogrzewanie i parking. Znajduj\u0105 si\u0119 one dalej od stok\u00f3w narciarskich, ale nadal ciesz\u0105 si\u0119 du\u017c\u0105 popularno\u015bci\u0105 w\u015br\u00f3d os\u00f3b z ograniczonym bud\u017cetem. To idealny wyb\u00f3r dla par lub ma\u0142ych rodzin, kt\u00f3re ceni\u0105 sobie niedrogie\u00a0\u00a0<\/span><a href=\"https:\/\/translate.google.com\/website?sl=hr&amp;tl=pl&amp;hl=en&amp;client=webapp&amp;u=https:\/\/apartments-jahorina.com\/smjestaj-jahorina\/\"><span dir=\"auto\">zakwaterowanie<\/span><\/a><span dir=\"auto\">\u00a0\u00a0i prywatno\u015b\u0107.<\/span><\/p><\/li><li><p><strong><span dir=\"auto\">Apartamenty standardowe (80-100 euro za noc) \u2013<\/span><\/strong><br \/><span dir=\"auto\">te apartamenty oferuj\u0105 wi\u0119kszy komfort, a wiele z nich znajduje si\u0119 bli\u017cej wyci\u0105g\u00f3w narciarskich i g\u0142\u00f3wnych stok\u00f3w. Oferuj\u0105 one dodatkowe udogodnienia, takie jak nowoczesne kuchnie, przestronne salony i widoki na szczyty g\u00f3rskie. Wiele z nich jest przeznaczonych dla rodzin i mniejszych grup, oferuj\u0105c przestrze\u0144 dla 4-6 os\u00f3b, co czyni je ekonomicznymi pod wzgl\u0119dem koszt\u00f3w dzielenia si\u0119.<\/span><\/p><\/li><li><p><strong><span dir=\"auto\">Luksusowe apartamenty (100-200 euro za noc)<\/span><\/strong><br \/><span dir=\"auto\">W szczycie sezonu zimowego luksusowe apartamenty oferuj\u0105 dodatkowe udogodnienia, takie jak prywatne sauny, dost\u0119p do centr\u00f3w odnowy biologicznej, bezpo\u015bredni dost\u0119p do stok\u00f3w narciarskich i doskona\u0142e widoki. Ciesz\u0105 si\u0119 one popularno\u015bci\u0105 w\u015br\u00f3d turyst\u00f3w poszukuj\u0105cych luksusowych dozna\u0144, kt\u00f3rzy s\u0105 gotowi zap\u0142aci\u0107 wi\u0119cej za komfort i blisko\u015b\u0107 stok\u00f3w narciarskich. Oferuj\u0105 r\u00f3wnie\u017c udogodnienia, takie jak kominki, przestronne tarasy i prywatne gara\u017ce, dzi\u0119ki czemu idealnie nadaj\u0105 si\u0119 dla grup i rodzin.<\/span><\/p><\/li><\/ol>\t\t\t\t\t\t\t\t<\/div>\n\t\t\t\t<\/div>\n\t\t\t\t\t<\/details>\n\t\t\t\t\t\t<details id=\"e-n-accordion-item-1081\" class=\"e-n-accordion-item\" >\n\t\t\t\t<summary class=\"e-n-accordion-item-title\" data-accordion-index=\"2\" tabindex=\"-1\" aria-expanded=\"false\" aria-controls=\"e-n-accordion-item-1081\" >\n\t\t\t\t\t<span class='e-n-accordion-item-title-header'><div class=\"e-n-accordion-item-title-text\"> Ceny w sezonie i poza sezonem <\/div><\/span>\n\t\t\t\t\t\t\t<span class='e-n-accordion-item-title-icon'>\n\t\t\t<span class='e-opened' ><i aria-hidden=\"true\" class=\"antra-icon- antra-icon-minus\"><\/i><\/span>\n\t\t\t<span class='e-closed'><i aria-hidden=\"true\" class=\"antra-icon- antra-icon-plus\"><\/i><\/span>\n\t\t<\/span>\n\n\t\t\t\t\t\t<\/summary>\n\t\t\t\t<div role=\"region\" aria-labelledby=\"e-n-accordion-item-1081\" class=\"elementor-element elementor-element-f0098d4 e-con-full e-flex e-con e-child\" data-id=\"f0098d4\" data-element_type=\"container\">\n\t\t\t\t<div class=\"elementor-element elementor-element-6580925 elementor-widget__width-initial elementor-widget elementor-widget-text-editor\" data-id=\"6580925\" data-element_type=\"widget\" data-widget_type=\"text-editor.default\">\n\t\t\t\t\t\t\t\t\t<p>Ceny apartament\u00f3w na Jahorinie rosn\u0105 w szczycie sezonu zimowego (od grudnia do lutego), szczeg\u00f3lnie w okolicach Nowego Roku, kiedy popyt jest najwi\u0119kszy. W tych miesi\u0105cach apartamenty bli\u017cej stok\u00f3w s\u0105 cz\u0119sto dro\u017csze i maj\u0105 ograniczon\u0105 dost\u0119pno\u015b\u0107, dlatego zaleca si\u0119 wcze\u015bniejsz\u0105 rezerwacj\u0119. Poza sezonem ceny s\u0105 ni\u017csze i cz\u0119sto oscyluj\u0105 wok\u00f3\u0142 20-40% w por\u00f3wnaniu z miesi\u0105cami zimowymi.<\/p>\t\t\t\t\t\t\t\t<\/div>\n\t\t\t\t<\/div>\n\t\t\t\t\t<\/details>\n\t\t\t\t\t\t<details id=\"e-n-accordion-item-1082\" class=\"e-n-accordion-item\" >\n\t\t\t\t<summary class=\"e-n-accordion-item-title\" data-accordion-index=\"3\" tabindex=\"-1\" aria-expanded=\"false\" aria-controls=\"e-n-accordion-item-1082\" >\n\t\t\t\t\t<span class='e-n-accordion-item-title-header'><div class=\"e-n-accordion-item-title-text\"> Popularne apartamenty i polecane opcje rezerwacji <\/div><\/span>\n\t\t\t\t\t\t\t<span class='e-n-accordion-item-title-icon'>\n\t\t\t<span class='e-opened' ><i aria-hidden=\"true\" class=\"antra-icon- antra-icon-minus\"><\/i><\/span>\n\t\t\t<span class='e-closed'><i aria-hidden=\"true\" class=\"antra-icon- antra-icon-plus\"><\/i><\/span>\n\t\t<\/span>\n\n\t\t\t\t\t\t<\/summary>\n\t\t\t\t<div role=\"region\" aria-labelledby=\"e-n-accordion-item-1082\" class=\"elementor-element elementor-element-5471b18 e-con-full e-flex e-con e-child\" data-id=\"5471b18\" data-element_type=\"container\">\n\t\t\t\t<div class=\"elementor-element elementor-element-9cf7c35 elementor-widget__width-initial elementor-widget elementor-widget-text-editor\" data-id=\"9cf7c35\" data-element_type=\"widget\" data-widget_type=\"text-editor.default\">\n\t\t\t\t\t\t\t\t\t<ul><li><strong><span dir=\"auto\">Apartamenty Bestblick Jahorina<\/span><\/strong><span dir=\"auto\">\u00a0\u00a0\u2013 po\u0142o\u017cone blisko stok\u00f3w narciarskich, apartamenty te oferuj\u0105 luksus w postaci balkon\u00f3w, widok\u00f3w na stoki, ogrzewania i przestronnego salonu. Ceny za noc w sezonie wahaj\u0105 si\u0119 od 130 do 200 euro.<\/span><div class=\"relative inline-flex items-center\"><a class=\"flex h-[22px] items-center rounded-xl px-2 text-[0.5em] !font-medium uppercase bg-[#f4f4f4] !text-token-text-secondary hover:bg-token-text-primary hover:!text-token-main-surface-secondary dark:bg-token-main-surface-secondary dark:hover:bg-token-text-primary relative top-[-0.094rem]\" href=\"https:\/\/translate.google.com\/website?sl=hr&amp;tl=pl&amp;hl=en&amp;client=webapp&amp;u=https:\/\/www.booking.com\/hotel\/ba\/bestblick-apartments-jahorina-snjezna-dolina.en-gb.html\" target=\"_blank\" rel=\"noopener\"><span class=\"truncate\"><span dir=\"auto\">Booking.com<\/span><\/span><\/a><\/div><span dir=\"auto\">.<\/span><\/li><\/ul><p><span dir=\"auto\">Aby uzyska\u0107 wi\u0119cej informacji na temat aktualnych cen i dost\u0119pno\u015bci, zaleca si\u0119 dokonywanie rezerwacji za po\u015brednictwem specjalistycznych platform, takich jak\u00a0\u00a0\u00a0<\/span><a href=\"https:\/\/translate.google.com\/website?sl=hr&amp;tl=pl&amp;hl=en&amp;client=webapp&amp;u=https:\/\/www.booking.com\/hotel\/ba\/bestblick-apartments-jahorina-snjezna-dolina.en-gb.html\" target=\"_new\" rel=\"noopener\"><span dir=\"auto\">Booking.com,<\/span><\/a><span dir=\"auto\">\u00a0\u00a0 gdzie wszystkie oferty nocleg\u00f3w i zni\u017cki za wczesn\u0105 rezerwacj\u0119 s\u0105 aktualizowane na bie\u017c\u0105co.<\/span><\/p>\t\t\t\t\t\t\t\t<\/div>\n\t\t\t\t<\/div>\n\t\t\t\t\t<\/details>\n\t\t\t\t\t<\/div>\n\t\t\t\t\t\t<\/div>\n\t\t\t\t<\/div>\n\t\t<div class=\"elementor-element elementor-element-7c44126 e-con-full e-flex e-con e-child\" data-id=\"7c44126\" data-element_type=\"container\">\n\t\t\t\t<div class=\"elementor-element elementor-element-5b562f9 elementor-invisible elementor-widget elementor-widget-image\" data-id=\"5b562f9\" data-element_type=\"widget\" data-settings=\"{&quot;_animation&quot;:&quot;opal-move-left&quot;}\" data-widget_type=\"image.default\">\n\t\t\t\t\t<div class=\"antra-wrapper-image-widget\" data-cursor=\"-opaque\">\t\t\t\t\t\t\t\t\t\t<img loading=\"lazy\" decoding=\"async\" width=\"480\" height=\"540\" src=\"https:\/\/apartments-jahorina.com\/wp-content\/uploads\/2025\/11\/novadesno.jpg\" class=\"attachment-full size-full wp-image-12159\" alt=\"\" srcset=\"https:\/\/apartments-jahorina.com\/wp-content\/uploads\/2025\/11\/novadesno.jpg 480w, https:\/\/apartments-jahorina.com\/wp-content\/uploads\/2025\/11\/novadesno-267x300.jpg 267w\" sizes=\"(max-width: 480px) 100vw, 480px\" \/>\t\t\t\t\t\t\t\t\t\t\t<\/div>\t\t\t\t<\/div>\n\t\t\t\t<\/div>\n\t\t\t\t<\/div>\n\t\t\t\t\t<\/div>\n\t\t\t\t<\/div>\n\t\t\t\t<\/div>\n\t\t","protected":false},"excerpt":{"rendered":"<p>Ceny apartament\u00f3w Jahorina \u2013 Apartament Bestblick Jahorina, jeden z najpopularniejszych o\u015brodk\u00f3w narciarskich w Bo\u015bni i Hercegowinie, przyci\u0105ga co zim\u0119 tysi\u0105ce turyst\u00f3w, a apartamenty s\u0105 najcz\u0119\u015bciej wybieran\u0105 form\u0105 zakwaterowania ze wzgl\u0119du na dost\u0119pno\u015b\u0107 i komfort. Ceny apartament\u00f3w w Jahorinie r\u00f3\u017cni\u0105 si\u0119 w zale\u017cno\u015bci od sezonu, blisko\u015bci stok\u00f3w narciarskich, komfortu i dodatkowych udogodnie\u0144. Przegl\u0105d cen wed\u0142ug typ\u00f3w [&hellip;]<\/p>\n","protected":false},"author":1,"featured_media":0,"parent":0,"menu_order":0,"comment_status":"closed","ping_status":"closed","template":"","meta":{"footnotes":""},"class_list":["post-12114","page","type-page","status-publish","hentry"],"yoast_head":"<!-- This site is optimized with the Yoast SEO plugin v26.4 - https:\/\/yoast.com\/wordpress\/plugins\/seo\/ -->\n<title>Ceny apartament\u00f3w Jahorina - BESTBLICK Apartments Jahorina<\/title>\n<meta name=\"robots\" content=\"index, follow, max-snippet:-1, max-image-preview:large, max-video-preview:-1\" \/>\n<link rel=\"canonical\" href=\"https:\/\/apartments-jahorina.com\/cijene-apartmana-jahorina\/\" \/>\n<meta property=\"og:locale\" content=\"pl_PL\" \/>\n<meta property=\"og:type\" content=\"article\" \/>\n<meta property=\"og:title\" content=\"Ceny apartament\u00f3w Jahorina - BESTBLICK Apartments Jahorina\" \/>\n<meta property=\"og:description\" content=\"Ceny apartament\u00f3w Jahorina \u2013 Apartament Bestblick Jahorina, jeden z najpopularniejszych o\u015brodk\u00f3w narciarskich w Bo\u015bni i Hercegowinie, przyci\u0105ga co zim\u0119 tysi\u0105ce turyst\u00f3w, a apartamenty s\u0105 najcz\u0119\u015bciej wybieran\u0105 form\u0105 zakwaterowania ze wzgl\u0119du na dost\u0119pno\u015b\u0107 i komfort. Ceny apartament\u00f3w w Jahorinie r\u00f3\u017cni\u0105 si\u0119 w zale\u017cno\u015bci od sezonu, blisko\u015bci stok\u00f3w narciarskich, komfortu i dodatkowych udogodnie\u0144. Przegl\u0105d cen wed\u0142ug typ\u00f3w [&hellip;]\" \/>\n<meta property=\"og:url\" content=\"https:\/\/apartments-jahorina.com\/cijene-apartmana-jahorina\/\" \/>\n<meta property=\"og:site_name\" content=\"BESTBLICK Apartments Jahorina\" \/>\n<meta property=\"article:modified_time\" content=\"2025-12-11T13:15:42+00:00\" \/>\n<meta property=\"og:image\" content=\"http:\/\/apartments-jahorina.com\/wp-content\/uploads\/2025\/11\/novadesno.jpg\" \/>\n<meta name=\"twitter:card\" content=\"summary_large_image\" \/>\n<meta name=\"twitter:label1\" content=\"Szacowany czas czytania\" \/>\n\t<meta name=\"twitter:data1\" content=\"4 minuty\" \/>\n<script type=\"application\/ld+json\" class=\"yoast-schema-graph\">{\"@context\":\"https:\/\/schema.org\",\"@graph\":[{\"@type\":\"WebPage\",\"@id\":\"https:\/\/apartments-jahorina.com\/cijene-apartmana-jahorina\/\",\"url\":\"https:\/\/apartments-jahorina.com\/cijene-apartmana-jahorina\/\",\"name\":\"Ceny apartament\u00f3w Jahorina - BESTBLICK Apartments Jahorina\",\"isPartOf\":{\"@id\":\"https:\/\/apartments-jahorina.com\/#website\"},\"primaryImageOfPage\":{\"@id\":\"https:\/\/apartments-jahorina.com\/cijene-apartmana-jahorina\/#primaryimage\"},\"image\":{\"@id\":\"https:\/\/apartments-jahorina.com\/cijene-apartmana-jahorina\/#primaryimage\"},\"thumbnailUrl\":\"http:\/\/apartments-jahorina.com\/wp-content\/uploads\/2025\/11\/novadesno.jpg\",\"datePublished\":\"2025-11-30T18:10:03+00:00\",\"dateModified\":\"2025-12-11T13:15:42+00:00\",\"breadcrumb\":{\"@id\":\"https:\/\/apartments-jahorina.com\/cijene-apartmana-jahorina\/#breadcrumb\"},\"inLanguage\":\"pl-PL\",\"potentialAction\":[{\"@type\":\"ReadAction\",\"target\":[\"https:\/\/apartments-jahorina.com\/cijene-apartmana-jahorina\/\"]}]},{\"@type\":\"ImageObject\",\"inLanguage\":\"pl-PL\",\"@id\":\"https:\/\/apartments-jahorina.com\/cijene-apartmana-jahorina\/#primaryimage\",\"url\":\"http:\/\/apartments-jahorina.com\/wp-content\/uploads\/2025\/11\/novadesno.jpg\",\"contentUrl\":\"http:\/\/apartments-jahorina.com\/wp-content\/uploads\/2025\/11\/novadesno.jpg\"},{\"@type\":\"BreadcrumbList\",\"@id\":\"https:\/\/apartments-jahorina.com\/cijene-apartmana-jahorina\/#breadcrumb\",\"itemListElement\":[{\"@type\":\"ListItem\",\"position\":1,\"name\":\"Home\",\"item\":\"https:\/\/apartments-jahorina.com\/pl\/\"},{\"@type\":\"ListItem\",\"position\":2,\"name\":\"Ceny apartament\u00f3w Jahorina\"}]},{\"@type\":\"WebSite\",\"@id\":\"https:\/\/apartments-jahorina.com\/#website\",\"url\":\"https:\/\/apartments-jahorina.com\/\",\"name\":\"BESTBLICK Apartments Jahorina\",\"description\":\"Moderni apartmani s pogledom na ski-stazu\",\"potentialAction\":[{\"@type\":\"SearchAction\",\"target\":{\"@type\":\"EntryPoint\",\"urlTemplate\":\"https:\/\/apartments-jahorina.com\/?s={search_term_string}\"},\"query-input\":{\"@type\":\"PropertyValueSpecification\",\"valueRequired\":true,\"valueName\":\"search_term_string\"}}],\"inLanguage\":\"pl-PL\"}]}<\/script>\n<!-- \/ Yoast SEO plugin. -->","yoast_head_json":{"title":"Ceny apartament\u00f3w Jahorina - BESTBLICK Apartments Jahorina","robots":{"index":"index","follow":"follow","max-snippet":"max-snippet:-1","max-image-preview":"max-image-preview:large","max-video-preview":"max-video-preview:-1"},"canonical":"https:\/\/apartments-jahorina.com\/cijene-apartmana-jahorina\/","og_locale":"pl_PL","og_type":"article","og_title":"Ceny apartament\u00f3w Jahorina - BESTBLICK Apartments Jahorina","og_description":"Ceny apartament\u00f3w Jahorina \u2013 Apartament Bestblick Jahorina, jeden z najpopularniejszych o\u015brodk\u00f3w narciarskich w Bo\u015bni i Hercegowinie, przyci\u0105ga co zim\u0119 tysi\u0105ce turyst\u00f3w, a apartamenty s\u0105 najcz\u0119\u015bciej wybieran\u0105 form\u0105 zakwaterowania ze wzgl\u0119du na dost\u0119pno\u015b\u0107 i komfort. Ceny apartament\u00f3w w Jahorinie r\u00f3\u017cni\u0105 si\u0119 w zale\u017cno\u015bci od sezonu, blisko\u015bci stok\u00f3w narciarskich, komfortu i dodatkowych udogodnie\u0144. Przegl\u0105d cen wed\u0142ug typ\u00f3w [&hellip;]","og_url":"https:\/\/apartments-jahorina.com\/cijene-apartmana-jahorina\/","og_site_name":"BESTBLICK Apartments Jahorina","article_modified_time":"2025-12-11T13:15:42+00:00","og_image":[{"url":"http:\/\/apartments-jahorina.com\/wp-content\/uploads\/2025\/11\/novadesno.jpg","type":"","width":"","height":""}],"twitter_card":"summary_large_image","twitter_misc":{"Szacowany czas czytania":"4 minuty"},"schema":{"@context":"https:\/\/schema.org","@graph":[{"@type":"WebPage","@id":"https:\/\/apartments-jahorina.com\/cijene-apartmana-jahorina\/","url":"https:\/\/apartments-jahorina.com\/cijene-apartmana-jahorina\/","name":"Ceny apartament\u00f3w Jahorina - BESTBLICK Apartments Jahorina","isPartOf":{"@id":"https:\/\/apartments-jahorina.com\/#website"},"primaryImageOfPage":{"@id":"https:\/\/apartments-jahorina.com\/cijene-apartmana-jahorina\/#primaryimage"},"image":{"@id":"https:\/\/apartments-jahorina.com\/cijene-apartmana-jahorina\/#primaryimage"},"thumbnailUrl":"http:\/\/apartments-jahorina.com\/wp-content\/uploads\/2025\/11\/novadesno.jpg","datePublished":"2025-11-30T18:10:03+00:00","dateModified":"2025-12-11T13:15:42+00:00","breadcrumb":{"@id":"https:\/\/apartments-jahorina.com\/cijene-apartmana-jahorina\/#breadcrumb"},"inLanguage":"pl-PL","potentialAction":[{"@type":"ReadAction","target":["https:\/\/apartments-jahorina.com\/cijene-apartmana-jahorina\/"]}]},{"@type":"ImageObject","inLanguage":"pl-PL","@id":"https:\/\/apartments-jahorina.com\/cijene-apartmana-jahorina\/#primaryimage","url":"http:\/\/apartments-jahorina.com\/wp-content\/uploads\/2025\/11\/novadesno.jpg","contentUrl":"http:\/\/apartments-jahorina.com\/wp-content\/uploads\/2025\/11\/novadesno.jpg"},{"@type":"BreadcrumbList","@id":"https:\/\/apartments-jahorina.com\/cijene-apartmana-jahorina\/#breadcrumb","itemListElement":[{"@type":"ListItem","position":1,"name":"Home","item":"https:\/\/apartments-jahorina.com\/pl\/"},{"@type":"ListItem","position":2,"name":"Ceny apartament\u00f3w Jahorina"}]},{"@type":"WebSite","@id":"https:\/\/apartments-jahorina.com\/#website","url":"https:\/\/apartments-jahorina.com\/","name":"BESTBLICK Apartments Jahorina","description":"Moderni apartmani s pogledom na ski-stazu","potentialAction":[{"@type":"SearchAction","target":{"@type":"EntryPoint","urlTemplate":"https:\/\/apartments-jahorina.com\/?s={search_term_string}"},"query-input":{"@type":"PropertyValueSpecification","valueRequired":true,"valueName":"search_term_string"}}],"inLanguage":"pl-PL"}]}},"_links":{"self":[{"href":"https:\/\/apartments-jahorina.com\/pl\/wp-json\/wp\/v2\/pages\/12114","targetHints":{"allow":["GET"]}}],"collection":[{"href":"https:\/\/apartments-jahorina.com\/pl\/wp-json\/wp\/v2\/pages"}],"about":[{"href":"https:\/\/apartments-jahorina.com\/pl\/wp-json\/wp\/v2\/types\/page"}],"author":[{"embeddable":true,"href":"https:\/\/apartments-jahorina.com\/pl\/wp-json\/wp\/v2\/users\/1"}],"replies":[{"embeddable":true,"href":"https:\/\/apartments-jahorina.com\/pl\/wp-json\/wp\/v2\/comments?post=12114"}],"version-history":[{"count":4,"href":"https:\/\/apartments-jahorina.com\/pl\/wp-json\/wp\/v2\/pages\/12114\/revisions"}],"predecessor-version":[{"id":12604,"href":"https:\/\/apartments-jahorina.com\/pl\/wp-json\/wp\/v2\/pages\/12114\/revisions\/12604"}],"wp:attachment":[{"href":"https:\/\/apartments-jahorina.com\/pl\/wp-json\/wp\/v2\/media?parent=12114"}],"curies":[{"name":"wp","href":"https:\/\/api.w.org\/{rel}","templated":true}]}}