{"id":12124,"date":"2025-11-14T12:00:39","date_gmt":"2025-11-14T12:00:39","guid":{"rendered":"http:\/\/apartments-jahorina.com\/pravila-privatnosti\/"},"modified":"2025-12-17T16:20:19","modified_gmt":"2025-12-17T16:20:19","slug":"privacy","status":"publish","type":"page","link":"https:\/\/apartments-jahorina.com\/pl\/privacy\/","title":{"rendered":"Polityka prywatno\u015bci"},"content":{"rendered":"\r\n<p><span dir=\"auto\">Apartamenty Jahorina, Obu\u0107ina Bare 85e, 71423 Jahorina, Bo\u015bnia i Hercegowina.<\/span><\/p>\r\n<p><span dir=\"auto\">W ramach naszej dzia\u0142alno\u015bci gromadzimy i przetwarzamy dane osobowe przekazywane przez klient\u00f3w. Poniewa\u017c ochrona Twojej prywatno\u015bci jest dla nas priorytetem, przyj\u0119li\u015bmy poni\u017csz\u0105 Polityk\u0119 Prywatno\u015bci.<\/span><\/p>\r\n<p><span dir=\"auto\">Apartamenty Jahorina przestrzegaj\u0105 nast\u0119puj\u0105cych zasad w celu ochrony Twojej prywatno\u015bci:<\/span><br \/><span dir=\"auto\">\u2022 Nie gromadzimy wi\u0119cej informacji ni\u017c to konieczne;<\/span><br \/><span dir=\"auto\">\u2022 Nie wykorzystujemy Twoich danych do cel\u00f3w nieokre\u015blonych;<\/span><br \/><span dir=\"auto\">\u2022 Nie przechowujemy Twoich danych, je\u015bli nie s\u0105 ju\u017c potrzebne;<\/span><br \/><span dir=\"auto\">\u2022 Nigdy nie sprzedajemy, nie po\u017cyczamy, nie rozpowszechniamy ani nie publikujemy publicznie Twoich danych osobowych.<\/span><br \/><span dir=\"auto\">\u2022 Nie przekazujemy Twoich danych osobom trzecim,<\/span><br \/><span dir=\"auto\">\u2022 Nie stosujemy zautomatyzowanego przetwarzania i podejmowania decyzji ani profilowania,<\/span><br \/><span dir=\"auto\">\u2022 Nie przekazujemy Twoich danych osobowych do pa\u0144stwa trzeciego lub organizacji mi\u0119dzynarodowej,<\/span><br \/><span dir=\"auto\">\u2022 Nie wykorzystujemy Twoich danych do cel\u00f3w nieokre\u015blonych,<\/span><br \/><span dir=\"auto\">\u2022 Sprawdzamy r\u00f3wnie\u017c, czy Twoje dane s\u0105 przechowywane bezpiecznie.<\/span><\/p>\r\n<p><span dir=\"auto\">Apartamenty Jahorina gromadz\u0105 tylko te informacje, kt\u00f3re s\u0105 konieczne, aby odpowiedzie\u0107 na Twoje zapytanie i, mamy nadziej\u0119, nawi\u0105za\u0107 d\u0142ugoterminow\u0105 i opart\u0105 na zaufaniu relacj\u0119 biznesow\u0105.<\/span><\/p>\r\n<p><span dir=\"auto\">My w Apartments Jahorina stworzyli\u015bmy Polityk\u0119 Prywatno\u015bci, kt\u00f3ra ma pom\u00f3c Ci zrozumie\u0107, jakie dane zbieramy, w jakim celu je wykorzystujemy i w jaki spos\u00f3b mo\u017cesz korzysta\u0107 ze swoich praw.<\/span><\/p>\r\n<p><span dir=\"auto\">Wa\u017cne jest, aby zapozna\u0107 si\u0119 z nasz\u0105 Polityk\u0105 prywatno\u015bci. Mamy nadziej\u0119, \u017ce po\u015bwi\u0119c\u0105 Pa\u0144stwo na to czas i uwag\u0119.<\/span><\/p>\r\n<p><span dir=\"auto\">W jaki spos\u00f3b i jakie informacje o Tobie gromadzimy?<\/span><br \/><span dir=\"auto\">Kiedy kontaktujesz si\u0119 z nami za po\u015brednictwem formularza kontaktowego na naszej stronie internetowej lub bezpo\u015brednio za po\u015brednictwem naszego adresu e-mail. Informacje, kt\u00f3re podajesz (dane osobowe, takie jak imi\u0119 i nazwisko, adres e-mail itp.) lub przesy\u0142asz poczt\u0105 elektroniczn\u0105, b\u0119d\u0105 przetwarzane i przechowywane, aby\u015bmy mogli si\u0119 z Tob\u0105 skontaktowa\u0107 i odpowiedzie\u0107 na Twoj\u0105 pro\u015bb\u0119. Osoby poni\u017cej 16. roku \u017cycia musz\u0105 wyrazi\u0107 zgod\u0119 rodzica lub opiekuna prawnego przed podaniem danych osobowych. Wype\u0142niaj\u0105c formularze kontaktowe na naszej stronie internetowej lub kontaktuj\u0105c si\u0119 z nami bezpo\u015brednio za po\u015brednictwem poczty elektronicznej, gwarantujesz, \u017ce podane przez Ciebie informacje s\u0105 prawdziwe i w pe\u0142ni akceptujesz postanowienia naszej Polityki Prywatno\u015bci oraz warunki w niej okre\u015blone.<\/span><\/p>\r\n<p><span dir=\"auto\">Informacje o Administratorze Twoich danych<\/span><br \/><span dir=\"auto\">Administratorem tej strony internetowej i Twoich danych osobowych jest Apartments Jahorina, Obu\u0107ina Bare 85e, 71423 Jahorina, Bo\u015bnia i Hercegowina. Jaki jest cel i podstawa prawna gromadzenia Twoich danych? Podj\u0119cie najw\u0142a\u015bciwszych dzia\u0142a\u0144 na Twoje \u017c\u0105danie przed nawi\u0105zaniem jakiejkolwiek relacji biznesowej, w oparciu o dzia\u0142alno\u015b\u0107 biznesow\u0105 firmy i jej uzasadniony interes.<\/span><\/p>\r\n<p><span dir=\"auto\">Jak d\u0142ugo b\u0119d\u0105 przechowywane Twoje dane osobowe?<\/span><br \/><span dir=\"auto\">Tak d\u0142ugo, jak d\u0142ugo b\u0119dziemy utrzymywa\u0107 otwart\u0105 komunikacj\u0119 w celu nawi\u0105zania wsp\u00f3\u0142pracy biznesowej oraz przez czas trwania naszej relacji umownej.<\/span><\/p>\r\n<p><span dir=\"auto\">W jaki spos\u00f3b b\u0119dziemy wykorzystywa\u0107 Twoje dane?<\/span><br \/><span dir=\"auto\">Gromadzimy Twoje dane, aby m\u00f3c si\u0119 z Tob\u0105 skontaktowa\u0107 i odpowiedzie\u0107 na Twoje zapytanie. Gromadzimy i wykorzystujemy Twoje dane osobowe w zakresie niezb\u0119dnym do nawi\u0105zania naszej relacji biznesowej, a tak\u017ce przez czas trwania naszej umowy. W czasie trwania umowy Apartamenty Jahorina b\u0119d\u0105 wysy\u0142a\u0107 Ci powiadomienia o nowych produktach i us\u0142ugach, kt\u00f3re naszym zdaniem mog\u0105 Ci\u0119 zainteresowa\u0107, je\u015bli wyrazi\u0142e\u015b na to zgod\u0119 kontaktuj\u0105c si\u0119 z nasz\u0105 firm\u0105 za po\u015brednictwem formularza internetowego. Mo\u017cesz w dowolnym momencie cofn\u0105\u0107 udzielon\u0105 nam zgod\u0119 w tym celu, w takim przypadku zaprzestaniemy przetwarzania.<\/span><\/p>\r\n<p><span dir=\"auto\">Google Analytics<\/span><br \/><span dir=\"auto\">Podczas gromadzenia danych osobowych, niekt\u00f3re dane mog\u0105 by\u0107 przechowywane przez platform\u0119 Google Analytics, o czym mo\u017cna dowiedzie\u0107 si\u0119 wi\u0119cej w Polityce plik\u00f3w cookie. Wi\u0119cej informacji na temat polityki prywatno\u015bci platformy Google Analytics mo\u017cna znale\u017a\u0107 pod poni\u017cszym linkiem: https:\/\/policies.google.com\/privacy?hl=hr<\/span><\/p>\r\n<p><span dir=\"auto\">Bezpiecze\u0144stwo informacji<\/span><br \/><span dir=\"auto\">Wdro\u017cyli\u015bmy \u015brodki bezpiecze\u0144stwa w celu ochrony danych osobowych, kt\u00f3re nam udost\u0119pniasz. Twoje dane osobowe s\u0105 chronione przed przypadkowym lub niezgodnym z prawem zniszczeniem, utrat\u0105, zmian\u0105, nieautoryzowanym ujawnieniem lub dost\u0119pem do nich podczas ich przesy\u0142ania, przechowywania lub przetwarzania.<\/span><\/p>\r\n<p><span dir=\"auto\">O serwerze naszej strony internetowej:<\/span><br \/><span dir=\"auto\">Ta strona internetowa jest hostowana przez globalnie uznanego dostawc\u0119 us\u0142ug w UE. Ta strona internetowa jest hostowana przez globalnie uznanego dostawc\u0119 us\u0142ug w Niemczech i UE, kt\u00f3ry zdaniem Komisji Europejskiej zapewnia odpowiedni poziom ochrony danych osobowych obywateli UE.<\/span><\/p>\r\n<p><span dir=\"auto\">Pliki cookie<\/span><br \/><span dir=\"auto\">Aby u\u0142atwi\u0107 przegl\u0105danie naszych stron internetowych, nasz globalny serwer sieciowy u\u017cywa plik\u00f3w cookie. Pliki cookie nie mog\u0105 by\u0107 u\u017cywane do uruchamiania program\u00f3w ani umieszczania wirus\u00f3w na komputerze. Mo\u017cesz przegl\u0105da\u0107 nasze strony internetowe bez plik\u00f3w cookie, je\u015bli Twoja przegl\u0105darka jest do tego skonfigurowana. Szczeg\u00f3\u0142owe informacje na temat plik\u00f3w cookie mo\u017cna znale\u017a\u0107 w O\u015bwiadczeniu dotycz\u0105cym plik\u00f3w cookie.<\/span><\/p>\r\n<p><span dir=\"auto\">Twoje prawa<\/span><br \/><span dir=\"auto\">Masz prawo do informacji o przetwarzaniu Twoich danych osobowych, do cofni\u0119cia zgody w dowolnym momencie, do poprawienia lub uzupe\u0142nienia swoich danych osobowych, tak aby by\u0142y zawsze aktualne, do usuni\u0119cia swoich danych osobowych, gdy nie s\u0105 ju\u017c potrzebne do powy\u017cszych cel\u00f3w, do przenoszenia swoich danych osobowych w ustrukturyzowanym formacie, a tak\u017ce do z\u0142o\u017cenia skargi do Apartments Jahorina w formie pisemnej na adres: Apartments Jahorina, Obu\u0107ina Bare 85e, 71423 Jahorina, Bo\u015bnia i Hercegowina lub elektronicznie na adres info@apartments-jahorina.com lub do w\u0142a\u015bciwego organu pa\u0144stwowego.<\/span><\/p>\r\n<p><span dir=\"auto\">Twoja zgoda<\/span><br \/><span dir=\"auto\">Korzystaj\u0105c z tej strony internetowej, wyra\u017casz zgod\u0119 na niniejsz\u0105 polityk\u0119 prywatno\u015bci, tj. wyra\u017casz wyra\u017an\u0105 zgod\u0119 na gromadzenie i dalsze przetwarzanie przez Apartamenty Jahorina Twoich danych osobowych, a tak\u017ce wszelkich innych danych, o kt\u00f3rych powzi\u0119\u0142a wiedz\u0119 w trakcie \u015bwiadczenia us\u0142ug, zgodnie z przepisami prawa, a wszystko to zgodnie z celem okre\u015blonym w niniejszym regulaminie. Potwierdzasz r\u00f3wnie\u017c, \u017ce zapozna\u0142e\u015b si\u0119 ze wszystkimi istotnymi informacjami dotycz\u0105cymi Apartament\u00f3w Jahorina i \u015bwiadczonych przez nie us\u0142ug.<\/span><\/p>\r\n<p><span dir=\"auto\">Prawo do wniesienia skargi do w\u0142a\u015bciwego organu<\/span><br \/><span dir=\"auto\">Mo\u017cesz w ka\u017cdej chwili wnie\u015b\u0107 skarg\u0119 bezpo\u015brednio do w\u0142a\u015bciwego organu nadzorczego: Agencji Ochrony Danych Osobowych (AZOP), Marti\u0107eva 14, Zagrzeb, kontakt: +385 (0)1 4609 999, azop@azop.hr, www.azop.hr.<\/span><\/p>\r\n<p><span dir=\"auto\">Naruszenie ochrony danych osobowych<\/span><br \/><span dir=\"auto\">Wszelkie niezgodne z prawem naruszenia ochrony danych osobowych zg\u0142osimy do AZOP jako w\u0142a\u015bciwego organu ochrony danych.<\/span><\/p>\r\n<p><span dir=\"auto\">Zmiany w naszej Polityce Prywatno\u015bci<\/span><br \/><span dir=\"auto\">W przypadku zmian w naszej Polityce Prywatno\u015bci powiadomimy Ci\u0119 o tym na tej stronie i zaktualizujemy dat\u0119 zmiany Polityki Prywatno\u015bci poni\u017cej w nast\u0119puj\u0105cy spos\u00f3b.<\/span><\/p>\r\n<p><span dir=\"auto\">Niniejsza Polityka Prywatno\u015bci zosta\u0142a zaktualizowana w dniu 20.05.2018\u00a0<\/span><\/p>","protected":false},"excerpt":{"rendered":"<p>Apartamenty Jahorina, Obu\u0107ina Bare 85e, 71423 Jahorina, Bo\u015bnia i Hercegowina. W ramach naszej dzia\u0142alno\u015bci gromadzimy i przetwarzamy dane osobowe przekazywane przez klient\u00f3w. Poniewa\u017c ochrona Twojej prywatno\u015bci jest dla nas priorytetem, przyj\u0119li\u015bmy poni\u017csz\u0105 Polityk\u0119 Prywatno\u015bci. Apartamenty Jahorina przestrzegaj\u0105 nast\u0119puj\u0105cych zasad w celu ochrony Twojej prywatno\u015bci:\u2022 Nie gromadzimy wi\u0119cej informacji ni\u017c to konieczne;\u2022 Nie wykorzystujemy Twoich danych [&hellip;]<\/p>\n","protected":false},"author":1,"featured_media":0,"parent":0,"menu_order":0,"comment_status":"closed","ping_status":"open","template":"","meta":{"footnotes":""},"class_list":["post-12124","page","type-page","status-publish","hentry"],"yoast_head":"<!-- This site is optimized with the Yoast SEO plugin v26.4 - https:\/\/yoast.com\/wordpress\/plugins\/seo\/ -->\n<title>Polityka prywatno\u015bci - BESTBLICK Apartments Jahorina<\/title>\n<meta name=\"robots\" content=\"index, follow, max-snippet:-1, max-image-preview:large, max-video-preview:-1\" \/>\n<link rel=\"canonical\" href=\"https:\/\/apartments-jahorina.com\/pravila-privatnosti\/\" \/>\n<meta property=\"og:locale\" content=\"pl_PL\" \/>\n<meta property=\"og:type\" content=\"article\" \/>\n<meta property=\"og:title\" content=\"Polityka prywatno\u015bci - BESTBLICK Apartments Jahorina\" \/>\n<meta property=\"og:description\" content=\"Apartamenty Jahorina, Obu\u0107ina Bare 85e, 71423 Jahorina, Bo\u015bnia i Hercegowina. W ramach naszej dzia\u0142alno\u015bci gromadzimy i przetwarzamy dane osobowe przekazywane przez klient\u00f3w. Poniewa\u017c ochrona Twojej prywatno\u015bci jest dla nas priorytetem, przyj\u0119li\u015bmy poni\u017csz\u0105 Polityk\u0119 Prywatno\u015bci. Apartamenty Jahorina przestrzegaj\u0105 nast\u0119puj\u0105cych zasad w celu ochrony Twojej prywatno\u015bci:\u2022 Nie gromadzimy wi\u0119cej informacji ni\u017c to konieczne;\u2022 Nie wykorzystujemy Twoich danych [&hellip;]\" \/>\n<meta property=\"og:url\" content=\"https:\/\/apartments-jahorina.com\/pravila-privatnosti\/\" \/>\n<meta property=\"og:site_name\" content=\"BESTBLICK Apartments Jahorina\" \/>\n<meta property=\"article:modified_time\" content=\"2025-12-17T16:20:19+00:00\" \/>\n<meta name=\"twitter:card\" content=\"summary_large_image\" \/>\n<meta name=\"twitter:label1\" content=\"Szacowany czas czytania\" \/>\n\t<meta name=\"twitter:data1\" content=\"5 minut\" \/>\n<script type=\"application\/ld+json\" class=\"yoast-schema-graph\">{\"@context\":\"https:\/\/schema.org\",\"@graph\":[{\"@type\":\"WebPage\",\"@id\":\"https:\/\/apartments-jahorina.com\/pravila-privatnosti\/\",\"url\":\"https:\/\/apartments-jahorina.com\/pravila-privatnosti\/\",\"name\":\"Polityka prywatno\u015bci - BESTBLICK Apartments Jahorina\",\"isPartOf\":{\"@id\":\"https:\/\/apartments-jahorina.com\/#website\"},\"datePublished\":\"2025-11-14T12:00:39+00:00\",\"dateModified\":\"2025-12-17T16:20:19+00:00\",\"breadcrumb\":{\"@id\":\"https:\/\/apartments-jahorina.com\/pravila-privatnosti\/#breadcrumb\"},\"inLanguage\":\"pl-PL\",\"potentialAction\":[{\"@type\":\"ReadAction\",\"target\":[\"https:\/\/apartments-jahorina.com\/pravila-privatnosti\/\"]}]},{\"@type\":\"BreadcrumbList\",\"@id\":\"https:\/\/apartments-jahorina.com\/pravila-privatnosti\/#breadcrumb\",\"itemListElement\":[{\"@type\":\"ListItem\",\"position\":1,\"name\":\"Home\",\"item\":\"https:\/\/apartments-jahorina.com\/pl\/\"},{\"@type\":\"ListItem\",\"position\":2,\"name\":\"Polityka prywatno\u015bci\"}]},{\"@type\":\"WebSite\",\"@id\":\"https:\/\/apartments-jahorina.com\/#website\",\"url\":\"https:\/\/apartments-jahorina.com\/\",\"name\":\"BESTBLICK Apartments Jahorina\",\"description\":\"Moderni apartmani s pogledom na ski-stazu\",\"potentialAction\":[{\"@type\":\"SearchAction\",\"target\":{\"@type\":\"EntryPoint\",\"urlTemplate\":\"https:\/\/apartments-jahorina.com\/?s={search_term_string}\"},\"query-input\":{\"@type\":\"PropertyValueSpecification\",\"valueRequired\":true,\"valueName\":\"search_term_string\"}}],\"inLanguage\":\"pl-PL\"}]}<\/script>\n<!-- \/ Yoast SEO plugin. -->","yoast_head_json":{"title":"Polityka prywatno\u015bci - BESTBLICK Apartments Jahorina","robots":{"index":"index","follow":"follow","max-snippet":"max-snippet:-1","max-image-preview":"max-image-preview:large","max-video-preview":"max-video-preview:-1"},"canonical":"https:\/\/apartments-jahorina.com\/pravila-privatnosti\/","og_locale":"pl_PL","og_type":"article","og_title":"Polityka prywatno\u015bci - BESTBLICK Apartments Jahorina","og_description":"Apartamenty Jahorina, Obu\u0107ina Bare 85e, 71423 Jahorina, Bo\u015bnia i Hercegowina. W ramach naszej dzia\u0142alno\u015bci gromadzimy i przetwarzamy dane osobowe przekazywane przez klient\u00f3w. Poniewa\u017c ochrona Twojej prywatno\u015bci jest dla nas priorytetem, przyj\u0119li\u015bmy poni\u017csz\u0105 Polityk\u0119 Prywatno\u015bci. Apartamenty Jahorina przestrzegaj\u0105 nast\u0119puj\u0105cych zasad w celu ochrony Twojej prywatno\u015bci:\u2022 Nie gromadzimy wi\u0119cej informacji ni\u017c to konieczne;\u2022 Nie wykorzystujemy Twoich danych [&hellip;]","og_url":"https:\/\/apartments-jahorina.com\/pravila-privatnosti\/","og_site_name":"BESTBLICK Apartments Jahorina","article_modified_time":"2025-12-17T16:20:19+00:00","twitter_card":"summary_large_image","twitter_misc":{"Szacowany czas czytania":"5 minut"},"schema":{"@context":"https:\/\/schema.org","@graph":[{"@type":"WebPage","@id":"https:\/\/apartments-jahorina.com\/pravila-privatnosti\/","url":"https:\/\/apartments-jahorina.com\/pravila-privatnosti\/","name":"Polityka prywatno\u015bci - BESTBLICK Apartments Jahorina","isPartOf":{"@id":"https:\/\/apartments-jahorina.com\/#website"},"datePublished":"2025-11-14T12:00:39+00:00","dateModified":"2025-12-17T16:20:19+00:00","breadcrumb":{"@id":"https:\/\/apartments-jahorina.com\/pravila-privatnosti\/#breadcrumb"},"inLanguage":"pl-PL","potentialAction":[{"@type":"ReadAction","target":["https:\/\/apartments-jahorina.com\/pravila-privatnosti\/"]}]},{"@type":"BreadcrumbList","@id":"https:\/\/apartments-jahorina.com\/pravila-privatnosti\/#breadcrumb","itemListElement":[{"@type":"ListItem","position":1,"name":"Home","item":"https:\/\/apartments-jahorina.com\/pl\/"},{"@type":"ListItem","position":2,"name":"Polityka prywatno\u015bci"}]},{"@type":"WebSite","@id":"https:\/\/apartments-jahorina.com\/#website","url":"https:\/\/apartments-jahorina.com\/","name":"BESTBLICK Apartments Jahorina","description":"Moderni apartmani s pogledom na ski-stazu","potentialAction":[{"@type":"SearchAction","target":{"@type":"EntryPoint","urlTemplate":"https:\/\/apartments-jahorina.com\/?s={search_term_string}"},"query-input":{"@type":"PropertyValueSpecification","valueRequired":true,"valueName":"search_term_string"}}],"inLanguage":"pl-PL"}]}},"_links":{"self":[{"href":"https:\/\/apartments-jahorina.com\/pl\/wp-json\/wp\/v2\/pages\/12124","targetHints":{"allow":["GET"]}}],"collection":[{"href":"https:\/\/apartments-jahorina.com\/pl\/wp-json\/wp\/v2\/pages"}],"about":[{"href":"https:\/\/apartments-jahorina.com\/pl\/wp-json\/wp\/v2\/types\/page"}],"author":[{"embeddable":true,"href":"https:\/\/apartments-jahorina.com\/pl\/wp-json\/wp\/v2\/users\/1"}],"replies":[{"embeddable":true,"href":"https:\/\/apartments-jahorina.com\/pl\/wp-json\/wp\/v2\/comments?post=12124"}],"version-history":[{"count":3,"href":"https:\/\/apartments-jahorina.com\/pl\/wp-json\/wp\/v2\/pages\/12124\/revisions"}],"predecessor-version":[{"id":12999,"href":"https:\/\/apartments-jahorina.com\/pl\/wp-json\/wp\/v2\/pages\/12124\/revisions\/12999"}],"wp:attachment":[{"href":"https:\/\/apartments-jahorina.com\/pl\/wp-json\/wp\/v2\/media?parent=12124"}],"curies":[{"name":"wp","href":"https:\/\/api.w.org\/{rel}","templated":true}]}}