{"id":13353,"date":"2026-02-02T03:02:21","date_gmt":"2026-02-02T03:02:21","guid":{"rendered":"https:\/\/apartments-jahorina.com\/?page_id=13353"},"modified":"2026-02-03T03:09:04","modified_gmt":"2026-02-03T03:09:04","slug":"wynajem-noclegow-w-jahorinie","status":"publish","type":"page","link":"https:\/\/apartments-jahorina.com\/pl\/wynajem-noclegow-w-jahorinie\/","title":{"rendered":"Wynajem nocleg\u00f3w w Jahorinie"},"content":{"rendered":"\t\t<div data-elementor-type=\"wp-page\" data-elementor-id=\"13353\" class=\"elementor elementor-13353 elementor-13345\">\n\t\t\t\t<div class=\"elementor-element elementor-element-12b6bd6 e-flex e-con-boxed e-con e-parent\" data-id=\"12b6bd6\" data-element_type=\"container\">\n\t\t\t\t\t<div class=\"e-con-inner\">\n\t\t<div class=\"elementor-element elementor-element-7b8b529 e-con-full e-flex e-con e-child\" data-id=\"7b8b529\" data-element_type=\"container\">\n\t\t<div class=\"elementor-element elementor-element-52f5450 e-con-full e-flex e-con e-child\" data-id=\"52f5450\" data-element_type=\"container\">\n\t\t\t\t<div class=\"elementor-element elementor-element-ef7ac5e elementor-absolute elementor-hidden-mobile elementor-view-default elementor-invisible elementor-widget elementor-widget-icon\" data-id=\"ef7ac5e\" data-element_type=\"widget\" data-settings=\"{&quot;_position&quot;:&quot;absolute&quot;,&quot;motion_fx_motion_fx_scrolling&quot;:&quot;yes&quot;,&quot;motion_fx_translateX_effect&quot;:&quot;yes&quot;,&quot;motion_fx_translateX_speed&quot;:{&quot;unit&quot;:&quot;px&quot;,&quot;size&quot;:1.5,&quot;sizes&quot;:[]},&quot;_animation&quot;:&quot;opal-move-right&quot;,&quot;motion_fx_translateX_affectedRange&quot;:{&quot;unit&quot;:&quot;%&quot;,&quot;size&quot;:&quot;&quot;,&quot;sizes&quot;:{&quot;start&quot;:0,&quot;end&quot;:100}},&quot;motion_fx_devices&quot;:[&quot;desktop&quot;,&quot;laptop&quot;,&quot;tablet_extra&quot;,&quot;tablet&quot;,&quot;mobile_extra&quot;,&quot;mobile&quot;]}\" data-widget_type=\"icon.default\">\n\t\t\t\t\t\t\t<div class=\"elementor-icon-wrapper\">\n\t\t\t<div class=\"elementor-icon\">\n\t\t\t\t\t\t<\/div>\n\t\t<\/div>\n\t\t\t\t\t\t<\/div>\n\t\t\t\t<div class=\"elementor-element elementor-element-7a3b481 elementor-widget__width-auto elementor-absolute elementor-hidden-mobile elementor-view-default elementor-invisible elementor-widget elementor-widget-icon\" data-id=\"7a3b481\" data-element_type=\"widget\" data-settings=\"{&quot;_position&quot;:&quot;absolute&quot;,&quot;motion_fx_motion_fx_scrolling&quot;:&quot;yes&quot;,&quot;motion_fx_translateY_effect&quot;:&quot;yes&quot;,&quot;motion_fx_translateY_direction&quot;:&quot;negative&quot;,&quot;motion_fx_translateY_speed&quot;:{&quot;unit&quot;:&quot;px&quot;,&quot;size&quot;:1.2,&quot;sizes&quot;:[]},&quot;_animation&quot;:&quot;opal-move-down&quot;,&quot;motion_fx_translateY_affectedRange&quot;:{&quot;unit&quot;:&quot;%&quot;,&quot;size&quot;:&quot;&quot;,&quot;sizes&quot;:{&quot;start&quot;:0,&quot;end&quot;:100}},&quot;motion_fx_devices&quot;:[&quot;desktop&quot;,&quot;laptop&quot;,&quot;tablet_extra&quot;,&quot;tablet&quot;,&quot;mobile_extra&quot;,&quot;mobile&quot;]}\" data-widget_type=\"icon.default\">\n\t\t\t\t\t\t\t<div class=\"elementor-icon-wrapper\">\n\t\t\t<div class=\"elementor-icon\">\n\t\t\t\t\t\t<\/div>\n\t\t<\/div>\n\t\t\t\t\t\t<\/div>\n\t\t\t\t<\/div>\n\t\t<div class=\"elementor-element elementor-element-4e0b3cc e-con-full e-flex e-con e-child\" data-id=\"4e0b3cc\" data-element_type=\"container\">\n\t\t\t\t<div class=\"elementor-element elementor-element-6bc46d3 elementor-widget__width-initial elementor-invisible elementor-widget elementor-widget-heading\" data-id=\"6bc46d3\" data-element_type=\"widget\" data-settings=\"{&quot;_animation&quot;:&quot;opal-move-left&quot;}\" data-widget_type=\"heading.default\">\n\t\t\t\t\t<h2 data-cursor=\"-opaque\" class=\"elementor-heading-title elementor-size-default\">Wynajem nocleg\u00f3w w Jahorinie  \u2013  <span class=\"c-primary\">idealne wakacje dla mi\u0142o\u015bnik\u00f3w natury i narciarstwa<\/span><\/h2>\t\t\t\t<\/div>\n\t\t\t\t<div class=\"elementor-element elementor-element-4aa09f6 elementor-widget__width-initial elementor-invisible elementor-widget elementor-widget-text-editor\" data-id=\"4aa09f6\" data-element_type=\"widget\" data-settings=\"{&quot;_animation&quot;:&quot;opal-move-left&quot;}\" data-widget_type=\"text-editor.default\">\n\t\t\t\t\t\t\t\t\t<span dir=\"auto\">Jahorina to ulubione miejsce mi\u0142o\u015bnik\u00f3w sport\u00f3w zimowych i przyrody, a wynajem nocleg\u00f3w na tej g\u00f3rze oferuje szeroki wyb\u00f3r opcji, od luksusowych\u00a0<\/span><a href=\"https:\/\/apartments-jahorina.com\/pl\/apartamenty-jahorina\/\"><span dir=\"auto\">apartament\u00f3w<\/span><\/a><span dir=\"auto\">\u00a0, przez komfortowe domki, po niedrogie pensjonaty. Noclegi znajduj\u0105 si\u0119 blisko g\u0142\u00f3wnych stok\u00f3w narciarskich, co jest idealnym rozwi\u0105zaniem dla go\u015bci, kt\u00f3rzy chc\u0105 szybko dotrze\u0107 do o\u015brodk\u00f3w narciarskich i skorzysta\u0107 z atrakcji g\u00f3rskich.<\/span>\t\t\t\t\t\t\t\t<\/div>\n\t\t\t\t<\/div>\n\t\t\t\t<\/div>\n\t\t<div class=\"elementor-element elementor-element-300ae1a e-con-full e-flex e-con e-child\" data-id=\"300ae1a\" data-element_type=\"container\">\n\t\t<div class=\"elementor-element elementor-element-70f5e3f e-con-full e-flex e-con e-child\" data-id=\"70f5e3f\" data-element_type=\"container\">\n\t\t\t\t<div class=\"elementor-element elementor-element-67151ae elementor-invisible elementor-widget elementor-widget-n-accordion\" data-id=\"67151ae\" data-element_type=\"widget\" data-settings=\"{&quot;_animation&quot;:&quot;opal-move-right&quot;,&quot;default_state&quot;:&quot;all_collapsed&quot;,&quot;max_items_expended&quot;:&quot;one&quot;,&quot;n_accordion_animation_duration&quot;:{&quot;unit&quot;:&quot;ms&quot;,&quot;size&quot;:400,&quot;sizes&quot;:[]}}\" data-widget_type=\"nested-accordion.default\">\n\t\t\t\t\t\t\t<div class=\"e-n-accordion\" aria-label=\"Accordion. Open links with Enter or Space, close with Escape, and navigate with Arrow Keys\">\n\t\t\t\t\t\t<details id=\"e-n-accordion-item-1080\" class=\"e-n-accordion-item\" >\n\t\t\t\t<summary class=\"e-n-accordion-item-title\" data-accordion-index=\"1\" tabindex=\"0\" aria-expanded=\"false\" aria-controls=\"e-n-accordion-item-1080\" >\n\t\t\t\t\t<span class='e-n-accordion-item-title-header'><div class=\"e-n-accordion-item-title-text\"> Rodzaje zakwaterowania do wynaj\u0119cia na Jahorinie <\/div><\/span>\n\t\t\t\t\t\t\t<span class='e-n-accordion-item-title-icon'>\n\t\t\t<span class='e-opened' ><i aria-hidden=\"true\" class=\"antra-icon- antra-icon-minus\"><\/i><\/span>\n\t\t\t<span class='e-closed'><i aria-hidden=\"true\" class=\"antra-icon- antra-icon-plus\"><\/i><\/span>\n\t\t<\/span>\n\n\t\t\t\t\t\t<\/summary>\n\t\t\t\t<div role=\"region\" aria-labelledby=\"e-n-accordion-item-1080\" class=\"elementor-element elementor-element-efa299f e-con-full e-flex e-con e-child\" data-id=\"efa299f\" data-element_type=\"container\">\n\t\t\t\t<div class=\"elementor-element elementor-element-bf5b1c6 elementor-widget__width-initial elementor-widget elementor-widget-text-editor\" data-id=\"bf5b1c6\" data-element_type=\"widget\" data-widget_type=\"text-editor.default\">\n\t\t\t\t\t\t\t\t\t<ol><li><strong><span dir=\"auto\">Apartamenty i mieszkania<\/span><\/strong><span dir=\"auto\">\u00a0\u2013 idealny wyb\u00f3r dla par i rodzin. Wyposa\u017cone w nowoczesne udogodnienia apartamenty oferuj\u0105 Wi-Fi, kuchnie i przestronne pokoje. Ceny wahaj\u0105 si\u0119 od 60 do 200 euro za noc, w zale\u017cno\u015bci od sezonu i lokalizacji.<\/span><\/li><li><strong><span dir=\"auto\">Domki<\/span><\/strong><span dir=\"auto\">\u00a0\u2013 Drewniane domy po\u0142o\u017cone w spokojniejszych cz\u0119\u015bciach Jahoriny to idealny wyb\u00f3r dla grup ceni\u0105cych prywatno\u015b\u0107. Domki oferuj\u0105 prawdziwie g\u00f3rski klimat i cz\u0119sto wyposa\u017cone s\u0105 w kominek, taras i aneks kuchenny.<\/span><\/li><li><strong><span dir=\"auto\">Hotele i pensjonaty<\/span><\/strong><span dir=\"auto\">\u00a0\u2013 oferuj\u0105 dodatkowe udogodnienia, takie jak \u015bniadania, centra odnowy biologicznej i zorganizowane wycieczki. Ceny s\u0105 zr\u00f3\u017cnicowane, ale stanowi\u0105 doskona\u0142y wyb\u00f3r dla os\u00f3b ceni\u0105cych sobie dodatkowe us\u0142ugi i komfort.<\/span><\/li><li><strong><span dir=\"auto\">Wille grupowe<\/span><\/strong><span dir=\"auto\">\u00a0&#8211; idealne dla wi\u0119kszych grup i rodzin, z dodatkowymi korzy\u015bciami, takimi jak prywatne ogrody, sauna i blisko\u015b\u0107 g\u0142\u00f3wnych szlak\u00f3w. Ceny zaczynaj\u0105 si\u0119 od 150 euro za noc.<\/span><\/li><\/ol>\t\t\t\t\t\t\t\t<\/div>\n\t\t\t\t<\/div>\n\t\t\t\t\t<\/details>\n\t\t\t\t\t\t<details id=\"e-n-accordion-item-1081\" class=\"e-n-accordion-item\" >\n\t\t\t\t<summary class=\"e-n-accordion-item-title\" data-accordion-index=\"2\" tabindex=\"-1\" aria-expanded=\"false\" aria-controls=\"e-n-accordion-item-1081\" >\n\t\t\t\t\t<span class='e-n-accordion-item-title-header'><div class=\"e-n-accordion-item-title-text\"> Ceny wynajmu <\/div><\/span>\n\t\t\t\t\t\t\t<span class='e-n-accordion-item-title-icon'>\n\t\t\t<span class='e-opened' ><i aria-hidden=\"true\" class=\"antra-icon- antra-icon-minus\"><\/i><\/span>\n\t\t\t<span class='e-closed'><i aria-hidden=\"true\" class=\"antra-icon- antra-icon-plus\"><\/i><\/span>\n\t\t<\/span>\n\n\t\t\t\t\t\t<\/summary>\n\t\t\t\t<div role=\"region\" aria-labelledby=\"e-n-accordion-item-1081\" class=\"elementor-element elementor-element-f0098d4 e-con-full e-flex e-con e-child\" data-id=\"f0098d4\" data-element_type=\"container\">\n\t\t\t\t<div class=\"elementor-element elementor-element-6580925 elementor-widget__width-initial elementor-widget elementor-widget-text-editor\" data-id=\"6580925\" data-element_type=\"widget\" data-widget_type=\"text-editor.default\">\n\t\t\t\t\t\t\t\t\t<p><span dir=\"auto\">W sezonie ceny nocleg\u00f3w na Jahorinie osi\u0105gaj\u0105 szczyt, dlatego zaleca si\u0119 wcze\u015bniejsz\u0105 rezerwacj\u0119 ze wzgl\u0119du na du\u017ce zainteresowanie. Ceny apartament\u00f3w wahaj\u0105 si\u0119 w granicach 80-200 euro za noc w miesi\u0105cach zimowych, a poza sezonem ceny znacznie spadaj\u0105. Domki i wille mog\u0105 by\u0107 dro\u017csze, szczeg\u00f3lnie w pobli\u017cu popularnych szlak\u00f3w i obszar\u00f3w turystycznych.<\/span><\/p><p><span dir=\"auto\">Je\u015bli chcesz dokona\u0107 rezerwacji lub uzyska\u0107 dodatkowe informacje na temat nocleg\u00f3w w Jahorinie, polecamy platformy takie jak\u00a0<\/span><a href=\"https:\/\/translate.google.com\/website?sl=hr&amp;tl=en&amp;hl=en&amp;client=webapp&amp;u=https:\/\/www.booking.com\/hotel\/ba\/bestblick-apartments-jahorina-snjezna-dolina.en-gb.html\"><strong><span dir=\"auto\">booking.com<\/span><\/strong><\/a><span dir=\"auto\">\u00a0oraz specjalistyczne biura podr\u00f3\u017cy, kt\u00f3re oferuj\u0105 aktualne informacje o cenach, dost\u0119pno\u015bci i opiniach go\u015bci.<\/span><\/p>\t\t\t\t\t\t\t\t<\/div>\n\t\t\t\t<\/div>\n\t\t\t\t\t<\/details>\n\t\t\t\t\t<\/div>\n\t\t\t\t\t\t<\/div>\n\t\t\t\t<\/div>\n\t\t<div class=\"elementor-element elementor-element-7c44126 e-con-full e-flex e-con e-child\" data-id=\"7c44126\" data-element_type=\"container\">\n\t\t\t\t<div class=\"elementor-element elementor-element-5b562f9 elementor-invisible elementor-widget elementor-widget-image\" data-id=\"5b562f9\" data-element_type=\"widget\" data-settings=\"{&quot;_animation&quot;:&quot;opal-move-left&quot;}\" data-widget_type=\"image.default\">\n\t\t\t\t\t<div class=\"antra-wrapper-image-widget\" data-cursor=\"-opaque\">\t\t\t\t\t\t\t\t\t\t<img loading=\"lazy\" decoding=\"async\" width=\"2560\" height=\"1440\" src=\"https:\/\/apartments-jahorina.com\/wp-content\/uploads\/2025\/11\/gal3-scaled.jpg\" class=\"attachment-full size-full wp-image-12562\" alt=\"\" srcset=\"https:\/\/apartments-jahorina.com\/wp-content\/uploads\/2025\/11\/gal3-scaled.jpg 2560w, https:\/\/apartments-jahorina.com\/wp-content\/uploads\/2025\/11\/gal3-300x169.jpg 300w, https:\/\/apartments-jahorina.com\/wp-content\/uploads\/2025\/11\/gal3-1024x576.jpg 1024w, https:\/\/apartments-jahorina.com\/wp-content\/uploads\/2025\/11\/gal3-768x432.jpg 768w, https:\/\/apartments-jahorina.com\/wp-content\/uploads\/2025\/11\/gal3-1536x864.jpg 1536w, https:\/\/apartments-jahorina.com\/wp-content\/uploads\/2025\/11\/gal3-2048x1152.jpg 2048w, https:\/\/apartments-jahorina.com\/wp-content\/uploads\/2025\/11\/gal3-860x484.jpg 860w, https:\/\/apartments-jahorina.com\/wp-content\/uploads\/2025\/11\/gal3-1000x563.jpg 1000w\" sizes=\"(max-width: 2560px) 100vw, 2560px\" \/>\t\t\t\t\t\t\t\t\t\t\t<\/div>\t\t\t\t<\/div>\n\t\t\t\t<\/div>\n\t\t\t\t<\/div>\n\t\t\t\t\t<\/div>\n\t\t\t\t<\/div>\n\t\t\t\t<\/div>\n\t\t","protected":false},"excerpt":{"rendered":"<p>Wynajem nocleg\u00f3w w Jahorinie \u2013 idealne wakacje dla mi\u0142o\u015bnik\u00f3w natury i narciarstwa Jahorina to ulubione miejsce mi\u0142o\u015bnik\u00f3w sport\u00f3w zimowych i przyrody, a wynajem nocleg\u00f3w na tej g\u00f3rze oferuje szeroki wyb\u00f3r opcji, od luksusowych\u00a0apartament\u00f3w\u00a0, przez komfortowe domki, po niedrogie pensjonaty. Noclegi znajduj\u0105 si\u0119 blisko g\u0142\u00f3wnych stok\u00f3w narciarskich, co jest idealnym rozwi\u0105zaniem dla go\u015bci, kt\u00f3rzy chc\u0105 szybko [&hellip;]<\/p>\n","protected":false},"author":1,"featured_media":0,"parent":0,"menu_order":0,"comment_status":"closed","ping_status":"closed","template":"","meta":{"footnotes":""},"class_list":["post-13353","page","type-page","status-publish","hentry"],"yoast_head":"<!-- This site is optimized with the Yoast SEO plugin v26.4 - https:\/\/yoast.com\/wordpress\/plugins\/seo\/ -->\n<title>Wynajem nocleg\u00f3w w Jahorinie - BESTBLICK Apartments Jahorina<\/title>\n<meta name=\"robots\" content=\"index, follow, max-snippet:-1, max-image-preview:large, max-video-preview:-1\" \/>\n<link rel=\"canonical\" href=\"https:\/\/apartments-jahorina.com\/pl\/wynajem-noclegow-w-jahorinie\/\" \/>\n<meta property=\"og:locale\" content=\"pl_PL\" \/>\n<meta property=\"og:type\" content=\"article\" \/>\n<meta property=\"og:title\" content=\"Wynajem nocleg\u00f3w w Jahorinie - BESTBLICK Apartments Jahorina\" \/>\n<meta property=\"og:description\" content=\"Wynajem nocleg\u00f3w w Jahorinie \u2013 idealne wakacje dla mi\u0142o\u015bnik\u00f3w natury i narciarstwa Jahorina to ulubione miejsce mi\u0142o\u015bnik\u00f3w sport\u00f3w zimowych i przyrody, a wynajem nocleg\u00f3w na tej g\u00f3rze oferuje szeroki wyb\u00f3r opcji, od luksusowych\u00a0apartament\u00f3w\u00a0, przez komfortowe domki, po niedrogie pensjonaty. Noclegi znajduj\u0105 si\u0119 blisko g\u0142\u00f3wnych stok\u00f3w narciarskich, co jest idealnym rozwi\u0105zaniem dla go\u015bci, kt\u00f3rzy chc\u0105 szybko [&hellip;]\" \/>\n<meta property=\"og:url\" content=\"https:\/\/apartments-jahorina.com\/pl\/wynajem-noclegow-w-jahorinie\/\" \/>\n<meta property=\"og:site_name\" content=\"BESTBLICK Apartments Jahorina\" \/>\n<meta property=\"article:modified_time\" content=\"2026-02-03T03:09:04+00:00\" \/>\n<meta property=\"og:image\" content=\"https:\/\/apartments-jahorina.com\/wp-content\/uploads\/2025\/11\/gal3-scaled.jpg\" \/>\n\t<meta property=\"og:image:width\" content=\"2560\" \/>\n\t<meta property=\"og:image:height\" content=\"1440\" \/>\n\t<meta property=\"og:image:type\" content=\"image\/jpeg\" \/>\n<meta name=\"twitter:card\" content=\"summary_large_image\" \/>\n<script type=\"application\/ld+json\" class=\"yoast-schema-graph\">{\"@context\":\"https:\/\/schema.org\",\"@graph\":[{\"@type\":\"WebPage\",\"@id\":\"https:\/\/apartments-jahorina.com\/pl\/wynajem-noclegow-w-jahorinie\/\",\"url\":\"https:\/\/apartments-jahorina.com\/pl\/wynajem-noclegow-w-jahorinie\/\",\"name\":\"Wynajem nocleg\u00f3w w Jahorinie - BESTBLICK Apartments Jahorina\",\"isPartOf\":{\"@id\":\"https:\/\/apartments-jahorina.com\/#website\"},\"primaryImageOfPage\":{\"@id\":\"https:\/\/apartments-jahorina.com\/pl\/wynajem-noclegow-w-jahorinie\/#primaryimage\"},\"image\":{\"@id\":\"https:\/\/apartments-jahorina.com\/pl\/wynajem-noclegow-w-jahorinie\/#primaryimage\"},\"thumbnailUrl\":\"https:\/\/apartments-jahorina.com\/wp-content\/uploads\/2025\/11\/gal3-scaled.jpg\",\"datePublished\":\"2026-02-02T03:02:21+00:00\",\"dateModified\":\"2026-02-03T03:09:04+00:00\",\"breadcrumb\":{\"@id\":\"https:\/\/apartments-jahorina.com\/pl\/wynajem-noclegow-w-jahorinie\/#breadcrumb\"},\"inLanguage\":\"pl-PL\",\"potentialAction\":[{\"@type\":\"ReadAction\",\"target\":[\"https:\/\/apartments-jahorina.com\/pl\/wynajem-noclegow-w-jahorinie\/\"]}]},{\"@type\":\"ImageObject\",\"inLanguage\":\"pl-PL\",\"@id\":\"https:\/\/apartments-jahorina.com\/pl\/wynajem-noclegow-w-jahorinie\/#primaryimage\",\"url\":\"https:\/\/apartments-jahorina.com\/wp-content\/uploads\/2025\/11\/gal3-scaled.jpg\",\"contentUrl\":\"https:\/\/apartments-jahorina.com\/wp-content\/uploads\/2025\/11\/gal3-scaled.jpg\"},{\"@type\":\"BreadcrumbList\",\"@id\":\"https:\/\/apartments-jahorina.com\/pl\/wynajem-noclegow-w-jahorinie\/#breadcrumb\",\"itemListElement\":[{\"@type\":\"ListItem\",\"position\":1,\"name\":\"Home\",\"item\":\"https:\/\/apartments-jahorina.com\/pl\/\"},{\"@type\":\"ListItem\",\"position\":2,\"name\":\"Wynajem nocleg\u00f3w w Jahorinie\"}]},{\"@type\":\"WebSite\",\"@id\":\"https:\/\/apartments-jahorina.com\/#website\",\"url\":\"https:\/\/apartments-jahorina.com\/\",\"name\":\"BESTBLICK Apartments Jahorina\",\"description\":\"Moderni apartmani s pogledom na ski-stazu\",\"potentialAction\":[{\"@type\":\"SearchAction\",\"target\":{\"@type\":\"EntryPoint\",\"urlTemplate\":\"https:\/\/apartments-jahorina.com\/?s={search_term_string}\"},\"query-input\":{\"@type\":\"PropertyValueSpecification\",\"valueRequired\":true,\"valueName\":\"search_term_string\"}}],\"inLanguage\":\"pl-PL\"}]}<\/script>\n<!-- \/ Yoast SEO plugin. -->","yoast_head_json":{"title":"Wynajem nocleg\u00f3w w Jahorinie - BESTBLICK Apartments Jahorina","robots":{"index":"index","follow":"follow","max-snippet":"max-snippet:-1","max-image-preview":"max-image-preview:large","max-video-preview":"max-video-preview:-1"},"canonical":"https:\/\/apartments-jahorina.com\/pl\/wynajem-noclegow-w-jahorinie\/","og_locale":"pl_PL","og_type":"article","og_title":"Wynajem nocleg\u00f3w w Jahorinie - BESTBLICK Apartments Jahorina","og_description":"Wynajem nocleg\u00f3w w Jahorinie \u2013 idealne wakacje dla mi\u0142o\u015bnik\u00f3w natury i narciarstwa Jahorina to ulubione miejsce mi\u0142o\u015bnik\u00f3w sport\u00f3w zimowych i przyrody, a wynajem nocleg\u00f3w na tej g\u00f3rze oferuje szeroki wyb\u00f3r opcji, od luksusowych\u00a0apartament\u00f3w\u00a0, przez komfortowe domki, po niedrogie pensjonaty. Noclegi znajduj\u0105 si\u0119 blisko g\u0142\u00f3wnych stok\u00f3w narciarskich, co jest idealnym rozwi\u0105zaniem dla go\u015bci, kt\u00f3rzy chc\u0105 szybko [&hellip;]","og_url":"https:\/\/apartments-jahorina.com\/pl\/wynajem-noclegow-w-jahorinie\/","og_site_name":"BESTBLICK Apartments Jahorina","article_modified_time":"2026-02-03T03:09:04+00:00","og_image":[{"width":2560,"height":1440,"url":"https:\/\/apartments-jahorina.com\/wp-content\/uploads\/2025\/11\/gal3-scaled.jpg","type":"image\/jpeg"}],"twitter_card":"summary_large_image","schema":{"@context":"https:\/\/schema.org","@graph":[{"@type":"WebPage","@id":"https:\/\/apartments-jahorina.com\/pl\/wynajem-noclegow-w-jahorinie\/","url":"https:\/\/apartments-jahorina.com\/pl\/wynajem-noclegow-w-jahorinie\/","name":"Wynajem nocleg\u00f3w w Jahorinie - BESTBLICK Apartments Jahorina","isPartOf":{"@id":"https:\/\/apartments-jahorina.com\/#website"},"primaryImageOfPage":{"@id":"https:\/\/apartments-jahorina.com\/pl\/wynajem-noclegow-w-jahorinie\/#primaryimage"},"image":{"@id":"https:\/\/apartments-jahorina.com\/pl\/wynajem-noclegow-w-jahorinie\/#primaryimage"},"thumbnailUrl":"https:\/\/apartments-jahorina.com\/wp-content\/uploads\/2025\/11\/gal3-scaled.jpg","datePublished":"2026-02-02T03:02:21+00:00","dateModified":"2026-02-03T03:09:04+00:00","breadcrumb":{"@id":"https:\/\/apartments-jahorina.com\/pl\/wynajem-noclegow-w-jahorinie\/#breadcrumb"},"inLanguage":"pl-PL","potentialAction":[{"@type":"ReadAction","target":["https:\/\/apartments-jahorina.com\/pl\/wynajem-noclegow-w-jahorinie\/"]}]},{"@type":"ImageObject","inLanguage":"pl-PL","@id":"https:\/\/apartments-jahorina.com\/pl\/wynajem-noclegow-w-jahorinie\/#primaryimage","url":"https:\/\/apartments-jahorina.com\/wp-content\/uploads\/2025\/11\/gal3-scaled.jpg","contentUrl":"https:\/\/apartments-jahorina.com\/wp-content\/uploads\/2025\/11\/gal3-scaled.jpg"},{"@type":"BreadcrumbList","@id":"https:\/\/apartments-jahorina.com\/pl\/wynajem-noclegow-w-jahorinie\/#breadcrumb","itemListElement":[{"@type":"ListItem","position":1,"name":"Home","item":"https:\/\/apartments-jahorina.com\/pl\/"},{"@type":"ListItem","position":2,"name":"Wynajem nocleg\u00f3w w Jahorinie"}]},{"@type":"WebSite","@id":"https:\/\/apartments-jahorina.com\/#website","url":"https:\/\/apartments-jahorina.com\/","name":"BESTBLICK Apartments Jahorina","description":"Moderni apartmani s pogledom na ski-stazu","potentialAction":[{"@type":"SearchAction","target":{"@type":"EntryPoint","urlTemplate":"https:\/\/apartments-jahorina.com\/?s={search_term_string}"},"query-input":{"@type":"PropertyValueSpecification","valueRequired":true,"valueName":"search_term_string"}}],"inLanguage":"pl-PL"}]}},"_links":{"self":[{"href":"https:\/\/apartments-jahorina.com\/pl\/wp-json\/wp\/v2\/pages\/13353","targetHints":{"allow":["GET"]}}],"collection":[{"href":"https:\/\/apartments-jahorina.com\/pl\/wp-json\/wp\/v2\/pages"}],"about":[{"href":"https:\/\/apartments-jahorina.com\/pl\/wp-json\/wp\/v2\/types\/page"}],"author":[{"embeddable":true,"href":"https:\/\/apartments-jahorina.com\/pl\/wp-json\/wp\/v2\/users\/1"}],"replies":[{"embeddable":true,"href":"https:\/\/apartments-jahorina.com\/pl\/wp-json\/wp\/v2\/comments?post=13353"}],"version-history":[{"count":9,"href":"https:\/\/apartments-jahorina.com\/pl\/wp-json\/wp\/v2\/pages\/13353\/revisions"}],"predecessor-version":[{"id":13415,"href":"https:\/\/apartments-jahorina.com\/pl\/wp-json\/wp\/v2\/pages\/13353\/revisions\/13415"}],"wp:attachment":[{"href":"https:\/\/apartments-jahorina.com\/pl\/wp-json\/wp\/v2\/media?parent=13353"}],"curies":[{"name":"wp","href":"https:\/\/api.w.org\/{rel}","templated":true}]}}