{"id":13443,"date":"2026-02-04T02:20:19","date_gmt":"2026-02-04T02:20:19","guid":{"rendered":"https:\/\/apartments-jahorina.com\/?page_id=13443"},"modified":"2026-02-04T02:44:16","modified_gmt":"2026-02-04T02:44:16","slug":"gdzie-jezdzic-na-nartach","status":"publish","type":"page","link":"https:\/\/apartments-jahorina.com\/pl\/gdzie-jezdzic-na-nartach\/","title":{"rendered":"Gdzie je\u017adzi\u0107 na nartach?"},"content":{"rendered":"\t\t<div data-elementor-type=\"wp-page\" data-elementor-id=\"13443\" class=\"elementor elementor-13443 elementor-13435\">\n\t\t\t\t<div class=\"elementor-element elementor-element-12b6bd6 e-flex e-con-boxed e-con e-parent\" data-id=\"12b6bd6\" data-element_type=\"container\">\n\t\t\t\t\t<div class=\"e-con-inner\">\n\t\t<div class=\"elementor-element elementor-element-7b8b529 e-con-full e-flex e-con e-child\" data-id=\"7b8b529\" data-element_type=\"container\">\n\t\t<div class=\"elementor-element elementor-element-52f5450 e-con-full e-flex e-con e-child\" data-id=\"52f5450\" data-element_type=\"container\">\n\t\t\t\t<div class=\"elementor-element elementor-element-ef7ac5e elementor-absolute elementor-hidden-mobile elementor-view-default elementor-invisible elementor-widget elementor-widget-icon\" data-id=\"ef7ac5e\" data-element_type=\"widget\" data-settings=\"{&quot;_position&quot;:&quot;absolute&quot;,&quot;motion_fx_motion_fx_scrolling&quot;:&quot;yes&quot;,&quot;motion_fx_translateX_effect&quot;:&quot;yes&quot;,&quot;motion_fx_translateX_speed&quot;:{&quot;unit&quot;:&quot;px&quot;,&quot;size&quot;:1.5,&quot;sizes&quot;:[]},&quot;_animation&quot;:&quot;opal-move-right&quot;,&quot;motion_fx_translateX_affectedRange&quot;:{&quot;unit&quot;:&quot;%&quot;,&quot;size&quot;:&quot;&quot;,&quot;sizes&quot;:{&quot;start&quot;:0,&quot;end&quot;:100}},&quot;motion_fx_devices&quot;:[&quot;desktop&quot;,&quot;laptop&quot;,&quot;tablet_extra&quot;,&quot;tablet&quot;,&quot;mobile_extra&quot;,&quot;mobile&quot;]}\" data-widget_type=\"icon.default\">\n\t\t\t\t\t\t\t<div class=\"elementor-icon-wrapper\">\n\t\t\t<div class=\"elementor-icon\">\n\t\t\t\t\t\t<\/div>\n\t\t<\/div>\n\t\t\t\t\t\t<\/div>\n\t\t\t\t<div class=\"elementor-element elementor-element-7a3b481 elementor-widget__width-auto elementor-absolute elementor-hidden-mobile elementor-view-default elementor-invisible elementor-widget elementor-widget-icon\" data-id=\"7a3b481\" data-element_type=\"widget\" data-settings=\"{&quot;_position&quot;:&quot;absolute&quot;,&quot;motion_fx_motion_fx_scrolling&quot;:&quot;yes&quot;,&quot;motion_fx_translateY_effect&quot;:&quot;yes&quot;,&quot;motion_fx_translateY_direction&quot;:&quot;negative&quot;,&quot;motion_fx_translateY_speed&quot;:{&quot;unit&quot;:&quot;px&quot;,&quot;size&quot;:1.2,&quot;sizes&quot;:[]},&quot;_animation&quot;:&quot;opal-move-down&quot;,&quot;motion_fx_translateY_affectedRange&quot;:{&quot;unit&quot;:&quot;%&quot;,&quot;size&quot;:&quot;&quot;,&quot;sizes&quot;:{&quot;start&quot;:0,&quot;end&quot;:100}},&quot;motion_fx_devices&quot;:[&quot;desktop&quot;,&quot;laptop&quot;,&quot;tablet_extra&quot;,&quot;tablet&quot;,&quot;mobile_extra&quot;,&quot;mobile&quot;]}\" data-widget_type=\"icon.default\">\n\t\t\t\t\t\t\t<div class=\"elementor-icon-wrapper\">\n\t\t\t<div class=\"elementor-icon\">\n\t\t\t\t\t\t<\/div>\n\t\t<\/div>\n\t\t\t\t\t\t<\/div>\n\t\t\t\t<\/div>\n\t\t<div class=\"elementor-element elementor-element-4e0b3cc e-con-full e-flex e-con e-child\" data-id=\"4e0b3cc\" data-element_type=\"container\">\n\t\t\t\t<div class=\"elementor-element elementor-element-6bc46d3 elementor-widget__width-initial elementor-invisible elementor-widget elementor-widget-heading\" data-id=\"6bc46d3\" data-element_type=\"widget\" data-settings=\"{&quot;_animation&quot;:&quot;opal-move-left&quot;}\" data-widget_type=\"heading.default\">\n\t\t\t\t\t<h2 data-cursor=\"-opaque\" class=\"elementor-heading-title elementor-size-default\">Gdzie na narty? Jahorina \u2013  <span class=\"c-primary\">kompletny przewodnik po zimowych przygodach<\/span><\/h2>\t\t\t\t<\/div>\n\t\t\t\t<div class=\"elementor-element elementor-element-4aa09f6 elementor-widget__width-initial elementor-invisible elementor-widget elementor-widget-text-editor\" data-id=\"4aa09f6\" data-element_type=\"widget\" data-settings=\"{&quot;_animation&quot;:&quot;opal-move-left&quot;}\" data-widget_type=\"text-editor.default\">\n\t\t\t\t\t\t\t\t\t<p>Jahorina to jeden z najs\u0142ynniejszych o\u015brodk\u00f3w narciarskich na Ba\u0142kanach, oferuj\u0105cy wyj\u0105tkowe wra\u017cenia z uprawiania sport\u00f3w zimowych w sercu Bo\u015bni i Hercegowiny. Dzi\u0119ki imponuj\u0105cym 45 km przygotowanych tras, Jahorina oferuje szeroki wachlarz mo\u017cliwo\u015bci dla wszystkich narciarzy \u2013 od pocz\u0105tkuj\u0105cych po profesjonalist\u00f3w. Opr\u00f3cz jazdy na nartach, Jahorina oferuje snowboard, jazd\u0119 nocn\u0105, sanki i wiele innych atrakcji.<\/p>\t\t\t\t\t\t\t\t<\/div>\n\t\t\t\t<\/div>\n\t\t\t\t<\/div>\n\t\t<div class=\"elementor-element elementor-element-300ae1a e-con-full e-flex e-con e-child\" data-id=\"300ae1a\" data-element_type=\"container\">\n\t\t<div class=\"elementor-element elementor-element-70f5e3f e-con-full e-flex e-con e-child\" data-id=\"70f5e3f\" data-element_type=\"container\">\n\t\t\t\t<div class=\"elementor-element elementor-element-67151ae elementor-invisible elementor-widget elementor-widget-n-accordion\" data-id=\"67151ae\" data-element_type=\"widget\" data-settings=\"{&quot;_animation&quot;:&quot;opal-move-right&quot;,&quot;default_state&quot;:&quot;all_collapsed&quot;,&quot;max_items_expended&quot;:&quot;one&quot;,&quot;n_accordion_animation_duration&quot;:{&quot;unit&quot;:&quot;ms&quot;,&quot;size&quot;:400,&quot;sizes&quot;:[]}}\" data-widget_type=\"nested-accordion.default\">\n\t\t\t\t\t\t\t<div class=\"e-n-accordion\" aria-label=\"Accordion. Open links with Enter or Space, close with Escape, and navigate with Arrow Keys\">\n\t\t\t\t\t\t<details id=\"e-n-accordion-item-1080\" class=\"e-n-accordion-item\" >\n\t\t\t\t<summary class=\"e-n-accordion-item-title\" data-accordion-index=\"1\" tabindex=\"0\" aria-expanded=\"false\" aria-controls=\"e-n-accordion-item-1080\" >\n\t\t\t\t\t<span class='e-n-accordion-item-title-header'><div class=\"e-n-accordion-item-title-text\"> Najpopularniejsze stoki narciarskie na Jahorinie <\/div><\/span>\n\t\t\t\t\t\t\t<span class='e-n-accordion-item-title-icon'>\n\t\t\t<span class='e-opened' ><i aria-hidden=\"true\" class=\"antra-icon- antra-icon-minus\"><\/i><\/span>\n\t\t\t<span class='e-closed'><i aria-hidden=\"true\" class=\"antra-icon- antra-icon-plus\"><\/i><\/span>\n\t\t<\/span>\n\n\t\t\t\t\t\t<\/summary>\n\t\t\t\t<div role=\"region\" aria-labelledby=\"e-n-accordion-item-1080\" class=\"elementor-element elementor-element-efa299f e-con-full e-flex e-con e-child\" data-id=\"efa299f\" data-element_type=\"container\">\n\t\t\t\t<div class=\"elementor-element elementor-element-bf5b1c6 elementor-widget__width-initial elementor-widget elementor-widget-text-editor\" data-id=\"bf5b1c6\" data-element_type=\"widget\" data-widget_type=\"text-editor.default\">\n\t\t\t\t\t\t\t\t\t<ol><li><p><strong><span dir=\"auto\">Szlak Olimpijski<\/span><\/strong><br \/><span dir=\"auto\">to najd\u0142u\u017csza i najbardziej wymagaj\u0105ca trasa, przeznaczona dla do\u015bwiadczonych narciarzy poszukuj\u0105cych szybko\u015bci i wyzwa\u0144. Trasa ta oferuje 900-metrowe przewy\u017cszenie i rozci\u0105ga si\u0119 od szczytu g\u00f3ry a\u017c po jej podn\u00f3\u017ca, oferuj\u0105c ekscytuj\u0105ce wra\u017cenia dla do\u015bwiadczonych narciarzy.<\/span><\/p><\/li><li><p><strong><span dir=\"auto\">Poljice i Rajska Dolina<\/span><\/strong><br \/><span dir=\"auto\">to idealne miejsca dla pocz\u0105tkuj\u0105cych i narciarzy rekreacyjnych. Szerokie i \u0142agodne trasy z niewielk\u0105 r\u00f3\u017cnic\u0105 wysoko\u015bci umo\u017cliwiaj\u0105 bezpieczn\u0105 jazd\u0119 i stopniow\u0105 nauk\u0119. Poljice s\u0105 r\u00f3wnie\u017c popularne w\u015br\u00f3d narciarzy uprawiaj\u0105cych narciarstwo nocne, dzi\u0119ki nowoczesnemu systemowi odblaskowemu.<\/span><\/p><\/li><li><p><strong><span dir=\"auto\">Snow Park<\/span><\/strong><br \/><span dir=\"auto\">Jahorina to tak\u017ce specjalny snowpark z skoczniami i przeszkodami dla fan\u00f3w snowboardu, oferuj\u0105cy przestrze\u0144 dla entuzjast\u00f3w freestyle&#8217;u i poszukiwaczy przyg\u00f3d.<\/span><\/p><\/li><\/ol>\t\t\t\t\t\t\t\t<\/div>\n\t\t\t\t<\/div>\n\t\t\t\t\t<\/details>\n\t\t\t\t\t\t<details id=\"e-n-accordion-item-1081\" class=\"e-n-accordion-item\" >\n\t\t\t\t<summary class=\"e-n-accordion-item-title\" data-accordion-index=\"2\" tabindex=\"-1\" aria-expanded=\"false\" aria-controls=\"e-n-accordion-item-1081\" >\n\t\t\t\t\t<span class='e-n-accordion-item-title-header'><div class=\"e-n-accordion-item-title-text\"> Dodatkowe zaj\u0119cia <\/div><\/span>\n\t\t\t\t\t\t\t<span class='e-n-accordion-item-title-icon'>\n\t\t\t<span class='e-opened' ><i aria-hidden=\"true\" class=\"antra-icon- antra-icon-minus\"><\/i><\/span>\n\t\t\t<span class='e-closed'><i aria-hidden=\"true\" class=\"antra-icon- antra-icon-plus\"><\/i><\/span>\n\t\t<\/span>\n\n\t\t\t\t\t\t<\/summary>\n\t\t\t\t<div role=\"region\" aria-labelledby=\"e-n-accordion-item-1081\" class=\"elementor-element elementor-element-f0098d4 e-con-full e-flex e-con e-child\" data-id=\"f0098d4\" data-element_type=\"container\">\n\t\t\t\t<div class=\"elementor-element elementor-element-6580925 elementor-widget__width-initial elementor-widget elementor-widget-text-editor\" data-id=\"6580925\" data-element_type=\"widget\" data-widget_type=\"text-editor.default\">\n\t\t\t\t\t\t\t\t\t<p><span dir=\"auto\">Opr\u00f3cz jazdy na nartach, odwiedzaj\u0105cy Jahorin\u0119 mog\u0105 spr\u00f3bowa\u0107 swoich\u00a0<\/span><strong><span dir=\"auto\">si\u0142 w snowtubingu<\/span><\/strong><span dir=\"auto\">\u00a0, sankach lub skorzysta\u0107 z atrakcji adrenalinowych, takich jak\u00a0<\/span><strong><span dir=\"auto\">tyrolki<\/span><\/strong><span dir=\"auto\">\u00a0. Znajduj\u0105 si\u0119 tu r\u00f3wnie\u017c trasy do\u00a0<\/span><strong><span dir=\"auto\">narciarstwa biegowego<\/span><\/strong><span dir=\"auto\">\u00a0, a mi\u0142o\u015bnicy g\u00f3rskich w\u0119dr\u00f3wek mog\u0105 odkrywa\u0107 zorganizowane szlaki g\u00f3rskie. Dzieci i pocz\u0105tkuj\u0105cy narciarze mog\u0105 korzysta\u0107 ze szk\u00f3\u0142ek narciarskich i dostosowanych do ich potrzeb tras, gdzie pod okiem instruktor\u00f3w zdob\u0119d\u0105 podstawowe umiej\u0119tno\u015bci jazdy na nartach.<\/span><\/p>\t\t\t\t\t\t\t\t<\/div>\n\t\t\t\t<\/div>\n\t\t\t\t\t<\/details>\n\t\t\t\t\t\t<details id=\"e-n-accordion-item-1082\" class=\"e-n-accordion-item\" >\n\t\t\t\t<summary class=\"e-n-accordion-item-title\" data-accordion-index=\"3\" tabindex=\"-1\" aria-expanded=\"false\" aria-controls=\"e-n-accordion-item-1082\" >\n\t\t\t\t\t<span class='e-n-accordion-item-title-header'><div class=\"e-n-accordion-item-title-text\"> Wyci\u0105gi narciarskie i kolejki linowe <\/div><\/span>\n\t\t\t\t\t\t\t<span class='e-n-accordion-item-title-icon'>\n\t\t\t<span class='e-opened' ><i aria-hidden=\"true\" class=\"antra-icon- antra-icon-minus\"><\/i><\/span>\n\t\t\t<span class='e-closed'><i aria-hidden=\"true\" class=\"antra-icon- antra-icon-plus\"><\/i><\/span>\n\t\t<\/span>\n\n\t\t\t\t\t\t<\/summary>\n\t\t\t\t<div role=\"region\" aria-labelledby=\"e-n-accordion-item-1082\" class=\"elementor-element elementor-element-5471b18 e-con-full e-flex e-con e-child\" data-id=\"5471b18\" data-element_type=\"container\">\n\t\t\t\t<div class=\"elementor-element elementor-element-9cf7c35 elementor-widget__width-initial elementor-widget elementor-widget-text-editor\" data-id=\"9cf7c35\" data-element_type=\"widget\" data-widget_type=\"text-editor.default\">\n\t\t\t\t\t\t\t\t\t<p><span dir=\"auto\">Jahorina jest wyposa\u017cona w siedem wyci\u0105g\u00f3w narciarskich i trzy kolejki linowe, kt\u00f3re umo\u017cliwiaj\u0105 szybki i \u0142atwy dost\u0119p do g\u0142\u00f3wnych tras narciarskich, o \u0142\u0105cznej przepustowo\u015bci 17 000 narciarzy na godzin\u0119.\u00a0<\/span><strong><span dir=\"auto\">System sztucznego na\u015bnie\u017cania<\/span><\/strong><span dir=\"auto\">\u00a0zapewnia wystarczaj\u0105c\u0105 pokryw\u0119 \u015bnie\u017cn\u0105, nawet gdy warunki naturalne nie s\u0105 idealne, co pozwala na d\u0142u\u017cszy sezon narciarski. Wyci\u0105gi dzia\u0142aj\u0105 od 9:00 do 16:00, a jazda nocna jest mo\u017cliwa od 18:00 do 21:00, co pozwala w pe\u0142ni wykorzysta\u0107 dzie\u0144.<\/span><\/p>\t\t\t\t\t\t\t\t<\/div>\n\t\t\t\t<\/div>\n\t\t\t\t\t<\/details>\n\t\t\t\t\t\t<details id=\"e-n-accordion-item-1083\" class=\"e-n-accordion-item\" >\n\t\t\t\t<summary class=\"e-n-accordion-item-title\" data-accordion-index=\"4\" tabindex=\"-1\" aria-expanded=\"false\" aria-controls=\"e-n-accordion-item-1083\" >\n\t\t\t\t\t<span class='e-n-accordion-item-title-header'><div class=\"e-n-accordion-item-title-text\"> Zakwaterowanie i Apres-Ski <\/div><\/span>\n\t\t\t\t\t\t\t<span class='e-n-accordion-item-title-icon'>\n\t\t\t<span class='e-opened' ><i aria-hidden=\"true\" class=\"antra-icon- antra-icon-minus\"><\/i><\/span>\n\t\t\t<span class='e-closed'><i aria-hidden=\"true\" class=\"antra-icon- antra-icon-plus\"><\/i><\/span>\n\t\t<\/span>\n\n\t\t\t\t\t\t<\/summary>\n\t\t\t\t<div role=\"region\" aria-labelledby=\"e-n-accordion-item-1083\" class=\"elementor-element elementor-element-f6211a5 e-con-full e-flex e-con e-child\" data-id=\"f6211a5\" data-element_type=\"container\">\n\t\t\t\t<div class=\"elementor-element elementor-element-57d17d2 elementor-widget__width-initial elementor-widget elementor-widget-text-editor\" data-id=\"57d17d2\" data-element_type=\"widget\" data-widget_type=\"text-editor.default\">\n\t\t\t\t\t\t\t\t\t<span dir=\"auto\">Na Jahorinie znajdziesz szeroki wyb\u00f3r\u00a0<\/span><a href=\"https:\/\/apartments-jahorina.com\/pl\/zakwaterowanie-jahorina\/\"><span dir=\"auto\">nocleg\u00f3w<\/span><\/a><span dir=\"auto\">\u00a0\u2013 od luksusowych hoteli, prywatnych apartament\u00f3w, po ta\u0144sze domki g\u00f3rskie. Oferta apres-ski jest bogata w restauracje, bary i centra spa, gdzie mo\u017cesz delektowa\u0107 si\u0119 lokalnymi specja\u0142ami, zrelaksowa\u0107 si\u0119 w saunie lub skorzysta\u0107 z masa\u017cy po nartach. Jahorina znajduje si\u0119 blisko Sarajewa, co umo\u017cliwia kulturaln\u0105 podr\u00f3\u017c do stolicy Bo\u015bni i Hercegowiny.<\/span>\n\n<span dir=\"auto\">Jahorina to idealne miejsce dla tych, kt\u00f3rzy szukaj\u0105 nie tylko wysokiej jako\u015bci jazdy na nartach, ale tak\u017ce zimowych wra\u017ce\u0144 pe\u0142nych przyg\u00f3d, relaksu i obcowania z natur\u0105.<\/span>\t\t\t\t\t\t\t\t<\/div>\n\t\t\t\t<\/div>\n\t\t\t\t\t<\/details>\n\t\t\t\t\t<\/div>\n\t\t\t\t\t\t<\/div>\n\t\t\t\t<\/div>\n\t\t<div class=\"elementor-element elementor-element-7c44126 e-con-full e-flex e-con e-child\" data-id=\"7c44126\" data-element_type=\"container\">\n\t\t\t\t<div class=\"elementor-element elementor-element-5b562f9 elementor-invisible elementor-widget elementor-widget-image\" data-id=\"5b562f9\" data-element_type=\"widget\" data-settings=\"{&quot;_animation&quot;:&quot;opal-move-left&quot;}\" data-widget_type=\"image.default\">\n\t\t\t\t\t<div class=\"antra-wrapper-image-widget\" data-cursor=\"-opaque\">\t\t\t\t\t\t\t\t\t\t<img loading=\"lazy\" decoding=\"async\" width=\"2560\" height=\"1920\" src=\"https:\/\/apartments-jahorina.com\/wp-content\/uploads\/2025\/11\/luka-scaled.jpeg\" class=\"attachment-full size-full wp-image-12155\" alt=\"\" srcset=\"https:\/\/apartments-jahorina.com\/wp-content\/uploads\/2025\/11\/luka-scaled.jpeg 2560w, https:\/\/apartments-jahorina.com\/wp-content\/uploads\/2025\/11\/luka-300x225.jpeg 300w, https:\/\/apartments-jahorina.com\/wp-content\/uploads\/2025\/11\/luka-1024x768.jpeg 1024w, https:\/\/apartments-jahorina.com\/wp-content\/uploads\/2025\/11\/luka-768x576.jpeg 768w, https:\/\/apartments-jahorina.com\/wp-content\/uploads\/2025\/11\/luka-1536x1152.jpeg 1536w, https:\/\/apartments-jahorina.com\/wp-content\/uploads\/2025\/11\/luka-2048x1536.jpeg 2048w, https:\/\/apartments-jahorina.com\/wp-content\/uploads\/2025\/11\/luka-839x629.jpeg 839w, https:\/\/apartments-jahorina.com\/wp-content\/uploads\/2025\/11\/luka-1000x750.jpeg 1000w\" sizes=\"(max-width: 2560px) 100vw, 2560px\" \/>\t\t\t\t\t\t\t\t\t\t\t<\/div>\t\t\t\t<\/div>\n\t\t\t\t<\/div>\n\t\t\t\t<\/div>\n\t\t\t\t\t<\/div>\n\t\t\t\t<\/div>\n\t\t\t\t<\/div>\n\t\t","protected":false},"excerpt":{"rendered":"<p>Gdzie na narty? Jahorina \u2013 kompletny przewodnik po zimowych przygodach Jahorina to jeden z najs\u0142ynniejszych o\u015brodk\u00f3w narciarskich na Ba\u0142kanach, oferuj\u0105cy wyj\u0105tkowe wra\u017cenia z uprawiania sport\u00f3w zimowych w sercu Bo\u015bni i Hercegowiny. Dzi\u0119ki imponuj\u0105cym 45 km przygotowanych tras, Jahorina oferuje szeroki wachlarz mo\u017cliwo\u015bci dla wszystkich narciarzy \u2013 od pocz\u0105tkuj\u0105cych po profesjonalist\u00f3w. Opr\u00f3cz jazdy na nartach, Jahorina [&hellip;]<\/p>\n","protected":false},"author":1,"featured_media":0,"parent":0,"menu_order":0,"comment_status":"closed","ping_status":"closed","template":"","meta":{"footnotes":""},"class_list":["post-13443","page","type-page","status-publish","hentry"],"yoast_head":"<!-- This site is optimized with the Yoast SEO plugin v26.4 - https:\/\/yoast.com\/wordpress\/plugins\/seo\/ -->\n<title>Gdzie je\u017adzi\u0107 na nartach? - BESTBLICK Apartments Jahorina<\/title>\n<meta name=\"robots\" content=\"index, follow, max-snippet:-1, max-image-preview:large, max-video-preview:-1\" \/>\n<link rel=\"canonical\" href=\"https:\/\/apartments-jahorina.com\/pl\/gdzie-jezdzic-na-nartach\/\" \/>\n<meta property=\"og:locale\" content=\"pl_PL\" \/>\n<meta property=\"og:type\" content=\"article\" \/>\n<meta property=\"og:title\" content=\"Gdzie je\u017adzi\u0107 na nartach? - BESTBLICK Apartments Jahorina\" \/>\n<meta property=\"og:description\" content=\"Gdzie na narty? Jahorina \u2013 kompletny przewodnik po zimowych przygodach Jahorina to jeden z najs\u0142ynniejszych o\u015brodk\u00f3w narciarskich na Ba\u0142kanach, oferuj\u0105cy wyj\u0105tkowe wra\u017cenia z uprawiania sport\u00f3w zimowych w sercu Bo\u015bni i Hercegowiny. Dzi\u0119ki imponuj\u0105cym 45 km przygotowanych tras, Jahorina oferuje szeroki wachlarz mo\u017cliwo\u015bci dla wszystkich narciarzy \u2013 od pocz\u0105tkuj\u0105cych po profesjonalist\u00f3w. Opr\u00f3cz jazdy na nartach, Jahorina [&hellip;]\" \/>\n<meta property=\"og:url\" content=\"https:\/\/apartments-jahorina.com\/pl\/gdzie-jezdzic-na-nartach\/\" \/>\n<meta property=\"og:site_name\" content=\"BESTBLICK Apartments Jahorina\" \/>\n<meta property=\"article:modified_time\" content=\"2026-02-04T02:44:16+00:00\" \/>\n<meta property=\"og:image\" content=\"https:\/\/apartments-jahorina.com\/wp-content\/uploads\/2025\/11\/luka-scaled.jpeg\" \/>\n\t<meta property=\"og:image:width\" content=\"2560\" \/>\n\t<meta property=\"og:image:height\" content=\"1920\" \/>\n\t<meta property=\"og:image:type\" content=\"image\/jpeg\" \/>\n<meta name=\"twitter:card\" content=\"summary_large_image\" \/>\n<meta name=\"twitter:label1\" content=\"Szacowany czas czytania\" \/>\n\t<meta name=\"twitter:data1\" content=\"2 minuty\" \/>\n<script type=\"application\/ld+json\" class=\"yoast-schema-graph\">{\"@context\":\"https:\/\/schema.org\",\"@graph\":[{\"@type\":\"WebPage\",\"@id\":\"https:\/\/apartments-jahorina.com\/pl\/gdzie-jezdzic-na-nartach\/\",\"url\":\"https:\/\/apartments-jahorina.com\/pl\/gdzie-jezdzic-na-nartach\/\",\"name\":\"Gdzie je\u017adzi\u0107 na nartach? - BESTBLICK Apartments Jahorina\",\"isPartOf\":{\"@id\":\"https:\/\/apartments-jahorina.com\/#website\"},\"primaryImageOfPage\":{\"@id\":\"https:\/\/apartments-jahorina.com\/pl\/gdzie-jezdzic-na-nartach\/#primaryimage\"},\"image\":{\"@id\":\"https:\/\/apartments-jahorina.com\/pl\/gdzie-jezdzic-na-nartach\/#primaryimage\"},\"thumbnailUrl\":\"https:\/\/apartments-jahorina.com\/wp-content\/uploads\/2025\/11\/luka-scaled.jpeg\",\"datePublished\":\"2026-02-04T02:20:19+00:00\",\"dateModified\":\"2026-02-04T02:44:16+00:00\",\"breadcrumb\":{\"@id\":\"https:\/\/apartments-jahorina.com\/pl\/gdzie-jezdzic-na-nartach\/#breadcrumb\"},\"inLanguage\":\"pl-PL\",\"potentialAction\":[{\"@type\":\"ReadAction\",\"target\":[\"https:\/\/apartments-jahorina.com\/pl\/gdzie-jezdzic-na-nartach\/\"]}]},{\"@type\":\"ImageObject\",\"inLanguage\":\"pl-PL\",\"@id\":\"https:\/\/apartments-jahorina.com\/pl\/gdzie-jezdzic-na-nartach\/#primaryimage\",\"url\":\"https:\/\/apartments-jahorina.com\/wp-content\/uploads\/2025\/11\/luka-scaled.jpeg\",\"contentUrl\":\"https:\/\/apartments-jahorina.com\/wp-content\/uploads\/2025\/11\/luka-scaled.jpeg\"},{\"@type\":\"BreadcrumbList\",\"@id\":\"https:\/\/apartments-jahorina.com\/pl\/gdzie-jezdzic-na-nartach\/#breadcrumb\",\"itemListElement\":[{\"@type\":\"ListItem\",\"position\":1,\"name\":\"Home\",\"item\":\"https:\/\/apartments-jahorina.com\/pl\/\"},{\"@type\":\"ListItem\",\"position\":2,\"name\":\"Gdzie je\u017adzi\u0107 na nartach?\"}]},{\"@type\":\"WebSite\",\"@id\":\"https:\/\/apartments-jahorina.com\/#website\",\"url\":\"https:\/\/apartments-jahorina.com\/\",\"name\":\"BESTBLICK Apartments Jahorina\",\"description\":\"Moderni apartmani s pogledom na ski-stazu\",\"potentialAction\":[{\"@type\":\"SearchAction\",\"target\":{\"@type\":\"EntryPoint\",\"urlTemplate\":\"https:\/\/apartments-jahorina.com\/?s={search_term_string}\"},\"query-input\":{\"@type\":\"PropertyValueSpecification\",\"valueRequired\":true,\"valueName\":\"search_term_string\"}}],\"inLanguage\":\"pl-PL\"}]}<\/script>\n<!-- \/ Yoast SEO plugin. -->","yoast_head_json":{"title":"Gdzie je\u017adzi\u0107 na nartach? - BESTBLICK Apartments Jahorina","robots":{"index":"index","follow":"follow","max-snippet":"max-snippet:-1","max-image-preview":"max-image-preview:large","max-video-preview":"max-video-preview:-1"},"canonical":"https:\/\/apartments-jahorina.com\/pl\/gdzie-jezdzic-na-nartach\/","og_locale":"pl_PL","og_type":"article","og_title":"Gdzie je\u017adzi\u0107 na nartach? - BESTBLICK Apartments Jahorina","og_description":"Gdzie na narty? Jahorina \u2013 kompletny przewodnik po zimowych przygodach Jahorina to jeden z najs\u0142ynniejszych o\u015brodk\u00f3w narciarskich na Ba\u0142kanach, oferuj\u0105cy wyj\u0105tkowe wra\u017cenia z uprawiania sport\u00f3w zimowych w sercu Bo\u015bni i Hercegowiny. Dzi\u0119ki imponuj\u0105cym 45 km przygotowanych tras, Jahorina oferuje szeroki wachlarz mo\u017cliwo\u015bci dla wszystkich narciarzy \u2013 od pocz\u0105tkuj\u0105cych po profesjonalist\u00f3w. Opr\u00f3cz jazdy na nartach, Jahorina [&hellip;]","og_url":"https:\/\/apartments-jahorina.com\/pl\/gdzie-jezdzic-na-nartach\/","og_site_name":"BESTBLICK Apartments Jahorina","article_modified_time":"2026-02-04T02:44:16+00:00","og_image":[{"width":2560,"height":1920,"url":"https:\/\/apartments-jahorina.com\/wp-content\/uploads\/2025\/11\/luka-scaled.jpeg","type":"image\/jpeg"}],"twitter_card":"summary_large_image","twitter_misc":{"Szacowany czas czytania":"2 minuty"},"schema":{"@context":"https:\/\/schema.org","@graph":[{"@type":"WebPage","@id":"https:\/\/apartments-jahorina.com\/pl\/gdzie-jezdzic-na-nartach\/","url":"https:\/\/apartments-jahorina.com\/pl\/gdzie-jezdzic-na-nartach\/","name":"Gdzie je\u017adzi\u0107 na nartach? - BESTBLICK Apartments Jahorina","isPartOf":{"@id":"https:\/\/apartments-jahorina.com\/#website"},"primaryImageOfPage":{"@id":"https:\/\/apartments-jahorina.com\/pl\/gdzie-jezdzic-na-nartach\/#primaryimage"},"image":{"@id":"https:\/\/apartments-jahorina.com\/pl\/gdzie-jezdzic-na-nartach\/#primaryimage"},"thumbnailUrl":"https:\/\/apartments-jahorina.com\/wp-content\/uploads\/2025\/11\/luka-scaled.jpeg","datePublished":"2026-02-04T02:20:19+00:00","dateModified":"2026-02-04T02:44:16+00:00","breadcrumb":{"@id":"https:\/\/apartments-jahorina.com\/pl\/gdzie-jezdzic-na-nartach\/#breadcrumb"},"inLanguage":"pl-PL","potentialAction":[{"@type":"ReadAction","target":["https:\/\/apartments-jahorina.com\/pl\/gdzie-jezdzic-na-nartach\/"]}]},{"@type":"ImageObject","inLanguage":"pl-PL","@id":"https:\/\/apartments-jahorina.com\/pl\/gdzie-jezdzic-na-nartach\/#primaryimage","url":"https:\/\/apartments-jahorina.com\/wp-content\/uploads\/2025\/11\/luka-scaled.jpeg","contentUrl":"https:\/\/apartments-jahorina.com\/wp-content\/uploads\/2025\/11\/luka-scaled.jpeg"},{"@type":"BreadcrumbList","@id":"https:\/\/apartments-jahorina.com\/pl\/gdzie-jezdzic-na-nartach\/#breadcrumb","itemListElement":[{"@type":"ListItem","position":1,"name":"Home","item":"https:\/\/apartments-jahorina.com\/pl\/"},{"@type":"ListItem","position":2,"name":"Gdzie je\u017adzi\u0107 na nartach?"}]},{"@type":"WebSite","@id":"https:\/\/apartments-jahorina.com\/#website","url":"https:\/\/apartments-jahorina.com\/","name":"BESTBLICK Apartments Jahorina","description":"Moderni apartmani s pogledom na ski-stazu","potentialAction":[{"@type":"SearchAction","target":{"@type":"EntryPoint","urlTemplate":"https:\/\/apartments-jahorina.com\/?s={search_term_string}"},"query-input":{"@type":"PropertyValueSpecification","valueRequired":true,"valueName":"search_term_string"}}],"inLanguage":"pl-PL"}]}},"_links":{"self":[{"href":"https:\/\/apartments-jahorina.com\/pl\/wp-json\/wp\/v2\/pages\/13443","targetHints":{"allow":["GET"]}}],"collection":[{"href":"https:\/\/apartments-jahorina.com\/pl\/wp-json\/wp\/v2\/pages"}],"about":[{"href":"https:\/\/apartments-jahorina.com\/pl\/wp-json\/wp\/v2\/types\/page"}],"author":[{"embeddable":true,"href":"https:\/\/apartments-jahorina.com\/pl\/wp-json\/wp\/v2\/users\/1"}],"replies":[{"embeddable":true,"href":"https:\/\/apartments-jahorina.com\/pl\/wp-json\/wp\/v2\/comments?post=13443"}],"version-history":[{"count":5,"href":"https:\/\/apartments-jahorina.com\/pl\/wp-json\/wp\/v2\/pages\/13443\/revisions"}],"predecessor-version":[{"id":13491,"href":"https:\/\/apartments-jahorina.com\/pl\/wp-json\/wp\/v2\/pages\/13443\/revisions\/13491"}],"wp:attachment":[{"href":"https:\/\/apartments-jahorina.com\/pl\/wp-json\/wp\/v2\/media?parent=13443"}],"curies":[{"name":"wp","href":"https:\/\/api.w.org\/{rel}","templated":true}]}}