{"id":10004,"date":"2025-11-30T18:49:14","date_gmt":"2025-11-30T18:49:14","guid":{"rendered":"http:\/\/apartments-jahorina.com\/gdje-na-jahorinu\/"},"modified":"2025-12-16T00:56:20","modified_gmt":"2025-12-16T00:56:20","slug":"kde-na-jahorine","status":"publish","type":"page","link":"https:\/\/apartments-jahorina.com\/sk\/kde-na-jahorine\/","title":{"rendered":"Kde na Jahorine"},"content":{"rendered":"\t\t<div data-elementor-type=\"wp-page\" data-elementor-id=\"10004\" class=\"elementor elementor-10004 elementor-9905\">\n\t\t\t\t<div class=\"elementor-element elementor-element-12b6bd6 e-flex e-con-boxed e-con e-parent\" data-id=\"12b6bd6\" data-element_type=\"container\">\n\t\t\t\t\t<div class=\"e-con-inner\">\n\t\t<div class=\"elementor-element elementor-element-7b8b529 e-con-full e-flex e-con e-child\" data-id=\"7b8b529\" data-element_type=\"container\">\n\t\t<div class=\"elementor-element elementor-element-52f5450 e-con-full e-flex e-con e-child\" data-id=\"52f5450\" data-element_type=\"container\">\n\t\t\t\t<div class=\"elementor-element elementor-element-ef7ac5e elementor-absolute elementor-hidden-mobile elementor-view-default elementor-invisible elementor-widget elementor-widget-icon\" data-id=\"ef7ac5e\" data-element_type=\"widget\" data-settings=\"{&quot;_position&quot;:&quot;absolute&quot;,&quot;motion_fx_motion_fx_scrolling&quot;:&quot;yes&quot;,&quot;motion_fx_translateX_effect&quot;:&quot;yes&quot;,&quot;motion_fx_translateX_speed&quot;:{&quot;unit&quot;:&quot;px&quot;,&quot;size&quot;:1.5,&quot;sizes&quot;:[]},&quot;_animation&quot;:&quot;opal-move-right&quot;,&quot;motion_fx_translateX_affectedRange&quot;:{&quot;unit&quot;:&quot;%&quot;,&quot;size&quot;:&quot;&quot;,&quot;sizes&quot;:{&quot;start&quot;:0,&quot;end&quot;:100}},&quot;motion_fx_devices&quot;:[&quot;desktop&quot;,&quot;laptop&quot;,&quot;tablet_extra&quot;,&quot;tablet&quot;,&quot;mobile_extra&quot;,&quot;mobile&quot;]}\" data-widget_type=\"icon.default\">\n\t\t\t\t\t\t\t<div class=\"elementor-icon-wrapper\">\n\t\t\t<div class=\"elementor-icon\">\n\t\t\t\t\t\t<\/div>\n\t\t<\/div>\n\t\t\t\t\t\t<\/div>\n\t\t\t\t<div class=\"elementor-element elementor-element-7a3b481 elementor-widget__width-auto elementor-absolute elementor-hidden-mobile elementor-view-default elementor-invisible elementor-widget elementor-widget-icon\" data-id=\"7a3b481\" data-element_type=\"widget\" data-settings=\"{&quot;_position&quot;:&quot;absolute&quot;,&quot;motion_fx_motion_fx_scrolling&quot;:&quot;yes&quot;,&quot;motion_fx_translateY_effect&quot;:&quot;yes&quot;,&quot;motion_fx_translateY_direction&quot;:&quot;negative&quot;,&quot;motion_fx_translateY_speed&quot;:{&quot;unit&quot;:&quot;px&quot;,&quot;size&quot;:1.2,&quot;sizes&quot;:[]},&quot;_animation&quot;:&quot;opal-move-down&quot;,&quot;motion_fx_translateY_affectedRange&quot;:{&quot;unit&quot;:&quot;%&quot;,&quot;size&quot;:&quot;&quot;,&quot;sizes&quot;:{&quot;start&quot;:0,&quot;end&quot;:100}},&quot;motion_fx_devices&quot;:[&quot;desktop&quot;,&quot;laptop&quot;,&quot;tablet_extra&quot;,&quot;tablet&quot;,&quot;mobile_extra&quot;,&quot;mobile&quot;]}\" data-widget_type=\"icon.default\">\n\t\t\t\t\t\t\t<div class=\"elementor-icon-wrapper\">\n\t\t\t<div class=\"elementor-icon\">\n\t\t\t\t\t\t<\/div>\n\t\t<\/div>\n\t\t\t\t\t\t<\/div>\n\t\t\t\t<\/div>\n\t\t<div class=\"elementor-element elementor-element-4e0b3cc e-con-full e-flex e-con e-child\" data-id=\"4e0b3cc\" data-element_type=\"container\">\n\t\t\t\t<div class=\"elementor-element elementor-element-6bc46d3 elementor-widget__width-initial elementor-invisible elementor-widget elementor-widget-heading\" data-id=\"6bc46d3\" data-element_type=\"widget\" data-settings=\"{&quot;_animation&quot;:&quot;opal-move-left&quot;}\" data-widget_type=\"heading.default\">\n\t\t\t\t\t<h2 data-cursor=\"-opaque\" class=\"elementor-heading-title elementor-size-default\">Kam \u00eds\u0165 na Jahorinu\u2013  <span class=\"c-primary\">Najlep\u0161ie atrakcie a aktivity<\/span><\/h2>\t\t\t\t<\/div>\n\t\t\t\t<div class=\"elementor-element elementor-element-4aa09f6 elementor-widget__width-initial elementor-invisible elementor-widget elementor-widget-text-editor\" data-id=\"4aa09f6\" data-element_type=\"widget\" data-settings=\"{&quot;_animation&quot;:&quot;opal-move-left&quot;}\" data-widget_type=\"text-editor.default\">\n\t\t\t\t\t\t\t\t\t<h3><span dir=\"auto\">1.\u00a0\u00a0\u00a0<\/span><strong><span dir=\"auto\">Ly\u017eiarske stredisko Jahorina<\/span><\/strong><\/h3><p><span dir=\"auto\">Jahorina je jedno z najzn\u00e1mej\u0161\u00edch ly\u017eiarskych stred\u00edsk na Balk\u00e1ne s programami pre v\u0161etky \u00farovne ly\u017eiarov. Ly\u017eiarska oblas\u0165 m\u00e1 viac ako\u00a0\u00a0\u00a0<\/span><strong><span dir=\"auto\">20 km dobre udr\u017eiavan\u00fdch zjazdoviek<\/span><\/strong><span dir=\"auto\">\u00a0\u00a0, ktor\u00e9 s\u00fa vybaven\u00e9 modern\u00fdmi lanovkami a vlekmi. Okrem ly\u017eovania je k dispoz\u00edcii aj ve\u010dern\u00e9 ly\u017eovanie, \u010do je \u0161peci\u00e1lny z\u00e1\u017eitok pre fan\u00fa\u0161ikov zimn\u00fdch \u0161portov.<\/span><\/p><h3><span dir=\"auto\">2.\u00a0\u00a0\u00a0<\/span><strong><span dir=\"auto\">Horsk\u00e9 a cyklistick\u00e9 chodn\u00edky<\/span><\/strong><\/h3><p><span dir=\"auto\">V lete sa Jahorina premen\u00ed na raj pre milovn\u00edkov turistiky a cyklistiky. Horsk\u00e9 chodn\u00edky ved\u00fa malebn\u00fdmi krajinami s n\u00e1dhern\u00fdmi v\u00fdh\u013eadmi na okolit\u00e9 hory a \u00fadolia. Medzi ob\u013e\u00faben\u00e9 chodn\u00edky patria\u00a0\u00a0\u00a0<\/span><strong><span dir=\"auto\">Polji\u0161ka cesta<\/span><\/strong><span dir=\"auto\">\u00a0\u00a0\u00a0a\u00a0\u00a0\u00a0<\/span><strong><span dir=\"auto\">Ogorjelica cesta<\/span><\/strong><span dir=\"auto\">\u00a0\u00a0, ktor\u00e9 pon\u00fakaj\u00fa mo\u017enosti rekrea\u010dnej turistiky, ako aj n\u00e1ro\u010dnej\u0161\u00edch cyklistick\u00fdch t\u00far.<\/span><\/p><h3><span dir=\"auto\">3.\u00a0\u00a0\u00a0<\/span><strong><span dir=\"auto\">Dobrodru\u017en\u00fd park Ogorjelica<\/span><\/strong><\/h3><p><span dir=\"auto\">Tento dobrodru\u017en\u00fd park pon\u00faka aktivity ako\u00a0\u00a0\u00a0<\/span><strong><span dir=\"auto\">zipline<\/span><\/strong><span dir=\"auto\">\u00a0\u00a0,\u00a0\u00a0\u00a0<\/span><strong><span dir=\"auto\">lezenie po skal\u00e1ch<\/span><\/strong><span dir=\"auto\">\u00a0\u00a0\u00a0a \u010fal\u0161ie adrenal\u00ednov\u00e9 v\u00fdzvy. Je vhodn\u00fd pre skupiny s de\u0165mi, skupiny priate\u013eov, ale pre ka\u017ed\u00e9ho, kto chce trochu akcie uprostred pr\u00edrody.<\/span><\/p><h3><span dir=\"auto\">4.\u00a0\u00a0\u00a0<\/span><strong><span dir=\"auto\">Etno dedina \u201eLjubogo\u0161ta\u201c<\/span><\/strong><\/h3><p><span dir=\"auto\">V bl\u00edzkosti Jahoriny sa nach\u00e1dza\u00a0\u00a0\u00a0<\/span><strong><span dir=\"auto\">etnick\u00e1 dedina \u201eLjubogo\u0161ta\u201c<\/span><\/strong><span dir=\"auto\">\u00a0\u00a0, autentick\u00e1 bosnianska dedina, ktor\u00e1 predstavuje tradi\u010dn\u00fa architekt\u00faru, remesl\u00e1 a \u017eivotn\u00fd \u0161t\u00fdl. T\u00e1to oblas\u0165 pon\u00faka poh\u013ead na kult\u00farne dedi\u010dstvo regi\u00f3nu a mo\u017enos\u0165 vychutna\u0165 si miestne \u0161peciality v re\u0161taur\u00e1cii s miestnymi jedlami.<\/span><\/p><h3><span dir=\"auto\">5.\u00a0\u00a0\u00a0<\/span><strong><span dir=\"auto\">Wellness a k\u00fape\u013en\u00e9 centr\u00e1<\/span><\/strong><\/h3><p><span dir=\"auto\">Pre t\u00fdch, ktor\u00ed chc\u00fa oddych a relax, Jahorina pon\u00faka mno\u017estvo wellness a k\u00fape\u013en\u00fdch centier. Mnoh\u00e9 hotely a\u00a0\u00a0\u00a0<\/span><a href=\"https:\/\/translate.google.com\/website?sl=hr&amp;tl=sk&amp;hl=en&amp;client=webapp&amp;u=https:\/\/translate.google.com\/website?sl%3Dhr%26tl%3Dsl%26hl%3Den%26client%3Dwebapp%26u%3Dhttps:\/\/apartments-jahorina.com\/apartmani-jahorina\/\" target=\"_blank\" rel=\"noopener\"><span dir=\"auto\">apartm\u00e1nov\u00e9<\/span><\/a><span dir=\"auto\">\u00a0\u00a0\u00a0komplexy pon\u00fakaj\u00fa slu\u017eby ako sauny, mas\u00e1\u017ee, hor\u00face baz\u00e9ny a parn\u00e9 k\u00fapele, ktor\u00e9 s\u00fa ide\u00e1lne na relax po dni str\u00e1venom na ly\u017eiarskych svahoch, ale v pr\u00edrode.<\/span><\/p><h3><span dir=\"auto\">6.\u00a0\u00a0\u00a0<\/span><strong><span dir=\"auto\">Sarajevo \u2013 jednod\u0148ov\u00fd v\u00fdlet<\/span><\/strong><\/h3><p><span dir=\"auto\">Jahorina je vzdialen\u00e1 len\u00a0\u00a0\u00a0<\/span><strong><span dir=\"auto\">30 km od Sarajeva<\/span><\/strong><span dir=\"auto\">\u00a0\u00a0, hlavn\u00e9ho mesta Bosny a Hercegoviny, \u010do z nej rob\u00ed ide\u00e1lny v\u00fdchodiskov\u00fd bod pre jednod\u0148ov\u00e9 v\u00fdlety. Sarajevo pon\u00faka bohat\u00e9 kult\u00farne dedi\u010dstvo vr\u00e1tane Ba\u0161\u010dar\u0161ije, historick\u00fdch m\u00faze\u00ed a mnoh\u00fdch re\u0161taur\u00e1ci\u00ed s tradi\u010dn\u00fdmi bosniansk\u00fdmi \u0161pecialitami.<\/span><\/p><hr \/><h3><span dir=\"auto\">Z\u00e1ver<\/span><\/h3><p><span dir=\"auto\">\u010ci u\u017e h\u013ead\u00e1te\u00a0\u00a0\u00a0<\/span><strong><span dir=\"auto\">zimn\u00e9 \u0161porty<\/span><\/strong><span dir=\"auto\">\u00a0\u00a0,\u00a0\u00a0\u00a0<\/span><strong><span dir=\"auto\">turistiku a cyklistiku<\/span><\/strong><span dir=\"auto\">\u00a0\u00a0,\u00a0\u00a0\u00a0<\/span><strong><span dir=\"auto\">kult\u00farne pamiatky<\/span><\/strong><span dir=\"auto\">\u00a0\u00a0\u00a0alebo\u00a0\u00a0\u00a0<\/span><strong><span dir=\"auto\">relax vo wellness<\/span><\/strong><span dir=\"auto\">\u00a0\u00a0, Jahorina m\u00e1 nie\u010do pre ka\u017ed\u00e9ho. V\u010faka bohatej ponuke aktiv\u00edt a \u013eahkej dostupnosti zo Sarajeva je Jahora destin\u00e1ciou, ktor\u00fa m\u00f4\u017eete nav\u0161t\u00edvi\u0165 kedyko\u013evek po\u010das letu a ktor\u00e1 pon\u00faka nezabudnute\u013en\u00e9 z\u00e1\u017eitky pre v\u0161etk\u00fdch n\u00e1v\u0161tevn\u00edkov.<\/span><\/p>\t\t\t\t\t\t\t\t<\/div>\n\t\t\t\t<\/div>\n\t\t\t\t<\/div>\n\t\t\t\t\t<\/div>\n\t\t\t\t<\/div>\n\t\t\t\t<\/div>\n\t\t","protected":false},"excerpt":{"rendered":"<p>Kam \u00eds\u0165 na Jahorinu\u2013 Najlep\u0161ie atrakcie a aktivity 1.\u00a0\u00a0\u00a0Ly\u017eiarske stredisko Jahorina Jahorina je jedno z najzn\u00e1mej\u0161\u00edch ly\u017eiarskych stred\u00edsk na Balk\u00e1ne s programami pre v\u0161etky \u00farovne ly\u017eiarov. Ly\u017eiarska oblas\u0165 m\u00e1 viac ako\u00a0\u00a0\u00a020 km dobre udr\u017eiavan\u00fdch zjazdoviek\u00a0\u00a0, ktor\u00e9 s\u00fa vybaven\u00e9 modern\u00fdmi lanovkami a vlekmi. Okrem ly\u017eovania je k dispoz\u00edcii aj ve\u010dern\u00e9 ly\u017eovanie, \u010do je \u0161peci\u00e1lny z\u00e1\u017eitok pre [&hellip;]<\/p>\n","protected":false},"author":1,"featured_media":0,"parent":0,"menu_order":0,"comment_status":"closed","ping_status":"closed","template":"","meta":{"footnotes":""},"class_list":["post-10004","page","type-page","status-publish","hentry"],"yoast_head":"<!-- This site is optimized with the Yoast SEO plugin v26.4 - https:\/\/yoast.com\/wordpress\/plugins\/seo\/ -->\n<title>Kde na Jahorine - BESTBLICK Apartments Jahorina<\/title>\n<meta name=\"robots\" content=\"index, follow, max-snippet:-1, max-image-preview:large, max-video-preview:-1\" \/>\n<link rel=\"canonical\" href=\"https:\/\/apartments-jahorina.com\/gdje-na-jahorinu\/\" \/>\n<meta property=\"og:locale\" content=\"sk_SK\" \/>\n<meta property=\"og:type\" content=\"article\" \/>\n<meta property=\"og:title\" content=\"Kde na Jahorine - BESTBLICK Apartments Jahorina\" \/>\n<meta property=\"og:description\" content=\"Kam \u00eds\u0165 na Jahorinu\u2013 Najlep\u0161ie atrakcie a aktivity 1.\u00a0\u00a0\u00a0Ly\u017eiarske stredisko Jahorina Jahorina je jedno z najzn\u00e1mej\u0161\u00edch ly\u017eiarskych stred\u00edsk na Balk\u00e1ne s programami pre v\u0161etky \u00farovne ly\u017eiarov. Ly\u017eiarska oblas\u0165 m\u00e1 viac ako\u00a0\u00a0\u00a020 km dobre udr\u017eiavan\u00fdch zjazdoviek\u00a0\u00a0, ktor\u00e9 s\u00fa vybaven\u00e9 modern\u00fdmi lanovkami a vlekmi. Okrem ly\u017eovania je k dispoz\u00edcii aj ve\u010dern\u00e9 ly\u017eovanie, \u010do je \u0161peci\u00e1lny z\u00e1\u017eitok pre [&hellip;]\" \/>\n<meta property=\"og:url\" content=\"https:\/\/apartments-jahorina.com\/gdje-na-jahorinu\/\" \/>\n<meta property=\"og:site_name\" content=\"BESTBLICK Apartments Jahorina\" \/>\n<meta property=\"article:modified_time\" content=\"2025-12-16T00:56:20+00:00\" \/>\n<meta name=\"twitter:card\" content=\"summary_large_image\" \/>\n<meta name=\"twitter:label1\" content=\"Predpokladan\u00fd \u010das \u010d\u00edtania\" \/>\n\t<meta name=\"twitter:data1\" content=\"2 min\u00faty\" \/>\n<script type=\"application\/ld+json\" class=\"yoast-schema-graph\">{\"@context\":\"https:\/\/schema.org\",\"@graph\":[{\"@type\":\"WebPage\",\"@id\":\"https:\/\/apartments-jahorina.com\/gdje-na-jahorinu\/\",\"url\":\"https:\/\/apartments-jahorina.com\/gdje-na-jahorinu\/\",\"name\":\"Kde na Jahorine - BESTBLICK Apartments Jahorina\",\"isPartOf\":{\"@id\":\"https:\/\/apartments-jahorina.com\/#website\"},\"datePublished\":\"2025-11-30T18:49:14+00:00\",\"dateModified\":\"2025-12-16T00:56:20+00:00\",\"breadcrumb\":{\"@id\":\"https:\/\/apartments-jahorina.com\/gdje-na-jahorinu\/#breadcrumb\"},\"inLanguage\":\"sk-SK\",\"potentialAction\":[{\"@type\":\"ReadAction\",\"target\":[\"https:\/\/apartments-jahorina.com\/gdje-na-jahorinu\/\"]}]},{\"@type\":\"BreadcrumbList\",\"@id\":\"https:\/\/apartments-jahorina.com\/gdje-na-jahorinu\/#breadcrumb\",\"itemListElement\":[{\"@type\":\"ListItem\",\"position\":1,\"name\":\"Home\",\"item\":\"https:\/\/apartments-jahorina.com\/sk\/\"},{\"@type\":\"ListItem\",\"position\":2,\"name\":\"Kde na Jahorine\"}]},{\"@type\":\"WebSite\",\"@id\":\"https:\/\/apartments-jahorina.com\/#website\",\"url\":\"https:\/\/apartments-jahorina.com\/\",\"name\":\"BESTBLICK Apartments Jahorina\",\"description\":\"Moderni apartmani s pogledom na ski-stazu\",\"potentialAction\":[{\"@type\":\"SearchAction\",\"target\":{\"@type\":\"EntryPoint\",\"urlTemplate\":\"https:\/\/apartments-jahorina.com\/?s={search_term_string}\"},\"query-input\":{\"@type\":\"PropertyValueSpecification\",\"valueRequired\":true,\"valueName\":\"search_term_string\"}}],\"inLanguage\":\"sk-SK\"}]}<\/script>\n<!-- \/ Yoast SEO plugin. -->","yoast_head_json":{"title":"Kde na Jahorine - BESTBLICK Apartments Jahorina","robots":{"index":"index","follow":"follow","max-snippet":"max-snippet:-1","max-image-preview":"max-image-preview:large","max-video-preview":"max-video-preview:-1"},"canonical":"https:\/\/apartments-jahorina.com\/gdje-na-jahorinu\/","og_locale":"sk_SK","og_type":"article","og_title":"Kde na Jahorine - BESTBLICK Apartments Jahorina","og_description":"Kam \u00eds\u0165 na Jahorinu\u2013 Najlep\u0161ie atrakcie a aktivity 1.\u00a0\u00a0\u00a0Ly\u017eiarske stredisko Jahorina Jahorina je jedno z najzn\u00e1mej\u0161\u00edch ly\u017eiarskych stred\u00edsk na Balk\u00e1ne s programami pre v\u0161etky \u00farovne ly\u017eiarov. Ly\u017eiarska oblas\u0165 m\u00e1 viac ako\u00a0\u00a0\u00a020 km dobre udr\u017eiavan\u00fdch zjazdoviek\u00a0\u00a0, ktor\u00e9 s\u00fa vybaven\u00e9 modern\u00fdmi lanovkami a vlekmi. Okrem ly\u017eovania je k dispoz\u00edcii aj ve\u010dern\u00e9 ly\u017eovanie, \u010do je \u0161peci\u00e1lny z\u00e1\u017eitok pre [&hellip;]","og_url":"https:\/\/apartments-jahorina.com\/gdje-na-jahorinu\/","og_site_name":"BESTBLICK Apartments Jahorina","article_modified_time":"2025-12-16T00:56:20+00:00","twitter_card":"summary_large_image","twitter_misc":{"Predpokladan\u00fd \u010das \u010d\u00edtania":"2 min\u00faty"},"schema":{"@context":"https:\/\/schema.org","@graph":[{"@type":"WebPage","@id":"https:\/\/apartments-jahorina.com\/gdje-na-jahorinu\/","url":"https:\/\/apartments-jahorina.com\/gdje-na-jahorinu\/","name":"Kde na Jahorine - BESTBLICK Apartments Jahorina","isPartOf":{"@id":"https:\/\/apartments-jahorina.com\/#website"},"datePublished":"2025-11-30T18:49:14+00:00","dateModified":"2025-12-16T00:56:20+00:00","breadcrumb":{"@id":"https:\/\/apartments-jahorina.com\/gdje-na-jahorinu\/#breadcrumb"},"inLanguage":"sk-SK","potentialAction":[{"@type":"ReadAction","target":["https:\/\/apartments-jahorina.com\/gdje-na-jahorinu\/"]}]},{"@type":"BreadcrumbList","@id":"https:\/\/apartments-jahorina.com\/gdje-na-jahorinu\/#breadcrumb","itemListElement":[{"@type":"ListItem","position":1,"name":"Home","item":"https:\/\/apartments-jahorina.com\/sk\/"},{"@type":"ListItem","position":2,"name":"Kde na Jahorine"}]},{"@type":"WebSite","@id":"https:\/\/apartments-jahorina.com\/#website","url":"https:\/\/apartments-jahorina.com\/","name":"BESTBLICK Apartments Jahorina","description":"Moderni apartmani s pogledom na ski-stazu","potentialAction":[{"@type":"SearchAction","target":{"@type":"EntryPoint","urlTemplate":"https:\/\/apartments-jahorina.com\/?s={search_term_string}"},"query-input":{"@type":"PropertyValueSpecification","valueRequired":true,"valueName":"search_term_string"}}],"inLanguage":"sk-SK"}]}},"_links":{"self":[{"href":"https:\/\/apartments-jahorina.com\/sk\/wp-json\/wp\/v2\/pages\/10004","targetHints":{"allow":["GET"]}}],"collection":[{"href":"https:\/\/apartments-jahorina.com\/sk\/wp-json\/wp\/v2\/pages"}],"about":[{"href":"https:\/\/apartments-jahorina.com\/sk\/wp-json\/wp\/v2\/types\/page"}],"author":[{"embeddable":true,"href":"https:\/\/apartments-jahorina.com\/sk\/wp-json\/wp\/v2\/users\/1"}],"replies":[{"embeddable":true,"href":"https:\/\/apartments-jahorina.com\/sk\/wp-json\/wp\/v2\/comments?post=10004"}],"version-history":[{"count":10,"href":"https:\/\/apartments-jahorina.com\/sk\/wp-json\/wp\/v2\/pages\/10004\/revisions"}],"predecessor-version":[{"id":12760,"href":"https:\/\/apartments-jahorina.com\/sk\/wp-json\/wp\/v2\/pages\/10004\/revisions\/12760"}],"wp:attachment":[{"href":"https:\/\/apartments-jahorina.com\/sk\/wp-json\/wp\/v2\/media?parent=10004"}],"curies":[{"name":"wp","href":"https:\/\/api.w.org\/{rel}","templated":true}]}}