{"id":10040,"date":"2025-11-30T18:27:49","date_gmt":"2025-11-30T18:27:49","guid":{"rendered":"http:\/\/apartments-jahorina.com\/privatni-smjestaj-jahorina\/"},"modified":"2025-12-16T00:58:38","modified_gmt":"2025-12-16T00:58:38","slug":"sukromne-ubytovanie-jahorina","status":"publish","type":"page","link":"https:\/\/apartments-jahorina.com\/sk\/sukromne-ubytovanie-jahorina\/","title":{"rendered":"S\u00fakromn\u00e9 \u200b\u200bubytovanie Jahorina"},"content":{"rendered":"\t\t<div data-elementor-type=\"wp-page\" data-elementor-id=\"10040\" class=\"elementor elementor-10040 elementor-9874\">\n\t\t\t\t<div class=\"elementor-element elementor-element-12b6bd6 e-flex e-con-boxed e-con e-parent\" data-id=\"12b6bd6\" data-element_type=\"container\">\n\t\t\t\t\t<div class=\"e-con-inner\">\n\t\t<div class=\"elementor-element elementor-element-7b8b529 e-con-full e-flex e-con e-child\" data-id=\"7b8b529\" data-element_type=\"container\">\n\t\t<div class=\"elementor-element elementor-element-52f5450 e-con-full e-flex e-con e-child\" data-id=\"52f5450\" data-element_type=\"container\">\n\t\t\t\t<div class=\"elementor-element elementor-element-ef7ac5e elementor-absolute elementor-hidden-mobile elementor-view-default elementor-invisible elementor-widget elementor-widget-icon\" data-id=\"ef7ac5e\" data-element_type=\"widget\" data-settings=\"{&quot;_position&quot;:&quot;absolute&quot;,&quot;motion_fx_motion_fx_scrolling&quot;:&quot;yes&quot;,&quot;motion_fx_translateX_effect&quot;:&quot;yes&quot;,&quot;motion_fx_translateX_speed&quot;:{&quot;unit&quot;:&quot;px&quot;,&quot;size&quot;:1.5,&quot;sizes&quot;:[]},&quot;_animation&quot;:&quot;opal-move-right&quot;,&quot;motion_fx_translateX_affectedRange&quot;:{&quot;unit&quot;:&quot;%&quot;,&quot;size&quot;:&quot;&quot;,&quot;sizes&quot;:{&quot;start&quot;:0,&quot;end&quot;:100}},&quot;motion_fx_devices&quot;:[&quot;desktop&quot;,&quot;laptop&quot;,&quot;tablet_extra&quot;,&quot;tablet&quot;,&quot;mobile_extra&quot;,&quot;mobile&quot;]}\" data-widget_type=\"icon.default\">\n\t\t\t\t\t\t\t<div class=\"elementor-icon-wrapper\">\n\t\t\t<div class=\"elementor-icon\">\n\t\t\t\t\t\t<\/div>\n\t\t<\/div>\n\t\t\t\t\t\t<\/div>\n\t\t\t\t<div class=\"elementor-element elementor-element-7a3b481 elementor-widget__width-auto elementor-absolute elementor-hidden-mobile elementor-view-default elementor-invisible elementor-widget elementor-widget-icon\" data-id=\"7a3b481\" data-element_type=\"widget\" data-settings=\"{&quot;_position&quot;:&quot;absolute&quot;,&quot;motion_fx_motion_fx_scrolling&quot;:&quot;yes&quot;,&quot;motion_fx_translateY_effect&quot;:&quot;yes&quot;,&quot;motion_fx_translateY_direction&quot;:&quot;negative&quot;,&quot;motion_fx_translateY_speed&quot;:{&quot;unit&quot;:&quot;px&quot;,&quot;size&quot;:1.2,&quot;sizes&quot;:[]},&quot;_animation&quot;:&quot;opal-move-down&quot;,&quot;motion_fx_translateY_affectedRange&quot;:{&quot;unit&quot;:&quot;%&quot;,&quot;size&quot;:&quot;&quot;,&quot;sizes&quot;:{&quot;start&quot;:0,&quot;end&quot;:100}},&quot;motion_fx_devices&quot;:[&quot;desktop&quot;,&quot;laptop&quot;,&quot;tablet_extra&quot;,&quot;tablet&quot;,&quot;mobile_extra&quot;,&quot;mobile&quot;]}\" data-widget_type=\"icon.default\">\n\t\t\t\t\t\t\t<div class=\"elementor-icon-wrapper\">\n\t\t\t<div class=\"elementor-icon\">\n\t\t\t\t\t\t<\/div>\n\t\t<\/div>\n\t\t\t\t\t\t<\/div>\n\t\t\t\t<\/div>\n\t\t<div class=\"elementor-element elementor-element-4e0b3cc e-con-full e-flex e-con e-child\" data-id=\"4e0b3cc\" data-element_type=\"container\">\n\t\t\t\t<div class=\"elementor-element elementor-element-6bc46d3 elementor-widget__width-initial elementor-invisible elementor-widget elementor-widget-heading\" data-id=\"6bc46d3\" data-element_type=\"widget\" data-settings=\"{&quot;_animation&quot;:&quot;opal-move-left&quot;}\" data-widget_type=\"heading.default\">\n\t\t\t\t\t<h2 data-cursor=\"-opaque\" class=\"elementor-heading-title elementor-size-default\">S\u00fakromn\u00e9 \u200b\u200bubytovanie na Jahorine  \u2013  <span class=\"c-primary\">Apartm\u00e1ny Bestblick<\/span><\/h2>\t\t\t\t<\/div>\n\t\t\t\t<div class=\"elementor-element elementor-element-4aa09f6 elementor-widget__width-initial elementor-invisible elementor-widget elementor-widget-text-editor\" data-id=\"4aa09f6\" data-element_type=\"widget\" data-settings=\"{&quot;_animation&quot;:&quot;opal-move-left&quot;}\" data-widget_type=\"text-editor.default\">\n\t\t\t\t\t\t\t\t\t<p><strong><span dir=\"auto\">Samostatn\u00e9 ubytovanie na Jahorine &#8211; ide\u00e1lna destin\u00e1cia pre zimn\u00fa dovolenku<\/span><\/strong><\/p><p><span dir=\"auto\">Samostatn\u00e9 ubytovanie na Jahorine pon\u00faka dokonal\u00fa kombin\u00e1ciu pohodlia, s\u00fakromia a dostupn\u00fdch cien, ide\u00e1lne pre milovn\u00edkov zimn\u00fdch \u0161portov a pr\u00edrody. Tieto ubytovacie kapacity siahaj\u00fa od luxusn\u00fdch apartm\u00e1nov a\u017e po \u00faspornej\u0161ie izby, \u010do n\u00e1v\u0161tevn\u00edkom umo\u017e\u0148uje \u0161irok\u00fa \u0161k\u00e1lu mo\u017enost\u00ed v z\u00e1vislosti od rozpo\u010dtu a po\u017eadovanej \u00farovne pohodlia. Pre host\u00ed, ktor\u00ed chc\u00fa luxus, s\u00fa k dispoz\u00edcii samostatn\u00e9 apartm\u00e1ny s modern\u00fdm pr\u00edslu\u0161enstvom, ako je sauna, krb a priestrann\u00e9 ob\u00fdvacie izby, v bl\u00edzkosti zjazdoviek, s cenami od 80 do 100 eur za noc.<\/span><\/p><p><span dir=\"auto\">Ob\u013e\u00faben\u00e9 ubytovanie, ako napr\u00edklad\u00a0\u00a0\u00a0<\/span><strong><span dir=\"auto\">Bestblick Apartments Jahorina,<\/span><\/strong><span dir=\"auto\">\u00a0\u00a0je zn\u00e1me vysok\u00fdm hodnoten\u00edm host\u00ed, vynikaj\u00facimi slu\u017ebami a bl\u00edzkos\u0165ou k hlavn\u00fdm pamiatkam. Menej luxusn\u00e9 mo\u017enosti, ktor\u00e9 sa pohybuj\u00fa od 60 do 80 eur za noc, pon\u00fakaj\u00fa praktick\u00e9 vybavenie, ako je kuchy\u0148a, Wi-Fi a bezplatn\u00e9 parkovanie, v\u010faka \u010domu s\u00fa ide\u00e1lne pre rodiny a skupiny priate\u013eov. Mnoh\u00ed hostitelia s\u00fakromn\u00e9ho ubytovania na Jahorine pon\u00fakaj\u00fa aj ly\u017eiarske z\u00e1jazdy, po\u017ei\u010dov\u0148u vybavenia a \u010fal\u0161ie zimn\u00e9 aktivity.<\/span><\/p>\t\t\t\t\t\t\t\t<\/div>\n\t\t\t\t<\/div>\n\t\t\t\t<\/div>\n\t\t<div class=\"elementor-element elementor-element-300ae1a e-con-full e-flex e-con e-child\" data-id=\"300ae1a\" data-element_type=\"container\">\n\t\t<div class=\"elementor-element elementor-element-70f5e3f e-con-full e-flex e-con e-child\" data-id=\"70f5e3f\" data-element_type=\"container\">\n\t\t\t\t<div class=\"elementor-element elementor-element-67151ae elementor-invisible elementor-widget elementor-widget-n-accordion\" data-id=\"67151ae\" data-element_type=\"widget\" data-settings=\"{&quot;_animation&quot;:&quot;opal-move-right&quot;,&quot;default_state&quot;:&quot;all_collapsed&quot;,&quot;max_items_expended&quot;:&quot;one&quot;,&quot;n_accordion_animation_duration&quot;:{&quot;unit&quot;:&quot;ms&quot;,&quot;size&quot;:400,&quot;sizes&quot;:[]}}\" data-widget_type=\"nested-accordion.default\">\n\t\t\t\t\t\t\t<div class=\"e-n-accordion\" aria-label=\"Accordion. Open links with Enter or Space, close with Escape, and navigate with Arrow Keys\">\n\t\t\t\t\t\t<details id=\"e-n-accordion-item-1080\" class=\"e-n-accordion-item\" >\n\t\t\t\t<summary class=\"e-n-accordion-item-title\" data-accordion-index=\"1\" tabindex=\"0\" aria-expanded=\"false\" aria-controls=\"e-n-accordion-item-1080\" >\n\t\t\t\t\t<span class='e-n-accordion-item-title-header'><div class=\"e-n-accordion-item-title-text\"> Rezerv\u00e1cie a v\u00fdhody <\/div><\/span>\n\t\t\t\t\t\t\t<span class='e-n-accordion-item-title-icon'>\n\t\t\t<span class='e-opened' ><i aria-hidden=\"true\" class=\"antra-icon- antra-icon-minus\"><\/i><\/span>\n\t\t\t<span class='e-closed'><i aria-hidden=\"true\" class=\"antra-icon- antra-icon-plus\"><\/i><\/span>\n\t\t<\/span>\n\n\t\t\t\t\t\t<\/summary>\n\t\t\t\t<div role=\"region\" aria-labelledby=\"e-n-accordion-item-1080\" class=\"elementor-element elementor-element-efa299f e-con-full e-flex e-con e-child\" data-id=\"efa299f\" data-element_type=\"container\">\n\t\t\t\t<div class=\"elementor-element elementor-element-bf5b1c6 elementor-widget__width-initial elementor-widget elementor-widget-text-editor\" data-id=\"bf5b1c6\" data-element_type=\"widget\" data-widget_type=\"text-editor.default\">\n\t\t\t\t\t\t\t\t\t<p><span dir=\"auto\">Pre jednoduch\u0161ie rezerv\u00e1cie pon\u00fakaj\u00fa platformy ako\u00a0\u00a0\u00a0<\/span><a href=\"https:\/\/translate.google.com\/website?sl=hr&amp;tl=sk&amp;hl=en&amp;client=webapp&amp;u=https:\/\/translate.google.com\/website?sl%3Dhr%26tl%3Dsl%26hl%3Den%26client%3Dwebapp%26u%3Dhttps:\/\/www.booking.com\/hotel\/ba\/bestblick-apartments-jahorina-snjezna-dolina.en-gb.html\"><span dir=\"auto\">Booking.com<\/span><\/a><span dir=\"auto\">\u00a0\u00a0\u00a0inform\u00e1cie o dostupn\u00fdch term\u00ednoch, hodnoteniach a podrobnostiach o ponuke. Po\u010das hlavnej sez\u00f3ny sa odpor\u00fa\u010da skor\u00e1 rezerv\u00e1cia, preto\u017ee dostupnos\u0165 samostatn\u00fdch apartm\u00e1nov pri hlavn\u00fdch zjazdovk\u00e1ch je obmedzen\u00e1.<\/span><\/p>\t\t\t\t\t\t\t\t<\/div>\n\t\t\t\t<\/div>\n\t\t\t\t\t<\/details>\n\t\t\t\t\t\t<details id=\"e-n-accordion-item-1081\" class=\"e-n-accordion-item\" >\n\t\t\t\t<summary class=\"e-n-accordion-item-title\" data-accordion-index=\"2\" tabindex=\"-1\" aria-expanded=\"false\" aria-controls=\"e-n-accordion-item-1081\" >\n\t\t\t\t\t<span class='e-n-accordion-item-title-header'><div class=\"e-n-accordion-item-title-text\"> Pre\u010do si vybra\u0165 ubytovanie v s\u00fakrom\u00ed? <\/div><\/span>\n\t\t\t\t\t\t\t<span class='e-n-accordion-item-title-icon'>\n\t\t\t<span class='e-opened' ><i aria-hidden=\"true\" class=\"antra-icon- antra-icon-minus\"><\/i><\/span>\n\t\t\t<span class='e-closed'><i aria-hidden=\"true\" class=\"antra-icon- antra-icon-plus\"><\/i><\/span>\n\t\t<\/span>\n\n\t\t\t\t\t\t<\/summary>\n\t\t\t\t<div role=\"region\" aria-labelledby=\"e-n-accordion-item-1081\" class=\"elementor-element elementor-element-f0098d4 e-con-full e-flex e-con e-child\" data-id=\"f0098d4\" data-element_type=\"container\">\n\t\t\t\t<div class=\"elementor-element elementor-element-6580925 elementor-widget__width-initial elementor-widget elementor-widget-text-editor\" data-id=\"6580925\" data-element_type=\"widget\" data-widget_type=\"text-editor.default\">\n\t\t\t\t\t\t\t\t\t<p><span dir=\"auto\">Samostatn\u00e9\u00a0\u00a0\u00a0<\/span><a href=\"https:\/\/translate.google.com\/website?sl=hr&amp;tl=sk&amp;hl=en&amp;client=webapp&amp;u=https:\/\/translate.google.com\/website?sl%3Dhr%26tl%3Dsl%26hl%3Den%26client%3Dwebapp%26u%3Dhttps:\/\/apartments-jahorina.com\/apartmani-jahorina\/\"><span dir=\"auto\">ubytovanie<\/span><\/a><span dir=\"auto\">\u00a0\u00a0\u00a0umo\u017e\u0148uje flexibilitu pri pl\u00e1novan\u00ed dovolenky s \u010fal\u0161\u00edmi v\u00fdhodami, ako s\u00fa organizovan\u00e9 zimn\u00e9 v\u00fdlety a samostatn\u00ed sprievodcovia po okolit\u00fdch pr\u00edrodn\u00fdch kr\u00e1sach Jahoriny.<\/span><\/p>\t\t\t\t\t\t\t\t<\/div>\n\t\t\t\t<\/div>\n\t\t\t\t\t<\/details>\n\t\t\t\t\t<\/div>\n\t\t\t\t\t\t<\/div>\n\t\t\t\t<\/div>\n\t\t<div class=\"elementor-element elementor-element-7c44126 e-con-full e-flex e-con e-child\" data-id=\"7c44126\" data-element_type=\"container\">\n\t\t\t\t<div class=\"elementor-element elementor-element-5b562f9 elementor-invisible elementor-widget elementor-widget-image\" data-id=\"5b562f9\" data-element_type=\"widget\" data-settings=\"{&quot;_animation&quot;:&quot;opal-move-left&quot;}\" data-widget_type=\"image.default\">\n\t\t\t\t\t<div class=\"antra-wrapper-image-widget\" data-cursor=\"-opaque\">\t\t\t\t\t\t\t\t\t\t<img loading=\"lazy\" decoding=\"async\" width=\"2560\" height=\"1440\" src=\"https:\/\/apartments-jahorina.com\/wp-content\/uploads\/2025\/11\/gal6-scaled.jpg\" class=\"attachment-full size-full wp-image-11036\" alt=\"\" srcset=\"https:\/\/apartments-jahorina.com\/wp-content\/uploads\/2025\/11\/gal6-scaled.jpg 2560w, https:\/\/apartments-jahorina.com\/wp-content\/uploads\/2025\/11\/gal6-300x169.jpg 300w, https:\/\/apartments-jahorina.com\/wp-content\/uploads\/2025\/11\/gal6-1024x576.jpg 1024w, https:\/\/apartments-jahorina.com\/wp-content\/uploads\/2025\/11\/gal6-768x432.jpg 768w, https:\/\/apartments-jahorina.com\/wp-content\/uploads\/2025\/11\/gal6-1536x864.jpg 1536w, https:\/\/apartments-jahorina.com\/wp-content\/uploads\/2025\/11\/gal6-2048x1152.jpg 2048w, https:\/\/apartments-jahorina.com\/wp-content\/uploads\/2025\/11\/gal6-860x484.jpg 860w, https:\/\/apartments-jahorina.com\/wp-content\/uploads\/2025\/11\/gal6-1000x563.jpg 1000w\" sizes=\"(max-width: 2560px) 100vw, 2560px\" \/>\t\t\t\t\t\t\t\t\t\t\t<\/div>\t\t\t\t<\/div>\n\t\t\t\t<\/div>\n\t\t\t\t<\/div>\n\t\t\t\t\t<\/div>\n\t\t\t\t<\/div>\n\t\t\t\t<\/div>\n\t\t","protected":false},"excerpt":{"rendered":"<p>S\u00fakromn\u00e9 \u200b\u200bubytovanie na Jahorine \u2013 Apartm\u00e1ny Bestblick Samostatn\u00e9 ubytovanie na Jahorine &#8211; ide\u00e1lna destin\u00e1cia pre zimn\u00fa dovolenku Samostatn\u00e9 ubytovanie na Jahorine pon\u00faka dokonal\u00fa kombin\u00e1ciu pohodlia, s\u00fakromia a dostupn\u00fdch cien, ide\u00e1lne pre milovn\u00edkov zimn\u00fdch \u0161portov a pr\u00edrody. Tieto ubytovacie kapacity siahaj\u00fa od luxusn\u00fdch apartm\u00e1nov a\u017e po \u00faspornej\u0161ie izby, \u010do n\u00e1v\u0161tevn\u00edkom umo\u017e\u0148uje \u0161irok\u00fa \u0161k\u00e1lu mo\u017enost\u00ed v z\u00e1vislosti [&hellip;]<\/p>\n","protected":false},"author":1,"featured_media":0,"parent":0,"menu_order":0,"comment_status":"closed","ping_status":"closed","template":"","meta":{"footnotes":""},"class_list":["post-10040","page","type-page","status-publish","hentry"],"yoast_head":"<!-- This site is optimized with the Yoast SEO plugin v26.4 - https:\/\/yoast.com\/wordpress\/plugins\/seo\/ -->\n<title>S\u00fakromn\u00e9 \u200b\u200bubytovanie Jahorina - BESTBLICK Apartments Jahorina<\/title>\n<meta name=\"robots\" content=\"index, follow, max-snippet:-1, max-image-preview:large, max-video-preview:-1\" \/>\n<link rel=\"canonical\" href=\"https:\/\/apartments-jahorina.com\/privatni-smjestaj-jahorina\/\" \/>\n<meta property=\"og:locale\" content=\"sk_SK\" \/>\n<meta property=\"og:type\" content=\"article\" \/>\n<meta property=\"og:title\" content=\"S\u00fakromn\u00e9 \u200b\u200bubytovanie Jahorina - BESTBLICK Apartments Jahorina\" \/>\n<meta property=\"og:description\" content=\"S\u00fakromn\u00e9 \u200b\u200bubytovanie na Jahorine \u2013 Apartm\u00e1ny Bestblick Samostatn\u00e9 ubytovanie na Jahorine &#8211; ide\u00e1lna destin\u00e1cia pre zimn\u00fa dovolenku Samostatn\u00e9 ubytovanie na Jahorine pon\u00faka dokonal\u00fa kombin\u00e1ciu pohodlia, s\u00fakromia a dostupn\u00fdch cien, ide\u00e1lne pre milovn\u00edkov zimn\u00fdch \u0161portov a pr\u00edrody. Tieto ubytovacie kapacity siahaj\u00fa od luxusn\u00fdch apartm\u00e1nov a\u017e po \u00faspornej\u0161ie izby, \u010do n\u00e1v\u0161tevn\u00edkom umo\u017e\u0148uje \u0161irok\u00fa \u0161k\u00e1lu mo\u017enost\u00ed v z\u00e1vislosti [&hellip;]\" \/>\n<meta property=\"og:url\" content=\"https:\/\/apartments-jahorina.com\/privatni-smjestaj-jahorina\/\" \/>\n<meta property=\"og:site_name\" content=\"BESTBLICK Apartments Jahorina\" \/>\n<meta property=\"article:modified_time\" content=\"2025-12-16T00:58:38+00:00\" \/>\n<meta property=\"og:image\" content=\"http:\/\/apartments-jahorina.com\/wp-content\/uploads\/2025\/11\/gal6-scaled.jpg\" \/>\n<meta name=\"twitter:card\" content=\"summary_large_image\" \/>\n<meta name=\"twitter:label1\" content=\"Predpokladan\u00fd \u010das \u010d\u00edtania\" \/>\n\t<meta name=\"twitter:data1\" content=\"2 min\u00faty\" \/>\n<script type=\"application\/ld+json\" class=\"yoast-schema-graph\">{\"@context\":\"https:\/\/schema.org\",\"@graph\":[{\"@type\":\"WebPage\",\"@id\":\"https:\/\/apartments-jahorina.com\/privatni-smjestaj-jahorina\/\",\"url\":\"https:\/\/apartments-jahorina.com\/privatni-smjestaj-jahorina\/\",\"name\":\"S\u00fakromn\u00e9 \u200b\u200bubytovanie Jahorina - BESTBLICK Apartments Jahorina\",\"isPartOf\":{\"@id\":\"https:\/\/apartments-jahorina.com\/#website\"},\"primaryImageOfPage\":{\"@id\":\"https:\/\/apartments-jahorina.com\/privatni-smjestaj-jahorina\/#primaryimage\"},\"image\":{\"@id\":\"https:\/\/apartments-jahorina.com\/privatni-smjestaj-jahorina\/#primaryimage\"},\"thumbnailUrl\":\"http:\/\/apartments-jahorina.com\/wp-content\/uploads\/2025\/11\/gal6-scaled.jpg\",\"datePublished\":\"2025-11-30T18:27:49+00:00\",\"dateModified\":\"2025-12-16T00:58:38+00:00\",\"breadcrumb\":{\"@id\":\"https:\/\/apartments-jahorina.com\/privatni-smjestaj-jahorina\/#breadcrumb\"},\"inLanguage\":\"sk-SK\",\"potentialAction\":[{\"@type\":\"ReadAction\",\"target\":[\"https:\/\/apartments-jahorina.com\/privatni-smjestaj-jahorina\/\"]}]},{\"@type\":\"ImageObject\",\"inLanguage\":\"sk-SK\",\"@id\":\"https:\/\/apartments-jahorina.com\/privatni-smjestaj-jahorina\/#primaryimage\",\"url\":\"http:\/\/apartments-jahorina.com\/wp-content\/uploads\/2025\/11\/gal6-scaled.jpg\",\"contentUrl\":\"http:\/\/apartments-jahorina.com\/wp-content\/uploads\/2025\/11\/gal6-scaled.jpg\"},{\"@type\":\"BreadcrumbList\",\"@id\":\"https:\/\/apartments-jahorina.com\/privatni-smjestaj-jahorina\/#breadcrumb\",\"itemListElement\":[{\"@type\":\"ListItem\",\"position\":1,\"name\":\"Home\",\"item\":\"https:\/\/apartments-jahorina.com\/sk\/\"},{\"@type\":\"ListItem\",\"position\":2,\"name\":\"S\u00fakromn\u00e9 \u200b\u200bubytovanie Jahorina\"}]},{\"@type\":\"WebSite\",\"@id\":\"https:\/\/apartments-jahorina.com\/#website\",\"url\":\"https:\/\/apartments-jahorina.com\/\",\"name\":\"BESTBLICK Apartments Jahorina\",\"description\":\"Moderni apartmani s pogledom na ski-stazu\",\"potentialAction\":[{\"@type\":\"SearchAction\",\"target\":{\"@type\":\"EntryPoint\",\"urlTemplate\":\"https:\/\/apartments-jahorina.com\/?s={search_term_string}\"},\"query-input\":{\"@type\":\"PropertyValueSpecification\",\"valueRequired\":true,\"valueName\":\"search_term_string\"}}],\"inLanguage\":\"sk-SK\"}]}<\/script>\n<!-- \/ Yoast SEO plugin. -->","yoast_head_json":{"title":"S\u00fakromn\u00e9 \u200b\u200bubytovanie Jahorina - BESTBLICK Apartments Jahorina","robots":{"index":"index","follow":"follow","max-snippet":"max-snippet:-1","max-image-preview":"max-image-preview:large","max-video-preview":"max-video-preview:-1"},"canonical":"https:\/\/apartments-jahorina.com\/privatni-smjestaj-jahorina\/","og_locale":"sk_SK","og_type":"article","og_title":"S\u00fakromn\u00e9 \u200b\u200bubytovanie Jahorina - BESTBLICK Apartments Jahorina","og_description":"S\u00fakromn\u00e9 \u200b\u200bubytovanie na Jahorine \u2013 Apartm\u00e1ny Bestblick Samostatn\u00e9 ubytovanie na Jahorine &#8211; ide\u00e1lna destin\u00e1cia pre zimn\u00fa dovolenku Samostatn\u00e9 ubytovanie na Jahorine pon\u00faka dokonal\u00fa kombin\u00e1ciu pohodlia, s\u00fakromia a dostupn\u00fdch cien, ide\u00e1lne pre milovn\u00edkov zimn\u00fdch \u0161portov a pr\u00edrody. Tieto ubytovacie kapacity siahaj\u00fa od luxusn\u00fdch apartm\u00e1nov a\u017e po \u00faspornej\u0161ie izby, \u010do n\u00e1v\u0161tevn\u00edkom umo\u017e\u0148uje \u0161irok\u00fa \u0161k\u00e1lu mo\u017enost\u00ed v z\u00e1vislosti [&hellip;]","og_url":"https:\/\/apartments-jahorina.com\/privatni-smjestaj-jahorina\/","og_site_name":"BESTBLICK Apartments Jahorina","article_modified_time":"2025-12-16T00:58:38+00:00","og_image":[{"url":"http:\/\/apartments-jahorina.com\/wp-content\/uploads\/2025\/11\/gal6-scaled.jpg","type":"","width":"","height":""}],"twitter_card":"summary_large_image","twitter_misc":{"Predpokladan\u00fd \u010das \u010d\u00edtania":"2 min\u00faty"},"schema":{"@context":"https:\/\/schema.org","@graph":[{"@type":"WebPage","@id":"https:\/\/apartments-jahorina.com\/privatni-smjestaj-jahorina\/","url":"https:\/\/apartments-jahorina.com\/privatni-smjestaj-jahorina\/","name":"S\u00fakromn\u00e9 \u200b\u200bubytovanie Jahorina - BESTBLICK Apartments Jahorina","isPartOf":{"@id":"https:\/\/apartments-jahorina.com\/#website"},"primaryImageOfPage":{"@id":"https:\/\/apartments-jahorina.com\/privatni-smjestaj-jahorina\/#primaryimage"},"image":{"@id":"https:\/\/apartments-jahorina.com\/privatni-smjestaj-jahorina\/#primaryimage"},"thumbnailUrl":"http:\/\/apartments-jahorina.com\/wp-content\/uploads\/2025\/11\/gal6-scaled.jpg","datePublished":"2025-11-30T18:27:49+00:00","dateModified":"2025-12-16T00:58:38+00:00","breadcrumb":{"@id":"https:\/\/apartments-jahorina.com\/privatni-smjestaj-jahorina\/#breadcrumb"},"inLanguage":"sk-SK","potentialAction":[{"@type":"ReadAction","target":["https:\/\/apartments-jahorina.com\/privatni-smjestaj-jahorina\/"]}]},{"@type":"ImageObject","inLanguage":"sk-SK","@id":"https:\/\/apartments-jahorina.com\/privatni-smjestaj-jahorina\/#primaryimage","url":"http:\/\/apartments-jahorina.com\/wp-content\/uploads\/2025\/11\/gal6-scaled.jpg","contentUrl":"http:\/\/apartments-jahorina.com\/wp-content\/uploads\/2025\/11\/gal6-scaled.jpg"},{"@type":"BreadcrumbList","@id":"https:\/\/apartments-jahorina.com\/privatni-smjestaj-jahorina\/#breadcrumb","itemListElement":[{"@type":"ListItem","position":1,"name":"Home","item":"https:\/\/apartments-jahorina.com\/sk\/"},{"@type":"ListItem","position":2,"name":"S\u00fakromn\u00e9 \u200b\u200bubytovanie Jahorina"}]},{"@type":"WebSite","@id":"https:\/\/apartments-jahorina.com\/#website","url":"https:\/\/apartments-jahorina.com\/","name":"BESTBLICK Apartments Jahorina","description":"Moderni apartmani s pogledom na ski-stazu","potentialAction":[{"@type":"SearchAction","target":{"@type":"EntryPoint","urlTemplate":"https:\/\/apartments-jahorina.com\/?s={search_term_string}"},"query-input":{"@type":"PropertyValueSpecification","valueRequired":true,"valueName":"search_term_string"}}],"inLanguage":"sk-SK"}]}},"_links":{"self":[{"href":"https:\/\/apartments-jahorina.com\/sk\/wp-json\/wp\/v2\/pages\/10040","targetHints":{"allow":["GET"]}}],"collection":[{"href":"https:\/\/apartments-jahorina.com\/sk\/wp-json\/wp\/v2\/pages"}],"about":[{"href":"https:\/\/apartments-jahorina.com\/sk\/wp-json\/wp\/v2\/types\/page"}],"author":[{"embeddable":true,"href":"https:\/\/apartments-jahorina.com\/sk\/wp-json\/wp\/v2\/users\/1"}],"replies":[{"embeddable":true,"href":"https:\/\/apartments-jahorina.com\/sk\/wp-json\/wp\/v2\/comments?post=10040"}],"version-history":[{"count":10,"href":"https:\/\/apartments-jahorina.com\/sk\/wp-json\/wp\/v2\/pages\/10040\/revisions"}],"predecessor-version":[{"id":12769,"href":"https:\/\/apartments-jahorina.com\/sk\/wp-json\/wp\/v2\/pages\/10040\/revisions\/12769"}],"wp:attachment":[{"href":"https:\/\/apartments-jahorina.com\/sk\/wp-json\/wp\/v2\/media?parent=10040"}],"curies":[{"name":"wp","href":"https:\/\/api.w.org\/{rel}","templated":true}]}}