{"id":10052,"date":"2025-11-30T18:18:56","date_gmt":"2025-11-30T18:18:56","guid":{"rendered":"http:\/\/apartments-jahorina.com\/nova-godina-na-jahorini\/"},"modified":"2025-12-16T00:59:47","modified_gmt":"2025-12-16T00:59:47","slug":"novy-rok-na-jahorine","status":"publish","type":"page","link":"https:\/\/apartments-jahorina.com\/sk\/novy-rok-na-jahorine\/","title":{"rendered":"Nov\u00fd rok na Jahorine"},"content":{"rendered":"\t\t<div data-elementor-type=\"wp-page\" data-elementor-id=\"10052\" class=\"elementor elementor-10052 elementor-9858\">\n\t\t\t\t<div class=\"elementor-element elementor-element-12b6bd6 e-flex e-con-boxed e-con e-parent\" data-id=\"12b6bd6\" data-element_type=\"container\">\n\t\t\t\t\t<div class=\"e-con-inner\">\n\t\t<div class=\"elementor-element elementor-element-7b8b529 e-con-full e-flex e-con e-child\" data-id=\"7b8b529\" data-element_type=\"container\">\n\t\t<div class=\"elementor-element elementor-element-52f5450 e-con-full e-flex e-con e-child\" data-id=\"52f5450\" data-element_type=\"container\">\n\t\t\t\t<div class=\"elementor-element elementor-element-ef7ac5e elementor-absolute elementor-hidden-mobile elementor-view-default elementor-invisible elementor-widget elementor-widget-icon\" data-id=\"ef7ac5e\" data-element_type=\"widget\" data-settings=\"{&quot;_position&quot;:&quot;absolute&quot;,&quot;motion_fx_motion_fx_scrolling&quot;:&quot;yes&quot;,&quot;motion_fx_translateX_effect&quot;:&quot;yes&quot;,&quot;motion_fx_translateX_speed&quot;:{&quot;unit&quot;:&quot;px&quot;,&quot;size&quot;:1.5,&quot;sizes&quot;:[]},&quot;_animation&quot;:&quot;opal-move-right&quot;,&quot;motion_fx_translateX_affectedRange&quot;:{&quot;unit&quot;:&quot;%&quot;,&quot;size&quot;:&quot;&quot;,&quot;sizes&quot;:{&quot;start&quot;:0,&quot;end&quot;:100}},&quot;motion_fx_devices&quot;:[&quot;desktop&quot;,&quot;laptop&quot;,&quot;tablet_extra&quot;,&quot;tablet&quot;,&quot;mobile_extra&quot;,&quot;mobile&quot;]}\" data-widget_type=\"icon.default\">\n\t\t\t\t\t\t\t<div class=\"elementor-icon-wrapper\">\n\t\t\t<div class=\"elementor-icon\">\n\t\t\t\t\t\t<\/div>\n\t\t<\/div>\n\t\t\t\t\t\t<\/div>\n\t\t\t\t<div class=\"elementor-element elementor-element-7a3b481 elementor-widget__width-auto elementor-absolute elementor-hidden-mobile elementor-view-default elementor-invisible elementor-widget elementor-widget-icon\" data-id=\"7a3b481\" data-element_type=\"widget\" data-settings=\"{&quot;_position&quot;:&quot;absolute&quot;,&quot;motion_fx_motion_fx_scrolling&quot;:&quot;yes&quot;,&quot;motion_fx_translateY_effect&quot;:&quot;yes&quot;,&quot;motion_fx_translateY_direction&quot;:&quot;negative&quot;,&quot;motion_fx_translateY_speed&quot;:{&quot;unit&quot;:&quot;px&quot;,&quot;size&quot;:1.2,&quot;sizes&quot;:[]},&quot;_animation&quot;:&quot;opal-move-down&quot;,&quot;motion_fx_translateY_affectedRange&quot;:{&quot;unit&quot;:&quot;%&quot;,&quot;size&quot;:&quot;&quot;,&quot;sizes&quot;:{&quot;start&quot;:0,&quot;end&quot;:100}},&quot;motion_fx_devices&quot;:[&quot;desktop&quot;,&quot;laptop&quot;,&quot;tablet_extra&quot;,&quot;tablet&quot;,&quot;mobile_extra&quot;,&quot;mobile&quot;]}\" data-widget_type=\"icon.default\">\n\t\t\t\t\t\t\t<div class=\"elementor-icon-wrapper\">\n\t\t\t<div class=\"elementor-icon\">\n\t\t\t\t\t\t<\/div>\n\t\t<\/div>\n\t\t\t\t\t\t<\/div>\n\t\t\t\t<\/div>\n\t\t<div class=\"elementor-element elementor-element-4e0b3cc e-con-full e-flex e-con e-child\" data-id=\"4e0b3cc\" data-element_type=\"container\">\n\t\t\t\t<div class=\"elementor-element elementor-element-6bc46d3 elementor-widget__width-initial elementor-invisible elementor-widget elementor-widget-heading\" data-id=\"6bc46d3\" data-element_type=\"widget\" data-settings=\"{&quot;_animation&quot;:&quot;opal-move-left&quot;}\" data-widget_type=\"heading.default\">\n\t\t\t\t\t<h2 data-cursor=\"-opaque\" class=\"elementor-heading-title elementor-size-default\">Nov\u00fd rok na Jahorine \u2013  <span class=\"c-primary\">Podrobn\u00fd sprievodca pre dokonal\u00fa zimn\u00fa dovolenku<\/span><\/h2>\t\t\t\t<\/div>\n\t\t\t\t<div class=\"elementor-element elementor-element-4aa09f6 elementor-widget__width-initial elementor-invisible elementor-widget elementor-widget-text-editor\" data-id=\"4aa09f6\" data-element_type=\"widget\" data-settings=\"{&quot;_animation&quot;:&quot;opal-move-left&quot;}\" data-widget_type=\"text-editor.default\">\n\t\t\t\t\t\t\t\t\t<p><strong><span dir=\"auto\"><span class=\"\" dir=\"auto\">Silvester na Jahorine \u2013 Ide\u00e1lna destin\u00e1cia na zimn\u00fd Silvester.<\/span><\/span><\/strong><\/p><p><span dir=\"auto\"><span class=\"\" dir=\"auto\">Jahorina je jedn\u00fdm z najob\u013e\u00fabenej\u0161\u00edch ly\u017eiarskych stred\u00edsk v regi\u00f3ne a Silvester v tejto olympijskej kr\u00e1ske pon\u00faka v\u0161etk\u00fdm n\u00e1v\u0161tevn\u00edkom nezabudnute\u013en\u00fd z\u00e1\u017eitok. V\u010faka vynikaj\u00facej ponuke ubytovania, z\u00e1bavn\u00fdch podujat\u00ed a zimn\u00fdch aktiv\u00edt je Jahorina ide\u00e1lnou vo\u013ebou pre t\u00fdch, ktor\u00ed chc\u00fa spoji\u0165 ly\u017eova\u010dku a sl\u00e1vnostn\u00fa atmosf\u00e9ru.<\/span><\/span><\/p>\t\t\t\t\t\t\t\t<\/div>\n\t\t\t\t<\/div>\n\t\t\t\t<\/div>\n\t\t<div class=\"elementor-element elementor-element-300ae1a e-con-full e-flex e-con e-child\" data-id=\"300ae1a\" data-element_type=\"container\">\n\t\t<div class=\"elementor-element elementor-element-70f5e3f e-con-full e-flex e-con e-child\" data-id=\"70f5e3f\" data-element_type=\"container\">\n\t\t\t\t<div class=\"elementor-element elementor-element-67151ae elementor-invisible elementor-widget elementor-widget-n-accordion\" data-id=\"67151ae\" data-element_type=\"widget\" data-settings=\"{&quot;_animation&quot;:&quot;opal-move-right&quot;,&quot;default_state&quot;:&quot;all_collapsed&quot;,&quot;max_items_expended&quot;:&quot;one&quot;,&quot;n_accordion_animation_duration&quot;:{&quot;unit&quot;:&quot;ms&quot;,&quot;size&quot;:400,&quot;sizes&quot;:[]}}\" data-widget_type=\"nested-accordion.default\">\n\t\t\t\t\t\t\t<div class=\"e-n-accordion\" aria-label=\"Accordion. Open links with Enter or Space, close with Escape, and navigate with Arrow Keys\">\n\t\t\t\t\t\t<details id=\"e-n-accordion-item-1080\" class=\"e-n-accordion-item\" >\n\t\t\t\t<summary class=\"e-n-accordion-item-title\" data-accordion-index=\"1\" tabindex=\"0\" aria-expanded=\"false\" aria-controls=\"e-n-accordion-item-1080\" >\n\t\t\t\t\t<span class='e-n-accordion-item-title-header'><div class=\"e-n-accordion-item-title-text\"> Ubytovanie na Nov\u00fd rok <\/div><\/span>\n\t\t\t\t\t\t\t<span class='e-n-accordion-item-title-icon'>\n\t\t\t<span class='e-opened' ><i aria-hidden=\"true\" class=\"antra-icon- antra-icon-minus\"><\/i><\/span>\n\t\t\t<span class='e-closed'><i aria-hidden=\"true\" class=\"antra-icon- antra-icon-plus\"><\/i><\/span>\n\t\t<\/span>\n\n\t\t\t\t\t\t<\/summary>\n\t\t\t\t<div role=\"region\" aria-labelledby=\"e-n-accordion-item-1080\" class=\"elementor-element elementor-element-efa299f e-con-full e-flex e-con e-child\" data-id=\"efa299f\" data-element_type=\"container\">\n\t\t\t\t<div class=\"elementor-element elementor-element-bf5b1c6 elementor-widget__width-initial elementor-widget elementor-widget-text-editor\" data-id=\"bf5b1c6\" data-element_type=\"widget\" data-widget_type=\"text-editor.default\">\n\t\t\t\t\t\t\t\t\t<ol><li><p><strong><span dir=\"auto\">Hotely<\/span><\/strong><span dir=\"auto\">\u00a0\u00a0: Mnoh\u00e9 hotely na Jahorine pon\u00fakaj\u00fa \u0161peci\u00e1lne silvestrovsk\u00e9 bal\u00ed\u010dky. Ponuky \u010dasto zah\u0155\u0148aj\u00fa:<\/span><\/p><ul><li><span dir=\"auto\">Noc\u013eah s ra\u0148ajkami.<\/span><\/li><li><span dir=\"auto\">Sl\u00e1vnostn\u00e1 ve\u010dera so z\u00e1bavn\u00fdm programom.<\/span><\/li><li><span dir=\"auto\">Pr\u00edstup do wellness centier.<\/span><\/li><li><span dir=\"auto\">Ceny za\u010d\u00ednaj\u00fa na 1450 KM za tri a\u017e \u0161tyri noci pre dve osoby.<\/span><br \/><br \/><\/li><\/ul><\/li><li><p><strong><span dir=\"auto\">Apartm\u00e1ny<\/span><\/strong><span dir=\"auto\">\u00a0\u00a0: Luxusn\u00e9 apartm\u00e1ny, ako napr\u00edklad\u00a0\u00a0\u00a0<\/span><a href=\"https:\/\/translate.google.com\/website?sl=hr&amp;tl=sk&amp;hl=en&amp;client=webapp&amp;u=https:\/\/translate.google.com\/website?sl%3Dhr%26tl%3Dsl%26hl%3Den%26client%3Dwebapp%26u%3Dhttps:\/\/apartments-jahorina.com\/apartmani-jahorina\/\"><strong><span dir=\"auto\">Bestblick Apartments,<\/span><\/strong><\/a><span dir=\"auto\">\u00a0\u00a0\u00a0pon\u00fakaj\u00fa pohodln\u00e9 a modern\u00e9 ubytovanie, ide\u00e1lne pre p\u00e1ry alebo mal\u00e9 skupiny. S\u00fa vybaven\u00e9 v\u0161etk\u00fdm potrebn\u00fdm komfortom pre relaxa\u010dn\u00fd pobyt.<\/span><\/p><\/li><li><p><strong><span dir=\"auto\">Chatky<\/span><\/strong><span dir=\"auto\">\u00a0\u00a0: Pre milovn\u00edkov s\u00fakromia a pr\u00edrody pon\u00fakaj\u00fa chatky rustik\u00e1lny \u0161arm s modern\u00fdm vybaven\u00edm a kapacitou a\u017e pre osem os\u00f4b.<\/span><\/p><\/li><\/ol>\t\t\t\t\t\t\t\t<\/div>\n\t\t\t\t<\/div>\n\t\t\t\t\t<\/details>\n\t\t\t\t\t\t<details id=\"e-n-accordion-item-1081\" class=\"e-n-accordion-item\" >\n\t\t\t\t<summary class=\"e-n-accordion-item-title\" data-accordion-index=\"2\" tabindex=\"-1\" aria-expanded=\"false\" aria-controls=\"e-n-accordion-item-1081\" >\n\t\t\t\t\t<span class='e-n-accordion-item-title-header'><div class=\"e-n-accordion-item-title-text\"> Z\u00e1bavn\u00fd program a aktivity <\/div><\/span>\n\t\t\t\t\t\t\t<span class='e-n-accordion-item-title-icon'>\n\t\t\t<span class='e-opened' ><i aria-hidden=\"true\" class=\"antra-icon- antra-icon-minus\"><\/i><\/span>\n\t\t\t<span class='e-closed'><i aria-hidden=\"true\" class=\"antra-icon- antra-icon-plus\"><\/i><\/span>\n\t\t<\/span>\n\n\t\t\t\t\t\t<\/summary>\n\t\t\t\t<div role=\"region\" aria-labelledby=\"e-n-accordion-item-1081\" class=\"elementor-element elementor-element-f0098d4 e-con-full e-flex e-con e-child\" data-id=\"f0098d4\" data-element_type=\"container\">\n\t\t\t\t<div class=\"elementor-element elementor-element-6580925 elementor-widget__width-initial elementor-widget elementor-widget-text-editor\" data-id=\"6580925\" data-element_type=\"widget\" data-widget_type=\"text-editor.default\">\n\t\t\t\t\t\t\t\t\t<ul><li><strong><span dir=\"auto\"><span dir=\"auto\"><span dir=\"auto\"><span dir=\"auto\">Oslava Silvestra<\/span><\/span><\/span><\/span><\/strong><span dir=\"auto\"><span dir=\"auto\"><span dir=\"auto\"><span dir=\"auto\">\u00a0\u00a0: Hotely a re\u0161taur\u00e1cie organizuj\u00fa ve\u010dierky so \u017eivou hudbou, DJmi a ve\u013ekolep\u00fdm oh\u0148ostrojom.<\/span><\/span><\/span><\/span><\/li><li><strong><span dir=\"auto\"><span dir=\"auto\"><span dir=\"auto\"><span dir=\"auto\">Ly\u017eovanie a snowboarding<\/span><\/span><\/span><\/span><\/strong><span dir=\"auto\"><span dir=\"auto\"><span dir=\"auto\"><span dir=\"auto\">\u00a0\u00a0: Jahorina pon\u00faka 47 kilometrov upravovan\u00fdch trat\u00ed vr\u00e1tane ve\u010dern\u00e9ho ly\u017eovania.<\/span><\/span><\/span><\/span><\/li><li><strong><span dir=\"auto\"><span dir=\"auto\"><span dir=\"auto\"><span dir=\"auto\">Z\u00e1bava po ly\u017eova\u010dke<\/span><\/span><\/span><\/span><\/strong><span dir=\"auto\"><span dir=\"auto\"><span dir=\"auto\"><span dir=\"auto\">\u00a0\u00a0: Po ly\u017eova\u010dke si n\u00e1v\u0161tevn\u00edci m\u00f4\u017eu vychutna\u0165 tepl\u00e9 n\u00e1poje a miestne \u0161peciality v horsk\u00fdch baroch.<\/span><\/span><\/span><\/span><\/li><\/ul>\t\t\t\t\t\t\t\t<\/div>\n\t\t\t\t<\/div>\n\t\t\t\t\t<\/details>\n\t\t\t\t\t\t<details id=\"e-n-accordion-item-1082\" class=\"e-n-accordion-item\" >\n\t\t\t\t<summary class=\"e-n-accordion-item-title\" data-accordion-index=\"3\" tabindex=\"-1\" aria-expanded=\"false\" aria-controls=\"e-n-accordion-item-1082\" >\n\t\t\t\t\t<span class='e-n-accordion-item-title-header'><div class=\"e-n-accordion-item-title-text\"> Tipy pre n\u00e1v\u0161tevn\u00edkov <\/div><\/span>\n\t\t\t\t\t\t\t<span class='e-n-accordion-item-title-icon'>\n\t\t\t<span class='e-opened' ><i aria-hidden=\"true\" class=\"antra-icon- antra-icon-minus\"><\/i><\/span>\n\t\t\t<span class='e-closed'><i aria-hidden=\"true\" class=\"antra-icon- antra-icon-plus\"><\/i><\/span>\n\t\t<\/span>\n\n\t\t\t\t\t\t<\/summary>\n\t\t\t\t<div role=\"region\" aria-labelledby=\"e-n-accordion-item-1082\" class=\"elementor-element elementor-element-5471b18 e-con-full e-flex e-con e-child\" data-id=\"5471b18\" data-element_type=\"container\">\n\t\t\t\t<div class=\"elementor-element elementor-element-9cf7c35 elementor-widget__width-initial elementor-widget elementor-widget-text-editor\" data-id=\"9cf7c35\" data-element_type=\"widget\" data-widget_type=\"text-editor.default\">\n\t\t\t\t\t\t\t\t\t<ul><li><strong><span dir=\"auto\">Rezervujte si vopred<\/span><\/strong><span dir=\"auto\">\u00a0\u00a0: Vzh\u013eadom na vysok\u00fd dopyt sa miesta r\u00fdchlo zap\u013a\u0148aj\u00fa.<\/span><\/li><li><strong><span dir=\"auto\">Skupinov\u00e9 bal\u00ed\u010dky<\/span><\/strong><span dir=\"auto\">\u00a0\u00a0: Mnoh\u00e9 hotely pon\u00fakaj\u00fa z\u013eavy pre deti, ale pre najmen\u0161\u00edch ubytovanie zdarma.<\/span><\/li><li><strong><span dir=\"auto\">Pripravte sa na zimn\u00e9 podmienky<\/span><\/strong><span dir=\"auto\">\u00a0\u00a0: Prineste si tepl\u00e9 oble\u010denie a vhodn\u00e9 vybavenie na horsk\u00e9 aktivity.<\/span><\/li><\/ul>\t\t\t\t\t\t\t\t<\/div>\n\t\t\t\t<\/div>\n\t\t\t\t\t<\/details>\n\t\t\t\t\t\t<details id=\"e-n-accordion-item-1083\" class=\"e-n-accordion-item\" >\n\t\t\t\t<summary class=\"e-n-accordion-item-title\" data-accordion-index=\"4\" tabindex=\"-1\" aria-expanded=\"false\" aria-controls=\"e-n-accordion-item-1083\" >\n\t\t\t\t\t<span class='e-n-accordion-item-title-header'><div class=\"e-n-accordion-item-title-text\"> Z\u00e1ver <\/div><\/span>\n\t\t\t\t\t\t\t<span class='e-n-accordion-item-title-icon'>\n\t\t\t<span class='e-opened' ><i aria-hidden=\"true\" class=\"antra-icon- antra-icon-minus\"><\/i><\/span>\n\t\t\t<span class='e-closed'><i aria-hidden=\"true\" class=\"antra-icon- antra-icon-plus\"><\/i><\/span>\n\t\t<\/span>\n\n\t\t\t\t\t\t<\/summary>\n\t\t\t\t<div role=\"region\" aria-labelledby=\"e-n-accordion-item-1083\" class=\"elementor-element elementor-element-0f421d8 e-con-full e-flex e-con e-child\" data-id=\"0f421d8\" data-element_type=\"container\">\n\t\t\t\t<div class=\"elementor-element elementor-element-f71324c elementor-widget__width-initial elementor-widget elementor-widget-text-editor\" data-id=\"f71324c\" data-element_type=\"widget\" data-widget_type=\"text-editor.default\">\n\t\t\t\t\t\t\t\t\t<p>Silvester na Jahorine sp\u00e1ja zimn\u00e9 k\u00fazlo, \u0161portov\u00e9 aktivity a \u0161pi\u010dkov\u00fa z\u00e1bavu. \u010ci u\u017e h\u013ead\u00e1te luxusn\u00e9 ubytovanie, dobrodru\u017en\u00e9 aktivity alebo relaxa\u010dn\u00fd pobyt v pr\u00edrode, Jahorina m\u00e1 v\u0161etko, \u010do potrebujete.<\/p>\t\t\t\t\t\t\t\t<\/div>\n\t\t\t\t<\/div>\n\t\t\t\t\t<\/details>\n\t\t\t\t\t<\/div>\n\t\t\t\t\t\t<\/div>\n\t\t\t\t<\/div>\n\t\t<div class=\"elementor-element elementor-element-7c44126 e-con-full e-flex e-con e-child\" data-id=\"7c44126\" data-element_type=\"container\">\n\t\t\t\t<div class=\"elementor-element elementor-element-5b562f9 elementor-invisible elementor-widget elementor-widget-image\" data-id=\"5b562f9\" data-element_type=\"widget\" data-settings=\"{&quot;_animation&quot;:&quot;opal-move-left&quot;}\" data-widget_type=\"image.default\">\n\t\t\t\t\t<div class=\"antra-wrapper-image-widget\" data-cursor=\"-opaque\">\t\t\t\t\t\t\t\t\t\t<img loading=\"lazy\" decoding=\"async\" width=\"1920\" height=\"2560\" src=\"https:\/\/apartments-jahorina.com\/wp-content\/uploads\/2025\/11\/IMG_6802-scaled.jpg\" class=\"attachment-full size-full wp-image-11011\" alt=\"\" srcset=\"https:\/\/apartments-jahorina.com\/wp-content\/uploads\/2025\/11\/IMG_6802-scaled.jpg 1920w, https:\/\/apartments-jahorina.com\/wp-content\/uploads\/2025\/11\/IMG_6802-225x300.jpg 225w, https:\/\/apartments-jahorina.com\/wp-content\/uploads\/2025\/11\/IMG_6802-768x1024.jpg 768w, https:\/\/apartments-jahorina.com\/wp-content\/uploads\/2025\/11\/IMG_6802-1152x1536.jpg 1152w, https:\/\/apartments-jahorina.com\/wp-content\/uploads\/2025\/11\/IMG_6802-1536x2048.jpg 1536w, https:\/\/apartments-jahorina.com\/wp-content\/uploads\/2025\/11\/IMG_6802-472x629.jpg 472w, https:\/\/apartments-jahorina.com\/wp-content\/uploads\/2025\/11\/IMG_6802-1000x1333.jpg 1000w\" sizes=\"(max-width: 1920px) 100vw, 1920px\" \/>\t\t\t\t\t\t\t\t\t\t\t<\/div>\t\t\t\t<\/div>\n\t\t\t\t<\/div>\n\t\t\t\t<\/div>\n\t\t\t\t\t<\/div>\n\t\t\t\t<\/div>\n\t\t\t\t<\/div>\n\t\t","protected":false},"excerpt":{"rendered":"<p>Nov\u00fd rok na Jahorine \u2013 Podrobn\u00fd sprievodca pre dokonal\u00fa zimn\u00fa dovolenku Silvester na Jahorine \u2013 Ide\u00e1lna destin\u00e1cia na zimn\u00fd Silvester. Jahorina je jedn\u00fdm z najob\u013e\u00fabenej\u0161\u00edch ly\u017eiarskych stred\u00edsk v regi\u00f3ne a Silvester v tejto olympijskej kr\u00e1ske pon\u00faka v\u0161etk\u00fdm n\u00e1v\u0161tevn\u00edkom nezabudnute\u013en\u00fd z\u00e1\u017eitok. V\u010faka vynikaj\u00facej ponuke ubytovania, z\u00e1bavn\u00fdch podujat\u00ed a zimn\u00fdch aktiv\u00edt je Jahorina ide\u00e1lnou vo\u013ebou pre t\u00fdch, [&hellip;]<\/p>\n","protected":false},"author":1,"featured_media":0,"parent":0,"menu_order":0,"comment_status":"closed","ping_status":"closed","template":"","meta":{"footnotes":""},"class_list":["post-10052","page","type-page","status-publish","hentry"],"yoast_head":"<!-- This site is optimized with the Yoast SEO plugin v26.4 - https:\/\/yoast.com\/wordpress\/plugins\/seo\/ -->\n<title>Nov\u00fd rok na Jahorine - BESTBLICK Apartments Jahorina<\/title>\n<meta name=\"robots\" content=\"index, follow, max-snippet:-1, max-image-preview:large, max-video-preview:-1\" \/>\n<link rel=\"canonical\" href=\"https:\/\/apartments-jahorina.com\/sk\/novy-rok-na-jahorine\/\" \/>\n<meta property=\"og:locale\" content=\"sk_SK\" \/>\n<meta property=\"og:type\" content=\"article\" \/>\n<meta property=\"og:title\" content=\"Nov\u00fd rok na Jahorine - BESTBLICK Apartments Jahorina\" \/>\n<meta property=\"og:description\" content=\"Nov\u00fd rok na Jahorine \u2013 Podrobn\u00fd sprievodca pre dokonal\u00fa zimn\u00fa dovolenku Silvester na Jahorine \u2013 Ide\u00e1lna destin\u00e1cia na zimn\u00fd Silvester. Jahorina je jedn\u00fdm z najob\u013e\u00fabenej\u0161\u00edch ly\u017eiarskych stred\u00edsk v regi\u00f3ne a Silvester v tejto olympijskej kr\u00e1ske pon\u00faka v\u0161etk\u00fdm n\u00e1v\u0161tevn\u00edkom nezabudnute\u013en\u00fd z\u00e1\u017eitok. V\u010faka vynikaj\u00facej ponuke ubytovania, z\u00e1bavn\u00fdch podujat\u00ed a zimn\u00fdch aktiv\u00edt je Jahorina ide\u00e1lnou vo\u013ebou pre t\u00fdch, [&hellip;]\" \/>\n<meta property=\"og:url\" content=\"https:\/\/apartments-jahorina.com\/sk\/novy-rok-na-jahorine\/\" \/>\n<meta property=\"og:site_name\" content=\"BESTBLICK Apartments Jahorina\" \/>\n<meta property=\"article:modified_time\" content=\"2025-12-16T00:59:47+00:00\" \/>\n<meta property=\"og:image\" content=\"http:\/\/apartments-jahorina.com\/wp-content\/uploads\/2025\/11\/IMG_6802-scaled.jpg\" \/>\n<meta name=\"twitter:card\" content=\"summary_large_image\" \/>\n<meta name=\"twitter:label1\" content=\"Predpokladan\u00fd \u010das \u010d\u00edtania\" \/>\n\t<meta name=\"twitter:data1\" content=\"3 min\u00faty\" \/>\n<script type=\"application\/ld+json\" class=\"yoast-schema-graph\">{\"@context\":\"https:\/\/schema.org\",\"@graph\":[{\"@type\":\"WebPage\",\"@id\":\"https:\/\/apartments-jahorina.com\/sk\/novy-rok-na-jahorine\/\",\"url\":\"https:\/\/apartments-jahorina.com\/sk\/novy-rok-na-jahorine\/\",\"name\":\"Nov\u00fd rok na Jahorine - BESTBLICK Apartments Jahorina\",\"isPartOf\":{\"@id\":\"https:\/\/apartments-jahorina.com\/#website\"},\"primaryImageOfPage\":{\"@id\":\"https:\/\/apartments-jahorina.com\/sk\/novy-rok-na-jahorine\/#primaryimage\"},\"image\":{\"@id\":\"https:\/\/apartments-jahorina.com\/sk\/novy-rok-na-jahorine\/#primaryimage\"},\"thumbnailUrl\":\"http:\/\/apartments-jahorina.com\/wp-content\/uploads\/2025\/11\/IMG_6802-scaled.jpg\",\"datePublished\":\"2025-11-30T18:18:56+00:00\",\"dateModified\":\"2025-12-16T00:59:47+00:00\",\"breadcrumb\":{\"@id\":\"https:\/\/apartments-jahorina.com\/sk\/novy-rok-na-jahorine\/#breadcrumb\"},\"inLanguage\":\"sk-SK\",\"potentialAction\":[{\"@type\":\"ReadAction\",\"target\":[\"https:\/\/apartments-jahorina.com\/sk\/novy-rok-na-jahorine\/\"]}]},{\"@type\":\"ImageObject\",\"inLanguage\":\"sk-SK\",\"@id\":\"https:\/\/apartments-jahorina.com\/sk\/novy-rok-na-jahorine\/#primaryimage\",\"url\":\"http:\/\/apartments-jahorina.com\/wp-content\/uploads\/2025\/11\/IMG_6802-scaled.jpg\",\"contentUrl\":\"http:\/\/apartments-jahorina.com\/wp-content\/uploads\/2025\/11\/IMG_6802-scaled.jpg\"},{\"@type\":\"BreadcrumbList\",\"@id\":\"https:\/\/apartments-jahorina.com\/sk\/novy-rok-na-jahorine\/#breadcrumb\",\"itemListElement\":[{\"@type\":\"ListItem\",\"position\":1,\"name\":\"Home\",\"item\":\"https:\/\/apartments-jahorina.com\/sk\/\"},{\"@type\":\"ListItem\",\"position\":2,\"name\":\"Nov\u00fd rok na Jahorine\"}]},{\"@type\":\"WebSite\",\"@id\":\"https:\/\/apartments-jahorina.com\/#website\",\"url\":\"https:\/\/apartments-jahorina.com\/\",\"name\":\"BESTBLICK Apartments Jahorina\",\"description\":\"Moderni apartmani s pogledom na ski-stazu\",\"potentialAction\":[{\"@type\":\"SearchAction\",\"target\":{\"@type\":\"EntryPoint\",\"urlTemplate\":\"https:\/\/apartments-jahorina.com\/?s={search_term_string}\"},\"query-input\":{\"@type\":\"PropertyValueSpecification\",\"valueRequired\":true,\"valueName\":\"search_term_string\"}}],\"inLanguage\":\"sk-SK\"}]}<\/script>\n<!-- \/ Yoast SEO plugin. -->","yoast_head_json":{"title":"Nov\u00fd rok na Jahorine - BESTBLICK Apartments Jahorina","robots":{"index":"index","follow":"follow","max-snippet":"max-snippet:-1","max-image-preview":"max-image-preview:large","max-video-preview":"max-video-preview:-1"},"canonical":"https:\/\/apartments-jahorina.com\/sk\/novy-rok-na-jahorine\/","og_locale":"sk_SK","og_type":"article","og_title":"Nov\u00fd rok na Jahorine - BESTBLICK Apartments Jahorina","og_description":"Nov\u00fd rok na Jahorine \u2013 Podrobn\u00fd sprievodca pre dokonal\u00fa zimn\u00fa dovolenku Silvester na Jahorine \u2013 Ide\u00e1lna destin\u00e1cia na zimn\u00fd Silvester. Jahorina je jedn\u00fdm z najob\u013e\u00fabenej\u0161\u00edch ly\u017eiarskych stred\u00edsk v regi\u00f3ne a Silvester v tejto olympijskej kr\u00e1ske pon\u00faka v\u0161etk\u00fdm n\u00e1v\u0161tevn\u00edkom nezabudnute\u013en\u00fd z\u00e1\u017eitok. V\u010faka vynikaj\u00facej ponuke ubytovania, z\u00e1bavn\u00fdch podujat\u00ed a zimn\u00fdch aktiv\u00edt je Jahorina ide\u00e1lnou vo\u013ebou pre t\u00fdch, [&hellip;]","og_url":"https:\/\/apartments-jahorina.com\/sk\/novy-rok-na-jahorine\/","og_site_name":"BESTBLICK Apartments Jahorina","article_modified_time":"2025-12-16T00:59:47+00:00","og_image":[{"url":"http:\/\/apartments-jahorina.com\/wp-content\/uploads\/2025\/11\/IMG_6802-scaled.jpg","type":"","width":"","height":""}],"twitter_card":"summary_large_image","twitter_misc":{"Predpokladan\u00fd \u010das \u010d\u00edtania":"3 min\u00faty"},"schema":{"@context":"https:\/\/schema.org","@graph":[{"@type":"WebPage","@id":"https:\/\/apartments-jahorina.com\/sk\/novy-rok-na-jahorine\/","url":"https:\/\/apartments-jahorina.com\/sk\/novy-rok-na-jahorine\/","name":"Nov\u00fd rok na Jahorine - BESTBLICK Apartments Jahorina","isPartOf":{"@id":"https:\/\/apartments-jahorina.com\/#website"},"primaryImageOfPage":{"@id":"https:\/\/apartments-jahorina.com\/sk\/novy-rok-na-jahorine\/#primaryimage"},"image":{"@id":"https:\/\/apartments-jahorina.com\/sk\/novy-rok-na-jahorine\/#primaryimage"},"thumbnailUrl":"http:\/\/apartments-jahorina.com\/wp-content\/uploads\/2025\/11\/IMG_6802-scaled.jpg","datePublished":"2025-11-30T18:18:56+00:00","dateModified":"2025-12-16T00:59:47+00:00","breadcrumb":{"@id":"https:\/\/apartments-jahorina.com\/sk\/novy-rok-na-jahorine\/#breadcrumb"},"inLanguage":"sk-SK","potentialAction":[{"@type":"ReadAction","target":["https:\/\/apartments-jahorina.com\/sk\/novy-rok-na-jahorine\/"]}]},{"@type":"ImageObject","inLanguage":"sk-SK","@id":"https:\/\/apartments-jahorina.com\/sk\/novy-rok-na-jahorine\/#primaryimage","url":"http:\/\/apartments-jahorina.com\/wp-content\/uploads\/2025\/11\/IMG_6802-scaled.jpg","contentUrl":"http:\/\/apartments-jahorina.com\/wp-content\/uploads\/2025\/11\/IMG_6802-scaled.jpg"},{"@type":"BreadcrumbList","@id":"https:\/\/apartments-jahorina.com\/sk\/novy-rok-na-jahorine\/#breadcrumb","itemListElement":[{"@type":"ListItem","position":1,"name":"Home","item":"https:\/\/apartments-jahorina.com\/sk\/"},{"@type":"ListItem","position":2,"name":"Nov\u00fd rok na Jahorine"}]},{"@type":"WebSite","@id":"https:\/\/apartments-jahorina.com\/#website","url":"https:\/\/apartments-jahorina.com\/","name":"BESTBLICK Apartments Jahorina","description":"Moderni apartmani s pogledom na ski-stazu","potentialAction":[{"@type":"SearchAction","target":{"@type":"EntryPoint","urlTemplate":"https:\/\/apartments-jahorina.com\/?s={search_term_string}"},"query-input":{"@type":"PropertyValueSpecification","valueRequired":true,"valueName":"search_term_string"}}],"inLanguage":"sk-SK"}]}},"_links":{"self":[{"href":"https:\/\/apartments-jahorina.com\/sk\/wp-json\/wp\/v2\/pages\/10052","targetHints":{"allow":["GET"]}}],"collection":[{"href":"https:\/\/apartments-jahorina.com\/sk\/wp-json\/wp\/v2\/pages"}],"about":[{"href":"https:\/\/apartments-jahorina.com\/sk\/wp-json\/wp\/v2\/types\/page"}],"author":[{"embeddable":true,"href":"https:\/\/apartments-jahorina.com\/sk\/wp-json\/wp\/v2\/users\/1"}],"replies":[{"embeddable":true,"href":"https:\/\/apartments-jahorina.com\/sk\/wp-json\/wp\/v2\/comments?post=10052"}],"version-history":[{"count":10,"href":"https:\/\/apartments-jahorina.com\/sk\/wp-json\/wp\/v2\/pages\/10052\/revisions"}],"predecessor-version":[{"id":12775,"href":"https:\/\/apartments-jahorina.com\/sk\/wp-json\/wp\/v2\/pages\/10052\/revisions\/12775"}],"wp:attachment":[{"href":"https:\/\/apartments-jahorina.com\/sk\/wp-json\/wp\/v2\/media?parent=10052"}],"curies":[{"name":"wp","href":"https:\/\/api.w.org\/{rel}","templated":true}]}}