{"id":10064,"date":"2025-11-30T18:10:03","date_gmt":"2025-11-30T18:10:03","guid":{"rendered":"http:\/\/apartments-jahorina.com\/cijene-apartmana-jahorina\/"},"modified":"2025-12-16T01:01:03","modified_gmt":"2025-12-16T01:01:03","slug":"ceny-apartmanov-jahorina","status":"publish","type":"page","link":"https:\/\/apartments-jahorina.com\/sk\/ceny-apartmanov-jahorina\/","title":{"rendered":"Ceny apartm\u00e1nov Jahorina"},"content":{"rendered":"\t\t<div data-elementor-type=\"wp-page\" data-elementor-id=\"10064\" class=\"elementor elementor-10064 elementor-9843\">\n\t\t\t\t<div class=\"elementor-element elementor-element-12b6bd6 e-flex e-con-boxed e-con e-parent\" data-id=\"12b6bd6\" data-element_type=\"container\">\n\t\t\t\t\t<div class=\"e-con-inner\">\n\t\t<div class=\"elementor-element elementor-element-7b8b529 e-con-full e-flex e-con e-child\" data-id=\"7b8b529\" data-element_type=\"container\">\n\t\t<div class=\"elementor-element elementor-element-52f5450 e-con-full e-flex e-con e-child\" data-id=\"52f5450\" data-element_type=\"container\">\n\t\t\t\t<div class=\"elementor-element elementor-element-ef7ac5e elementor-absolute elementor-hidden-mobile elementor-view-default elementor-invisible elementor-widget elementor-widget-icon\" data-id=\"ef7ac5e\" data-element_type=\"widget\" data-settings=\"{&quot;_position&quot;:&quot;absolute&quot;,&quot;motion_fx_motion_fx_scrolling&quot;:&quot;yes&quot;,&quot;motion_fx_translateX_effect&quot;:&quot;yes&quot;,&quot;motion_fx_translateX_speed&quot;:{&quot;unit&quot;:&quot;px&quot;,&quot;size&quot;:1.5,&quot;sizes&quot;:[]},&quot;_animation&quot;:&quot;opal-move-right&quot;,&quot;motion_fx_translateX_affectedRange&quot;:{&quot;unit&quot;:&quot;%&quot;,&quot;size&quot;:&quot;&quot;,&quot;sizes&quot;:{&quot;start&quot;:0,&quot;end&quot;:100}},&quot;motion_fx_devices&quot;:[&quot;desktop&quot;,&quot;laptop&quot;,&quot;tablet_extra&quot;,&quot;tablet&quot;,&quot;mobile_extra&quot;,&quot;mobile&quot;]}\" data-widget_type=\"icon.default\">\n\t\t\t\t\t\t\t<div class=\"elementor-icon-wrapper\">\n\t\t\t<div class=\"elementor-icon\">\n\t\t\t\t\t\t<\/div>\n\t\t<\/div>\n\t\t\t\t\t\t<\/div>\n\t\t\t\t<div class=\"elementor-element elementor-element-7a3b481 elementor-widget__width-auto elementor-absolute elementor-hidden-mobile elementor-view-default elementor-invisible elementor-widget elementor-widget-icon\" data-id=\"7a3b481\" data-element_type=\"widget\" data-settings=\"{&quot;_position&quot;:&quot;absolute&quot;,&quot;motion_fx_motion_fx_scrolling&quot;:&quot;yes&quot;,&quot;motion_fx_translateY_effect&quot;:&quot;yes&quot;,&quot;motion_fx_translateY_direction&quot;:&quot;negative&quot;,&quot;motion_fx_translateY_speed&quot;:{&quot;unit&quot;:&quot;px&quot;,&quot;size&quot;:1.2,&quot;sizes&quot;:[]},&quot;_animation&quot;:&quot;opal-move-down&quot;,&quot;motion_fx_translateY_affectedRange&quot;:{&quot;unit&quot;:&quot;%&quot;,&quot;size&quot;:&quot;&quot;,&quot;sizes&quot;:{&quot;start&quot;:0,&quot;end&quot;:100}},&quot;motion_fx_devices&quot;:[&quot;desktop&quot;,&quot;laptop&quot;,&quot;tablet_extra&quot;,&quot;tablet&quot;,&quot;mobile_extra&quot;,&quot;mobile&quot;]}\" data-widget_type=\"icon.default\">\n\t\t\t\t\t\t\t<div class=\"elementor-icon-wrapper\">\n\t\t\t<div class=\"elementor-icon\">\n\t\t\t\t\t\t<\/div>\n\t\t<\/div>\n\t\t\t\t\t\t<\/div>\n\t\t\t\t<\/div>\n\t\t<div class=\"elementor-element elementor-element-4e0b3cc e-con-full e-flex e-con e-child\" data-id=\"4e0b3cc\" data-element_type=\"container\">\n\t\t\t\t<div class=\"elementor-element elementor-element-6bc46d3 elementor-widget__width-initial elementor-invisible elementor-widget elementor-widget-heading\" data-id=\"6bc46d3\" data-element_type=\"widget\" data-settings=\"{&quot;_animation&quot;:&quot;opal-move-left&quot;}\" data-widget_type=\"heading.default\">\n\t\t\t\t\t<h2 data-cursor=\"-opaque\" class=\"elementor-heading-title elementor-size-default\">Ceny apartm\u00e1nov Jahorina \u2013  <span class=\"c-primary\">Bestblick Apartm\u00e1ny<\/span><\/h2>\t\t\t\t<\/div>\n\t\t\t\t<div class=\"elementor-element elementor-element-4aa09f6 elementor-widget__width-initial elementor-invisible elementor-widget elementor-widget-text-editor\" data-id=\"4aa09f6\" data-element_type=\"widget\" data-settings=\"{&quot;_animation&quot;:&quot;opal-move-left&quot;}\" data-widget_type=\"text-editor.default\">\n\t\t\t\t\t\t\t\t\t<p>Jahorina, jedna z najob\u013e\u00fabenej\u0161\u00edch ly\u017eiarskych destin\u00e1ci\u00ed v Bosne a Hercegovine, pri\u0165ahuje ka\u017ed\u00fa zimu tis\u00edce turistov a apartm\u00e1ny s\u00fa naj\u010dastej\u0161ie volen\u00fdm typom ubytovania v\u010faka svojej dostupnosti a pohodliu. Ceny apartm\u00e1nov v Jahorine sa l\u00ed\u0161ia v z\u00e1vislosti od ro\u010dn\u00e9ho obdobia, bl\u00edzkosti zjazdoviek, pohodlia a \u010fal\u0161\u00edch vymo\u017eenost\u00ed.<\/p>\t\t\t\t\t\t\t\t<\/div>\n\t\t\t\t<\/div>\n\t\t\t\t<\/div>\n\t\t<div class=\"elementor-element elementor-element-300ae1a e-con-full e-flex e-con e-child\" data-id=\"300ae1a\" data-element_type=\"container\">\n\t\t<div class=\"elementor-element elementor-element-70f5e3f e-con-full e-flex e-con e-child\" data-id=\"70f5e3f\" data-element_type=\"container\">\n\t\t\t\t<div class=\"elementor-element elementor-element-67151ae elementor-invisible elementor-widget elementor-widget-n-accordion\" data-id=\"67151ae\" data-element_type=\"widget\" data-settings=\"{&quot;_animation&quot;:&quot;opal-move-right&quot;,&quot;default_state&quot;:&quot;all_collapsed&quot;,&quot;max_items_expended&quot;:&quot;one&quot;,&quot;n_accordion_animation_duration&quot;:{&quot;unit&quot;:&quot;ms&quot;,&quot;size&quot;:400,&quot;sizes&quot;:[]}}\" data-widget_type=\"nested-accordion.default\">\n\t\t\t\t\t\t\t<div class=\"e-n-accordion\" aria-label=\"Accordion. Open links with Enter or Space, close with Escape, and navigate with Arrow Keys\">\n\t\t\t\t\t\t<details id=\"e-n-accordion-item-1080\" class=\"e-n-accordion-item\" >\n\t\t\t\t<summary class=\"e-n-accordion-item-title\" data-accordion-index=\"1\" tabindex=\"0\" aria-expanded=\"false\" aria-controls=\"e-n-accordion-item-1080\" >\n\t\t\t\t\t<span class='e-n-accordion-item-title-header'><div class=\"e-n-accordion-item-title-text\"> Preh\u013ead cien pod\u013ea typov apartm\u00e1nov <\/div><\/span>\n\t\t\t\t\t\t\t<span class='e-n-accordion-item-title-icon'>\n\t\t\t<span class='e-opened' ><i aria-hidden=\"true\" class=\"antra-icon- antra-icon-minus\"><\/i><\/span>\n\t\t\t<span class='e-closed'><i aria-hidden=\"true\" class=\"antra-icon- antra-icon-plus\"><\/i><\/span>\n\t\t<\/span>\n\n\t\t\t\t\t\t<\/summary>\n\t\t\t\t<div role=\"region\" aria-labelledby=\"e-n-accordion-item-1080\" class=\"elementor-element elementor-element-efa299f e-con-full e-flex e-con e-child\" data-id=\"efa299f\" data-element_type=\"container\">\n\t\t\t\t<div class=\"elementor-element elementor-element-bf5b1c6 elementor-widget__width-initial elementor-widget elementor-widget-text-editor\" data-id=\"bf5b1c6\" data-element_type=\"widget\" data-widget_type=\"text-editor.default\">\n\t\t\t\t\t\t\t\t\t<ol><li><p><strong><span dir=\"auto\">Z\u00e1kladn\u00e9 apartm\u00e1ny (60 \u2013 80 eur za noc)<\/span><\/strong><br \/><span dir=\"auto\">Tieto apartm\u00e1ny zvy\u010dajne pon\u00fakaj\u00fa z\u00e1kladn\u00e9 vybavenie, ako je bezplatn\u00e9 Wi-Fi, k\u00farenie a parkovanie. Nach\u00e1dzaj\u00fa sa \u010falej od ly\u017eiarskych stred\u00edsk, ale st\u00e1le s\u00fa ve\u013emi ob\u013e\u00faben\u00e9 medzi hos\u0165ami s obmedzen\u00fdm rozpo\u010dtom. S\u00fa ide\u00e1lnou vo\u013ebou pre p\u00e1ry alebo men\u0161ie skupiny, ktor\u00e9 chc\u00fa cenovo dostupn\u00e9\u00a0\u00a0\u00a0<\/span><a href=\"https:\/\/translate.google.com\/website?sl=hr&amp;tl=sk&amp;hl=en&amp;client=webapp&amp;u=https:\/\/translate.google.com\/website?sl%3Dhr%26tl%3Dsl%26hl%3Den%26client%3Dwebapp%26u%3Dhttps:\/\/apartments-jahorina.com\/smjestaj-jahorina\/\"><span dir=\"auto\">ubytovanie<\/span><\/a><span dir=\"auto\">\u00a0\u00a0\u00a0a s\u00fakromie.<\/span><\/p><\/li><li><p><strong><span dir=\"auto\">\u0160tandardn\u00e9 apartm\u00e1ny (80 \u2013 100 eur za noc)<\/span><\/strong><br \/><span dir=\"auto\">Tieto apartm\u00e1ny pon\u00fakaj\u00fa v\u00e4\u010d\u0161ie pohodlie a mnoh\u00e9 sa nach\u00e1dzaj\u00fa bli\u017e\u0161ie k lanovk\u00e1m a hlavn\u00fdm tras\u00e1m. Maj\u00fa \u010fal\u0161ie vymo\u017eenosti, ako s\u00fa modern\u00e9 kuchyne, priestrann\u00e9 ob\u00fdvacie izby a v\u00fdh\u013ead na vrcholky h\u00f4r. Mnoh\u00e9 s\u00fa ur\u010den\u00e9 pre firmy a mal\u00e9 skupiny s priestorom pre 4 \u2013 6 os\u00f4b, v\u010faka \u010domu s\u00fa cenovo dostupn\u00e9 na zdie\u013eanie n\u00e1kladov.<\/span><\/p><\/li><li><p><strong><span dir=\"auto\">Luxusn\u00e9 apartm\u00e1ny (100 \u2013 200 eur za noc)<\/span><\/strong><br \/><span dir=\"auto\">V hlavnej zimnej sez\u00f3ne pon\u00fakaj\u00fa luxusn\u00e9 apartm\u00e1ny dodato\u010dn\u00e9 pohodlie, ako s\u00fa samostatn\u00e9 sauny, pr\u00edstup do wellness centier, priamy pr\u00edstup na zjazdovky a panoramatick\u00fd v\u00fdh\u013ead. S\u00fa ob\u013e\u00faben\u00e9 medzi turistami, ktor\u00ed h\u013eadaj\u00fa \u0161pi\u010dkov\u00fd z\u00e1\u017eitok a s\u00fa ochotn\u00ed priplati\u0165 si za pohodlie a bl\u00edzkos\u0165 ly\u017eiarskych stred\u00edsk, odkia\u013e sa d\u00e1 ly\u017eova\u0165. Pon\u00fakaj\u00fa tie\u017e vybavenie, ako s\u00fa krby, priestrann\u00e9 terasy a samostatn\u00e9 gar\u00e1\u017ee, v\u010faka \u010domu s\u00fa ide\u00e1lne pre skupiny a rodiny.<\/span><\/p><\/li><\/ol>\t\t\t\t\t\t\t\t<\/div>\n\t\t\t\t<\/div>\n\t\t\t\t\t<\/details>\n\t\t\t\t\t\t<details id=\"e-n-accordion-item-1081\" class=\"e-n-accordion-item\" >\n\t\t\t\t<summary class=\"e-n-accordion-item-title\" data-accordion-index=\"2\" tabindex=\"-1\" aria-expanded=\"false\" aria-controls=\"e-n-accordion-item-1081\" >\n\t\t\t\t\t<span class='e-n-accordion-item-title-header'><div class=\"e-n-accordion-item-title-text\"> Ceny v sez\u00f3ne a mimo sez\u00f3ny <\/div><\/span>\n\t\t\t\t\t\t\t<span class='e-n-accordion-item-title-icon'>\n\t\t\t<span class='e-opened' ><i aria-hidden=\"true\" class=\"antra-icon- antra-icon-minus\"><\/i><\/span>\n\t\t\t<span class='e-closed'><i aria-hidden=\"true\" class=\"antra-icon- antra-icon-plus\"><\/i><\/span>\n\t\t<\/span>\n\n\t\t\t\t\t\t<\/summary>\n\t\t\t\t<div role=\"region\" aria-labelledby=\"e-n-accordion-item-1081\" class=\"elementor-element elementor-element-f0098d4 e-con-full e-flex e-con e-child\" data-id=\"f0098d4\" data-element_type=\"container\">\n\t\t\t\t<div class=\"elementor-element elementor-element-6580925 elementor-widget__width-initial elementor-widget elementor-widget-text-editor\" data-id=\"6580925\" data-element_type=\"widget\" data-widget_type=\"text-editor.default\">\n\t\t\t\t\t\t\t\t\t<p>Ceny apartm\u00e1nov na Jahorine rast\u00fa po\u010das hlavnej zimnej sez\u00f3ny (od decembra do febru\u00e1ra), najm\u00e4 okolo novoro\u010dn\u00fdch sviatkov, ke\u010f je dopyt najvy\u0161\u0161\u00ed. V t\u00fdchto mesiacoch s\u00fa apartm\u00e1ny bli\u017e\u0161ie k ly\u017eiarskemu stredisku \u010dasto drah\u0161ie a maj\u00fa obmedzen\u00fa dostupnos\u0165, preto sa odpor\u00fa\u010da rezervova\u0165 si ich vopred. V mimosez\u00f3ne s\u00fa ceny ni\u017e\u0161ie a \u010dasto kol\u00edsaj\u00fa pribli\u017ene o 20 \u2013 40 % ni\u017e\u0161ie ako v zimn\u00fdch mesiacoch.<\/p>\t\t\t\t\t\t\t\t<\/div>\n\t\t\t\t<\/div>\n\t\t\t\t\t<\/details>\n\t\t\t\t\t\t<details id=\"e-n-accordion-item-1082\" class=\"e-n-accordion-item\" >\n\t\t\t\t<summary class=\"e-n-accordion-item-title\" data-accordion-index=\"3\" tabindex=\"-1\" aria-expanded=\"false\" aria-controls=\"e-n-accordion-item-1082\" >\n\t\t\t\t\t<span class='e-n-accordion-item-title-header'><div class=\"e-n-accordion-item-title-text\"> Ob\u013e\u00faben\u00e9 apartm\u00e1ny a odpor\u00fa\u010dan\u00e9 mo\u017enosti rezerv\u00e1cie <\/div><\/span>\n\t\t\t\t\t\t\t<span class='e-n-accordion-item-title-icon'>\n\t\t\t<span class='e-opened' ><i aria-hidden=\"true\" class=\"antra-icon- antra-icon-minus\"><\/i><\/span>\n\t\t\t<span class='e-closed'><i aria-hidden=\"true\" class=\"antra-icon- antra-icon-plus\"><\/i><\/span>\n\t\t<\/span>\n\n\t\t\t\t\t\t<\/summary>\n\t\t\t\t<div role=\"region\" aria-labelledby=\"e-n-accordion-item-1082\" class=\"elementor-element elementor-element-5471b18 e-con-full e-flex e-con e-child\" data-id=\"5471b18\" data-element_type=\"container\">\n\t\t\t\t<div class=\"elementor-element elementor-element-9cf7c35 elementor-widget__width-initial elementor-widget elementor-widget-text-editor\" data-id=\"9cf7c35\" data-element_type=\"widget\" data-widget_type=\"text-editor.default\">\n\t\t\t\t\t\t\t\t\t<ul><li><strong><span dir=\"auto\">Apartm\u00e1ny Bestblick Jahorina<\/span><\/strong><span dir=\"auto\">\u00a0\u00a0\u00a0&#8211; Apartm\u00e1ny sa nach\u00e1dzaj\u00fa v bl\u00edzkosti zjazdoviek a pon\u00fakaj\u00fa luxusn\u00fd z\u00e1\u017eitok s balk\u00f3nmi, v\u00fdh\u013eadom na zjazdovky, k\u00faren\u00edm a priestrannou ob\u00fdvacou izbou. Ceny za noc sa v hlavnej sez\u00f3ne pohybuj\u00fa od 130 do 200 eur.<\/span><div class=\"relative inline-flex items-center\"><a class=\"flex h-[22px] items-center rounded-xl px-2 text-[0.5em] !font-medium uppercase bg-[#f4f4f4] !text-token-text-secondary hover:bg-token-text-primary hover:!text-token-main-surface-secondary dark:bg-token-main-surface-secondary dark:hover:bg-token-text-primary relative top-[-0.094rem]\" href=\"https:\/\/translate.google.com\/website?sl=hr&amp;tl=sk&amp;hl=en&amp;client=webapp&amp;u=https:\/\/translate.google.com\/website?sl%3Dhr%26tl%3Dsl%26hl%3Den%26client%3Dwebapp%26u%3Dhttps:\/\/www.booking.com\/hotel\/ba\/bestblick-apartments-jahorina-snjezna-dolina.en-gb.html\" target=\"_blank\" rel=\"noopener\"><span class=\"truncate\"><span dir=\"auto\">Booking.com<\/span><\/span><\/a><\/div><span dir=\"auto\">.<\/span><\/li><\/ul><p><span dir=\"auto\">Pre viac inform\u00e1ci\u00ed o aktu\u00e1lnych cen\u00e1ch a dostupnosti sa odpor\u00fa\u010da rezervova\u0165 si ubytovanie prostredn\u00edctvom \u0161pecializovan\u00fdch platforiem, ako je\u00a0\u00a0\u00a0\u00a0<\/span><a href=\"https:\/\/translate.google.com\/website?sl=hr&amp;tl=sk&amp;hl=en&amp;client=webapp&amp;u=https:\/\/translate.google.com\/website?sl%3Dhr%26tl%3Dsl%26hl%3Den%26client%3Dwebapp%26u%3Dhttps:\/\/www.booking.com\/hotel\/ba\/bestblick-apartments-jahorina-snjezna-dolina.en-gb.html\" target=\"_new\" rel=\"noopener\"><span dir=\"auto\">Booking.com,<\/span><\/a><span dir=\"auto\">\u00a0\u00a0\u00a0 kde s\u00fa aktualizovan\u00e9 v\u0161etky ponuky ubytovania a z\u013eavy pre skor\u00e9 rezerv\u00e1cie.<\/span><\/p>\t\t\t\t\t\t\t\t<\/div>\n\t\t\t\t<\/div>\n\t\t\t\t\t<\/details>\n\t\t\t\t\t<\/div>\n\t\t\t\t\t\t<\/div>\n\t\t\t\t<\/div>\n\t\t<div class=\"elementor-element elementor-element-7c44126 e-con-full e-flex e-con e-child\" data-id=\"7c44126\" data-element_type=\"container\">\n\t\t\t\t<div class=\"elementor-element elementor-element-5b562f9 elementor-invisible elementor-widget elementor-widget-image\" data-id=\"5b562f9\" data-element_type=\"widget\" data-settings=\"{&quot;_animation&quot;:&quot;opal-move-left&quot;}\" data-widget_type=\"image.default\">\n\t\t\t\t\t<div class=\"antra-wrapper-image-widget\" data-cursor=\"-opaque\">\t\t\t\t\t\t\t\t\t\t<img loading=\"lazy\" decoding=\"async\" width=\"480\" height=\"540\" src=\"https:\/\/apartments-jahorina.com\/wp-content\/uploads\/2025\/11\/novadesno.jpg\" class=\"attachment-full size-full wp-image-11017\" alt=\"\" srcset=\"https:\/\/apartments-jahorina.com\/wp-content\/uploads\/2025\/11\/novadesno.jpg 480w, https:\/\/apartments-jahorina.com\/wp-content\/uploads\/2025\/11\/novadesno-267x300.jpg 267w\" sizes=\"(max-width: 480px) 100vw, 480px\" \/>\t\t\t\t\t\t\t\t\t\t\t<\/div>\t\t\t\t<\/div>\n\t\t\t\t<\/div>\n\t\t\t\t<\/div>\n\t\t\t\t\t<\/div>\n\t\t\t\t<\/div>\n\t\t\t\t<\/div>\n\t\t","protected":false},"excerpt":{"rendered":"<p>Ceny apartm\u00e1nov Jahorina \u2013 Bestblick Apartm\u00e1ny Jahorina, jedna z najob\u013e\u00fabenej\u0161\u00edch ly\u017eiarskych destin\u00e1ci\u00ed v Bosne a Hercegovine, pri\u0165ahuje ka\u017ed\u00fa zimu tis\u00edce turistov a apartm\u00e1ny s\u00fa naj\u010dastej\u0161ie volen\u00fdm typom ubytovania v\u010faka svojej dostupnosti a pohodliu. Ceny apartm\u00e1nov v Jahorine sa l\u00ed\u0161ia v z\u00e1vislosti od ro\u010dn\u00e9ho obdobia, bl\u00edzkosti zjazdoviek, pohodlia a \u010fal\u0161\u00edch vymo\u017eenost\u00ed. Preh\u013ead cien pod\u013ea typov apartm\u00e1nov [&hellip;]<\/p>\n","protected":false},"author":1,"featured_media":0,"parent":0,"menu_order":0,"comment_status":"closed","ping_status":"closed","template":"","meta":{"footnotes":""},"class_list":["post-10064","page","type-page","status-publish","hentry"],"yoast_head":"<!-- This site is optimized with the Yoast SEO plugin v26.4 - https:\/\/yoast.com\/wordpress\/plugins\/seo\/ -->\n<title>Ceny apartm\u00e1nov Jahorina - BESTBLICK Apartments Jahorina<\/title>\n<meta name=\"robots\" content=\"index, follow, max-snippet:-1, max-image-preview:large, max-video-preview:-1\" \/>\n<link rel=\"canonical\" href=\"https:\/\/apartments-jahorina.com\/cijene-apartmana-jahorina\/\" \/>\n<meta property=\"og:locale\" content=\"sk_SK\" \/>\n<meta property=\"og:type\" content=\"article\" \/>\n<meta property=\"og:title\" content=\"Ceny apartm\u00e1nov Jahorina - BESTBLICK Apartments Jahorina\" \/>\n<meta property=\"og:description\" content=\"Ceny apartm\u00e1nov Jahorina \u2013 Bestblick Apartm\u00e1ny Jahorina, jedna z najob\u013e\u00fabenej\u0161\u00edch ly\u017eiarskych destin\u00e1ci\u00ed v Bosne a Hercegovine, pri\u0165ahuje ka\u017ed\u00fa zimu tis\u00edce turistov a apartm\u00e1ny s\u00fa naj\u010dastej\u0161ie volen\u00fdm typom ubytovania v\u010faka svojej dostupnosti a pohodliu. Ceny apartm\u00e1nov v Jahorine sa l\u00ed\u0161ia v z\u00e1vislosti od ro\u010dn\u00e9ho obdobia, bl\u00edzkosti zjazdoviek, pohodlia a \u010fal\u0161\u00edch vymo\u017eenost\u00ed. Preh\u013ead cien pod\u013ea typov apartm\u00e1nov [&hellip;]\" \/>\n<meta property=\"og:url\" content=\"https:\/\/apartments-jahorina.com\/cijene-apartmana-jahorina\/\" \/>\n<meta property=\"og:site_name\" content=\"BESTBLICK Apartments Jahorina\" \/>\n<meta property=\"article:modified_time\" content=\"2025-12-16T01:01:03+00:00\" \/>\n<meta property=\"og:image\" content=\"http:\/\/apartments-jahorina.com\/wp-content\/uploads\/2025\/11\/novadesno.jpg\" \/>\n<meta name=\"twitter:card\" content=\"summary_large_image\" \/>\n<meta name=\"twitter:label1\" content=\"Predpokladan\u00fd \u010das \u010d\u00edtania\" \/>\n\t<meta name=\"twitter:data1\" content=\"5 min\u00fat\" \/>\n<script type=\"application\/ld+json\" class=\"yoast-schema-graph\">{\"@context\":\"https:\/\/schema.org\",\"@graph\":[{\"@type\":\"WebPage\",\"@id\":\"https:\/\/apartments-jahorina.com\/cijene-apartmana-jahorina\/\",\"url\":\"https:\/\/apartments-jahorina.com\/cijene-apartmana-jahorina\/\",\"name\":\"Ceny apartm\u00e1nov Jahorina - BESTBLICK Apartments Jahorina\",\"isPartOf\":{\"@id\":\"https:\/\/apartments-jahorina.com\/#website\"},\"primaryImageOfPage\":{\"@id\":\"https:\/\/apartments-jahorina.com\/cijene-apartmana-jahorina\/#primaryimage\"},\"image\":{\"@id\":\"https:\/\/apartments-jahorina.com\/cijene-apartmana-jahorina\/#primaryimage\"},\"thumbnailUrl\":\"http:\/\/apartments-jahorina.com\/wp-content\/uploads\/2025\/11\/novadesno.jpg\",\"datePublished\":\"2025-11-30T18:10:03+00:00\",\"dateModified\":\"2025-12-16T01:01:03+00:00\",\"breadcrumb\":{\"@id\":\"https:\/\/apartments-jahorina.com\/cijene-apartmana-jahorina\/#breadcrumb\"},\"inLanguage\":\"sk-SK\",\"potentialAction\":[{\"@type\":\"ReadAction\",\"target\":[\"https:\/\/apartments-jahorina.com\/cijene-apartmana-jahorina\/\"]}]},{\"@type\":\"ImageObject\",\"inLanguage\":\"sk-SK\",\"@id\":\"https:\/\/apartments-jahorina.com\/cijene-apartmana-jahorina\/#primaryimage\",\"url\":\"http:\/\/apartments-jahorina.com\/wp-content\/uploads\/2025\/11\/novadesno.jpg\",\"contentUrl\":\"http:\/\/apartments-jahorina.com\/wp-content\/uploads\/2025\/11\/novadesno.jpg\"},{\"@type\":\"BreadcrumbList\",\"@id\":\"https:\/\/apartments-jahorina.com\/cijene-apartmana-jahorina\/#breadcrumb\",\"itemListElement\":[{\"@type\":\"ListItem\",\"position\":1,\"name\":\"Home\",\"item\":\"https:\/\/apartments-jahorina.com\/sk\/\"},{\"@type\":\"ListItem\",\"position\":2,\"name\":\"Ceny apartm\u00e1nov Jahorina\"}]},{\"@type\":\"WebSite\",\"@id\":\"https:\/\/apartments-jahorina.com\/#website\",\"url\":\"https:\/\/apartments-jahorina.com\/\",\"name\":\"BESTBLICK Apartments Jahorina\",\"description\":\"Moderni apartmani s pogledom na ski-stazu\",\"potentialAction\":[{\"@type\":\"SearchAction\",\"target\":{\"@type\":\"EntryPoint\",\"urlTemplate\":\"https:\/\/apartments-jahorina.com\/?s={search_term_string}\"},\"query-input\":{\"@type\":\"PropertyValueSpecification\",\"valueRequired\":true,\"valueName\":\"search_term_string\"}}],\"inLanguage\":\"sk-SK\"}]}<\/script>\n<!-- \/ Yoast SEO plugin. -->","yoast_head_json":{"title":"Ceny apartm\u00e1nov Jahorina - BESTBLICK Apartments Jahorina","robots":{"index":"index","follow":"follow","max-snippet":"max-snippet:-1","max-image-preview":"max-image-preview:large","max-video-preview":"max-video-preview:-1"},"canonical":"https:\/\/apartments-jahorina.com\/cijene-apartmana-jahorina\/","og_locale":"sk_SK","og_type":"article","og_title":"Ceny apartm\u00e1nov Jahorina - BESTBLICK Apartments Jahorina","og_description":"Ceny apartm\u00e1nov Jahorina \u2013 Bestblick Apartm\u00e1ny Jahorina, jedna z najob\u013e\u00fabenej\u0161\u00edch ly\u017eiarskych destin\u00e1ci\u00ed v Bosne a Hercegovine, pri\u0165ahuje ka\u017ed\u00fa zimu tis\u00edce turistov a apartm\u00e1ny s\u00fa naj\u010dastej\u0161ie volen\u00fdm typom ubytovania v\u010faka svojej dostupnosti a pohodliu. Ceny apartm\u00e1nov v Jahorine sa l\u00ed\u0161ia v z\u00e1vislosti od ro\u010dn\u00e9ho obdobia, bl\u00edzkosti zjazdoviek, pohodlia a \u010fal\u0161\u00edch vymo\u017eenost\u00ed. Preh\u013ead cien pod\u013ea typov apartm\u00e1nov [&hellip;]","og_url":"https:\/\/apartments-jahorina.com\/cijene-apartmana-jahorina\/","og_site_name":"BESTBLICK Apartments Jahorina","article_modified_time":"2025-12-16T01:01:03+00:00","og_image":[{"url":"http:\/\/apartments-jahorina.com\/wp-content\/uploads\/2025\/11\/novadesno.jpg","type":"","width":"","height":""}],"twitter_card":"summary_large_image","twitter_misc":{"Predpokladan\u00fd \u010das \u010d\u00edtania":"5 min\u00fat"},"schema":{"@context":"https:\/\/schema.org","@graph":[{"@type":"WebPage","@id":"https:\/\/apartments-jahorina.com\/cijene-apartmana-jahorina\/","url":"https:\/\/apartments-jahorina.com\/cijene-apartmana-jahorina\/","name":"Ceny apartm\u00e1nov Jahorina - BESTBLICK Apartments Jahorina","isPartOf":{"@id":"https:\/\/apartments-jahorina.com\/#website"},"primaryImageOfPage":{"@id":"https:\/\/apartments-jahorina.com\/cijene-apartmana-jahorina\/#primaryimage"},"image":{"@id":"https:\/\/apartments-jahorina.com\/cijene-apartmana-jahorina\/#primaryimage"},"thumbnailUrl":"http:\/\/apartments-jahorina.com\/wp-content\/uploads\/2025\/11\/novadesno.jpg","datePublished":"2025-11-30T18:10:03+00:00","dateModified":"2025-12-16T01:01:03+00:00","breadcrumb":{"@id":"https:\/\/apartments-jahorina.com\/cijene-apartmana-jahorina\/#breadcrumb"},"inLanguage":"sk-SK","potentialAction":[{"@type":"ReadAction","target":["https:\/\/apartments-jahorina.com\/cijene-apartmana-jahorina\/"]}]},{"@type":"ImageObject","inLanguage":"sk-SK","@id":"https:\/\/apartments-jahorina.com\/cijene-apartmana-jahorina\/#primaryimage","url":"http:\/\/apartments-jahorina.com\/wp-content\/uploads\/2025\/11\/novadesno.jpg","contentUrl":"http:\/\/apartments-jahorina.com\/wp-content\/uploads\/2025\/11\/novadesno.jpg"},{"@type":"BreadcrumbList","@id":"https:\/\/apartments-jahorina.com\/cijene-apartmana-jahorina\/#breadcrumb","itemListElement":[{"@type":"ListItem","position":1,"name":"Home","item":"https:\/\/apartments-jahorina.com\/sk\/"},{"@type":"ListItem","position":2,"name":"Ceny apartm\u00e1nov Jahorina"}]},{"@type":"WebSite","@id":"https:\/\/apartments-jahorina.com\/#website","url":"https:\/\/apartments-jahorina.com\/","name":"BESTBLICK Apartments Jahorina","description":"Moderni apartmani s pogledom na ski-stazu","potentialAction":[{"@type":"SearchAction","target":{"@type":"EntryPoint","urlTemplate":"https:\/\/apartments-jahorina.com\/?s={search_term_string}"},"query-input":{"@type":"PropertyValueSpecification","valueRequired":true,"valueName":"search_term_string"}}],"inLanguage":"sk-SK"}]}},"_links":{"self":[{"href":"https:\/\/apartments-jahorina.com\/sk\/wp-json\/wp\/v2\/pages\/10064","targetHints":{"allow":["GET"]}}],"collection":[{"href":"https:\/\/apartments-jahorina.com\/sk\/wp-json\/wp\/v2\/pages"}],"about":[{"href":"https:\/\/apartments-jahorina.com\/sk\/wp-json\/wp\/v2\/types\/page"}],"author":[{"embeddable":true,"href":"https:\/\/apartments-jahorina.com\/sk\/wp-json\/wp\/v2\/users\/1"}],"replies":[{"embeddable":true,"href":"https:\/\/apartments-jahorina.com\/sk\/wp-json\/wp\/v2\/comments?post=10064"}],"version-history":[{"count":10,"href":"https:\/\/apartments-jahorina.com\/sk\/wp-json\/wp\/v2\/pages\/10064\/revisions"}],"predecessor-version":[{"id":12781,"href":"https:\/\/apartments-jahorina.com\/sk\/wp-json\/wp\/v2\/pages\/10064\/revisions\/12781"}],"wp:attachment":[{"href":"https:\/\/apartments-jahorina.com\/sk\/wp-json\/wp\/v2\/media?parent=10064"}],"curies":[{"name":"wp","href":"https:\/\/api.w.org\/{rel}","templated":true}]}}