{"id":10094,"date":"2025-11-14T12:00:39","date_gmt":"2025-11-14T12:00:39","guid":{"rendered":"http:\/\/apartments-jahorina.com\/pravila-privatnosti\/"},"modified":"2025-12-17T16:31:28","modified_gmt":"2025-12-17T16:31:28","slug":"privacy","status":"publish","type":"page","link":"https:\/\/apartments-jahorina.com\/sk\/privacy\/","title":{"rendered":"Z\u00e1sady ochrany osobn\u00fdch \u00fadajov"},"content":{"rendered":"\r\n<p><span dir=\"auto\"><span class=\"\" dir=\"auto\">Apartm\u00e1ny Jahorina, Obu\u0107ina Bare 85e, 71423 Jahorina, Bosna a Hercegovina.<\/span><\/span><\/p>\r\n<p><span dir=\"auto\">V r\u00e1mci na\u0161ej \u010dinnosti zhroma\u017e\u010fujeme a spracov\u00e1vame osobn\u00e9 \u00fadaje poskytnut\u00e9 klientmi. Ke\u010f\u017ee ochrana v\u00e1\u0161ho s\u00fakromia je pre n\u00e1s prioritou, prijali sme nasleduj\u00face Z\u00e1sady ochrany osobn\u00fdch \u00fadajov.<\/span><\/p>\r\n<p><span dir=\"auto\">Apartm\u00e1ny Jahorina dodr\u017eiavaj\u00fa nasleduj\u00face z\u00e1sady na ochranu v\u00e1\u0161ho s\u00fakromia:<\/span><br \/><span dir=\"auto\">\u2022 Nezhroma\u017e\u010fujeme viac inform\u00e1ci\u00ed, ako je potrebn\u00e9;<\/span><br \/><span dir=\"auto\">\u2022 Va\u0161e \u00fadaje nepou\u017e\u00edvame na \u00fa\u010dely, ktor\u00e9 nie s\u00fa uveden\u00e9 v tomto dokumente;<\/span><br \/><span dir=\"auto\">\u2022 Va\u0161e \u00fadaje neuchov\u00e1vame, ak u\u017e nie s\u00fa potrebn\u00e9;<\/span><br \/><span dir=\"auto\">\u2022 Va\u0161e osobn\u00e9 \u00fadaje nikdy nepred\u00e1vame, nepo\u017ei\u010diavame, nedistribuujeme ani verejne nezverej\u0148ujeme.<\/span><br \/><span dir=\"auto\">\u2022 Va\u0161e \u00fadaje neposielame tret\u00edm stran\u00e1m,<\/span><br \/><span dir=\"auto\">\u2022 Nepou\u017e\u00edvame \u017eiadne automatizovan\u00e9 spracovanie a rozhodovanie ani profilovanie,<\/span><br \/><span dir=\"auto\">\u2022 Va\u0161e osobn\u00e9 \u00fadaje nepren\u00e1\u0161ame do tretej krajiny ani medzin\u00e1rodnej organiz\u00e1cie,<\/span><br \/><span dir=\"auto\">\u2022 Va\u0161e \u00fadaje nepou\u017e\u00edvame na \u00fa\u010dely, ktor\u00e9 nie s\u00fa uveden\u00e9 v tomto dokumente,<\/span><br \/><span dir=\"auto\">\u2022 Taktie\u017e kontrolujeme, \u010di s\u00fa va\u0161e \u00fadaje bezpe\u010dne ulo\u017een\u00e9.<\/span><\/p>\r\n<p><span dir=\"auto\">Apartm\u00e1ny Jahorina zhroma\u017e\u010fuj\u00fa iba obmedzen\u00e9 mno\u017estvo inform\u00e1ci\u00ed o v\u00e1s, ktor\u00e9 s\u00fa potrebn\u00e9 na zodpovedanie va\u0161ej \u017eiadosti a v n\u00e1deji na vytvorenie dlhodob\u00e9ho a d\u00f4veryhodn\u00e9ho obchodn\u00e9ho vz\u0165ahu.<\/span><\/p>\r\n<p><span dir=\"auto\">V Apartm\u00e1noch Jahorina sme vytvorili Z\u00e1sady ochrany osobn\u00fdch \u00fadajov, ktor\u00fdch cie\u013eom je pom\u00f4c\u0165 v\u00e1m pochopi\u0165, ak\u00e9 \u00fadaje zhroma\u017e\u010fujeme, na ak\u00fd \u00fa\u010del ich pou\u017e\u00edvame a ako si m\u00f4\u017eete uplatni\u0165 svoje pr\u00e1va.<\/span><\/p>\r\n<p><span dir=\"auto\">Je d\u00f4le\u017eit\u00e9 pre\u010d\u00edta\u0165 si na\u0161e Z\u00e1sady ochrany osobn\u00fdch \u00fadajov a d\u00fafame, \u017ee si n\u00e1jdete \u010das a venujete im pozornos\u0165.<\/span><\/p>\r\n<p><span dir=\"auto\">Ako a ak\u00e9 inform\u00e1cie o v\u00e1s zhroma\u017e\u010fujeme?<\/span><br \/><span dir=\"auto\">Ke\u010f n\u00e1s kontaktujete prostredn\u00edctvom n\u00e1\u0161ho webov\u00e9ho kontaktn\u00e9ho formul\u00e1ra alebo priamo prostredn\u00edctvom na\u0161ej e-mailovej adresy. Inform\u00e1cie, ktor\u00e9 vypln\u00edte (osobn\u00e9 \u00fadaje, ako je va\u0161e meno, e-mailov\u00e1 adresa at\u010f.) alebo odo\u0161lete priamym e-mailom, bud\u00fa spracovan\u00e9 a ulo\u017een\u00e9, aby sme v\u00e1s mohli kontaktova\u0165 a odpoveda\u0165 na va\u0161u \u017eiados\u0165. Ak m\u00e1te menej ako 16 rokov, pred poskytnut\u00edm osobn\u00fdch \u00fadajov mus\u00edte poskytn\u00fa\u0165 s\u00fahlas svojho rodi\u010da alebo z\u00e1konn\u00e9ho z\u00e1stupcu. Vyplnen\u00edm kontaktn\u00fdch formul\u00e1rov na na\u0161ej webovej str\u00e1nke alebo priamym kontaktovan\u00edm n\u00e1s prostredn\u00edctvom e-mailu potvrdzujete, \u017ee inform\u00e1cie, ktor\u00e9 ste poskytli, s\u00fa presn\u00e9 a \u017ee plne s\u00fahlas\u00edte s ustanoveniami na\u0161ich Z\u00e1sad ochrany osobn\u00fdch \u00fadajov a podmienkami v nich uveden\u00fdmi.<\/span><\/p>\r\n<p><span dir=\"auto\">Inform\u00e1cie o prev\u00e1dzkovate\u013eovi va\u0161ich \u00fadajov<\/span><br \/><span dir=\"auto\">Prev\u00e1dzkovate\u013eom tejto webovej str\u00e1nky a va\u0161ich osobn\u00fdch \u00fadajov je spolo\u010dnos\u0165 Apartments Jahorina, Obu\u0107ina Bare 85e, 71423 Jahorina, Bosna a Hercegovina. Ak\u00fd je \u00fa\u010del a pr\u00e1vny z\u00e1klad zhroma\u017e\u010fovania va\u0161ich \u00fadajov? Prijatie najvhodnej\u0161\u00edch opatren\u00ed na va\u0161u \u017eiados\u0165 pred vstupom do ak\u00e9hoko\u013evek obchodn\u00e9ho vz\u0165ahu, na z\u00e1klade obchodnej \u010dinnosti spolo\u010dnosti a jej opr\u00e1vnen\u00e9ho z\u00e1ujmu.<\/span><\/p>\r\n<p><span dir=\"auto\">Ako dlho bud\u00fa va\u0161e osobn\u00e9 \u00fadaje uchov\u00e1van\u00e9?<\/span><br \/><span dir=\"auto\">Po dobu, po\u010das ktorej budeme ma\u0165 otvoren\u00fa komunik\u00e1ciu za \u00fa\u010delom nadviazania spolo\u010dnej obchodnej spolupr\u00e1ce a po dobu trvania n\u00e1\u0161ho zmluvn\u00e9ho vz\u0165ahu.<\/span><\/p>\r\n<p><span dir=\"auto\">Ako budeme pou\u017e\u00edva\u0165 va\u0161e inform\u00e1cie?<\/span><br \/><span dir=\"auto\">Zhroma\u017e\u010fujeme inform\u00e1cie o v\u00e1s, aby sme v\u00e1s mohli kontaktova\u0165 a odpoveda\u0165 na va\u0161u \u017eiados\u0165. Va\u0161e osobn\u00e9 \u00fadaje zhroma\u017e\u010fujeme a pou\u017e\u00edvame v rozsahu nevyhnutnom na \u00fa\u010dely nadviazania n\u00e1\u0161ho obchodn\u00e9ho vz\u0165ahu, ako aj po\u010das trvania n\u00e1\u0161ho zmluvn\u00e9ho vz\u0165ahu. Po\u010das trvania zmluvn\u00e9ho vz\u0165ahu v\u00e1m bud\u00fa Apartm\u00e1ny Jahorina posiela\u0165 ozn\u00e1menia o nov\u00fdch produktoch a slu\u017eb\u00e1ch, o ktor\u00fdch sa domnievame, \u017ee by v\u00e1s mohli zauj\u00edma\u0165, ak ste na to udelili s\u00fahlas pri kontaktovan\u00ed na\u0161ej spolo\u010dnosti prostredn\u00edctvom webov\u00e9ho formul\u00e1ra. S\u00fahlas, ktor\u00fd n\u00e1m na tento \u00fa\u010del ude\u013eujete, m\u00f4\u017eete kedyko\u013evek odvola\u0165, v takom pr\u00edpade toto spracovanie ukon\u010d\u00edme.<\/span><\/p>\r\n<p><span dir=\"auto\">Google Analytics<\/span><br \/><span dir=\"auto\">Pri zhroma\u017e\u010fovan\u00ed osobn\u00fdch \u00fadajov m\u00f4\u017ee platforma Google Analytics uklada\u0165 ur\u010dit\u00e9 \u00fadaje, o ktor\u00fdch sa m\u00f4\u017eete dozvedie\u0165 viac v Z\u00e1sad\u00e1ch pou\u017e\u00edvania s\u00faborov cookie. Viac inform\u00e1ci\u00ed o z\u00e1sad\u00e1ch ochrany osobn\u00fdch \u00fadajov platformy Google Analytics n\u00e1jdete na nasleduj\u00facom odkaze: https:\/\/policies.google.com\/privacy?hl=hr<\/span><\/p>\r\n<p><span dir=\"auto\">Zabezpe\u010denie inform\u00e1ci\u00ed<\/span><br \/><span dir=\"auto\">Zaviedli sme bezpe\u010dnostn\u00e9 opatrenia na ochranu osobn\u00fdch \u00fadajov, ktor\u00e9 s nami zdie\u013eate. Va\u0161e osobn\u00e9 \u00fadaje s\u00fa chr\u00e1nen\u00e9 pred n\u00e1hodn\u00fdm alebo nez\u00e1konn\u00fdm zni\u010den\u00edm, stratou, zmenou, neopr\u00e1vnen\u00fdm zverejnen\u00edm alebo pr\u00edstupom k osobn\u00fdm \u00fadajom po\u010das ich prenosu, uchov\u00e1vania alebo in\u00e9ho spracovania.<\/span><\/p>\r\n<p><span dir=\"auto\">O na\u0161om webovom serveri<\/span><br \/><span dir=\"auto\">T\u00fato webov\u00fa str\u00e1nku hostuje celosvetovo uzn\u00e1van\u00fd poskytovate\u013e slu\u017eieb v E\u00da. T\u00fato webov\u00fa str\u00e1nku hostuje celosvetovo uzn\u00e1van\u00fd poskytovate\u013e slu\u017eieb v Nemecku a E\u00da, ktor\u00e9ho Eur\u00f3pska komisia pova\u017euje za poskytovate\u013ea poskytuj\u00faceho primeran\u00fa \u00farove\u0148 ochrany osobn\u00fdch \u00fadajov ob\u010danov E\u00da.<\/span><\/p>\r\n<p><span dir=\"auto\">S\u00fabory cookie<\/span><br \/><span dir=\"auto\">Aby sme v\u00e1m u\u013eah\u010dili prehliadanie na\u0161ich webov\u00fdch str\u00e1nok, n\u00e1\u0161 glob\u00e1lny sie\u0165ov\u00fd server pou\u017e\u00edva s\u00fabory cookie. S\u00fabory cookie nemo\u017eno pou\u017ei\u0165 na sp\u00fa\u0161\u0165anie programov ani na umiest\u0148ovanie v\u00edrusov do v\u00e1\u0161ho po\u010d\u00edta\u010da. Na\u0161e webov\u00e9 str\u00e1nky si m\u00f4\u017eete prehliada\u0165 bez s\u00faborov cookie, ak je v\u00e1\u0161 prehliada\u010d nastaven\u00fd na t\u00fato funkciu. \u00dapln\u00e9 inform\u00e1cie o s\u00faboroch cookie n\u00e1jdete vo Vyhl\u00e1sen\u00ed o s\u00faboroch cookie.<\/span><\/p>\r\n<p><span dir=\"auto\">Va\u0161e pr\u00e1va<\/span><br \/><span dir=\"auto\">M\u00e1te pr\u00e1vo na inform\u00e1cie o spracovan\u00ed va\u0161ich osobn\u00fdch \u00fadajov, kedyko\u013evek odvola\u0165 svoj s\u00fahlas, opravi\u0165 alebo doplni\u0165 svoje osobn\u00e9 \u00fadaje tak, aby boli v\u017edy presn\u00e9, vymaza\u0165 svoje osobn\u00e9 \u00fadaje, ak u\u017e nie s\u00fa potrebn\u00e9 na vy\u0161\u0161ie uveden\u00e9 \u00fa\u010dely, prenies\u0165 svoje osobn\u00e9 \u00fadaje v \u0161trukt\u00farovanom form\u00e1te a poda\u0165 s\u0165a\u017enos\u0165 spolo\u010dnosti Apartments Jahorina p\u00edsomne \u200b\u200bna adresu Apartments Jahorina, Obu\u0107ina Bare 85e, 71423 Jahorina, Bosna a Hercegovina alebo elektronicky na adrese info@apartments-jahorina.com alebo pr\u00edslu\u0161n\u00e9mu \u0161t\u00e1tnemu org\u00e1nu.<\/span><\/p>\r\n<p><span dir=\"auto\">V\u00e1\u0161 s\u00fahlas<\/span><br \/><span dir=\"auto\">Pou\u017e\u00edvan\u00edm tejto webovej str\u00e1nky s\u00fahlas\u00edte s t\u00fdmito z\u00e1sadami ochrany osobn\u00fdch \u00fadajov, t. j. ude\u013eujete v\u00fdslovn\u00fd s\u00fahlas spolo\u010dnosti Apartm\u00e1ny Jahorina so zhroma\u017e\u010fovan\u00edm a \u010fal\u0161\u00edm spracovan\u00edm va\u0161ich osobn\u00fdch \u00fadajov, ako aj ak\u00fdchko\u013evek \u010fal\u0161\u00edch \u00fadajov, ktor\u00e9 z\u00edska pri poskytovan\u00ed svojich slu\u017eieb v s\u00falade s pr\u00e1vnymi predpismi, a to v\u0161etko v s\u00falade s \u00fa\u010delom definovan\u00fdm v t\u00fdchto pravidl\u00e1ch. Z\u00e1rove\u0148 potvrdzujete, \u017ee ste obozn\u00e1men\u00ed so v\u0161etk\u00fdmi relevantn\u00fdmi inform\u00e1ciami o spolo\u010dnosti Apartm\u00e1ny Jahorina a slu\u017eb\u00e1ch, ktor\u00e9 poskytuje.<\/span><\/p>\r\n<p><span dir=\"auto\">Pr\u00e1vo poda\u0165 s\u0165a\u017enos\u0165 pr\u00edslu\u0161n\u00e9mu org\u00e1nu<\/span><br \/><span dir=\"auto\">S\u0165a\u017enos\u0165 m\u00f4\u017eete kedyko\u013evek poda\u0165 priamo pr\u00edslu\u0161n\u00e9mu dozorn\u00e9mu org\u00e1nu: \u00darad na ochranu osobn\u00fdch \u00fadajov (AZOP), Marti\u0107eva 14, Z\u00e1hreb, kontakt: +385 (0)1 4609 999, azop@azop.hr, www.azop.hr.<\/span><\/p>\r\n<p><span dir=\"auto\">Poru\u0161enie ochrany osobn\u00fdch \u00fadajov<\/span><br \/><span dir=\"auto\">Ak\u00e9ko\u013evek nez\u00e1konn\u00e9 poru\u0161enie ochrany \u00fadajov nahl\u00e1sime AZOP ako pr\u00edslu\u0161n\u00e9mu org\u00e1nu pre ochranu \u00fadajov.<\/span><\/p>\r\n<p><span dir=\"auto\">Zmeny v na\u0161ich Z\u00e1sad\u00e1ch ochrany osobn\u00fdch \u00fadajov<\/span><br \/><span dir=\"auto\">V pr\u00edpade zmien v na\u0161ich Z\u00e1sad\u00e1ch ochrany osobn\u00fdch \u00fadajov v\u00e1s o tom budeme informova\u0165 na tejto str\u00e1nke a d\u00e1tum zmeny Z\u00e1sad ochrany osobn\u00fdch \u00fadajov aktualizujeme ni\u017e\u0161ie uveden\u00fdm sp\u00f4sobom.<\/span><\/p>\r\n<p><span dir=\"auto\"><span class=\"VIpgJd-yAWNEb-VIpgJd-fmcmS-sn54Q\" dir=\"auto\">Tieto Z\u00e1sady ochrany osobn\u00fdch \u00fadajov boli aktualizovan\u00e9 d\u0148a 20. 5. 2018.<\/span><\/span><\/p>","protected":false},"excerpt":{"rendered":"<p>Apartm\u00e1ny Jahorina, Obu\u0107ina Bare 85e, 71423 Jahorina, Bosna a Hercegovina. V r\u00e1mci na\u0161ej \u010dinnosti zhroma\u017e\u010fujeme a spracov\u00e1vame osobn\u00e9 \u00fadaje poskytnut\u00e9 klientmi. Ke\u010f\u017ee ochrana v\u00e1\u0161ho s\u00fakromia je pre n\u00e1s prioritou, prijali sme nasleduj\u00face Z\u00e1sady ochrany osobn\u00fdch \u00fadajov. Apartm\u00e1ny Jahorina dodr\u017eiavaj\u00fa nasleduj\u00face z\u00e1sady na ochranu v\u00e1\u0161ho s\u00fakromia:\u2022 Nezhroma\u017e\u010fujeme viac inform\u00e1ci\u00ed, ako je potrebn\u00e9;\u2022 Va\u0161e \u00fadaje nepou\u017e\u00edvame na [&hellip;]<\/p>\n","protected":false},"author":1,"featured_media":0,"parent":0,"menu_order":0,"comment_status":"closed","ping_status":"open","template":"","meta":{"footnotes":""},"class_list":["post-10094","page","type-page","status-publish","hentry"],"yoast_head":"<!-- This site is optimized with the Yoast SEO plugin v26.4 - https:\/\/yoast.com\/wordpress\/plugins\/seo\/ -->\n<title>Z\u00e1sady ochrany osobn\u00fdch \u00fadajov - BESTBLICK Apartments Jahorina<\/title>\n<meta name=\"robots\" content=\"index, follow, max-snippet:-1, max-image-preview:large, max-video-preview:-1\" \/>\n<link rel=\"canonical\" href=\"https:\/\/apartments-jahorina.com\/pravila-privatnosti\/\" \/>\n<meta property=\"og:locale\" content=\"sk_SK\" \/>\n<meta property=\"og:type\" content=\"article\" \/>\n<meta property=\"og:title\" content=\"Z\u00e1sady ochrany osobn\u00fdch \u00fadajov - BESTBLICK Apartments Jahorina\" \/>\n<meta property=\"og:description\" content=\"Apartm\u00e1ny Jahorina, Obu\u0107ina Bare 85e, 71423 Jahorina, Bosna a Hercegovina. V r\u00e1mci na\u0161ej \u010dinnosti zhroma\u017e\u010fujeme a spracov\u00e1vame osobn\u00e9 \u00fadaje poskytnut\u00e9 klientmi. Ke\u010f\u017ee ochrana v\u00e1\u0161ho s\u00fakromia je pre n\u00e1s prioritou, prijali sme nasleduj\u00face Z\u00e1sady ochrany osobn\u00fdch \u00fadajov. Apartm\u00e1ny Jahorina dodr\u017eiavaj\u00fa nasleduj\u00face z\u00e1sady na ochranu v\u00e1\u0161ho s\u00fakromia:\u2022 Nezhroma\u017e\u010fujeme viac inform\u00e1ci\u00ed, ako je potrebn\u00e9;\u2022 Va\u0161e \u00fadaje nepou\u017e\u00edvame na [&hellip;]\" \/>\n<meta property=\"og:url\" content=\"https:\/\/apartments-jahorina.com\/pravila-privatnosti\/\" \/>\n<meta property=\"og:site_name\" content=\"BESTBLICK Apartments Jahorina\" \/>\n<meta property=\"article:modified_time\" content=\"2025-12-17T16:31:28+00:00\" \/>\n<meta name=\"twitter:card\" content=\"summary_large_image\" \/>\n<meta name=\"twitter:label1\" content=\"Predpokladan\u00fd \u010das \u010d\u00edtania\" \/>\n\t<meta name=\"twitter:data1\" content=\"6 min\u00fat\" \/>\n<script type=\"application\/ld+json\" class=\"yoast-schema-graph\">{\"@context\":\"https:\/\/schema.org\",\"@graph\":[{\"@type\":\"WebPage\",\"@id\":\"https:\/\/apartments-jahorina.com\/pravila-privatnosti\/\",\"url\":\"https:\/\/apartments-jahorina.com\/pravila-privatnosti\/\",\"name\":\"Z\u00e1sady ochrany osobn\u00fdch \u00fadajov - BESTBLICK Apartments Jahorina\",\"isPartOf\":{\"@id\":\"https:\/\/apartments-jahorina.com\/#website\"},\"datePublished\":\"2025-11-14T12:00:39+00:00\",\"dateModified\":\"2025-12-17T16:31:28+00:00\",\"breadcrumb\":{\"@id\":\"https:\/\/apartments-jahorina.com\/pravila-privatnosti\/#breadcrumb\"},\"inLanguage\":\"sk-SK\",\"potentialAction\":[{\"@type\":\"ReadAction\",\"target\":[\"https:\/\/apartments-jahorina.com\/pravila-privatnosti\/\"]}]},{\"@type\":\"BreadcrumbList\",\"@id\":\"https:\/\/apartments-jahorina.com\/pravila-privatnosti\/#breadcrumb\",\"itemListElement\":[{\"@type\":\"ListItem\",\"position\":1,\"name\":\"Home\",\"item\":\"https:\/\/apartments-jahorina.com\/sk\/\"},{\"@type\":\"ListItem\",\"position\":2,\"name\":\"Z\u00e1sady ochrany osobn\u00fdch \u00fadajov\"}]},{\"@type\":\"WebSite\",\"@id\":\"https:\/\/apartments-jahorina.com\/#website\",\"url\":\"https:\/\/apartments-jahorina.com\/\",\"name\":\"BESTBLICK Apartments Jahorina\",\"description\":\"Moderni apartmani s pogledom na ski-stazu\",\"potentialAction\":[{\"@type\":\"SearchAction\",\"target\":{\"@type\":\"EntryPoint\",\"urlTemplate\":\"https:\/\/apartments-jahorina.com\/?s={search_term_string}\"},\"query-input\":{\"@type\":\"PropertyValueSpecification\",\"valueRequired\":true,\"valueName\":\"search_term_string\"}}],\"inLanguage\":\"sk-SK\"}]}<\/script>\n<!-- \/ Yoast SEO plugin. -->","yoast_head_json":{"title":"Z\u00e1sady ochrany osobn\u00fdch \u00fadajov - BESTBLICK Apartments Jahorina","robots":{"index":"index","follow":"follow","max-snippet":"max-snippet:-1","max-image-preview":"max-image-preview:large","max-video-preview":"max-video-preview:-1"},"canonical":"https:\/\/apartments-jahorina.com\/pravila-privatnosti\/","og_locale":"sk_SK","og_type":"article","og_title":"Z\u00e1sady ochrany osobn\u00fdch \u00fadajov - BESTBLICK Apartments Jahorina","og_description":"Apartm\u00e1ny Jahorina, Obu\u0107ina Bare 85e, 71423 Jahorina, Bosna a Hercegovina. V r\u00e1mci na\u0161ej \u010dinnosti zhroma\u017e\u010fujeme a spracov\u00e1vame osobn\u00e9 \u00fadaje poskytnut\u00e9 klientmi. Ke\u010f\u017ee ochrana v\u00e1\u0161ho s\u00fakromia je pre n\u00e1s prioritou, prijali sme nasleduj\u00face Z\u00e1sady ochrany osobn\u00fdch \u00fadajov. Apartm\u00e1ny Jahorina dodr\u017eiavaj\u00fa nasleduj\u00face z\u00e1sady na ochranu v\u00e1\u0161ho s\u00fakromia:\u2022 Nezhroma\u017e\u010fujeme viac inform\u00e1ci\u00ed, ako je potrebn\u00e9;\u2022 Va\u0161e \u00fadaje nepou\u017e\u00edvame na [&hellip;]","og_url":"https:\/\/apartments-jahorina.com\/pravila-privatnosti\/","og_site_name":"BESTBLICK Apartments Jahorina","article_modified_time":"2025-12-17T16:31:28+00:00","twitter_card":"summary_large_image","twitter_misc":{"Predpokladan\u00fd \u010das \u010d\u00edtania":"6 min\u00fat"},"schema":{"@context":"https:\/\/schema.org","@graph":[{"@type":"WebPage","@id":"https:\/\/apartments-jahorina.com\/pravila-privatnosti\/","url":"https:\/\/apartments-jahorina.com\/pravila-privatnosti\/","name":"Z\u00e1sady ochrany osobn\u00fdch \u00fadajov - BESTBLICK Apartments Jahorina","isPartOf":{"@id":"https:\/\/apartments-jahorina.com\/#website"},"datePublished":"2025-11-14T12:00:39+00:00","dateModified":"2025-12-17T16:31:28+00:00","breadcrumb":{"@id":"https:\/\/apartments-jahorina.com\/pravila-privatnosti\/#breadcrumb"},"inLanguage":"sk-SK","potentialAction":[{"@type":"ReadAction","target":["https:\/\/apartments-jahorina.com\/pravila-privatnosti\/"]}]},{"@type":"BreadcrumbList","@id":"https:\/\/apartments-jahorina.com\/pravila-privatnosti\/#breadcrumb","itemListElement":[{"@type":"ListItem","position":1,"name":"Home","item":"https:\/\/apartments-jahorina.com\/sk\/"},{"@type":"ListItem","position":2,"name":"Z\u00e1sady ochrany osobn\u00fdch \u00fadajov"}]},{"@type":"WebSite","@id":"https:\/\/apartments-jahorina.com\/#website","url":"https:\/\/apartments-jahorina.com\/","name":"BESTBLICK Apartments Jahorina","description":"Moderni apartmani s pogledom na ski-stazu","potentialAction":[{"@type":"SearchAction","target":{"@type":"EntryPoint","urlTemplate":"https:\/\/apartments-jahorina.com\/?s={search_term_string}"},"query-input":{"@type":"PropertyValueSpecification","valueRequired":true,"valueName":"search_term_string"}}],"inLanguage":"sk-SK"}]}},"_links":{"self":[{"href":"https:\/\/apartments-jahorina.com\/sk\/wp-json\/wp\/v2\/pages\/10094","targetHints":{"allow":["GET"]}}],"collection":[{"href":"https:\/\/apartments-jahorina.com\/sk\/wp-json\/wp\/v2\/pages"}],"about":[{"href":"https:\/\/apartments-jahorina.com\/sk\/wp-json\/wp\/v2\/types\/page"}],"author":[{"embeddable":true,"href":"https:\/\/apartments-jahorina.com\/sk\/wp-json\/wp\/v2\/users\/1"}],"replies":[{"embeddable":true,"href":"https:\/\/apartments-jahorina.com\/sk\/wp-json\/wp\/v2\/comments?post=10094"}],"version-history":[{"count":3,"href":"https:\/\/apartments-jahorina.com\/sk\/wp-json\/wp\/v2\/pages\/10094\/revisions"}],"predecessor-version":[{"id":13005,"href":"https:\/\/apartments-jahorina.com\/sk\/wp-json\/wp\/v2\/pages\/10094\/revisions\/13005"}],"wp:attachment":[{"href":"https:\/\/apartments-jahorina.com\/sk\/wp-json\/wp\/v2\/media?parent=10094"}],"curies":[{"name":"wp","href":"https:\/\/api.w.org\/{rel}","templated":true}]}}