{"id":13292,"date":"2026-01-26T20:00:06","date_gmt":"2026-01-26T20:00:06","guid":{"rendered":"https:\/\/apartments-jahorina.com\/?page_id=13292"},"modified":"2026-02-02T02:36:06","modified_gmt":"2026-02-02T02:36:06","slug":"ceny-ubytovania-na-jahorine","status":"publish","type":"page","link":"https:\/\/apartments-jahorina.com\/sk\/ceny-ubytovania-na-jahorine\/","title":{"rendered":"Ceny ubytovania na Jahorine"},"content":{"rendered":"\t\t<div data-elementor-type=\"wp-page\" data-elementor-id=\"13292\" class=\"elementor elementor-13292 elementor-13287\">\n\t\t\t\t<div class=\"elementor-element elementor-element-12b6bd6 e-flex e-con-boxed e-con e-parent\" data-id=\"12b6bd6\" data-element_type=\"container\">\n\t\t\t\t\t<div class=\"e-con-inner\">\n\t\t<div class=\"elementor-element elementor-element-7b8b529 e-con-full e-flex e-con e-child\" data-id=\"7b8b529\" data-element_type=\"container\">\n\t\t<div class=\"elementor-element elementor-element-52f5450 e-con-full e-flex e-con e-child\" data-id=\"52f5450\" data-element_type=\"container\">\n\t\t\t\t<div class=\"elementor-element elementor-element-ef7ac5e elementor-absolute elementor-hidden-mobile elementor-view-default elementor-invisible elementor-widget elementor-widget-icon\" data-id=\"ef7ac5e\" data-element_type=\"widget\" data-settings=\"{&quot;_position&quot;:&quot;absolute&quot;,&quot;motion_fx_motion_fx_scrolling&quot;:&quot;yes&quot;,&quot;motion_fx_translateX_effect&quot;:&quot;yes&quot;,&quot;motion_fx_translateX_speed&quot;:{&quot;unit&quot;:&quot;px&quot;,&quot;size&quot;:1.5,&quot;sizes&quot;:[]},&quot;_animation&quot;:&quot;opal-move-right&quot;,&quot;motion_fx_translateX_affectedRange&quot;:{&quot;unit&quot;:&quot;%&quot;,&quot;size&quot;:&quot;&quot;,&quot;sizes&quot;:{&quot;start&quot;:0,&quot;end&quot;:100}},&quot;motion_fx_devices&quot;:[&quot;desktop&quot;,&quot;laptop&quot;,&quot;tablet_extra&quot;,&quot;tablet&quot;,&quot;mobile_extra&quot;,&quot;mobile&quot;]}\" data-widget_type=\"icon.default\">\n\t\t\t\t\t\t\t<div class=\"elementor-icon-wrapper\">\n\t\t\t<div class=\"elementor-icon\">\n\t\t\t\t\t\t<\/div>\n\t\t<\/div>\n\t\t\t\t\t\t<\/div>\n\t\t\t\t<div class=\"elementor-element elementor-element-7a3b481 elementor-widget__width-auto elementor-absolute elementor-hidden-mobile elementor-view-default elementor-invisible elementor-widget elementor-widget-icon\" data-id=\"7a3b481\" data-element_type=\"widget\" data-settings=\"{&quot;_position&quot;:&quot;absolute&quot;,&quot;motion_fx_motion_fx_scrolling&quot;:&quot;yes&quot;,&quot;motion_fx_translateY_effect&quot;:&quot;yes&quot;,&quot;motion_fx_translateY_direction&quot;:&quot;negative&quot;,&quot;motion_fx_translateY_speed&quot;:{&quot;unit&quot;:&quot;px&quot;,&quot;size&quot;:1.2,&quot;sizes&quot;:[]},&quot;_animation&quot;:&quot;opal-move-down&quot;,&quot;motion_fx_translateY_affectedRange&quot;:{&quot;unit&quot;:&quot;%&quot;,&quot;size&quot;:&quot;&quot;,&quot;sizes&quot;:{&quot;start&quot;:0,&quot;end&quot;:100}},&quot;motion_fx_devices&quot;:[&quot;desktop&quot;,&quot;laptop&quot;,&quot;tablet_extra&quot;,&quot;tablet&quot;,&quot;mobile_extra&quot;,&quot;mobile&quot;]}\" data-widget_type=\"icon.default\">\n\t\t\t\t\t\t\t<div class=\"elementor-icon-wrapper\">\n\t\t\t<div class=\"elementor-icon\">\n\t\t\t\t\t\t<\/div>\n\t\t<\/div>\n\t\t\t\t\t\t<\/div>\n\t\t\t\t<\/div>\n\t\t<div class=\"elementor-element elementor-element-4e0b3cc e-con-full e-flex e-con e-child\" data-id=\"4e0b3cc\" data-element_type=\"container\">\n\t\t\t\t<div class=\"elementor-element elementor-element-6bc46d3 elementor-widget__width-initial elementor-invisible elementor-widget elementor-widget-heading\" data-id=\"6bc46d3\" data-element_type=\"widget\" data-settings=\"{&quot;_animation&quot;:&quot;opal-move-left&quot;}\" data-widget_type=\"heading.default\">\n\t\t\t\t\t<h2 data-cursor=\"-opaque\" class=\"elementor-heading-title elementor-size-default\">Ceny ubytovania na Jahorine \u2013  <span class=\"c-primary\">Bestblick Apartm\u00e1ny<\/span><\/h2>\t\t\t\t<\/div>\n\t\t\t\t<div class=\"elementor-element elementor-element-4aa09f6 elementor-widget__width-initial elementor-invisible elementor-widget elementor-widget-text-editor\" data-id=\"4aa09f6\" data-element_type=\"widget\" data-settings=\"{&quot;_animation&quot;:&quot;opal-move-left&quot;}\" data-widget_type=\"text-editor.default\">\n\t\t\t\t\t\t\t\t\t<p>Jahorina pon\u00faka \u0161irok\u00fa \u0161k\u00e1lu mo\u017enost\u00ed ubytovania, od luxusn\u00fdch apartm\u00e1nov a\u017e po cenovo dostupn\u00e9 chaty a penzi\u00f3ny. Ceny ubytovania sa l\u00ed\u0161ia v z\u00e1vislosti od typu nehnute\u013enosti, lokality a \u010fal\u0161\u00edch vymo\u017eenost\u00ed.<\/p><p>Ceny luxusn\u00fdch apartm\u00e1nov v bl\u00edzkosti zjazdoviek zvy\u010dajne za\u010d\u00ednaj\u00fa na pribli\u017ene 80 \u2013 100 eur\u00e1ch za noc pre dvoch dospel\u00fdch v hlavnej sez\u00f3ne. Tieto apartm\u00e1ny \u010dasto zah\u0155\u0148aj\u00fa modern\u00e9 vybavenie, ako je Wi-Fi, dobre vybaven\u00e9 kuchyne a bl\u00edzkos\u0165 ly\u017eiarskych vlekov. Niektor\u00e9 ubytovacie zariadenia pon\u00fakaj\u00fa aj \u010fal\u0161ie vybavenie, ako je pr\u00edstup do ly\u017eiarskej \u0161koly alebo po\u017ei\u010dovne ly\u017eiarskeho vybavenia, v\u010faka \u010domu s\u00fa ide\u00e1lne pre nad\u0161encov ly\u017eovania.<\/p><p>Chaty a penzi\u00f3ny s\u00fa ob\u013e\u00fabenou vo\u013ebou pre rodiny a skupiny priate\u013eov a ceny m\u00f4\u017eu by\u0165 v porovnan\u00ed s luxusn\u00fdmi apartm\u00e1nmi ni\u017e\u0161ie, \u010dasto sa pohybuj\u00fa v rozmedz\u00ed 60 \u2013 80 eur za noc. Penzi\u00f3ny zvy\u010dajne pon\u00fakaj\u00fa stravovanie a \u010fal\u0161ie vybavenie, ako s\u00fa detsk\u00e9 ihrisk\u00e1, k\u00fape\u013en\u00e9 centr\u00e1 a \u0161portovisk\u00e1, ktor\u00e9 prispievaj\u00fa k pr\u00edjemnej dovolenke pre rodinu.<\/p><p>S\u00fakromn\u00e9 \u200b\u200bubytovanie na Jahorine je tie\u017e ob\u013e\u00faben\u00e9 medzi n\u00e1v\u0161tevn\u00edkmi, ktor\u00ed h\u013eadaj\u00fa prijate\u013enej\u0161iu cenu, pri\u010dom niektor\u00e9 vysoko hodnoten\u00e9 nehnute\u013enosti s\u00fa k dispoz\u00edcii u\u017e od 60 eur za noc. Tak\u00e9to nehnute\u013enosti pon\u00fakaj\u00fa \u00fatuln\u00fa atmosf\u00e9ru s dom\u00e1ckym servisom a m\u00f4\u017eu zah\u0155\u0148a\u0165 spolo\u010dn\u00e9 priestory, ako s\u00fa ob\u00fdvacie izby a z\u00e1hrady.<\/p><p>Pre rezerv\u00e1cie a \u010fal\u0161ie inform\u00e1cie o dostupnosti ubytovania sa odpor\u00fa\u010da nav\u0161t\u00edvi\u0165 \u0161pecializovan\u00e9 str\u00e1nky, ako napr\u00edklad Booking.com a podobn\u00e9, kde s\u00fa k dispoz\u00edcii podrobnosti o ponuk\u00e1ch, fotografie nehnute\u013enost\u00ed a recenzie host\u00ed.<\/p>\t\t\t\t\t\t\t\t<\/div>\n\t\t\t\t<\/div>\n\t\t\t\t<\/div>\n\t\t\t\t\t<\/div>\n\t\t\t\t<\/div>\n\t\t\t\t<\/div>\n\t\t","protected":false},"excerpt":{"rendered":"<p>Ceny ubytovania na Jahorine \u2013 Bestblick Apartm\u00e1ny Jahorina pon\u00faka \u0161irok\u00fa \u0161k\u00e1lu mo\u017enost\u00ed ubytovania, od luxusn\u00fdch apartm\u00e1nov a\u017e po cenovo dostupn\u00e9 chaty a penzi\u00f3ny. Ceny ubytovania sa l\u00ed\u0161ia v z\u00e1vislosti od typu nehnute\u013enosti, lokality a \u010fal\u0161\u00edch vymo\u017eenost\u00ed. Ceny luxusn\u00fdch apartm\u00e1nov v bl\u00edzkosti zjazdoviek zvy\u010dajne za\u010d\u00ednaj\u00fa na pribli\u017ene 80 \u2013 100 eur\u00e1ch za noc pre dvoch dospel\u00fdch [&hellip;]<\/p>\n","protected":false},"author":1,"featured_media":0,"parent":0,"menu_order":0,"comment_status":"closed","ping_status":"closed","template":"","meta":{"footnotes":""},"class_list":["post-13292","page","type-page","status-publish","hentry"],"yoast_head":"<!-- This site is optimized with the Yoast SEO plugin v26.4 - https:\/\/yoast.com\/wordpress\/plugins\/seo\/ -->\n<title>Ceny ubytovania na Jahorine - BESTBLICK Apartments Jahorina<\/title>\n<meta name=\"robots\" content=\"index, follow, max-snippet:-1, max-image-preview:large, max-video-preview:-1\" \/>\n<link rel=\"canonical\" href=\"https:\/\/apartments-jahorina.com\/sk\/ceny-ubytovania-na-jahorine\/\" \/>\n<meta property=\"og:locale\" content=\"sk_SK\" \/>\n<meta property=\"og:type\" content=\"article\" \/>\n<meta property=\"og:title\" content=\"Ceny ubytovania na Jahorine - BESTBLICK Apartments Jahorina\" \/>\n<meta property=\"og:description\" content=\"Ceny ubytovania na Jahorine \u2013 Bestblick Apartm\u00e1ny Jahorina pon\u00faka \u0161irok\u00fa \u0161k\u00e1lu mo\u017enost\u00ed ubytovania, od luxusn\u00fdch apartm\u00e1nov a\u017e po cenovo dostupn\u00e9 chaty a penzi\u00f3ny. Ceny ubytovania sa l\u00ed\u0161ia v z\u00e1vislosti od typu nehnute\u013enosti, lokality a \u010fal\u0161\u00edch vymo\u017eenost\u00ed. Ceny luxusn\u00fdch apartm\u00e1nov v bl\u00edzkosti zjazdoviek zvy\u010dajne za\u010d\u00ednaj\u00fa na pribli\u017ene 80 \u2013 100 eur\u00e1ch za noc pre dvoch dospel\u00fdch [&hellip;]\" \/>\n<meta property=\"og:url\" content=\"https:\/\/apartments-jahorina.com\/sk\/ceny-ubytovania-na-jahorine\/\" \/>\n<meta property=\"og:site_name\" content=\"BESTBLICK Apartments Jahorina\" \/>\n<meta property=\"article:modified_time\" content=\"2026-02-02T02:36:06+00:00\" \/>\n<meta name=\"twitter:card\" content=\"summary_large_image\" \/>\n<script type=\"application\/ld+json\" class=\"yoast-schema-graph\">{\"@context\":\"https:\/\/schema.org\",\"@graph\":[{\"@type\":\"WebPage\",\"@id\":\"https:\/\/apartments-jahorina.com\/sk\/ceny-ubytovania-na-jahorine\/\",\"url\":\"https:\/\/apartments-jahorina.com\/sk\/ceny-ubytovania-na-jahorine\/\",\"name\":\"Ceny ubytovania na Jahorine - BESTBLICK Apartments Jahorina\",\"isPartOf\":{\"@id\":\"https:\/\/apartments-jahorina.com\/#website\"},\"datePublished\":\"2026-01-26T20:00:06+00:00\",\"dateModified\":\"2026-02-02T02:36:06+00:00\",\"breadcrumb\":{\"@id\":\"https:\/\/apartments-jahorina.com\/sk\/ceny-ubytovania-na-jahorine\/#breadcrumb\"},\"inLanguage\":\"sk-SK\",\"potentialAction\":[{\"@type\":\"ReadAction\",\"target\":[\"https:\/\/apartments-jahorina.com\/sk\/ceny-ubytovania-na-jahorine\/\"]}]},{\"@type\":\"BreadcrumbList\",\"@id\":\"https:\/\/apartments-jahorina.com\/sk\/ceny-ubytovania-na-jahorine\/#breadcrumb\",\"itemListElement\":[{\"@type\":\"ListItem\",\"position\":1,\"name\":\"Home\",\"item\":\"https:\/\/apartments-jahorina.com\/sk\/\"},{\"@type\":\"ListItem\",\"position\":2,\"name\":\"Ceny ubytovania na Jahorine\"}]},{\"@type\":\"WebSite\",\"@id\":\"https:\/\/apartments-jahorina.com\/#website\",\"url\":\"https:\/\/apartments-jahorina.com\/\",\"name\":\"BESTBLICK Apartments Jahorina\",\"description\":\"Moderni apartmani s pogledom na ski-stazu\",\"potentialAction\":[{\"@type\":\"SearchAction\",\"target\":{\"@type\":\"EntryPoint\",\"urlTemplate\":\"https:\/\/apartments-jahorina.com\/?s={search_term_string}\"},\"query-input\":{\"@type\":\"PropertyValueSpecification\",\"valueRequired\":true,\"valueName\":\"search_term_string\"}}],\"inLanguage\":\"sk-SK\"}]}<\/script>\n<!-- \/ Yoast SEO plugin. -->","yoast_head_json":{"title":"Ceny ubytovania na Jahorine - BESTBLICK Apartments Jahorina","robots":{"index":"index","follow":"follow","max-snippet":"max-snippet:-1","max-image-preview":"max-image-preview:large","max-video-preview":"max-video-preview:-1"},"canonical":"https:\/\/apartments-jahorina.com\/sk\/ceny-ubytovania-na-jahorine\/","og_locale":"sk_SK","og_type":"article","og_title":"Ceny ubytovania na Jahorine - BESTBLICK Apartments Jahorina","og_description":"Ceny ubytovania na Jahorine \u2013 Bestblick Apartm\u00e1ny Jahorina pon\u00faka \u0161irok\u00fa \u0161k\u00e1lu mo\u017enost\u00ed ubytovania, od luxusn\u00fdch apartm\u00e1nov a\u017e po cenovo dostupn\u00e9 chaty a penzi\u00f3ny. Ceny ubytovania sa l\u00ed\u0161ia v z\u00e1vislosti od typu nehnute\u013enosti, lokality a \u010fal\u0161\u00edch vymo\u017eenost\u00ed. Ceny luxusn\u00fdch apartm\u00e1nov v bl\u00edzkosti zjazdoviek zvy\u010dajne za\u010d\u00ednaj\u00fa na pribli\u017ene 80 \u2013 100 eur\u00e1ch za noc pre dvoch dospel\u00fdch [&hellip;]","og_url":"https:\/\/apartments-jahorina.com\/sk\/ceny-ubytovania-na-jahorine\/","og_site_name":"BESTBLICK Apartments Jahorina","article_modified_time":"2026-02-02T02:36:06+00:00","twitter_card":"summary_large_image","schema":{"@context":"https:\/\/schema.org","@graph":[{"@type":"WebPage","@id":"https:\/\/apartments-jahorina.com\/sk\/ceny-ubytovania-na-jahorine\/","url":"https:\/\/apartments-jahorina.com\/sk\/ceny-ubytovania-na-jahorine\/","name":"Ceny ubytovania na Jahorine - BESTBLICK Apartments Jahorina","isPartOf":{"@id":"https:\/\/apartments-jahorina.com\/#website"},"datePublished":"2026-01-26T20:00:06+00:00","dateModified":"2026-02-02T02:36:06+00:00","breadcrumb":{"@id":"https:\/\/apartments-jahorina.com\/sk\/ceny-ubytovania-na-jahorine\/#breadcrumb"},"inLanguage":"sk-SK","potentialAction":[{"@type":"ReadAction","target":["https:\/\/apartments-jahorina.com\/sk\/ceny-ubytovania-na-jahorine\/"]}]},{"@type":"BreadcrumbList","@id":"https:\/\/apartments-jahorina.com\/sk\/ceny-ubytovania-na-jahorine\/#breadcrumb","itemListElement":[{"@type":"ListItem","position":1,"name":"Home","item":"https:\/\/apartments-jahorina.com\/sk\/"},{"@type":"ListItem","position":2,"name":"Ceny ubytovania na Jahorine"}]},{"@type":"WebSite","@id":"https:\/\/apartments-jahorina.com\/#website","url":"https:\/\/apartments-jahorina.com\/","name":"BESTBLICK Apartments Jahorina","description":"Moderni apartmani s pogledom na ski-stazu","potentialAction":[{"@type":"SearchAction","target":{"@type":"EntryPoint","urlTemplate":"https:\/\/apartments-jahorina.com\/?s={search_term_string}"},"query-input":{"@type":"PropertyValueSpecification","valueRequired":true,"valueName":"search_term_string"}}],"inLanguage":"sk-SK"}]}},"_links":{"self":[{"href":"https:\/\/apartments-jahorina.com\/sk\/wp-json\/wp\/v2\/pages\/13292","targetHints":{"allow":["GET"]}}],"collection":[{"href":"https:\/\/apartments-jahorina.com\/sk\/wp-json\/wp\/v2\/pages"}],"about":[{"href":"https:\/\/apartments-jahorina.com\/sk\/wp-json\/wp\/v2\/types\/page"}],"author":[{"embeddable":true,"href":"https:\/\/apartments-jahorina.com\/sk\/wp-json\/wp\/v2\/users\/1"}],"replies":[{"embeddable":true,"href":"https:\/\/apartments-jahorina.com\/sk\/wp-json\/wp\/v2\/comments?post=13292"}],"version-history":[{"count":5,"href":"https:\/\/apartments-jahorina.com\/sk\/wp-json\/wp\/v2\/pages\/13292\/revisions"}],"predecessor-version":[{"id":13340,"href":"https:\/\/apartments-jahorina.com\/sk\/wp-json\/wp\/v2\/pages\/13292\/revisions\/13340"}],"wp:attachment":[{"href":"https:\/\/apartments-jahorina.com\/sk\/wp-json\/wp\/v2\/media?parent=13292"}],"curies":[{"name":"wp","href":"https:\/\/api.w.org\/{rel}","templated":true}]}}