{"id":13350,"date":"2026-02-02T03:02:21","date_gmt":"2026-02-02T03:02:21","guid":{"rendered":"https:\/\/apartments-jahorina.com\/?page_id=13350"},"modified":"2026-02-03T11:46:13","modified_gmt":"2026-02-03T11:46:13","slug":"prenajom-ubytovania-na-jahorine","status":"publish","type":"page","link":"https:\/\/apartments-jahorina.com\/sk\/prenajom-ubytovania-na-jahorine\/","title":{"rendered":"Pren\u00e1jom ubytovania na Jahorine"},"content":{"rendered":"\t\t<div data-elementor-type=\"wp-page\" data-elementor-id=\"13350\" class=\"elementor elementor-13350 elementor-13345\">\n\t\t\t\t<div class=\"elementor-element elementor-element-12b6bd6 e-flex e-con-boxed e-con e-parent\" data-id=\"12b6bd6\" data-element_type=\"container\">\n\t\t\t\t\t<div class=\"e-con-inner\">\n\t\t<div class=\"elementor-element elementor-element-7b8b529 e-con-full e-flex e-con e-child\" data-id=\"7b8b529\" data-element_type=\"container\">\n\t\t<div class=\"elementor-element elementor-element-52f5450 e-con-full e-flex e-con e-child\" data-id=\"52f5450\" data-element_type=\"container\">\n\t\t\t\t<div class=\"elementor-element elementor-element-ef7ac5e elementor-absolute elementor-hidden-mobile elementor-view-default elementor-invisible elementor-widget elementor-widget-icon\" data-id=\"ef7ac5e\" data-element_type=\"widget\" data-settings=\"{&quot;_position&quot;:&quot;absolute&quot;,&quot;motion_fx_motion_fx_scrolling&quot;:&quot;yes&quot;,&quot;motion_fx_translateX_effect&quot;:&quot;yes&quot;,&quot;motion_fx_translateX_speed&quot;:{&quot;unit&quot;:&quot;px&quot;,&quot;size&quot;:1.5,&quot;sizes&quot;:[]},&quot;_animation&quot;:&quot;opal-move-right&quot;,&quot;motion_fx_translateX_affectedRange&quot;:{&quot;unit&quot;:&quot;%&quot;,&quot;size&quot;:&quot;&quot;,&quot;sizes&quot;:{&quot;start&quot;:0,&quot;end&quot;:100}},&quot;motion_fx_devices&quot;:[&quot;desktop&quot;,&quot;laptop&quot;,&quot;tablet_extra&quot;,&quot;tablet&quot;,&quot;mobile_extra&quot;,&quot;mobile&quot;]}\" data-widget_type=\"icon.default\">\n\t\t\t\t\t\t\t<div class=\"elementor-icon-wrapper\">\n\t\t\t<div class=\"elementor-icon\">\n\t\t\t\t\t\t<\/div>\n\t\t<\/div>\n\t\t\t\t\t\t<\/div>\n\t\t\t\t<div class=\"elementor-element elementor-element-7a3b481 elementor-widget__width-auto elementor-absolute elementor-hidden-mobile elementor-view-default elementor-invisible elementor-widget elementor-widget-icon\" data-id=\"7a3b481\" data-element_type=\"widget\" data-settings=\"{&quot;_position&quot;:&quot;absolute&quot;,&quot;motion_fx_motion_fx_scrolling&quot;:&quot;yes&quot;,&quot;motion_fx_translateY_effect&quot;:&quot;yes&quot;,&quot;motion_fx_translateY_direction&quot;:&quot;negative&quot;,&quot;motion_fx_translateY_speed&quot;:{&quot;unit&quot;:&quot;px&quot;,&quot;size&quot;:1.2,&quot;sizes&quot;:[]},&quot;_animation&quot;:&quot;opal-move-down&quot;,&quot;motion_fx_translateY_affectedRange&quot;:{&quot;unit&quot;:&quot;%&quot;,&quot;size&quot;:&quot;&quot;,&quot;sizes&quot;:{&quot;start&quot;:0,&quot;end&quot;:100}},&quot;motion_fx_devices&quot;:[&quot;desktop&quot;,&quot;laptop&quot;,&quot;tablet_extra&quot;,&quot;tablet&quot;,&quot;mobile_extra&quot;,&quot;mobile&quot;]}\" data-widget_type=\"icon.default\">\n\t\t\t\t\t\t\t<div class=\"elementor-icon-wrapper\">\n\t\t\t<div class=\"elementor-icon\">\n\t\t\t\t\t\t<\/div>\n\t\t<\/div>\n\t\t\t\t\t\t<\/div>\n\t\t\t\t<\/div>\n\t\t<div class=\"elementor-element elementor-element-4e0b3cc e-con-full e-flex e-con e-child\" data-id=\"4e0b3cc\" data-element_type=\"container\">\n\t\t\t\t<div class=\"elementor-element elementor-element-6bc46d3 elementor-widget__width-initial elementor-invisible elementor-widget elementor-widget-heading\" data-id=\"6bc46d3\" data-element_type=\"widget\" data-settings=\"{&quot;_animation&quot;:&quot;opal-move-left&quot;}\" data-widget_type=\"heading.default\">\n\t\t\t\t\t<h2 data-cursor=\"-opaque\" class=\"elementor-heading-title elementor-size-default\">Pren\u00e1jom ubytovania na Jahorine \u2013  <span class=\"c-primary\">Ide\u00e1lna dovolenka pre milovn\u00edkov pr\u00edrody a ly\u017eovania<\/span><\/h2>\t\t\t\t<\/div>\n\t\t\t\t<div class=\"elementor-element elementor-element-4aa09f6 elementor-widget__width-initial elementor-invisible elementor-widget elementor-widget-text-editor\" data-id=\"4aa09f6\" data-element_type=\"widget\" data-settings=\"{&quot;_animation&quot;:&quot;opal-move-left&quot;}\" data-widget_type=\"text-editor.default\">\n\t\t\t\t\t\t\t\t\t<span dir=\"auto\">Jahorina je ob\u013e\u00fabenou destin\u00e1ciou milovn\u00edkov zimn\u00fdch \u0161portov a pr\u00edrody a pren\u00e1jom ubytovania na tejto hore pon\u00faka \u0161irok\u00fa \u0161k\u00e1lu mo\u017enost\u00ed, od luxusn\u00fdch\u00a0<\/span><a href=\"https:\/\/apartments-jahorina.com\/sk\/prenajom-ubytovania-na-jahorine\/\"><span dir=\"auto\">apartm\u00e1nov<\/span><\/a><span dir=\"auto\">\u00a0a\u017e po pohodln\u00e9 chaty a cenovo dostupn\u00e9 penzi\u00f3ny. Ubytovanie sa nach\u00e1dza v bl\u00edzkosti hlavn\u00fdch zjazdoviek, \u010do je ide\u00e1lne pre host\u00ed, ktor\u00ed chc\u00fa r\u00fdchly pr\u00edstup k ly\u017eiarskym stredisk\u00e1m a horsk\u00fdm aktivit\u00e1m.<\/span>\t\t\t\t\t\t\t\t<\/div>\n\t\t\t\t<\/div>\n\t\t\t\t<\/div>\n\t\t<div class=\"elementor-element elementor-element-300ae1a e-con-full e-flex e-con e-child\" data-id=\"300ae1a\" data-element_type=\"container\">\n\t\t<div class=\"elementor-element elementor-element-70f5e3f e-con-full e-flex e-con e-child\" data-id=\"70f5e3f\" data-element_type=\"container\">\n\t\t\t\t<div class=\"elementor-element elementor-element-67151ae elementor-invisible elementor-widget elementor-widget-n-accordion\" data-id=\"67151ae\" data-element_type=\"widget\" data-settings=\"{&quot;_animation&quot;:&quot;opal-move-right&quot;,&quot;default_state&quot;:&quot;all_collapsed&quot;,&quot;max_items_expended&quot;:&quot;one&quot;,&quot;n_accordion_animation_duration&quot;:{&quot;unit&quot;:&quot;ms&quot;,&quot;size&quot;:400,&quot;sizes&quot;:[]}}\" data-widget_type=\"nested-accordion.default\">\n\t\t\t\t\t\t\t<div class=\"e-n-accordion\" aria-label=\"Accordion. Open links with Enter or Space, close with Escape, and navigate with Arrow Keys\">\n\t\t\t\t\t\t<details id=\"e-n-accordion-item-1080\" class=\"e-n-accordion-item\" >\n\t\t\t\t<summary class=\"e-n-accordion-item-title\" data-accordion-index=\"1\" tabindex=\"0\" aria-expanded=\"false\" aria-controls=\"e-n-accordion-item-1080\" >\n\t\t\t\t\t<span class='e-n-accordion-item-title-header'><div class=\"e-n-accordion-item-title-text\"> Typy ubytovania na pren\u00e1jom na Jahorine <\/div><\/span>\n\t\t\t\t\t\t\t<span class='e-n-accordion-item-title-icon'>\n\t\t\t<span class='e-opened' ><i aria-hidden=\"true\" class=\"antra-icon- antra-icon-minus\"><\/i><\/span>\n\t\t\t<span class='e-closed'><i aria-hidden=\"true\" class=\"antra-icon- antra-icon-plus\"><\/i><\/span>\n\t\t<\/span>\n\n\t\t\t\t\t\t<\/summary>\n\t\t\t\t<div role=\"region\" aria-labelledby=\"e-n-accordion-item-1080\" class=\"elementor-element elementor-element-efa299f e-con-full e-flex e-con e-child\" data-id=\"efa299f\" data-element_type=\"container\">\n\t\t\t\t<div class=\"elementor-element elementor-element-bf5b1c6 elementor-widget__width-initial elementor-widget elementor-widget-text-editor\" data-id=\"bf5b1c6\" data-element_type=\"widget\" data-widget_type=\"text-editor.default\">\n\t\t\t\t\t\t\t\t\t<ol><li><strong><span dir=\"auto\">Apartm\u00e1ny a byty<\/span><\/strong><span dir=\"auto\">\u00a0\u2013 Ide\u00e1lna vo\u013eba pre p\u00e1ry a rodiny. Apartm\u00e1ny s\u00fa vybaven\u00e9 modern\u00fdm vybaven\u00edm, pon\u00fakaj\u00fa Wi-Fi, kuchyne a priestrann\u00e9 izby s cenami od 60 do 200 eur za noc v z\u00e1vislosti od ro\u010dn\u00e9ho obdobia a lokality.<\/span><\/li><li><strong><span dir=\"auto\">Chatky<\/span><\/strong><span dir=\"auto\">\u00a0&#8211; Dreven\u00e9 domy nach\u00e1dzaj\u00face sa v tich\u0161\u00edch \u010dastiach Jahoriny s\u00fa ide\u00e1lnou vo\u013ebou pre skupiny, ktor\u00e9 chc\u00fa s\u00fakromie. Chatky pon\u00fakaj\u00fa skuto\u010dn\u00fa horsk\u00fa atmosf\u00e9ru a \u010dasto maj\u00fa krb, terasu a kuchynsk\u00fd k\u00fat.<\/span><\/li><li><strong><span dir=\"auto\">Hotely a penzi\u00f3ny<\/span><\/strong><span dir=\"auto\">\u00a0\u2013 Pon\u00fakaj\u00fa \u010fal\u0161ie v\u00fdhody, ako s\u00fa ra\u0148ajky, wellness centr\u00e1 a organizovan\u00e9 z\u00e1jazdy. Ceny sa l\u00ed\u0161ia, ale poskytuj\u00fa vynikaj\u00facu vo\u013ebu pre t\u00fdch, ktor\u00ed chc\u00fa doplnkov\u00e9 slu\u017eby a pohodlie.<\/span><\/li><li><strong><span dir=\"auto\">Skupinov\u00e9 vily<\/span><\/strong><span dir=\"auto\">\u00a0\u2013 Ide\u00e1lne pre v\u00e4\u010d\u0161ie skupiny a rodiny s \u010fal\u0161\u00edmi v\u00fdhodami, ako s\u00fa s\u00fakromn\u00e9 \u200b\u200bz\u00e1hrady, sauna a bl\u00edzkos\u0165 hlavn\u00fdch turistick\u00fdch chodn\u00edkov, s cenami od 150 eur za noc a viac.<\/span><\/li><\/ol>\t\t\t\t\t\t\t\t<\/div>\n\t\t\t\t<\/div>\n\t\t\t\t\t<\/details>\n\t\t\t\t\t\t<details id=\"e-n-accordion-item-1081\" class=\"e-n-accordion-item\" >\n\t\t\t\t<summary class=\"e-n-accordion-item-title\" data-accordion-index=\"2\" tabindex=\"-1\" aria-expanded=\"false\" aria-controls=\"e-n-accordion-item-1081\" >\n\t\t\t\t\t<span class='e-n-accordion-item-title-header'><div class=\"e-n-accordion-item-title-text\"> Ceny pren\u00e1jmu <\/div><\/span>\n\t\t\t\t\t\t\t<span class='e-n-accordion-item-title-icon'>\n\t\t\t<span class='e-opened' ><i aria-hidden=\"true\" class=\"antra-icon- antra-icon-minus\"><\/i><\/span>\n\t\t\t<span class='e-closed'><i aria-hidden=\"true\" class=\"antra-icon- antra-icon-plus\"><\/i><\/span>\n\t\t<\/span>\n\n\t\t\t\t\t\t<\/summary>\n\t\t\t\t<div role=\"region\" aria-labelledby=\"e-n-accordion-item-1081\" class=\"elementor-element elementor-element-f0098d4 e-con-full e-flex e-con e-child\" data-id=\"f0098d4\" data-element_type=\"container\">\n\t\t\t\t<div class=\"elementor-element elementor-element-6580925 elementor-widget__width-initial elementor-widget elementor-widget-text-editor\" data-id=\"6580925\" data-element_type=\"widget\" data-widget_type=\"text-editor.default\">\n\t\t\t\t\t\t\t\t\t<span dir=\"auto\">V sez\u00f3ne dosahuj\u00fa ceny ubytovania na Jahorine vrchol a kv\u00f4li vysok\u00e9mu dopytu sa odpor\u00fa\u010da rezerv\u00e1cia vopred. Ceny apartm\u00e1nov sa v zimn\u00fdch mesiacoch pohybuj\u00fa okolo 80 \u2013 200 eur za noc, pri\u010dom mimo sez\u00f3ny ceny v\u00fdrazne klesaj\u00fa. Chaty a vily m\u00f4\u017eu by\u0165 drah\u0161ie, najm\u00e4 v bl\u00edzkosti ob\u013e\u00faben\u00fdch tr\u00e1s a turistick\u00fdch oblast\u00ed.<\/span>\n\n<span dir=\"auto\">Pre rezerv\u00e1cie a \u010fal\u0161ie inform\u00e1cie o ubytovan\u00ed na Jahorine odpor\u00fa\u010dame platformy ako\u00a0<\/span><a href=\"https:\/\/www.booking.com\/hotel\/ba\/bestblick-apartments-jahorina-snjezna-dolina.en-gb.html\"><strong><span dir=\"auto\">booking.com<\/span><\/strong><\/a><span dir=\"auto\">\u00a0a \u0161pecializovan\u00e9 cestovn\u00e9 kancel\u00e1rie, ktor\u00e9 pon\u00fakaj\u00fa aktu\u00e1lne inform\u00e1cie o cen\u00e1ch, dostupnosti a recenzi\u00e1ch host\u00ed.<\/span>\t\t\t\t\t\t\t\t<\/div>\n\t\t\t\t<\/div>\n\t\t\t\t\t<\/details>\n\t\t\t\t\t<\/div>\n\t\t\t\t\t\t<\/div>\n\t\t\t\t<\/div>\n\t\t<div class=\"elementor-element elementor-element-7c44126 e-con-full e-flex e-con e-child\" data-id=\"7c44126\" data-element_type=\"container\">\n\t\t\t\t<div class=\"elementor-element elementor-element-5b562f9 elementor-invisible elementor-widget elementor-widget-image\" data-id=\"5b562f9\" data-element_type=\"widget\" data-settings=\"{&quot;_animation&quot;:&quot;opal-move-left&quot;}\" data-widget_type=\"image.default\">\n\t\t\t\t\t<div class=\"antra-wrapper-image-widget\" data-cursor=\"-opaque\">\t\t\t\t\t\t\t\t\t\t<img loading=\"lazy\" decoding=\"async\" width=\"2560\" height=\"1440\" src=\"https:\/\/apartments-jahorina.com\/wp-content\/uploads\/2025\/11\/gal3-scaled.jpg\" class=\"attachment-full size-full wp-image-11092\" alt=\"\" srcset=\"https:\/\/apartments-jahorina.com\/wp-content\/uploads\/2025\/11\/gal3-scaled.jpg 2560w, https:\/\/apartments-jahorina.com\/wp-content\/uploads\/2025\/11\/gal3-300x169.jpg 300w, https:\/\/apartments-jahorina.com\/wp-content\/uploads\/2025\/11\/gal3-1024x576.jpg 1024w, https:\/\/apartments-jahorina.com\/wp-content\/uploads\/2025\/11\/gal3-768x432.jpg 768w, https:\/\/apartments-jahorina.com\/wp-content\/uploads\/2025\/11\/gal3-1536x864.jpg 1536w, https:\/\/apartments-jahorina.com\/wp-content\/uploads\/2025\/11\/gal3-2048x1152.jpg 2048w, https:\/\/apartments-jahorina.com\/wp-content\/uploads\/2025\/11\/gal3-860x484.jpg 860w, https:\/\/apartments-jahorina.com\/wp-content\/uploads\/2025\/11\/gal3-1000x563.jpg 1000w\" sizes=\"(max-width: 2560px) 100vw, 2560px\" \/>\t\t\t\t\t\t\t\t\t\t\t<\/div>\t\t\t\t<\/div>\n\t\t\t\t<\/div>\n\t\t\t\t<\/div>\n\t\t\t\t\t<\/div>\n\t\t\t\t<\/div>\n\t\t\t\t<\/div>\n\t\t","protected":false},"excerpt":{"rendered":"<p>Pren\u00e1jom ubytovania na Jahorine \u2013 Ide\u00e1lna dovolenka pre milovn\u00edkov pr\u00edrody a ly\u017eovania Jahorina je ob\u013e\u00fabenou destin\u00e1ciou milovn\u00edkov zimn\u00fdch \u0161portov a pr\u00edrody a pren\u00e1jom ubytovania na tejto hore pon\u00faka \u0161irok\u00fa \u0161k\u00e1lu mo\u017enost\u00ed, od luxusn\u00fdch\u00a0apartm\u00e1nov\u00a0a\u017e po pohodln\u00e9 chaty a cenovo dostupn\u00e9 penzi\u00f3ny. Ubytovanie sa nach\u00e1dza v bl\u00edzkosti hlavn\u00fdch zjazdoviek, \u010do je ide\u00e1lne pre host\u00ed, ktor\u00ed chc\u00fa r\u00fdchly [&hellip;]<\/p>\n","protected":false},"author":1,"featured_media":0,"parent":0,"menu_order":0,"comment_status":"closed","ping_status":"closed","template":"","meta":{"footnotes":""},"class_list":["post-13350","page","type-page","status-publish","hentry"],"yoast_head":"<!-- This site is optimized with the Yoast SEO plugin v26.4 - https:\/\/yoast.com\/wordpress\/plugins\/seo\/ -->\n<title>Pren\u00e1jom ubytovania na Jahorine - BESTBLICK Apartments Jahorina<\/title>\n<meta name=\"robots\" content=\"index, follow, max-snippet:-1, max-image-preview:large, max-video-preview:-1\" \/>\n<link rel=\"canonical\" href=\"https:\/\/apartments-jahorina.com\/sk\/prenajom-ubytovania-na-jahorine\/\" \/>\n<meta property=\"og:locale\" content=\"sk_SK\" \/>\n<meta property=\"og:type\" content=\"article\" \/>\n<meta property=\"og:title\" content=\"Pren\u00e1jom ubytovania na Jahorine - BESTBLICK Apartments Jahorina\" \/>\n<meta property=\"og:description\" content=\"Pren\u00e1jom ubytovania na Jahorine \u2013 Ide\u00e1lna dovolenka pre milovn\u00edkov pr\u00edrody a ly\u017eovania Jahorina je ob\u013e\u00fabenou destin\u00e1ciou milovn\u00edkov zimn\u00fdch \u0161portov a pr\u00edrody a pren\u00e1jom ubytovania na tejto hore pon\u00faka \u0161irok\u00fa \u0161k\u00e1lu mo\u017enost\u00ed, od luxusn\u00fdch\u00a0apartm\u00e1nov\u00a0a\u017e po pohodln\u00e9 chaty a cenovo dostupn\u00e9 penzi\u00f3ny. Ubytovanie sa nach\u00e1dza v bl\u00edzkosti hlavn\u00fdch zjazdoviek, \u010do je ide\u00e1lne pre host\u00ed, ktor\u00ed chc\u00fa r\u00fdchly [&hellip;]\" \/>\n<meta property=\"og:url\" content=\"https:\/\/apartments-jahorina.com\/sk\/prenajom-ubytovania-na-jahorine\/\" \/>\n<meta property=\"og:site_name\" content=\"BESTBLICK Apartments Jahorina\" \/>\n<meta property=\"article:modified_time\" content=\"2026-02-03T11:46:13+00:00\" \/>\n<meta property=\"og:image\" content=\"https:\/\/apartments-jahorina.com\/wp-content\/uploads\/2025\/11\/gal3-scaled.jpg\" \/>\n\t<meta property=\"og:image:width\" content=\"2560\" \/>\n\t<meta property=\"og:image:height\" content=\"1440\" \/>\n\t<meta property=\"og:image:type\" content=\"image\/jpeg\" \/>\n<meta name=\"twitter:card\" content=\"summary_large_image\" \/>\n<script type=\"application\/ld+json\" class=\"yoast-schema-graph\">{\"@context\":\"https:\/\/schema.org\",\"@graph\":[{\"@type\":\"WebPage\",\"@id\":\"https:\/\/apartments-jahorina.com\/sk\/prenajom-ubytovania-na-jahorine\/\",\"url\":\"https:\/\/apartments-jahorina.com\/sk\/prenajom-ubytovania-na-jahorine\/\",\"name\":\"Pren\u00e1jom ubytovania na Jahorine - BESTBLICK Apartments Jahorina\",\"isPartOf\":{\"@id\":\"https:\/\/apartments-jahorina.com\/#website\"},\"primaryImageOfPage\":{\"@id\":\"https:\/\/apartments-jahorina.com\/sk\/prenajom-ubytovania-na-jahorine\/#primaryimage\"},\"image\":{\"@id\":\"https:\/\/apartments-jahorina.com\/sk\/prenajom-ubytovania-na-jahorine\/#primaryimage\"},\"thumbnailUrl\":\"https:\/\/apartments-jahorina.com\/wp-content\/uploads\/2025\/11\/gal3-scaled.jpg\",\"datePublished\":\"2026-02-02T03:02:21+00:00\",\"dateModified\":\"2026-02-03T11:46:13+00:00\",\"breadcrumb\":{\"@id\":\"https:\/\/apartments-jahorina.com\/sk\/prenajom-ubytovania-na-jahorine\/#breadcrumb\"},\"inLanguage\":\"sk-SK\",\"potentialAction\":[{\"@type\":\"ReadAction\",\"target\":[\"https:\/\/apartments-jahorina.com\/sk\/prenajom-ubytovania-na-jahorine\/\"]}]},{\"@type\":\"ImageObject\",\"inLanguage\":\"sk-SK\",\"@id\":\"https:\/\/apartments-jahorina.com\/sk\/prenajom-ubytovania-na-jahorine\/#primaryimage\",\"url\":\"https:\/\/apartments-jahorina.com\/wp-content\/uploads\/2025\/11\/gal3-scaled.jpg\",\"contentUrl\":\"https:\/\/apartments-jahorina.com\/wp-content\/uploads\/2025\/11\/gal3-scaled.jpg\"},{\"@type\":\"BreadcrumbList\",\"@id\":\"https:\/\/apartments-jahorina.com\/sk\/prenajom-ubytovania-na-jahorine\/#breadcrumb\",\"itemListElement\":[{\"@type\":\"ListItem\",\"position\":1,\"name\":\"Home\",\"item\":\"https:\/\/apartments-jahorina.com\/sk\/\"},{\"@type\":\"ListItem\",\"position\":2,\"name\":\"Pren\u00e1jom ubytovania na Jahorine\"}]},{\"@type\":\"WebSite\",\"@id\":\"https:\/\/apartments-jahorina.com\/#website\",\"url\":\"https:\/\/apartments-jahorina.com\/\",\"name\":\"BESTBLICK Apartments Jahorina\",\"description\":\"Moderni apartmani s pogledom na ski-stazu\",\"potentialAction\":[{\"@type\":\"SearchAction\",\"target\":{\"@type\":\"EntryPoint\",\"urlTemplate\":\"https:\/\/apartments-jahorina.com\/?s={search_term_string}\"},\"query-input\":{\"@type\":\"PropertyValueSpecification\",\"valueRequired\":true,\"valueName\":\"search_term_string\"}}],\"inLanguage\":\"sk-SK\"}]}<\/script>\n<!-- \/ Yoast SEO plugin. -->","yoast_head_json":{"title":"Pren\u00e1jom ubytovania na Jahorine - BESTBLICK Apartments Jahorina","robots":{"index":"index","follow":"follow","max-snippet":"max-snippet:-1","max-image-preview":"max-image-preview:large","max-video-preview":"max-video-preview:-1"},"canonical":"https:\/\/apartments-jahorina.com\/sk\/prenajom-ubytovania-na-jahorine\/","og_locale":"sk_SK","og_type":"article","og_title":"Pren\u00e1jom ubytovania na Jahorine - BESTBLICK Apartments Jahorina","og_description":"Pren\u00e1jom ubytovania na Jahorine \u2013 Ide\u00e1lna dovolenka pre milovn\u00edkov pr\u00edrody a ly\u017eovania Jahorina je ob\u013e\u00fabenou destin\u00e1ciou milovn\u00edkov zimn\u00fdch \u0161portov a pr\u00edrody a pren\u00e1jom ubytovania na tejto hore pon\u00faka \u0161irok\u00fa \u0161k\u00e1lu mo\u017enost\u00ed, od luxusn\u00fdch\u00a0apartm\u00e1nov\u00a0a\u017e po pohodln\u00e9 chaty a cenovo dostupn\u00e9 penzi\u00f3ny. Ubytovanie sa nach\u00e1dza v bl\u00edzkosti hlavn\u00fdch zjazdoviek, \u010do je ide\u00e1lne pre host\u00ed, ktor\u00ed chc\u00fa r\u00fdchly [&hellip;]","og_url":"https:\/\/apartments-jahorina.com\/sk\/prenajom-ubytovania-na-jahorine\/","og_site_name":"BESTBLICK Apartments Jahorina","article_modified_time":"2026-02-03T11:46:13+00:00","og_image":[{"width":2560,"height":1440,"url":"https:\/\/apartments-jahorina.com\/wp-content\/uploads\/2025\/11\/gal3-scaled.jpg","type":"image\/jpeg"}],"twitter_card":"summary_large_image","schema":{"@context":"https:\/\/schema.org","@graph":[{"@type":"WebPage","@id":"https:\/\/apartments-jahorina.com\/sk\/prenajom-ubytovania-na-jahorine\/","url":"https:\/\/apartments-jahorina.com\/sk\/prenajom-ubytovania-na-jahorine\/","name":"Pren\u00e1jom ubytovania na Jahorine - BESTBLICK Apartments Jahorina","isPartOf":{"@id":"https:\/\/apartments-jahorina.com\/#website"},"primaryImageOfPage":{"@id":"https:\/\/apartments-jahorina.com\/sk\/prenajom-ubytovania-na-jahorine\/#primaryimage"},"image":{"@id":"https:\/\/apartments-jahorina.com\/sk\/prenajom-ubytovania-na-jahorine\/#primaryimage"},"thumbnailUrl":"https:\/\/apartments-jahorina.com\/wp-content\/uploads\/2025\/11\/gal3-scaled.jpg","datePublished":"2026-02-02T03:02:21+00:00","dateModified":"2026-02-03T11:46:13+00:00","breadcrumb":{"@id":"https:\/\/apartments-jahorina.com\/sk\/prenajom-ubytovania-na-jahorine\/#breadcrumb"},"inLanguage":"sk-SK","potentialAction":[{"@type":"ReadAction","target":["https:\/\/apartments-jahorina.com\/sk\/prenajom-ubytovania-na-jahorine\/"]}]},{"@type":"ImageObject","inLanguage":"sk-SK","@id":"https:\/\/apartments-jahorina.com\/sk\/prenajom-ubytovania-na-jahorine\/#primaryimage","url":"https:\/\/apartments-jahorina.com\/wp-content\/uploads\/2025\/11\/gal3-scaled.jpg","contentUrl":"https:\/\/apartments-jahorina.com\/wp-content\/uploads\/2025\/11\/gal3-scaled.jpg"},{"@type":"BreadcrumbList","@id":"https:\/\/apartments-jahorina.com\/sk\/prenajom-ubytovania-na-jahorine\/#breadcrumb","itemListElement":[{"@type":"ListItem","position":1,"name":"Home","item":"https:\/\/apartments-jahorina.com\/sk\/"},{"@type":"ListItem","position":2,"name":"Pren\u00e1jom ubytovania na Jahorine"}]},{"@type":"WebSite","@id":"https:\/\/apartments-jahorina.com\/#website","url":"https:\/\/apartments-jahorina.com\/","name":"BESTBLICK Apartments Jahorina","description":"Moderni apartmani s pogledom na ski-stazu","potentialAction":[{"@type":"SearchAction","target":{"@type":"EntryPoint","urlTemplate":"https:\/\/apartments-jahorina.com\/?s={search_term_string}"},"query-input":{"@type":"PropertyValueSpecification","valueRequired":true,"valueName":"search_term_string"}}],"inLanguage":"sk-SK"}]}},"_links":{"self":[{"href":"https:\/\/apartments-jahorina.com\/sk\/wp-json\/wp\/v2\/pages\/13350","targetHints":{"allow":["GET"]}}],"collection":[{"href":"https:\/\/apartments-jahorina.com\/sk\/wp-json\/wp\/v2\/pages"}],"about":[{"href":"https:\/\/apartments-jahorina.com\/sk\/wp-json\/wp\/v2\/types\/page"}],"author":[{"embeddable":true,"href":"https:\/\/apartments-jahorina.com\/sk\/wp-json\/wp\/v2\/users\/1"}],"replies":[{"embeddable":true,"href":"https:\/\/apartments-jahorina.com\/sk\/wp-json\/wp\/v2\/comments?post=13350"}],"version-history":[{"count":9,"href":"https:\/\/apartments-jahorina.com\/sk\/wp-json\/wp\/v2\/pages\/13350\/revisions"}],"predecessor-version":[{"id":13434,"href":"https:\/\/apartments-jahorina.com\/sk\/wp-json\/wp\/v2\/pages\/13350\/revisions\/13434"}],"wp:attachment":[{"href":"https:\/\/apartments-jahorina.com\/sk\/wp-json\/wp\/v2\/media?parent=13350"}],"curies":[{"name":"wp","href":"https:\/\/api.w.org\/{rel}","templated":true}]}}