{"id":13440,"date":"2026-02-04T02:20:19","date_gmt":"2026-02-04T02:20:19","guid":{"rendered":"https:\/\/apartments-jahorina.com\/?page_id=13440"},"modified":"2026-02-04T02:47:41","modified_gmt":"2026-02-04T02:47:41","slug":"kam-lyzovat","status":"publish","type":"page","link":"https:\/\/apartments-jahorina.com\/sk\/kam-lyzovat\/","title":{"rendered":"Kam ly\u017eova\u0165?"},"content":{"rendered":"\t\t<div data-elementor-type=\"wp-page\" data-elementor-id=\"13440\" class=\"elementor elementor-13440 elementor-13435\">\n\t\t\t\t<div class=\"elementor-element elementor-element-12b6bd6 e-flex e-con-boxed e-con e-parent\" data-id=\"12b6bd6\" data-element_type=\"container\">\n\t\t\t\t\t<div class=\"e-con-inner\">\n\t\t<div class=\"elementor-element elementor-element-7b8b529 e-con-full e-flex e-con e-child\" data-id=\"7b8b529\" data-element_type=\"container\">\n\t\t<div class=\"elementor-element elementor-element-52f5450 e-con-full e-flex e-con e-child\" data-id=\"52f5450\" data-element_type=\"container\">\n\t\t\t\t<div class=\"elementor-element elementor-element-ef7ac5e elementor-absolute elementor-hidden-mobile elementor-view-default elementor-invisible elementor-widget elementor-widget-icon\" data-id=\"ef7ac5e\" data-element_type=\"widget\" data-settings=\"{&quot;_position&quot;:&quot;absolute&quot;,&quot;motion_fx_motion_fx_scrolling&quot;:&quot;yes&quot;,&quot;motion_fx_translateX_effect&quot;:&quot;yes&quot;,&quot;motion_fx_translateX_speed&quot;:{&quot;unit&quot;:&quot;px&quot;,&quot;size&quot;:1.5,&quot;sizes&quot;:[]},&quot;_animation&quot;:&quot;opal-move-right&quot;,&quot;motion_fx_translateX_affectedRange&quot;:{&quot;unit&quot;:&quot;%&quot;,&quot;size&quot;:&quot;&quot;,&quot;sizes&quot;:{&quot;start&quot;:0,&quot;end&quot;:100}},&quot;motion_fx_devices&quot;:[&quot;desktop&quot;,&quot;laptop&quot;,&quot;tablet_extra&quot;,&quot;tablet&quot;,&quot;mobile_extra&quot;,&quot;mobile&quot;]}\" data-widget_type=\"icon.default\">\n\t\t\t\t\t\t\t<div class=\"elementor-icon-wrapper\">\n\t\t\t<div class=\"elementor-icon\">\n\t\t\t\t\t\t<\/div>\n\t\t<\/div>\n\t\t\t\t\t\t<\/div>\n\t\t\t\t<div class=\"elementor-element elementor-element-7a3b481 elementor-widget__width-auto elementor-absolute elementor-hidden-mobile elementor-view-default elementor-invisible elementor-widget elementor-widget-icon\" data-id=\"7a3b481\" data-element_type=\"widget\" data-settings=\"{&quot;_position&quot;:&quot;absolute&quot;,&quot;motion_fx_motion_fx_scrolling&quot;:&quot;yes&quot;,&quot;motion_fx_translateY_effect&quot;:&quot;yes&quot;,&quot;motion_fx_translateY_direction&quot;:&quot;negative&quot;,&quot;motion_fx_translateY_speed&quot;:{&quot;unit&quot;:&quot;px&quot;,&quot;size&quot;:1.2,&quot;sizes&quot;:[]},&quot;_animation&quot;:&quot;opal-move-down&quot;,&quot;motion_fx_translateY_affectedRange&quot;:{&quot;unit&quot;:&quot;%&quot;,&quot;size&quot;:&quot;&quot;,&quot;sizes&quot;:{&quot;start&quot;:0,&quot;end&quot;:100}},&quot;motion_fx_devices&quot;:[&quot;desktop&quot;,&quot;laptop&quot;,&quot;tablet_extra&quot;,&quot;tablet&quot;,&quot;mobile_extra&quot;,&quot;mobile&quot;]}\" data-widget_type=\"icon.default\">\n\t\t\t\t\t\t\t<div class=\"elementor-icon-wrapper\">\n\t\t\t<div class=\"elementor-icon\">\n\t\t\t\t\t\t<\/div>\n\t\t<\/div>\n\t\t\t\t\t\t<\/div>\n\t\t\t\t<\/div>\n\t\t<div class=\"elementor-element elementor-element-4e0b3cc e-con-full e-flex e-con e-child\" data-id=\"4e0b3cc\" data-element_type=\"container\">\n\t\t\t\t<div class=\"elementor-element elementor-element-6bc46d3 elementor-widget__width-initial elementor-invisible elementor-widget elementor-widget-heading\" data-id=\"6bc46d3\" data-element_type=\"widget\" data-settings=\"{&quot;_animation&quot;:&quot;opal-move-left&quot;}\" data-widget_type=\"heading.default\">\n\t\t\t\t\t<h2 data-cursor=\"-opaque\" class=\"elementor-heading-title elementor-size-default\">Kam ly\u017eova\u0165? Jahorina  \u2013  <span class=\"c-primary\">Kompletn\u00fd sprievodca zimn\u00fdm dobrodru\u017estvom<\/span><\/h2>\t\t\t\t<\/div>\n\t\t\t\t<div class=\"elementor-element elementor-element-4aa09f6 elementor-widget__width-initial elementor-invisible elementor-widget elementor-widget-text-editor\" data-id=\"4aa09f6\" data-element_type=\"widget\" data-settings=\"{&quot;_animation&quot;:&quot;opal-move-left&quot;}\" data-widget_type=\"text-editor.default\">\n\t\t\t\t\t\t\t\t\t<p>Jahorina je jednou z najzn\u00e1mej\u0161\u00edch ly\u017eiarskych destin\u00e1ci\u00ed na Balk\u00e1ne, ktor\u00e1 pon\u00faka v\u00fdnimo\u010dn\u00fd z\u00e1\u017eitok zo zimn\u00fdch \u0161portov v srdci Bosny a Hercegoviny. S p\u00f4sobiv\u00fdmi 45 km upravovan\u00fdch zjazdoviek pon\u00faka Jahorina r\u00f4zne mo\u017enosti pre v\u0161etky typy ly\u017eiarov &#8211; od za\u010diato\u010dn\u00edkov a\u017e po profesion\u00e1lov. Okrem ly\u017eovania pon\u00faka Jahorina snowboarding, ve\u010dern\u00e9 ly\u017eovanie, s\u00e1nkovanie a mnoho \u010fal\u0161\u00edch aktiv\u00edt.<\/p>\t\t\t\t\t\t\t\t<\/div>\n\t\t\t\t<\/div>\n\t\t\t\t<\/div>\n\t\t<div class=\"elementor-element elementor-element-300ae1a e-con-full e-flex e-con e-child\" data-id=\"300ae1a\" data-element_type=\"container\">\n\t\t<div class=\"elementor-element elementor-element-70f5e3f e-con-full e-flex e-con e-child\" data-id=\"70f5e3f\" data-element_type=\"container\">\n\t\t\t\t<div class=\"elementor-element elementor-element-67151ae elementor-invisible elementor-widget elementor-widget-n-accordion\" data-id=\"67151ae\" data-element_type=\"widget\" data-settings=\"{&quot;_animation&quot;:&quot;opal-move-right&quot;,&quot;default_state&quot;:&quot;all_collapsed&quot;,&quot;max_items_expended&quot;:&quot;one&quot;,&quot;n_accordion_animation_duration&quot;:{&quot;unit&quot;:&quot;ms&quot;,&quot;size&quot;:400,&quot;sizes&quot;:[]}}\" data-widget_type=\"nested-accordion.default\">\n\t\t\t\t\t\t\t<div class=\"e-n-accordion\" aria-label=\"Accordion. Open links with Enter or Space, close with Escape, and navigate with Arrow Keys\">\n\t\t\t\t\t\t<details id=\"e-n-accordion-item-1080\" class=\"e-n-accordion-item\" >\n\t\t\t\t<summary class=\"e-n-accordion-item-title\" data-accordion-index=\"1\" tabindex=\"0\" aria-expanded=\"false\" aria-controls=\"e-n-accordion-item-1080\" >\n\t\t\t\t\t<span class='e-n-accordion-item-title-header'><div class=\"e-n-accordion-item-title-text\"> Najob\u013e\u00fabenej\u0161ie zjazdovky na Jahorine <\/div><\/span>\n\t\t\t\t\t\t\t<span class='e-n-accordion-item-title-icon'>\n\t\t\t<span class='e-opened' ><i aria-hidden=\"true\" class=\"antra-icon- antra-icon-minus\"><\/i><\/span>\n\t\t\t<span class='e-closed'><i aria-hidden=\"true\" class=\"antra-icon- antra-icon-plus\"><\/i><\/span>\n\t\t<\/span>\n\n\t\t\t\t\t\t<\/summary>\n\t\t\t\t<div role=\"region\" aria-labelledby=\"e-n-accordion-item-1080\" class=\"elementor-element elementor-element-efa299f e-con-full e-flex e-con e-child\" data-id=\"efa299f\" data-element_type=\"container\">\n\t\t\t\t<div class=\"elementor-element elementor-element-bf5b1c6 elementor-widget__width-initial elementor-widget elementor-widget-text-editor\" data-id=\"bf5b1c6\" data-element_type=\"widget\" data-widget_type=\"text-editor.default\">\n\t\t\t\t\t\t\t\t\t<ol><li><p><strong><span dir=\"auto\">Olympijsk\u00e1 trasa<\/span><\/strong><br \/><span dir=\"auto\">Olympijsk\u00e1 trasa je najdlh\u0161ia a najn\u00e1ro\u010dnej\u0161ia trasa ur\u010den\u00e1 pre sk\u00fasen\u00fdch ly\u017eiarov, ktor\u00ed h\u013eadaj\u00fa r\u00fdchlos\u0165 a v\u00fdzvu. T\u00e1to trasa pon\u00faka 900 metrov prev\u00fd\u0161enia a tiahne sa od vrcholu hory a\u017e po jej \u00fap\u00e4tie, \u010d\u00edm pon\u00faka vzru\u0161uj\u00faci z\u00e1\u017eitok pre sk\u00fasen\u00fdch ly\u017eiarov.<\/span><\/p><\/li><li><p><strong><span dir=\"auto\">Poljice a Rajsk\u00e1 dolina<\/span><\/strong><br \/><span dir=\"auto\">Pre za\u010diato\u010dn\u00edkov a rekreantov s\u00fa ide\u00e1lne Poljice a Rajsk\u00e1 dolina. \u0160irok\u00e9 a mierne trate s men\u0161\u00edm v\u00fd\u0161kov\u00fdm rozdielom umo\u017e\u0148uj\u00fa bezpe\u010dn\u00fa jazdu a postupn\u00e9 u\u010denie sa. Poljice s\u00fa ob\u013e\u00faben\u00e9 aj na ve\u010dern\u00e9 ly\u017eovanie v\u010faka modern\u00e9mu syst\u00e9mu odraziek.<\/span><\/p><\/li><li><p><strong><span dir=\"auto\">Snow Park<\/span><\/strong><br \/><span dir=\"auto\">Jahorina m\u00e1 tie\u017e \u0161peci\u00e1lny snowpark so skokmi a prek\u00e1\u017ekami pre fan\u00fa\u0161ikov snowboardingu, ktor\u00fd poskytuje priestor pre nad\u0161encov freestyle a dobrodruhov.<\/span><\/p><\/li><\/ol>\t\t\t\t\t\t\t\t<\/div>\n\t\t\t\t<\/div>\n\t\t\t\t\t<\/details>\n\t\t\t\t\t\t<details id=\"e-n-accordion-item-1081\" class=\"e-n-accordion-item\" >\n\t\t\t\t<summary class=\"e-n-accordion-item-title\" data-accordion-index=\"2\" tabindex=\"-1\" aria-expanded=\"false\" aria-controls=\"e-n-accordion-item-1081\" >\n\t\t\t\t\t<span class='e-n-accordion-item-title-header'><div class=\"e-n-accordion-item-title-text\"> \u010eal\u0161ie aktivity <\/div><\/span>\n\t\t\t\t\t\t\t<span class='e-n-accordion-item-title-icon'>\n\t\t\t<span class='e-opened' ><i aria-hidden=\"true\" class=\"antra-icon- antra-icon-minus\"><\/i><\/span>\n\t\t\t<span class='e-closed'><i aria-hidden=\"true\" class=\"antra-icon- antra-icon-plus\"><\/i><\/span>\n\t\t<\/span>\n\n\t\t\t\t\t\t<\/summary>\n\t\t\t\t<div role=\"region\" aria-labelledby=\"e-n-accordion-item-1081\" class=\"elementor-element elementor-element-f0098d4 e-con-full e-flex e-con e-child\" data-id=\"f0098d4\" data-element_type=\"container\">\n\t\t\t\t<div class=\"elementor-element elementor-element-6580925 elementor-widget__width-initial elementor-widget elementor-widget-text-editor\" data-id=\"6580925\" data-element_type=\"widget\" data-widget_type=\"text-editor.default\">\n\t\t\t\t\t\t\t\t\t<p><span dir=\"auto\">Okrem ly\u017eovania si n\u00e1v\u0161tevn\u00edci Jahoriny m\u00f4\u017eu vysk\u00fa\u0161a\u0165\u00a0<\/span><strong><span dir=\"auto\">snowtubing<\/span><\/strong><span dir=\"auto\">\u00a0, s\u00e1nkovanie alebo si u\u017ei\u0165 adrenal\u00ednov\u00e9 aktivity, ako s\u00fa\u00a0<\/span><strong><span dir=\"auto\">zipline<\/span><\/strong><span dir=\"auto\">\u00a0. K dispoz\u00edcii s\u00fa aj trate pre\u00a0<\/span><strong><span dir=\"auto\">seversk\u00e9 ly\u017eovanie<\/span><\/strong><span dir=\"auto\">\u00a0a milovn\u00edci horsk\u00fdch t\u00far m\u00f4\u017eu presk\u00fama\u0165 upraven\u00e9 horsk\u00e9 chodn\u00edky. Deti a za\u010diato\u010dn\u00edci m\u00f4\u017eu vyu\u017ei\u0165 ly\u017eiarske \u0161koly a stredisk\u00e1 prisp\u00f4soben\u00e9 ich potreb\u00e1m, kde si pod doh\u013eadom in\u0161truktorov osvoja z\u00e1kladn\u00e9 ly\u017eiarske zru\u010dnosti.<\/span><\/p>\t\t\t\t\t\t\t\t<\/div>\n\t\t\t\t<\/div>\n\t\t\t\t\t<\/details>\n\t\t\t\t\t\t<details id=\"e-n-accordion-item-1082\" class=\"e-n-accordion-item\" >\n\t\t\t\t<summary class=\"e-n-accordion-item-title\" data-accordion-index=\"3\" tabindex=\"-1\" aria-expanded=\"false\" aria-controls=\"e-n-accordion-item-1082\" >\n\t\t\t\t\t<span class='e-n-accordion-item-title-header'><div class=\"e-n-accordion-item-title-text\"> Ly\u017eiarske vleky a lanovky <\/div><\/span>\n\t\t\t\t\t\t\t<span class='e-n-accordion-item-title-icon'>\n\t\t\t<span class='e-opened' ><i aria-hidden=\"true\" class=\"antra-icon- antra-icon-minus\"><\/i><\/span>\n\t\t\t<span class='e-closed'><i aria-hidden=\"true\" class=\"antra-icon- antra-icon-plus\"><\/i><\/span>\n\t\t<\/span>\n\n\t\t\t\t\t\t<\/summary>\n\t\t\t\t<div role=\"region\" aria-labelledby=\"e-n-accordion-item-1082\" class=\"elementor-element elementor-element-5471b18 e-con-full e-flex e-con e-child\" data-id=\"5471b18\" data-element_type=\"container\">\n\t\t\t\t<div class=\"elementor-element elementor-element-9cf7c35 elementor-widget__width-initial elementor-widget elementor-widget-text-editor\" data-id=\"9cf7c35\" data-element_type=\"widget\" data-widget_type=\"text-editor.default\">\n\t\t\t\t\t\t\t\t\t<p><span dir=\"auto\">Jahorina je vybaven\u00e1 siedmimi ly\u017eiarskymi vlekmi a tromi lanovkami, ktor\u00e9 umo\u017e\u0148uj\u00fa r\u00fdchly a jednoduch\u00fd pr\u00edstup na hlavn\u00e9 zjazdovky s celkovou kapacitou 17 000 ly\u017eiarov za hodinu.\u00a0<\/span><strong><span dir=\"auto\">Syst\u00e9m umel\u00e9ho zasne\u017eovania<\/span><\/strong><span dir=\"auto\">\u00a0zabezpe\u010duje dostato\u010dn\u00fa snehov\u00fa pokr\u00fdvku, aj ke\u010f pr\u00edrodn\u00e9 podmienky nie s\u00fa ide\u00e1lne, \u010d\u00edm umo\u017e\u0148uje dlh\u0161iu ly\u017eiarsku sez\u00f3nu. Vleky funguj\u00fa od 9:00 do 16:00 a no\u010dn\u00e9 ly\u017eovanie je mo\u017en\u00e9 od 18:00 do 21:00, \u010do v\u00e1m umo\u017en\u00ed \u010do najlep\u0161ie vyu\u017ei\u0165 de\u0148.<\/span><\/p>\t\t\t\t\t\t\t\t<\/div>\n\t\t\t\t<\/div>\n\t\t\t\t\t<\/details>\n\t\t\t\t\t\t<details id=\"e-n-accordion-item-1083\" class=\"e-n-accordion-item\" >\n\t\t\t\t<summary class=\"e-n-accordion-item-title\" data-accordion-index=\"4\" tabindex=\"-1\" aria-expanded=\"false\" aria-controls=\"e-n-accordion-item-1083\" >\n\t\t\t\t\t<span class='e-n-accordion-item-title-header'><div class=\"e-n-accordion-item-title-text\"> Ubytovanie a Apres-Ski <\/div><\/span>\n\t\t\t\t\t\t\t<span class='e-n-accordion-item-title-icon'>\n\t\t\t<span class='e-opened' ><i aria-hidden=\"true\" class=\"antra-icon- antra-icon-minus\"><\/i><\/span>\n\t\t\t<span class='e-closed'><i aria-hidden=\"true\" class=\"antra-icon- antra-icon-plus\"><\/i><\/span>\n\t\t<\/span>\n\n\t\t\t\t\t\t<\/summary>\n\t\t\t\t<div role=\"region\" aria-labelledby=\"e-n-accordion-item-1083\" class=\"elementor-element elementor-element-f6211a5 e-con-full e-flex e-con e-child\" data-id=\"f6211a5\" data-element_type=\"container\">\n\t\t\t\t<div class=\"elementor-element elementor-element-57d17d2 elementor-widget__width-initial elementor-widget elementor-widget-text-editor\" data-id=\"57d17d2\" data-element_type=\"widget\" data-widget_type=\"text-editor.default\">\n\t\t\t\t\t\t\t\t\t<span dir=\"auto\">Na Jahorine n\u00e1jdete \u0161irok\u00fd v\u00fdber\u00a0<\/span><a href=\"https:\/\/apartments-jahorina.com\/sk\/ubytovanie-na-jahorine\/\"><span dir=\"auto\">ubytovania<\/span><\/a><span dir=\"auto\">\u00a0&#8211; od luxusn\u00fdch hotelov, s\u00fakromn\u00fdch apartm\u00e1nov, a\u017e po cenovo dostupnej\u0161ie horsk\u00e9 domy. Ponuka apres-ski je bohat\u00e1 na re\u0161taur\u00e1cie, bary a k\u00fape\u013en\u00e9 centr\u00e1, kde si m\u00f4\u017eete po ly\u017eova\u010dke vychutna\u0165 miestne \u0161peciality, relax v saune alebo mas\u00e1\u017ee. Jahorina sa nach\u00e1dza ne\u010faleko Sarajeva, \u010do umo\u017e\u0148uje kult\u00farny v\u00fdlet do hlavn\u00e9ho mesta Bosny a Hercegoviny.<\/span>\n\n<span dir=\"auto\">Jahorina je ide\u00e1lnou destin\u00e1ciou pre t\u00fdch, ktor\u00ed h\u013eadaj\u00fa kvalitn\u00fa ly\u017eova\u010dku, ale aj celkov\u00fd zimn\u00fd z\u00e1\u017eitok pln\u00fd dobrodru\u017estva, relaxu a u\u017e\u00edvania si pr\u00edrody.<\/span>\t\t\t\t\t\t\t\t<\/div>\n\t\t\t\t<\/div>\n\t\t\t\t\t<\/details>\n\t\t\t\t\t<\/div>\n\t\t\t\t\t\t<\/div>\n\t\t\t\t<\/div>\n\t\t<div class=\"elementor-element elementor-element-7c44126 e-con-full e-flex e-con e-child\" data-id=\"7c44126\" data-element_type=\"container\">\n\t\t\t\t<div class=\"elementor-element elementor-element-5b562f9 elementor-invisible elementor-widget elementor-widget-image\" data-id=\"5b562f9\" data-element_type=\"widget\" data-settings=\"{&quot;_animation&quot;:&quot;opal-move-left&quot;}\" data-widget_type=\"image.default\">\n\t\t\t\t\t<div class=\"antra-wrapper-image-widget\" data-cursor=\"-opaque\">\t\t\t\t\t\t\t\t\t\t<img loading=\"lazy\" decoding=\"async\" width=\"2560\" height=\"1920\" src=\"https:\/\/apartments-jahorina.com\/wp-content\/uploads\/2025\/11\/luka-scaled.jpeg\" class=\"attachment-full size-full wp-image-11259\" alt=\"\" srcset=\"https:\/\/apartments-jahorina.com\/wp-content\/uploads\/2025\/11\/luka-scaled.jpeg 2560w, https:\/\/apartments-jahorina.com\/wp-content\/uploads\/2025\/11\/luka-300x225.jpeg 300w, https:\/\/apartments-jahorina.com\/wp-content\/uploads\/2025\/11\/luka-1024x768.jpeg 1024w, https:\/\/apartments-jahorina.com\/wp-content\/uploads\/2025\/11\/luka-768x576.jpeg 768w, https:\/\/apartments-jahorina.com\/wp-content\/uploads\/2025\/11\/luka-1536x1152.jpeg 1536w, https:\/\/apartments-jahorina.com\/wp-content\/uploads\/2025\/11\/luka-2048x1536.jpeg 2048w, https:\/\/apartments-jahorina.com\/wp-content\/uploads\/2025\/11\/luka-839x629.jpeg 839w, https:\/\/apartments-jahorina.com\/wp-content\/uploads\/2025\/11\/luka-1000x750.jpeg 1000w\" sizes=\"(max-width: 2560px) 100vw, 2560px\" \/>\t\t\t\t\t\t\t\t\t\t\t<\/div>\t\t\t\t<\/div>\n\t\t\t\t<\/div>\n\t\t\t\t<\/div>\n\t\t\t\t\t<\/div>\n\t\t\t\t<\/div>\n\t\t\t\t<\/div>\n\t\t","protected":false},"excerpt":{"rendered":"<p>Kam ly\u017eova\u0165? Jahorina \u2013 Kompletn\u00fd sprievodca zimn\u00fdm dobrodru\u017estvom Jahorina je jednou z najzn\u00e1mej\u0161\u00edch ly\u017eiarskych destin\u00e1ci\u00ed na Balk\u00e1ne, ktor\u00e1 pon\u00faka v\u00fdnimo\u010dn\u00fd z\u00e1\u017eitok zo zimn\u00fdch \u0161portov v srdci Bosny a Hercegoviny. S p\u00f4sobiv\u00fdmi 45 km upravovan\u00fdch zjazdoviek pon\u00faka Jahorina r\u00f4zne mo\u017enosti pre v\u0161etky typy ly\u017eiarov &#8211; od za\u010diato\u010dn\u00edkov a\u017e po profesion\u00e1lov. Okrem ly\u017eovania pon\u00faka Jahorina snowboarding, ve\u010dern\u00e9 [&hellip;]<\/p>\n","protected":false},"author":1,"featured_media":0,"parent":0,"menu_order":0,"comment_status":"closed","ping_status":"closed","template":"","meta":{"footnotes":""},"class_list":["post-13440","page","type-page","status-publish","hentry"],"yoast_head":"<!-- This site is optimized with the Yoast SEO plugin v26.4 - https:\/\/yoast.com\/wordpress\/plugins\/seo\/ -->\n<title>Kam ly\u017eova\u0165? - BESTBLICK Apartments Jahorina<\/title>\n<meta name=\"robots\" content=\"index, follow, max-snippet:-1, max-image-preview:large, max-video-preview:-1\" \/>\n<link rel=\"canonical\" href=\"https:\/\/apartments-jahorina.com\/sk\/kam-lyzovat\/\" \/>\n<meta property=\"og:locale\" content=\"sk_SK\" \/>\n<meta property=\"og:type\" content=\"article\" \/>\n<meta property=\"og:title\" content=\"Kam ly\u017eova\u0165? - BESTBLICK Apartments Jahorina\" \/>\n<meta property=\"og:description\" content=\"Kam ly\u017eova\u0165? Jahorina \u2013 Kompletn\u00fd sprievodca zimn\u00fdm dobrodru\u017estvom Jahorina je jednou z najzn\u00e1mej\u0161\u00edch ly\u017eiarskych destin\u00e1ci\u00ed na Balk\u00e1ne, ktor\u00e1 pon\u00faka v\u00fdnimo\u010dn\u00fd z\u00e1\u017eitok zo zimn\u00fdch \u0161portov v srdci Bosny a Hercegoviny. S p\u00f4sobiv\u00fdmi 45 km upravovan\u00fdch zjazdoviek pon\u00faka Jahorina r\u00f4zne mo\u017enosti pre v\u0161etky typy ly\u017eiarov &#8211; od za\u010diato\u010dn\u00edkov a\u017e po profesion\u00e1lov. Okrem ly\u017eovania pon\u00faka Jahorina snowboarding, ve\u010dern\u00e9 [&hellip;]\" \/>\n<meta property=\"og:url\" content=\"https:\/\/apartments-jahorina.com\/sk\/kam-lyzovat\/\" \/>\n<meta property=\"og:site_name\" content=\"BESTBLICK Apartments Jahorina\" \/>\n<meta property=\"article:modified_time\" content=\"2026-02-04T02:47:41+00:00\" \/>\n<meta property=\"og:image\" content=\"https:\/\/apartments-jahorina.com\/wp-content\/uploads\/2025\/11\/luka-scaled.jpeg\" \/>\n\t<meta property=\"og:image:width\" content=\"2560\" \/>\n\t<meta property=\"og:image:height\" content=\"1920\" \/>\n\t<meta property=\"og:image:type\" content=\"image\/jpeg\" \/>\n<meta name=\"twitter:card\" content=\"summary_large_image\" \/>\n<meta name=\"twitter:label1\" content=\"Predpokladan\u00fd \u010das \u010d\u00edtania\" \/>\n\t<meta name=\"twitter:data1\" content=\"2 min\u00faty\" \/>\n<script type=\"application\/ld+json\" class=\"yoast-schema-graph\">{\"@context\":\"https:\/\/schema.org\",\"@graph\":[{\"@type\":\"WebPage\",\"@id\":\"https:\/\/apartments-jahorina.com\/sk\/kam-lyzovat\/\",\"url\":\"https:\/\/apartments-jahorina.com\/sk\/kam-lyzovat\/\",\"name\":\"Kam ly\u017eova\u0165? - BESTBLICK Apartments Jahorina\",\"isPartOf\":{\"@id\":\"https:\/\/apartments-jahorina.com\/#website\"},\"primaryImageOfPage\":{\"@id\":\"https:\/\/apartments-jahorina.com\/sk\/kam-lyzovat\/#primaryimage\"},\"image\":{\"@id\":\"https:\/\/apartments-jahorina.com\/sk\/kam-lyzovat\/#primaryimage\"},\"thumbnailUrl\":\"https:\/\/apartments-jahorina.com\/wp-content\/uploads\/2025\/11\/luka-scaled.jpeg\",\"datePublished\":\"2026-02-04T02:20:19+00:00\",\"dateModified\":\"2026-02-04T02:47:41+00:00\",\"breadcrumb\":{\"@id\":\"https:\/\/apartments-jahorina.com\/sk\/kam-lyzovat\/#breadcrumb\"},\"inLanguage\":\"sk-SK\",\"potentialAction\":[{\"@type\":\"ReadAction\",\"target\":[\"https:\/\/apartments-jahorina.com\/sk\/kam-lyzovat\/\"]}]},{\"@type\":\"ImageObject\",\"inLanguage\":\"sk-SK\",\"@id\":\"https:\/\/apartments-jahorina.com\/sk\/kam-lyzovat\/#primaryimage\",\"url\":\"https:\/\/apartments-jahorina.com\/wp-content\/uploads\/2025\/11\/luka-scaled.jpeg\",\"contentUrl\":\"https:\/\/apartments-jahorina.com\/wp-content\/uploads\/2025\/11\/luka-scaled.jpeg\"},{\"@type\":\"BreadcrumbList\",\"@id\":\"https:\/\/apartments-jahorina.com\/sk\/kam-lyzovat\/#breadcrumb\",\"itemListElement\":[{\"@type\":\"ListItem\",\"position\":1,\"name\":\"Home\",\"item\":\"https:\/\/apartments-jahorina.com\/sk\/\"},{\"@type\":\"ListItem\",\"position\":2,\"name\":\"Kam ly\u017eova\u0165?\"}]},{\"@type\":\"WebSite\",\"@id\":\"https:\/\/apartments-jahorina.com\/#website\",\"url\":\"https:\/\/apartments-jahorina.com\/\",\"name\":\"BESTBLICK Apartments Jahorina\",\"description\":\"Moderni apartmani s pogledom na ski-stazu\",\"potentialAction\":[{\"@type\":\"SearchAction\",\"target\":{\"@type\":\"EntryPoint\",\"urlTemplate\":\"https:\/\/apartments-jahorina.com\/?s={search_term_string}\"},\"query-input\":{\"@type\":\"PropertyValueSpecification\",\"valueRequired\":true,\"valueName\":\"search_term_string\"}}],\"inLanguage\":\"sk-SK\"}]}<\/script>\n<!-- \/ Yoast SEO plugin. -->","yoast_head_json":{"title":"Kam ly\u017eova\u0165? - BESTBLICK Apartments Jahorina","robots":{"index":"index","follow":"follow","max-snippet":"max-snippet:-1","max-image-preview":"max-image-preview:large","max-video-preview":"max-video-preview:-1"},"canonical":"https:\/\/apartments-jahorina.com\/sk\/kam-lyzovat\/","og_locale":"sk_SK","og_type":"article","og_title":"Kam ly\u017eova\u0165? - BESTBLICK Apartments Jahorina","og_description":"Kam ly\u017eova\u0165? Jahorina \u2013 Kompletn\u00fd sprievodca zimn\u00fdm dobrodru\u017estvom Jahorina je jednou z najzn\u00e1mej\u0161\u00edch ly\u017eiarskych destin\u00e1ci\u00ed na Balk\u00e1ne, ktor\u00e1 pon\u00faka v\u00fdnimo\u010dn\u00fd z\u00e1\u017eitok zo zimn\u00fdch \u0161portov v srdci Bosny a Hercegoviny. S p\u00f4sobiv\u00fdmi 45 km upravovan\u00fdch zjazdoviek pon\u00faka Jahorina r\u00f4zne mo\u017enosti pre v\u0161etky typy ly\u017eiarov &#8211; od za\u010diato\u010dn\u00edkov a\u017e po profesion\u00e1lov. Okrem ly\u017eovania pon\u00faka Jahorina snowboarding, ve\u010dern\u00e9 [&hellip;]","og_url":"https:\/\/apartments-jahorina.com\/sk\/kam-lyzovat\/","og_site_name":"BESTBLICK Apartments Jahorina","article_modified_time":"2026-02-04T02:47:41+00:00","og_image":[{"width":2560,"height":1920,"url":"https:\/\/apartments-jahorina.com\/wp-content\/uploads\/2025\/11\/luka-scaled.jpeg","type":"image\/jpeg"}],"twitter_card":"summary_large_image","twitter_misc":{"Predpokladan\u00fd \u010das \u010d\u00edtania":"2 min\u00faty"},"schema":{"@context":"https:\/\/schema.org","@graph":[{"@type":"WebPage","@id":"https:\/\/apartments-jahorina.com\/sk\/kam-lyzovat\/","url":"https:\/\/apartments-jahorina.com\/sk\/kam-lyzovat\/","name":"Kam ly\u017eova\u0165? - BESTBLICK Apartments Jahorina","isPartOf":{"@id":"https:\/\/apartments-jahorina.com\/#website"},"primaryImageOfPage":{"@id":"https:\/\/apartments-jahorina.com\/sk\/kam-lyzovat\/#primaryimage"},"image":{"@id":"https:\/\/apartments-jahorina.com\/sk\/kam-lyzovat\/#primaryimage"},"thumbnailUrl":"https:\/\/apartments-jahorina.com\/wp-content\/uploads\/2025\/11\/luka-scaled.jpeg","datePublished":"2026-02-04T02:20:19+00:00","dateModified":"2026-02-04T02:47:41+00:00","breadcrumb":{"@id":"https:\/\/apartments-jahorina.com\/sk\/kam-lyzovat\/#breadcrumb"},"inLanguage":"sk-SK","potentialAction":[{"@type":"ReadAction","target":["https:\/\/apartments-jahorina.com\/sk\/kam-lyzovat\/"]}]},{"@type":"ImageObject","inLanguage":"sk-SK","@id":"https:\/\/apartments-jahorina.com\/sk\/kam-lyzovat\/#primaryimage","url":"https:\/\/apartments-jahorina.com\/wp-content\/uploads\/2025\/11\/luka-scaled.jpeg","contentUrl":"https:\/\/apartments-jahorina.com\/wp-content\/uploads\/2025\/11\/luka-scaled.jpeg"},{"@type":"BreadcrumbList","@id":"https:\/\/apartments-jahorina.com\/sk\/kam-lyzovat\/#breadcrumb","itemListElement":[{"@type":"ListItem","position":1,"name":"Home","item":"https:\/\/apartments-jahorina.com\/sk\/"},{"@type":"ListItem","position":2,"name":"Kam ly\u017eova\u0165?"}]},{"@type":"WebSite","@id":"https:\/\/apartments-jahorina.com\/#website","url":"https:\/\/apartments-jahorina.com\/","name":"BESTBLICK Apartments Jahorina","description":"Moderni apartmani s pogledom na ski-stazu","potentialAction":[{"@type":"SearchAction","target":{"@type":"EntryPoint","urlTemplate":"https:\/\/apartments-jahorina.com\/?s={search_term_string}"},"query-input":{"@type":"PropertyValueSpecification","valueRequired":true,"valueName":"search_term_string"}}],"inLanguage":"sk-SK"}]}},"_links":{"self":[{"href":"https:\/\/apartments-jahorina.com\/sk\/wp-json\/wp\/v2\/pages\/13440","targetHints":{"allow":["GET"]}}],"collection":[{"href":"https:\/\/apartments-jahorina.com\/sk\/wp-json\/wp\/v2\/pages"}],"about":[{"href":"https:\/\/apartments-jahorina.com\/sk\/wp-json\/wp\/v2\/types\/page"}],"author":[{"embeddable":true,"href":"https:\/\/apartments-jahorina.com\/sk\/wp-json\/wp\/v2\/users\/1"}],"replies":[{"embeddable":true,"href":"https:\/\/apartments-jahorina.com\/sk\/wp-json\/wp\/v2\/comments?post=13440"}],"version-history":[{"count":5,"href":"https:\/\/apartments-jahorina.com\/sk\/wp-json\/wp\/v2\/pages\/13440\/revisions"}],"predecessor-version":[{"id":13496,"href":"https:\/\/apartments-jahorina.com\/sk\/wp-json\/wp\/v2\/pages\/13440\/revisions\/13496"}],"wp:attachment":[{"href":"https:\/\/apartments-jahorina.com\/sk\/wp-json\/wp\/v2\/media?parent=13440"}],"curies":[{"name":"wp","href":"https:\/\/api.w.org\/{rel}","templated":true}]}}