{"id":10005,"date":"2025-11-30T18:49:14","date_gmt":"2025-11-30T18:49:14","guid":{"rendered":"http:\/\/apartments-jahorina.com\/gdje-na-jahorinu\/"},"modified":"2025-12-02T21:49:26","modified_gmt":"2025-12-02T21:49:26","slug":"kje-na-jahorini","status":"publish","type":"page","link":"https:\/\/apartments-jahorina.com\/sl\/kje-na-jahorini\/","title":{"rendered":"Kje na Jahorini"},"content":{"rendered":"\t\t<div data-elementor-type=\"wp-page\" data-elementor-id=\"10005\" class=\"elementor elementor-10005 elementor-9905\">\n\t\t\t\t<div class=\"elementor-element elementor-element-43723739 e-con-full e-flex e-con e-parent\" data-id=\"43723739\" data-element_type=\"container\">\n\t\t\t\t<div class=\"elementor-element elementor-element-11911268 elementor-widget elementor-widget-html\" data-id=\"11911268\" data-element_type=\"widget\" data-widget_type=\"html.default\">\n\t\t\t\t\t<div class=\"breadcrumb-wrap\">\t\t<div data-elementor-type=\"wp-post\" data-elementor-id=\"3360\" class=\"elementor elementor-3360\">\n\t\t\t\t<div class=\"elementor-element elementor-element-ca5cff3 e-flex e-con-boxed e-con e-parent e-lazyloaded\" data-id=\"ca5cff3\" data-element_type=\"container\" data-settings=\"{&quot;background_background&quot;:&quot;classic&quot;}\">\n\t\t\t\t\t<div class=\"e-con-inner\">\n\t\t\t\t<div class=\"elementor-element elementor-element-bb28bfc hidden-antra-title-single-yes elementor-widget elementor-widget-woocommerce-breadcrumb\" data-id=\"bb28bfc\" data-element_type=\"widget\" data-widget_type=\"woocommerce-breadcrumb.default\">\n\t\t\t\t<div class=\"elementor-widget-container\">\n\t\t\t\t\t<div class=\"antra-woocommerce-title\">Kje na Jahorini<\/div><nav class=\"woocommerce-breadcrumb\"><a href=\"http:\/\/apartments-jahorina.com\/\">Home<\/a><i class=\"antra-icon-breadcrumb\"><\/i><span class=\"current-page\">Kje na Jahorini<\/span><\/nav>\t\t\t\t<\/div>\n\t\t\t\t<\/div>\n\t\t\t\t\t<\/div>\n\t\t\t\t<\/div>\n\t\t\t\t<\/div>\n\t\t<\/div>\t\t\t\t<\/div>\n\t\t\t\t<\/div>\n\t\t<div class=\"elementor-element elementor-element-12b6bd6 e-flex e-con-boxed e-con e-parent\" data-id=\"12b6bd6\" data-element_type=\"container\">\n\t\t\t\t\t<div class=\"e-con-inner\">\n\t\t<div class=\"elementor-element elementor-element-7b8b529 e-con-full e-flex e-con e-child\" data-id=\"7b8b529\" data-element_type=\"container\">\n\t\t<div class=\"elementor-element elementor-element-52f5450 e-con-full e-flex e-con e-child\" data-id=\"52f5450\" data-element_type=\"container\">\n\t\t\t\t<div class=\"elementor-element elementor-element-ef7ac5e elementor-absolute elementor-hidden-mobile elementor-view-default elementor-invisible elementor-widget elementor-widget-icon\" data-id=\"ef7ac5e\" data-element_type=\"widget\" data-settings=\"{&quot;_position&quot;:&quot;absolute&quot;,&quot;motion_fx_motion_fx_scrolling&quot;:&quot;yes&quot;,&quot;motion_fx_translateX_effect&quot;:&quot;yes&quot;,&quot;motion_fx_translateX_speed&quot;:{&quot;unit&quot;:&quot;px&quot;,&quot;size&quot;:1.5,&quot;sizes&quot;:[]},&quot;_animation&quot;:&quot;opal-move-right&quot;,&quot;motion_fx_translateX_affectedRange&quot;:{&quot;unit&quot;:&quot;%&quot;,&quot;size&quot;:&quot;&quot;,&quot;sizes&quot;:{&quot;start&quot;:0,&quot;end&quot;:100}},&quot;motion_fx_devices&quot;:[&quot;desktop&quot;,&quot;laptop&quot;,&quot;tablet_extra&quot;,&quot;tablet&quot;,&quot;mobile_extra&quot;,&quot;mobile&quot;]}\" data-widget_type=\"icon.default\">\n\t\t\t\t\t\t\t<div class=\"elementor-icon-wrapper\">\n\t\t\t<div class=\"elementor-icon\">\n\t\t\t\t\t\t<\/div>\n\t\t<\/div>\n\t\t\t\t\t\t<\/div>\n\t\t\t\t<div class=\"elementor-element elementor-element-7a3b481 elementor-widget__width-auto elementor-absolute elementor-hidden-mobile elementor-view-default elementor-invisible elementor-widget elementor-widget-icon\" data-id=\"7a3b481\" data-element_type=\"widget\" data-settings=\"{&quot;_position&quot;:&quot;absolute&quot;,&quot;motion_fx_motion_fx_scrolling&quot;:&quot;yes&quot;,&quot;motion_fx_translateY_effect&quot;:&quot;yes&quot;,&quot;motion_fx_translateY_direction&quot;:&quot;negative&quot;,&quot;motion_fx_translateY_speed&quot;:{&quot;unit&quot;:&quot;px&quot;,&quot;size&quot;:1.2,&quot;sizes&quot;:[]},&quot;_animation&quot;:&quot;opal-move-down&quot;,&quot;motion_fx_translateY_affectedRange&quot;:{&quot;unit&quot;:&quot;%&quot;,&quot;size&quot;:&quot;&quot;,&quot;sizes&quot;:{&quot;start&quot;:0,&quot;end&quot;:100}},&quot;motion_fx_devices&quot;:[&quot;desktop&quot;,&quot;laptop&quot;,&quot;tablet_extra&quot;,&quot;tablet&quot;,&quot;mobile_extra&quot;,&quot;mobile&quot;]}\" data-widget_type=\"icon.default\">\n\t\t\t\t\t\t\t<div class=\"elementor-icon-wrapper\">\n\t\t\t<div class=\"elementor-icon\">\n\t\t\t\t\t\t<\/div>\n\t\t<\/div>\n\t\t\t\t\t\t<\/div>\n\t\t\t\t<\/div>\n\t\t<div class=\"elementor-element elementor-element-4e0b3cc e-con-full e-flex e-con e-child\" data-id=\"4e0b3cc\" data-element_type=\"container\">\n\t\t\t\t<div class=\"elementor-element elementor-element-6bc46d3 elementor-widget__width-initial elementor-invisible elementor-widget elementor-widget-heading\" data-id=\"6bc46d3\" data-element_type=\"widget\" data-settings=\"{&quot;_animation&quot;:&quot;opal-move-left&quot;}\" data-widget_type=\"heading.default\">\n\t\t\t\t\t<h2 data-cursor=\"-opaque\" class=\"elementor-heading-title elementor-size-default\">Kam na Jahorino \u2013  <span class=\"c-primary\">Najbolj\u0161e znamenitosti in aktivnosti<\/span><\/h2>\t\t\t\t<\/div>\n\t\t\t\t<div class=\"elementor-element elementor-element-4aa09f6 elementor-widget__width-initial elementor-invisible elementor-widget elementor-widget-text-editor\" data-id=\"4aa09f6\" data-element_type=\"widget\" data-settings=\"{&quot;_animation&quot;:&quot;opal-move-left&quot;}\" data-widget_type=\"text-editor.default\">\n\t\t\t\t\t\t\t\t\t<h3><span dir=\"auto\">1.\u00a0\u00a0<\/span><strong><span dir=\"auto\">Smu\u010di\u0161\u010de Jahorina<\/span><\/strong><\/h3><p><span dir=\"auto\">Jahorina je eno najbolj znanih smu\u010di\u0161\u010d na Balkanu, s progami za vse stopnje smu\u010darjev. Smu\u010di\u0161\u010de ima ve\u010d kot\u00a0\u00a0<\/span><strong><span dir=\"auto\">20 km urejenih prog<\/span><\/strong><span dir=\"auto\">\u00a0, ki so opremljene s sodobnimi \u017ei\u010dnicami in vle\u010dnicami. Poleg smu\u010danja je na voljo tudi no\u010dna smuka, kar je posebno do\u017eivetje za ljubitelje zimskih \u0161portov.<\/span><\/p><h3><span dir=\"auto\">2.\u00a0\u00a0<\/span><strong><span dir=\"auto\">Planinske in kolesarske poti<\/span><\/strong><\/h3><p><span dir=\"auto\">Poleti se Jahorina spremeni v raj za ljubitelje pohodni\u0161tva in kolesarjenja. Gorske poti vodijo skozi slikovite pokrajine s \u010dudovitimi razgledi na okoli\u0161ke gore in doline. Med priljubljenimi potmi sta\u00a0\u00a0<\/span><strong><span dir=\"auto\">Polji\u0161ka pot<\/span><\/strong><span dir=\"auto\">\u00a0\u00a0in\u00a0\u00a0<\/span><strong><span dir=\"auto\">pot Ogorjelica<\/span><\/strong><span dir=\"auto\">\u00a0, ki ponujata mo\u017enosti za rekreativno pohodni\u0161tvo ali zahtevnej\u0161e kolesarske ture.<\/span><\/p><h3><span dir=\"auto\">3.\u00a0\u00a0<\/span><strong><span dir=\"auto\">Pustolovski park Ogorjelica<\/span><\/strong><\/h3><p><span dir=\"auto\">Ta pustolovski park ponuja aktivnosti, kot so\u00a0\u00a0<\/span><strong><span dir=\"auto\">zipline<\/span><\/strong><span dir=\"auto\">\u00a0,\u00a0\u00a0<\/span><strong><span dir=\"auto\">plezanje<\/span><\/strong><span dir=\"auto\">\u00a0\u00a0in drugi adrenalinski izzivi. Primeren je za dru\u017eine z otroki, skupine prijateljev ali vse, ki si \u017eelijo malo akcije sredi narave.<\/span><\/p><h3><span dir=\"auto\">4.\u00a0\u00a0<\/span><strong><span dir=\"auto\">Etno vas \u201cLjubogo\u0161ta\u201d<\/span><\/strong><\/h3><p><span dir=\"auto\">V bli\u017eini Jahorine se nahaja\u00a0\u00a0<\/span><strong><span dir=\"auto\">etno vas &#8220;Ljubogo\u0161ta&#8221;<\/span><\/strong><span dir=\"auto\">\u00a0, pristna bosanska vas, ki prikazuje tradicionalno arhitekturo, rokodelstvo in \u017eivljenjski slog. Ta kraj ponuja pogled na kulturno dedi\u0161\u010dino regije in mo\u017enost u\u017eivanja v lokalnih specialitetah v restavraciji z lokalnimi jedmi.<\/span><\/p><h3><span dir=\"auto\">5.\u00a0\u00a0<\/span><strong><span dir=\"auto\">Wellness in spa centri<\/span><\/strong><\/h3><p><span dir=\"auto\">Za tiste, ki si \u017eelijo po\u010ditka in sprostitve, Jahorina ponuja \u0161tevilne wellness in spa centre. \u0160tevilni hoteli in\u00a0\u00a0<\/span><a href=\"https:\/\/translate.google.com\/website?sl=hr&amp;tl=sl&amp;hl=en&amp;client=webapp&amp;u=https:\/\/apartments-jahorina.com\/apartmani-jahorina\/\" target=\"_blank\" rel=\"noopener\"><span dir=\"auto\">apartmajski<\/span><\/a><span dir=\"auto\">\u00a0\u00a0kompleksi ponujajo storitve, kot so savne, masa\u017ee, vro\u010di bazeni in parne kopeli, kar je idealno za sprostitev po dnevu, pre\u017eivetem na smu\u010di\u0161\u010du ali v naravi.<\/span><\/p><h3><span dir=\"auto\">6.\u00a0\u00a0<\/span><strong><span dir=\"auto\">Sarajevo \u2013 enodnevni izlet<\/span><\/strong><\/h3><p><span dir=\"auto\">Jahorina je oddaljena le\u00a0\u00a0<\/span><strong><span dir=\"auto\">30 km od Sarajeva<\/span><\/strong><span dir=\"auto\">\u00a0, glavnega mesta Bosne in Hercegovine, zaradi \u010desar je idealno izhodi\u0161\u010de za enodnevne izlete. Sarajevo ponuja bogato kulturno dedi\u0161\u010dino, vklju\u010dno z Ba\u0161\u010dar\u0161ijo, zgodovinskimi muzeji in \u0161tevilnimi restavracijami s tradicionalnimi bosanskimi specialitetami.<\/span><\/p><hr \/><h3><span dir=\"auto\">Zaklju\u010dek<\/span><\/h3><p><span dir=\"auto\">Ne glede na to, ali i\u0161\u010dete\u00a0\u00a0<\/span><strong><span dir=\"auto\">zimske \u0161porte<\/span><\/strong><span dir=\"auto\">\u00a0,\u00a0\u00a0<\/span><strong><span dir=\"auto\">pohodni\u0161tvo in kolesarjenje<\/span><\/strong><span dir=\"auto\">\u00a0,\u00a0\u00a0<\/span><strong><span dir=\"auto\">kulturne znamenitosti<\/span><\/strong><span dir=\"auto\">\u00a0\u00a0ali\u00a0\u00a0<\/span><strong><span dir=\"auto\">sprostitev v wellnessu<\/span><\/strong><span dir=\"auto\">\u00a0, ima Jahorina nekaj za vsakogar. Z bogato ponudbo aktivnosti in enostavnim dostopom iz Sarajeva je Jahorina destinacija, ki jo lahko obi\u0161\u010dete kadar koli v letu in ponuja nepozabna do\u017eivetja za vse obiskovalce.<\/span><\/p>\t\t\t\t\t\t\t\t<\/div>\n\t\t\t\t<\/div>\n\t\t\t\t<\/div>\n\t\t\t\t\t<\/div>\n\t\t\t\t<\/div>\n\t\t\t\t<\/div>\n\t\t","protected":false},"excerpt":{"rendered":"<p>Kje na Jahorini HomeKje na Jahorini Kam na Jahorino \u2013 Najbolj\u0161e znamenitosti in aktivnosti 1.\u00a0\u00a0Smu\u010di\u0161\u010de Jahorina Jahorina je eno najbolj znanih smu\u010di\u0161\u010d na Balkanu, s progami za vse stopnje smu\u010darjev. Smu\u010di\u0161\u010de ima ve\u010d kot\u00a0\u00a020 km urejenih prog\u00a0, ki so opremljene s sodobnimi \u017ei\u010dnicami in vle\u010dnicami. Poleg smu\u010danja je na voljo tudi no\u010dna smuka, kar je [&hellip;]<\/p>\n","protected":false},"author":1,"featured_media":0,"parent":0,"menu_order":0,"comment_status":"closed","ping_status":"closed","template":"","meta":{"footnotes":""},"class_list":["post-10005","page","type-page","status-publish","hentry"],"yoast_head":"<!-- This site is optimized with the Yoast SEO plugin v26.4 - https:\/\/yoast.com\/wordpress\/plugins\/seo\/ -->\n<title>Kje na Jahorini - BESTBLICK Apartments Jahorina<\/title>\n<meta name=\"robots\" content=\"index, follow, max-snippet:-1, max-image-preview:large, max-video-preview:-1\" \/>\n<link rel=\"canonical\" href=\"https:\/\/apartments-jahorina.com\/gdje-na-jahorinu\/\" \/>\n<meta property=\"og:locale\" content=\"sl_SI\" \/>\n<meta property=\"og:type\" content=\"article\" \/>\n<meta property=\"og:title\" content=\"Kje na Jahorini - BESTBLICK Apartments Jahorina\" \/>\n<meta property=\"og:description\" content=\"Kje na Jahorini HomeKje na Jahorini Kam na Jahorino \u2013 Najbolj\u0161e znamenitosti in aktivnosti 1.\u00a0\u00a0Smu\u010di\u0161\u010de Jahorina Jahorina je eno najbolj znanih smu\u010di\u0161\u010d na Balkanu, s progami za vse stopnje smu\u010darjev. Smu\u010di\u0161\u010de ima ve\u010d kot\u00a0\u00a020 km urejenih prog\u00a0, ki so opremljene s sodobnimi \u017ei\u010dnicami in vle\u010dnicami. Poleg smu\u010danja je na voljo tudi no\u010dna smuka, kar je [&hellip;]\" \/>\n<meta property=\"og:url\" content=\"https:\/\/apartments-jahorina.com\/gdje-na-jahorinu\/\" \/>\n<meta property=\"og:site_name\" content=\"BESTBLICK Apartments Jahorina\" \/>\n<meta property=\"article:modified_time\" content=\"2025-12-02T21:49:26+00:00\" \/>\n<meta name=\"twitter:card\" content=\"summary_large_image\" \/>\n<meta name=\"twitter:label1\" content=\"Est. reading time\" \/>\n\t<meta name=\"twitter:data1\" content=\"2 minuti\" \/>\n<script type=\"application\/ld+json\" class=\"yoast-schema-graph\">{\"@context\":\"https:\/\/schema.org\",\"@graph\":[{\"@type\":\"WebPage\",\"@id\":\"https:\/\/apartments-jahorina.com\/gdje-na-jahorinu\/\",\"url\":\"https:\/\/apartments-jahorina.com\/gdje-na-jahorinu\/\",\"name\":\"Kje na Jahorini - BESTBLICK Apartments Jahorina\",\"isPartOf\":{\"@id\":\"https:\/\/apartments-jahorina.com\/#website\"},\"datePublished\":\"2025-11-30T18:49:14+00:00\",\"dateModified\":\"2025-12-02T21:49:26+00:00\",\"breadcrumb\":{\"@id\":\"https:\/\/apartments-jahorina.com\/gdje-na-jahorinu\/#breadcrumb\"},\"inLanguage\":\"sl-SI\",\"potentialAction\":[{\"@type\":\"ReadAction\",\"target\":[\"https:\/\/apartments-jahorina.com\/gdje-na-jahorinu\/\"]}]},{\"@type\":\"BreadcrumbList\",\"@id\":\"https:\/\/apartments-jahorina.com\/gdje-na-jahorinu\/#breadcrumb\",\"itemListElement\":[{\"@type\":\"ListItem\",\"position\":1,\"name\":\"Home\",\"item\":\"https:\/\/apartments-jahorina.com\/sl\/\"},{\"@type\":\"ListItem\",\"position\":2,\"name\":\"Kje na Jahorini\"}]},{\"@type\":\"WebSite\",\"@id\":\"https:\/\/apartments-jahorina.com\/#website\",\"url\":\"https:\/\/apartments-jahorina.com\/\",\"name\":\"BESTBLICK Apartments Jahorina\",\"description\":\"Moderni apartmani s pogledom na ski-stazu\",\"potentialAction\":[{\"@type\":\"SearchAction\",\"target\":{\"@type\":\"EntryPoint\",\"urlTemplate\":\"https:\/\/apartments-jahorina.com\/?s={search_term_string}\"},\"query-input\":{\"@type\":\"PropertyValueSpecification\",\"valueRequired\":true,\"valueName\":\"search_term_string\"}}],\"inLanguage\":\"sl-SI\"}]}<\/script>\n<!-- \/ Yoast SEO plugin. -->","yoast_head_json":{"title":"Kje na Jahorini - BESTBLICK Apartments Jahorina","robots":{"index":"index","follow":"follow","max-snippet":"max-snippet:-1","max-image-preview":"max-image-preview:large","max-video-preview":"max-video-preview:-1"},"canonical":"https:\/\/apartments-jahorina.com\/gdje-na-jahorinu\/","og_locale":"sl_SI","og_type":"article","og_title":"Kje na Jahorini - BESTBLICK Apartments Jahorina","og_description":"Kje na Jahorini HomeKje na Jahorini Kam na Jahorino \u2013 Najbolj\u0161e znamenitosti in aktivnosti 1.\u00a0\u00a0Smu\u010di\u0161\u010de Jahorina Jahorina je eno najbolj znanih smu\u010di\u0161\u010d na Balkanu, s progami za vse stopnje smu\u010darjev. Smu\u010di\u0161\u010de ima ve\u010d kot\u00a0\u00a020 km urejenih prog\u00a0, ki so opremljene s sodobnimi \u017ei\u010dnicami in vle\u010dnicami. Poleg smu\u010danja je na voljo tudi no\u010dna smuka, kar je [&hellip;]","og_url":"https:\/\/apartments-jahorina.com\/gdje-na-jahorinu\/","og_site_name":"BESTBLICK Apartments Jahorina","article_modified_time":"2025-12-02T21:49:26+00:00","twitter_card":"summary_large_image","twitter_misc":{"Est. reading time":"2 minuti"},"schema":{"@context":"https:\/\/schema.org","@graph":[{"@type":"WebPage","@id":"https:\/\/apartments-jahorina.com\/gdje-na-jahorinu\/","url":"https:\/\/apartments-jahorina.com\/gdje-na-jahorinu\/","name":"Kje na Jahorini - BESTBLICK Apartments Jahorina","isPartOf":{"@id":"https:\/\/apartments-jahorina.com\/#website"},"datePublished":"2025-11-30T18:49:14+00:00","dateModified":"2025-12-02T21:49:26+00:00","breadcrumb":{"@id":"https:\/\/apartments-jahorina.com\/gdje-na-jahorinu\/#breadcrumb"},"inLanguage":"sl-SI","potentialAction":[{"@type":"ReadAction","target":["https:\/\/apartments-jahorina.com\/gdje-na-jahorinu\/"]}]},{"@type":"BreadcrumbList","@id":"https:\/\/apartments-jahorina.com\/gdje-na-jahorinu\/#breadcrumb","itemListElement":[{"@type":"ListItem","position":1,"name":"Home","item":"https:\/\/apartments-jahorina.com\/sl\/"},{"@type":"ListItem","position":2,"name":"Kje na Jahorini"}]},{"@type":"WebSite","@id":"https:\/\/apartments-jahorina.com\/#website","url":"https:\/\/apartments-jahorina.com\/","name":"BESTBLICK Apartments Jahorina","description":"Moderni apartmani s pogledom na ski-stazu","potentialAction":[{"@type":"SearchAction","target":{"@type":"EntryPoint","urlTemplate":"https:\/\/apartments-jahorina.com\/?s={search_term_string}"},"query-input":{"@type":"PropertyValueSpecification","valueRequired":true,"valueName":"search_term_string"}}],"inLanguage":"sl-SI"}]}},"_links":{"self":[{"href":"https:\/\/apartments-jahorina.com\/sl\/wp-json\/wp\/v2\/pages\/10005","targetHints":{"allow":["GET"]}}],"collection":[{"href":"https:\/\/apartments-jahorina.com\/sl\/wp-json\/wp\/v2\/pages"}],"about":[{"href":"https:\/\/apartments-jahorina.com\/sl\/wp-json\/wp\/v2\/types\/page"}],"author":[{"embeddable":true,"href":"https:\/\/apartments-jahorina.com\/sl\/wp-json\/wp\/v2\/users\/1"}],"replies":[{"embeddable":true,"href":"https:\/\/apartments-jahorina.com\/sl\/wp-json\/wp\/v2\/comments?post=10005"}],"version-history":[{"count":7,"href":"https:\/\/apartments-jahorina.com\/sl\/wp-json\/wp\/v2\/pages\/10005\/revisions"}],"predecessor-version":[{"id":11443,"href":"https:\/\/apartments-jahorina.com\/sl\/wp-json\/wp\/v2\/pages\/10005\/revisions\/11443"}],"wp:attachment":[{"href":"https:\/\/apartments-jahorina.com\/sl\/wp-json\/wp\/v2\/media?parent=10005"}],"curies":[{"name":"wp","href":"https:\/\/api.w.org\/{rel}","templated":true}]}}