{"id":10022,"date":"2025-11-30T18:38:32","date_gmt":"2025-11-30T18:38:32","guid":{"rendered":"http:\/\/apartments-jahorina.com\/nocno-skijanje-na-jahorini\/"},"modified":"2025-12-16T00:49:22","modified_gmt":"2025-12-16T00:49:22","slug":"nocno-smucanje-na-jahorini","status":"publish","type":"page","link":"https:\/\/apartments-jahorina.com\/sl\/nocno-smucanje-na-jahorini\/","title":{"rendered":"No\u010dno smu\u010danje na Jahorini"},"content":{"rendered":"\t\t<div data-elementor-type=\"wp-page\" data-elementor-id=\"10022\" class=\"elementor elementor-10022 elementor-9892\">\n\t\t\t\t<div class=\"elementor-element elementor-element-12b6bd6 e-flex e-con-boxed e-con e-parent\" data-id=\"12b6bd6\" data-element_type=\"container\">\n\t\t\t\t\t<div class=\"e-con-inner\">\n\t\t<div class=\"elementor-element elementor-element-7b8b529 e-con-full e-flex e-con e-child\" data-id=\"7b8b529\" data-element_type=\"container\">\n\t\t<div class=\"elementor-element elementor-element-52f5450 e-con-full e-flex e-con e-child\" data-id=\"52f5450\" data-element_type=\"container\">\n\t\t\t\t<div class=\"elementor-element elementor-element-ef7ac5e elementor-absolute elementor-hidden-mobile elementor-view-default elementor-invisible elementor-widget elementor-widget-icon\" data-id=\"ef7ac5e\" data-element_type=\"widget\" data-settings=\"{&quot;_position&quot;:&quot;absolute&quot;,&quot;motion_fx_motion_fx_scrolling&quot;:&quot;yes&quot;,&quot;motion_fx_translateX_effect&quot;:&quot;yes&quot;,&quot;motion_fx_translateX_speed&quot;:{&quot;unit&quot;:&quot;px&quot;,&quot;size&quot;:1.5,&quot;sizes&quot;:[]},&quot;_animation&quot;:&quot;opal-move-right&quot;,&quot;motion_fx_translateX_affectedRange&quot;:{&quot;unit&quot;:&quot;%&quot;,&quot;size&quot;:&quot;&quot;,&quot;sizes&quot;:{&quot;start&quot;:0,&quot;end&quot;:100}},&quot;motion_fx_devices&quot;:[&quot;desktop&quot;,&quot;laptop&quot;,&quot;tablet_extra&quot;,&quot;tablet&quot;,&quot;mobile_extra&quot;,&quot;mobile&quot;]}\" data-widget_type=\"icon.default\">\n\t\t\t\t\t\t\t<div class=\"elementor-icon-wrapper\">\n\t\t\t<div class=\"elementor-icon\">\n\t\t\t\t\t\t<\/div>\n\t\t<\/div>\n\t\t\t\t\t\t<\/div>\n\t\t\t\t<div class=\"elementor-element elementor-element-7a3b481 elementor-widget__width-auto elementor-absolute elementor-hidden-mobile elementor-view-default elementor-invisible elementor-widget elementor-widget-icon\" data-id=\"7a3b481\" data-element_type=\"widget\" data-settings=\"{&quot;_position&quot;:&quot;absolute&quot;,&quot;motion_fx_motion_fx_scrolling&quot;:&quot;yes&quot;,&quot;motion_fx_translateY_effect&quot;:&quot;yes&quot;,&quot;motion_fx_translateY_direction&quot;:&quot;negative&quot;,&quot;motion_fx_translateY_speed&quot;:{&quot;unit&quot;:&quot;px&quot;,&quot;size&quot;:1.2,&quot;sizes&quot;:[]},&quot;_animation&quot;:&quot;opal-move-down&quot;,&quot;motion_fx_translateY_affectedRange&quot;:{&quot;unit&quot;:&quot;%&quot;,&quot;size&quot;:&quot;&quot;,&quot;sizes&quot;:{&quot;start&quot;:0,&quot;end&quot;:100}},&quot;motion_fx_devices&quot;:[&quot;desktop&quot;,&quot;laptop&quot;,&quot;tablet_extra&quot;,&quot;tablet&quot;,&quot;mobile_extra&quot;,&quot;mobile&quot;]}\" data-widget_type=\"icon.default\">\n\t\t\t\t\t\t\t<div class=\"elementor-icon-wrapper\">\n\t\t\t<div class=\"elementor-icon\">\n\t\t\t\t\t\t<\/div>\n\t\t<\/div>\n\t\t\t\t\t\t<\/div>\n\t\t\t\t<\/div>\n\t\t<div class=\"elementor-element elementor-element-4e0b3cc e-con-full e-flex e-con e-child\" data-id=\"4e0b3cc\" data-element_type=\"container\">\n\t\t\t\t<div class=\"elementor-element elementor-element-6bc46d3 elementor-widget__width-initial elementor-invisible elementor-widget elementor-widget-heading\" data-id=\"6bc46d3\" data-element_type=\"widget\" data-settings=\"{&quot;_animation&quot;:&quot;opal-move-left&quot;}\" data-widget_type=\"heading.default\">\n\t\t\t\t\t<h2 data-cursor=\"-opaque\" class=\"elementor-heading-title elementor-size-default\">No\u010dno smu\u010danje na Jahorini \u2013  <span class=\"c-primary\">Nepozabna izku\u0161nja smu\u010danja pod zvezdami<\/span><\/h2>\t\t\t\t<\/div>\n\t\t\t\t<div class=\"elementor-element elementor-element-4aa09f6 elementor-widget__width-initial elementor-invisible elementor-widget elementor-widget-text-editor\" data-id=\"4aa09f6\" data-element_type=\"widget\" data-settings=\"{&quot;_animation&quot;:&quot;opal-move-left&quot;}\" data-widget_type=\"text-editor.default\">\n\t\t\t\t\t\t\t\t\t<p><span dir=\"auto\">Jahorina, znana kot ena vodilnih smu\u010darskih destinacij na Balkanu, ponuja tudi privla\u010dno\u00a0\u00a0<\/span><strong><span dir=\"auto\">no\u010dno smu\u010danje<\/span><\/strong><span dir=\"auto\">\u00a0, idealno za ljubitelje zimskih \u0161portov, ki \u017eelijo kar najbolje izkoristiti svoje bivanje na gori. Z 11,8 kilometri osvetljenih prog ta izku\u0161nja ponuja edinstveno kombinacijo adrenalina in \u010darobnega zimskega vzdu\u0161ja.<\/span><\/p>\t\t\t\t\t\t\t\t<\/div>\n\t\t\t\t<\/div>\n\t\t\t\t<\/div>\n\t\t<div class=\"elementor-element elementor-element-300ae1a e-con-full e-flex e-con e-child\" data-id=\"300ae1a\" data-element_type=\"container\">\n\t\t<div class=\"elementor-element elementor-element-70f5e3f e-con-full e-flex e-con e-child\" data-id=\"70f5e3f\" data-element_type=\"container\">\n\t\t\t\t<div class=\"elementor-element elementor-element-67151ae elementor-invisible elementor-widget elementor-widget-n-accordion\" data-id=\"67151ae\" data-element_type=\"widget\" data-settings=\"{&quot;_animation&quot;:&quot;opal-move-right&quot;,&quot;default_state&quot;:&quot;all_collapsed&quot;,&quot;max_items_expended&quot;:&quot;one&quot;,&quot;n_accordion_animation_duration&quot;:{&quot;unit&quot;:&quot;ms&quot;,&quot;size&quot;:400,&quot;sizes&quot;:[]}}\" data-widget_type=\"nested-accordion.default\">\n\t\t\t\t\t\t\t<div class=\"e-n-accordion\" aria-label=\"Accordion. Open links with Enter or Space, close with Escape, and navigate with Arrow Keys\">\n\t\t\t\t\t\t<details id=\"e-n-accordion-item-1080\" class=\"e-n-accordion-item\" >\n\t\t\t\t<summary class=\"e-n-accordion-item-title\" data-accordion-index=\"1\" tabindex=\"0\" aria-expanded=\"false\" aria-controls=\"e-n-accordion-item-1080\" >\n\t\t\t\t\t<span class='e-n-accordion-item-title-header'><div class=\"e-n-accordion-item-title-text\"> Lokacije in urnik <\/div><\/span>\n\t\t\t\t\t\t\t<span class='e-n-accordion-item-title-icon'>\n\t\t\t<span class='e-opened' ><i aria-hidden=\"true\" class=\"antra-icon- antra-icon-minus\"><\/i><\/span>\n\t\t\t<span class='e-closed'><i aria-hidden=\"true\" class=\"antra-icon- antra-icon-plus\"><\/i><\/span>\n\t\t<\/span>\n\n\t\t\t\t\t\t<\/summary>\n\t\t\t\t<div role=\"region\" aria-labelledby=\"e-n-accordion-item-1080\" class=\"elementor-element elementor-element-efa299f e-con-full e-flex e-con e-child\" data-id=\"efa299f\" data-element_type=\"container\">\n\t\t\t\t<div class=\"elementor-element elementor-element-bf5b1c6 elementor-widget__width-initial elementor-widget elementor-widget-text-editor\" data-id=\"bf5b1c6\" data-element_type=\"widget\" data-widget_type=\"text-editor.default\">\n\t\t\t\t\t\t\t\t\t<p><span dir=\"auto\">Najbolj priljubljena no\u010dna smuka\u0161ka proga je\u00a0\u00a0<\/span><strong><span dir=\"auto\">Poljice<\/span><\/strong><span dir=\"auto\">\u00a0, ki je opremljena s sodobnimi reflektorji in ponuja odli\u010dne pogoje za varno smu\u010danje. \u017di\u010dnica in vle\u010dnica Poljice obratujeta od\u00a0\u00a0<\/span><strong><span dir=\"auto\">18.00 do 21.00<\/span><\/strong><span dir=\"auto\">\u00a0, kar omogo\u010da tri ure nemotenega smu\u010danja ali deskanja na snegu. Sistem razsvetljave zagotavlja jasnost in varnost tudi za manj izku\u0161ene smu\u010darje.<\/span><\/p>\t\t\t\t\t\t\t\t<\/div>\n\t\t\t\t<\/div>\n\t\t\t\t\t<\/details>\n\t\t\t\t\t\t<details id=\"e-n-accordion-item-1081\" class=\"e-n-accordion-item\" >\n\t\t\t\t<summary class=\"e-n-accordion-item-title\" data-accordion-index=\"2\" tabindex=\"-1\" aria-expanded=\"false\" aria-controls=\"e-n-accordion-item-1081\" >\n\t\t\t\t\t<span class='e-n-accordion-item-title-header'><div class=\"e-n-accordion-item-title-text\"> Cene smu\u010darskih vozovnic za no\u010dno smu\u010danje <\/div><\/span>\n\t\t\t\t\t\t\t<span class='e-n-accordion-item-title-icon'>\n\t\t\t<span class='e-opened' ><i aria-hidden=\"true\" class=\"antra-icon- antra-icon-minus\"><\/i><\/span>\n\t\t\t<span class='e-closed'><i aria-hidden=\"true\" class=\"antra-icon- antra-icon-plus\"><\/i><\/span>\n\t\t<\/span>\n\n\t\t\t\t\t\t<\/summary>\n\t\t\t\t<div role=\"region\" aria-labelledby=\"e-n-accordion-item-1081\" class=\"elementor-element elementor-element-f0098d4 e-con-full e-flex e-con e-child\" data-id=\"f0098d4\" data-element_type=\"container\">\n\t\t\t\t<div class=\"elementor-element elementor-element-6580925 elementor-widget__width-initial elementor-widget elementor-widget-text-editor\" data-id=\"6580925\" data-element_type=\"widget\" data-widget_type=\"text-editor.default\">\n\t\t\t\t\t\t\t\t\t<p><span dir=\"auto\">No\u010dno smu\u010danje je pogosto vklju\u010deno v posebne pakete smu\u010darskih vozovnic, medtem ko je za tiste, ki \u017eelijo izkoristiti samo to mo\u017enost, mo\u017een nakup\u00a0\u00a0<\/span><strong><span dir=\"auto\">posamezne smu\u010darske vozovnice<\/span><\/strong><span dir=\"auto\">\u00a0.\u00a0\u00a0<\/span><a href=\"https:\/\/translate.google.com\/website?sl=hr&amp;tl=sl&amp;hl=en&amp;client=webapp&amp;u=https:\/\/apartments-jahorina.com\/cijene-skijanja-na-jahorini\/\"><span dir=\"auto\">Cene<\/span><\/a><span dir=\"auto\">\u00a0no\u010dnega smu\u010danja \u00a0so ugodne, podroben cenik pa je na voljo na uradni spletni strani Olimpijskega centra Jahorina. Priporo\u010dljivo je, da ponudbe preverite vnaprej, zlasti v \u010dasu vrhunca zimske sezone.<\/span><\/p>\t\t\t\t\t\t\t\t<\/div>\n\t\t\t\t<\/div>\n\t\t\t\t\t<\/details>\n\t\t\t\t\t\t<details id=\"e-n-accordion-item-1082\" class=\"e-n-accordion-item\" >\n\t\t\t\t<summary class=\"e-n-accordion-item-title\" data-accordion-index=\"3\" tabindex=\"-1\" aria-expanded=\"false\" aria-controls=\"e-n-accordion-item-1082\" >\n\t\t\t\t\t<span class='e-n-accordion-item-title-header'><div class=\"e-n-accordion-item-title-text\"> Zakaj izbrati no\u010dno smu\u010danje? <\/div><\/span>\n\t\t\t\t\t\t\t<span class='e-n-accordion-item-title-icon'>\n\t\t\t<span class='e-opened' ><i aria-hidden=\"true\" class=\"antra-icon- antra-icon-minus\"><\/i><\/span>\n\t\t\t<span class='e-closed'><i aria-hidden=\"true\" class=\"antra-icon- antra-icon-plus\"><\/i><\/span>\n\t\t<\/span>\n\n\t\t\t\t\t\t<\/summary>\n\t\t\t\t<div role=\"region\" aria-labelledby=\"e-n-accordion-item-1082\" class=\"elementor-element elementor-element-5471b18 e-con-full e-flex e-con e-child\" data-id=\"5471b18\" data-element_type=\"container\">\n\t\t\t\t<div class=\"elementor-element elementor-element-9cf7c35 elementor-widget__width-initial elementor-widget elementor-widget-text-editor\" data-id=\"9cf7c35\" data-element_type=\"widget\" data-widget_type=\"text-editor.default\">\n\t\t\t\t\t\t\t\t\t<ul><li><strong><span dir=\"auto\"><span dir=\"auto\">Manj gne\u010de<\/span><\/span><\/strong><span dir=\"auto\"><span dir=\"auto\">\u00a0\u00a0\u2013 No\u010dno smu\u010danje ponuja bolj spro\u0161\u010dene pogoje, saj so proge manj prometne.<\/span><\/span><\/li><li><strong><span dir=\"auto\"><span dir=\"auto\">Edinstveno vzdu\u0161je<\/span><\/span><\/strong><span dir=\"auto\"><span dir=\"auto\">\u00a0\u00a0\u2013 Osvetljene poti in sve\u017e gorski zrak ustvarjajo posebno zimsko do\u017eivetje.<\/span><\/span><\/li><li><strong><span dir=\"auto\"><span dir=\"auto\">Ve\u010d \u010dasa na smu\u010di\u0161\u010du<\/span><\/span><\/strong><span dir=\"auto\"><span dir=\"auto\">\u00a0\u00a0\u2013 Popolna mo\u017enost za tiste, ki \u017eelijo kar najbolje izkoristiti vsak trenutek svojih zimskih po\u010ditnic.<\/span><\/span><\/li><li>\u00a0<\/li><\/ul>\t\t\t\t\t\t\t\t<\/div>\n\t\t\t\t<\/div>\n\t\t\t\t\t<\/details>\n\t\t\t\t\t\t<details id=\"e-n-accordion-item-1083\" class=\"e-n-accordion-item\" >\n\t\t\t\t<summary class=\"e-n-accordion-item-title\" data-accordion-index=\"4\" tabindex=\"-1\" aria-expanded=\"false\" aria-controls=\"e-n-accordion-item-1083\" >\n\t\t\t\t\t<span class='e-n-accordion-item-title-header'><div class=\"e-n-accordion-item-title-text\"> Nasveti za obiskovalce <\/div><\/span>\n\t\t\t\t\t\t\t<span class='e-n-accordion-item-title-icon'>\n\t\t\t<span class='e-opened' ><i aria-hidden=\"true\" class=\"antra-icon- antra-icon-minus\"><\/i><\/span>\n\t\t\t<span class='e-closed'><i aria-hidden=\"true\" class=\"antra-icon- antra-icon-plus\"><\/i><\/span>\n\t\t<\/span>\n\n\t\t\t\t\t\t<\/summary>\n\t\t\t\t<div role=\"region\" aria-labelledby=\"e-n-accordion-item-1083\" class=\"elementor-element elementor-element-0f421d8 e-con-full e-flex e-con e-child\" data-id=\"0f421d8\" data-element_type=\"container\">\n\t\t\t\t<div class=\"elementor-element elementor-element-f71324c elementor-widget__width-initial elementor-widget elementor-widget-text-editor\" data-id=\"f71324c\" data-element_type=\"widget\" data-widget_type=\"text-editor.default\">\n\t\t\t\t\t\t\t\t\t<ul><li><strong><span dir=\"auto\"><span dir=\"auto\">Obla\u010dila in oprema<\/span><\/span><\/strong><span dir=\"auto\"><span dir=\"auto\">\u00a0: Zaradi ni\u017ejih no\u010dnih temperatur je priporo\u010dljivo no\u0161enje ve\u010dplastnih obla\u010dil.<\/span><\/span><\/li><li><strong><span dir=\"auto\"><span dir=\"auto\">Predhodna rezervacija<\/span><\/span><\/strong><span dir=\"auto\"><span dir=\"auto\">\u00a0: V glavni sezoni je no\u010dno smu\u010danje priljubljeno, zato je priporo\u010dljivo, da si smu\u010darsko vozovnico zagotovite vnaprej.<\/span><\/span><\/li><li><strong><span dir=\"auto\"><span dir=\"auto\">Po\u010ditek in topli napitki<\/span><\/span><\/strong><span dir=\"auto\"><span dir=\"auto\">\u00a0: V bli\u017eini smu\u010di\u0161\u010d so restavracije in bari, kjer si lahko po smu\u010danju privo\u0161\u010dite tople napitke.<\/span><\/span><\/li><li>\u00a0<\/li><\/ul>\t\t\t\t\t\t\t\t<\/div>\n\t\t\t\t<\/div>\n\t\t\t\t\t<\/details>\n\t\t\t\t\t\t<details id=\"e-n-accordion-item-1084\" class=\"e-n-accordion-item\" >\n\t\t\t\t<summary class=\"e-n-accordion-item-title\" data-accordion-index=\"5\" tabindex=\"-1\" aria-expanded=\"false\" aria-controls=\"e-n-accordion-item-1084\" >\n\t\t\t\t\t<span class='e-n-accordion-item-title-header'><div class=\"e-n-accordion-item-title-text\"> Zaklju\u010dek <\/div><\/span>\n\t\t\t\t\t\t\t<span class='e-n-accordion-item-title-icon'>\n\t\t\t<span class='e-opened' ><i aria-hidden=\"true\" class=\"antra-icon- antra-icon-minus\"><\/i><\/span>\n\t\t\t<span class='e-closed'><i aria-hidden=\"true\" class=\"antra-icon- antra-icon-plus\"><\/i><\/span>\n\t\t<\/span>\n\n\t\t\t\t\t\t<\/summary>\n\t\t\t\t<div role=\"region\" aria-labelledby=\"e-n-accordion-item-1084\" class=\"elementor-element elementor-element-f6211a5 e-con-full e-flex e-con e-child\" data-id=\"f6211a5\" data-element_type=\"container\">\n\t\t\t\t<div class=\"elementor-element elementor-element-57d17d2 elementor-widget__width-initial elementor-widget elementor-widget-text-editor\" data-id=\"57d17d2\" data-element_type=\"widget\" data-widget_type=\"text-editor.default\">\n\t\t\t\t\t\t\t\t\t<p>No\u010dno smu\u010danje na Jahorini je odli\u010den na\u010din, da podalj\u0161ate dan na gori in do\u017eivite \u010darovnijo smu\u010danja pod zvezdami. Na\u010drtujte vnaprej, prinesite toplo opremo in u\u017eivajte v tej nepozabni izku\u0161nji.<\/p>\t\t\t\t\t\t\t\t<\/div>\n\t\t\t\t<\/div>\n\t\t\t\t\t<\/details>\n\t\t\t\t\t<\/div>\n\t\t\t\t\t\t<\/div>\n\t\t\t\t<\/div>\n\t\t<div class=\"elementor-element elementor-element-7c44126 e-con-full e-flex e-con e-child\" data-id=\"7c44126\" data-element_type=\"container\">\n\t\t\t\t<div class=\"elementor-element elementor-element-5b562f9 elementor-invisible elementor-widget elementor-widget-image\" data-id=\"5b562f9\" data-element_type=\"widget\" data-settings=\"{&quot;_animation&quot;:&quot;opal-move-left&quot;}\" data-widget_type=\"image.default\">\n\t\t\t\t\t<div class=\"antra-wrapper-image-widget\" data-cursor=\"-opaque\">\t\t\t\t\t\t\t\t\t\t<img loading=\"lazy\" decoding=\"async\" width=\"1920\" height=\"1920\" src=\"https:\/\/apartments-jahorina.com\/wp-content\/uploads\/2025\/12\/nocna1-7.jpg\" class=\"attachment-full size-full wp-image-12736\" alt=\"\" srcset=\"https:\/\/apartments-jahorina.com\/wp-content\/uploads\/2025\/12\/nocna1-7.jpg 1920w, https:\/\/apartments-jahorina.com\/wp-content\/uploads\/2025\/12\/nocna1-7-300x300.jpg 300w, https:\/\/apartments-jahorina.com\/wp-content\/uploads\/2025\/12\/nocna1-7-1024x1024.jpg 1024w, https:\/\/apartments-jahorina.com\/wp-content\/uploads\/2025\/12\/nocna1-7-150x150.jpg 150w, https:\/\/apartments-jahorina.com\/wp-content\/uploads\/2025\/12\/nocna1-7-768x768.jpg 768w, https:\/\/apartments-jahorina.com\/wp-content\/uploads\/2025\/12\/nocna1-7-1536x1536.jpg 1536w, https:\/\/apartments-jahorina.com\/wp-content\/uploads\/2025\/12\/nocna1-7-629x629.jpg 629w, https:\/\/apartments-jahorina.com\/wp-content\/uploads\/2025\/12\/nocna1-7-600x600.jpg 600w, https:\/\/apartments-jahorina.com\/wp-content\/uploads\/2025\/12\/nocna1-7-1000x1000.jpg 1000w, https:\/\/apartments-jahorina.com\/wp-content\/uploads\/2025\/12\/nocna1-7-100x100.jpg 100w\" sizes=\"(max-width: 1920px) 100vw, 1920px\" \/>\t\t\t\t\t\t\t\t\t\t\t<\/div>\t\t\t\t<\/div>\n\t\t\t\t<\/div>\n\t\t\t\t<\/div>\n\t\t\t\t\t<\/div>\n\t\t\t\t<\/div>\n\t\t\t\t<\/div>\n\t\t","protected":false},"excerpt":{"rendered":"<p>No\u010dno smu\u010danje na Jahorini \u2013 Nepozabna izku\u0161nja smu\u010danja pod zvezdami Jahorina, znana kot ena vodilnih smu\u010darskih destinacij na Balkanu, ponuja tudi privla\u010dno\u00a0\u00a0no\u010dno smu\u010danje\u00a0, idealno za ljubitelje zimskih \u0161portov, ki \u017eelijo kar najbolje izkoristiti svoje bivanje na gori. Z 11,8 kilometri osvetljenih prog ta izku\u0161nja ponuja edinstveno kombinacijo adrenalina in \u010darobnega zimskega vzdu\u0161ja. Lokacije in urnik [&hellip;]<\/p>\n","protected":false},"author":1,"featured_media":0,"parent":0,"menu_order":0,"comment_status":"closed","ping_status":"closed","template":"","meta":{"footnotes":""},"class_list":["post-10022","page","type-page","status-publish","hentry"],"yoast_head":"<!-- This site is optimized with the Yoast SEO plugin v26.4 - https:\/\/yoast.com\/wordpress\/plugins\/seo\/ -->\n<title>No\u010dno smu\u010danje na Jahorini - BESTBLICK Apartments Jahorina<\/title>\n<meta name=\"robots\" content=\"index, follow, max-snippet:-1, max-image-preview:large, max-video-preview:-1\" \/>\n<link rel=\"canonical\" href=\"https:\/\/apartments-jahorina.com\/nocno-skijanje-na-jahorini\/\" \/>\n<meta property=\"og:locale\" content=\"sl_SI\" \/>\n<meta property=\"og:type\" content=\"article\" \/>\n<meta property=\"og:title\" content=\"No\u010dno smu\u010danje na Jahorini - BESTBLICK Apartments Jahorina\" \/>\n<meta property=\"og:description\" content=\"No\u010dno smu\u010danje na Jahorini \u2013 Nepozabna izku\u0161nja smu\u010danja pod zvezdami Jahorina, znana kot ena vodilnih smu\u010darskih destinacij na Balkanu, ponuja tudi privla\u010dno\u00a0\u00a0no\u010dno smu\u010danje\u00a0, idealno za ljubitelje zimskih \u0161portov, ki \u017eelijo kar najbolje izkoristiti svoje bivanje na gori. Z 11,8 kilometri osvetljenih prog ta izku\u0161nja ponuja edinstveno kombinacijo adrenalina in \u010darobnega zimskega vzdu\u0161ja. Lokacije in urnik [&hellip;]\" \/>\n<meta property=\"og:url\" content=\"https:\/\/apartments-jahorina.com\/nocno-skijanje-na-jahorini\/\" \/>\n<meta property=\"og:site_name\" content=\"BESTBLICK Apartments Jahorina\" \/>\n<meta property=\"article:modified_time\" content=\"2025-12-16T00:49:22+00:00\" \/>\n<meta property=\"og:image\" content=\"http:\/\/apartments-jahorina.com\/wp-content\/uploads\/2025\/12\/nocna1-7.jpg\" \/>\n<meta name=\"twitter:card\" content=\"summary_large_image\" \/>\n<meta name=\"twitter:label1\" content=\"Est. reading time\" \/>\n\t<meta name=\"twitter:data1\" content=\"3 minute\" \/>\n<script type=\"application\/ld+json\" class=\"yoast-schema-graph\">{\"@context\":\"https:\/\/schema.org\",\"@graph\":[{\"@type\":\"WebPage\",\"@id\":\"https:\/\/apartments-jahorina.com\/nocno-skijanje-na-jahorini\/\",\"url\":\"https:\/\/apartments-jahorina.com\/nocno-skijanje-na-jahorini\/\",\"name\":\"No\u010dno smu\u010danje na Jahorini - BESTBLICK Apartments Jahorina\",\"isPartOf\":{\"@id\":\"https:\/\/apartments-jahorina.com\/#website\"},\"primaryImageOfPage\":{\"@id\":\"https:\/\/apartments-jahorina.com\/nocno-skijanje-na-jahorini\/#primaryimage\"},\"image\":{\"@id\":\"https:\/\/apartments-jahorina.com\/nocno-skijanje-na-jahorini\/#primaryimage\"},\"thumbnailUrl\":\"http:\/\/apartments-jahorina.com\/wp-content\/uploads\/2025\/12\/nocna1-7.jpg\",\"datePublished\":\"2025-11-30T18:38:32+00:00\",\"dateModified\":\"2025-12-16T00:49:22+00:00\",\"breadcrumb\":{\"@id\":\"https:\/\/apartments-jahorina.com\/nocno-skijanje-na-jahorini\/#breadcrumb\"},\"inLanguage\":\"sl-SI\",\"potentialAction\":[{\"@type\":\"ReadAction\",\"target\":[\"https:\/\/apartments-jahorina.com\/nocno-skijanje-na-jahorini\/\"]}]},{\"@type\":\"ImageObject\",\"inLanguage\":\"sl-SI\",\"@id\":\"https:\/\/apartments-jahorina.com\/nocno-skijanje-na-jahorini\/#primaryimage\",\"url\":\"http:\/\/apartments-jahorina.com\/wp-content\/uploads\/2025\/12\/nocna1-7.jpg\",\"contentUrl\":\"http:\/\/apartments-jahorina.com\/wp-content\/uploads\/2025\/12\/nocna1-7.jpg\"},{\"@type\":\"BreadcrumbList\",\"@id\":\"https:\/\/apartments-jahorina.com\/nocno-skijanje-na-jahorini\/#breadcrumb\",\"itemListElement\":[{\"@type\":\"ListItem\",\"position\":1,\"name\":\"Home\",\"item\":\"https:\/\/apartments-jahorina.com\/sl\/\"},{\"@type\":\"ListItem\",\"position\":2,\"name\":\"No\u010dno smu\u010danje na Jahorini\"}]},{\"@type\":\"WebSite\",\"@id\":\"https:\/\/apartments-jahorina.com\/#website\",\"url\":\"https:\/\/apartments-jahorina.com\/\",\"name\":\"BESTBLICK Apartments Jahorina\",\"description\":\"Moderni apartmani s pogledom na ski-stazu\",\"potentialAction\":[{\"@type\":\"SearchAction\",\"target\":{\"@type\":\"EntryPoint\",\"urlTemplate\":\"https:\/\/apartments-jahorina.com\/?s={search_term_string}\"},\"query-input\":{\"@type\":\"PropertyValueSpecification\",\"valueRequired\":true,\"valueName\":\"search_term_string\"}}],\"inLanguage\":\"sl-SI\"}]}<\/script>\n<!-- \/ Yoast SEO plugin. -->","yoast_head_json":{"title":"No\u010dno smu\u010danje na Jahorini - BESTBLICK Apartments Jahorina","robots":{"index":"index","follow":"follow","max-snippet":"max-snippet:-1","max-image-preview":"max-image-preview:large","max-video-preview":"max-video-preview:-1"},"canonical":"https:\/\/apartments-jahorina.com\/nocno-skijanje-na-jahorini\/","og_locale":"sl_SI","og_type":"article","og_title":"No\u010dno smu\u010danje na Jahorini - BESTBLICK Apartments Jahorina","og_description":"No\u010dno smu\u010danje na Jahorini \u2013 Nepozabna izku\u0161nja smu\u010danja pod zvezdami Jahorina, znana kot ena vodilnih smu\u010darskih destinacij na Balkanu, ponuja tudi privla\u010dno\u00a0\u00a0no\u010dno smu\u010danje\u00a0, idealno za ljubitelje zimskih \u0161portov, ki \u017eelijo kar najbolje izkoristiti svoje bivanje na gori. Z 11,8 kilometri osvetljenih prog ta izku\u0161nja ponuja edinstveno kombinacijo adrenalina in \u010darobnega zimskega vzdu\u0161ja. Lokacije in urnik [&hellip;]","og_url":"https:\/\/apartments-jahorina.com\/nocno-skijanje-na-jahorini\/","og_site_name":"BESTBLICK Apartments Jahorina","article_modified_time":"2025-12-16T00:49:22+00:00","og_image":[{"url":"http:\/\/apartments-jahorina.com\/wp-content\/uploads\/2025\/12\/nocna1-7.jpg","type":"","width":"","height":""}],"twitter_card":"summary_large_image","twitter_misc":{"Est. reading time":"3 minute"},"schema":{"@context":"https:\/\/schema.org","@graph":[{"@type":"WebPage","@id":"https:\/\/apartments-jahorina.com\/nocno-skijanje-na-jahorini\/","url":"https:\/\/apartments-jahorina.com\/nocno-skijanje-na-jahorini\/","name":"No\u010dno smu\u010danje na Jahorini - BESTBLICK Apartments Jahorina","isPartOf":{"@id":"https:\/\/apartments-jahorina.com\/#website"},"primaryImageOfPage":{"@id":"https:\/\/apartments-jahorina.com\/nocno-skijanje-na-jahorini\/#primaryimage"},"image":{"@id":"https:\/\/apartments-jahorina.com\/nocno-skijanje-na-jahorini\/#primaryimage"},"thumbnailUrl":"http:\/\/apartments-jahorina.com\/wp-content\/uploads\/2025\/12\/nocna1-7.jpg","datePublished":"2025-11-30T18:38:32+00:00","dateModified":"2025-12-16T00:49:22+00:00","breadcrumb":{"@id":"https:\/\/apartments-jahorina.com\/nocno-skijanje-na-jahorini\/#breadcrumb"},"inLanguage":"sl-SI","potentialAction":[{"@type":"ReadAction","target":["https:\/\/apartments-jahorina.com\/nocno-skijanje-na-jahorini\/"]}]},{"@type":"ImageObject","inLanguage":"sl-SI","@id":"https:\/\/apartments-jahorina.com\/nocno-skijanje-na-jahorini\/#primaryimage","url":"http:\/\/apartments-jahorina.com\/wp-content\/uploads\/2025\/12\/nocna1-7.jpg","contentUrl":"http:\/\/apartments-jahorina.com\/wp-content\/uploads\/2025\/12\/nocna1-7.jpg"},{"@type":"BreadcrumbList","@id":"https:\/\/apartments-jahorina.com\/nocno-skijanje-na-jahorini\/#breadcrumb","itemListElement":[{"@type":"ListItem","position":1,"name":"Home","item":"https:\/\/apartments-jahorina.com\/sl\/"},{"@type":"ListItem","position":2,"name":"No\u010dno smu\u010danje na Jahorini"}]},{"@type":"WebSite","@id":"https:\/\/apartments-jahorina.com\/#website","url":"https:\/\/apartments-jahorina.com\/","name":"BESTBLICK Apartments Jahorina","description":"Moderni apartmani s pogledom na ski-stazu","potentialAction":[{"@type":"SearchAction","target":{"@type":"EntryPoint","urlTemplate":"https:\/\/apartments-jahorina.com\/?s={search_term_string}"},"query-input":{"@type":"PropertyValueSpecification","valueRequired":true,"valueName":"search_term_string"}}],"inLanguage":"sl-SI"}]}},"_links":{"self":[{"href":"https:\/\/apartments-jahorina.com\/sl\/wp-json\/wp\/v2\/pages\/10022","targetHints":{"allow":["GET"]}}],"collection":[{"href":"https:\/\/apartments-jahorina.com\/sl\/wp-json\/wp\/v2\/pages"}],"about":[{"href":"https:\/\/apartments-jahorina.com\/sl\/wp-json\/wp\/v2\/types\/page"}],"author":[{"embeddable":true,"href":"https:\/\/apartments-jahorina.com\/sl\/wp-json\/wp\/v2\/users\/1"}],"replies":[{"embeddable":true,"href":"https:\/\/apartments-jahorina.com\/sl\/wp-json\/wp\/v2\/comments?post=10022"}],"version-history":[{"count":16,"href":"https:\/\/apartments-jahorina.com\/sl\/wp-json\/wp\/v2\/pages\/10022\/revisions"}],"predecessor-version":[{"id":12739,"href":"https:\/\/apartments-jahorina.com\/sl\/wp-json\/wp\/v2\/pages\/10022\/revisions\/12739"}],"wp:attachment":[{"href":"https:\/\/apartments-jahorina.com\/sl\/wp-json\/wp\/v2\/media?parent=10022"}],"curies":[{"name":"wp","href":"https:\/\/api.w.org\/{rel}","templated":true}]}}