{"id":10041,"date":"2025-11-30T18:27:49","date_gmt":"2025-11-30T18:27:49","guid":{"rendered":"http:\/\/apartments-jahorina.com\/privatni-smjestaj-jahorina\/"},"modified":"2025-12-02T21:41:34","modified_gmt":"2025-12-02T21:41:34","slug":"zasebna-namestitev-jahorina","status":"publish","type":"page","link":"https:\/\/apartments-jahorina.com\/sl\/zasebna-namestitev-jahorina\/","title":{"rendered":"Zasebna namestitev Jahorina"},"content":{"rendered":"\t\t<div data-elementor-type=\"wp-page\" data-elementor-id=\"10041\" class=\"elementor elementor-10041 elementor-9874\">\n\t\t\t\t<div class=\"elementor-element elementor-element-29769e8a e-con-full e-flex e-con e-parent\" data-id=\"29769e8a\" data-element_type=\"container\">\n\t\t\t\t<div class=\"elementor-element elementor-element-59799b7d elementor-widget elementor-widget-html\" data-id=\"59799b7d\" data-element_type=\"widget\" data-widget_type=\"html.default\">\n\t\t\t\t\t<div class=\"breadcrumb-wrap\">\t\t<div data-elementor-type=\"wp-post\" data-elementor-id=\"3360\" class=\"elementor elementor-3360\">\n\t\t\t\t<div class=\"elementor-element elementor-element-ca5cff3 e-flex e-con-boxed e-con e-parent e-lazyloaded\" data-id=\"ca5cff3\" data-element_type=\"container\" data-settings=\"{&quot;background_background&quot;:&quot;classic&quot;}\">\n\t\t\t\t\t<div class=\"e-con-inner\">\n\t\t\t\t<div class=\"elementor-element elementor-element-bb28bfc hidden-antra-title-single-yes elementor-widget elementor-widget-woocommerce-breadcrumb\" data-id=\"bb28bfc\" data-element_type=\"widget\" data-widget_type=\"woocommerce-breadcrumb.default\">\n\t\t\t\t<div class=\"elementor-widget-container\">\n\t\t\t\t\t<div class=\"antra-woocommerce-title\">Zasebna namestitev Jahorina<\/div><nav class=\"woocommerce-breadcrumb\"><a href=\"http:\/\/apartments-jahorina.com\/\">Home<\/a><i class=\"antra-icon-breadcrumb\"><\/i><span class=\"current-page\">Zasebna namestitev Jahorina<\/span><\/nav>\t\t\t\t<\/div>\n\t\t\t\t<\/div>\n\t\t\t\t\t<\/div>\n\t\t\t\t<\/div>\n\t\t\t\t<\/div>\n\t\t<\/div>\t\t\t\t<\/div>\n\t\t\t\t<\/div>\n\t\t<div class=\"elementor-element elementor-element-12b6bd6 e-flex e-con-boxed e-con e-parent\" data-id=\"12b6bd6\" data-element_type=\"container\">\n\t\t\t\t\t<div class=\"e-con-inner\">\n\t\t<div class=\"elementor-element elementor-element-7b8b529 e-con-full e-flex e-con e-child\" data-id=\"7b8b529\" data-element_type=\"container\">\n\t\t<div class=\"elementor-element elementor-element-52f5450 e-con-full e-flex e-con e-child\" data-id=\"52f5450\" data-element_type=\"container\">\n\t\t\t\t<div class=\"elementor-element elementor-element-ef7ac5e elementor-absolute elementor-hidden-mobile elementor-view-default elementor-invisible elementor-widget elementor-widget-icon\" data-id=\"ef7ac5e\" data-element_type=\"widget\" data-settings=\"{&quot;_position&quot;:&quot;absolute&quot;,&quot;motion_fx_motion_fx_scrolling&quot;:&quot;yes&quot;,&quot;motion_fx_translateX_effect&quot;:&quot;yes&quot;,&quot;motion_fx_translateX_speed&quot;:{&quot;unit&quot;:&quot;px&quot;,&quot;size&quot;:1.5,&quot;sizes&quot;:[]},&quot;_animation&quot;:&quot;opal-move-right&quot;,&quot;motion_fx_translateX_affectedRange&quot;:{&quot;unit&quot;:&quot;%&quot;,&quot;size&quot;:&quot;&quot;,&quot;sizes&quot;:{&quot;start&quot;:0,&quot;end&quot;:100}},&quot;motion_fx_devices&quot;:[&quot;desktop&quot;,&quot;laptop&quot;,&quot;tablet_extra&quot;,&quot;tablet&quot;,&quot;mobile_extra&quot;,&quot;mobile&quot;]}\" data-widget_type=\"icon.default\">\n\t\t\t\t\t\t\t<div class=\"elementor-icon-wrapper\">\n\t\t\t<div class=\"elementor-icon\">\n\t\t\t\t\t\t<\/div>\n\t\t<\/div>\n\t\t\t\t\t\t<\/div>\n\t\t\t\t<div class=\"elementor-element elementor-element-7a3b481 elementor-widget__width-auto elementor-absolute elementor-hidden-mobile elementor-view-default elementor-invisible elementor-widget elementor-widget-icon\" data-id=\"7a3b481\" data-element_type=\"widget\" data-settings=\"{&quot;_position&quot;:&quot;absolute&quot;,&quot;motion_fx_motion_fx_scrolling&quot;:&quot;yes&quot;,&quot;motion_fx_translateY_effect&quot;:&quot;yes&quot;,&quot;motion_fx_translateY_direction&quot;:&quot;negative&quot;,&quot;motion_fx_translateY_speed&quot;:{&quot;unit&quot;:&quot;px&quot;,&quot;size&quot;:1.2,&quot;sizes&quot;:[]},&quot;_animation&quot;:&quot;opal-move-down&quot;,&quot;motion_fx_translateY_affectedRange&quot;:{&quot;unit&quot;:&quot;%&quot;,&quot;size&quot;:&quot;&quot;,&quot;sizes&quot;:{&quot;start&quot;:0,&quot;end&quot;:100}},&quot;motion_fx_devices&quot;:[&quot;desktop&quot;,&quot;laptop&quot;,&quot;tablet_extra&quot;,&quot;tablet&quot;,&quot;mobile_extra&quot;,&quot;mobile&quot;]}\" data-widget_type=\"icon.default\">\n\t\t\t\t\t\t\t<div class=\"elementor-icon-wrapper\">\n\t\t\t<div class=\"elementor-icon\">\n\t\t\t\t\t\t<\/div>\n\t\t<\/div>\n\t\t\t\t\t\t<\/div>\n\t\t\t\t<\/div>\n\t\t<div class=\"elementor-element elementor-element-4e0b3cc e-con-full e-flex e-con e-child\" data-id=\"4e0b3cc\" data-element_type=\"container\">\n\t\t\t\t<div class=\"elementor-element elementor-element-6bc46d3 elementor-widget__width-initial elementor-invisible elementor-widget elementor-widget-heading\" data-id=\"6bc46d3\" data-element_type=\"widget\" data-settings=\"{&quot;_animation&quot;:&quot;opal-move-left&quot;}\" data-widget_type=\"heading.default\">\n\t\t\t\t\t<h2 data-cursor=\"-opaque\" class=\"elementor-heading-title elementor-size-default\">Zasebna namestitev Jahorina  \u2013  <span class=\"c-primary\">Bestblick Apartmaji<\/span><\/h2>\t\t\t\t<\/div>\n\t\t\t\t<div class=\"elementor-element elementor-element-4aa09f6 elementor-widget__width-initial elementor-invisible elementor-widget elementor-widget-text-editor\" data-id=\"4aa09f6\" data-element_type=\"widget\" data-settings=\"{&quot;_animation&quot;:&quot;opal-move-left&quot;}\" data-widget_type=\"text-editor.default\">\n\t\t\t\t\t\t\t\t\t<p><strong><span dir=\"auto\">Zasebna namestitev na Jahorini \u2013 idealna destinacija za zimske po\u010ditnice<\/span><\/strong><\/p><p><span dir=\"auto\">Zasebna namestitev na Jahorini ponuja popolno kombinacijo udobja, zasebnosti in dostopnih cen, idealno za ljubitelje zimskih \u0161portov in narave. Te namestitve segajo od luksuznih apartmajev do bolj ekonomi\u010dnih sob, kar obiskovalcem omogo\u010da \u0161iroko paleto mo\u017enosti glede na prora\u010dun in \u017eeleno raven udobja. Za goste, ki si \u017eelijo razko\u0161ja, so v bli\u017eini smu\u010di\u0161\u010d na voljo zasebni apartmaji s sodobnimi dodatki, kot so savna, kamin in prostorne dnevne sobe, s cenami od 80 do 100 evrov na no\u010d.<\/span><\/p><p><span dir=\"auto\">Priljubljene nastanitve, kot so\u00a0\u00a0<\/span><strong><span dir=\"auto\">Bestblick Apartments Jahorina,<\/span><\/strong><span dir=\"auto\">\u00a0so znane po visokih ocenah gostov, odli\u010dni storitvi in \u200b\u200bbli\u017eini glavnih znamenitosti. Manj luksuzne mo\u017enosti, ki se gibljejo od 60 do 80 evrov na no\u010d, ponujajo prakti\u010dne ugodnosti, kot so kuhinja, Wi-Fi in brezpla\u010dno parkiranje, zaradi \u010desar so idealne za dru\u017eine in skupine prijateljev. Mnogi gostitelji zasebnih nastanitev na Jahorini ponujajo tudi smu\u010darske ture, najem opreme in druge zimske aktivnosti.<\/span><\/p>\t\t\t\t\t\t\t\t<\/div>\n\t\t\t\t<\/div>\n\t\t\t\t<\/div>\n\t\t<div class=\"elementor-element elementor-element-300ae1a e-con-full e-flex e-con e-child\" data-id=\"300ae1a\" data-element_type=\"container\">\n\t\t<div class=\"elementor-element elementor-element-70f5e3f e-con-full e-flex e-con e-child\" data-id=\"70f5e3f\" data-element_type=\"container\">\n\t\t\t\t<div class=\"elementor-element elementor-element-67151ae elementor-invisible elementor-widget elementor-widget-n-accordion\" data-id=\"67151ae\" data-element_type=\"widget\" data-settings=\"{&quot;_animation&quot;:&quot;opal-move-right&quot;,&quot;default_state&quot;:&quot;all_collapsed&quot;,&quot;max_items_expended&quot;:&quot;one&quot;,&quot;n_accordion_animation_duration&quot;:{&quot;unit&quot;:&quot;ms&quot;,&quot;size&quot;:400,&quot;sizes&quot;:[]}}\" data-widget_type=\"nested-accordion.default\">\n\t\t\t\t\t\t\t<div class=\"e-n-accordion\" aria-label=\"Accordion. Open links with Enter or Space, close with Escape, and navigate with Arrow Keys\">\n\t\t\t\t\t\t<details id=\"e-n-accordion-item-1080\" class=\"e-n-accordion-item\" >\n\t\t\t\t<summary class=\"e-n-accordion-item-title\" data-accordion-index=\"1\" tabindex=\"0\" aria-expanded=\"false\" aria-controls=\"e-n-accordion-item-1080\" >\n\t\t\t\t\t<span class='e-n-accordion-item-title-header'><div class=\"e-n-accordion-item-title-text\"> Rezervacije in ugodnosti <\/div><\/span>\n\t\t\t\t\t\t\t<span class='e-n-accordion-item-title-icon'>\n\t\t\t<span class='e-opened' ><i aria-hidden=\"true\" class=\"antra-icon- antra-icon-minus\"><\/i><\/span>\n\t\t\t<span class='e-closed'><i aria-hidden=\"true\" class=\"antra-icon- antra-icon-plus\"><\/i><\/span>\n\t\t<\/span>\n\n\t\t\t\t\t\t<\/summary>\n\t\t\t\t<div role=\"region\" aria-labelledby=\"e-n-accordion-item-1080\" class=\"elementor-element elementor-element-efa299f e-con-full e-flex e-con e-child\" data-id=\"efa299f\" data-element_type=\"container\">\n\t\t\t\t<div class=\"elementor-element elementor-element-bf5b1c6 elementor-widget__width-initial elementor-widget elementor-widget-text-editor\" data-id=\"bf5b1c6\" data-element_type=\"widget\" data-widget_type=\"text-editor.default\">\n\t\t\t\t\t\t\t\t\t<p><span dir=\"auto\">Za la\u017eje rezervacije platforme, kot je\u00a0\u00a0<\/span><a href=\"https:\/\/translate.google.com\/website?sl=hr&amp;tl=sl&amp;hl=en&amp;client=webapp&amp;u=https:\/\/www.booking.com\/hotel\/ba\/bestblick-apartments-jahorina-snjezna-dolina.en-gb.html\"><span dir=\"auto\">Booking.com,<\/span><\/a><span dir=\"auto\">\u00a0\u00a0ponujajo informacije o razpolo\u017eljivih datumih, ocene in podrobnosti o ponudbi. Za vrhunec sezone je priporo\u010dljiva zgodnja rezervacija, saj je razpolo\u017eljivost zasebnih apartmajev ob glavnih smu\u010di\u0161\u010dih omejena.<\/span><\/p>\t\t\t\t\t\t\t\t<\/div>\n\t\t\t\t<\/div>\n\t\t\t\t\t<\/details>\n\t\t\t\t\t\t<details id=\"e-n-accordion-item-1081\" class=\"e-n-accordion-item\" >\n\t\t\t\t<summary class=\"e-n-accordion-item-title\" data-accordion-index=\"2\" tabindex=\"-1\" aria-expanded=\"false\" aria-controls=\"e-n-accordion-item-1081\" >\n\t\t\t\t\t<span class='e-n-accordion-item-title-header'><div class=\"e-n-accordion-item-title-text\"> Zakaj izbrati zasebno nastanitev? <\/div><\/span>\n\t\t\t\t\t\t\t<span class='e-n-accordion-item-title-icon'>\n\t\t\t<span class='e-opened' ><i aria-hidden=\"true\" class=\"antra-icon- antra-icon-minus\"><\/i><\/span>\n\t\t\t<span class='e-closed'><i aria-hidden=\"true\" class=\"antra-icon- antra-icon-plus\"><\/i><\/span>\n\t\t<\/span>\n\n\t\t\t\t\t\t<\/summary>\n\t\t\t\t<div role=\"region\" aria-labelledby=\"e-n-accordion-item-1081\" class=\"elementor-element elementor-element-f0098d4 e-con-full e-flex e-con e-child\" data-id=\"f0098d4\" data-element_type=\"container\">\n\t\t\t\t<div class=\"elementor-element elementor-element-6580925 elementor-widget__width-initial elementor-widget elementor-widget-text-editor\" data-id=\"6580925\" data-element_type=\"widget\" data-widget_type=\"text-editor.default\">\n\t\t\t\t\t\t\t\t\t<p><span dir=\"auto\">Zasebna\u00a0\u00a0<\/span><a href=\"https:\/\/translate.google.com\/website?sl=hr&amp;tl=sl&amp;hl=en&amp;client=webapp&amp;u=https:\/\/apartments-jahorina.com\/apartmani-jahorina\/\"><span dir=\"auto\">namestitev<\/span><\/a><span dir=\"auto\">\u00a0\u00a0omogo\u010da fleksibilnost pri na\u010drtovanju po\u010ditnic, z dodatnimi ugodnostmi, kot so organizirani zimski izleti in zasebni vodniki po okoli\u0161ki naravni lepoti Jahorine.<\/span><\/p>\t\t\t\t\t\t\t\t<\/div>\n\t\t\t\t<\/div>\n\t\t\t\t\t<\/details>\n\t\t\t\t\t<\/div>\n\t\t\t\t\t\t<\/div>\n\t\t\t\t<\/div>\n\t\t<div class=\"elementor-element elementor-element-7c44126 e-con-full e-flex e-con e-child\" data-id=\"7c44126\" data-element_type=\"container\">\n\t\t\t\t<div class=\"elementor-element elementor-element-5b562f9 elementor-invisible elementor-widget elementor-widget-image\" data-id=\"5b562f9\" data-element_type=\"widget\" data-settings=\"{&quot;_animation&quot;:&quot;opal-move-left&quot;}\" data-widget_type=\"image.default\">\n\t\t\t\t\t<div class=\"antra-wrapper-image-widget\" data-cursor=\"-opaque\">\t\t\t\t\t\t\t\t\t\t<img loading=\"lazy\" decoding=\"async\" width=\"2560\" height=\"1440\" src=\"https:\/\/apartments-jahorina.com\/wp-content\/uploads\/2025\/11\/gal6-scaled.jpg\" class=\"attachment-full size-full wp-image-10936\" alt=\"\" srcset=\"https:\/\/apartments-jahorina.com\/wp-content\/uploads\/2025\/11\/gal6-scaled.jpg 2560w, https:\/\/apartments-jahorina.com\/wp-content\/uploads\/2025\/11\/gal6-300x169.jpg 300w, https:\/\/apartments-jahorina.com\/wp-content\/uploads\/2025\/11\/gal6-1024x576.jpg 1024w, https:\/\/apartments-jahorina.com\/wp-content\/uploads\/2025\/11\/gal6-768x432.jpg 768w, https:\/\/apartments-jahorina.com\/wp-content\/uploads\/2025\/11\/gal6-1536x864.jpg 1536w, https:\/\/apartments-jahorina.com\/wp-content\/uploads\/2025\/11\/gal6-2048x1152.jpg 2048w, https:\/\/apartments-jahorina.com\/wp-content\/uploads\/2025\/11\/gal6-860x484.jpg 860w, https:\/\/apartments-jahorina.com\/wp-content\/uploads\/2025\/11\/gal6-1000x563.jpg 1000w\" sizes=\"(max-width: 2560px) 100vw, 2560px\" \/>\t\t\t\t\t\t\t\t\t\t\t<\/div>\t\t\t\t<\/div>\n\t\t\t\t<\/div>\n\t\t\t\t<\/div>\n\t\t\t\t\t<\/div>\n\t\t\t\t<\/div>\n\t\t\t\t<\/div>\n\t\t","protected":false},"excerpt":{"rendered":"<p>Zasebna namestitev Jahorina HomeZasebna namestitev Jahorina Zasebna namestitev Jahorina \u2013 Bestblick Apartmaji Zasebna namestitev na Jahorini \u2013 idealna destinacija za zimske po\u010ditnice Zasebna namestitev na Jahorini ponuja popolno kombinacijo udobja, zasebnosti in dostopnih cen, idealno za ljubitelje zimskih \u0161portov in narave. Te namestitve segajo od luksuznih apartmajev do bolj ekonomi\u010dnih sob, kar obiskovalcem omogo\u010da \u0161iroko [&hellip;]<\/p>\n","protected":false},"author":1,"featured_media":0,"parent":0,"menu_order":0,"comment_status":"closed","ping_status":"closed","template":"","meta":{"footnotes":""},"class_list":["post-10041","page","type-page","status-publish","hentry"],"yoast_head":"<!-- This site is optimized with the Yoast SEO plugin v26.4 - https:\/\/yoast.com\/wordpress\/plugins\/seo\/ -->\n<title>Zasebna namestitev Jahorina - BESTBLICK Apartments Jahorina<\/title>\n<meta name=\"robots\" content=\"index, follow, max-snippet:-1, max-image-preview:large, max-video-preview:-1\" \/>\n<link rel=\"canonical\" href=\"https:\/\/apartments-jahorina.com\/privatni-smjestaj-jahorina\/\" \/>\n<meta property=\"og:locale\" content=\"sl_SI\" \/>\n<meta property=\"og:type\" content=\"article\" \/>\n<meta property=\"og:title\" content=\"Zasebna namestitev Jahorina - BESTBLICK Apartments Jahorina\" \/>\n<meta property=\"og:description\" content=\"Zasebna namestitev Jahorina HomeZasebna namestitev Jahorina Zasebna namestitev Jahorina \u2013 Bestblick Apartmaji Zasebna namestitev na Jahorini \u2013 idealna destinacija za zimske po\u010ditnice Zasebna namestitev na Jahorini ponuja popolno kombinacijo udobja, zasebnosti in dostopnih cen, idealno za ljubitelje zimskih \u0161portov in narave. Te namestitve segajo od luksuznih apartmajev do bolj ekonomi\u010dnih sob, kar obiskovalcem omogo\u010da \u0161iroko [&hellip;]\" \/>\n<meta property=\"og:url\" content=\"https:\/\/apartments-jahorina.com\/privatni-smjestaj-jahorina\/\" \/>\n<meta property=\"og:site_name\" content=\"BESTBLICK Apartments Jahorina\" \/>\n<meta property=\"article:modified_time\" content=\"2025-12-02T21:41:34+00:00\" \/>\n<meta property=\"og:image\" content=\"http:\/\/apartments-jahorina.com\/wp-content\/uploads\/2025\/11\/gal6-scaled.jpg\" \/>\n<meta name=\"twitter:card\" content=\"summary_large_image\" \/>\n<meta name=\"twitter:label1\" content=\"Est. reading time\" \/>\n\t<meta name=\"twitter:data1\" content=\"2 minuti\" \/>\n<script type=\"application\/ld+json\" class=\"yoast-schema-graph\">{\"@context\":\"https:\/\/schema.org\",\"@graph\":[{\"@type\":\"WebPage\",\"@id\":\"https:\/\/apartments-jahorina.com\/privatni-smjestaj-jahorina\/\",\"url\":\"https:\/\/apartments-jahorina.com\/privatni-smjestaj-jahorina\/\",\"name\":\"Zasebna namestitev Jahorina - BESTBLICK Apartments Jahorina\",\"isPartOf\":{\"@id\":\"https:\/\/apartments-jahorina.com\/#website\"},\"primaryImageOfPage\":{\"@id\":\"https:\/\/apartments-jahorina.com\/privatni-smjestaj-jahorina\/#primaryimage\"},\"image\":{\"@id\":\"https:\/\/apartments-jahorina.com\/privatni-smjestaj-jahorina\/#primaryimage\"},\"thumbnailUrl\":\"http:\/\/apartments-jahorina.com\/wp-content\/uploads\/2025\/11\/gal6-scaled.jpg\",\"datePublished\":\"2025-11-30T18:27:49+00:00\",\"dateModified\":\"2025-12-02T21:41:34+00:00\",\"breadcrumb\":{\"@id\":\"https:\/\/apartments-jahorina.com\/privatni-smjestaj-jahorina\/#breadcrumb\"},\"inLanguage\":\"sl-SI\",\"potentialAction\":[{\"@type\":\"ReadAction\",\"target\":[\"https:\/\/apartments-jahorina.com\/privatni-smjestaj-jahorina\/\"]}]},{\"@type\":\"ImageObject\",\"inLanguage\":\"sl-SI\",\"@id\":\"https:\/\/apartments-jahorina.com\/privatni-smjestaj-jahorina\/#primaryimage\",\"url\":\"http:\/\/apartments-jahorina.com\/wp-content\/uploads\/2025\/11\/gal6-scaled.jpg\",\"contentUrl\":\"http:\/\/apartments-jahorina.com\/wp-content\/uploads\/2025\/11\/gal6-scaled.jpg\"},{\"@type\":\"BreadcrumbList\",\"@id\":\"https:\/\/apartments-jahorina.com\/privatni-smjestaj-jahorina\/#breadcrumb\",\"itemListElement\":[{\"@type\":\"ListItem\",\"position\":1,\"name\":\"Home\",\"item\":\"https:\/\/apartments-jahorina.com\/sl\/\"},{\"@type\":\"ListItem\",\"position\":2,\"name\":\"Zasebna namestitev Jahorina\"}]},{\"@type\":\"WebSite\",\"@id\":\"https:\/\/apartments-jahorina.com\/#website\",\"url\":\"https:\/\/apartments-jahorina.com\/\",\"name\":\"BESTBLICK Apartments Jahorina\",\"description\":\"Moderni apartmani s pogledom na ski-stazu\",\"potentialAction\":[{\"@type\":\"SearchAction\",\"target\":{\"@type\":\"EntryPoint\",\"urlTemplate\":\"https:\/\/apartments-jahorina.com\/?s={search_term_string}\"},\"query-input\":{\"@type\":\"PropertyValueSpecification\",\"valueRequired\":true,\"valueName\":\"search_term_string\"}}],\"inLanguage\":\"sl-SI\"}]}<\/script>\n<!-- \/ Yoast SEO plugin. -->","yoast_head_json":{"title":"Zasebna namestitev Jahorina - BESTBLICK Apartments Jahorina","robots":{"index":"index","follow":"follow","max-snippet":"max-snippet:-1","max-image-preview":"max-image-preview:large","max-video-preview":"max-video-preview:-1"},"canonical":"https:\/\/apartments-jahorina.com\/privatni-smjestaj-jahorina\/","og_locale":"sl_SI","og_type":"article","og_title":"Zasebna namestitev Jahorina - BESTBLICK Apartments Jahorina","og_description":"Zasebna namestitev Jahorina HomeZasebna namestitev Jahorina Zasebna namestitev Jahorina \u2013 Bestblick Apartmaji Zasebna namestitev na Jahorini \u2013 idealna destinacija za zimske po\u010ditnice Zasebna namestitev na Jahorini ponuja popolno kombinacijo udobja, zasebnosti in dostopnih cen, idealno za ljubitelje zimskih \u0161portov in narave. Te namestitve segajo od luksuznih apartmajev do bolj ekonomi\u010dnih sob, kar obiskovalcem omogo\u010da \u0161iroko [&hellip;]","og_url":"https:\/\/apartments-jahorina.com\/privatni-smjestaj-jahorina\/","og_site_name":"BESTBLICK Apartments Jahorina","article_modified_time":"2025-12-02T21:41:34+00:00","og_image":[{"url":"http:\/\/apartments-jahorina.com\/wp-content\/uploads\/2025\/11\/gal6-scaled.jpg","type":"","width":"","height":""}],"twitter_card":"summary_large_image","twitter_misc":{"Est. reading time":"2 minuti"},"schema":{"@context":"https:\/\/schema.org","@graph":[{"@type":"WebPage","@id":"https:\/\/apartments-jahorina.com\/privatni-smjestaj-jahorina\/","url":"https:\/\/apartments-jahorina.com\/privatni-smjestaj-jahorina\/","name":"Zasebna namestitev Jahorina - BESTBLICK Apartments Jahorina","isPartOf":{"@id":"https:\/\/apartments-jahorina.com\/#website"},"primaryImageOfPage":{"@id":"https:\/\/apartments-jahorina.com\/privatni-smjestaj-jahorina\/#primaryimage"},"image":{"@id":"https:\/\/apartments-jahorina.com\/privatni-smjestaj-jahorina\/#primaryimage"},"thumbnailUrl":"http:\/\/apartments-jahorina.com\/wp-content\/uploads\/2025\/11\/gal6-scaled.jpg","datePublished":"2025-11-30T18:27:49+00:00","dateModified":"2025-12-02T21:41:34+00:00","breadcrumb":{"@id":"https:\/\/apartments-jahorina.com\/privatni-smjestaj-jahorina\/#breadcrumb"},"inLanguage":"sl-SI","potentialAction":[{"@type":"ReadAction","target":["https:\/\/apartments-jahorina.com\/privatni-smjestaj-jahorina\/"]}]},{"@type":"ImageObject","inLanguage":"sl-SI","@id":"https:\/\/apartments-jahorina.com\/privatni-smjestaj-jahorina\/#primaryimage","url":"http:\/\/apartments-jahorina.com\/wp-content\/uploads\/2025\/11\/gal6-scaled.jpg","contentUrl":"http:\/\/apartments-jahorina.com\/wp-content\/uploads\/2025\/11\/gal6-scaled.jpg"},{"@type":"BreadcrumbList","@id":"https:\/\/apartments-jahorina.com\/privatni-smjestaj-jahorina\/#breadcrumb","itemListElement":[{"@type":"ListItem","position":1,"name":"Home","item":"https:\/\/apartments-jahorina.com\/sl\/"},{"@type":"ListItem","position":2,"name":"Zasebna namestitev Jahorina"}]},{"@type":"WebSite","@id":"https:\/\/apartments-jahorina.com\/#website","url":"https:\/\/apartments-jahorina.com\/","name":"BESTBLICK Apartments Jahorina","description":"Moderni apartmani s pogledom na ski-stazu","potentialAction":[{"@type":"SearchAction","target":{"@type":"EntryPoint","urlTemplate":"https:\/\/apartments-jahorina.com\/?s={search_term_string}"},"query-input":{"@type":"PropertyValueSpecification","valueRequired":true,"valueName":"search_term_string"}}],"inLanguage":"sl-SI"}]}},"_links":{"self":[{"href":"https:\/\/apartments-jahorina.com\/sl\/wp-json\/wp\/v2\/pages\/10041","targetHints":{"allow":["GET"]}}],"collection":[{"href":"https:\/\/apartments-jahorina.com\/sl\/wp-json\/wp\/v2\/pages"}],"about":[{"href":"https:\/\/apartments-jahorina.com\/sl\/wp-json\/wp\/v2\/types\/page"}],"author":[{"embeddable":true,"href":"https:\/\/apartments-jahorina.com\/sl\/wp-json\/wp\/v2\/users\/1"}],"replies":[{"embeddable":true,"href":"https:\/\/apartments-jahorina.com\/sl\/wp-json\/wp\/v2\/comments?post=10041"}],"version-history":[{"count":7,"href":"https:\/\/apartments-jahorina.com\/sl\/wp-json\/wp\/v2\/pages\/10041\/revisions"}],"predecessor-version":[{"id":11425,"href":"https:\/\/apartments-jahorina.com\/sl\/wp-json\/wp\/v2\/pages\/10041\/revisions\/11425"}],"wp:attachment":[{"href":"https:\/\/apartments-jahorina.com\/sl\/wp-json\/wp\/v2\/media?parent=10041"}],"curies":[{"name":"wp","href":"https:\/\/api.w.org\/{rel}","templated":true}]}}