{"id":10053,"date":"2025-11-30T18:18:56","date_gmt":"2025-11-30T18:18:56","guid":{"rendered":"http:\/\/apartments-jahorina.com\/nova-godina-na-jahorini\/"},"modified":"2025-12-02T21:36:45","modified_gmt":"2025-12-02T21:36:45","slug":"novo-leto-na-jahorini","status":"publish","type":"page","link":"https:\/\/apartments-jahorina.com\/sl\/novo-leto-na-jahorini\/","title":{"rendered":"Novo leto na Jahorini"},"content":{"rendered":"\t\t<div data-elementor-type=\"wp-page\" data-elementor-id=\"10053\" class=\"elementor elementor-10053 elementor-9858\">\n\t\t\t\t<div class=\"elementor-element elementor-element-3fa3b942 e-con-full e-flex e-con e-parent\" data-id=\"3fa3b942\" data-element_type=\"container\">\n\t\t\t\t<div class=\"elementor-element elementor-element-71fbca57 elementor-widget elementor-widget-html\" data-id=\"71fbca57\" data-element_type=\"widget\" data-widget_type=\"html.default\">\n\t\t\t\t\t<div class=\"breadcrumb-wrap\">\t\t<div data-elementor-type=\"wp-post\" data-elementor-id=\"3360\" class=\"elementor elementor-3360\">\n\t\t\t\t<div class=\"elementor-element elementor-element-ca5cff3 e-flex e-con-boxed e-con e-parent e-lazyloaded\" data-id=\"ca5cff3\" data-element_type=\"container\" data-settings=\"{&quot;background_background&quot;:&quot;classic&quot;}\">\n\t\t\t\t\t<div class=\"e-con-inner\">\n\t\t\t\t<div class=\"elementor-element elementor-element-bb28bfc hidden-antra-title-single-yes elementor-widget elementor-widget-woocommerce-breadcrumb\" data-id=\"bb28bfc\" data-element_type=\"widget\" data-widget_type=\"woocommerce-breadcrumb.default\">\n\t\t\t\t<div class=\"elementor-widget-container\">\n\t\t\t\t\t<div class=\"antra-woocommerce-title\">Novo leto na Jahorini<\/div><nav class=\"woocommerce-breadcrumb\"><a href=\"http:\/\/apartments-jahorina.com\/\">Home<\/a><i class=\"antra-icon-breadcrumb\"><\/i><span class=\"current-page\">Novo leto na Jahorini<\/span><\/nav>\t\t\t\t<\/div>\n\t\t\t\t<\/div>\n\t\t\t\t\t<\/div>\n\t\t\t\t<\/div>\n\t\t\t\t<\/div>\n\t\t<\/div>\t\t\t\t<\/div>\n\t\t\t\t<\/div>\n\t\t<div class=\"elementor-element elementor-element-12b6bd6 e-flex e-con-boxed e-con e-parent\" data-id=\"12b6bd6\" data-element_type=\"container\">\n\t\t\t\t\t<div class=\"e-con-inner\">\n\t\t<div class=\"elementor-element elementor-element-7b8b529 e-con-full e-flex e-con e-child\" data-id=\"7b8b529\" data-element_type=\"container\">\n\t\t<div class=\"elementor-element elementor-element-52f5450 e-con-full e-flex e-con e-child\" data-id=\"52f5450\" data-element_type=\"container\">\n\t\t\t\t<div class=\"elementor-element elementor-element-ef7ac5e elementor-absolute elementor-hidden-mobile elementor-view-default elementor-invisible elementor-widget elementor-widget-icon\" data-id=\"ef7ac5e\" data-element_type=\"widget\" data-settings=\"{&quot;_position&quot;:&quot;absolute&quot;,&quot;motion_fx_motion_fx_scrolling&quot;:&quot;yes&quot;,&quot;motion_fx_translateX_effect&quot;:&quot;yes&quot;,&quot;motion_fx_translateX_speed&quot;:{&quot;unit&quot;:&quot;px&quot;,&quot;size&quot;:1.5,&quot;sizes&quot;:[]},&quot;_animation&quot;:&quot;opal-move-right&quot;,&quot;motion_fx_translateX_affectedRange&quot;:{&quot;unit&quot;:&quot;%&quot;,&quot;size&quot;:&quot;&quot;,&quot;sizes&quot;:{&quot;start&quot;:0,&quot;end&quot;:100}},&quot;motion_fx_devices&quot;:[&quot;desktop&quot;,&quot;laptop&quot;,&quot;tablet_extra&quot;,&quot;tablet&quot;,&quot;mobile_extra&quot;,&quot;mobile&quot;]}\" data-widget_type=\"icon.default\">\n\t\t\t\t\t\t\t<div class=\"elementor-icon-wrapper\">\n\t\t\t<div class=\"elementor-icon\">\n\t\t\t\t\t\t<\/div>\n\t\t<\/div>\n\t\t\t\t\t\t<\/div>\n\t\t\t\t<div class=\"elementor-element elementor-element-7a3b481 elementor-widget__width-auto elementor-absolute elementor-hidden-mobile elementor-view-default elementor-invisible elementor-widget elementor-widget-icon\" data-id=\"7a3b481\" data-element_type=\"widget\" data-settings=\"{&quot;_position&quot;:&quot;absolute&quot;,&quot;motion_fx_motion_fx_scrolling&quot;:&quot;yes&quot;,&quot;motion_fx_translateY_effect&quot;:&quot;yes&quot;,&quot;motion_fx_translateY_direction&quot;:&quot;negative&quot;,&quot;motion_fx_translateY_speed&quot;:{&quot;unit&quot;:&quot;px&quot;,&quot;size&quot;:1.2,&quot;sizes&quot;:[]},&quot;_animation&quot;:&quot;opal-move-down&quot;,&quot;motion_fx_translateY_affectedRange&quot;:{&quot;unit&quot;:&quot;%&quot;,&quot;size&quot;:&quot;&quot;,&quot;sizes&quot;:{&quot;start&quot;:0,&quot;end&quot;:100}},&quot;motion_fx_devices&quot;:[&quot;desktop&quot;,&quot;laptop&quot;,&quot;tablet_extra&quot;,&quot;tablet&quot;,&quot;mobile_extra&quot;,&quot;mobile&quot;]}\" data-widget_type=\"icon.default\">\n\t\t\t\t\t\t\t<div class=\"elementor-icon-wrapper\">\n\t\t\t<div class=\"elementor-icon\">\n\t\t\t\t\t\t<\/div>\n\t\t<\/div>\n\t\t\t\t\t\t<\/div>\n\t\t\t\t<\/div>\n\t\t<div class=\"elementor-element elementor-element-4e0b3cc e-con-full e-flex e-con e-child\" data-id=\"4e0b3cc\" data-element_type=\"container\">\n\t\t\t\t<div class=\"elementor-element elementor-element-6bc46d3 elementor-widget__width-initial elementor-invisible elementor-widget elementor-widget-heading\" data-id=\"6bc46d3\" data-element_type=\"widget\" data-settings=\"{&quot;_animation&quot;:&quot;opal-move-left&quot;}\" data-widget_type=\"heading.default\">\n\t\t\t\t\t<h2 data-cursor=\"-opaque\" class=\"elementor-heading-title elementor-size-default\">Silvestrovanje na Jahorini \u2013  <span class=\"c-primary\">podroben vodnik za popolne zimske po\u010ditnice<\/span><\/h2>\t\t\t\t<\/div>\n\t\t\t\t<div class=\"elementor-element elementor-element-4aa09f6 elementor-widget__width-initial elementor-invisible elementor-widget elementor-widget-text-editor\" data-id=\"4aa09f6\" data-element_type=\"widget\" data-settings=\"{&quot;_animation&quot;:&quot;opal-move-left&quot;}\" data-widget_type=\"text-editor.default\">\n\t\t\t\t\t\t\t\t\t<p><strong><span dir=\"auto\">Silvestrovanje na Jahorini &#8211; Popolna destinacija za zimsko silvestrovanje.<\/span><\/strong><\/p><p><span dir=\"auto\"><span class=\"\" dir=\"auto\">Jahorina je eno najbolj priljubljenih smu\u010di\u0161\u010d v regiji, silvestrovo na tej olimpijski lepotici pa vsem obiskovalcem ponuja nepozabno do\u017eivetje. Z vrhunsko ponudbo namestitev, zabavnih dogodkov in zimskih aktivnosti je Jahorina idealna izbira za tiste, ki \u017eelijo zdru\u017eiti smu\u010danje in prazni\u010dno vzdu\u0161je.<\/span><\/span><\/p>\t\t\t\t\t\t\t\t<\/div>\n\t\t\t\t<\/div>\n\t\t\t\t<\/div>\n\t\t<div class=\"elementor-element elementor-element-300ae1a e-con-full e-flex e-con e-child\" data-id=\"300ae1a\" data-element_type=\"container\">\n\t\t<div class=\"elementor-element elementor-element-70f5e3f e-con-full e-flex e-con e-child\" data-id=\"70f5e3f\" data-element_type=\"container\">\n\t\t\t\t<div class=\"elementor-element elementor-element-67151ae elementor-invisible elementor-widget elementor-widget-n-accordion\" data-id=\"67151ae\" data-element_type=\"widget\" data-settings=\"{&quot;_animation&quot;:&quot;opal-move-right&quot;,&quot;default_state&quot;:&quot;all_collapsed&quot;,&quot;max_items_expended&quot;:&quot;one&quot;,&quot;n_accordion_animation_duration&quot;:{&quot;unit&quot;:&quot;ms&quot;,&quot;size&quot;:400,&quot;sizes&quot;:[]}}\" data-widget_type=\"nested-accordion.default\">\n\t\t\t\t\t\t\t<div class=\"e-n-accordion\" aria-label=\"Accordion. Open links with Enter or Space, close with Escape, and navigate with Arrow Keys\">\n\t\t\t\t\t\t<details id=\"e-n-accordion-item-1080\" class=\"e-n-accordion-item\" >\n\t\t\t\t<summary class=\"e-n-accordion-item-title\" data-accordion-index=\"1\" tabindex=\"0\" aria-expanded=\"false\" aria-controls=\"e-n-accordion-item-1080\" >\n\t\t\t\t\t<span class='e-n-accordion-item-title-header'><div class=\"e-n-accordion-item-title-text\"> Namestitev za novo leto <\/div><\/span>\n\t\t\t\t\t\t\t<span class='e-n-accordion-item-title-icon'>\n\t\t\t<span class='e-opened' ><i aria-hidden=\"true\" class=\"antra-icon- antra-icon-minus\"><\/i><\/span>\n\t\t\t<span class='e-closed'><i aria-hidden=\"true\" class=\"antra-icon- antra-icon-plus\"><\/i><\/span>\n\t\t<\/span>\n\n\t\t\t\t\t\t<\/summary>\n\t\t\t\t<div role=\"region\" aria-labelledby=\"e-n-accordion-item-1080\" class=\"elementor-element elementor-element-efa299f e-con-full e-flex e-con e-child\" data-id=\"efa299f\" data-element_type=\"container\">\n\t\t\t\t<div class=\"elementor-element elementor-element-bf5b1c6 elementor-widget__width-initial elementor-widget elementor-widget-text-editor\" data-id=\"bf5b1c6\" data-element_type=\"widget\" data-widget_type=\"text-editor.default\">\n\t\t\t\t\t\t\t\t\t<ol><li><p><strong><span dir=\"auto\">Hoteli<\/span><\/strong><span dir=\"auto\">\u00a0: \u0160tevilni hoteli na Jahorini ponujajo posebne silvestrske pakete. Ponudbe pogosto vklju\u010dujejo:<\/span><\/p><ul><li><span dir=\"auto\">No\u010ditev z zajtrkom.<\/span><\/li><li><span dir=\"auto\">Sve\u010dana ve\u010derja z zabavnim programom.<\/span><\/li><li><span dir=\"auto\">Dostop do wellness centrov.<\/span><\/li><li><span dir=\"auto\">Cene se za\u010dnejo pri 1450 KM za tri-\u0161tiri no\u010ditve za dve osebi.<\/span><br \/><br \/><\/li><\/ul><\/li><li><p><strong><span dir=\"auto\">Apartmaji<\/span><\/strong><span dir=\"auto\">\u00a0: Luksuzni apartmaji, kot je\u00a0\u00a0<\/span><a href=\"https:\/\/translate.google.com\/website?sl=hr&amp;tl=sl&amp;hl=en&amp;client=webapp&amp;u=https:\/\/apartments-jahorina.com\/apartmani-jahorina\/\"><strong><span dir=\"auto\">Bestblick Apartments,<\/span><\/strong><\/a><span dir=\"auto\">\u00a0\u00a0ponujajo udobno in moderno namestitev, idealno za pare ali manj\u0161e skupine. Opremljeni so z vsemi potrebnimi udobji za spro\u0161\u010dujo\u010de bivanje.<\/span><\/p><\/li><li><p><strong><span dir=\"auto\">Ko\u010de<\/span><\/strong><span dir=\"auto\">\u00a0: Za ljubitelje zasebnosti in narave ponujajo ko\u010de rustikalen \u010dar z moderno opremo in kapaciteto za do osem oseb.<\/span><\/p><\/li><\/ol>\t\t\t\t\t\t\t\t<\/div>\n\t\t\t\t<\/div>\n\t\t\t\t\t<\/details>\n\t\t\t\t\t\t<details id=\"e-n-accordion-item-1081\" class=\"e-n-accordion-item\" >\n\t\t\t\t<summary class=\"e-n-accordion-item-title\" data-accordion-index=\"2\" tabindex=\"-1\" aria-expanded=\"false\" aria-controls=\"e-n-accordion-item-1081\" >\n\t\t\t\t\t<span class='e-n-accordion-item-title-header'><div class=\"e-n-accordion-item-title-text\"> Zabavni program in aktivnosti <\/div><\/span>\n\t\t\t\t\t\t\t<span class='e-n-accordion-item-title-icon'>\n\t\t\t<span class='e-opened' ><i aria-hidden=\"true\" class=\"antra-icon- antra-icon-minus\"><\/i><\/span>\n\t\t\t<span class='e-closed'><i aria-hidden=\"true\" class=\"antra-icon- antra-icon-plus\"><\/i><\/span>\n\t\t<\/span>\n\n\t\t\t\t\t\t<\/summary>\n\t\t\t\t<div role=\"region\" aria-labelledby=\"e-n-accordion-item-1081\" class=\"elementor-element elementor-element-f0098d4 e-con-full e-flex e-con e-child\" data-id=\"f0098d4\" data-element_type=\"container\">\n\t\t\t\t<div class=\"elementor-element elementor-element-6580925 elementor-widget__width-initial elementor-widget elementor-widget-text-editor\" data-id=\"6580925\" data-element_type=\"widget\" data-widget_type=\"text-editor.default\">\n\t\t\t\t\t\t\t\t\t<ul><li><strong><span dir=\"auto\"><span dir=\"auto\">Praznovanje silvestrova<\/span><\/span><\/strong><span dir=\"auto\"><span dir=\"auto\">\u00a0: Hoteli in restavracije organizirajo zabave z \u017eivo glasbo, DJ-ji in spektakularnim ognjemetom.<\/span><\/span><\/li><li><strong><span dir=\"auto\"><span dir=\"auto\">Smu\u010danje in deskanje na snegu<\/span><\/span><\/strong><span dir=\"auto\"><span dir=\"auto\">\u00a0: Jahorina ponuja 47 kilometrov urejenih prog, vklju\u010dno z no\u010dnim smu\u010danjem.<\/span><\/span><\/li><li><strong><span dir=\"auto\"><span dir=\"auto\">Zabava po smu\u010danju<\/span><\/span><\/strong><span dir=\"auto\"><span dir=\"auto\">\u00a0: Po smu\u010danju si lahko obiskovalci privo\u0161\u010dijo tople napitke in lokalne specialitete v gorskih barih.<\/span><\/span><\/li><li>\u00a0<\/li><\/ul>\t\t\t\t\t\t\t\t<\/div>\n\t\t\t\t<\/div>\n\t\t\t\t\t<\/details>\n\t\t\t\t\t\t<details id=\"e-n-accordion-item-1082\" class=\"e-n-accordion-item\" >\n\t\t\t\t<summary class=\"e-n-accordion-item-title\" data-accordion-index=\"3\" tabindex=\"-1\" aria-expanded=\"false\" aria-controls=\"e-n-accordion-item-1082\" >\n\t\t\t\t\t<span class='e-n-accordion-item-title-header'><div class=\"e-n-accordion-item-title-text\"> Nasveti za obiskovalce <\/div><\/span>\n\t\t\t\t\t\t\t<span class='e-n-accordion-item-title-icon'>\n\t\t\t<span class='e-opened' ><i aria-hidden=\"true\" class=\"antra-icon- antra-icon-minus\"><\/i><\/span>\n\t\t\t<span class='e-closed'><i aria-hidden=\"true\" class=\"antra-icon- antra-icon-plus\"><\/i><\/span>\n\t\t<\/span>\n\n\t\t\t\t\t\t<\/summary>\n\t\t\t\t<div role=\"region\" aria-labelledby=\"e-n-accordion-item-1082\" class=\"elementor-element elementor-element-5471b18 e-con-full e-flex e-con e-child\" data-id=\"5471b18\" data-element_type=\"container\">\n\t\t\t\t<div class=\"elementor-element elementor-element-9cf7c35 elementor-widget__width-initial elementor-widget elementor-widget-text-editor\" data-id=\"9cf7c35\" data-element_type=\"widget\" data-widget_type=\"text-editor.default\">\n\t\t\t\t\t\t\t\t\t<ul><li><strong><span dir=\"auto\">Rezervirajte vnaprej<\/span><\/strong><span dir=\"auto\">\u00a0: Zaradi velikega povpra\u0161evanja se mesta hitro zapolnijo.<\/span><\/li><li><strong><span dir=\"auto\">Paketi za dru\u017eine<\/span><\/strong><span dir=\"auto\">\u00a0: \u0160tevilni hoteli ponujajo popuste za otroke ali brezpla\u010dno namestitev za najmlaj\u0161e.<\/span><\/li><li><strong><span dir=\"auto\">Pripravite se na zimske razmere<\/span><\/strong><span dir=\"auto\">\u00a0: S seboj prinesite topla obla\u010dila in primerno opremo za gorske aktivnosti.<\/span><\/li><\/ul>\t\t\t\t\t\t\t\t<\/div>\n\t\t\t\t<\/div>\n\t\t\t\t\t<\/details>\n\t\t\t\t\t\t<details id=\"e-n-accordion-item-1083\" class=\"e-n-accordion-item\" >\n\t\t\t\t<summary class=\"e-n-accordion-item-title\" data-accordion-index=\"4\" tabindex=\"-1\" aria-expanded=\"false\" aria-controls=\"e-n-accordion-item-1083\" >\n\t\t\t\t\t<span class='e-n-accordion-item-title-header'><div class=\"e-n-accordion-item-title-text\"> Zaklju\u010dek <\/div><\/span>\n\t\t\t\t\t\t\t<span class='e-n-accordion-item-title-icon'>\n\t\t\t<span class='e-opened' ><i aria-hidden=\"true\" class=\"antra-icon- antra-icon-minus\"><\/i><\/span>\n\t\t\t<span class='e-closed'><i aria-hidden=\"true\" class=\"antra-icon- antra-icon-plus\"><\/i><\/span>\n\t\t<\/span>\n\n\t\t\t\t\t\t<\/summary>\n\t\t\t\t<div role=\"region\" aria-labelledby=\"e-n-accordion-item-1083\" class=\"elementor-element elementor-element-0f421d8 e-con-full e-flex e-con e-child\" data-id=\"0f421d8\" data-element_type=\"container\">\n\t\t\t\t<div class=\"elementor-element elementor-element-f71324c elementor-widget__width-initial elementor-widget elementor-widget-text-editor\" data-id=\"f71324c\" data-element_type=\"widget\" data-widget_type=\"text-editor.default\">\n\t\t\t\t\t\t\t\t\t<p>Silvestrovanje na Jahorini zdru\u017euje zimsko \u010darovnijo, \u0161portne aktivnosti in vrhunsko zabavo. Ne glede na to, ali i\u0161\u010dete luksuzno namestitev, pustolovske aktivnosti ali spro\u0161\u010dujo\u010de bivanje v naravi, ima Jahorina vse, kar potrebujete.<\/p>\t\t\t\t\t\t\t\t<\/div>\n\t\t\t\t<\/div>\n\t\t\t\t\t<\/details>\n\t\t\t\t\t<\/div>\n\t\t\t\t\t\t<\/div>\n\t\t\t\t<\/div>\n\t\t<div class=\"elementor-element elementor-element-7c44126 e-con-full e-flex e-con e-child\" data-id=\"7c44126\" data-element_type=\"container\">\n\t\t\t\t<div class=\"elementor-element elementor-element-5b562f9 elementor-invisible elementor-widget elementor-widget-image\" data-id=\"5b562f9\" data-element_type=\"widget\" data-settings=\"{&quot;_animation&quot;:&quot;opal-move-left&quot;}\" data-widget_type=\"image.default\">\n\t\t\t\t\t<div class=\"antra-wrapper-image-widget\" data-cursor=\"-opaque\">\t\t\t\t\t\t\t\t\t\t<img loading=\"lazy\" decoding=\"async\" width=\"1920\" height=\"2560\" src=\"https:\/\/apartments-jahorina.com\/wp-content\/uploads\/2025\/11\/IMG_6802-scaled.jpg\" class=\"attachment-full size-full wp-image-10910\" alt=\"\" srcset=\"https:\/\/apartments-jahorina.com\/wp-content\/uploads\/2025\/11\/IMG_6802-scaled.jpg 1920w, https:\/\/apartments-jahorina.com\/wp-content\/uploads\/2025\/11\/IMG_6802-225x300.jpg 225w, https:\/\/apartments-jahorina.com\/wp-content\/uploads\/2025\/11\/IMG_6802-768x1024.jpg 768w, https:\/\/apartments-jahorina.com\/wp-content\/uploads\/2025\/11\/IMG_6802-1152x1536.jpg 1152w, https:\/\/apartments-jahorina.com\/wp-content\/uploads\/2025\/11\/IMG_6802-1536x2048.jpg 1536w, https:\/\/apartments-jahorina.com\/wp-content\/uploads\/2025\/11\/IMG_6802-472x629.jpg 472w, https:\/\/apartments-jahorina.com\/wp-content\/uploads\/2025\/11\/IMG_6802-1000x1333.jpg 1000w\" sizes=\"(max-width: 1920px) 100vw, 1920px\" \/>\t\t\t\t\t\t\t\t\t\t\t<\/div>\t\t\t\t<\/div>\n\t\t\t\t<\/div>\n\t\t\t\t<\/div>\n\t\t\t\t\t<\/div>\n\t\t\t\t<\/div>\n\t\t\t\t<\/div>\n\t\t","protected":false},"excerpt":{"rendered":"<p>Novo leto na Jahorini HomeNovo leto na Jahorini Silvestrovanje na Jahorini \u2013 podroben vodnik za popolne zimske po\u010ditnice Silvestrovanje na Jahorini &#8211; Popolna destinacija za zimsko silvestrovanje. Jahorina je eno najbolj priljubljenih smu\u010di\u0161\u010d v regiji, silvestrovo na tej olimpijski lepotici pa vsem obiskovalcem ponuja nepozabno do\u017eivetje. Z vrhunsko ponudbo namestitev, zabavnih dogodkov in zimskih aktivnosti [&hellip;]<\/p>\n","protected":false},"author":1,"featured_media":0,"parent":0,"menu_order":0,"comment_status":"closed","ping_status":"closed","template":"","meta":{"footnotes":""},"class_list":["post-10053","page","type-page","status-publish","hentry"],"yoast_head":"<!-- This site is optimized with the Yoast SEO plugin v26.4 - https:\/\/yoast.com\/wordpress\/plugins\/seo\/ -->\n<title>Novo leto na Jahorini - BESTBLICK Apartments Jahorina<\/title>\n<meta name=\"robots\" content=\"index, follow, max-snippet:-1, max-image-preview:large, max-video-preview:-1\" \/>\n<link rel=\"canonical\" href=\"https:\/\/apartments-jahorina.com\/sl\/novo-leto-na-jahorini\/\" \/>\n<meta property=\"og:locale\" content=\"sl_SI\" \/>\n<meta property=\"og:type\" content=\"article\" \/>\n<meta property=\"og:title\" content=\"Novo leto na Jahorini - BESTBLICK Apartments Jahorina\" \/>\n<meta property=\"og:description\" content=\"Novo leto na Jahorini HomeNovo leto na Jahorini Silvestrovanje na Jahorini \u2013 podroben vodnik za popolne zimske po\u010ditnice Silvestrovanje na Jahorini &#8211; Popolna destinacija za zimsko silvestrovanje. Jahorina je eno najbolj priljubljenih smu\u010di\u0161\u010d v regiji, silvestrovo na tej olimpijski lepotici pa vsem obiskovalcem ponuja nepozabno do\u017eivetje. Z vrhunsko ponudbo namestitev, zabavnih dogodkov in zimskih aktivnosti [&hellip;]\" \/>\n<meta property=\"og:url\" content=\"https:\/\/apartments-jahorina.com\/sl\/novo-leto-na-jahorini\/\" \/>\n<meta property=\"og:site_name\" content=\"BESTBLICK Apartments Jahorina\" \/>\n<meta property=\"article:modified_time\" content=\"2025-12-02T21:36:45+00:00\" \/>\n<meta property=\"og:image\" content=\"http:\/\/apartments-jahorina.com\/wp-content\/uploads\/2025\/11\/IMG_6802-scaled.jpg\" \/>\n<meta name=\"twitter:card\" content=\"summary_large_image\" \/>\n<meta name=\"twitter:label1\" content=\"Est. reading time\" \/>\n\t<meta name=\"twitter:data1\" content=\"3 minute\" \/>\n<script type=\"application\/ld+json\" class=\"yoast-schema-graph\">{\"@context\":\"https:\/\/schema.org\",\"@graph\":[{\"@type\":\"WebPage\",\"@id\":\"https:\/\/apartments-jahorina.com\/sl\/novo-leto-na-jahorini\/\",\"url\":\"https:\/\/apartments-jahorina.com\/sl\/novo-leto-na-jahorini\/\",\"name\":\"Novo leto na Jahorini - BESTBLICK Apartments Jahorina\",\"isPartOf\":{\"@id\":\"https:\/\/apartments-jahorina.com\/#website\"},\"primaryImageOfPage\":{\"@id\":\"https:\/\/apartments-jahorina.com\/sl\/novo-leto-na-jahorini\/#primaryimage\"},\"image\":{\"@id\":\"https:\/\/apartments-jahorina.com\/sl\/novo-leto-na-jahorini\/#primaryimage\"},\"thumbnailUrl\":\"http:\/\/apartments-jahorina.com\/wp-content\/uploads\/2025\/11\/IMG_6802-scaled.jpg\",\"datePublished\":\"2025-11-30T18:18:56+00:00\",\"dateModified\":\"2025-12-02T21:36:45+00:00\",\"breadcrumb\":{\"@id\":\"https:\/\/apartments-jahorina.com\/sl\/novo-leto-na-jahorini\/#breadcrumb\"},\"inLanguage\":\"sl-SI\",\"potentialAction\":[{\"@type\":\"ReadAction\",\"target\":[\"https:\/\/apartments-jahorina.com\/sl\/novo-leto-na-jahorini\/\"]}]},{\"@type\":\"ImageObject\",\"inLanguage\":\"sl-SI\",\"@id\":\"https:\/\/apartments-jahorina.com\/sl\/novo-leto-na-jahorini\/#primaryimage\",\"url\":\"http:\/\/apartments-jahorina.com\/wp-content\/uploads\/2025\/11\/IMG_6802-scaled.jpg\",\"contentUrl\":\"http:\/\/apartments-jahorina.com\/wp-content\/uploads\/2025\/11\/IMG_6802-scaled.jpg\"},{\"@type\":\"BreadcrumbList\",\"@id\":\"https:\/\/apartments-jahorina.com\/sl\/novo-leto-na-jahorini\/#breadcrumb\",\"itemListElement\":[{\"@type\":\"ListItem\",\"position\":1,\"name\":\"Home\",\"item\":\"https:\/\/apartments-jahorina.com\/sl\/\"},{\"@type\":\"ListItem\",\"position\":2,\"name\":\"Novo leto na Jahorini\"}]},{\"@type\":\"WebSite\",\"@id\":\"https:\/\/apartments-jahorina.com\/#website\",\"url\":\"https:\/\/apartments-jahorina.com\/\",\"name\":\"BESTBLICK Apartments Jahorina\",\"description\":\"Moderni apartmani s pogledom na ski-stazu\",\"potentialAction\":[{\"@type\":\"SearchAction\",\"target\":{\"@type\":\"EntryPoint\",\"urlTemplate\":\"https:\/\/apartments-jahorina.com\/?s={search_term_string}\"},\"query-input\":{\"@type\":\"PropertyValueSpecification\",\"valueRequired\":true,\"valueName\":\"search_term_string\"}}],\"inLanguage\":\"sl-SI\"}]}<\/script>\n<!-- \/ Yoast SEO plugin. -->","yoast_head_json":{"title":"Novo leto na Jahorini - BESTBLICK Apartments Jahorina","robots":{"index":"index","follow":"follow","max-snippet":"max-snippet:-1","max-image-preview":"max-image-preview:large","max-video-preview":"max-video-preview:-1"},"canonical":"https:\/\/apartments-jahorina.com\/sl\/novo-leto-na-jahorini\/","og_locale":"sl_SI","og_type":"article","og_title":"Novo leto na Jahorini - BESTBLICK Apartments Jahorina","og_description":"Novo leto na Jahorini HomeNovo leto na Jahorini Silvestrovanje na Jahorini \u2013 podroben vodnik za popolne zimske po\u010ditnice Silvestrovanje na Jahorini &#8211; Popolna destinacija za zimsko silvestrovanje. Jahorina je eno najbolj priljubljenih smu\u010di\u0161\u010d v regiji, silvestrovo na tej olimpijski lepotici pa vsem obiskovalcem ponuja nepozabno do\u017eivetje. Z vrhunsko ponudbo namestitev, zabavnih dogodkov in zimskih aktivnosti [&hellip;]","og_url":"https:\/\/apartments-jahorina.com\/sl\/novo-leto-na-jahorini\/","og_site_name":"BESTBLICK Apartments Jahorina","article_modified_time":"2025-12-02T21:36:45+00:00","og_image":[{"url":"http:\/\/apartments-jahorina.com\/wp-content\/uploads\/2025\/11\/IMG_6802-scaled.jpg","type":"","width":"","height":""}],"twitter_card":"summary_large_image","twitter_misc":{"Est. reading time":"3 minute"},"schema":{"@context":"https:\/\/schema.org","@graph":[{"@type":"WebPage","@id":"https:\/\/apartments-jahorina.com\/sl\/novo-leto-na-jahorini\/","url":"https:\/\/apartments-jahorina.com\/sl\/novo-leto-na-jahorini\/","name":"Novo leto na Jahorini - BESTBLICK Apartments Jahorina","isPartOf":{"@id":"https:\/\/apartments-jahorina.com\/#website"},"primaryImageOfPage":{"@id":"https:\/\/apartments-jahorina.com\/sl\/novo-leto-na-jahorini\/#primaryimage"},"image":{"@id":"https:\/\/apartments-jahorina.com\/sl\/novo-leto-na-jahorini\/#primaryimage"},"thumbnailUrl":"http:\/\/apartments-jahorina.com\/wp-content\/uploads\/2025\/11\/IMG_6802-scaled.jpg","datePublished":"2025-11-30T18:18:56+00:00","dateModified":"2025-12-02T21:36:45+00:00","breadcrumb":{"@id":"https:\/\/apartments-jahorina.com\/sl\/novo-leto-na-jahorini\/#breadcrumb"},"inLanguage":"sl-SI","potentialAction":[{"@type":"ReadAction","target":["https:\/\/apartments-jahorina.com\/sl\/novo-leto-na-jahorini\/"]}]},{"@type":"ImageObject","inLanguage":"sl-SI","@id":"https:\/\/apartments-jahorina.com\/sl\/novo-leto-na-jahorini\/#primaryimage","url":"http:\/\/apartments-jahorina.com\/wp-content\/uploads\/2025\/11\/IMG_6802-scaled.jpg","contentUrl":"http:\/\/apartments-jahorina.com\/wp-content\/uploads\/2025\/11\/IMG_6802-scaled.jpg"},{"@type":"BreadcrumbList","@id":"https:\/\/apartments-jahorina.com\/sl\/novo-leto-na-jahorini\/#breadcrumb","itemListElement":[{"@type":"ListItem","position":1,"name":"Home","item":"https:\/\/apartments-jahorina.com\/sl\/"},{"@type":"ListItem","position":2,"name":"Novo leto na Jahorini"}]},{"@type":"WebSite","@id":"https:\/\/apartments-jahorina.com\/#website","url":"https:\/\/apartments-jahorina.com\/","name":"BESTBLICK Apartments Jahorina","description":"Moderni apartmani s pogledom na ski-stazu","potentialAction":[{"@type":"SearchAction","target":{"@type":"EntryPoint","urlTemplate":"https:\/\/apartments-jahorina.com\/?s={search_term_string}"},"query-input":{"@type":"PropertyValueSpecification","valueRequired":true,"valueName":"search_term_string"}}],"inLanguage":"sl-SI"}]}},"_links":{"self":[{"href":"https:\/\/apartments-jahorina.com\/sl\/wp-json\/wp\/v2\/pages\/10053","targetHints":{"allow":["GET"]}}],"collection":[{"href":"https:\/\/apartments-jahorina.com\/sl\/wp-json\/wp\/v2\/pages"}],"about":[{"href":"https:\/\/apartments-jahorina.com\/sl\/wp-json\/wp\/v2\/types\/page"}],"author":[{"embeddable":true,"href":"https:\/\/apartments-jahorina.com\/sl\/wp-json\/wp\/v2\/users\/1"}],"replies":[{"embeddable":true,"href":"https:\/\/apartments-jahorina.com\/sl\/wp-json\/wp\/v2\/comments?post=10053"}],"version-history":[{"count":7,"href":"https:\/\/apartments-jahorina.com\/sl\/wp-json\/wp\/v2\/pages\/10053\/revisions"}],"predecessor-version":[{"id":11419,"href":"https:\/\/apartments-jahorina.com\/sl\/wp-json\/wp\/v2\/pages\/10053\/revisions\/11419"}],"wp:attachment":[{"href":"https:\/\/apartments-jahorina.com\/sl\/wp-json\/wp\/v2\/media?parent=10053"}],"curies":[{"name":"wp","href":"https:\/\/api.w.org\/{rel}","templated":true}]}}